{"id":5857,"date":"2025-01-03T07:55:46","date_gmt":"2025-01-03T07:55:46","guid":{"rendered":"https:\/\/casinovape.de\/?post_type=product&#038;p=5857"},"modified":"2025-06-29T07:22:15","modified_gmt":"2025-06-29T07:22:15","slug":"request-failed-with-status-code-551","status":"publish","type":"product","link":"https:\/\/casinovape.de\/pl\/produkt\/request-failed-with-status-code-551\/","title":{"rendered":"Europejski Magazyn Arymi Hookalit 40000 Puff\u00f3w Nisk\u0105 Zawarto\u015b\u0107 Nikotyny Oryginalna Autentyczna \u0141adowalna Jednorazowa Waporyzator Pen"},"content":{"rendered":"<div style=\"width: 1020px;\" class=\"wp-video\"><!--[if lt IE 9]><script>document.createElement('video');<\/script><![endif]-->\n<video class=\"wp-video-shortcode\" id=\"video-5857-1\" width=\"1020\" height=\"574\" preload=\"metadata\" controls=\"controls\"><source type=\"video\/mp4\" src=\"https:\/\/casinovape.de\/wp-content\/uploads\/2024\/12\/arymi-hookalit-40000-\u89c6\u9891.mp4?_=1\" \/><a href=\"https:\/\/casinovape.de\/wp-content\/uploads\/2024\/12\/arymi-hookalit-40000-\u89c6\u9891.mp4\">https:\/\/casinovape.de\/wp-content\/uploads\/2024\/12\/arymi-hookalit-40000-\u89c6\u9891.mp4<\/a><\/video><\/div>\n<h2><a href=\"https:\/\/casinovape.de\/pl\/kategoria-produktu\/jednorazowe-waporyzatory-arymi-hookalit\/\">Arymi Hookalit 40000 Puffs<\/a> Jednoraz\u00f3wka Vape: Bezr\u00f3wnana Jako\u015b\u0107 i Wydajno\u015b\u0107<\/h2>\n<p>Je\u015bli chodzi o jednorazowe vape'y, to <strong>Arymi Hookalit 40 000 Puffs<\/strong> Wyr\u00f3\u017cnia si\u0119 jako najlepszy wyb\u00f3r dla waper\u00f3w szukaj\u0105cych d\u0142ugotrwa\u0142ej wydajno\u015bci, bogatych smak\u00f3w i niezr\u00f3wnanego komfortu. Niezale\u017cnie od tego, czy jeste\u015b indywidualnym waperem, czy sprzedawc\u0105 szukaj\u0105cym najlepszych produkt\u00f3w do uzupe\u0142nienia oferty, Arymi Hookalit oferuje wszystko, czego mo\u017cesz chcie\u0107 w jednorazowej vape. Z imponuj\u0105cymi 40 000 zaci\u0105gni\u0119\u0107 na urz\u0105dzenie, akumulatorem, kt\u00f3ry mo\u017cna \u0142adowa\u0107, oraz r\u00f3\u017cnorodno\u015bci\u0105 pysznych smak\u00f3w, produkt ten zosta\u0142 stworzony dla wymagaj\u0105cych u\u017cytkownik\u00f3w.<\/p>\n<p>W <strong>casinovape.de<\/strong>, najwi\u0119ksza niemiecka platforma internetowa sprzedaj\u0105ca jednorazowe waporyzatory, jeste\u015bmy dumni z oferowania produkt\u00f3w najwy\u017cszej jako\u015bci, takich jak Arymi Hookalit 40 000 Puffs, kt\u00f3ry jest idealnym uzupe\u0142nieniem ka\u017cdej kolekcji waporyzator\u00f3w. Je\u015bli szukasz miejsca, gdzie mo\u017cesz kupi\u0107 jednorazowe waporyzatory w Niemczech, trafi\u0142e\u015b we w\u0142a\u015bciwe miejsce!<\/p>\n<h3>G\u0142\u00f3wne cechy <a href=\"https:\/\/casinovape.de\/pl\/kategoria-produktu\/jednorazowe-waporyzatory-arymi-hookalit\/\">Arymi Hookalit 40 000 Puffs<\/a><\/h3>\n<ul>\n<li><strong>Masywna liczba p\u0105czk\u00f3w<\/strong>Jedn\u0105 z najbardziej imponuj\u0105cych cech Arymi Hookalit jest jego niesamowite 40 000 zaci\u0105gni\u0119\u0107 na urz\u0105dzenie, zapewniaj\u0105ce przed\u0142u\u017cone do\u015bwiadczenie wapowania, kt\u00f3re znacznie przewy\u017csza wi\u0119kszo\u015b\u0107 innych jednorazowych waporyzator\u00f3w. \u017begnaj cz\u0119stymi wymianami i witaj op\u0142acaln\u0105, ci\u0105g\u0142\u0105 przyjemno\u015bci\u0105.<\/li>\n<li><strong>Du\u017cy 40ml Prefilled Pod<\/strong>: Arymi Hookalit jest wst\u0119pnie nape\u0142niony 40 ml e-p\u0142ynu, co gwarantuje, \u017ce nie b\u0119dziesz musia\u0142 cz\u0119sto go uzupe\u0142nia\u0107. Niezale\u017cnie od tego, czy jeste\u015b okazjonalnym, czy regularnym u\u017cytkownikiem waporyzatora, ta du\u017ca pojemno\u015b\u0107 pojemnika zapewnia godziny nieprzerwanego u\u017cytkowania.<\/li>\n<li><strong>Bateria 1300mAh na\u0142adowywalna<\/strong>: Zapomnij o wyczerpaniu si\u0119 baterii w po\u0142owie dnia. Arymi Hookalit wyposa\u017cony jest w pot\u0119\u017cn\u0105, \u0142adowaln\u0105 bateri\u0119 o pojemno\u015bci 1300mAh, kt\u00f3ra gwarantuje sta\u0142\u0105 wydajno\u015b\u0107. Na\u0142aduj j\u0105 w razie potrzeby i kontynuuj wapowanie bez przerwy.<\/li>\n<li><strong>Technologia podw\u00f3jnej cewki siatkowej<\/strong>: Wyposa\u017cony w podw\u00f3jn\u0105 siatk\u0119 o oporno\u015bci 0,6 oma, urz\u0105dzenie poprawia wytwarzanie smaku i tworzy g\u0119ste chmury pary. Ta zaawansowana technologia cewki zapewnia g\u0142adsze, bogatsze smaki przy ka\u017cdym zaci\u0105gni\u0119ciu, przenosz\u0105c Twoje do\u015bwiadczenie z wapowania na nowy poziom.<\/li>\n<li><strong>Opcje mocy nikotyny<\/strong>Dla os\u00f3b szukaj\u0105cych \u0142agodnego uderzenia nikotyny, Arymi Hookalit oferuje st\u0119\u017cenie nikotyny wynosz\u0105ce 0,3% (20mg). Zapewnia zadowalaj\u0105ce uderzenie w gard\u0142o bez przyt\u0142aczania u\u017cytkownika, idealne dla os\u00f3b przechodz\u0105cych z papieros\u00f3w lub szukaj\u0105cych bardziej \u0142agodnego do\u015bwiadczenia.<\/li>\n<li><strong>Funkcja Aktywowana Rysunkiem<\/strong>: Obs\u0142uga urz\u0105dzenia Arymi Hookalit jest niezwykle prosta. Wystarczy wci\u0105gn\u0105\u0107 powietrze, a urz\u0105dzenie automatycznie aktywuje si\u0119, wytwarzaj\u0105c g\u0142adki, ci\u0105g\u0142y par. Nie ma potrzeby naciska\u0107 przycisk\u00f3w lub martwi\u0107 si\u0119 skomplikowanymi ustawieniami, co sprawia, \u017ce jest to idealne rozwi\u0105zanie dla u\u017cytkownik\u00f3w na ka\u017cdym poziomie do\u015bwiadczenia.<\/li>\n<li><strong>Opcje zakupu hurtowego<\/strong>Arymi Hookalit to r\u00f3wnie\u017c \u015bwietny wyb\u00f3r dla sprzedawc\u00f3w detalicznych. Dzi\u0119ki konkurencyjnym cenom hurtowym mo\u017cesz zaopatrzy\u0107 si\u0119 w ten wysokowydajny jednorazowy waporyzator po niedrogich stawkach i zaoferowa\u0107 swoim klientom premiumowe do\u015bwiadczenie wapowania.<\/li>\n<\/ul>\n<h3>Dlaczego wybra\u0107 <a href=\"https:\/\/casinovape.de\/pl\/kategoria-produktu\/jednorazowe-waporyzatory-arymi-hookalit\/\">Arymi Hookalit 40 000 Puffs<\/a>?<\/h3>\n<p>Arymi Hookalit 40,000 Puffs to nie tylko kolejna jednorazowa e-papieros; to produkt, kt\u00f3ry zapewnia wyj\u0105tkow\u0105 warto\u015b\u0107 i wydajno\u015b\u0107. Niezale\u017cnie od tego, czy jeste\u015b indywidualnym u\u017cytkownikiem, czy sprzedawc\u0105 szukaj\u0105cym najlepszych e-papieros\u00f3w do sprzeda\u017cy, oto dlaczego Arymi Hookalit powinien by\u0107 Twoim pierwszym wyborem:<\/p>\n<ul>\n<li><strong>Trwa\u0142e i op\u0142acalne<\/strong>: Przy 40 000 zaci\u0105gni\u0119\u0107 na jednostk\u0119 i akumulatorze, kt\u00f3ry mo\u017cna \u0142adowa\u0107, mo\u017cesz uzyska\u0107 znacznie wi\u0119cej z Arymi Hookalit w por\u00f3wnaniu z typowymi jednorazowymi waporyzatorami.  To d\u0142ugoterminowa inwestycja, kt\u00f3ra zmniejsza k\u0142opotliwe ci\u0105g\u0142e wymiany i uzupe\u0142nianie.<\/li>\n<li><strong>Niezawarto\u015bci Jako\u015b\u0107<\/strong>: Arymi Hookalit jest produkowany wed\u0142ug najwy\u017cszych standard\u00f3w jako\u015bci, gwarantuj\u0105c, \u017ce ka\u017cda jednostka zapewnia sta\u0142e do\u015bwiadczenie wapowania. Ka\u017cde urz\u0105dzenie jest starannie wykonane, aby zapewni\u0107 niezawodn\u0105 wydajno\u015b\u0107, poff po poffie.<\/li>\n<li><strong>Wygoda i wszechstronno\u015b\u0107<\/strong>Dzi\u0119ki du\u017cej pojemno\u015bci e-liquidu, akumulatorowi, kt\u00f3ry mo\u017cna \u0142adowa\u0107 ponownie, oraz funkcji aktywowanej przez zaci\u0105gni\u0119cie, Arymi Hookalit jest uosobieniem wygody.  Jest idealnym wyborem dla os\u00f3b, kt\u00f3re preferuj\u0105 \u0142atwe i przyjazne dla u\u017cytkownika do\u015bwiadczenie z wapowaniem.<\/li>\n<li><strong>Doskona\u0142y wyb\u00f3r smak\u00f3w<\/strong>Jedn\u0105 z najlepszych cech Arymi Hookalit jest jego szeroka gama smak\u00f3w, oferuj\u0105ca co\u015b dla ka\u017cdego. Od owocowych mieszanek po orze\u017awiaj\u0105ce mi\u0119towe smaki, istnieje profil smakowy dla ka\u017cdego vaper'a.<\/li>\n<li><strong>Idealne dla zakup\u00f3w hurtowych<\/strong>: Dzi\u0119ki dost\u0119pno\u015bci opcji zakupu hurtowego, detali\u015bci mog\u0105 zaopatrywa\u0107 si\u0119 w ten najwy\u017cszej jako\u015bci jednorazowy waporyzator po przyst\u0119pnych cenach, co pomaga zwi\u0119kszy\u0107 mar\u017ce zysku, jednocze\u015bnie oferuj\u0105c klientom premiumowe do\u015bwiadczenie z wapowania.<\/li>\n<\/ul>\n<p><img loading=\"lazy\" decoding=\"async\" class=\"alignnone wp-image-4826 size-full\" src=\"https:\/\/casinovape.de\/wp-content\/uploads\/2024\/12\/arymi-hookalit-40000-1-1.webp\" alt=\"Europejski Magazyn Arymi Hookalit 40000 Puff\u00f3w Nisk\u0105 Zawarto\u015b\u0107 Nikotyny Oryginalna Autentyczna \u0141adowalna Jednorazowa Waporyzator Pen \" width=\"2000\" height=\"2000\" srcset=\"https:\/\/casinovape.de\/wp-content\/uploads\/2024\/12\/arymi-hookalit-40000-1-1.webp 2000w, https:\/\/casinovape.de\/wp-content\/uploads\/2024\/12\/arymi-hookalit-40000-1-1-300x300.webp 300w, https:\/\/casinovape.de\/wp-content\/uploads\/2024\/12\/arymi-hookalit-40000-1-1-1024x1024.webp 1024w, https:\/\/casinovape.de\/wp-content\/uploads\/2024\/12\/arymi-hookalit-40000-1-1-150x150.webp 150w, https:\/\/casinovape.de\/wp-content\/uploads\/2024\/12\/arymi-hookalit-40000-1-1-768x768.webp 768w, https:\/\/casinovape.de\/wp-content\/uploads\/2024\/12\/arymi-hookalit-40000-1-1-1536x1536.webp 1536w, https:\/\/casinovape.de\/wp-content\/uploads\/2024\/12\/arymi-hookalit-40000-1-1-12x12.webp 12w, https:\/\/casinovape.de\/wp-content\/uploads\/2024\/12\/arymi-hookalit-40000-1-1-600x600.webp 600w, https:\/\/casinovape.de\/wp-content\/uploads\/2024\/12\/arymi-hookalit-40000-1-1-100x100.webp 100w\" sizes=\"auto, (max-width: 2000px) 100vw, 2000px\" \/><\/p>\n<h3>Dost\u0119pne Smaki <a href=\"https:\/\/casinovape.de\/pl\/kategoria-produktu\/jednorazowe-waporyzatory-arymi-hookalit\/\">Arymi Hookalit 40 000 Puffs<\/a><\/h3>\n<p>Arymi Hookalit 40,000 Puffs dost\u0119pny jest w r\u00f3\u017cnych ekscytuj\u0105cych i pysznych smakach, zaprojektowanych tak, aby zaspokoi\u0107 r\u00f3\u017cnorodne gusta. Niezale\u017cnie od tego, czy preferujesz owocowe, mi\u0119towe czy s\u0142odkie profile, z pewno\u015bci\u0105 znajdziesz idealn\u0105 opcj\u0119 dla swoich potrzeb zwi\u0105zanych z wapowaniem.<\/p>\n<p>Oto zestawienie niekt\u00f3rych z najpopularniejszych dost\u0119pnych smak\u00f3w:<\/p>\n<ul>\n<li><strong>Truskawkowy Kiwi &amp; Arbuz Truskawkowy Melon<\/strong>: Rozkoszne po\u0142\u0105czenie soczystych truskawek, kwa\u015bnego kiwi i orze\u017awiaj\u0105cego arbuza, zapewniaj\u0105ce s\u0142odk\u0105 i kwa\u015bn\u0105 eksplozj\u0119 smak\u00f3w. Idealne dla ka\u017cdego, kto szuka owocowego, satysfakcjonuj\u0105cego wapowania.<\/li>\n<li><strong>Sok Winogronowy &amp; Sok Z Czarnog\u00f3rnika<\/strong>: Odwa\u017cne, s\u0142odkie winogrona w po\u0142\u0105czeniu z kwaskowo\u015bci\u0105 czarnej porzeczki, zako\u0144czone ch\u0142odz\u0105cym mentolowym kopni\u0119ciem. Ta orze\u017awiaj\u0105ca vape oferuje g\u0142adkie, lodowate wyko\u0144czenie przy ka\u017cdym zaci\u0105gni\u0119ciu.<\/li>\n<li><strong>Mieszane Jagody &amp; Bor\u00f3wka Malina<\/strong>Mieszanka s\u0142odkich jag\u00f3d, w tym kwa\u015bnych bor\u00f3wek i malin, tworz\u0105ca idealnie zr\u00f3wnowa\u017cony owocowy profil smakowy. Idealna dla mi\u0142o\u015bnik\u00f3w jag\u00f3d, kt\u00f3rzy lubi\u0105 warstwowe i z\u0142o\u017cone smaki.<\/li>\n<li><strong>Mango Freeze &amp; Cherry Raspberry<\/strong>: Tropikalna mieszanka s\u0142odkiej mango, kwa\u015bnych wi\u015bni i orze\u017awiaj\u0105cych malin, uzupe\u0142niona ch\u0142odz\u0105cym, lodowatym doznaniem. Idealna dla os\u00f3b szukaj\u0105cych owocowego vape'u z ch\u0142odnym akcentem.<\/li>\n<li><strong>Lush L\u00f3d &amp; Mi\u0119ta Cytrynowa<\/strong>Od\u015bwie\u017caj\u0105ca mieszanka arbuza i mentolu, po\u0142\u0105czona z cytrynowym smakiem cytryny i mi\u0119ty. Ta kombinacja zapewnia ch\u0142odne, cytrusowe i od\u015bwie\u017caj\u0105ce do\u015bwiadczenie wapowania.<\/li>\n<li><strong>Bor\u00f3wka Mi\u0119ta &amp; Brzoskwinia Mango Arbuz<\/strong>Mieszanka jag\u00f3d i mi\u0119ty, z owocami tropikalnymi takimi jak brzoskwinia, mango i arbuz. Rezultatem jest g\u0142adki i satysfakcjonuj\u0105cy waporyzator, kt\u00f3ry \u0142\u0105czy owocowe i orze\u017awiaj\u0105ce elementy.<\/li>\n<li><strong>Gumowy smak i dwoje jab\u0142kowej shisha<\/strong>Dla nostalgicznego do\u015bwiadczenia wapowania, ten smak \u0142\u0105czy s\u0142odk\u0105 gum\u0119 balonow\u0105 z autentycznym smakiem dw\u00f3ch sziszy jab\u0142kowych. To idealna r\u00f3wnowaga owocowej s\u0142odyczy i zabawnego twistu.<\/li>\n<li><strong>Wi\u015bnia Mi\u0119ta &amp; Brzoskwinia L\u00f3d<\/strong>Smak kwa\u015bnej wi\u015bni w po\u0142\u0105czeniu z ch\u0142odz\u0105cym mi\u0119t\u0105 i orze\u017awiaj\u0105cym lodowatym finiszem brzoskwiniowym. Ta owocowa, lodowata mieszanka jest idealna dla waporyzuj\u0105cych szukaj\u0105cych ch\u0142odnego, owocowego dymu.<\/li>\n<li><strong>S\u0142odka Marakuja &amp; Blue Razz Lemonada<\/strong>: Tropikalna mieszanka passion fruit i kwa\u015bnego lemoniady z malin\u0105 b\u0142\u0119kitn\u0105, zapewniaj\u0105ca odwa\u017cne i s\u0142odkie do\u015bwiadczenie wapowania, egzotyczne i orze\u017awiaj\u0105ce.<\/li>\n<li><strong>Truskawkowy Puncher &amp; Bor\u00f3wkowy Gumowy Balon<\/strong>S\u0142odziakowe truskawki zmieszane z nostalgicznym smakiem bor\u00f3wkowego gumy do \u017cucia. To zabawny, cukierkowy smak idealny dla mi\u0142o\u015bnik\u00f3w s\u0142odko\u015bci w\u015br\u00f3d waporyzuj\u0105cych.<\/li>\n<\/ul>\n<h3>Dlaczego kupowa\u0107 od <a href=\"https:\/\/casinovape.de\/pl\/\">casinovape.de<\/a>?<\/h3>\n<p>W <strong>casinovape.de<\/strong>Zobowi\u0105zujemy si\u0119 do zapewnienia naszym klientom najlepszych jednorazowych waporyzator\u00f3w na rynku, w tym Arymi Hookalit 40 000 Puffs. Oto dlaczego wyr\u00f3\u017cniamy si\u0119:<\/p>\n<ul>\n<li><strong>Najwi\u0119kszy wyb\u00f3r w Niemczech<\/strong>: Jeste\u015bmy najwi\u0119ksz\u0105 niemieck\u0105 platform\u0105 handlow\u0105 online dla jednorazowych e-papieros\u00f3w, oferuj\u0105c\u0105 ogromny wyb\u00f3r wysokiej jako\u015bci waporyzator\u00f3w dla wszystkich gust\u00f3w.<\/li>\n<li><strong>Brak minimalnej ilo\u015bci zam\u00f3wienia<\/strong>: Niezale\u017cnie od tego, czy jeste\u015b ma\u0142ym przedsi\u0119biorstwem, czy du\u017cym sprzedawc\u0105 detalicznym, mo\u017cesz kupi\u0107 jedn\u0105 sztuk\u0119 lub naby\u0107 hurtowo.<\/li>\n<li><strong>Szybka i Niezawodna Wysy\u0142ka<\/strong>: Nasze produkty s\u0105 wysy\u0142ane bezpo\u015brednio z naszego europejskiego magazynu, co zapewnia szybk\u0105 dostaw\u0119 w ci\u0105gu 3-7 dni.<\/li>\n<li><strong>Wspania\u0142a Obs\u0142uga Klienta<\/strong>: Jeste\u015bmy dumni z oferowania bezproblemowego do\u015bwiadczenia zakupowego, od \u0142atwego zamawiania po szybk\u0105 dostaw\u0119 i dedykowane wsparcie klienta.<\/li>\n<li><strong>Bezpieczne opcje p\u0142atno\u015bci<\/strong>: Ciesz si\u0119 p\u0142ynnym i bezpiecznym procesem p\u0142atno\u015bci z wieloma opcjami p\u0142atno\u015bci, gwarantuj\u0105c, \u017ce Twoje do\u015bwiadczenie zakupowe b\u0119dzie bez zmartwie\u0144.<\/li>\n<\/ul>\n<p><img loading=\"lazy\" decoding=\"async\" class=\"alignnone wp-image-4825 size-full\" src=\"https:\/\/casinovape.de\/wp-content\/uploads\/2024\/12\/ARymi-40k-1.webp\" alt=\"Europejski Magazyn Arymi Hookalit 40000 Puff\u00f3w Nisk\u0105 Zawarto\u015b\u0107 Nikotyny Oryginalna Autentyczna \u0141adowalna Jednorazowa Waporyzator Pen \" width=\"2000\" height=\"2000\" srcset=\"https:\/\/casinovape.de\/wp-content\/uploads\/2024\/12\/ARymi-40k-1.webp 2000w, https:\/\/casinovape.de\/wp-content\/uploads\/2024\/12\/ARymi-40k-1-300x300.webp 300w, https:\/\/casinovape.de\/wp-content\/uploads\/2024\/12\/ARymi-40k-1-1024x1024.webp 1024w, https:\/\/casinovape.de\/wp-content\/uploads\/2024\/12\/ARymi-40k-1-150x150.webp 150w, https:\/\/casinovape.de\/wp-content\/uploads\/2024\/12\/ARymi-40k-1-768x768.webp 768w, https:\/\/casinovape.de\/wp-content\/uploads\/2024\/12\/ARymi-40k-1-1536x1536.webp 1536w, https:\/\/casinovape.de\/wp-content\/uploads\/2024\/12\/ARymi-40k-1-12x12.webp 12w, https:\/\/casinovape.de\/wp-content\/uploads\/2024\/12\/ARymi-40k-1-600x600.webp 600w, https:\/\/casinovape.de\/wp-content\/uploads\/2024\/12\/ARymi-40k-1-100x100.webp 100w\" sizes=\"auto, (max-width: 2000px) 100vw, 2000px\" \/><\/p>\n<p>Je\u015bli szukasz <strong>kup jednorazowe elektroniczne papierosy<\/strong> W Niemczech Arymi Hookalit 40,000 Puffs jest idealnym wyborem. Odwied\u017a <a href=\"https:\/\/casinovape.de\/pl\/\"><strong>casinovape.de<\/strong><\/a> dzi\u015b, aby przejrze\u0107 nasz\u0105 pe\u0142n\u0105 gam\u0119 premium jednorazowych waporyzator\u00f3w i z\u0142o\u017cy\u0107 zam\u00f3wienie z \u0142atwo\u015bci\u0105!<\/p>\n<h3>Wniosek<\/h3>\n<p>The \nnie wymaga t\u0142umaczenia <strong>Arymi Hookalit 40 000 Puffs<\/strong> jest rewolucj\u0105 w \u015bwiecie jednorazowych waporyzator\u00f3w. Dzi\u0119ki ogromnej liczbie zaci\u0105gni\u0119\u0107, premium jako\u015bci wykonania i szerokiemu zakresowi smak\u00f3w, oferuje najlepsze do\u015bwiadczenie wapowania zar\u00f3wno dla os\u00f3b prywatnych, jak i firm. Niezale\u017cnie od tego, czy chcesz kupi\u0107 do u\u017cytku osobistego, czy te\u017c zaopatrzy\u0107 sw\u00f3j sklep detaliczny, Arymi Hookalit zapewnia wszystko, czego potrzebujesz i wi\u0119cej. Nie przegap okazji - odkryj nasz\u0105 ofert\u0119 w<a href=\"https:\/\/casinovape.de\/pl\/\"> <strong>casinovape.de<\/strong><\/a> i odkryj r\u00f3\u017cnic\u0119 sam!<\/p>","protected":false},"excerpt":{"rendered":"<p>The \nnie wymaga t\u0142umaczenia <strong>Arymi Hookalit 40000 Puffs<\/strong> Jednorazowa e-Papierosa oferuje wyj\u0105tkow\u0105 wydajno\u015b\u0107 z 40 000 zaci\u0105gni\u0119\u0107, wst\u0119pnie nape\u0142niona kapsu\u0142\u0105 o pojemno\u015bci 40 ml, akumulator o pojemno\u015bci 1300 mAh, kt\u00f3ry mo\u017cna \u0142adowa\u0107 oraz r\u00f3\u017cnorodne pyszne smaki dla d\u0142ugotrwa\u0142ego i intensywnego do\u015bwiadczenia wapowania.<\/p>","protected":false},"featured_media":4782,"comment_status":"open","ping_status":"closed","template":"","meta":[],"product_brand":[],"product_cat":[38,78,79,80,81,82,84,86,87,88,89,90,91,92,93,94,96,98,99,65,66,67,68,69,70,71,72,73,74,75,76,77,57,100,45,48,50,51,52,54,55],"product_tag":[],"class_list":{"0":"post-5857","1":"product","2":"type-product","3":"status-publish","4":"has-post-thumbnail","6":"product_cat-arymi-hookalit-disposable-vapes","7":"product_cat-buy-best-disposable-vape-flavors","8":"product_cat-apple-flavor-disposable-vapes","9":"product_cat-blue-razz-flavor-disposable-vapes","10":"product_cat-blueberry-flavor-disposable-vapes","11":"product_cat-cherry-flavor-disposable-vapes","12":"product_cat-grape-flavor-disposable-vapes","13":"product_cat-ice-flavor-disposable-vapes","14":"product_cat-kiwi-flavor-disposable-vapes","15":"product_cat-lemon-flavor-disposable-vapes","16":"product_cat-lush-flavor-disposable-vapes","17":"product_cat-mango-flavor-disposable-vapes","18":"product_cat-mint-flavor-disposable-vapes","19":"product_cat-mixed-berries-flavor-disposable-vapes","20":"product_cat-passion-fruit-flavor-disposable-vapes","21":"product_cat-peach-flavor-disposable-vapes","22":"product_cat-raspberry-flavor-disposable-vapes","23":"product_cat-strawberry-flavor-disposable-vapes","24":"product_cat-watermelon-flavor-disposable-vapes","25":"product_cat-best-disposable-vape-in-europe","26":"product_cat-buy-disposable-vapes-in-austria","27":"product_cat-buy-disposable-vapes-in-belgium","28":"product_cat-buy-disposable-vapes-in-france","29":"product_cat-buy-disposable-vapes-in-germany","30":"product_cat-buy-disposable-vapes-in-italy","31":"product_cat-buy-disposable-vapes-in-netherlands","32":"product_cat-buy-disposable-vapes-in-norway","33":"product_cat-buy-disposable-vapes-in-poland","34":"product_cat-buy-disposable-vapes-in-portugal","35":"product_cat-buy-disposable-vapes-in-spain","36":"product_cat-buy-disposable-vapes-in-sweden","37":"product_cat-buy-disposable-vapes-in-switzerland","38":"product_cat-shop-disposable-vapes-by-puffs","39":"product_cat-40000-puff-disposable-vape","40":"product_cat-disposable-vape-types","41":"product_cat-big-puffs-disposable-vapes","42":"product_cat-digital-box-disposable-vapes","43":"product_cat-dual-mesh-disposable-vapes","44":"product_cat-lower-nicotine-disposable-vapes","45":"product_cat-rechargeable-disposable-vapes","46":"product_cat-shisha-hookah-disposable-vapes","48":"first","49":"outofstock","50":"shipping-taxable","51":"product-type-variable"},"jetpack_sharing_enabled":true,"_links":{"self":[{"href":"https:\/\/casinovape.de\/pl\/wp-json\/wp\/v2\/product\/5857","targetHints":{"allow":["GET"]}}],"collection":[{"href":"https:\/\/casinovape.de\/pl\/wp-json\/wp\/v2\/product"}],"about":[{"href":"https:\/\/casinovape.de\/pl\/wp-json\/wp\/v2\/types\/product"}],"replies":[{"embeddable":true,"href":"https:\/\/casinovape.de\/pl\/wp-json\/wp\/v2\/comments?post=5857"}],"wp:featuredmedia":[{"embeddable":true,"href":"https:\/\/casinovape.de\/pl\/wp-json\/wp\/v2\/media\/4782"}],"wp:attachment":[{"href":"https:\/\/casinovape.de\/pl\/wp-json\/wp\/v2\/media?parent=5857"}],"wp:term":[{"taxonomy":"product_brand","embeddable":true,"href":"https:\/\/casinovape.de\/pl\/wp-json\/wp\/v2\/product_brand?post=5857"},{"taxonomy":"product_cat","embeddable":true,"href":"https:\/\/casinovape.de\/pl\/wp-json\/wp\/v2\/product_cat?post=5857"},{"taxonomy":"product_tag","embeddable":true,"href":"https:\/\/casinovape.de\/pl\/wp-json\/wp\/v2\/product_tag?post=5857"}],"curies":[{"name":"wp","href":"https:\/\/api.w.org\/{rel}","templated":true}]}}