{"id":548,"date":"2024-09-29T07:58:38","date_gmt":"2024-09-29T07:58:38","guid":{"rendered":"https:\/\/casinovape.de\/?post_type=product&#038;p=548"},"modified":"2025-09-06T00:40:29","modified_gmt":"2025-09-06T00:40:29","slug":"europejski-magazyn-al-fakher-crown-bar-pro-8000-puffs-0-5-low-nikotin-buy-oryginalny-authentisch-akumulator-jednorazowe-vapes-pen","status":"publish","type":"product","link":"https:\/\/casinovape.de\/pl\/produkt\/europejski-magazyn-al-fakher-crown-bar-pro-8000-puffs-0-5-low-nikotin-buy-oryginalny-authentisch-akumulator-jednorazowe-vapes-pen\/","title":{"rendered":"Europejski Magazyn AL Fakher Crown Bar Pro 8000 Puff\u00f3w 0.5% Niski Nikotyna Kup oryginalne Autentyczne \u0141adowalne Jednorazowe Vape Pen"},"content":{"rendered":"<div class=\"flex-1 overflow-hidden\">\n<div class=\"h-full\">\n<div class=\"react-scroll-to-bottom--css-zitxy-79elbk h-full\">\n<div class=\"react-scroll-to-bottom--css-zitxy-1n7m0yu\">\n<div class=\"flex flex-col text-sm md:pb-9\">\n<article class=\"w-full text-token-text-primary focus-visible:outline-2 focus-visible:outline-offset-[-4px]\" dir=\"auto\" data-testid=\"conversation-turn-3\" data-scroll-anchor=\"true\">\n<div class=\"text-base py-[18px] px-3 md:px-4 m-auto w-full md:px-5 lg:px-4 xl:px-5\">\n<div class=\"mx-auto flex flex-1 gap-4 text-base md:gap-5 lg:gap-6 md:max-w-3xl lg:max-w-[40rem] xl:max-w-[48rem]\">\n<div class=\"group\/conversation-turn relative flex w-full min-w-0 flex-col agent-turn\">\n<div class=\"flex-col gap-1 md:gap-3\">\n<div class=\"flex max-w-full flex-col flex-grow\">\n<div class=\"min-h-8 text-message flex w-full flex-col items-end gap-2 whitespace-normal break-words [.text-message+&amp;]:mt-5\" dir=\"auto\" data-message-author-role=\"assistant\" data-message-id=\"405fd676-70c3-4059-95c5-4764994308c9\">\n<div class=\"flex w-full flex-col gap-1 empty:hidden first:pt-[3px]\">\n<div class=\"markdown prose w-full break-words dark:prose-invert light\">\n<h2><\/h2>\n<div style=\"width: 360px;\" class=\"wp-video\"><!--[if lt IE 9]><script>document.createElement('video');<\/script><![endif]-->\n<video class=\"wp-video-shortcode\" id=\"video-548-1\" width=\"360\" height=\"640\" preload=\"metadata\" controls=\"controls\"><source type=\"video\/mp4\" src=\"https:\/\/casinovape.de\/wp-content\/uploads\/2024\/09\/Al-Fakher-Crown-Bar-Big-Cloud-8000-PRO1.mp4?_=1\" \/><a href=\"https:\/\/casinovape.de\/wp-content\/uploads\/2024\/09\/Al-Fakher-Crown-Bar-Big-Cloud-8000-PRO1.mp4\">https:\/\/casinovape.de\/wp-content\/uploads\/2024\/09\/Al-Fakher-Crown-Bar-Big-Cloud-8000-PRO1.mp4<\/a><\/video><\/div>\n<h1><a href=\"https:\/\/casinovape.de\/pl\/\">Europejski Magazyn Vape<\/a> AL Fakher Crown Bar Pro 8000 Puffs \u2013 Najlepszy akumulatorowy <a href=\"https:\/\/casinovape.de\/pl\/\">Jednorazowa E-papieros<\/a><\/h1>\n<p><strong>Do\u015bwiadcz Wy\u017cszej Jako\u015bci Palenia z AL Fakher Crown Bar Pro 8000 Puffs<\/strong><\/p>\n<p>AL Fakher Crown Bar Pro 8000 Puffs zosta\u0142 zaprojektowany dla waporyzator\u00f3w, kt\u00f3rzy szukaj\u0105 trwa\u0142ego, aromatycznego i bezproblemowego do\u015bwiadczenia. Ten premiumowy jednorazowy waporyzator \u0142\u0105czy styl, technologi\u0119 i wygod\u0119 w jedno kompaktowe urz\u0105dzenie, kt\u00f3re jest idealne zar\u00f3wno dla pocz\u0105tkuj\u0105cych, jak i do\u015bwiadczonych waporyzator\u00f3w. Wyposa\u017cony w najnowocze\u015bniejsz\u0105 siatkow\u0105 cewk\u0119 i du\u017c\u0105 pojemno\u015b\u0107 18ml e-liquidu, AL Fakher Crown Bar Pro oferuje wyj\u0105tkowe 8000 zaci\u0105gni\u0119\u0107 na urz\u0105dzenie, zapewniaj\u0105c d\u0142ugotrwa\u0142e korzystanie i stale g\u0142adkie do\u015bwiadczenie wapowania. Niezale\u017cnie od tego, czy jeste\u015b w domu, czy w podr\u00f3\u017cy, ten jednorazowy waporyzator z mo\u017cliwo\u015bci\u0105 \u0142adowania jest zbudowany do dostarczania satysfakcjonuj\u0105cych hit\u00f3w z ka\u017cdym zaci\u0105gni\u0119ciem.<\/p>\n<p>W Casinovape, najwi\u0119kszej internetowej platformie handlowej dla jednorazowych waporyzator\u00f3w w Niemczech, specjalizujemy si\u0119 w dostarczaniu autentycznych produkt\u00f3w od czo\u0142owych marek, takich jak AL Fakher, Fizzy, OBEELAB HHC i SMPO DL02, bezpo\u015brednio naszym klientom z UE. Dzi\u0119ki szybkiej i niezawodnej wysy\u0142ce z naszego europejskiego magazynu, Tw\u00f3j AL Fakher Crown Bar Pro 8000 Puffs przyb\u0119dzie do Twoich drzwi w ci\u0105gu 3-7 dni, gotowy do u\u017cycia i w pe\u0142ni na\u0142adowany, zapewniaj\u0105c natychmiastow\u0105 satysfakcj\u0119 z wapowania.<\/p>\n<h2>Cechy produktu AL Fakher Crown Bar Pro 8000 Puffs<\/h2>\n<p>AL Fakher Crown Bar Pro zosta\u0142 zaprojektowany z wykorzystaniem najnowocze\u015bniejszych funkcji, co sprawia, \u017ce jest wyj\u0105tkowym wyborem w \u015bwiecie wielokrotnie \u0142adowalnych, jednorazowych waporyzator\u00f3w. Urz\u0105dzenie to zosta\u0142o stworzone, aby zapewni\u0107 wygodne, wysokowydajne i pe\u0142ne smaku do\u015bwiadczenie dla waporyzator\u00f3w o wszystkich preferencjach.<\/p>\n<ul>\n<li><strong>Wyj\u0105tkowa pojemno\u015b\u0107 baterii<\/strong><br \/>\nDzi\u0119ki pot\u0119\u017cnej baterii o pojemno\u015bci 600mAh, urz\u0105dzenie to obs\u0142uguje przed\u0142u\u017cone sesje wapowania. Port \u0142adowania typu C zapewnia szybkie i efektywne \u0142adowanie, umo\u017cliwiaj\u0105c u\u017cytkownikom szybkie do\u0142adowywanie i korzystanie bez przerwy.<\/li>\n<li><strong>Du\u017ca pojemno\u015b\u0107 e-p\u0142ynu<\/strong><br \/>\nKa\u017cde urz\u0105dzenie mie\u015bci 18 ml premium e-p\u0142ynu, zapewniaj\u0105c u\u017cytkownikom swobod\u0119 wapowania przez ca\u0142y dzie\u0144 bez ci\u0105g\u0142ego monitorowania poziomu e-p\u0142ynu.<\/li>\n<li><strong>Technologia Mesh Coil<\/strong><br \/>\nZaawansowana cewka siatkowa zapewnia p\u0142ynniejsz\u0105 produkcj\u0119 pary i pe\u0142niejsz\u0105 intensywno\u015b\u0107 smaku, zapewniaj\u0105c sp\u00f3jne, bogate do\u015bwiadczenie z ka\u017cdym zaci\u0105gni\u0119ciem.<\/li>\n<li><strong>Kompaktowa i Ergonomiczna Konstrukcja<\/strong><br \/>\nMierz\u0105cy 19 x 109mm, ten vape pen jest elegancki i \u0142atwy do przenoszenia. Jego ergonomiczny kszta\u0142t sprawia, \u017ce jest wygodny w trzymaniu, idealnie dopasowuj\u0105c si\u0119 do d\u0142oni dla bez wysi\u0142kowego wapowania.<\/li>\n<li><strong>Optymalne st\u0119\u017cenie nikotyny<\/strong><br \/>\nZawieraj\u0105cy 0,51% nikotyny (5mg), AL Fakher Crown Bar Pro jest idealny dla os\u00f3b poszukuj\u0105cych zr\u00f3wnowa\u017conego do\u015bwiadczenia nikotynowego, kt\u00f3re zaspokaja bez przyt\u0142aczania.<\/li>\n<li><strong>Wytrzyma\u0142o\u015b\u0107 na temperatur\u0119<\/strong><br \/>\nZaprojektowane do pracy w temperaturach od -10\u00b0C do +40\u00b0C, urz\u0105dzenie to utrzymuje sta\u0142\u0105 wydajno\u015b\u0107 w r\u00f3\u017cnych klimatach, co sprawia, \u017ce jest idealne do u\u017cytku w podr\u00f3\u017cy.<\/li>\n<\/ul>\n<h2>Odkryj Bogate Smaki <a href=\"https:\/\/casinovape.de\/pl\/kategoria-produktu\/jednorazowe-waporyzatory-al-fakher\/\">AL Fakher<\/a> Crown Bar Pro 8000 Puffs<\/h2>\n<p>AL Fakher Crown Bar Pro oferuje unikalny wyb\u00f3r smak\u00f3w, stworzony by zaspokoi\u0107 r\u00f3\u017cnorodne gusta. Od orze\u017awiaj\u0105cych owocowych mieszanek po ch\u0142odne mentolowe uderzenia, ka\u017cdy smak zapewnia niezapomniane do\u015bwiadczenie wapowania.<\/p>\n<h3>Wyb\u00f3r smaku<\/h3>\n<ol>\n<li><strong>Dwa Jab\u0142ka<\/strong><br \/>\nKlasyczna mieszanka s\u0142odkich i lekko kwa\u015bnych jab\u0142ek zapewnia \u015bwie\u017cy, zr\u00f3wnowa\u017cony smak, kt\u00f3ry jest ukochany przez entuzjast\u00f3w jab\u0142ek. To ponadczasowy wyb\u00f3r dla tych, kt\u00f3rzy szukaj\u0105 znajomego, a zarazem orze\u017awiaj\u0105cego smaku.<\/li>\n<li><strong>Mi\u0119ta Winogronowa<\/strong><br \/>\nSch\u0142odna, orze\u017awiaj\u0105ca kombinacja dojrza\u0142ych winogron i mi\u0119ty, Grape Mint dostarcza unikaln\u0105 mieszank\u0119 owocowej s\u0142odyczy z orze\u017awiaj\u0105cym posmakiem, idealn\u0105 na ciep\u0142e dni i swobodne wapowanie.<\/li>\n<li><strong>Lush Ice<\/strong><br \/>\nLush Ice \u0142\u0105czy soczysty melon z delikatnym, orze\u017awiaj\u0105cym akcentem mentolu, tworz\u0105c smak, kt\u00f3ry jest zar\u00f3wno owocowy, jak i pobudzaj\u0105cy. Idealny dla os\u00f3b szukaj\u0105cych ch\u0142odnego, satysfakcjonuj\u0105cego doznania z ka\u017cdym zaci\u0105gni\u0119ciem.<\/li>\n<li><strong>Peach Ice<\/strong><br \/>\nTen smak \u0142\u0105czy soczysty smak s\u0142odkich, dojrza\u0142ych brzoskwi\u0144 z nut\u0105 ch\u0142odz\u0105cego mentolu. Peach Ice jest g\u0142adki, orze\u017awiaj\u0105cy i doskona\u0142y wyb\u00f3r dla tych, kt\u00f3rzy kochaj\u0105 s\u0142odkie i ch\u0142odne po\u0142\u0105czenia.<\/li>\n<li><strong>Gum Mi\u0119towy<\/strong><br \/>\nPrzypominaj\u0105cy klasyczn\u0105 gum\u0119 do \u017cucia z nut\u0105 \u015bwie\u017cej mi\u0119ty, ten smak oferuje zabawny i nostalgiczny posmak, kt\u00f3ry jest s\u0142odki i orze\u017awiaj\u0105cy - idealna mieszanka na ka\u017cd\u0105 okazj\u0119.<\/li>\n<li><strong>\u017bywicka Guma<\/strong><br \/>\nPo\u0142\u0105czenie soczystych bor\u00f3wek i s\u0142odkiego smaku gumy, ta opcja jest r\u00f3wnie aromatyczna, co przyjemna.  Jest to idealny wyb\u00f3r dla os\u00f3b, kt\u00f3re preferuj\u0105 nieco s\u0142odki, infusedowany jagodami waporyzator.<\/li>\n<li><strong>Cytrynowy Mi\u0119ta<\/strong><br \/>\nJasny, orze\u017awiaj\u0105cy cytrynowy w po\u0142\u0105czeniu z ch\u0142odnym, mi\u0119towym podtonem nadaje Lemon Mint jego orze\u017awiaj\u0105cy, kwa\u015bny profil. Ta kombinacja jest idealna dla waporyzuj\u0105cych, kt\u00f3rzy szukaj\u0105 odwa\u017cnego, cytrusowego smaku z orze\u017awiaj\u0105cym finiszem.<\/li>\n<li><strong>Magiczna Mi\u0142o\u015b\u0107<\/strong><br \/>\nEgzotyczna mieszanka z nutami s\u0142odkimi i owocowymi, Magic Love zaskakuje i zachwyca ka\u017cdym zaci\u0105gni\u0119ciem. Ka\u017cde poci\u0105gni\u0119cie odkrywa nowy poziom smaku, czyni\u0105c to naprawd\u0119 wyj\u0105tkowym do\u015bwiadczeniem.<\/li>\n<li><strong>Czarny Porzeczkowy L\u00f3d<\/strong><br \/>\nPrezentuj\u0105c bogaty smak czarnej porzeczki z ch\u0142odnym mentolowym finiszem, Blackcurrant Ice jest odwa\u017cny i satysfakcjonuj\u0105cy. Jego g\u0142\u0119boki smak sprawia, \u017ce jest popularnym wyborem w\u015br\u00f3d mi\u0142o\u015bnik\u00f3w jag\u00f3d.<\/li>\n<li><strong>Truskawkowy Puncher<\/strong><br \/>\nTa \u017cywa mieszanka \u015bwie\u017cych truskawek i s\u0142odkiego podtonu dostarcza od\u015bwie\u017caj\u0105cego, owocowego smaku, kt\u00f3ry jest idealny na ka\u017cd\u0105 por\u0119 dnia. Jest to hit dla fan\u00f3w truskawek.<\/li>\n<li><strong>S\u0142odki Pasjonat<\/strong><br \/>\nTropikalny i s\u0142odki, Sweet Passionfruit przynosi bujny smak marakui do ka\u017cdego puchni\u0119cia, wywo\u0142uj\u0105c uczucie s\u0142onecznych wakacji. Ten smak jest obowi\u0105zkowym do wypr\u00f3bowania dla mi\u0142o\u015bnik\u00f3w owoc\u00f3w.<\/li>\n<li><strong>Berry Ice<\/strong><br \/>\nBerry Ice \u0142\u0105czy mieszank\u0119 jag\u00f3d z ch\u0142odz\u0105cym twistem mentolu, tworz\u0105c aromatyczn\u0105 i orze\u017awiaj\u0105c\u0105 vape. Ta mieszanka jest idealna dla tych, kt\u00f3rzy lubi\u0105 mieszank\u0119 jag\u00f3d z ch\u0142odnym finiszem.<\/li>\n<li><strong>Mi\u0119ta<\/strong><br \/>\nProsta i klasyczna, ta czysta mi\u0119ta smakowa zapewnia chrupi\u0105cy, orze\u017awiaj\u0105cy smak. Jest to wyb\u00f3r numer jeden dla waper\u00f3w szukaj\u0105cych prostego, ch\u0142odnego smaku bez zb\u0119dnych dodatk\u00f3w.<\/li>\n<\/ol>\n<p>&nbsp;<\/p>\n<h3><img loading=\"lazy\" decoding=\"async\" class=\"alignleft wp-image-580 size-full\" src=\"https:\/\/casinovape.de\/wp-content\/uploads\/2024\/09\/al-fakher-crown-bar-8000-pro-1.webp\" alt=\"Europejski Magazyn AL Fakher Crown Bar Pro 8000 Puff\u00f3w 0.5% Niski Nikotyna Kup oryginalne Autentyczne \u0141adowalne Jednorazowe Vape Pen\" width=\"1000\" height=\"1000\" srcset=\"https:\/\/casinovape.de\/wp-content\/uploads\/2024\/09\/al-fakher-crown-bar-8000-pro-1.webp 1000w, https:\/\/casinovape.de\/wp-content\/uploads\/2024\/09\/al-fakher-crown-bar-8000-pro-1-300x300.webp 300w, https:\/\/casinovape.de\/wp-content\/uploads\/2024\/09\/al-fakher-crown-bar-8000-pro-1-150x150.webp 150w, https:\/\/casinovape.de\/wp-content\/uploads\/2024\/09\/al-fakher-crown-bar-8000-pro-1-768x768.webp 768w, https:\/\/casinovape.de\/wp-content\/uploads\/2024\/09\/al-fakher-crown-bar-8000-pro-1-600x600.webp 600w, https:\/\/casinovape.de\/wp-content\/uploads\/2024\/09\/al-fakher-crown-bar-8000-pro-1-100x100.webp 100w\" sizes=\"auto, (max-width: 1000px) 100vw, 1000px\" \/><\/h3>\n<h2>Dlaczego wybra\u0107 <a href=\"https:\/\/casinovape.de\/pl\/kategoria-produktu\/jednorazowe-waporyzatory-al-fakher\/\">AL Fakher<\/a> Crown Bar Pro 8000 Puffs<\/h2>\n<p>AL Fakher Crown Bar Pro 8000 Puffs to co\u015b wi\u0119cej ni\u017c tylko waporyzator; to do\u015bwiadczenie stworzone dla maksymalnej satysfakcji. Casinovape jest dumny z bycia wiod\u0105c\u0105 platform\u0105 handlow\u0105 internetow\u0105 dla jednorazowych waporyzator\u00f3w w Niemczech i oferujemy szeroki wyb\u00f3r produkt\u00f3w premium bez minimalnych ilo\u015bci zam\u00f3wienia. Kiedy kupujesz AL Fakher Crown Bar Pro od Casinovape, masz gwarancj\u0119 autentycznego, wysokiej jako\u015bci produktu z wygod\u0105 szybkiej wysy\u0142ki na terenie UE.<\/p>\n<h3>Korzy\u015bci na pierwszy rzut oka<\/h3>\n<ul>\n<li><strong>Rozszerzone u\u017cytkowanie<\/strong><br \/>\nDzi\u0119ki 8000 zaci\u0105gni\u0119ciom na urz\u0105dzenie mo\u017cesz cieszy\u0107 si\u0119 d\u0142ugotrwa\u0142ym u\u017cytkowaniem bez cz\u0119stej wymiany lub uzupe\u0142niania.<\/li>\n<li><strong>Wysoka Jako\u015b\u0107<\/strong><br \/>\nZobowi\u0105zanie AL Fakher do jako\u015bci gwarantuje, \u017ce ka\u017cde urz\u0105dzenie jest trwa\u0142e i niezawodne, z wyj\u0105tkowym p\u0142ynem elektronicznym, kt\u00f3ry zachowuje integralno\u015b\u0107 smaku.<\/li>\n<li><strong>\u0141atwy w u\u017cyciu<\/strong><br \/>\nTo urz\u0105dzenie jest gotowe do u\u017cycia od razu po wyj\u0119ciu z opakowania. Po prostu \u0142aduj je ponownie w razie potrzeby i ciesz si\u0119 stale g\u0142adkim parowaniem z ka\u017cdym zaci\u0105gni\u0119ciem.<\/li>\n<li><strong>Brak minimalnej ilo\u015bci zam\u00f3wienia<\/strong><br \/>\nW Casinovape mo\u017cesz zam\u00f3wi\u0107 dowoln\u0105 ilo\u015b\u0107 produkt\u00f3w, kt\u00f3re potrzebujesz. U\u0142atwiamy zakup Twoich ulubionych produkt\u00f3w bez ogranicze\u0144.<\/li>\n<li><strong>Szybka wysy\u0142ka po UE<\/strong><br \/>\nNasze europejskie magazyny gwarantuj\u0105, \u017ce Twoje zam\u00f3wienie zostanie dostarczone w ci\u0105gu 3-7 dni, dzi\u0119ki czemu mo\u017cesz zacz\u0105\u0107 vapowa\u0107 wcze\u015bniej, ni\u017c my\u015blisz.<\/li>\n<\/ul>\n<h3>Ostateczne my\u015bli<\/h3>\n<p>AL Fakher Crown Bar Pro 8000 Puffs ustanawia nowy standard dla wielokrotnie \u0142adowalnych, jednorazowych waporyzator\u00f3w, oferuj\u0105c imponuj\u0105c\u0105 trwa\u0142o\u015b\u0107, wy\u017cszy smak i wygodne funkcje, kt\u00f3re poprawiaj\u0105 og\u00f3lne do\u015bwiadczenie. Casinovape u\u0142atwia odkrywanie tych unikalnych smak\u00f3w i funkcji, dostarczaj\u0105c autentyczne produkty AL Fakher bezpo\u015brednio do Ciebie w UE. Odwied\u017a <a href=\"https:\/\/casinovape.de\/pl\/\">Casinovape<\/a> Zabezpiecz sw\u00f3j AL Fakher Crown Bar Pro ju\u017c dzi\u015b i odkryj zupe\u0142nie nowy \u015bwiat satysfakcji z wapowania.<\/p>\n<p>Ciesz si\u0119 najlepszym w wapowaniu z Casinovape - Twoim zaufanym \u017ar\u00f3d\u0142em premium jednorazowych waporyzator\u00f3w w Niemczech.<\/p>\n<\/div>\n<\/div>\n<\/div>\n<\/div>\n<\/div>\n<\/div>\n<\/div>\n<\/div>\n<\/article>\n<\/div>\n<\/div>\n<\/div>\n<\/div>\n<\/div>\n<div class=\"md:pt-0 dark:border-white\/20 md:border-transparent md:dark:border-transparent w-full\">\n<div class=\"\">\n<div class=\"text-base px-3 md:px-4 m-auto w-full md:px-5 lg:px-4 xl:px-5\">\n<div class=\"mx-auto flex flex-1 gap-4 text-base md:gap-5 lg:gap-6 md:max-w-3xl lg:max-w-[40rem] xl:max-w-[48rem]\">\n<form class=\"w-full\" aria-haspopup=\"dialog\" aria-expanded=\"false\" aria-controls=\"radix-:rnl:\" data-state=\"closed\" action=\"\">\n<div class=\"relative flex h-full max-w-full flex-1 flex-col\">\n<div class=\"group relative flex w-full items-center\">\n<div class=\"flex w-full flex-col gap-1.5 rounded-[26px] p-1.5 transition-colors bg-[#f4f4f4] dark:bg-token-main-surface-secondary\">\n<div class=\"flex items-end gap-1.5 pl-4 md:gap-2\">\n<div class=\"min-w-8\"><\/div>\n<\/div>\n<\/div>\n<\/div>\n<\/div>\n<input type=\"hidden\" name=\"trp-form-language\" value=\"pl\"\/><\/form>\n<\/div>\n<\/div>\n<div class=\"relative w-full px-2 py-2 text-center text-xs text-token-text-secondary empty:hidden md:px-[60px]\">\n<div class=\"min-h-4\">\n<div><\/div>\n<\/div>\n<\/div>\n<\/div>\n<\/div>","protected":false},"excerpt":{"rendered":"<p>Odkryj autentyczne <strong>AL Fakher Crown Bar Pro 8000 Puffs \nnie wymaga t\u0142umaczenia<\/strong> Wielorazowa jednorazowa e-papieros w Casinovape, najwi\u0119kszej niemieckiej platformie internetowej dla e-papieros\u00f3w, oferuj\u0105cej szybk\u0105 wysy\u0142k\u0119 w UE i szeroki wyb\u00f3r premium smak\u00f3w.<\/p>","protected":false},"featured_media":3552,"comment_status":"open","ping_status":"closed","template":"","meta":[],"product_brand":[],"product_cat":[16,78,79,81,84,86,88,89,91,93,94,98,65,66,67,68,69,70,71,72,73,74,75,76,77,57,58,45,48,50,52,54,55],"product_tag":[],"class_list":{"0":"post-548","1":"product","2":"type-product","3":"status-publish","4":"has-post-thumbnail","6":"product_cat-al-fakher-disposable-vapes","7":"product_cat-buy-best-disposable-vape-flavors","8":"product_cat-apple-flavor-disposable-vapes","9":"product_cat-blueberry-flavor-disposable-vapes","10":"product_cat-grape-flavor-disposable-vapes","11":"product_cat-ice-flavor-disposable-vapes","12":"product_cat-lemon-flavor-disposable-vapes","13":"product_cat-lush-flavor-disposable-vapes","14":"product_cat-mint-flavor-disposable-vapes","15":"product_cat-passion-fruit-flavor-disposable-vapes","16":"product_cat-peach-flavor-disposable-vapes","17":"product_cat-strawberry-flavor-disposable-vapes","18":"product_cat-best-disposable-vape-in-europe","19":"product_cat-buy-disposable-vapes-in-austria","20":"product_cat-buy-disposable-vapes-in-belgium","21":"product_cat-buy-disposable-vapes-in-france","22":"product_cat-buy-disposable-vapes-in-germany","23":"product_cat-buy-disposable-vapes-in-italy","24":"product_cat-buy-disposable-vapes-in-netherlands","25":"product_cat-buy-disposable-vapes-in-norway","26":"product_cat-buy-disposable-vapes-in-poland","27":"product_cat-buy-disposable-vapes-in-portugal","28":"product_cat-buy-disposable-vapes-in-spain","29":"product_cat-buy-disposable-vapes-in-sweden","30":"product_cat-buy-disposable-vapes-in-switzerland","31":"product_cat-shop-disposable-vapes-by-puffs","32":"product_cat-8000-puff-disposable-vape","33":"product_cat-disposable-vape-types","34":"product_cat-big-puffs-disposable-vapes","35":"product_cat-digital-box-disposable-vapes","36":"product_cat-lower-nicotine-disposable-vapes","37":"product_cat-rechargeable-disposable-vapes","38":"product_cat-shisha-hookah-disposable-vapes","40":"first","41":"instock","42":"sale","43":"shipping-taxable","44":"purchasable","45":"product-type-variable"},"jetpack_sharing_enabled":true,"_links":{"self":[{"href":"https:\/\/casinovape.de\/pl\/wp-json\/wp\/v2\/product\/548","targetHints":{"allow":["GET"]}}],"collection":[{"href":"https:\/\/casinovape.de\/pl\/wp-json\/wp\/v2\/product"}],"about":[{"href":"https:\/\/casinovape.de\/pl\/wp-json\/wp\/v2\/types\/product"}],"replies":[{"embeddable":true,"href":"https:\/\/casinovape.de\/pl\/wp-json\/wp\/v2\/comments?post=548"}],"wp:featuredmedia":[{"embeddable":true,"href":"https:\/\/casinovape.de\/pl\/wp-json\/wp\/v2\/media\/3552"}],"wp:attachment":[{"href":"https:\/\/casinovape.de\/pl\/wp-json\/wp\/v2\/media?parent=548"}],"wp:term":[{"taxonomy":"product_brand","embeddable":true,"href":"https:\/\/casinovape.de\/pl\/wp-json\/wp\/v2\/product_brand?post=548"},{"taxonomy":"product_cat","embeddable":true,"href":"https:\/\/casinovape.de\/pl\/wp-json\/wp\/v2\/product_cat?post=548"},{"taxonomy":"product_tag","embeddable":true,"href":"https:\/\/casinovape.de\/pl\/wp-json\/wp\/v2\/product_tag?post=548"}],"curies":[{"name":"wp","href":"https:\/\/api.w.org\/{rel}","templated":true}]}}