{"id":502,"date":"2024-09-27T09:18:05","date_gmt":"2024-09-27T09:18:05","guid":{"rendered":"https:\/\/casinovape.de\/?post_type=product&#038;p=502"},"modified":"2025-05-29T03:22:26","modified_gmt":"2025-05-29T03:22:26","slug":"europejski-magazyn-al-fakher-korona-bar-8000-zaciagniec-0-5-niski-nikotin-kup-oryginalny-authentisch-akumulator-jednorazowe-vapes-pen","status":"publish","type":"product","link":"https:\/\/casinovape.de\/pl\/produkt\/europejski-magazyn-al-fakher-korona-bar-8000-zaciagniec-0-5-niski-nikotin-kup-oryginalny-authentisch-akumulator-jednorazowe-vapes-pen\/","title":{"rendered":"Europejski Magazyn AL Fakher Crown Bar 8000 Puff\u00f3w 0.5% Niski Nikotyna Kup oryginalne Autentyczne \u0141adowalne Jednorazowe Vape Pen"},"content":{"rendered":"<h2><\/h2>\n<div style=\"width: 362px;\" class=\"wp-video\"><!--[if lt IE 9]><script>document.createElement('video');<\/script><![endif]-->\n<video class=\"wp-video-shortcode\" id=\"video-502-1\" width=\"362\" height=\"640\" preload=\"metadata\" controls=\"controls\"><source type=\"video\/mp4\" src=\"https:\/\/casinovape.de\/wp-content\/uploads\/2024\/09\/AL-Fakher-Vape-berry-ice.mp4?_=1\" \/><a href=\"https:\/\/casinovape.de\/wp-content\/uploads\/2024\/09\/AL-Fakher-Vape-berry-ice.mp4\">https:\/\/casinovape.de\/wp-content\/uploads\/2024\/09\/AL-Fakher-Vape-berry-ice.mp4<\/a><\/video><\/div>\n<h2><\/h2>\n<h2><a href=\"https:\/\/casinovape.de\/pl\/\">Europejski Magazyn Vape<\/a> AL Fakher Crown Bar 8000 0.5% Nisk\u0105 zawarto\u015bci\u0105 nikotyny, wielokrotnego \u0142adowania, jednorazowa vape pen: Najlepsza <a href=\"https:\/\/casinovape.de\/pl\/\">Do\u015bwiadczenie z jednorazow\u0105 e-papieros\u0105<\/a><\/h2>\n<h2>Wst\u0119p<\/h2>\n<p>AL Fakher Crown Bar 8000 Puffs Rechargeable Disposable Vape Pen to wiod\u0105ca innowacja w \u015bwiecie wapowania, specjalnie zaprojektowana dla u\u017cytkownik\u00f3w poszukuj\u0105cych wygody bez po\u015bwi\u0119cania jako\u015bci lub smaku. Stworzona dla entuzjast\u00f3w, kt\u00f3rzy ceni\u0105 bogate profile smakowe i d\u0142ugotrwa\u0142\u0105 wydajno\u015b\u0107, produkt ten wyr\u00f3\u017cnia si\u0119 jako premiumowy wyb\u00f3r na europejskim rynku wap\u00f3w. Jego elegancka konstrukcja i zaawansowane funkcje obiecuj\u0105 immersyjne i przyjemne do\u015bwiadczenie, czyni\u0105c go idealnym zar\u00f3wno dla nowych, jak i do\u015bwiadczonych waper\u00f3w. Teraz dost\u0119pny na Casinovape, Twojej najlepszej europejskiej platformie sprzeda\u017cowej dla jednorazowych wap\u00f3w, AL Fakher Crown Bar jest wysy\u0142any prosto z naszego europejskiego magazynu, zapewniaj\u0105c szybk\u0105 dostaw\u0119 po ca\u0142ej UE.<\/p>\n<h2>Przegl\u0105d produktu<\/h2>\n<h3>Kluczowe specyfikacje<\/h3>\n<ul>\n<li><strong>Rozmiar<\/strong>: 19 x 109 mm<\/li>\n<li><strong>Pojemno\u015b\u0107 e-liquidu<\/strong>: 18 ml dla przed\u0142u\u017conego u\u017cytkowania<\/li>\n<li><strong>Pojemno\u015b\u0107 baterii<\/strong>: 600 mAh akumulator, oferuj\u0105cy do 8000 zaci\u0105gni\u0119\u0107<\/li>\n<li><strong>Port \u0142adowania<\/strong>: Typ-C, umo\u017cliwiaj\u0105cy szybkie \u0142adowanie<\/li>\n<li><strong>Napi\u0119cie wyj\u015bciowe<\/strong>: 3,7V dla sta\u0142ej produkcji pary<\/li>\n<li><strong>Op\u00f3r cewki<\/strong>: 1,2 Ohm, zaprojektowany dla optymalnej g\u0119sto\u015bci pary<\/li>\n<li><strong>Si\u0142a nikotyny<\/strong>: 0.5% (5 mg) dla g\u0142adkiego, a zarazem satysfakcjonuj\u0105cego uderzenia w gard\u0142o<\/li>\n<li><strong>Zakres temperatur<\/strong>: -10\u00b0C do +40\u00b0C, zachowuj\u0105c sta\u0142\u0105 wydajno\u015b\u0107 w r\u00f3\u017cnych warunkach<\/li>\n<\/ul>\n<p>AL Fakher Crown Bar 8000 to co\u015b wi\u0119cej ni\u017c zwyk\u0142y jednorazowy waporyzator; to zaawansowane do\u015bwiadczenie wapowania zaprojektowane dla u\u017cytkownik\u00f3w, kt\u00f3rzy pragn\u0105 wygody, przeno\u015bno\u015bci i bogatego smaku w jednym urz\u0105dzeniu. Dzi\u0119ki zintegrowanej baterii o pojemno\u015bci 600 mAh, kt\u00f3ra mo\u017ce by\u0107 ponownie na\u0142adowana, oraz du\u017cemu zbiornikowi na p\u0142yn do wapowania o pojemno\u015bci 18 ml, zapewnia znaczne zu\u017cycie, gwarantuj\u0105c, \u017ce zawsze b\u0119dziesz gotowy cieszy\u0107 si\u0119 swoimi ulubionymi smakami bez konieczno\u015bci ci\u0105g\u0142ego \u0142adowania lub uzupe\u0142niania.<\/p>\n<h2>Cechy <a href=\"https:\/\/casinovape.de\/pl\/kategoria-produktu\/jednorazowe-waporyzatory-al-fakher\/\">AL Fakher<\/a> Crown Bar 8000<\/h2>\n<h3>&#8211;<strong>Stylowy i kompaktowy design<\/strong><\/h3>\n<ul>\n<li>AL Fakher Crown Bar zosta\u0142 stworzony z dba\u0142o\u015bci\u0105 o elegancj\u0119. Jego elegancki, kolorowy design i kompaktowa forma dobrze le\u017c\u0105 w r\u0119ce lub w kieszeni, co sprawia, \u017ce jest idealnym towarzyszem dla u\u017cytkownik\u00f3w, kt\u00f3rzy s\u0105 zawsze w ruchu.<\/li>\n<\/ul>\n<h3>&#8211;<strong>Du\u017cy zbiornik na p\u0142yn do e-papieros\u00f3w<\/strong><\/h3>\n<ul>\n<li>Wyposa\u017cony w zbiornik o pojemno\u015bci 18 ml, Crown Bar zapewnia wystarczaj\u0105c\u0105 ilo\u015b\u0107 e-p\u0142ynu, obs\u0142uguj\u0105c do 8000 zaci\u0105gni\u0119\u0107 na urz\u0105dzenie. Oznacza to rzadsze wymiany, pozwalaj\u0105c Ci skupi\u0107 si\u0119 na przyjemno\u015bci bez przerwy.<\/li>\n<\/ul>\n<h3>&#8211;<strong>Bateria wielokrotnego u\u017cytku i d\u0142ugotrwa\u0142a<\/strong><\/h3>\n<ul>\n<li>Ta vape pen wyposa\u017cona jest w pot\u0119\u017cn\u0105 bateri\u0119 o pojemno\u015bci 600mAh, \u0142adowan\u0105 przez port Type-C. Dzi\u0119ki efektywnemu zu\u017cyciu energii, zosta\u0142a stworzona dla d\u0142u\u017cszych sesji wapowania, gwarantuj\u0105c maksymalne wykorzystanie ka\u017cdego \u0142adowania.<\/li>\n<\/ul>\n<h3>&#8211;<strong>Intuicyjny Mechanizm Aktywacji przez Rysunek<\/strong><\/h3>\n<ul>\n<li>Nie ma potrzeby u\u017cywa\u0107 przycisk\u00f3w lub ustawie\u0144 - Crown Bar zosta\u0142 zaprojektowany z prostym, uruchamianym przez zaci\u0105gni\u0119cie mechanizmem spustowym. Po prostu wci\u0105gnij powietrze, aby aktywowa\u0107, co sprawia, \u017ce jest szczeg\u00f3lnie przyjazny w u\u017cyciu zar\u00f3wno dla nowych, jak i do\u015bwiadczonych waporyzator\u00f3w.<\/li>\n<\/ul>\n<h3>&#8211;<strong>Niska Zawarto\u015b\u0107 Nikotyny<\/strong><\/h3>\n<ul>\n<li>Z koncentracj\u0105 nikotyny 0,51 TP3T, urz\u0105dzenie to oferuje zr\u00f3wnowa\u017cone, g\u0142adkie do\u015bwiadczenie, idealne dla u\u017cytkownik\u00f3w szukaj\u0105cych bogatego smaku bez przyt\u0142aczaj\u0105cej si\u0142y nikotyny.<\/li>\n<\/ul>\n<h3>&#8211;<strong>Sp\u00f3jna i p\u0142ynna produkcja pary<\/strong><\/h3>\n<ul>\n<li>Zbudowany z siatkow\u0105 cewk\u0105 o rezystancji 1,2 Ohma, AL Fakher Crown Bar wytwarza g\u0119sty, g\u0142adki par z ka\u017cdym zaci\u0105gni\u0119ciem. Jego sta\u0142e napi\u0119cie wyj\u015bciowe 3,7V gwarantuje, \u017ce ka\u017cdy hit jest satysfakcjonuj\u0105cy i aromatyczny.<\/li>\n<\/ul>\n<h3>&#8211;<strong>Szybkie i wygodne \u0142adowanie<\/strong><\/h3>\n<ul>\n<li>Mo\u017cliwo\u015b\u0107 \u0142adowania przez Type-C zapewnia szybkie do\u0142adowywanie, dzi\u0119ki czemu mo\u017cesz wr\u00f3ci\u0107 do korzystania z e-papierosa bez d\u0142ugiego czekania.<\/li>\n<\/ul>\n<h3>&#8211;<strong>Trwa\u0142o\u015b\u0107 w temperaturze<\/strong><\/h3>\n<ul>\n<li>Zaprojektowany do wytrzymania szerokiego zakresu temperatur (-10\u00b0C do +40\u00b0C), Crown Bar pozostaje niezawodny i efektywny, zapewniaj\u0105c p\u0142ynne dzia\u0142anie zar\u00f3wno w pomieszczeniach, jak i na zewn\u0105trz.<img loading=\"lazy\" decoding=\"async\" class=\"alignright wp-image-544\" src=\"https:\/\/casinovape.de\/wp-content\/uploads\/2024\/09\/AL-Fakher-Vape8000\uff081\uff09.webp\" alt=\"Europejski Magazyn AL Fakher Crown Bar 8000 Puff\u00f3w 0.5% Niski Nikotyna Kup oryginalne Autentyczne \u0141adowalne Jednorazowe Vape Pen\" width=\"500\" height=\"500\" srcset=\"https:\/\/casinovape.de\/wp-content\/uploads\/2024\/09\/AL-Fakher-Vape8000\uff081\uff09.webp 500w, https:\/\/casinovape.de\/wp-content\/uploads\/2024\/09\/AL-Fakher-Vape8000\uff081\uff09-300x300.webp 300w, https:\/\/casinovape.de\/wp-content\/uploads\/2024\/09\/AL-Fakher-Vape8000\uff081\uff09-150x150.webp 150w, https:\/\/casinovape.de\/wp-content\/uploads\/2024\/09\/AL-Fakher-Vape8000\uff081\uff09-100x100.webp 100w\" sizes=\"auto, (max-width: 500px) 100vw, 500px\" \/><\/li>\n<\/ul>\n<h2>Wyb\u00f3r smak\u00f3w: bogata r\u00f3\u017cnorodno\u015b\u0107 dla ka\u017cdego podniebienia<\/h2>\n<p>AL Fakher Crown Bar 8000 oferuje r\u00f3\u017cnorodn\u0105 gam\u0119 smak\u00f3w, ka\u017cdy starannie opracowany, aby zapewni\u0107 wyj\u0105tkowe do\u015bwiadczenie smakowe. Poni\u017cej znajduje si\u0119 lista dost\u0119pnych smak\u00f3w, ka\u017cdy z w\u0142asnym charakterystycznym profilem, zaprojektowanym tak, aby zaspokoi\u0107 ka\u017cde pragnienie:<\/p>\n<ol>\n<li><strong>Berry Ice<\/strong>Od\u015bwie\u017caj\u0105ca mieszanka jag\u00f3d z ch\u0142odnym finiszem, ta smak jest idealna na letnie dni, dostarczaj\u0105c zar\u00f3wno s\u0142odyczy jak i \u015bwie\u017co\u015bci w ka\u017cdym puffie.<\/li>\n<li><strong>Berry Mint<\/strong>: Ta unikalna kombinacja dojrza\u0142ych jag\u00f3d i ch\u0142odnej mi\u0119ty oferuje zr\u00f3wnowa\u017cony profil smakowy, kt\u00f3ry jest zar\u00f3wno owocowy, jak i orze\u017awiaj\u0105cy, idealny dla tych, kt\u00f3rzy lubi\u0105 chrupi\u0105cy, s\u0142odki doznanie.<\/li>\n<li><strong>Czarny Porzeczkowy L\u00f3d<\/strong>: Zawiera bogaty, lekko kwa\u015bny esencjonalny smak czarnej porzeczki w po\u0142\u0105czeniu z lodowatym odcieniem, pozostawiaj\u0105c \u017cywy, orze\u017awiaj\u0105cy smak z ka\u017cdym wdechem.<\/li>\n<li><strong>\u017bywicka Guma<\/strong>: Nostalgiczna mieszanka soczystej bor\u00f3wki i klasycznego smaku gumy, ten wyb\u00f3r jest uroczo s\u0142odki i orze\u017awiaj\u0105cy, idealny dla zabawnego do\u015bwiadczenia wapowania.<\/li>\n<li><strong>Wi\u015bniowa Festa<\/strong>Ciesz si\u0119 g\u0142\u0119bokim, dojrza\u0142ym smakiem wi\u015bni z nut\u0105 s\u0142odyczy, idealny dla tych, kt\u00f3rzy preferuj\u0105 klasyczny profil owocowy.<\/li>\n<li><strong>Cytrynowy Mi\u0119ta<\/strong>: Ostre cytryny spotykaj\u0105 si\u0119 z orze\u017awiaj\u0105cym mi\u0119t\u0105 w tym smaku, tworz\u0105c jasne, kwa\u015bne i ch\u0142odne do\u015bwiadczenie, kt\u00f3re jest cudownie orze\u017awiaj\u0105ce.<\/li>\n<li><strong>Lush Ice<\/strong>: Ten smak \u0142\u0105czy soczyst\u0105 s\u0142odycz arbuza z odrobin\u0105 ch\u0142odu, przynosz\u0105c smak lata z ka\u017cdym zaci\u0105gni\u0119ciem.<\/li>\n<li><strong>Mango l\u00f3d<\/strong>: Tropikalna rozkosz, \u0142\u0105cz\u0105ca dojrza\u0142y smak mango z ch\u0142odnym efektem, ten smak przenosi Ci\u0119 do tropikalnej oazy.<\/li>\n<li><strong>S\u0142odki Pasjonat<\/strong>: Dla bardziej egzotycznego akcentu, ten smak oferuje s\u0142odycz pasiflor, zapewniaj\u0105c tropikaln\u0105 ucieczk\u0119 w ka\u017cdym zaci\u0105gni\u0119ciu.<\/li>\n<li><strong>Bia\u0142y B\u0142ysk<\/strong>: Tajemnicza mieszanka \u0142\u0105cz\u0105ca nieoczekiwane nuty smakowe dla wyj\u0105tkowego i odwa\u017cnego do\u015bwiadczenia.<\/li>\n<li><strong>Dwa Jab\u0142ka<\/strong>: Wieczna mieszanka zielonych i czerwonych jab\u0142ek oferuje \u015bwie\u017cy, chrupi\u0105cy i owocowy profil, kt\u00f3ry jest klasykiem w\u015br\u00f3d smak\u00f3w vape.<\/li>\n<li><strong>Mi\u0119ta Winogronowa<\/strong>S\u0142odki smak winogrona spotyka si\u0119 z ch\u0142odnym posmakiem mi\u0119ty, tworz\u0105c dobrze zr\u00f3wnowa\u017cone do\u015bwiadczenie zar\u00f3wno z owocowo\u015bci\u0105, jak i \u015bwie\u017co\u015bci\u0105.<\/li>\n<li><strong>Wi\u015bnia Malina<\/strong>: Soczyste wi\u015bnie i kwa\u015bne maliny \u0142\u0105cz\u0105 si\u0119 w s\u0142odko-kwa\u015bnej kombinacji, oferuj\u0105c z\u0142o\u017cone i satysfakcjonuj\u0105ce wapowanie.<\/li>\n<li><strong>Peach Ice<\/strong>: \u015awie\u017ce brzoskwinie z ch\u0142odnym, lodowatym akcentem sprawiaj\u0105, \u017ce smak ten jest zar\u00f3wno s\u0142odki, jak i orze\u017awiaj\u0105cy.<\/li>\n<li><strong>Truskawkowy Puncher<\/strong>: Wybuch smaku truskawki, ta wyrazista mieszanka jest idealna dla tych, kt\u00f3rzy lubi\u0105 intensywne, owocowe profile.<\/li>\n<\/ol>\n<p>Ka\u017cdy smak zosta\u0142 opracowany z wykorzystaniem wysokiej jako\u015bci sk\u0142adnik\u00f3w, zapewniaj\u0105c \u017cywe, bogate smaki, kt\u00f3re d\u0142ugo pozostaj\u0105 na podniebieniu. W Casinovape oferujemy te smaki pojedynczo, dzi\u0119ki czemu mo\u017cesz cieszy\u0107 si\u0119 swoim ulubionym smakiem lub wypr\u00f3bowa\u0107 wiele smak\u00f3w bez wymogu minimalnego zakupu.<\/p>\n<h2>Dlaczego wybra\u0107 <a href=\"https:\/\/casinovape.de\/pl\/kategoria-produktu\/jednorazowe-waporyzatory-al-fakher\/\">AL Fakher<\/a> Crown Bar 8000 od Casinovape<\/h2>\n<p>Jako najwi\u0119ksza internetowa platforma handlowa dla jednorazowych waporyzator\u00f3w w Niemczech, Casinovape zapewnia usprawnione do\u015bwiadczenie zakupowe. Nasze produkty AL Fakher Crown Bar s\u0105 pozyskiwane bezpo\u015brednio, co gwarantuje autentyczne, wysokiej jako\u015bci urz\u0105dzenia wysy\u0142ane bezpo\u015brednio z naszego europejskiego magazynu. Oto dlaczego zakup AL Fakher Crown Bar 8000 od Casinovape jest najlepszym wyborem:<\/p>\n<ul>\n<li><strong>Brak minimalnych wymaga\u0144 dotycz\u0105cych zakupu<\/strong>Ciesz si\u0119 elastyczno\u015bci\u0105 zakupu pojedynczych sztuk lub dowolnej ilo\u015bci, dostosowanej do osobistych potrzeb bez ogranicze\u0144.<\/li>\n<li><strong>Szybka wysy\u0142ka w ca\u0142ej UE<\/strong>: Dzi\u0119ki naszemu europejskiemu magazynowi gwarantujemy efektywn\u0105 i niezawodn\u0105 dostaw\u0119 do Twojego progu w ci\u0105gu 3-7 dni, zapewniaj\u0105c terminowy dost\u0119p do Twoich produkt\u00f3w.<\/li>\n<li><strong>Niezmatchingowany wyb\u00f3r produktu<\/strong>Casinovape jest dedykowany do oferowania wy\u0142\u0105cznie najlepszych marek, w tym AL Fakher, Fizzy, OBEELAB HHC oraz SMPO DL02, zapewniaj\u0105c Ci zakres opcji dostosowanych do Twoich preferencji.<\/li>\n<li><strong>Zobowi\u0105zanie do Jako\u015bci<\/strong>: Ka\u017cdy produkt, kt\u00f3ry sprzedajemy, przechodzi rygorystyczne kontrole jako\u015bci, aby zapewni\u0107, \u017ce otrzymasz tylko to, co najlepsze. AL Fakher Crown Bar 8000 Puffs wyr\u00f3\u017cnia si\u0119 szczeg\u00f3lnie swoj\u0105 trwa\u0142o\u015bci\u0105, r\u00f3\u017cnorodno\u015bci\u0105 smak\u00f3w i p\u0142ynnym do\u015bwiadczeniem wapowania.<\/li>\n<\/ul>\n<h2>Wniosek<\/h2>\n<p>AL Fakher Crown Bar 8000 to co\u015b wi\u0119cej ni\u017c tylko jednorazowa e-papieros; to wyraz jako\u015bci, stylu i r\u00f3\u017cnorodno\u015bci smak\u00f3w. Od eleganckiego designu i pot\u0119\u017cnej akumulatora, kt\u00f3ry mo\u017cna \u0142adowa\u0107, po szeroki wyb\u00f3r smak\u00f3w, ta e-papieros jest zaprojektowana, aby poprawi\u0107 Twoje do\u015bwiadczenie z wapowaniem. Z <a href=\"https:\/\/casinovape.de\/pl\/\">Casinovape<\/a>Mo\u017cesz wygodnie kupi\u0107 AL Fakher Crown Bar 8000 i cieszy\u0107 si\u0119 szybk\u0105 dostaw\u0105 w dowolnym miejscu w UE. Odwied\u017a Casinovape dzisiaj, aby odkry\u0107 pe\u0142en zakres jednorazowych waporyzator\u00f3w, kt\u00f3re oferujemy, i ciesz si\u0119 \u0142atwo\u015bci\u0105 zakupu ulubionych smak\u00f3w bez ogranicze\u0144.<\/p>\n<p>Do\u015bwiadcz przyjemno\u015bci i wygody AL Fakher Crown Bar 8000 Puffs - zam\u00f3w sw\u00f3j egzemplarz ju\u017c dzi\u015b i oddaj si\u0119 wspania\u0142ej podr\u00f3\u017cy vape.<\/p>","protected":false},"excerpt":{"rendered":"<p>Sklep <strong>AL Fakher Crown Bar 8000 Puffs \nnie wymaga t\u0142umaczenia \n pozostaje \nAL Fakher Crown Bar 8000 Puffs<\/strong> Wielokrotnego u\u017cytku jednorazowe vape w Casinovape, najlepszym niemieckim sprzedawcy internetowym premium jednorazowych vape'\u00f3w, oferuj\u0105cym szybk\u0105 wysy\u0142k\u0119 w UE, bez minimalnej kwoty zam\u00f3wienia oraz szeroki wyb\u00f3r smak\u00f3w.<\/p>","protected":false},"featured_media":1169,"comment_status":"open","ping_status":"closed","template":"","meta":[],"product_brand":[],"product_cat":[16,78,79,81,82,84,86,88,89,90,91,93,94,96,98,99,65,66,67,68,69,70,71,72,73,74,75,76,77,57,58,45,48,50,52,54,55],"product_tag":[],"class_list":{"0":"post-502","1":"product","2":"type-product","3":"status-publish","4":"has-post-thumbnail","6":"product_cat-al-fakher-disposable-vapes","7":"product_cat-buy-best-disposable-vape-flavors","8":"product_cat-apple-flavor-disposable-vapes","9":"product_cat-blueberry-flavor-disposable-vapes","10":"product_cat-cherry-flavor-disposable-vapes","11":"product_cat-grape-flavor-disposable-vapes","12":"product_cat-ice-flavor-disposable-vapes","13":"product_cat-lemon-flavor-disposable-vapes","14":"product_cat-lush-flavor-disposable-vapes","15":"product_cat-mango-flavor-disposable-vapes","16":"product_cat-mint-flavor-disposable-vapes","17":"product_cat-passion-fruit-flavor-disposable-vapes","18":"product_cat-peach-flavor-disposable-vapes","19":"product_cat-raspberry-flavor-disposable-vapes","20":"product_cat-strawberry-flavor-disposable-vapes","21":"product_cat-watermelon-flavor-disposable-vapes","22":"product_cat-best-disposable-vape-in-europe","23":"product_cat-buy-disposable-vapes-in-austria","24":"product_cat-buy-disposable-vapes-in-belgium","25":"product_cat-buy-disposable-vapes-in-france","26":"product_cat-buy-disposable-vapes-in-germany","27":"product_cat-buy-disposable-vapes-in-italy","28":"product_cat-buy-disposable-vapes-in-netherlands","29":"product_cat-buy-disposable-vapes-in-norway","30":"product_cat-buy-disposable-vapes-in-poland","31":"product_cat-buy-disposable-vapes-in-portugal","32":"product_cat-buy-disposable-vapes-in-spain","33":"product_cat-buy-disposable-vapes-in-sweden","34":"product_cat-buy-disposable-vapes-in-switzerland","35":"product_cat-shop-disposable-vapes-by-puffs","36":"product_cat-8000-puff-disposable-vape","37":"product_cat-disposable-vape-types","38":"product_cat-big-puffs-disposable-vapes","39":"product_cat-digital-box-disposable-vapes","40":"product_cat-lower-nicotine-disposable-vapes","41":"product_cat-rechargeable-disposable-vapes","42":"product_cat-shisha-hookah-disposable-vapes","44":"first","45":"outofstock","46":"shipping-taxable","47":"product-type-variable"},"jetpack_sharing_enabled":true,"_links":{"self":[{"href":"https:\/\/casinovape.de\/pl\/wp-json\/wp\/v2\/product\/502","targetHints":{"allow":["GET"]}}],"collection":[{"href":"https:\/\/casinovape.de\/pl\/wp-json\/wp\/v2\/product"}],"about":[{"href":"https:\/\/casinovape.de\/pl\/wp-json\/wp\/v2\/types\/product"}],"replies":[{"embeddable":true,"href":"https:\/\/casinovape.de\/pl\/wp-json\/wp\/v2\/comments?post=502"}],"wp:featuredmedia":[{"embeddable":true,"href":"https:\/\/casinovape.de\/pl\/wp-json\/wp\/v2\/media\/1169"}],"wp:attachment":[{"href":"https:\/\/casinovape.de\/pl\/wp-json\/wp\/v2\/media?parent=502"}],"wp:term":[{"taxonomy":"product_brand","embeddable":true,"href":"https:\/\/casinovape.de\/pl\/wp-json\/wp\/v2\/product_brand?post=502"},{"taxonomy":"product_cat","embeddable":true,"href":"https:\/\/casinovape.de\/pl\/wp-json\/wp\/v2\/product_cat?post=502"},{"taxonomy":"product_tag","embeddable":true,"href":"https:\/\/casinovape.de\/pl\/wp-json\/wp\/v2\/product_tag?post=502"}],"curies":[{"name":"wp","href":"https:\/\/api.w.org\/{rel}","templated":true}]}}