{"id":4915,"date":"2024-12-10T06:18:47","date_gmt":"2024-12-10T06:18:47","guid":{"rendered":"https:\/\/casinovape.de\/?post_type=product&#038;p=4915"},"modified":"2025-06-29T07:22:24","modified_gmt":"2025-06-29T07:22:24","slug":"europejski-magazyn-fumot-randm-digital-box-12000-zaciagniec-o-niskiej-zawartosci-nikotyny-kup-oryginalny-authentisch-akumulator-jednorazowe-vapes-pen-3","status":"publish","type":"product","link":"https:\/\/casinovape.de\/pl\/produkt\/europejski-magazyn-fumot-randm-digital-box-12000-zaciagniec-o-niskiej-zawartosci-nikotyny-kup-oryginalny-authentisch-akumulator-jednorazowe-vapes-pen-3\/","title":{"rendered":"Europejski Magazyn Losowy Tornado 12000 Puff\u00f3w Nisk\u0105 Zawarto\u015b\u0107 Nikotyny Oryginalna Autentyczna \u0141adowalna Jednorazowa Waporyzator - 10 sztuk w pude\u0142ku"},"content":{"rendered":"<h2><strong>Magazyn Europejski <a href=\"https:\/\/casinovape.de\/pl\/kategoria-produktu\/losowe-jednorazowe-waporyzatory\/\">Losowy Tornado 12000 Puffs<\/a> Niski Zawarto\u015b\u0107 Nikotyny Oryginalna Autentyczna \u0141adowalna Jednorazowa Waporyzator - 10 sztuk w pude\u0142ku<\/strong><\/h2>\n<p>Dla tych, kt\u00f3rzy szukaj\u0105 wysokowydajnego do\u015bwiadczenia z wapowaniem, kt\u00f3re trwa, <strong>Losowa Tornado 12000 Puff\u00f3w Akumulatorowa Jednorazowa Waporyzator<\/strong> jest najlepszym wyborem. Dzi\u0119ki ogromnej pojemno\u015bci 20 ml e-liquidu i dostarczaniu do 12 000 zaci\u0105gni\u0119\u0107 na urz\u0105dzenie, ta vape pen zapewnia sta\u0142y, bogaty smak przez d\u0142u\u017cszy okres. \u017begnaj cz\u0119stymi uzupe\u0142nieniami i ciesz si\u0119 d\u0142ugotrwa\u0142ym zadowoleniem z tej niezwyk\u0142ej vape.<\/p>\n<p>To, co wyr\u00f3\u017cnia to urz\u0105dzenie, to jego <strong>Bateria akumulatorowa 850 mAh<\/strong>kt\u00f3ry gwarantuje nieprzerwane sesje bez konieczno\u015bci ci\u0105g\u0142ego zakupu zamiennik\u00f3w. Z wygodnym <strong>Port \u0142adowania typu C<\/strong>Twoje urz\u0105dzenie jest szybko \u0142adowane, dzi\u0119ki czemu mo\u017cesz wr\u00f3ci\u0107 do wapowania w kr\u00f3tkim czasie. Dodatkowo, <strong>6 \u017cywych \u015bwiate\u0142 RGB<\/strong> O\u015bwietl ka\u017cdy wdech, dodaj\u0105c ekscytuj\u0105cy wizualny wymiar do Twojego do\u015bwiadczenia z wapowaniem.<\/p>\n<p>Niezale\u017cnie od tego, czy jeste\u015b do\u015bwiadczonym waporyzatorem, czy nowicjuszem w \u015bwiecie jednorazowych produkt\u00f3w, <strong>Losowy Tornado 12000<\/strong> zaprojektowany, aby zrobi\u0107 wra\u017cenie. Jest dost\u0119pny w szerokiej gamie premium smak\u00f3w e-liquidu i oferuje <strong>regulowany przep\u0142yw powietrza<\/strong> aby dostosowa\u0107 sw\u00f3j spos\u00f3b palenia, zapewniaj\u0105c sobie idealne do\u015bwiadczenie wapowania za ka\u017cdym razem.<\/p>\n<h3>G\u0142\u00f3wne cechy<a href=\"https:\/\/casinovape.de\/pl\/kategoria-produktu\/losowe-jednorazowe-waporyzatory\/\"> Losowy Tornado 12000 Puffs<\/a> Wielokrotnego u\u017cytku, jednorazowa e-pi\u00f3ro<\/h3>\n<ul>\n<li><strong>12 000 Puffs<\/strong>: Jeden z najd\u0142u\u017cej dzia\u0142aj\u0105cych jednorazowych waporyzator\u00f3w dost\u0119pnych na rynku, zapewniaj\u0105cy du\u017c\u0105 warto\u015b\u0107 dla intensywnych u\u017cytkownik\u00f3w waporyzator\u00f3w.<\/li>\n<li><strong>20 ml pojemno\u015b\u0107 e-p\u0142ynu<\/strong>: Wst\u0119pnie nape\u0142niony 20 ml wysokiej jako\u015bci e-p\u0142ynu, dzi\u0119ki czemu mo\u017cesz vape d\u0142u\u017cej bez obawy o wyczerpanie si\u0119 smaku.<\/li>\n<li><strong>2% Zawarto\u015b\u0107 nikotyny<\/strong>: Poziom nikotyny 20 mg, idealny dla os\u00f3b, kt\u00f3re preferuj\u0105 g\u0142adkie, satysfakcjonuj\u0105ce uderzenie w gard\u0142o.<\/li>\n<li><strong>Bateria Akumulatorowa 850 mAh<\/strong>: Wbudowana akumulator zapewniaj\u0105cy d\u0142u\u017csze dzia\u0142anie urz\u0105dzenia, z mo\u017cliwo\u015bci\u0105 wielokrotnego \u0142adowania, aby umo\u017cliwi\u0107 kontynuowanie wapowania bez odpad\u00f3w.<\/li>\n<li><strong>Port \u0142adowania typu C<\/strong>: Szybkie i efektywne \u0142adowanie, dzi\u0119ki kt\u00f3remu szybko wr\u00f3cisz do sesji wapowania.<\/li>\n<li><strong>6 \u015bwiate\u0142 RGB<\/strong>: Kolorowe o\u015bwietlenie RGB, kt\u00f3re aktywuje si\u0119 podczas wdechu, tworz\u0105c wizualnie atrakcyjne do\u015bwiadczenie wapowania.<\/li>\n<li><strong>Regulacja Przep\u0142ywu Powietrza<\/strong>: Dostosuj sw\u00f3j spos\u00f3b zaci\u0105gania si\u0119, aby dopasowa\u0107 go do Twojego ulubionego stylu wapowania - niezale\u017cnie od tego, czy wolisz g\u0119sty dym, czy te\u017c obfite chmury.<\/li>\n<li><strong>Kompaktowy i przeno\u015bny<\/strong>: Lekka konstrukcja sprawia, \u017ce jest \u0142atwa do przenoszenia i idealna do wapowania w podr\u00f3\u017cy.<\/li>\n<\/ul>\n<h3>Dlaczego wybra\u0107 <a href=\"https:\/\/casinovape.de\/pl\/kategoria-produktu\/losowe-jednorazowe-waporyzatory\/\">Losowy Tornado 12000 Puffs<\/a>?<\/h3>\n<ul>\n<li><strong>D\u0142ugotrwa\u0142a przyjemno\u015b\u0107<\/strong>: Dzi\u0119ki 12 000 zaci\u0105gni\u0119\u0107 oraz 20 ml e-p\u0142ynu, ta vape pen gwarantuje, \u017ce nie b\u0119dziesz musia\u0142 ci\u0105gle wymienia\u0107 urz\u0105dzenia. Idealna dla regularnych waper\u00f3w, kt\u00f3rzy chc\u0105 uzyska\u0107 warto\u015b\u0107 za swoje pieni\u0105dze.<\/li>\n<li><strong>\u0141adowalne dla wygody<\/strong>: W przeciwie\u0144stwie do wi\u0119kszo\u015bci jednorazowych waporyzator\u00f3w, ten model oferuje mo\u017cliwo\u015b\u0107 ponownego \u0142adowania, zmniejszaj\u0105c ilo\u015b\u0107 odpad\u00f3w i przed\u0142u\u017caj\u0105c \u017cywotno\u015b\u0107 urz\u0105dzenia.<\/li>\n<li><strong>Wielofunkcyjny Przep\u0142yw Powietrza<\/strong>: Regulowany przep\u0142yw powietrza pozwala na precyzyjne dostosowanie do\u015bwiadczenia, co sprawia, \u017ce jest idealny dla wszystkich rodzaj\u00f3w waporyzator\u00f3w.<\/li>\n<li><strong>Premiumowe Smaki<\/strong>: Wybierz spo\u015br\u00f3d szerokiej gamy aromatycznych opcji, z kt\u00f3rych ka\u017cda zosta\u0142a zaprojektowana tak, aby zapewni\u0107 niezapomniane doznania smakowe z ka\u017cdym zaci\u0105gni\u0119ciem.<\/li>\n<li><strong>Stylowe o\u015bwietlenie RGB<\/strong>: Wyr\u00f3\u017cnij si\u0119 dzi\u0119ki odwa\u017cnym i kolorowym \u015bwiat\u0142om RGB, dodaj\u0105c odrobin\u0119 osobowo\u015bci do Twoich sesji vape.<\/li>\n<li><strong>Szybka Wysy\u0142ka<\/strong>: Ciesz si\u0119 szybk\u0105 dostaw\u0105 od naszego <strong>Europejski Magazyn Vape<\/strong>, zapewniaj\u0105c, \u017ce Twoje zam\u00f3wienie dotrze w ci\u0105gu 3-7 dni dla szybkiego zadowolenia.<\/li>\n<li><strong>Zaufane marki<\/strong>: Sprzedajemy tylko najlepsze marki premium <strong>Casinovape<\/strong>, wi\u0119c mo\u017cesz zaufa\u0107 jako\u015bci i autentyczno\u015bci swojego zakupu.<\/li>\n<\/ul>\n<p><img loading=\"lazy\" decoding=\"async\" class=\"alignnone wp-image-4864 size-full\" src=\"https:\/\/casinovape.de\/wp-content\/uploads\/2024\/12\/Fumot-RandM-Digital-Box-12000-Puffs-2.webp\" alt=\"Europejski Magazyn Losowy Tornado 12000 Puff\u00f3w Nisk\u0105 Zawarto\u015b\u0107 Nikotyny Oryginalna Autentyczna \u0141adowalna Jednorazowa Waporyzator - 10 sztuk w pude\u0142ku\" width=\"1280\" height=\"1810\" srcset=\"https:\/\/casinovape.de\/wp-content\/uploads\/2024\/12\/Fumot-RandM-Digital-Box-12000-Puffs-2.webp 1280w, https:\/\/casinovape.de\/wp-content\/uploads\/2024\/12\/Fumot-RandM-Digital-Box-12000-Puffs-2-212x300.webp 212w, https:\/\/casinovape.de\/wp-content\/uploads\/2024\/12\/Fumot-RandM-Digital-Box-12000-Puffs-2-724x1024.webp 724w, https:\/\/casinovape.de\/wp-content\/uploads\/2024\/12\/Fumot-RandM-Digital-Box-12000-Puffs-2-768x1086.webp 768w, https:\/\/casinovape.de\/wp-content\/uploads\/2024\/12\/Fumot-RandM-Digital-Box-12000-Puffs-2-1086x1536.webp 1086w, https:\/\/casinovape.de\/wp-content\/uploads\/2024\/12\/Fumot-RandM-Digital-Box-12000-Puffs-2-8x12.webp 8w, https:\/\/casinovape.de\/wp-content\/uploads\/2024\/12\/Fumot-RandM-Digital-Box-12000-Puffs-2-600x848.webp 600w\" sizes=\"auto, (max-width: 1280px) 100vw, 1280px\" \/><\/p>\n<h3>Poznaj r\u00f3\u017cnorodn\u0105 gam\u0119 smak\u00f3w<\/h3>\n<p>The \nnie wymaga t\u0142umaczenia <strong>Losowy Tornado 12000 Puffs<\/strong> Dost\u0119pna jest w imponuj\u0105cym zakresie smak\u00f3w, ka\u017cdy zaprojektowany tak, aby podnie\u015b\u0107 Twoje do\u015bwiadczenie z wapowaniem. Oto niekt\u00f3re z najpopularniejszych opcji:<\/p>\n<ul>\n<li><strong>Bubblegum<\/strong>: Sentimentalny, s\u0142odki pocz\u0119stunek, kt\u00f3ry przywo\u0142uje wspomnienia dzieci\u0144stwa.<\/li>\n<li><strong>Cerry Cola \nnie,  Czarna Kolacja nie,  Wi\u015bniowa Cola<\/strong>: Fizyczna mieszanka wi\u015bni i coli dla orze\u017awiaj\u0105cego wybuchu smaku.<\/li>\n<li><strong>L\u00f3d Winogronowy<\/strong>S\u0142odki smak winogrona z orze\u017awiaj\u0105cym mentolowym akcentem dla ch\u0142odnego wapowania.<\/li>\n<li><strong>Lodzik<\/strong>: Kwasowy, orze\u017awiaj\u0105cy smak przypominaj\u0105cy klasyczn\u0105 lodow\u0105 lizak.<\/li>\n<li><strong>Mango On Ice<\/strong>: Tropikalna mango w po\u0142\u0105czeniu z lodowat\u0105 mentolem dla ch\u0142odnego, egzotycznego wapowania.<\/li>\n<li><strong>Mi\u0119ta<\/strong>: Czysty, orze\u017awiaj\u0105cy smak mi\u0119ty dla od\u015bwie\u017caj\u0105cego wdechu.<\/li>\n<li><strong>Mieszane jagody<\/strong>Mieszanka jagodowa o s\u0142odkim i kwa\u015bnym profilu.<\/li>\n<li><strong>Peach Ice<\/strong>Sokowaty smak brzoskwi\u0144 uzupe\u0142niony orze\u017awiaj\u0105cym finiszem mentolowym.<\/li>\n<li><strong>Truskawkowy Banan<\/strong>Kremowa kombinacja truskawek i banan\u00f3w dla g\u0142adkiego, s\u0142odkiego smaku.<\/li>\n<\/ul>\n<h3>Idealny Wyb\u00f3r dla Ka\u017cdego Vapera<\/h3>\n<p>Szukasz premiumowego, d\u0142ugo trwa\u0142ego jednorazowego waporyzatora o najwy\u017cszym poziomie wydajno\u015bci? The <strong>Losowa Tornado 12000 Puff\u00f3w Akumulatorowa Jednorazowa Waporyzator<\/strong> jest rozwi\u0105zaniem. Dzi\u0119ki szerokiemu zakresowi smak\u00f3w, wygodzie do\u0142adowywania oraz mo\u017cliwo\u015bci personalizacji przep\u0142ywu powietrza, urz\u0105dzenie to oferuje wszystko, czego potrzebujesz do uzyskania najlepszego do\u015bwiadczenia z wapowaniem.<\/p>\n<p>Kup teraz od<a href=\"https:\/\/casinovape.de\/pl\/\"> <strong>Casinovape<\/strong><\/a>Twoj niezawodny \u017ar\u00f3d\u0142o premium jednorazowych waporyzator\u00f3w w Niemczech i ciesz si\u0119 <strong>szybka wysy\u0142ka<\/strong> prosto z naszego <strong>Magazyn europejski<\/strong>. Niezale\u017cnie od tego, czy szukasz najlepszej warto\u015bci, niezawodnej jako\u015bci czy innowacyjnych funkcji, Random Tornado 12000 to Tw\u00f3j ostateczny wyb\u00f3r dla idealnego do\u015bwiadczenia z wapowaniem.<\/p>\n<p><strong>Gotowy, aby podnie\u015b\u0107 sw\u00f3j waporyzacyjny game? Zam\u00f3w sw\u00f3j zestaw 10 losowych Tornado 12000 Puffs Rechargeable Disposable Vape Pens ju\u017c dzi\u015b i do\u015bwiadcz r\u00f3\u017cnicy!<\/strong><\/p>","protected":false},"excerpt":{"rendered":"<div class=\"flex-shrink-0 flex flex-col relative items-end\">\n<div class=\"pt-0\">\n<div class=\"gizmo-shadow-stroke flex h-8 w-8 items-center justify-center overflow-hidden rounded-full\">\n<div class=\"h-full w-full\">\n<div class=\"gizmo-shadow-stroke overflow-hidden rounded-full\">The \nnie wymaga t\u0142umaczenia <strong>Losowa Tornado 12000 Puff\u00f3w Akumulatorowa Jednorazowa Waporyzator<\/strong> oferuje do 12 000 zaci\u0105gni\u0119\u0107, pojemno\u015b\u0107 e-p\u0142ynu 20 ml, akumulator 850 mAh z mo\u017cliwo\u015bci\u0105 ponownego \u0142adowania i portem Type-C, regulowany przep\u0142yw powietrza, \u017cyw\u0105 iluminacj\u0119 RGB oraz szerok\u0105 gam\u0119 premium smak\u00f3w dla d\u0142ugotrwa\u0142ego i spersonalizowanego do\u015bwiadczenia z wapowaniem.<\/div>\n<div>Istnieje wiele rabat\u00f3w na paczki<strong> ten<\/strong>Przyjd\u017a i kup je!<\/div>\n<\/div>\n<\/div>\n<\/div>\n<\/div>","protected":false},"featured_media":4949,"comment_status":"open","ping_status":"closed","template":"","meta":[],"product_brand":[],"product_cat":[39,78,82,83,84,86,89,90,91,92,94,98,99,65,66,67,68,69,70,71,72,73,74,75,76,77,57,60,45,48,50,52,54],"product_tag":[],"class_list":{"0":"post-4915","1":"product","2":"type-product","3":"status-publish","4":"has-post-thumbnail","6":"product_cat-random-disposable-vapes","7":"product_cat-buy-best-disposable-vape-flavors","8":"product_cat-cherry-flavor-disposable-vapes","9":"product_cat-cola-flavor-disposable-vapes","10":"product_cat-grape-flavor-disposable-vapes","11":"product_cat-ice-flavor-disposable-vapes","12":"product_cat-lush-flavor-disposable-vapes","13":"product_cat-mango-flavor-disposable-vapes","14":"product_cat-mint-flavor-disposable-vapes","15":"product_cat-mixed-berries-flavor-disposable-vapes","16":"product_cat-peach-flavor-disposable-vapes","17":"product_cat-strawberry-flavor-disposable-vapes","18":"product_cat-watermelon-flavor-disposable-vapes","19":"product_cat-best-disposable-vape-in-europe","20":"product_cat-buy-disposable-vapes-in-austria","21":"product_cat-buy-disposable-vapes-in-belgium","22":"product_cat-buy-disposable-vapes-in-france","23":"product_cat-buy-disposable-vapes-in-germany","24":"product_cat-buy-disposable-vapes-in-italy","25":"product_cat-buy-disposable-vapes-in-netherlands","26":"product_cat-buy-disposable-vapes-in-norway","27":"product_cat-buy-disposable-vapes-in-poland","28":"product_cat-buy-disposable-vapes-in-portugal","29":"product_cat-buy-disposable-vapes-in-spain","30":"product_cat-buy-disposable-vapes-in-sweden","31":"product_cat-buy-disposable-vapes-in-switzerland","32":"product_cat-shop-disposable-vapes-by-puffs","33":"product_cat-12000-puff-disposable-vape","34":"product_cat-disposable-vape-types","35":"product_cat-big-puffs-disposable-vapes","36":"product_cat-digital-box-disposable-vapes","37":"product_cat-lower-nicotine-disposable-vapes","38":"product_cat-rechargeable-disposable-vapes","40":"first","41":"outofstock","42":"shipping-taxable","43":"product-type-variable"},"jetpack_sharing_enabled":true,"_links":{"self":[{"href":"https:\/\/casinovape.de\/pl\/wp-json\/wp\/v2\/product\/4915","targetHints":{"allow":["GET"]}}],"collection":[{"href":"https:\/\/casinovape.de\/pl\/wp-json\/wp\/v2\/product"}],"about":[{"href":"https:\/\/casinovape.de\/pl\/wp-json\/wp\/v2\/types\/product"}],"replies":[{"embeddable":true,"href":"https:\/\/casinovape.de\/pl\/wp-json\/wp\/v2\/comments?post=4915"}],"wp:featuredmedia":[{"embeddable":true,"href":"https:\/\/casinovape.de\/pl\/wp-json\/wp\/v2\/media\/4949"}],"wp:attachment":[{"href":"https:\/\/casinovape.de\/pl\/wp-json\/wp\/v2\/media?parent=4915"}],"wp:term":[{"taxonomy":"product_brand","embeddable":true,"href":"https:\/\/casinovape.de\/pl\/wp-json\/wp\/v2\/product_brand?post=4915"},{"taxonomy":"product_cat","embeddable":true,"href":"https:\/\/casinovape.de\/pl\/wp-json\/wp\/v2\/product_cat?post=4915"},{"taxonomy":"product_tag","embeddable":true,"href":"https:\/\/casinovape.de\/pl\/wp-json\/wp\/v2\/product_tag?post=4915"}],"curies":[{"name":"wp","href":"https:\/\/api.w.org\/{rel}","templated":true}]}}