{"id":4475,"date":"2024-11-27T13:06:11","date_gmt":"2024-11-27T13:06:11","guid":{"rendered":"https:\/\/casinovape.de\/?post_type=product&#038;p=4475"},"modified":"2025-05-12T06:54:23","modified_gmt":"2025-05-12T06:54:23","slug":"magazyn-europejski-adalya-16000-zaciagniec-o-niskiej-zawartosci-nikotyny-kup-oryginalny-authentisch-akumulatorowy-jednorazowy-dlugopis-vapes","status":"publish","type":"product","link":"https:\/\/casinovape.de\/pl\/produkt\/magazyn-europejski-adalya-16000-zaciagniec-o-niskiej-zawartosci-nikotyny-kup-oryginalny-authentisch-akumulatorowy-jednorazowy-dlugopis-vapes\/","title":{"rendered":"Magazyn Europejski Adalya 16000 Puffs Niski Nikotyna Kup oryginalny Autentyczny Rechargeable Disposable Vapes Pen"},"content":{"rendered":"<h2><img loading=\"lazy\" decoding=\"async\" class=\"alignnone wp-image-4015 size-full\" src=\"https:\/\/casinovape.de\/wp-content\/uploads\/2024\/11\/PUFF-ADALYA-16000-2.webp\" alt=\"Magazyn Europejski Adalya 16000 Puffs Niski Nikotyna Kup oryginalny Autentyczny Rechargeable Disposable Vapes Pen \" width=\"613\" height=\"379\" srcset=\"https:\/\/casinovape.de\/wp-content\/uploads\/2024\/11\/PUFF-ADALYA-16000-2.webp 613w, https:\/\/casinovape.de\/wp-content\/uploads\/2024\/11\/PUFF-ADALYA-16000-2-300x185.webp 300w, https:\/\/casinovape.de\/wp-content\/uploads\/2024\/11\/PUFF-ADALYA-16000-2-18x12.webp 18w, https:\/\/casinovape.de\/wp-content\/uploads\/2024\/11\/PUFF-ADALYA-16000-2-600x371.webp 600w\" sizes=\"auto, (max-width: 613px) 100vw, 613px\" \/><\/h2>\n<h2><a href=\"https:\/\/casinovape.de\/pl\/kategoria-produktu\/jednorazowe-waporyzatory-adalya\/\">Adalya 16000 Puffs<\/a>: Najlepsze Do\u015bwiadczenie z Vapingiem<\/h2>\n<p>Przedstawiamy <strong>Puff Adalya 16000 Puffs<\/strong>, pierwszy w historii e-hookah vape model od mi\u0119dzynarodowo uznanego <strong>Adalya<\/strong> Marka. Adalya od dawna jest synonimem wyj\u0105tkowych smak\u00f3w hookah, i wraz z nimi <strong>Puff Adalya 16000<\/strong>, przenie\u015bli t\u0119 spu\u015bcizn\u0119 do \u015bwiata elektronicznego wapowania. Zaprojektowany, aby imitowa\u0107 g\u0142adkie, bogate i satysfakcjonuj\u0105ce do\u015bwiadczenie tradycyjnego hookaha, ten jednorazowy waporyzator jest idealny dla tych, kt\u00f3rzy szukaj\u0105 wygody, szerokiej gamy smak\u00f3w i niezr\u00f3wnanej produkcji pary. Niezale\u017cnie od tego, czy jeste\u015b do\u015bwiadczonym waperem, czy nowym entuzjast\u0105, Puff Adalya 16000 zapewnia niezr\u00f3wnane do\u015bwiadczenie wapowania.<\/p>\n<p>To <strong>Wielokrotnego u\u017cytku, jednorazowa e-pi\u00f3ro<\/strong> oferuje do <strong>16 000 pff\u00f3w<\/strong>znacznie wi\u0119cej ni\u017c jego poprzednik, <strong>Puff Adalya 10,000<\/strong>Jego ulepszone funkcje obejmuj\u0105 regulowany system przep\u0142ywu powietrza, pot\u0119\u017cn\u0105 bateri\u0119 oraz imponuj\u0105c\u0105 pojemno\u015b\u0107 25 ml e-p\u0142ynu. Zaprojektowany dla tych, kt\u00f3rzy lubi\u0105 <strong>Bezpo\u015brednio-do-P\u0142uc (DTL)<\/strong> Styl waporyzacji, ta vape oferuje satysfakcjonuj\u0105ce, przewiewne i p\u0142ynne ssanie, kt\u00f3re wyr\u00f3\u017cnia j\u0105 na tle innych opcji dost\u0119pnych na rynku.<\/p>\n<h3>G\u0142\u00f3wne cechy <a href=\"https:\/\/casinovape.de\/pl\/kategoria-produktu\/jednorazowe-waporyzatory-adalya\/\">Adalya 16000 Puffs<\/a><\/h3>\n<ul>\n<li><strong>Pojemno\u015b\u0107 Puffy:<\/strong> Ciesz si\u0119 nawet do 16 000 zaci\u0105gni\u0119\u0107, gwarantuj\u0105c przed\u0142u\u017cone u\u017cytkowanie z ka\u017cdym waporyzatorem.<\/li>\n<li><strong>Styl waporyzacji:<\/strong> Bezpo\u015bredni Do P\u0142uc (DTL), zapewniaj\u0105cy g\u0142\u0119bsze i p\u0142ynniejsze wdychanie dla entuzjast\u00f3w, kt\u00f3rzy preferuj\u0105 wi\u0119ksze chmury pary.<\/li>\n<li><strong>Si\u0142a nikotyny:<\/strong> 20mg (2%) zawarto\u015b\u0107 nikotyny, idealna dla os\u00f3b, kt\u00f3re lubi\u0105 umiarkowany zastrzyk nikotyny.<\/li>\n<li><strong>Zamek bezpiecze\u0144stwa:<\/strong> Obejmuje przycisk blokady dla bezpiecze\u0144stwa, zapobiegaj\u0105c aktywacji urz\u0105dzenia w torbie lub kieszeni.<\/li>\n<li><strong>Typ przep\u0142ywu powietrza:<\/strong> W pe\u0142ni regulowany ci\u0105g, pozwalaj\u0105cy na kontrol\u0119 nad do\u015bwiadczeniem wapowania. Niezale\u017cnie od tego, czy wolisz ciasny ci\u0105g, czy bardziej otwarty przep\u0142yw powietrza, mo\u017cesz dostosowa\u0107 go do swoich preferencji.<\/li>\n<li><strong>Op\u00f3r cewki:<\/strong> 0,6 Ohm, zapewniaj\u0105c balans smaku i produkcji pary, idealne dla \u0142owc\u00f3w chmur i koneser\u00f3w smaku.<\/li>\n<li><strong>Konstrukcja cewki:<\/strong> Zaawansowana technologia cewek zaprojektowana dla maksymalnego smaku i wydajno\u015bci pary, zapewniaj\u0105ca sta\u0142\u0105 wydajno\u015b\u0107 przez ca\u0142y okres u\u017cytkowania vape'a.<\/li>\n<li><strong>Obj\u0119to\u015b\u0107 e-p\u0142ynu:<\/strong> 25 ml premiumowej e-cieczy, gwarantuj\u0105cej d\u0142ugotrwa\u0142y smak przy ka\u017cdym u\u017cyciu.<\/li>\n<li><strong>Pojemno\u015b\u0107 baterii:<\/strong> 850 mAh, zapewniaj\u0105c d\u0142ugo dzia\u0142aj\u0105c\u0105 bateri\u0119, kt\u00f3r\u0105 mo\u017cna \u0142atwo na\u0142adowa\u0107 <strong>Port C<\/strong>.<\/li>\n<li><strong>Wodoszczelna konstrukcja:<\/strong> Urz\u0105dzenie zosta\u0142o zaprojektowane tak, aby zapobiega\u0107 przeciekom, zapewniaj\u0105c niezagracone do\u015bwiadczenie z wapowaniem.<\/li>\n<li><strong>Wy\u015bwietlacz cyfrowy:<\/strong> Inteligentny wy\u015bwietlacz cyfrowy, kt\u00f3ry pokazuje czas pracy baterii w czasie rzeczywistym oraz poziomy e-p\u0142yn\u00f3w, dzi\u0119ki czemu nigdy nie zabraknie Ci niespodziewanie.<\/li>\n<li><strong>Nie Wymagaj\u0105cy Konserwacji:<\/strong> Nie wymaga regularnego czyszczenia ani konserwacji. Po prostu korzystaj i \u0142aduj w razie potrzeby.<\/li>\n<li><strong>\u0141adowalny:<\/strong> W przeciwie\u0144stwie do tradycyjnych jednorazowych waporyzator\u00f3w, Puff Adalya 16000 jest \u0142adowalny, zapewniaj\u0105c zr\u00f3wnowa\u017cono\u015b\u0107 i d\u0142u\u017csze u\u017cytkowanie.<\/li>\n<\/ul>\n<h3>Smak\u00f3w <a href=\"https:\/\/casinovape.de\/pl\/kategoria-produktu\/jednorazowe-waporyzatory-adalya\/\">Adalya 16000 Puffs<\/a><\/h3>\n<p>Puff Adalya 16000 oferuje wykwintn\u0105 gam\u0119 smak\u00f3w, zaprojektowan\u0105 tak, aby zaspokoi\u0107 ka\u017cde upodobanie smakowe. Te smaki s\u0105 inspirowane s\u0142ynnymi mieszankami hookah marki Adalya, starannie stworzonymi, aby zapewni\u0107 autentyczne do\u015bwiadczenie wapowania. Oto lista dost\u0119pnych smak\u00f3w:<\/p>\n<ol>\n<li><strong>Mi\u0119ta<\/strong> Klasyczny i orze\u017awiaj\u0105cy smak mi\u0119ty, kt\u00f3ry zapewnia lodowate, ch\u0142odne doznanie z ka\u017cdym zaci\u0105gni\u0119ciem. Idealny dla tych, kt\u00f3rzy kochaj\u0105 chrupi\u0105cy, mentolowy experience.<\/li>\n<li><strong>Bor\u00f3wka<\/strong> S\u0142odkie, soczyste bor\u00f3wki z nut\u0105 kwaskowo\u015bci. Ten smak oferuje g\u0142adki, owocowy waporyzator, kt\u00f3ry jest lekki, orze\u017awiaj\u0105cy i idealny do ca\u0142odniowego wapowania.<\/li>\n<li><strong>Ananas<\/strong> Tropikalna mieszanka dojrza\u0142ego, soczystego ananasa, kt\u00f3ry rozp\u0142ywa si\u0119 w s\u0142odyczy. Idealny smak dla tych, kt\u00f3rzy kochaj\u0105 s\u0142odki i kwa\u015bny profil owocowy.<\/li>\n<li><strong>Brzoskwini<\/strong> Luksusowe, soczyste brzoskwinie zapewniaj\u0105 bogaty, aksamitny smak, kt\u00f3ry jest zar\u00f3wno s\u0142odki, jak i lekko kwa\u015bny. Ten smak oddaje esencj\u0119 \u015bwie\u017cych brzoskwi\u0144 w ka\u017cdym oddechu.<\/li>\n<li><strong>Winogrono<\/strong> Bogatym, pe\u0142nym smaku winogronowym aromatem, kt\u00f3ry \u0142\u0105czy s\u0142odycz dojrza\u0142ych winogron z g\u0142adkim, zaokr\u0105glonym finiszem. Ulubiony w\u015br\u00f3d waper\u00f3w, kt\u00f3rzy lubi\u0105 wyraziste smaki owocowe.<\/li>\n<li><strong>Arbuz<\/strong> \u015awie\u017cy i soczysty smak arbuza, kt\u00f3ry jest zar\u00f3wno nawadniaj\u0105cy, jak i orze\u017awiaj\u0105cy. Ten smak oddaje esencj\u0119 lata z ka\u017cdym wdechem, oferuj\u0105c lekki, chrupi\u0105cy vape.<\/li>\n<li><strong>Truskawka<\/strong> S\u0142odkie i aromatyczne truskawki o\u017cywaj\u0105 w tym pysznym smaku vape. Obowi\u0105zkowy wyr\u00f3b dla mi\u0142o\u015bnik\u00f3w owoc\u00f3w, zapewniaj\u0105cy satysfakcjonuj\u0105ce s\u0142odkie do\u015bwiadczenie jagodowe.<\/li>\n<li><strong>Mango<\/strong> Tropikalne mango, przepe\u0142nione s\u0142odycz\u0105 i nut\u0105 kwaskowo\u015bci, tworz\u0105 doskonale zbalansowany smak, kt\u00f3ry jest zar\u00f3wno bogaty, jak i orze\u017awiaj\u0105cy. Obowi\u0105zkowy produkt dla mi\u0142o\u015bnik\u00f3w mango.<\/li>\n<li><strong>Limonada<\/strong> Kwa\u015bny i s\u0142odki sok z cytryny, orze\u017awiaj\u0105cy smak cytrusowy idealny dla gor\u0105cych letnich dni. Lekki, pikantny waporyzator z odpowiedni\u0105 ilo\u015bci\u0105 s\u0142odyczy.<\/li>\n<li><strong>Tyto\u0144<\/strong> Bogat\u0105, pe\u0142n\u0105 cia\u0142a smak tytoniu, kt\u00f3ry oddaje klasyczne ziemiste, dymne nuty tradycyjnego tytoniu. Idealny dla tych, kt\u00f3rzy preferuj\u0105 bardziej intensywne i dojrza\u0142e do\u015bwiadczenie z wapowania.<\/li>\n<li><strong>Krem waniliowy<\/strong> Kremowy, bogaty smak budyniu z nutami s\u0142odkiej wanilii. Ten luksusowy, deserowy smak jest idealny dla os\u00f3b z s\u0142odkim z\u0119bem.<\/li>\n<li><strong>Lody<\/strong> S\u0142odki i kremowy smak lod\u00f3w, bogaty w wanili\u0119 o g\u0142adkiej, aksamitnej konsystencji. Waporyzator inspirowany deserem, kt\u00f3ry jest zar\u00f3wno satysfakcjonuj\u0105cy, jak i pocieszaj\u0105cy.<\/li>\n<li><strong>Bubblegum<\/strong> Zabawny, nostalgiczny smak gumy do \u017cucia, kt\u00f3ry jest s\u0142odki, ci\u0105gn\u0105cy si\u0119 i pe\u0142en \u017cycia. Przypominaj\u0105cy dzieci\u0119ce dni, ten smak z pewno\u015bci\u0105 zachwyci ka\u017cdego, kto ma s\u0142abo\u015b\u0107 do s\u0142odyczy.<\/li>\n<li><strong>Cola<\/strong> Szybki, s\u0142odki smak coli, kt\u00f3ry przenosi orze\u017awiaj\u0105cy smak sody do Twojego waporyzatora. Idealny dla tych, kt\u00f3rzy kochaj\u0105 do\u015bwiadczenie gazowanej wody z s\u0142odkim kopni\u0119ciem.<\/li>\n<li><strong>Kiwi<\/strong> Kwa\u015bny, a zarazem s\u0142odki smak kiwi, kt\u00f3ry jest jasny i tropikalny. Ten smak oferuje balans s\u0142odyczy i kwa\u015bno\u015bci, czyni\u0105c go ekscytuj\u0105cym wyborem dla odwa\u017cnych waper\u00f3w.<\/li>\n<\/ol>\n<h3>Dlaczego Warto Kupi\u0107 <a href=\"https:\/\/casinovape.de\/pl\/kategoria-produktu\/jednorazowe-waporyzatory-adalya\/\">Adalya 16000 Puffs<\/a><\/h3>\n<ul>\n<li><strong>D\u0142ugotrwa\u0142e u\u017cytkowanie:<\/strong> Z 16 000 zaci\u0105gni\u0119ciami na urz\u0105dzenie, Puff Adalya 16000 zapewnia wyj\u0105tkow\u0105 warto\u015b\u0107 dla waper\u00f3w, kt\u00f3rzy chc\u0105 cieszy\u0107 si\u0119 swoim urz\u0105dzeniem przez d\u0142u\u017cszy czas bez ci\u0105g\u0142ej wymiany.<\/li>\n<li><strong>Wysoka Jako\u015b\u0107:<\/strong> Adalya to nazwa synonimem jako\u015bci, a to urz\u0105dzenie jest jej godne. Dzi\u0119ki starannie przygotowanym e-p\u0142ynam, zaawansowanej technologii cewek i konstrukcji z mo\u017cliwo\u015bci\u0105 \u0142adowania, jest to produkt, na kt\u00f3ry mo\u017cesz liczy\u0107.<\/li>\n<li><strong>Wygoda:<\/strong> Puff Adalya 16000 zosta\u0142 zaprojektowany dla waporyzator\u00f3w, kt\u00f3rzy chc\u0105 mie\u0107 bezproblemowe do\u015bwiadczenie. Z jego <strong>regulowany przep\u0142yw powietrza<\/strong>, <strong>konstrukcja nie wymagaj\u0105ca konserwacji<\/strong>i <strong>\u0141atwe \u0142adowanie<\/strong>Jest idealny zar\u00f3wno dla nowicjuszy, jak i do\u015bwiadczonych waper\u00f3w.<\/li>\n<li><strong>R\u00f3\u017cnorodno\u015b\u0107 Smak\u00f3w:<\/strong> Dzi\u0119ki ponad 14 niesamowitym smakom do wyboru, Puff Adalya 16000 pozwala Ci na delektowanie si\u0119 szerok\u0105 gam\u0105 profili smakowych. Niezale\u017cnie od tego, czy preferujesz owocowe, mi\u0119towe czy deserowe smaki, ka\u017cdy znajdzie co\u015b dla siebie.<\/li>\n<li><strong>Szybka Dostawa:<\/strong> Ciesz si\u0119 szybk\u0105 dostaw\u0105 z naszego <strong>Europejski Magazyn Vape<\/strong>Twoje zam\u00f3wienie zostanie dostarczone ju\u017c wkr\u00f3tce <strong>3-7 dni<\/strong>Zapewniaj\u0105c, \u017ce nie musisz d\u0142ugo czeka\u0107 na sw\u00f3j nowy ulubiony waporyzator.<\/li>\n<li><strong>Zr\u00f3wnowa\u017cony rozw\u00f3j:<\/strong> W przeciwie\u0144stwie do tradycyjnych jednorazowych waporyzator\u00f3w, <strong>cecha akumulatora<\/strong> Umo\u017cliwia bardziej efektywne wykorzystanie ka\u017cdego urz\u0105dzenia, zmniejszaj\u0105c ilo\u015b\u0107 odpad\u00f3w i zapewniaj\u0105c bardziej zr\u00f3wnowa\u017cone do\u015bwiadczenie zwi\u0105zane z wapowaniem.<\/li>\n<\/ul>\n<h3>Kup Puff Adalya 16000 Dzi\u015b<\/h3>\n<p>Gotowy do podniesienia swojego do\u015bwiadczenia z wapowaniem? Kup sw\u00f3j <strong>Puff Adalya 16000 Puffs<\/strong> od <a href=\"https:\/\/casinovape.de\/pl\/\"><strong>Casinovape<\/strong><\/a>, najwi\u0119ksza internetowa platforma sprzeda\u017cy detalicznej dla jednorazowych waporyzator\u00f3w <strong>Deutschland<\/strong>Oferujemy szeroki zakres premium jednorazowych waporyzator\u00f3w, w tym <strong>Al Fakher<\/strong>, <strong>Fizzy<\/strong>, <strong>OBEELAB HHC<\/strong>, <strong>Randm Fumot<\/strong>i <strong>SMPO DL02<\/strong> marek. Bez minimalnej ilo\u015bci zam\u00f3wienia mo\u017cesz zacz\u0105\u0107 od zakupu tylko <strong>1 sztuka<\/strong>\u2014 i otrzymaj j\u0105 wys\u0142an\u0105 z naszego europejskiego magazynu w ci\u0105gu <strong>3-7 dni<\/strong>Nie przegap najwy\u017cszego do\u015bwiadczenia z wapowaniem. Zam\u00f3w ju\u017c teraz!<\/p>","protected":false},"excerpt":{"rendered":"<p>Odkryj <strong>Puff Adalya 16000 Puffs<\/strong> Wielorazowa, jednorazowa e-papieros. Z nawet do 16 000 zaci\u0105gni\u0119\u0107, regulowanym przep\u0142ywem powietrza oraz premium smakami, ciesz si\u0119 d\u0142ugotrwa\u0142ym, g\u0142adkim do\u015bwiadczeniem wapowania. Szybka dostawa z naszego Europejskiego Magazynu Vape!<\/p>","protected":false},"featured_media":4016,"comment_status":"open","ping_status":"closed","template":"","meta":[],"product_brand":[],"product_cat":[36,78,79,81,83,84,86,87,88,89,90,91,94,95,98,99,65,66,67,68,69,70,71,72,73,74,75,76,77,57,62,45,48,50,52,54],"product_tag":[],"class_list":{"0":"post-4475","1":"product","2":"type-product","3":"status-publish","4":"has-post-thumbnail","6":"product_cat-adalya-disposable-vapes","7":"product_cat-buy-best-disposable-vape-flavors","8":"product_cat-apple-flavor-disposable-vapes","9":"product_cat-blueberry-flavor-disposable-vapes","10":"product_cat-cola-flavor-disposable-vapes","11":"product_cat-grape-flavor-disposable-vapes","12":"product_cat-ice-flavor-disposable-vapes","13":"product_cat-kiwi-flavor-disposable-vapes","14":"product_cat-lemon-flavor-disposable-vapes","15":"product_cat-lush-flavor-disposable-vapes","16":"product_cat-mango-flavor-disposable-vapes","17":"product_cat-mint-flavor-disposable-vapes","18":"product_cat-peach-flavor-disposable-vapes","19":"product_cat-pineapple-flavor-disposable-vapes","20":"product_cat-strawberry-flavor-disposable-vapes","21":"product_cat-watermelon-flavor-disposable-vapes","22":"product_cat-best-disposable-vape-in-europe","23":"product_cat-buy-disposable-vapes-in-austria","24":"product_cat-buy-disposable-vapes-in-belgium","25":"product_cat-buy-disposable-vapes-in-france","26":"product_cat-buy-disposable-vapes-in-germany","27":"product_cat-buy-disposable-vapes-in-italy","28":"product_cat-buy-disposable-vapes-in-netherlands","29":"product_cat-buy-disposable-vapes-in-norway","30":"product_cat-buy-disposable-vapes-in-poland","31":"product_cat-buy-disposable-vapes-in-portugal","32":"product_cat-buy-disposable-vapes-in-spain","33":"product_cat-buy-disposable-vapes-in-sweden","34":"product_cat-buy-disposable-vapes-in-switzerland","35":"product_cat-shop-disposable-vapes-by-puffs","36":"product_cat-16000-puff-disposable-vape","37":"product_cat-disposable-vape-types","38":"product_cat-big-puffs-disposable-vapes","39":"product_cat-digital-box-disposable-vapes","40":"product_cat-lower-nicotine-disposable-vapes","41":"product_cat-rechargeable-disposable-vapes","43":"first","44":"outofstock","45":"shipping-taxable","46":"product-type-variable"},"jetpack_sharing_enabled":true,"_links":{"self":[{"href":"https:\/\/casinovape.de\/pl\/wp-json\/wp\/v2\/product\/4475","targetHints":{"allow":["GET"]}}],"collection":[{"href":"https:\/\/casinovape.de\/pl\/wp-json\/wp\/v2\/product"}],"about":[{"href":"https:\/\/casinovape.de\/pl\/wp-json\/wp\/v2\/types\/product"}],"replies":[{"embeddable":true,"href":"https:\/\/casinovape.de\/pl\/wp-json\/wp\/v2\/comments?post=4475"}],"wp:featuredmedia":[{"embeddable":true,"href":"https:\/\/casinovape.de\/pl\/wp-json\/wp\/v2\/media\/4016"}],"wp:attachment":[{"href":"https:\/\/casinovape.de\/pl\/wp-json\/wp\/v2\/media?parent=4475"}],"wp:term":[{"taxonomy":"product_brand","embeddable":true,"href":"https:\/\/casinovape.de\/pl\/wp-json\/wp\/v2\/product_brand?post=4475"},{"taxonomy":"product_cat","embeddable":true,"href":"https:\/\/casinovape.de\/pl\/wp-json\/wp\/v2\/product_cat?post=4475"},{"taxonomy":"product_tag","embeddable":true,"href":"https:\/\/casinovape.de\/pl\/wp-json\/wp\/v2\/product_tag?post=4475"}],"curies":[{"name":"wp","href":"https:\/\/api.w.org\/{rel}","templated":true}]}}