{"id":4386,"date":"2024-11-27T13:05:58","date_gmt":"2024-11-27T13:05:58","guid":{"rendered":"https:\/\/casinovape.de\/?post_type=product&#038;p=4386"},"modified":"2025-05-12T07:26:20","modified_gmt":"2025-05-12T07:26:20","slug":"europejski-magazyn-fumot-randm-tornado-15000-puffs-o-niskiej-zawartosci-nikotyny-kup-oryginalny-authentisch-akumulator-jednorazowe-vapes-pen","status":"publish","type":"product","link":"https:\/\/casinovape.de\/pl\/produkt\/europejski-magazyn-fumot-randm-tornado-15000-puffs-o-niskiej-zawartosci-nikotyny-kup-oryginalny-authentisch-akumulator-jednorazowe-vapes-pen\/","title":{"rendered":"Magazyn Europejski Fumot RandM Tornado 15000 Puff\u00f3w Nisk\u0105 zawarto\u015bci\u0105 nikotyny  Kup oryginalne Autentyczne  Akumulatory  Waporyzator jednorazowy"},"content":{"rendered":"<div style=\"width: 1020px;\" class=\"wp-video\"><!--[if lt IE 9]><script>document.createElement('video');<\/script><![endif]-->\n<video class=\"wp-video-shortcode\" id=\"video-4386-1\" width=\"1020\" height=\"574\" preload=\"metadata\" controls=\"controls\"><source type=\"video\/mp4\" src=\"https:\/\/casinovape.de\/wp-content\/uploads\/2024\/11\/tornado-15000-\u89c6\u9891-\u538b\u7f29\u7248.mp4?_=1\" \/><a href=\"https:\/\/casinovape.de\/wp-content\/uploads\/2024\/11\/tornado-15000-\u89c6\u9891-\u538b\u7f29\u7248.mp4\">https:\/\/casinovape.de\/wp-content\/uploads\/2024\/11\/tornado-15000-\u89c6\u9891-\u538b\u7f29\u7248.mp4<\/a><\/video><\/div>\n<h2><strong>Fumot RandM Tornado 15000 Puff\u00f3w Jednorazowa E-Cygareta \u2013 Najlepsze Do\u015bwiadczenie Vapingu<\/strong><\/h2>\n<p>Je\u015bli jeste\u015b entuzjast\u0105 wapowania w Niemczech, nie ma lepszego sposobu na zaspokojenie Twoich pragnie\u0144 ni\u017c Fumot RandM Tornado 15000 Puffs Jednorazowa E-Cygareta. Znana ze swojej imponuj\u0105cej wydajno\u015bci i bogatych smak\u00f3w, ta premium jednorazowa waporyzator jest idealnym towarzyszem zar\u00f3wno dla nowych waper\u00f3w, jak i do\u015bwiadczonych entuzjast\u00f3w. Nape\u0142niona innowacjami i niezawodno\u015bci\u0105, \u0142\u0105czy wygod\u0119, styl i d\u0142ugotrwa\u0142e zadowolenie w jednym urz\u0105dzeniu.<\/p>\n<p>Dost\u0119pny wy\u0142\u0105cznie na casinovape.de, najwi\u0119kszej niemieckiej platformie internetowej dla jednorazowych e-papieros\u00f3w, RandM Tornado 15000 zosta\u0142 zaprojektowany, aby zapewni\u0107 niezr\u00f3wnane do\u015bwiadczenie wapowania. Przejd\u017amy przez wszystko, co oferuje to urz\u0105dzenie.<\/p>\n<p><img loading=\"lazy\" decoding=\"async\" class=\"alignnone wp-image-2933 size-full\" src=\"https:\/\/casinovape.de\/wp-content\/uploads\/2024\/11\/Fumot-RandM-Tornado-15000-1-scaled.webp\" alt=\"Magazyn Europejski Fumot RandM Tornado 15000 Puff\u00f3w Nisk\u0105 zawarto\u015bci\u0105 nikotyny  Kup oryginalne Autentyczne  Akumulatory  Waporyzator jednorazowy\" width=\"2560\" height=\"1641\" srcset=\"https:\/\/casinovape.de\/wp-content\/uploads\/2024\/11\/Fumot-RandM-Tornado-15000-1-scaled.webp 2560w, https:\/\/casinovape.de\/wp-content\/uploads\/2024\/11\/Fumot-RandM-Tornado-15000-1-300x192.webp 300w, https:\/\/casinovape.de\/wp-content\/uploads\/2024\/11\/Fumot-RandM-Tornado-15000-1-1024x656.webp 1024w, https:\/\/casinovape.de\/wp-content\/uploads\/2024\/11\/Fumot-RandM-Tornado-15000-1-768x492.webp 768w, https:\/\/casinovape.de\/wp-content\/uploads\/2024\/11\/Fumot-RandM-Tornado-15000-1-1536x984.webp 1536w, https:\/\/casinovape.de\/wp-content\/uploads\/2024\/11\/Fumot-RandM-Tornado-15000-1-2048x1313.webp 2048w, https:\/\/casinovape.de\/wp-content\/uploads\/2024\/11\/Fumot-RandM-Tornado-15000-1-18x12.webp 18w, https:\/\/casinovape.de\/wp-content\/uploads\/2024\/11\/Fumot-RandM-Tornado-15000-1-600x385.webp 600w\" sizes=\"auto, (max-width: 2560px) 100vw, 2560px\" \/><\/p>\n<h3><strong>Przegl\u0105d Produktu \u2013 <a href=\"https:\/\/casinovape.de\/pl\/kategoria-produktu\/randm-fumot-jednorazowe-waporyzatory\/\">Fumot<\/a> RandM Tornado 15000 Puffs<\/strong><\/h3>\n<p>Fumot RandM Tornado 15000 Puff\u00f3w Jednorazowa E-Cygareta wyr\u00f3\u017cnia si\u0119 na zat\u0142oczonym rynku wapowania dzi\u0119ki swoim unikalnym cechom. Jest ona wyposa\u017cona w bateri\u0119 o pojemno\u015bci 850mAh, zapewniaj\u0105c d\u0142ugotrwa\u0142e u\u017cytkowanie podczas przed\u0142u\u017conych sesji wapowania bez obawy o cz\u0119ste do\u0142adowywanie.<\/p>\n<p>Jedn\u0105 z wyr\u00f3\u017cniaj\u0105cych si\u0119 cech tego waporyzatora jest jego imponuj\u0105ca pojemno\u015b\u0107 25 ml e-liquidu, pozwalaj\u0105ca cieszy\u0107 si\u0119 ulubionymi sokami vape przez d\u0142u\u017cszy okres. Dzi\u0119ki nawet 15000 zaci\u0105gni\u0119\u0107 na urz\u0105dzenie, mo\u017cesz odda\u0107 si\u0119 satysfakcjonuj\u0105cemu do\u015bwiadczeniu bez konieczno\u015bci uzupe\u0142niania.<\/p>\n<p>Dzi\u0119ki swojej siatkowej cewce o rozmiarze 0,90 mm, ka\u017cda zaci\u0105gni\u0119cie si\u0119 zapewnia bogate, g\u0142adkie chmury pe\u0142ne smaku. Niezale\u017cnie od tego, czy chcesz cieszy\u0107 si\u0119 swobodnym wapowaniem, czy zanurzy\u0107 si\u0119 w g\u0142\u0119bokich, aromatycznych chmurach, cewka siatkowa gwarantuje sta\u0142\u0105 produkcj\u0119 pary.<\/p>\n<p>Co wi\u0119cej, zastosowanie portu \u0142adowania typu C zapewnia szybkie i efektywne \u0142adowanie, minimalizuj\u0105c czas przestoju mi\u0119dzy sesjami wapowania. Regulacja kontroli przep\u0142ywu powietrza pozwala r\u00f3wnie\u017c na dostosowanie zaci\u0105gni\u0119cia do znalezienia idealnego do\u015bwiadczenia wapowania, dostosowanego do Twoich preferencji.<\/p>\n<p>Na dodatek, Fumot RandM Tornado 15000 wyposa\u017cony jest w \u015bwiat\u0142o RGB, kt\u00f3re dodaje urz\u0105dzeniu wizualnie efektowny akcent, a tak\u017ce wskazuje status baterii. Niezale\u017cnie od tego, czy vape'ujesz w domu czy unterwegs, ta jednorazowa vape jest zaprojektowana, aby si\u0119 wyr\u00f3\u017cnia\u0107 i oferowa\u0107 funkcjonalny, stylowy dodatek do Twojej rutyny vape'owania.<\/p>\n<h3><strong>G\u0142\u00f3wne cechy <a href=\"https:\/\/casinovape.de\/pl\/kategoria-produktu\/randm-fumot-jednorazowe-waporyzatory\/\">Fumot<\/a> RandM Tornado 15000 Puff\u00f3w Jednorazowa Waporyzator<\/strong><\/h3>\n<ul>\n<li><strong>Bateria 850mAh<\/strong> \u2013 Zapewnia d\u0142ugotrwa\u0142\u0105 moc dla przed\u0142u\u017conych sesji wapowania.<\/li>\n<li><strong>25ml pojemno\u015b\u0107 e-p\u0142ynu<\/strong> \u2013 Pomie\u015bci du\u017c\u0105 ilo\u015b\u0107 e-liquidu, zapewniaj\u0105c maksymalne wykorzystanie urz\u0105dzenia.<\/li>\n<li><strong>0,90hm Mesh Coil<\/strong> \u2013 Dostarcza g\u0142adki, sta\u0142y par i wzmacnia produkcj\u0119 smaku z ka\u017cdym zaci\u0105gni\u0119ciem.<\/li>\n<li><strong>Port \u0142adowania typu C<\/strong> \u2013 Ciesz si\u0119 szybkim \u0142adowaniem, aby zminimalizowa\u0107 przestoje i utrzyma\u0107 vape w gotowo\u015bci do u\u017cytku.<\/li>\n<li><strong>15000 Puffs<\/strong> \u2013 Imponuj\u0105ca \u017cywotno\u015b\u0107 zapewnia maksymalne zadowolenie bez konieczno\u015bci uzupe\u0142nie\u0144.<\/li>\n<li><strong>Wska\u017anik \u015awiat\u0142a RGB<\/strong> \u2013 Dodaje odrobin\u0119 stylu i informuje o statusie baterii.<\/li>\n<li><strong>Kontrola Przep\u0142ywu Powietrza<\/strong> - Dostosuj swoje do\u015bwiadczenie z wapowaniem dzi\u0119ki regulowanemu przep\u0142ywowi powietrza do osobistych preferencji.<\/li>\n<li><strong>\u0141adowalny<\/strong> \u2013 Zapewnia wykorzystanie ka\u017cdej kropli e-p\u0142ynu dzi\u0119ki swojej \u0142adowalnej konstrukcji.<\/li>\n<\/ul>\n<p>Dzi\u0119ki tym imponuj\u0105cym specyfikacjom, Fumot RandM Tornado 15000 Puffs Jednorazowa E-Papieros zapewnia niezr\u00f3wnan\u0105 kombinacj\u0119 mocy, wygody i wydajno\u015bci dla najlepszego do\u015bwiadczenia z wapowaniem.<\/p>\n<h3><strong>G\u0142\u0119boki Profil Smakowy - Do\u015bwiadczenie Smakowe w Ka\u017cdym Dymku<\/strong><\/h3>\n<p>Je\u015bli chodzi o wapowanie, smak jest wszystkim. Z Fumot RandM Tornado 15000, do\u015bwiadczysz eksplozji smak\u00f3w, starannie stworzonych, aby zaspokoi\u0107 Twoje kubki smakowe i podnie\u015b\u0107 Twoj\u0105 przyjemno\u015b\u0107 z wapowania.<\/p>\n<p>Ta jednorazowa vape oferuje wyb\u00f3r 41 pysznych smak\u00f3w, od kwa\u015bnych owoc\u00f3w po orze\u017awiaj\u0105ce mieszanki lodowe, gwarantuj\u0105c, \u017ce ka\u017cdy znajdzie co\u015b dla swojego podniebienia. Oto g\u0142\u0119bsze spojrzenie na niekt\u00f3re z najlepszych smak\u00f3w, kt\u00f3re mo\u017cesz cieszy\u0107 si\u0119:<\/p>\n<p><img loading=\"lazy\" decoding=\"async\" class=\"alignnone wp-image-2934 size-full\" src=\"https:\/\/casinovape.de\/wp-content\/uploads\/2024\/11\/Fumot-RandM-Tornado-15000-3-1.webp\" alt=\"Magazyn Europejski Fumot RandM Tornado 15000 Puff\u00f3w Nisk\u0105 zawarto\u015bci\u0105 nikotyny  Kup oryginalne Autentyczne  Akumulatory  Waporyzator jednorazowy\" width=\"2048\" height=\"1313\" srcset=\"https:\/\/casinovape.de\/wp-content\/uploads\/2024\/11\/Fumot-RandM-Tornado-15000-3-1.webp 2048w, https:\/\/casinovape.de\/wp-content\/uploads\/2024\/11\/Fumot-RandM-Tornado-15000-3-1-300x192.webp 300w, https:\/\/casinovape.de\/wp-content\/uploads\/2024\/11\/Fumot-RandM-Tornado-15000-3-1-1024x657.webp 1024w, https:\/\/casinovape.de\/wp-content\/uploads\/2024\/11\/Fumot-RandM-Tornado-15000-3-1-768x492.webp 768w, https:\/\/casinovape.de\/wp-content\/uploads\/2024\/11\/Fumot-RandM-Tornado-15000-3-1-1536x985.webp 1536w, https:\/\/casinovape.de\/wp-content\/uploads\/2024\/11\/Fumot-RandM-Tornado-15000-3-1-18x12.webp 18w, https:\/\/casinovape.de\/wp-content\/uploads\/2024\/11\/Fumot-RandM-Tornado-15000-3-1-600x385.webp 600w\" sizes=\"auto, (max-width: 2048px) 100vw, 2048px\" \/><\/p>\n<h4><strong>Blue Razz Lemonade \nnie wymaga t\u0142umaczenia, pozostaje: Blue Razz Lemonade<\/strong><\/h4>\n<p>Od\u015bwie\u017caj\u0105ca mieszanka s\u0142odkich niebieskich malin i kwa\u015bnego lemoniady, ten smak jest idealny na gor\u0105cy letni dzie\u0144. Kwa\u015bno\u015b\u0107 lemoniady uzupe\u0142nia s\u0142odkie, owocowe nuty niebieskiej maliny, zapewniaj\u0105c zr\u00f3wnowa\u017cone i satysfakcjonuj\u0105ce do\u015bwiadczenie wapowania.<\/p>\n<h4><strong>Peach Ice<\/strong><\/h4>\n<p>Je\u015bli kochasz soczysty, owocowy smak z ch\u0142odnym finiszem, Peach Ice to wyb\u00f3r dla Ciebie. Ten smak \u0142\u0105czy s\u0142odki i aromatyczny smak dojrza\u0142ych brzoskwi\u0144 z orze\u017awiaj\u0105cym, zimnym wydechem, oferuj\u0105c uczucie ch\u0142odu, kt\u00f3re pozostawia g\u0142adki finisz.<\/p>\n<h4><strong>Kwasowe Jab\u0142ko<\/strong><\/h4>\n<p>Smak Kwa\u015bnego Jab\u0142ka dostarcza ostry i kwa\u015bny cios z ka\u017cdym zaci\u0105gni\u0119ciem. Ten kwa\u015bny i ostry smak na\u015bladuje smak \u015bwie\u017cego zielonego jab\u0142ka z kwa\u015bnym akcentem, czyni\u0105c go idealnym wyborem dla ka\u017cdego, kto t\u0119skni za czym\u015b odwa\u017cnym i orze\u017awiaj\u0105cym.<\/p>\n<h4><strong>Wodny L\u00f3d<\/strong><\/h4>\n<p>Watermelon Ice to hit, kt\u00f3ry zawsze jest popularny. S\u0142odki, soczysty smak arbuza w po\u0142\u0105czeniu z ch\u0142odno\u015bci\u0105 mentolu tworzy g\u0142adkie, orze\u017awiaj\u0105ce do\u015bwiadczenie vape, idealne do ca\u0142odniowego u\u017cytku.<\/p>\n<h4><strong>Blueberry On Ice<\/strong><\/h4>\n<p>Dla fan\u00f3w smak\u00f3w jagodowych z odrobin\u0105 ch\u0142odu, Blueberry On Ice to idealne rozwi\u0105zanie. Bogate, s\u0142odkie jagody s\u0105 zr\u00f3wnowa\u017cone przez g\u0142adkie, lodowe wyko\u0144czenie, kt\u00f3re podnosi og\u00f3lne do\u015bwiadczenie, pozostawiaj\u0105c orze\u017awiaj\u0105cy posmak.<\/p>\n<h4><strong>L\u00f3d Winogronowy<\/strong><\/h4>\n<p>L\u00f3d Winogronowy jest kolejnym ulubionym produktem fan\u00f3w, oferuj\u0105cym s\u0142odki, aromatyczny smak dojrza\u0142ych winogron z lodowatym wyko\u0144czeniem mentolowym.  To idealna mieszanka owocowej s\u0142odyczy i ch\u0142odz\u0105cego orze\u017awienia, tworz\u0105c\u0105 zr\u00f3wnowa\u017cony profil smakowy, kt\u00f3ry sprawi, \u017ce b\u0119dziesz wraca\u0107 raz za razem.<\/p>\n<p>Dzi\u0119ki 41 r\u00f3\u017cnym smakom do wyboru, nigdy nie zabraknie Ci opcji. Niezale\u017cnie od tego, czy masz ochot\u0119 na co\u015b owocowego, orze\u017awiaj\u0105cego, czy nawet nieco kwa\u015bnego, Fumot RandM Tornado 15000 Puffs Disposable Vape ma co\u015b dla ka\u017cdego gustu.<\/p>\n<p><img loading=\"lazy\" decoding=\"async\" class=\"alignnone wp-image-2935 size-full\" src=\"https:\/\/casinovape.de\/wp-content\/uploads\/2024\/11\/Fumot-RandM-Tornado-15000-6.webp\" alt=\"\" width=\"2048\" height=\"1313\" srcset=\"https:\/\/casinovape.de\/wp-content\/uploads\/2024\/11\/Fumot-RandM-Tornado-15000-6.webp 2048w, https:\/\/casinovape.de\/wp-content\/uploads\/2024\/11\/Fumot-RandM-Tornado-15000-6-300x192.webp 300w, https:\/\/casinovape.de\/wp-content\/uploads\/2024\/11\/Fumot-RandM-Tornado-15000-6-1024x657.webp 1024w, https:\/\/casinovape.de\/wp-content\/uploads\/2024\/11\/Fumot-RandM-Tornado-15000-6-768x492.webp 768w, https:\/\/casinovape.de\/wp-content\/uploads\/2024\/11\/Fumot-RandM-Tornado-15000-6-1536x985.webp 1536w, https:\/\/casinovape.de\/wp-content\/uploads\/2024\/11\/Fumot-RandM-Tornado-15000-6-18x12.webp 18w, https:\/\/casinovape.de\/wp-content\/uploads\/2024\/11\/Fumot-RandM-Tornado-15000-6-600x385.webp 600w\" sizes=\"auto, (max-width: 2048px) 100vw, 2048px\" \/><\/p>\n<h3><strong>Dlaczego wybra\u0107 Fumot RandM Tornado 15000 Puff\u00f3w Jednorazow\u0105 Waporyzator?<\/strong><\/h3>\n<h4><strong>Niezr\u00f3wnany komfort<\/strong><\/h4>\n<p>W przeciwie\u0144stwie do tradycyjnych waporyzator\u00f3w, kt\u00f3re wymagaj\u0105 uzupe\u0142niania i konserwacji, Fumot RandM Tornado 15000 jest urz\u0105dzeniem jednorazowym, kt\u00f3re oferuje wygod\u0119 i prostot\u0119. Po prostu podnie\u015b je, u\u017cyj i gdy si\u0119 zu\u017cyje, odpowiedzialnie zutylizuj. Nie musisz si\u0119 martwi\u0107 o ba\u0142agan zwi\u0105zany z uzupe\u0142nianiem lub skomplikowane procedury konserwacyjne.<\/p>\n<h4><strong>Zr\u00f3wnowa\u017cone Vapingowanie<\/strong><\/h4>\n<p>Pomimo jednorazowego u\u017cytku, ta vape jest zaprojektowana tak, aby wytrzyma\u0107 d\u0142u\u017cej ni\u017c wiele innych modeli. Przy 15000 zaci\u0105gni\u0119ciach, Fumot RandM Tornado przewy\u017csza wi\u0119kszo\u015b\u0107 jednorazowych vape, zapewniaj\u0105c wy\u017csz\u0105 warto\u015b\u0107 i mniejsze zu\u017cycie.<\/p>\n<h4><strong>Stylowy i Funkcjonalny<\/strong><\/h4>\n<p>Elegancki, nowoczesny design Fumot RandM Tornado 15000, w po\u0142\u0105czeniu z wska\u017anikiem \u015bwiat\u0142a RGB, nie tylko zapewnia funkcjonalne do\u015bwiadczenie wapowania, ale r\u00f3wnie\u017c robi wra\u017cenie.  To urz\u0105dzenie, kt\u00f3re jest zar\u00f3wno stylowe, jak i praktyczne, dodaj\u0105ce charakteru twoim sesjom wapowania.<\/p>\n<h4><strong>Dostosowane do potrzeb do\u015bwiadczenie wapowania<\/strong><\/h4>\n<p>Regulacja przep\u0142ywu powietrza zapewnia, \u017ce mo\u017cesz spersonalizowa\u0107 sw\u00f3j spos\u00f3b zaci\u0105gania si\u0119 zgodnie z Twoimi preferencjami, niezale\u017cnie od tego, czy wolisz ciasne, kontrolowane wdychanie, czy bardziej przewiewne, otwarte ci\u0105gni\u0119cie. W po\u0142\u0105czeniu z siatkow\u0105 cewk\u0105, kontrola przep\u0142ywu powietrza gwarantuje, \u017ce b\u0119dziesz cieszy\u0107 si\u0119 g\u0142adkim, aromatycznym parowaniem za ka\u017cdym razem.<\/p>\n<h4><strong>Wy\u0142\u0105czna dost\u0119pno\u015b\u0107<\/strong><\/h4>\n<p>Wy\u0142\u0105cznie dost\u0119pne na casinovape.de, mo\u017cesz by\u0107 pewien, \u017ce otrzymujesz produkt wysokiej jako\u015bci z najwi\u0119kszej niemieckiej platformy sprzeda\u017cy detalicznej online dla jednorazowych e-papieros\u00f3w. Zapewniamy niezawodne do\u015bwiadczenie zakupowe z szybk\u0105 dostaw\u0105, dzi\u0119ki czemu Twoje ulubione produkty vape s\u0105 tylko jednym klikni\u0119ciem dalej.<\/p>\n<h3><strong>Wniosek<\/strong><\/h3>\n<p>Fumot RandM Tornado 15000 Puff\u00f3w Jednorazowa E-Cygareta oferuje doskona\u0142e do\u015bwiadczenie wapowania z d\u0142ugotrwa\u0142\u0105 wydajno\u015bci\u0105, konfigurowalnymi funkcjami i imponuj\u0105cym wyborem smak\u00f3w. Niezale\u017cnie od tego, czy jeste\u015b pocz\u0105tkuj\u0105cym, czy do\u015bwiadczonym waperem, ta jednorazowa e-cygareta z pewno\u015bci\u0105 zaspokoi wszystkie Twoje potrzeby zwi\u0105zane z wapowaniem. Id\u017a do <a href=\"https:\/\/casinovape.de\/pl\/\">casinovape.de<\/a> Aby kupi\u0107 sw\u00f3j Fumot RandM Tornado dzisiaj i cieszy\u0107 si\u0119 najlepszym do\u015bwiadczeniem z jednorazowych elektronicznych papieros\u00f3w w Niemczech.<\/p>","protected":false},"excerpt":{"rendered":"<p>Sklep <strong>Fumot RandM Tornado 15000 Puff\u00f3w<\/strong> Jednorazowa e-Papieros na casinovape.de dla przed\u0142u\u017conego do\u015bwiadczenia wapowania z 41 smakami, 15000 zaci\u0105gni\u0119\u0107 i regulacj\u0105 przep\u0142ywu powietrza.<\/p>","protected":false},"featured_media":2857,"comment_status":"open","ping_status":"closed","template":"","meta":[],"product_brand":[],"product_cat":[15,78,79,80,81,82,83,84,85,86,87,88,89,90,93,94,95,96,98,99,65,66,67,68,69,70,71,72,73,74,75,76,77,57,61,45,48,50,52,54,56],"product_tag":[],"class_list":{"0":"post-4386","1":"product","2":"type-product","3":"status-publish","4":"has-post-thumbnail","6":"product_cat-randm-fumot-disposable-vapes","7":"product_cat-buy-best-disposable-vape-flavors","8":"product_cat-apple-flavor-disposable-vapes","9":"product_cat-blue-razz-flavor-disposable-vapes","10":"product_cat-blueberry-flavor-disposable-vapes","11":"product_cat-cherry-flavor-disposable-vapes","12":"product_cat-cola-flavor-disposable-vapes","13":"product_cat-grape-flavor-disposable-vapes","14":"product_cat-guava-flavor-disposable-vapes","15":"product_cat-ice-flavor-disposable-vapes","16":"product_cat-kiwi-flavor-disposable-vapes","17":"product_cat-lemon-flavor-disposable-vapes","18":"product_cat-lush-flavor-disposable-vapes","19":"product_cat-mango-flavor-disposable-vapes","20":"product_cat-passion-fruit-flavor-disposable-vapes","21":"product_cat-peach-flavor-disposable-vapes","22":"product_cat-pineapple-flavor-disposable-vapes","23":"product_cat-raspberry-flavor-disposable-vapes","24":"product_cat-strawberry-flavor-disposable-vapes","25":"product_cat-watermelon-flavor-disposable-vapes","26":"product_cat-best-disposable-vape-in-europe","27":"product_cat-buy-disposable-vapes-in-austria","28":"product_cat-buy-disposable-vapes-in-belgium","29":"product_cat-buy-disposable-vapes-in-france","30":"product_cat-buy-disposable-vapes-in-germany","31":"product_cat-buy-disposable-vapes-in-italy","32":"product_cat-buy-disposable-vapes-in-netherlands","33":"product_cat-buy-disposable-vapes-in-norway","34":"product_cat-buy-disposable-vapes-in-poland","35":"product_cat-buy-disposable-vapes-in-portugal","36":"product_cat-buy-disposable-vapes-in-spain","37":"product_cat-buy-disposable-vapes-in-sweden","38":"product_cat-buy-disposable-vapes-in-switzerland","39":"product_cat-shop-disposable-vapes-by-puffs","40":"product_cat-15000-puff-disposable-vape","41":"product_cat-disposable-vape-types","42":"product_cat-big-puffs-disposable-vapes","43":"product_cat-digital-box-disposable-vapes","44":"product_cat-lower-nicotine-disposable-vapes","45":"product_cat-rechargeable-disposable-vapes","46":"product_cat-tornado-disposable-vapes","48":"first","49":"outofstock","50":"shipping-taxable","51":"product-type-variable","52":"has-default-attributes"},"jetpack_sharing_enabled":true,"_links":{"self":[{"href":"https:\/\/casinovape.de\/pl\/wp-json\/wp\/v2\/product\/4386","targetHints":{"allow":["GET"]}}],"collection":[{"href":"https:\/\/casinovape.de\/pl\/wp-json\/wp\/v2\/product"}],"about":[{"href":"https:\/\/casinovape.de\/pl\/wp-json\/wp\/v2\/types\/product"}],"replies":[{"embeddable":true,"href":"https:\/\/casinovape.de\/pl\/wp-json\/wp\/v2\/comments?post=4386"}],"wp:featuredmedia":[{"embeddable":true,"href":"https:\/\/casinovape.de\/pl\/wp-json\/wp\/v2\/media\/2857"}],"wp:attachment":[{"href":"https:\/\/casinovape.de\/pl\/wp-json\/wp\/v2\/media?parent=4386"}],"wp:term":[{"taxonomy":"product_brand","embeddable":true,"href":"https:\/\/casinovape.de\/pl\/wp-json\/wp\/v2\/product_brand?post=4386"},{"taxonomy":"product_cat","embeddable":true,"href":"https:\/\/casinovape.de\/pl\/wp-json\/wp\/v2\/product_cat?post=4386"},{"taxonomy":"product_tag","embeddable":true,"href":"https:\/\/casinovape.de\/pl\/wp-json\/wp\/v2\/product_tag?post=4386"}],"curies":[{"name":"wp","href":"https:\/\/api.w.org\/{rel}","templated":true}]}}