{"id":4292,"date":"2024-11-27T12:51:56","date_gmt":"2024-11-27T12:51:56","guid":{"rendered":"https:\/\/casinovape.de\/?post_type=product&#038;p=4292"},"modified":"2025-09-19T06:59:51","modified_gmt":"2025-09-19T06:59:51","slug":"magazyn-europejski-platynowy-pasek-20000-zaciagniec-o-niskiej-zawartosci-nikotyny-kup-oryginalny-authentisch-akumulator-jednorazowy-dlugopis-vapes","status":"publish","type":"product","link":"https:\/\/casinovape.de\/pl\/produkt\/magazyn-europejski-platynowy-pasek-20000-zaciagniec-o-niskiej-zawartosci-nikotyny-kup-oryginalny-authentisch-akumulator-jednorazowy-dlugopis-vapes\/","title":{"rendered":"Europejski Magazyn Platynowy Bat 15000 Puff\u00f3w Niski Nikotyna Kup oryginalny Autentyczny Rechargeable Disposable Vapes Pen"},"content":{"rendered":"<div style=\"width: 1020px;\" class=\"wp-video\"><!--[if lt IE 9]><script>document.createElement('video');<\/script><![endif]-->\n<video class=\"wp-video-shortcode\" id=\"video-4292-1\" width=\"1020\" height=\"1813\" preload=\"metadata\" controls=\"controls\"><source type=\"video\/mp4\" src=\"https:\/\/casinovape.de\/wp-content\/uploads\/2024\/11\/PB20K_VIDEO.mp4?_=1\" \/><a href=\"https:\/\/casinovape.de\/wp-content\/uploads\/2024\/11\/PB20K_VIDEO.mp4\">https:\/\/casinovape.de\/wp-content\/uploads\/2024\/11\/PB20K_VIDEO.mp4<\/a><\/video><\/div>\n<h2><strong><a href=\"https:\/\/casinovape.de\/pl\/kategoria-produktu\/jednorazowe-waporyzatory-z-platynowej-sztabki\/\">Platinum Bar 15 000 Puffs<\/a> Jednoraz\u00f3wka Vape: Najlepsze Do\u015bwiadczenie Vapingu<\/strong><\/h2>\n<p>Je\u015bli chodzi o jednorazowe vape'y, to <strong>Platinum Bar 15 000 Puff\u00f3w Vape Pen<\/strong> Wyr\u00f3\u017cnia si\u0119 jako wyj\u0105tkowa opcja zar\u00f3wno dla pocz\u0105tkuj\u0105cych, jak i do\u015bwiadczonych waper\u00f3w. Zaprojektowany z my\u015bl\u0105 o wygodzie i trwa\u0142o\u015bci, ten waporyzator zapewnia nieprzerwane do\u015bwiadczenie wapowania z eleganckim, stylowym designem idealnym do u\u017cytku w podr\u00f3\u017cy. Niezale\u017cnie od tego, czy szukasz satysfakcjonuj\u0105cego smaku, czy urz\u0105dzenia o wysokiej wydajno\u015bci, Platinum Bar gwarantuje satysfakcj\u0119 z ka\u017cdego zaci\u0105gni\u0119cia.<\/p>\n<h3>D\u0142ugotrwa\u0142e Rozwi\u0105zanie Dla Palaczy<\/h3>\n<p>Jedn\u0105 z wyr\u00f3\u017cniaj\u0105cych si\u0119 cech <strong>Platinum Bar 15 000 Puff\u00f3w Jednorazowa Waporyzator<\/strong> jego imponuj\u0105ca liczba pff\u00f3w.  Z mo\u017cliwo\u015bci\u0105 dostarczenia <strong>do 15 000 pff\u00f3w<\/strong>, urz\u0105dzenie to oferuje <strong>wyj\u0105tkowa d\u0142ugowieczno\u015b\u0107<\/strong> kt\u00f3ry zapewnia mo\u017cliwo\u015b\u0107 d\u0142ugotrwa\u0142ego korzystania z waporyzatora bez konieczno\u015bci cz\u0119stej wymiany.<\/p>\n<p>W przeciwie\u0144stwie do wielu innych jednorazowych waporyzator\u00f3w dost\u0119pnych na rynku, Platinum Bar korzysta z <strong>Bateria akumulatorowa najwy\u017cszej jako\u015bci<\/strong>, zapewniaj\u0105c, \u017ce ka\u017cdy zaci\u0105g pozostaje r\u00f3wnie aromatyczny jak pierwszy. Niezale\u017cnie od tego, czy wapujesz dla relaksu, czy dla zastrzyku energii przez ca\u0142y dzie\u0144, Platinum Bar konsekwentnie dostarcza zadowalaj\u0105c\u0105 chmur\u0119 pary i \u017cywy smak.<\/p>\n<h3>Wysoka Wydajno\u015b\u0107 i Bezprecedensowy Komfort<\/h3>\n<p>The \nnie wymaga t\u0142umaczenia <strong>Platinum Bar 15 000 Puff\u00f3w Vape Pen<\/strong> jest przeznaczony dla os\u00f3b, kt\u00f3re szukaj\u0105 zar\u00f3wno <strong>wysoka wydajno\u015b\u0107<\/strong> i <strong>\u0142atwo\u015b\u0107 u\u017cytkowania<\/strong>Ka\u017cde urz\u0105dzenie jest wst\u0119pnie nape\u0142nione premium p\u0142ynem do e-papieros\u00f3w, zapewniaj\u0105c g\u0142adkie i aromatyczne do\u015bwiadczenie wapowania, kt\u00f3re nie wymaga \u017cadnego ba\u0142aganu zwi\u0105zanego z dolaniem lub skomplikowanej konfiguracji. Po prostu rozpakuj i zacznij wapowa\u0107 od razu! Dzi\u0119ki temu jest to idealny wyb\u00f3r dla <strong>vaperzy w podr\u00f3\u017cy<\/strong>, czy w domu, pracy lub podczas podr\u00f3\u017cy.<\/p>\n<p>Ponadto urz\u0105dzenie jest <strong>dyskretny i przeno\u015bny<\/strong>, wygodnie mieszcz\u0105c si\u0119 w kieszeni lub torbie, dzi\u0119ki czemu mo\u017cesz zabra\u0107 sw\u00f3j Platinum Bar ze sob\u0105 wsz\u0119dzie. Jego kompaktowa konstrukcja nie ust\u0119puje smaku ani produkcji pary, zapewniaj\u0105c Ci przyjemno\u015b\u0107 z ka\u017cdego momentu.<\/p>\n<p><img loading=\"lazy\" decoding=\"async\" class=\"alignnone wp-image-3125 size-full\" src=\"https:\/\/casinovape.de\/wp-content\/uploads\/2024\/11\/platinum-bar-20000-2.webp\" alt=\"Europejski Magazyn Platynowy Bat 15000 Puff\u00f3w Niski Nikotyna Kup oryginalny Autentyczny Rechargeable Disposable Vapes Pen \" width=\"618\" height=\"618\" srcset=\"https:\/\/casinovape.de\/wp-content\/uploads\/2024\/11\/platinum-bar-20000-2.webp 618w, https:\/\/casinovape.de\/wp-content\/uploads\/2024\/11\/platinum-bar-20000-2-300x300.webp 300w, https:\/\/casinovape.de\/wp-content\/uploads\/2024\/11\/platinum-bar-20000-2-150x150.webp 150w, https:\/\/casinovape.de\/wp-content\/uploads\/2024\/11\/platinum-bar-20000-2-12x12.webp 12w, https:\/\/casinovape.de\/wp-content\/uploads\/2024\/11\/platinum-bar-20000-2-600x600.webp 600w, https:\/\/casinovape.de\/wp-content\/uploads\/2024\/11\/platinum-bar-20000-2-100x100.webp 100w\" sizes=\"auto, (max-width: 618px) 100vw, 618px\" \/><\/p>\n<h3>Dlaczego wybra\u0107 <a href=\"https:\/\/casinovape.de\/pl\/kategoria-produktu\/jednorazowe-waporyzatory-z-platynowej-sztabki\/\">Bary Platynowe<\/a> 15 000 Puff\u00f3w Vape<\/h3>\n<h4><strong>1. Puffy do 15 000<\/strong><\/h4>\n<p>Z mo\u017cliwo\u015bci\u0105 dostarczenia <strong>do 15 000 pff\u00f3w<\/strong>, Platinum Bar zapewnia d\u0142ugotrwa\u0142e do\u015bwiadczenie wapowania, przewy\u017cszaj\u0105c wiele innych jednorazowych waporyzator\u00f3w dost\u0119pnych na rynku.  To wyd\u0142u\u017cone \u017cycie produktu jest idealne dla regularnych wapuj\u0105cych, kt\u00f3rzy chc\u0105 unikn\u0105\u0107 cz\u0119stych zakup\u00f3w.<\/p>\n<h4><strong>2. Wygodne \u0142adowanie akumulatora<\/strong><\/h4>\n<p>The Platinum Bar charakteryzuje si\u0119 <strong>bateria akumulatorowa<\/strong>, co sprawia, \u017ce jest to przyjazna dla \u015brodowiska opcja dla waporyzator\u00f3w. W przeciwie\u0144stwie do wielu jednorazowych urz\u0105dze\u0144, kt\u00f3re s\u0105 wyrzucane po wyczerpaniu baterii, Platinum Bar pozwala na ponowne \u0142adowanie i cieszenie si\u0119 jeszcze wi\u0119ksz\u0105 satysfakcj\u0105 z wapowania, oferuj\u0105c <strong>\u015bwietna warto\u015b\u0107 za pieni\u0105dze<\/strong>.<\/p>\n<h4><strong>3. Nieprzerwana przyjemno\u015b\u0107 z wapowania<\/strong><\/h4>\n<p>Z jego <strong>wysokiej jako\u015bci wydajno\u015b\u0107<\/strong> i <strong>niezawodna bateria<\/strong>, Platinum Bar gwarantuje sta\u0142\u0105 produkcj\u0119 pary od pierwszego do ostatniego zaci\u0105gni\u0119cia. Nie musisz si\u0119 martwi\u0107 o nier\u00f3wn\u0105 wydajno\u015b\u0107 lub utrat\u0119 smaku podczas sesji wapowania.<\/p>\n<h4><strong>4. Premiumowe Smaki dla Ka\u017cdego Gustu<\/strong><\/h4>\n<p>Dost\u0119pny w szerokiej gamie ekscytuj\u0105cych smak\u00f3w, Platinum Bar oferuje unikalny profil smakowy dla ka\u017cdego rodzaju waporyzatora. Od orze\u017awiaj\u0105cych owocowych opcji po klasyczne mieszanki mentolowe, znajdziesz idealn\u0105 vape, kt\u00f3ra zaspokoi Twoje pragnienia.<\/p>\n<h4><strong>5. Elegancki i Stylowy Design<\/strong><\/h4>\n<p>Sleek, <strong>kompaktowa konstrukcja<\/strong> Platinum Bar zapewnia \u0142atwo\u015b\u0107 u\u017cytkowania i przeno\u015bno\u015b\u0107. Jego ergonomiczny kszta\u0142t wygodnie le\u017cy w d\u0142oni, a przyci\u0105gaj\u0105cy uwag\u0119 design dodaje odrobin\u0119 elegancji do Twojej rutyny wapowania.<\/p>\n<h3>Platinum Bar 15 000 Puff\u00f3w Smaki<\/h3>\n<p>Niezale\u017cnie od tego, czy jeste\u015b fanem odwa\u017cnych, owocowych smak\u00f3w, czy te\u017c preferujesz co\u015b bardziej tradycyjnego, Platinum Bar 20,000 Puffs oferuje r\u00f3\u017cnorodne opcje, aby zaspokoi\u0107 wszystkie gusta. Poni\u017cej znajdziesz pe\u0142n\u0105 list\u0119 dost\u0119pnych smak\u00f3w:<\/p>\n<ol>\n<li><strong>Black Cola Ice<\/strong><br \/>\nOd\u015bwie\u017caj\u0105cy smak coli z chrupi\u0105cym lodowym finiszem, idealny dla tych, kt\u00f3rzy kochaj\u0105 ch\u0142odne, gazowane doznania.<\/li>\n<li><strong>Czarna \u015awie\u017ca Mi\u0119ta<\/strong><br \/>\nG\u0142adkie, mi\u0119towe do\u015bwiadczenie, kt\u00f3re orze\u017awia Twoje podniebienie z ka\u017cdym zaci\u0105gni\u0119ciem.<\/li>\n<li><strong>Czarny Winogronowy L\u00f3d<\/strong><br \/>\nS\u0142odki i soczysty smak winogrona wzmocniony lodowatym, mentolowym finiszem, kt\u00f3ry dodaje dodatkow\u0105 warstw\u0119 \u015bwie\u017co\u015bci.<\/li>\n<li><strong>Czarna Winogrona Liczi Grejpfrut<\/strong><br \/>\nZ\u0142o\u017cona mieszanka czarnego winogrona, egzotycznego liczi i kwa\u015bnego grejpfruta dla zr\u00f3wnowa\u017conego, owocowego wapowania.<\/li>\n<li><strong>Czarny Tyto\u0144<\/strong><br \/>\nKlasyczny, bogaty smak tytoniu o g\u0142\u0119bokich, dymnych nutach. Idealny dla tradycyjnych palaczy papieros\u00f3w szukaj\u0105cych autentycznego smaku.<\/li>\n<li><strong>Z\u0142oty Bananowy L\u00f3d<\/strong><br \/>\nKremowy i s\u0142odki smak banana zr\u00f3wnowa\u017cony orze\u017awiaj\u0105cym ch\u0142odem lodu.<\/li>\n<li><strong>Z\u0142oty Cytrynowy L\u00f3d<\/strong><br \/>\nKwa\u015bny smak cytryny z ch\u0142odnym, lodowatym kopni\u0119ciem, kt\u00f3re zaspokoi Twoje pragnienie cytrus\u00f3w.<\/li>\n<li><strong>Z\u0142oty L\u00f3d Ananasowy<\/strong><br \/>\nTropikalny smak ananasa uzupe\u0142niony g\u0142adkim, lodowatym finiszem, oddaj\u0105cy smak tropikalnej bryzy.<\/li>\n<li><strong>Z\u0142oty Dojrza\u0142y Mango<\/strong><br \/>\nSokowaty, dojrza\u0142y smak mango, kt\u00f3ry jest naturalnie s\u0142odki, oferuj\u0105cy smak s\u0142o\u0144ca w ka\u017cdym zaci\u0105gni\u0119ciu.<\/li>\n<li><strong>Z\u0142oty Tropikalny Ananas Brzoskwiowy<\/strong><br \/>\nPrzyjemne po\u0142\u0105czenie kwa\u015bnego ananasa i s\u0142odkiego brzoskwi\u0144, \u0142\u0105cz\u0105ce tropikalne i owocowe smaki.<\/li>\n<li><strong>Jab\u0142ko R\u00f3\u017ca Truskawka<\/strong><br \/>\nS\u0142odkie, soczyste jab\u0142ko po\u0142\u0105czone ze \u015bwie\u017c\u0105 truskawk\u0105 dla owocowego, orze\u017awiaj\u0105cego do\u015bwiadczenia.<\/li>\n<li><strong>Rose Fizzy Cherry<\/strong><br \/>\nKwa\u015bny smak wi\u015bni z musuj\u0105cym, gazowanym finiszem, idealny dla tych, kt\u00f3rzy kochaj\u0105 iskrzy si\u0119 vape.<\/li>\n<li><strong>R\u00f3\u017ca Truskawka Arbuz<\/strong><br \/>\nLuksusowa mieszanka truskawki i arbuza, oferuj\u0105ca soczyst\u0105, apetyczn\u0105 kombinacj\u0119 smak\u00f3w.<\/li>\n<li><strong>R\u00f3\u017ca Letnie Jagody<\/strong><br \/>\nMieszanka dojrza\u0142ych letnich jag\u00f3d, \u0142\u0105cz\u0105ca s\u0142odkie smaki bor\u00f3wek, malin i truskawek.<\/li>\n<li><strong>R\u00f3\u017c Watermelon Bubblegum<\/strong><br \/>\nZabawna, nostalgiczna kombinacja s\u0142odkiej arbuza i gumy balonowej, idealna dla tych, kt\u00f3rzy lubi\u0105 zabawny waporyzator.<\/li>\n<li><strong>Srebrzysty Niebieski Malina<\/strong><br \/>\nSmacznie kwa\u015bny smak maliny uzupe\u0142niony g\u0142adkim, bor\u00f3wkowym finiszem.<\/li>\n<li><strong>Srebrzysty Bor\u00f3wkowy Malinowy Sok Cytrynowy<\/strong><br \/>\nOstre po\u0142\u0105czenie lemoniady z kwa\u015bn\u0105 malin\u0105 i bor\u00f3wk\u0105, zapewniaj\u0105ce orze\u017awiaj\u0105cy, cytrusowy wap.<\/li>\n<li><strong>Srebrzysty Kiwi Marakuja Guawa<\/strong><br \/>\nTropikalna mieszanka kiwi, marakui i guawy, zapewniaj\u0105ca egzotyczne, orze\u017awiaj\u0105ce do\u015bwiadczenie smakowe.<\/li>\n<li><strong>Srebrzysta Brzoskwinia Lodu<\/strong><br \/>\nG\u0142adki, soczysty smak brzoskwi\u0144 z orze\u017awiaj\u0105cym, lodowatym akcentem, idealny dla sch\u0142odzonego, owocowego wapowania.<\/li>\n<li><strong>Srebrna Arbuzowa Lod\u00f3wka<\/strong><br \/>\nS\u0142odka, soczysta arbuz z mro\u017anym lodowym wyko\u0144czeniem, orze\u017awiaj\u0105cy przysmak na gor\u0105ce letnie dni.<\/li>\n<\/ol>\n<h3>Kup <a href=\"https:\/\/casinovape.de\/pl\/kategoria-produktu\/jednorazowe-waporyzatory-z-platynowej-sztabki\/\">Bary Platynowe<\/a> Dzisiaj jednorazowa vape<\/h3>\n<p>Do\u015bwiadcz <strong>Platinum Bar 15 000 Puff\u00f3w Jednorazowa Waporyzator<\/strong> dzi\u015b i wyprowad\u017a swoje wapowanie na wy\u017cszy poziom! Niezale\u017cnie od tego, czy szukasz urz\u0105dzenia o d\u0142ugiej \u017cywotno\u015bci, czy r\u00f3\u017cnorodno\u015bci premium smak\u00f3w, ta e-papieros ma wszystko, czego potrzebujesz.<\/p>\n<p>Zakupy z nami w <a href=\"https:\/\/casinovape.de\/pl\/\"><strong>Casinovape<\/strong><\/a>najwi\u0119kszy <strong>platforma sprzeda\u017cy detalicznej online dla jednorazowych waporyzator\u00f3w w Niemczech<\/strong>Oferujemy wygodne <strong>brak minimalnej ilo\u015bci zam\u00f3wienia<\/strong>z szybk\u0105 dostaw\u0105 od naszego <strong>Europejski Magazyn Vape<\/strong>Twoje zam\u00f3wienie zostanie dostarczone ju\u017c wkr\u00f3tce <strong>3-7 dni<\/strong> do dowolnego miejsca w UE. Kupuj bezpo\u015brednio od nas, aby cieszy\u0107 si\u0119 najlepszymi markami, takimi jak <a href=\"https:\/\/casinovape.de\/pl\/kategoria-produktu\/jednorazowe-waporyzatory-al-fakher\/\"><strong>Al Fakher<\/strong><\/a>, <strong>Fizzy<\/strong>, <a href=\"https:\/\/casinovape.de\/pl\/kategoria-produktu\/jednorazowe-waporyzatory-obelab-hhc\/\"><strong>OBEELAB HHC<\/strong><\/a>i <strong>SMPO DL02<\/strong>i do\u015bwiadczenie <strong>Wysokiej jako\u015bci waporyzacja<\/strong> w najlepszej formie.<\/p>\n<p>Niezale\u017cnie od tego, czy jeste\u015b do\u015bwiadczonym waperem, czy dopiero zaczynasz, nasza platforma gwarantuje, \u017ce otrzymasz najlepsze jednorazowe waporyzatory po niezr\u00f3wnanych cenach i z pe\u0142n\u0105 satysfakcj\u0105 klienta. <strong>Zakupy teraz<\/strong> i podnie\u015b sw\u00f3j experience z wapowaniem dzi\u0119ki Platinum Bar!<\/p>","protected":false},"excerpt":{"rendered":"<div class=\"flex-shrink-0 flex flex-col relative items-end\">\n<div>\n<div class=\"pt-0\">\n<div class=\"gizmo-shadow-stroke flex h-8 w-8 items-center justify-center overflow-hidden rounded-full\">\n<div class=\"h-full w-full\">\n<div class=\"gizmo-shadow-stroke overflow-hidden rounded-full\"><span style=\"color: #555555;\">Odkryj<strong> Platinum Bar 15 000 Puffs<\/strong> Jednorazowe Vape, oferuj\u0105ce d\u0142ugotrwa\u0142\u0105 wydajno\u015b\u0107, premium smaki i design z mo\u017cliwo\u015bci\u0105 ponownego \u0142adowania. Zakup teraz w Casinovape dla szybkiej dostawy w UE z naszego Europejskiego Magazynu Vape.<\/span><\/div>\n<\/div>\n<\/div>\n<\/div>\n<\/div>\n<\/div>","protected":false},"featured_media":3020,"comment_status":"open","ping_status":"closed","template":"","meta":[],"product_brand":[],"product_cat":[28,78,79,81,82,83,84,85,86,87,88,90,91,93,94,95,96,98,99,65,66,67,68,69,70,71,72,73,74,75,76,77,57,61,45,48,50,52,54],"product_tag":[],"class_list":{"0":"post-4292","1":"product","2":"type-product","3":"status-publish","4":"has-post-thumbnail","6":"product_cat-platinum-bar-disposable-vapes","7":"product_cat-buy-best-disposable-vape-flavors","8":"product_cat-apple-flavor-disposable-vapes","9":"product_cat-blueberry-flavor-disposable-vapes","10":"product_cat-cherry-flavor-disposable-vapes","11":"product_cat-cola-flavor-disposable-vapes","12":"product_cat-grape-flavor-disposable-vapes","13":"product_cat-guava-flavor-disposable-vapes","14":"product_cat-ice-flavor-disposable-vapes","15":"product_cat-kiwi-flavor-disposable-vapes","16":"product_cat-lemon-flavor-disposable-vapes","17":"product_cat-mango-flavor-disposable-vapes","18":"product_cat-mint-flavor-disposable-vapes","19":"product_cat-passion-fruit-flavor-disposable-vapes","20":"product_cat-peach-flavor-disposable-vapes","21":"product_cat-pineapple-flavor-disposable-vapes","22":"product_cat-raspberry-flavor-disposable-vapes","23":"product_cat-strawberry-flavor-disposable-vapes","24":"product_cat-watermelon-flavor-disposable-vapes","25":"product_cat-best-disposable-vape-in-europe","26":"product_cat-buy-disposable-vapes-in-austria","27":"product_cat-buy-disposable-vapes-in-belgium","28":"product_cat-buy-disposable-vapes-in-france","29":"product_cat-buy-disposable-vapes-in-germany","30":"product_cat-buy-disposable-vapes-in-italy","31":"product_cat-buy-disposable-vapes-in-netherlands","32":"product_cat-buy-disposable-vapes-in-norway","33":"product_cat-buy-disposable-vapes-in-poland","34":"product_cat-buy-disposable-vapes-in-portugal","35":"product_cat-buy-disposable-vapes-in-spain","36":"product_cat-buy-disposable-vapes-in-sweden","37":"product_cat-buy-disposable-vapes-in-switzerland","38":"product_cat-shop-disposable-vapes-by-puffs","39":"product_cat-15000-puff-disposable-vape","40":"product_cat-disposable-vape-types","41":"product_cat-big-puffs-disposable-vapes","42":"product_cat-digital-box-disposable-vapes","43":"product_cat-lower-nicotine-disposable-vapes","44":"product_cat-rechargeable-disposable-vapes","46":"first","47":"instock","48":"sale","49":"shipping-taxable","50":"purchasable","51":"product-type-variable"},"jetpack_sharing_enabled":true,"_links":{"self":[{"href":"https:\/\/casinovape.de\/pl\/wp-json\/wp\/v2\/product\/4292","targetHints":{"allow":["GET"]}}],"collection":[{"href":"https:\/\/casinovape.de\/pl\/wp-json\/wp\/v2\/product"}],"about":[{"href":"https:\/\/casinovape.de\/pl\/wp-json\/wp\/v2\/types\/product"}],"replies":[{"embeddable":true,"href":"https:\/\/casinovape.de\/pl\/wp-json\/wp\/v2\/comments?post=4292"}],"wp:featuredmedia":[{"embeddable":true,"href":"https:\/\/casinovape.de\/pl\/wp-json\/wp\/v2\/media\/3020"}],"wp:attachment":[{"href":"https:\/\/casinovape.de\/pl\/wp-json\/wp\/v2\/media?parent=4292"}],"wp:term":[{"taxonomy":"product_brand","embeddable":true,"href":"https:\/\/casinovape.de\/pl\/wp-json\/wp\/v2\/product_brand?post=4292"},{"taxonomy":"product_cat","embeddable":true,"href":"https:\/\/casinovape.de\/pl\/wp-json\/wp\/v2\/product_cat?post=4292"},{"taxonomy":"product_tag","embeddable":true,"href":"https:\/\/casinovape.de\/pl\/wp-json\/wp\/v2\/product_tag?post=4292"}],"curies":[{"name":"wp","href":"https:\/\/api.w.org\/{rel}","templated":true}]}}