{"id":349,"date":"2024-09-27T08:06:16","date_gmt":"2024-09-27T08:06:16","guid":{"rendered":"https:\/\/casinovape.de\/?post_type=product&#038;p=349"},"modified":"2025-01-12T13:52:46","modified_gmt":"2025-01-12T13:52:46","slug":"europejski-magazyn-gazowany-luksusowy-15000-zaciagniec-niski-nikotin-kup-oryginalny-authentisch-akumulator-jednorazowy-dlugopis-vapes","status":"publish","type":"product","link":"https:\/\/casinovape.de\/pl\/produkt\/europejski-magazyn-gazowany-luksusowy-15000-zaciagniec-niski-nikotin-kup-oryginalny-authentisch-akumulator-jednorazowy-dlugopis-vapes\/","title":{"rendered":"Europejski Magazyn Fizzy Luxury 15000 Puff\u00f3w Niski Nikotyna Kup oryginalny Autentyczny Rechargeable Jednorazowe Vapes Pen"},"content":{"rendered":"<div style=\"width: 1020px;\" class=\"wp-video\"><!--[if lt IE 9]><script>document.createElement('video');<\/script><![endif]-->\n<video class=\"wp-video-shortcode\" id=\"video-349-1\" width=\"1020\" height=\"574\" preload=\"metadata\" controls=\"controls\"><source type=\"video\/mp4\" src=\"https:\/\/casinovape.de\/wp-content\/uploads\/2024\/09\/Fizzy-Luxury-15000puffs-\u5b9e\u62cd\u5b9e\u62cd.mp4?_=1\" \/><a href=\"https:\/\/casinovape.de\/wp-content\/uploads\/2024\/09\/Fizzy-Luxury-15000puffs-\u5b9e\u62cd\u5b9e\u62cd.mp4\">https:\/\/casinovape.de\/wp-content\/uploads\/2024\/09\/Fizzy-Luxury-15000puffs-\u5b9e\u62cd\u5b9e\u62cd.mp4<\/a><\/video><\/div>\n<h2>Odkryj Najwy\u017csz\u0105 Jako\u015b\u0107 Do\u015bwiadczenia Vapowania z <a href=\"https:\/\/casinovape.de\/pl\/\">Europejski Magazyn Vape<\/a> Fizzy Luxury 15000 Puff\u00f3w Jednorazowa Pi\u00f3ro Waporyzuj\u0105ce<\/h2>\n<p>Dla waper\u00f3w poszukuj\u0105cych najwy\u017cszej jako\u015bci, niezr\u00f3wnanego \u0440\u0430\u0437\u043d\u043e\u043e\u0431\u0440\u0430\u0437\u0438\u044f smak\u00f3w i przed\u0142u\u017conego do\u015bwiadczenia z wapowaniem, europejski magazyn Fizzy Luxury 15000 Puffs Disposable Vape Pen jest idealnym wyborem. Wy\u0142\u0105cznie dost\u0119pny na Casinovape, wiod\u0105cej niemieckiej platformie internetowej dla jednorazowych waporyzator\u00f3w, produkt ten \u0142\u0105czy najnowocze\u015bniejsz\u0105 technologi\u0119, wyrafinowany design i niezwyk\u0142y zakres smak\u00f3w. Bez minimalnych wymaga\u0144 dotycz\u0105cych zam\u00f3wienia i szybkiej dostawy po Europie, ciesz si\u0119 wygod\u0105 posiadania twojego premium waporyzatora wys\u0142anego bezpo\u015brednio z naszego europejskiego magazynu vape, kt\u00f3ry dociera do ciebie w ci\u0105gu 3-7 dni.<\/p>\n<h3>Przedstawiamy <a href=\"https:\/\/casinovape.de\/pl\/kategoria-produktu\/gazowane-jednorazowe-waporyzatory\/\">Fizzy<\/a> Luksusowe 15000 Puff\u00f3w: Nowy Standard w Jednorazowym Vapingu<\/h3>\n<p>Fizzy Luxury 15000 Puffs Rechargeable Disposable Vape Pen ustanawia nowe standardy w wapowaniu, zapewniaj\u0105c zar\u00f3wno pocz\u0105tkuj\u0105cym, jak i do\u015bwiadczonym waperom niezwykle satysfakcjonuj\u0105ce do\u015bwiadczenie. Umieszczony w eleganckim metalowym korpusie, ten vape pen nie tylko charakteryzuje si\u0119 trwa\u0142o\u015bci\u0105, ale r\u00f3wnie\u017c wyrafinowaniem. Dzi\u0119ki akumulatorowi, kt\u00f3ry mo\u017cna \u0142adowa\u0107, du\u017cej pojemno\u015bci e-liquidu i imponuj\u0105cej \u017cywotno\u015bci wynosz\u0105cej 15 000 zaci\u0105gni\u0119\u0107, ten vape pen zosta\u0142 zaprojektowany tak, aby zapewni\u0107 p\u0142ynne i bezproblemowe do\u015bwiadczenie.<\/p>\n<h3>Dlaczego wybra\u0107 dyspozycyjny waporyzator Fizzy Luxury 15000 Puffs?<\/h3>\n<p>The Fizzy Luxury 15000 Puffs Disposable Vape Pen wyr\u00f3\u017cnia si\u0119 w\u015br\u00f3d jednorazowych waporyzator\u00f3w dzi\u0119ki zaawansowanym funkcjom, stylowemu designowi i r\u00f3\u017cnorodno\u015bci smak\u00f3w. Dost\u0119pny na Casinovape, gwarantujemy autentyczno\u015b\u0107, jako\u015b\u0107 i wygod\u0119 dla naszych klient\u00f3w w Niemczech i ca\u0142ej Europie. Poni\u017cej przedstawiamy unikalne cechy, kt\u00f3re sprawiaj\u0105, \u017ce ten waporyzator jest obowi\u0105zkowym zakupem.<\/p>\n<h3>G\u0142\u00f3wne cechy <a href=\"https:\/\/casinovape.de\/pl\/kategoria-produktu\/gazowane-jednorazowe-waporyzatory\/\">Fizzy<\/a> Luksusowy 15000 Puff\u00f3w Vape Pen<\/h3>\n<ol>\n<li><strong>Wysoki Licznik Puff\u00f3w<\/strong>: Ciesz si\u0119 nawet 15 000 zaci\u0105gni\u0119\u0107, co sprawia, \u017ce jest to jeden z najd\u0142u\u017cej trwaj\u0105cych jednorazowych waporyzator\u00f3w na rynku. Zosta\u0142 zaprojektowany, aby zapewni\u0107 sta\u0142\u0105, wysok\u0105 jako\u015b\u0107 pary przez wiele dni.<\/li>\n<li><strong>Premiumowa obudowa metalowa<\/strong>: Trwa\u0142a konstrukcja metalowa zapewnia, \u017ce tw\u00f3j waporyzator pozostaje stylowy i solidny, zapewniaj\u0105c g\u0142adkie uczucie i wygl\u0105d, kt\u00f3ry wyr\u00f3\u017cnia go na tle innych.<\/li>\n<li><strong>Ekran LCD<\/strong>: Pozostawaj poinformowany o poziomie baterii i e-liquidu dzi\u0119ki wbudowanemu ekranowi LCD, umo\u017cliwiaj\u0105cemu p\u0142ynne i nieprzerwane do\u015bwiadczenie wapowania.<\/li>\n<li><strong>Zaawansowana Technologia Cewki Siatkowej<\/strong>: Wyposa\u017cony w siatkow\u0105 cewk\u0119 o rezystancji 1,0\u03a9, ten vape pen wzmacnia intensywno\u015b\u0107 smaku i produkcj\u0119 pary, zapewniaj\u0105c bogatsze, g\u0142adsze wapowanie.<\/li>\n<li><strong>Bateria 650mAh na\u0142adowywalna<\/strong>: Akumulator wielokrotnego \u0142adowania, wyposa\u017cony w port \u0142adowania typu C, oznacza, \u017ce mo\u017cesz cieszy\u0107 si\u0119 ka\u017cd\u0105 kropl\u0105 e-p\u0142ynu bez obawy o \u017cywotno\u015b\u0107 baterii. Ponowne \u0142adowanie jest szybkie i wygodne, dzi\u0119ki czemu mo\u017cesz by\u0107 zawsze gotowy do wapowania w podr\u00f3\u017cy.<\/li>\n<li><strong>Du\u017ca pojemno\u015b\u0107 e-p\u0142ynu (22ml)<\/strong>: Du\u017cy 22ml zbiornik na p\u0142yn elektroniczny oznacza rzadsze uzupe\u0142nianie, pozwalaj\u0105c Ci na d\u0142u\u017csze sesje z aromatami.<\/li>\n<li><strong>P\u0119tla na smyczek<\/strong>: Zaprojektowany z p\u0119tla do przymocowania lanyardu, u\u0142atwiaj\u0105c noszenie Twojego vape pena ze sob\u0105 - idealny na podr\u00f3\u017c lub wieczorne wyj\u015bcie.<\/li>\n<li><strong>Niski Zawarto\u015b\u0107 Nikotyny<\/strong>Stworzony z formu\u0142\u0105 o niskiej zawarto\u015bci nikotyny, Fizzy Luxury 15000 Puffs jest odpowiedni dla waporyzuj\u0105cych, kt\u00f3rzy szukaj\u0105 \u0142agodniejszego do\u015bwiadczenia nikotynowego bez kompromisu w kwestii smaku.<\/li>\n<\/ol>\n<h3>Oferujemy szeroki wyb\u00f3r smak\u00f3w dla ka\u017cdego gustu<\/h3>\n<p>Fizzy Luxury 15000 Puffs jest znany ze swoich r\u00f3\u017cnorodnych i starannie dobranych opcji smakowych. Niezale\u017cnie od tego, czy preferujesz owocowe, s\u0142odkie czy egzotyczne smaki, znajdziesz co\u015b, co zaspokoi ka\u017cdy gust. Oto szczeg\u00f3\u0142owy przegl\u0105d ka\u017cdego smaku:<\/p>\n<ul>\n<li><strong>Malina<\/strong>: Od\u015bwie\u017caj\u0105cy, lekko kwa\u015bny smak maliny, kt\u00f3ry \u0142\u0105czy s\u0142odycz i nut\u0119 kwasowo\u015bci, idealny do codziennej przyjemno\u015bci.<\/li>\n<li><strong>2. Brzoskwinia<\/strong>: Ten soczysty, s\u0142odki smak brzoskwi\u0144 zapewnia g\u0142adkie i kremowe wyko\u0144czenie, przywo\u0142uj\u0105c wspomnienia nas\u0142onecznionego letniego dnia.<\/li>\n<li><strong>3. Winogrono<\/strong>: Ukochany klasyk, smak winogrona jest bogaty i s\u0142odki z ch\u0142odnym, orze\u017awiaj\u0105cym podtonem, co sprawia, \u017ce jest idealnym wyborem dla mi\u0142o\u015bnik\u00f3w winogron.<\/li>\n<li><strong>4. Bor\u00f3wka<\/strong>: Oferuj\u0105c intensywny, zr\u00f3wnowa\u017cony smak, bor\u00f3wka jest lekko s\u0142odka z nut\u0105 kwaskowo\u015bci, idealna dla tych, kt\u00f3rzy ceni\u0105 owocowe aromaty.<\/li>\n<li><strong>5. Truskawka<\/strong>: Rozkoszny smak dojrza\u0142ych truskawek, ta opcja jest lekka, \u015bwie\u017ca i cudownie znajoma, idealna na ka\u017cd\u0105 por\u0119 dnia.<\/li>\n<li><strong>6. Wi\u015bnia<\/strong>: Dzi\u0119ki s\u0142odkiemu i delikatnie kwa\u015bnemu profilowi wi\u015bnia wprowadza \u017cywio\u0142ow\u0105, owocow\u0105 eksplozj\u0119, kt\u00f3ra sprawi, \u017ce b\u0119dziesz si\u0119ga\u0107 po wi\u0119cej.<\/li>\n<li><strong>7. Malinowy Lemoniada<\/strong>: Ta mieszanka \u0142\u0105czy odwa\u017cny smak malin z musuj\u0105c\u0105 lemoniad\u0105, oferuj\u0105c jasny i orze\u017awiaj\u0105cy waporyzator idealny na gor\u0105ce dni.<\/li>\n<li><strong>8. Kwa\u015bne Jab\u0142ko<\/strong>Dla tych, kt\u00f3rzy t\u0119skni\u0105 za czym\u015b kwa\u015bnym, kwa\u015bne jab\u0142ko jest ekscytuj\u0105c\u0105 opcj\u0105, kt\u00f3ra r\u00f3wnowa\u017cy s\u0142odycz z ostrym, orze\u017awiaj\u0105cym finiszem.<\/li>\n<li><strong>9. Truskawka Kiwi Granat<\/strong>: Harmonijna mieszanka truskawki, kiwi i granatu, ten smak jest przeplatany z\u0142o\u017conymi, owocowymi nutami, kt\u00f3re oczaruj\u0105 Twoje zmys\u0142y.<\/li>\n<li><strong>10. Cytryna Limonka<\/strong>: Chrupi\u0105cy i orze\u017awiaj\u0105cy, cytrynowo-limonkowy to \u017cywy wyb\u00f3r, kt\u00f3ry pobudza podniebienie, dostarczaj\u0105c wybuch cytrusowej rozkoszy.<\/li>\n<li><strong>11. Truskawkowy Banan<\/strong>: Ten kremowy, g\u0142adki smak jest zar\u00f3wno owocowy, jak i koj\u0105cy, z s\u0142odycz\u0105 truskawek zr\u00f3wnowa\u017con\u0105 g\u0142adko\u015bci\u0105 banana.<\/li>\n<li><strong>12. Pomara\u0144cza Mango Arbuz<\/strong>: Ta tropikalna mieszanka oferuje soczyste, s\u0142odkie do\u015bwiadczenie, przenosz\u0105c Ci\u0119 na s\u0142oneczn\u0105 pla\u017c\u0119 z ka\u017cdym zaci\u0105gni\u0119ciem.<\/li>\n<li><strong>13. Nap\u00f3j Energetyzuj\u0105cy<\/strong>: Zainspirowany smakiem popularnego napoju energetycznego, ta smakowito\u015b\u0107 dodaje odrobin\u0119 pikanterii do Twojego dnia dzi\u0119ki ekscytuj\u0105cym, odwa\u017cnym nutom.<\/li>\n<li><strong>14. R\u00f3\u017cowy sok z cytryny<\/strong>: S\u0142odki i orze\u017awiaj\u0105cy vape, r\u00f3\u017cowy sok z cytryny oddaje gazowan\u0105 s\u0142odycz lemoniady zmieszan\u0105 z delikatn\u0105 nut\u0105 truskawki.<\/li>\n<li><strong>15. Kiwi Marakuja Guawa<\/strong>: Dla egzotycznego, tropikalnego do\u015bwiadczenia, ten smak \u0142\u0105czy kiwi, marakuj\u0119 i guaw\u0119 w celu uzyskania wyj\u0105tkowego, \u017cywego smaku, kt\u00f3ry z pewno\u015bci\u0105 zadowoli odwa\u017cnych waper\u00f3w.<\/li>\n<\/ul>\n<p>&nbsp;<\/p>\n<h2><img loading=\"lazy\" decoding=\"async\" class=\"alignnone wp-image-425 size-full\" src=\"https:\/\/casinovape.de\/wp-content\/uploads\/2024\/09\/Fizzy-Luxury-15000puffs-\u5b9e\u62cd\u56fe\u7247-scaled.webp\" alt=\"Europejski Magazyn Fizzy Luxury 15000 Puff\u00f3w Niski Nikotyna Kup oryginalny Autentyczny Rechargeable Jednorazowe Vapes Pen\" width=\"2560\" height=\"1920\" srcset=\"https:\/\/casinovape.de\/wp-content\/uploads\/2024\/09\/Fizzy-Luxury-15000puffs-\u5b9e\u62cd\u56fe\u7247-scaled.webp 2560w, https:\/\/casinovape.de\/wp-content\/uploads\/2024\/09\/Fizzy-Luxury-15000puffs-\u5b9e\u62cd\u56fe\u7247-300x225.webp 300w, https:\/\/casinovape.de\/wp-content\/uploads\/2024\/09\/Fizzy-Luxury-15000puffs-\u5b9e\u62cd\u56fe\u7247-1024x768.webp 1024w, https:\/\/casinovape.de\/wp-content\/uploads\/2024\/09\/Fizzy-Luxury-15000puffs-\u5b9e\u62cd\u56fe\u7247-768x576.webp 768w, https:\/\/casinovape.de\/wp-content\/uploads\/2024\/09\/Fizzy-Luxury-15000puffs-\u5b9e\u62cd\u56fe\u7247-1536x1152.webp 1536w, https:\/\/casinovape.de\/wp-content\/uploads\/2024\/09\/Fizzy-Luxury-15000puffs-\u5b9e\u62cd\u56fe\u7247-2048x1536.webp 2048w, https:\/\/casinovape.de\/wp-content\/uploads\/2024\/09\/Fizzy-Luxury-15000puffs-\u5b9e\u62cd\u56fe\u7247-600x450.webp 600w\" sizes=\"auto, (max-width: 2560px) 100vw, 2560px\" \/><\/h2>\n<h3>Dlaczego warto kupi\u0107 Fizzy Luxury 15000 Puffs? <a href=\"https:\/\/casinovape.de\/pl\/\">Casinovape<\/a>?<\/h3>\n<p>W Casinovape dok\u0142adamy wszelkich stara\u0144, aby zapewni\u0107 premium, autentyczne produkty vape dostosowane do potrzeb naszych europejskich klient\u00f3w. Jako najwi\u0119ksza niemiecka platforma sprzeda\u017cy internetowej dla jednorazowych vape'\u00f3w, oferujemy niezr\u00f3wnan\u0105 wygod\u0119, jako\u015b\u0107 i r\u00f3\u017cnorodno\u015b\u0107.  Fizzy Luxury 15000 Puffs Disposable Vape Pen to produkt najwy\u017cszej klasy dost\u0119pny na naszej stronie, zapewniaj\u0105cy luksusowe do\u015bwiadczenie przy ka\u017cdym u\u017cyciu.<\/p>\n<p>Oferujemy:<\/p>\n<ul>\n<li><strong>Brak minimalnych wymaga\u0144 dotycz\u0105cych zam\u00f3wienia<\/strong>: Kup jeden waporyzator lub zaopatrzyj si\u0119 w wi\u0119kszej ilo\u015bci \u2013 wyb\u00f3r nale\u017cy do Ciebie.<\/li>\n<li><strong>Szybka Dostawa po Europie<\/strong>: Dzi\u0119ki produktom wysy\u0142anym bezpo\u015brednio z naszego europejskiego magazynu mo\u017cesz oczekiwa\u0107 otrzymania zam\u00f3wienia w ci\u0105gu 3-7 dni.<\/li>\n<li><strong>Zaufane marki<\/strong>: Oferujemy wy\u0142\u0105cznie produkty najwy\u017cszej jako\u015bci od marek takich jak Al Fakher, Fizzy, OBEELAB HHC oraz SMPO DL02, gwarantuj\u0105c, \u017ce ka\u017cdy zakupiony przez Ciebie produkt jest autentyczny i najwy\u017cszej klasy.<\/li>\n<\/ul>\n<h3>Wniosek: Do\u015bwiadcz doskona\u0142o\u015bci Fizzy Luxury 15000 Puffs <a href=\"https:\/\/casinovape.de\/pl\/\">Jednorazowa E-papieros<\/a><\/h3>\n<p>Fizzy Luxury 15000 Puffs Rechargeable Disposable Vape Pen oferuje po\u0142\u0105czenie premiumowego designu, zaawansowanej technologii i r\u00f3\u017cnorodnej oferty smakowej, co sprawia, \u017ce jest to wyr\u00f3\u017cniaj\u0105cy si\u0119 wyb\u00f3r dla waporyzuj\u0105cych na terenie Europy. Dzi\u0119ki swojej du\u017cej pojemno\u015bci, akumulatorowi, kt\u00f3ry mo\u017cna \u0142adowa\u0107, oraz niskiej zawarto\u015bci nikotyny, ta waporyzator jest zaprojektowany, aby zapewni\u0107 luksusowe, d\u0142ugotrwa\u0142e do\u015bwiadczenie z waporyzacji. Dost\u0119pny wy\u0142\u0105cznie w <a href=\"https:\/\/casinovape.de\/pl\/\">Casinovape<\/a>Fizzy Luxury 15000 Puffs jest gotowy zrewolucjonizowa\u0107 Twoje do\u015bwiadczenie z wapowaniem.<\/p>\n<p>Zag\u0142\u0119b si\u0119 w \u015bwiat wysokiej jako\u015bci wapowania i odkryj szerok\u0105 gam\u0119 smak\u00f3w stworzonych, aby zaspokoi\u0107 ka\u017cdy gust. Odwied\u017a Casinovape ju\u017c dzi\u015b i znajd\u017a sw\u00f3j nast\u0119pny ulubiony waporyzator - do\u015bwiadcz r\u00f3\u017cnicy premium wapowania, dostarczonego prosto do Twoich drzwi.<\/p>","protected":false},"excerpt":{"rendered":"<div class=\"flex-shrink-0 flex flex-col relative items-end\">\n<div class=\"pt-0\">\n<div class=\"gizmo-shadow-stroke flex h-8 w-8 items-center justify-center overflow-hidden rounded-full\">\n<div class=\"h-full w-full\">\n<div class=\"gizmo-shadow-stroke overflow-hidden rounded-full\">Odkryj premium <strong>Fizzy Luxury 15000 Puffs<\/strong> Wielokrotnego u\u017cytku jednorazowa vape pen w Casinovape - najlepsza niemiecka platforma dla autentycznych, d\u0142ugotrwa\u0142ych vape pen\u00f3w z szybk\u0105 europejsk\u0105 wysy\u0142k\u0105 i bez minimalnej ilo\u015bci zam\u00f3wienia.<\/div>\n<\/div>\n<\/div>\n<\/div>\n<\/div>","protected":false},"featured_media":1145,"comment_status":"open","ping_status":"closed","template":"","meta":[],"product_brand":[],"product_cat":[19,78,79,81,82,84,85,86,87,88,90,92,93,94,96,97,98,99,65,66,67,68,69,70,71,72,73,74,75,76,77,57,61,45,48,50,52,54],"product_tag":[],"class_list":{"0":"post-349","1":"product","2":"type-product","3":"status-publish","4":"has-post-thumbnail","6":"product_cat-fizzy-disposable-vapes","7":"product_cat-buy-best-disposable-vape-flavors","8":"product_cat-apple-flavor-disposable-vapes","9":"product_cat-blueberry-flavor-disposable-vapes","10":"product_cat-cherry-flavor-disposable-vapes","11":"product_cat-grape-flavor-disposable-vapes","12":"product_cat-guava-flavor-disposable-vapes","13":"product_cat-ice-flavor-disposable-vapes","14":"product_cat-kiwi-flavor-disposable-vapes","15":"product_cat-lemon-flavor-disposable-vapes","16":"product_cat-mango-flavor-disposable-vapes","17":"product_cat-mixed-berries-flavor-disposable-vapes","18":"product_cat-passion-fruit-flavor-disposable-vapes","19":"product_cat-peach-flavor-disposable-vapes","20":"product_cat-raspberry-flavor-disposable-vapes","21":"product_cat-red-bull-flavor-disposable-vapes","22":"product_cat-strawberry-flavor-disposable-vapes","23":"product_cat-watermelon-flavor-disposable-vapes","24":"product_cat-best-disposable-vape-in-europe","25":"product_cat-buy-disposable-vapes-in-austria","26":"product_cat-buy-disposable-vapes-in-belgium","27":"product_cat-buy-disposable-vapes-in-france","28":"product_cat-buy-disposable-vapes-in-germany","29":"product_cat-buy-disposable-vapes-in-italy","30":"product_cat-buy-disposable-vapes-in-netherlands","31":"product_cat-buy-disposable-vapes-in-norway","32":"product_cat-buy-disposable-vapes-in-poland","33":"product_cat-buy-disposable-vapes-in-portugal","34":"product_cat-buy-disposable-vapes-in-spain","35":"product_cat-buy-disposable-vapes-in-sweden","36":"product_cat-buy-disposable-vapes-in-switzerland","37":"product_cat-shop-disposable-vapes-by-puffs","38":"product_cat-15000-puff-disposable-vape","39":"product_cat-disposable-vape-types","40":"product_cat-big-puffs-disposable-vapes","41":"product_cat-digital-box-disposable-vapes","42":"product_cat-lower-nicotine-disposable-vapes","43":"product_cat-rechargeable-disposable-vapes","45":"first","46":"outofstock","47":"shipping-taxable","48":"purchasable","49":"product-type-variable"},"jetpack_sharing_enabled":true,"_links":{"self":[{"href":"https:\/\/casinovape.de\/pl\/wp-json\/wp\/v2\/product\/349","targetHints":{"allow":["GET"]}}],"collection":[{"href":"https:\/\/casinovape.de\/pl\/wp-json\/wp\/v2\/product"}],"about":[{"href":"https:\/\/casinovape.de\/pl\/wp-json\/wp\/v2\/types\/product"}],"replies":[{"embeddable":true,"href":"https:\/\/casinovape.de\/pl\/wp-json\/wp\/v2\/comments?post=349"}],"wp:featuredmedia":[{"embeddable":true,"href":"https:\/\/casinovape.de\/pl\/wp-json\/wp\/v2\/media\/1145"}],"wp:attachment":[{"href":"https:\/\/casinovape.de\/pl\/wp-json\/wp\/v2\/media?parent=349"}],"wp:term":[{"taxonomy":"product_brand","embeddable":true,"href":"https:\/\/casinovape.de\/pl\/wp-json\/wp\/v2\/product_brand?post=349"},{"taxonomy":"product_cat","embeddable":true,"href":"https:\/\/casinovape.de\/pl\/wp-json\/wp\/v2\/product_cat?post=349"},{"taxonomy":"product_tag","embeddable":true,"href":"https:\/\/casinovape.de\/pl\/wp-json\/wp\/v2\/product_tag?post=349"}],"curies":[{"name":"wp","href":"https:\/\/api.w.org\/{rel}","templated":true}]}}