{"id":3,"date":"2024-09-01T15:39:20","date_gmt":"2024-09-01T15:39:20","guid":{"rendered":"http:\/\/casinovape.de\/?page_id=3"},"modified":"2024-11-03T10:04:09","modified_gmt":"2024-11-03T10:04:09","slug":"polityka-prywatnosci-casinovape","status":"publish","type":"page","link":"https:\/\/casinovape.de\/pl\/polityka-prywatnosci-casinovape\/","title":{"rendered":"Polityka Prywatno\u015bci CasinoVape"},"content":{"rendered":"<p>Witamy w CasinoVape! Ochrona Twoich danych osobowych jest dla nas priorytetem. Ta Polityka Prywatno\u015bci okre\u015bla, jak zbieramy, wykorzystujemy i zabezpieczamy Twoje informacje, kiedy korzystasz z naszej strony internetowej, <em>casinovape.de<\/em>szczeg\u00f3lnie podczas zakup\u00f3w premium jednorazowych e-papieros\u00f3w i powi\u0105zanych produkt\u00f3w.<\/p>\r\n<p><strong>1. Zbieranie informacji<\/strong><\/p>\r\n<p>Gdy wchodzisz w interakcj\u0119 z nasz\u0105 stron\u0105 internetow\u0105, mo\u017cemy zbiera\u0107 nast\u0119puj\u0105ce rodzaje informacji:<\/p>\r\n<ul>\r\n<li><strong>Informacje osobiste<\/strong>: Obejmuje to dane, takie jak Twoje imi\u0119 i nazwisko, adres e-mail, adresy rozliczeniowy i wysy\u0142kowy oraz dane kontaktowe podane podczas zakupu lub kontaktu z nami.<\/li>\r\n<li><strong>Informacje o transakcji<\/strong>: Informacje o Twoich zam\u00f3wieniach, szczeg\u00f3\u0142ach p\u0142atno\u015bci i preferencjach wysy\u0142ki.<\/li>\r\n<li><strong>Dane przegl\u0105dania<\/strong>: Zbieramy dane o Twoim urz\u0105dzeniu, aktywno\u015bci przegl\u0105dania oraz o tym, jak korzystasz z naszej strony internetowej za pomoc\u0105 plik\u00f3w cookie i podobnych technologii.<\/li>\r\n<li><strong>Preferencje komunikacyjne<\/strong>: Wszelkie informacje udost\u0119pnione za po\u015brednictwem obs\u0142ugi klienta, opinii lub zapyta\u0144.<\/li>\r\n<\/ul>\r\n<p><strong>2. Wykorzystanie informacji<\/strong><\/p>\r\n<p>Zebrane informacje s\u0105 wykorzystywane do nast\u0119puj\u0105cych cel\u00f3w:<\/p>\r\n<ul>\r\n<li><strong>Przetwarzanie Zam\u00f3wie\u0144<\/strong>: Aby wykona\u0107 Twoje zam\u00f3wienia i zapewni\u0107 ich terminow\u0105 oraz prawid\u0142ow\u0105 dostaw\u0119.<\/li>\r\n<li><strong>Komunikacja<\/strong>: Aby informowa\u0107 Ci\u0119 o statusie Twojego zam\u00f3wienia, odpowiada\u0107 na zapytania oraz dostarcza\u0107 aktualizacje dotycz\u0105ce promocji lub ofert.<\/li>\r\n<li><strong>Poprawa strony internetowej<\/strong>: Aby ulepszy\u0107 funkcjonalno\u015b\u0107 i do\u015bwiadczenie u\u017cytkownika naszej strony internetowej na podstawie zachowania podczas przegl\u0105dania i opinii.<\/li>\r\n<li><strong>Bezpiecze\u0144stwo i Zapobieganie oszustwom<\/strong>: Aby zachowa\u0107 integralno\u015b\u0107 naszej platformy, wykrywa\u0107 oszustwa i zapewni\u0107 bezpieczne transakcje.<\/li>\r\n<\/ul>\r\n<p><strong>3. Udost\u0119pnianie informacji<\/strong><\/p>\r\n<p>Nie sprzedajemy ani nie udost\u0119pniamy Twoich danych osobowych stronom trzecim. Mo\u017cemy jednak w okre\u015blonych przypadkach udost\u0119pni\u0107 informacje zaufanym partnerom:<\/p>\r\n<ul>\r\n<li><strong>Dostawcy Us\u0142ug<\/strong>: W tym procesory p\u0142atno\u015bci, firmy spedycyjne oraz inne osoby trzecie niezb\u0119dne do realizacji zam\u00f3wie\u0144.<\/li>\r\n<li><strong>Zgodno\u015b\u0107 z prawem<\/strong>: Je\u015bli jest to wymagane przez prawo, mo\u017cemy udost\u0119pni\u0107 Twoje informacje w\u0142adzom rz\u0105dowym lub w ramach post\u0119powania s\u0105dowego.<\/li>\r\n<\/ul>\r\n<p><strong>4. Bezpiecze\u0144stwo danych<\/strong><\/p>\r\n<p>Zobowi\u0105zujemy si\u0119 do ochrony Twoich danych i wdro\u017cenia kompleksowych \u015brodk\u00f3w zapewniaj\u0105cych ich bezpiecze\u0144stwo:<\/p>\r\n<ul>\r\n<li><strong>Szyfrowanie<\/strong>: Wra\u017cliwe informacje przesy\u0142ane przez nasz\u0105 stron\u0119 s\u0105 chronione za pomoc\u0105 szyfrowania SSL (Secure Socket Layer).<\/li>\r\n<li><strong>Audyty Bezpiecze\u0144stwa<\/strong>: Regularne oceny bezpiecze\u0144stwa i aktualizacje w celu zapewnienia ochrony przed potencjalnymi zagro\u017ceniami.<\/li>\r\n<li><strong>Kontrola dost\u0119pu<\/strong>: Dost\u0119p do danych osobowych jest ograniczony wy\u0142\u0105cznie do uprawnionego personelu.<\/li>\r\n<\/ul>\r\n<p><strong>5. Twoje prawa<\/strong><\/p>\r\n<p>Masz nast\u0119puj\u0105ce prawa dotycz\u0105ce swoich danych osobowych:<\/p>\r\n<ul>\r\n<li><strong>Dost\u0119p i Aktualizacja<\/strong>: Przejrzyj, zaktualizuj lub popraw swoje dane, kontaktuj\u0105c si\u0119 z nami bezpo\u015brednio.<\/li>\r\n<li><strong>Usuni\u0119cie<\/strong>: \u017b\u0105danie usuni\u0119cia danych, chyba \u017ce jest to konieczne do wykonania transakcji lub wype\u0142nienia zobowi\u0105za\u0144 prawnych.<\/li>\r\n<li><strong>Wyoptowanie z marketingu<\/strong>: Wypisz si\u0119 z komunikacji marketingowej, post\u0119puj\u0105c zgodnie z instrukcjami zawartymi w naszych e-mailach lub kontaktuj\u0105c si\u0119 z nami.<\/li>\r\n<\/ul>\r\n<p><strong>6. Pliki cookie i technologie \u015bledzenia<\/strong><\/p>\r\n<p>Nasza strona internetowa wykorzystuje pliki cookie, aby poprawi\u0107 Twoje do\u015bwiadczenie podczas przegl\u0105dania, monitorowa\u0107 korzystanie z witryny oraz personalizowa\u0107 interakcje. Mo\u017cesz zarz\u0105dza\u0107 preferencjami dotycz\u0105cymi plik\u00f3w cookie za pomoc\u0105 ustawie\u0144 przegl\u0105darki.<\/p>\r\n<p><strong>7. Aktualizacje polityki<\/strong><\/p>\r\n<p>Mo\u017cemy aktualizowa\u0107 t\u0119 Polityk\u0119 Prywatno\u015bci okresowo, aby odzwierciedli\u0107 zmiany w praktykach lub wymogach prawnych. Zach\u0119camy Ci\u0119 do regularnego przegl\u0105dania tej strony, aby by\u0107 na bie\u017c\u0105co z tym, jak chronimy Twoje informacje.<\/p>\r\n<p><strong>8. Skontaktuj si\u0119 z nami<\/strong><\/p>\r\n<p>Korzystaj\u0105c z <em>casinovape.de<\/em>, zgadzasz si\u0119 na warunki niniejszej Polityki Prywatno\u015bci. W razie pyta\u0144 lub w\u0105tpliwo\u015bci dotycz\u0105cych naszych praktyk w zakresie prywatno\u015bci, prosimy o kontakt za po\u015brednictwem <strong><a rel=\"noopener\">info@casinovape.de<\/a><\/strong>.<\/p>\r\n<p>Dzi\u0119kujemy za wybranie CasinoVape do zaspokojenia Twoich potrzeb zwi\u0105zanych z jednorazowymi e-papierosami. Z niecierpliwo\u015bci\u0105 czekamy na dostarczenie Ci najlepszych marek i konkurencyjnych cen hurtowych na Twoje ulubione smaki.<\/p>","protected":false},"excerpt":{"rendered":"<p>Witamy w CasinoVape! Ochrona Twoich danych osobowych jest dla nas priorytetem. Ta Polityka Prywatno\u015bci okre\u015bla, jak zbieramy, wykorzystujemy i zabezpieczamy Twoje informacje, gdy korzystasz z naszej strony internetowej, casinovape.de, szczeg\u00f3lnie podczas zakupu premium jednorazowych e-papieros\u00f3w i powi\u0105zanych produkt\u00f3w. 1. Zbieranie informacji Gdy wchodzisz w interakcj\u0119 z nasz\u0105 stron\u0105 internetow\u0105, mo\u017cemy zbiera\u0107 nast\u0119puj\u0105ce typy [\u2026]","protected":false},"author":1,"featured_media":0,"parent":0,"menu_order":0,"comment_status":"closed","ping_status":"open","template":"page-blank-title-center.php","meta":{"footnotes":""},"class_list":["post-3","page","type-page","status-publish","hentry"],"jetpack_sharing_enabled":true,"_links":{"self":[{"href":"https:\/\/casinovape.de\/pl\/wp-json\/wp\/v2\/pages\/3","targetHints":{"allow":["GET"]}}],"collection":[{"href":"https:\/\/casinovape.de\/pl\/wp-json\/wp\/v2\/pages"}],"about":[{"href":"https:\/\/casinovape.de\/pl\/wp-json\/wp\/v2\/types\/page"}],"author":[{"embeddable":true,"href":"https:\/\/casinovape.de\/pl\/wp-json\/wp\/v2\/users\/1"}],"replies":[{"embeddable":true,"href":"https:\/\/casinovape.de\/pl\/wp-json\/wp\/v2\/comments?post=3"}],"version-history":[{"count":0,"href":"https:\/\/casinovape.de\/pl\/wp-json\/wp\/v2\/pages\/3\/revisions"}],"wp:attachment":[{"href":"https:\/\/casinovape.de\/pl\/wp-json\/wp\/v2\/media?parent=3"}],"curies":[{"name":"wp","href":"https:\/\/api.w.org\/{rel}","templated":true}]}}