{"id":13,"date":"2024-10-20T09:51:21","date_gmt":"2024-10-20T09:51:21","guid":{"rendered":"https:\/\/casinovape.de\/?page_id=13"},"modified":"2024-11-03T09:59:32","modified_gmt":"2024-11-03T09:59:32","slug":"polityka-zwrotow-w-kasynie-vape","status":"publish","type":"page","link":"https:\/\/casinovape.de\/pl\/polityka-zwrotow-w-kasynie-vape\/","title":{"rendered":"Polityka Zwrotu CasinoVape"},"content":{"rendered":"<p>W CasinoVape zobowi\u0105zujemy si\u0119 do dostarczania wysokiej jako\u015bci jednorazowych waporyzator\u00f3w oraz do zapewnienia Twojego zadowolenia z ka\u017cdego zakupu. Nasza polityka zwrot\u00f3w i rekompensat zosta\u0142a stworzona z my\u015bl\u0105 o przejrzysto\u015bci i uczciwo\u015bci, dzi\u0119ki czemu mo\u017cesz robi\u0107 zakupy z pewno\u015bci\u0105.<\/p>\r\n<hr \/>\r\n<h4>1. Anulowanie zam\u00f3wienia i uprawnienie do zwrotu pieni\u0119dzy<\/h4>\r\n<p>Je\u015bli chcesz anulowa\u0107 swoje zam\u00f3wienie, prosimy o poinformowanie nas w ci\u0105gu 24 godzin od zakupu. Zam\u00f3wienia, kt\u00f3re nie zosta\u0142y jeszcze przetworzone lub wys\u0142ane, s\u0105 uprawnione do pe\u0142nego zwrotu pieni\u0119dzy. Niestety, gdy zam\u00f3wienie zosta\u0142o ju\u017c przetworzone lub wys\u0142ane, nie mo\u017cna go ju\u017c anulowa\u0107.<\/p>\r\n<h4>2. Zwroty po 24-godzinnym oknie<\/h4>\r\n<p>Wi\u0119kszo\u015b\u0107 zam\u00f3wie\u0144 przechodzi do przetwarzania po 24 godzinach. Cz\u0119\u015bciowy zwrot pieni\u0119dzy do 50% mo\u017ce by\u0107 mo\u017cliwy, je\u015bli Twoje zam\u00f3wienie jeszcze nie zosta\u0142o wys\u0142ane, ale ponios\u0142o op\u0142aty za przetwarzanie. Zam\u00f3wienia, kt\u00f3re ju\u017c zosta\u0142y wys\u0142ane, nie podlegaj\u0105 zwrotowi.<\/p>\r\n<h4>3. Uszkodzone lub Wadliwe Produkty<\/h4>\r\n<p>Je\u015bli otrzyma\u0142e\u015b wadliwy lub uszkodzony produkt, prosimy o kontakt z nami w ci\u0105gu 7 dni od otrzymania. Aby pom\u00f3c w rozpatrzeniu Twojego wniosku, mo\u017cemy poprosi\u0107 o przes\u0142anie zdj\u0119\u0107 potwierdzaj\u0105cych, aby oceni\u0107 problem.  Odpowiednie wnioski mog\u0105 kwalifikowa\u0107 si\u0119 do pe\u0142nego zwrotu pieni\u0119dzy lub wymiany, w zale\u017cno\u015bci od dost\u0119pno\u015bci.<\/p>\r\n<h4>4. C\u0142a i Ubezpieczenie Wysy\u0142ki<\/h4>\r\n<p>Wszystkie zam\u00f3wienia s\u0105 ubezpieczone podczas transportu. W przypadku, gdy Twoje zam\u00f3wienie zostanie zatrzymane przez s\u0142u\u017cby celne i problemu nie da si\u0119 rozwi\u0105za\u0107 w rozs\u0105dnym terminie, zaoferujemy pe\u0142ny zwrot pieni\u0119dzy.<\/p>\r\n<h4>5. Nieprawid\u0142owe informacje o wysy\u0142ce<\/h4>\r\n<p>Klienci s\u0105 odpowiedzialni za podanie dok\u0142adnych informacji o wysy\u0142ce. Niedok\u0142adno\u015bci, kt\u00f3re prowadz\u0105 do zwrotu, mog\u0105 spowodowa\u0107 dodatkowe op\u0142aty za wysy\u0142k\u0119.<\/p>\r\n<h4>6. Zwroty pieni\u0119dzy za zam\u00f3wienia hurtowe<\/h4>\r\n<p>Inne warunki zwrotu dotycz\u0105 zam\u00f3wie\u0144 zbiorczych. Og\u00f3lnie rzecz bior\u0105c, zam\u00f3wienia zbiorcze nie s\u0105 uprawnione do zwrotu po wysy\u0142ce, chyba \u017ce istnieje zweryfikowany problem z jako\u015bci\u0105 lub je\u015bli dostarczono nieprawid\u0142owe przedmioty.<\/p>\r\n<h4>7. \u017b\u0105danie zwrotu pieni\u0119dzy<\/h4>\r\n<p>Aby zainicjowa\u0107 wniosek o zwrot pieni\u0119dzy, prosimy o kontakt z naszym zespo\u0142em wsparcia klienta pod adresem <a rel=\"noopener\">info@casinovape.de<\/a> wraz z numerem zam\u00f3wienia i kr\u00f3tkim opisem problemu. Przejrzymy Twoj\u0105 pro\u015bb\u0119 w ci\u0105gu 3-5 dni roboczych.<\/p>\r\n<p>Dokonuj\u0105c zakupu w CasinoVape, wyra\u017casz zgod\u0119 na te warunki zwrotu. Je\u015bli masz dodatkowe pytania, nie wahaj si\u0119 skontaktowa\u0107 z nami.<\/p>","protected":false},"excerpt":{"rendered":"<p>At CasinoVape, we\u2019re committed to delivering premium-quality disposable vapes and ensuring your satisfaction with each purchase. Our return and refund policy is crafted with transparency and fairness in mind so that you can shop with confidence. 1. Order Cancellations and Eligibility for Refunds If you wish to cancel your order, please notify us within 24 [\u2026]","protected":false},"author":1,"featured_media":0,"parent":0,"menu_order":0,"comment_status":"closed","ping_status":"closed","template":"page-blank-title-center.php","meta":{"footnotes":""},"class_list":["post-13","page","type-page","status-publish","hentry"],"jetpack_sharing_enabled":true,"_links":{"self":[{"href":"https:\/\/casinovape.de\/pl\/wp-json\/wp\/v2\/pages\/13","targetHints":{"allow":["GET"]}}],"collection":[{"href":"https:\/\/casinovape.de\/pl\/wp-json\/wp\/v2\/pages"}],"about":[{"href":"https:\/\/casinovape.de\/pl\/wp-json\/wp\/v2\/types\/page"}],"author":[{"embeddable":true,"href":"https:\/\/casinovape.de\/pl\/wp-json\/wp\/v2\/users\/1"}],"replies":[{"embeddable":true,"href":"https:\/\/casinovape.de\/pl\/wp-json\/wp\/v2\/comments?post=13"}],"version-history":[{"count":0,"href":"https:\/\/casinovape.de\/pl\/wp-json\/wp\/v2\/pages\/13\/revisions"}],"wp:attachment":[{"href":"https:\/\/casinovape.de\/pl\/wp-json\/wp\/v2\/media?parent=13"}],"curies":[{"name":"wp","href":"https:\/\/api.w.org\/{rel}","templated":true}]}}