{"id":1065,"date":"2024-10-20T13:01:04","date_gmt":"2024-10-20T13:01:04","guid":{"rendered":"https:\/\/casinovape.de\/?page_id=1065"},"modified":"2024-11-03T10:20:57","modified_gmt":"2024-11-03T10:20:57","slug":"kupuj-jednorazowe-waporyzatory-premium-w-europie-za-pomoca-karty-kredytowej-w-casinovape","status":"publish","type":"page","link":"https:\/\/casinovape.de\/pl\/kupuj-jednorazowe-waporyzatory-premium-w-europie-za-pomoca-karty-kredytowej-w-casinovape\/","title":{"rendered":"Kup Premium Jednorazowe E-Papierosy w Europie z Kart\u0105 Kredytow\u0105 w CasinoVape"},"content":{"rendered":"<div class=\"layoutkit-flexbox css-qyvfwg\">\n<div class=\"layoutkit-flexbox css-i80ya5\">\n<div tabindex=\"0\" data-testid=\"virtuoso-scroller\" data-virtuoso-scroller=\"true\">\n<div data-viewport-type=\"element\">\n<div data-testid=\"virtuoso-item-list\">\n<div data-index=\"2\" data-known-size=\"763\" data-item-index=\"2\">\n<div class=\"layoutkit-flexbox css-fwqjpa acss-1n37vm9\">\n<div class=\"layoutkit-flexbox css-9pyqzz acss-4ej7mt\">\n<div class=\"layoutkit-flexbox css-roa2v7 acss-lp0rhx\">\n<div class=\"layoutkit-flexbox css-o3n4io acss-1rt0pt\">\n<div id=\"4sPybgm6\" class=\"layoutkit-flexbox css-fr78qt\">\n<article class=\"acss-1fjdvz5\" data-code-type=\"markdown\">\n<div class=\"acss-1ixzzqn\">\n<p>Witamy w CasinoVape, najlepszym sklepie internetowym oferuj\u0105cym wysokiej jako\u015bci jednorazowe waporyzatory w Europie. Dzi\u0119ki naszemu podej\u015bciu zorientowanemu na klienta, CasinoVape u\u0142atwia zakup najlepszych marek, takich jak Al Fakher, Fizzy, OBEELAB HHC i SMPO DL02. Z siedzib\u0105 w Niemczech, oferujemy szybk\u0105 i wygodn\u0105 obs\u0142ug\u0119 dla waporyzator\u00f3w w ca\u0142ej UE, wraz z bezpiecznymi p\u0142atno\u015bciami kart\u0105 kredytow\u0105, PayPal, a nawet opcjami kryptowalut dla p\u0142ynnego i bezpiecznego do\u015bwiadczenia zakupowego.<\/p>\n<h3>Dlaczego wybra\u0107 CasinoVape?<\/h3>\n<p>CasinoVape zobowi\u0105zuje si\u0119 do oferowania wyselekcjonowanego wyboru premium jednorazowych waporyzator\u00f3w, kt\u00f3re odpowiadaj\u0105 potrzebom wszystkich rodzaj\u00f3w waper\u00f3w. Nasze produkty dost\u0119pne s\u0105 w r\u00f3\u017cnych smakach i st\u0119\u017ceniach nikotyny, zapewniaj\u0105c przyjemne do\u015bwiadczenie dla ka\u017cdego. Dzi\u0119ki wieloletnim do\u015bwiadczeniu, wypracowali\u015bmy sobie reputacj\u0119 niezawodno\u015bci i doskona\u0142o\u015bci zar\u00f3wno w jako\u015bci produkt\u00f3w, jak i obs\u0142ugi klienta w ca\u0142ej Europie.<\/p>\n<h3>bezpieczne i elastyczne opcje p\u0142atno\u015bci<\/h3>\n<p>Rozumiemy, \u017ce bezpieczne p\u0142atno\u015bci s\u0105 niezb\u0119dne. CasinoVape obs\u0142uguje p\u0142atno\u015bci kart\u0105 kredytow\u0105 (Visa, MasterCard), PayPal oraz kryptowaluty, aby zapewni\u0107 r\u00f3\u017cnorodne zaufane i elastyczne opcje. Dodatkowo, dla klient\u00f3w z UE, przelewy bankowe SEPA stanowi\u0105 wygodn\u0105 alternatyw\u0119 dla transakcji bez problem\u00f3w.<\/p>\n<h3>Darmowa i Szybka Wysy\u0142ka po ca\u0142ej UE<\/h3>\n<p>CasinoVape gwarantuje niezawodn\u0105 dostaw\u0119 z naszych europejskich magazyn\u00f3w, z czasem dostawy od 3 do 7 dni dla wi\u0119kszo\u015bci zam\u00f3wie\u0144. Aby zakupy by\u0142y jeszcze bardziej korzystne, oferujemy darmow\u0105 dostaw\u0119 na zam\u00f3wienia powy\u017cej 49,99 \u20ac w Niemczech i powy\u017cej 99,99 \u20ac dla innych kraj\u00f3w UE. Nasza szybka i niezawodna dostawa zapewnia, \u017ce Twoje ulubione produkty docieraj\u0105 do Ciebie jak najszybciej.<\/p>\n<h3>Co wyr\u00f3\u017cnia CasinoVape?<\/h3>\n<p>Nasze produkty kochaj\u0105 nasi klienci, kt\u00f3rzy ceni\u0105 wygod\u0119 i jako\u015b\u0107, jak\u0105 dostarczamy. Dzi\u0119ki entuzjastycznym recenzjom naszej efektywnej obs\u0142ugi, konkurencyjnym cenom oraz r\u00f3\u017cnorodno\u015bci smak\u00f3w i styl\u00f3w, kt\u00f3re oferujemy, CasinoVape wyr\u00f3\u017cnia si\u0119 jako zaufane \u017ar\u00f3d\u0142o jednorazowych waporyzator\u00f3w w Europie. Klienci doceniaj\u0105 autentyczne recenzje, \u0142atwo\u015b\u0107 nawigacji na naszej stronie oraz przyjazn\u0105 obs\u0142ug\u0119 klienta, kt\u00f3r\u0105 CasinoVape konsekwentnie zapewnia.<\/p>\n<h3>Jak rozpocz\u0105\u0107 zakupy<\/h3>\n<p>Gotowy do podniesienia poziomu swojego do\u015bwiadczenia z wapowaniem? Przegl\u0105daj nasz\u0105 szerok\u0105 gam\u0119 jednorazowych waporyzator\u00f3w na CasinoVape.de. Nasza kolekcja obejmuje najlepsze produkty od renomowanych marek, dost\u0119pne w r\u00f3\u017cnych ilo\u015bciach zaci\u0105gni\u0119\u0107 oraz wariantach smakowych. Niezale\u017cnie od tego, czy jeste\u015b nowy w wapowaniu, czy do\u015bwiadczonym entuzjast\u0105, CasinoVape ma co\u015b dla ka\u017cdego.<\/p>\n<p>Dla pyta\u0144 o produkty, p\u0142atno\u015bci lub wysy\u0142k\u0119, nasz zesp\u00f3\u0142 wsparcia klienta pe\u0142en wiedzy jest tylko jednym e-mailem dalej na <a rel=\"noopener\">info@casinovape.de<\/a>.<\/p>\n<\/div>\n<\/article>\n<\/div>\n<\/div>\n<\/div>\n<\/div>\n<\/div>\n<\/div>\n<\/div>\n<\/div>\n<\/div>\n<\/div>\n<\/div>","protected":false},"excerpt":{"rendered":"<p>Witamy w CasinoVape, najlepszym sklepie internetowym oferuj\u0105cym wysokiej jako\u015bci jednorazowe waporyzatory w Europie. Dzi\u0119ki naszemu podej\u015bciu zorientowanemu na klienta, CasinoVape u\u0142atwia zakup najlepszych marek, takich jak Al Fakher, Fizzy, OBEELAB HHC i SMPO DL02. Z siedzib\u0105 w Niemczech, oferujemy szybk\u0105 i wygodn\u0105 obs\u0142ug\u0119 dla waporyzator\u00f3w w ca\u0142ej UE, wraz z bezpiecznymi p\u0142atno\u015bciami kart\u0105 kredytow\u0105, PayPal i [\u2026]","protected":false},"author":1,"featured_media":0,"parent":0,"menu_order":0,"comment_status":"closed","ping_status":"closed","template":"page-blank-title-center.php","meta":{"footnotes":""},"class_list":["post-1065","page","type-page","status-publish","hentry"],"jetpack_sharing_enabled":true,"_links":{"self":[{"href":"https:\/\/casinovape.de\/pl\/wp-json\/wp\/v2\/pages\/1065","targetHints":{"allow":["GET"]}}],"collection":[{"href":"https:\/\/casinovape.de\/pl\/wp-json\/wp\/v2\/pages"}],"about":[{"href":"https:\/\/casinovape.de\/pl\/wp-json\/wp\/v2\/types\/page"}],"author":[{"embeddable":true,"href":"https:\/\/casinovape.de\/pl\/wp-json\/wp\/v2\/users\/1"}],"replies":[{"embeddable":true,"href":"https:\/\/casinovape.de\/pl\/wp-json\/wp\/v2\/comments?post=1065"}],"version-history":[{"count":0,"href":"https:\/\/casinovape.de\/pl\/wp-json\/wp\/v2\/pages\/1065\/revisions"}],"wp:attachment":[{"href":"https:\/\/casinovape.de\/pl\/wp-json\/wp\/v2\/media?parent=1065"}],"curies":[{"name":"wp","href":"https:\/\/api.w.org\/{rel}","templated":true}]}}