{"id":1042,"date":"2024-10-20T09:46:30","date_gmt":"2024-10-20T09:46:30","guid":{"rendered":"https:\/\/casinovape.de\/?page_id=1042"},"modified":"2024-11-03T10:00:04","modified_gmt":"2024-11-03T10:00:04","slug":"zasady-wysylki-casinovape","status":"publish","type":"page","link":"https:\/\/casinovape.de\/pl\/zasady-wysylki-casinovape\/","title":{"rendered":"Polityka Wysy\u0142ki CasinoVape"},"content":{"rendered":"<p>Witamy w CasinoVape! Jeste\u015bmy podekscytowani, \u017ce mo\u017cemy zaoferowa\u0107 wam premium jednorazowe waporyzatory od czo\u0142owych marek, takich jak Al Fakher, Fizzy, OBEELAB HHC oraz SMPO DL02, dostarczane prosto z naszego europejskiego magazynu. Niezale\u017cnie od tego, czy dopiero zaczynasz odkrywa\u0107 \u015bwiat jednorazowych waporyzator\u00f3w, czy jeste\u015b do\u015bwiadczonym entuzjast\u0105, nasz proces wysy\u0142ki zosta\u0142 zaprojektowany, aby zapewni\u0107 p\u0142ynne i terminowe do\u015bwiadczenie.<\/p>\n<h3>Czasy Przetwarzania Zam\u00f3wie\u0144 i Wysy\u0142ki<\/h3>\n<ul>\n<li><strong>Czas Przetwarzania<\/strong>: Zam\u00f3wienia s\u0105 przetwarzane w ci\u0105gu 1-3 dni roboczych. Prosimy o uwzgl\u0119dnienie faktu, \u017ce zam\u00f3wienia z\u0142o\u017cone w weekend zostan\u0105 rozpocz\u0119te do realizacji w nast\u0119pny poniedzia\u0142ek.<\/li>\n<li><strong>Czas dostawy<\/strong>: Po przetworzeniu wysy\u0142ka zazwyczaj zajmuje od 3 do 7 dni roboczych, w zale\u017cno\u015bci od Twojej lokalizacji i wybranego sposobu wysy\u0142ki.<\/li>\n<\/ul>\n<h3>Koszty wysy\u0142ki i progi darmowej wysy\u0142ki<\/h3>\n<p>Aby Twoje zakupy by\u0142y jeszcze lepsze, oferujemy darmow\u0105 wysy\u0142k\u0119 dla kwalifikuj\u0105cych si\u0119 zam\u00f3wie\u0144:<\/p>\n<ul>\n<li><strong>W Niemczech<\/strong>: Darmowa standardowa wysy\u0142ka przy zam\u00f3wieniach powy\u017cej 49,99 \u20ac.<\/li>\n<li><strong>W ramach UE<\/strong>: Darmowa standardowa wysy\u0142ka przy zam\u00f3wieniach powy\u017cej 99,99 \u20ac.<\/li>\n<\/ul>\n<p>Je\u015bli Twoje zam\u00f3wienie nie spe\u0142nia tych prog\u00f3w, standardowe stawki wysy\u0142ki b\u0119d\u0105 stosowane w zale\u017cno\u015bci od Twojej lokalizacji i wybranego wariantu dostawy.<\/p>\n<h3>Kraje, do kt\u00f3rych dostarczamy<\/h3>\n<p>Nasze us\u0142ugi wysy\u0142kowe obejmuj\u0105 bezpo\u015brednio nast\u0119puj\u0105ce kraje europejskie z naszych magazyn\u00f3w z siedzib\u0105 w UE:<\/p>\n<ul>\n<li><strong>Niemcy, Austria, Belgia, Francja, W\u0142ochy, Irlandia, Portugalia, Hiszpania i Holandia<\/strong><\/li>\n<li><strong>Regiony nordyckie<\/strong>: Dania, Finlandia, Szwecja<\/li>\n<li><strong>Europa \u015arodkowa i Wschodnia<\/strong>: Czechy, W\u0119gry, S\u0142owacja, S\u0142owenia, Polska, Chorwacja, Bu\u0142garia, Litwa, \u0141otwa, Estonia i Grecja<\/li>\n<\/ul>\n<p>Je\u015bli Tw\u00f3j kraj nie jest wymieniony, by\u0107 mo\u017ce nadal b\u0119dziemy mogli dostarczy\u0107 towar do Ciebie. Skontaktuj si\u0119 z nami prosz\u0119 pod adresem <a rel=\"noopener\">info@casinovape.de<\/a> aby potwierdzi\u0107 dost\u0119pne opcje i stawki.<\/p>\n<h3>Zmiany w zam\u00f3wieniach i anulowania<\/h3>\n<p>Mo\u017cesz zmodyfikowa\u0107 lub anulowa\u0107 swoje zam\u00f3wienie tak d\u0142ugo, jak nie zosta\u0142o ono jeszcze wys\u0142ane. Po wys\u0142aniu zam\u00f3wienia nie mo\u017cna wprowadzi\u0107 \u017cadnych dalszych zmian, w tym zmiany adresu lub anulowania.<\/p>\n<h3>\u015aledzenie zam\u00f3wienia<\/h3>\n<p>Gdy tylko Twoje zam\u00f3wienie zostanie wys\u0142ane, otrzymasz e-mail z linkiem do \u015bledzenia. Mo\u017cesz monitorowa\u0107 post\u0119p przesy\u0142ki przez <a href=\"https:\/\/www.17track.net\" target=\"_new\" rel=\"noopener\">17track.net<\/a>, kt\u00f3ry zapewnia aktualizacje \u015bledzenia w czasie rzeczywistym. Nale\u017cy pami\u0119ta\u0107, \u017ce informacje o \u015bledzeniu mog\u0105 by\u0107 aktywne dopiero po up\u0142ywie maksymalnie 48 godzin.<\/p>\n<h3>Opcje p\u0142atno\u015bci<\/h3>\n<p>Oferujemy elastyczne metody p\u0142atno\u015bci, w tym:<\/p>\n<ul>\n<li><strong>Karta kredytowa i PayPal<\/strong> dla bezpiecznych i wygodnych transakcji.<\/li>\n<li><strong>Kryptowaluta<\/strong> dla klient\u00f3w, kt\u00f3rzy preferuj\u0105 p\u0142atno\u015bci oparte na blockchainie.<\/li>\n<li><strong>Przelew bankowy SEPA<\/strong> dla klient\u00f3w z r\u00f3\u017cnych kraj\u00f3w europejskich.<\/li>\n<\/ul>\n<h3>Skontaktuj si\u0119 z nami<\/h3>\n<p>W razie pyta\u0144 lub potrzeby pomocy nasz dedykowany zesp\u00f3\u0142 obs\u0142ugi klienta jest tutaj, aby pom\u00f3c. Prosimy o kontakt z nami: <a rel=\"noopener\">info@casinovape.de<\/a>Zobowi\u0105zujemy si\u0119 do zapewnienia Ci najwy\u017cszej jako\u015bci us\u0142ug, aby poprawi\u0107 Twoje do\u015bwiadczenie zwi\u0105zane z wapowaniem.<\/p>\n<p>Dzi\u0119kujemy za wyb\u00f3r CasinoVape, gdzie premium jednorazowe waporyzatory spotykaj\u0105 si\u0119 z szybk\u0105 i niezawodn\u0105 wysy\u0142k\u0105 w ca\u0142ej Europie. Ciesz si\u0119 swoj\u0105 podr\u00f3\u017c\u0105 wapingow\u0105 z nami!<\/p>","protected":false},"excerpt":{"rendered":"<p>Witamy w CasinoVape! Jeste\u015bmy podekscytowani, \u017ce mo\u017cemy zaoferowa\u0107 wam premium jednorazowe waporyzatory od czo\u0142owych marek, takich jak Al Fakher, Fizzy, OBEELAB HHC i SMPO DL02, dostarczane prosto z naszego europejskiego magazynu. Niezale\u017cnie od tego, czy dopiero zaczynasz odkrywa\u0107 \u015bwiat jednorazowych waporyzator\u00f3w, czy jeste\u015b do\u015bwiadczonym entuzjast\u0105, nasz proces wysy\u0142ki zosta\u0142 zaprojektowany, aby zapewni\u0107 p\u0142ynne i terminowe do\u015bwiadczenie. Przetwarzanie zam\u00f3wienia i [\u2026]","protected":false},"author":1,"featured_media":0,"parent":0,"menu_order":0,"comment_status":"closed","ping_status":"closed","template":"page-blank-title-center.php","meta":{"footnotes":""},"class_list":["post-1042","page","type-page","status-publish","hentry"],"jetpack_sharing_enabled":true,"_links":{"self":[{"href":"https:\/\/casinovape.de\/pl\/wp-json\/wp\/v2\/pages\/1042","targetHints":{"allow":["GET"]}}],"collection":[{"href":"https:\/\/casinovape.de\/pl\/wp-json\/wp\/v2\/pages"}],"about":[{"href":"https:\/\/casinovape.de\/pl\/wp-json\/wp\/v2\/types\/page"}],"author":[{"embeddable":true,"href":"https:\/\/casinovape.de\/pl\/wp-json\/wp\/v2\/users\/1"}],"replies":[{"embeddable":true,"href":"https:\/\/casinovape.de\/pl\/wp-json\/wp\/v2\/comments?post=1042"}],"version-history":[{"count":0,"href":"https:\/\/casinovape.de\/pl\/wp-json\/wp\/v2\/pages\/1042\/revisions"}],"wp:attachment":[{"href":"https:\/\/casinovape.de\/pl\/wp-json\/wp\/v2\/media?parent=1042"}],"curies":[{"name":"wp","href":"https:\/\/api.w.org\/{rel}","templated":true}]}}