{"id":1034,"date":"2024-10-20T09:33:26","date_gmt":"2024-10-20T09:33:26","guid":{"rendered":"https:\/\/casinovape.de\/?page_id=1034"},"modified":"2024-11-03T09:44:59","modified_gmt":"2024-11-03T09:44:59","slug":"oferty-kuponow-casinovape","status":"publish","type":"page","link":"https:\/\/casinovape.de\/pl\/oferty-kuponow-casinovape\/","title":{"rendered":"Kody Rabatowe CasinoVape &amp; Oferty"},"content":{"rendered":"<section class=\"section\" id=\"section_873422257\">\n\t\t<div class=\"section-bg fill\" >\n\t\t\t\t\t\t\t\t\t\n\t\t\t\n\n\t\t<\/div>\n\n\t\t\n\n\t\t<div class=\"section-content relative\">\n\t\t\t\n<div class=\"row row-small\"  id=\"row-908533373\">\n\n\t<div id=\"col-128735866\" class=\"col medium-12 small-12 large-6\"  >\n\t\t\t\t<div class=\"col-inner\"  >\n\t\t\t\n\t\t\t\n<h2><strong>Jednorazowa E-papieros <\/strong><strong>Kupony i oferty \u2013 CasinoVape<\/strong><\/h2>\n<p>Witamy w CasinoVape, Twoim premiumowym sklepie internetowym oferuj\u0105cym wysokiej jako\u015bci jednorazowe e-papierosy, z dum\u0105 obs\u0142uguj\u0105cym rynek UE. Oferujemy Ci imponuj\u0105cy wyb\u00f3r najbardziej po\u017c\u0105danych marek vape, takich jak Al Fakher, Fizzy, OBEELAB HHC i SMPO DL02. Zaprojektowany, aby zapewni\u0107 bezproblemowe do\u015bwiadczenie wapowania, CasinoVape zobowi\u0105zuje si\u0119 do doskona\u0142ej obs\u0142ugi klienta i ekscytuj\u0105cych ofert, dopasowanych specjalnie dla Ciebie.<\/p>\n<h3>Aktualne oferty:<\/h3>\n<ul>\n<li><strong>Darmowa wysy\u0142ka<\/strong>: Ciesz si\u0119 darmow\u0105 wysy\u0142k\u0105 po Niemczech na zam\u00f3wienia powy\u017cej 49,99 \u20ac! Wysy\u0142amy szybko z naszych europejskich magazyn\u00f3w, z dostaw\u0105 w ci\u0105gu 3-7 dni roboczych.<\/li>\n<li><strong>Specjalne oferty<\/strong>: Nie przegap naszych czasowych zni\u017cek i ekskluzywnych ofert, regularnie aktualizowanych. Koniecznie cz\u0119sto sprawdzaj, aby odkry\u0107 specjalne oferty na twoje ulubione vape'y.<\/li>\n<\/ul>\n<h3>Elastyczne opcje p\u0142atno\u015bci<\/h3>\n<p>Oferujemy bezpieczne i wszechstronne opcje p\u0142atno\u015bci, w tym PayPal, karty kredytowe oraz przelewy bankowe SEPA dla klient\u00f3w z ca\u0142ej Europy. Dodatkowo, akceptujemy p\u0142atno\u015bci w kryptowalutach dla wi\u0119kszej wygody.<\/p>\n<h3>Dlaczego warto robi\u0107 zakupy w CasinoVape?<\/h3>\n<ul>\n<li><strong>Wysoka Jako\u015b\u0107<\/strong>Nasze jednorazowe e-papierosy s\u0105 starannie wybrane, aby zapewni\u0107 doskona\u0142e do\u015bwiadczenie wapowania z gam\u0105 wyrafinowanych smak\u00f3w.<\/li>\n<li><strong>Szybka wysy\u0142ka<\/strong>: Z realizacj\u0105 z naszych magazyn\u00f3w z siedzib\u0105 w UE Twoje zam\u00f3wienie dotrze ju\u017c za kilka dni.<\/li>\n<li><strong>Zadowolenie Klienta<\/strong>: Nasz dedykowany zesp\u00f3\u0142 wsparcia jest tutaj dla Ciebie, stawiaj\u0105c Twoje zadowolenie na pierwszym miejscu na ka\u017cdym etapie.<\/li>\n<\/ul>\n<h3>Skontaktuj si\u0119 z nami:<\/h3>\n<p>Masz pytania lub uwagi? Skontaktuj si\u0119 z nami w dowolnym momencie pod adresem:<br \/>\n<strong>E-mail<\/strong>: <a rel=\"noopener\">info@casinovape.de<\/a><\/p>\n<p>B\u0105d\u017a na bie\u017c\u0105co z najnowszymi ofertami CasinoVape i zabezpiecz ekskluzywne rabaty na wi\u0119ksze zam\u00f3wienia, u\u0142atwiaj\u0105c sobie zakup wysokiej jako\u015bci jednorazowych e-papieros\u00f3w po atrakcyjnych cenach.<\/p>\n<a href=\"\/pl\/sklep\/\" class=\"button primary\"  >\n\t\t<span>Zam\u00f3w ju\u017c teraz!<\/span>\n\t<\/a>\n\n\t\t<\/div>\n\t\t\t\t\t<\/div>\n\n\t\n\n\t<div id=\"col-1716590496\" class=\"col medium-12 small-12 large-6\"  >\n\t\t\t\t<div class=\"col-inner\"  >\n\t\t\t\n\t\t\t\n\n\t\t<div class=\"icon-box featured-box icon-box-left text-left\"  >\n\t\t\t\t<div class=\"icon-box-text last-reset\">\n\t\t\t\t\t\t\t\t\t\n<h2><strong>Zabezpiecz 1% zni\u017ck\u0119<\/strong><\/h2>\n<h4>Get a <strong>1% zni\u017cka<\/strong> przy zam\u00f3wieniach powy\u017cej <strong>\u20ac100<\/strong> lub <strong>$100<\/strong>.<\/h4>\n<p><strong>Wa\u017cny do<\/strong>: 12\/31\/2024<\/p>\n<a class=\"button primary\"  >\n\t\t<span>Kod rabatowy: casino1<\/span>\n\t<\/a>\n\n\t\t<\/div>\n\t<\/div>\n\t\n\t\n\t<div id=\"gap-1895841535\" class=\"gap-element clearfix\" style=\"display:block; height:auto;\">\n\t\t\n<style>\n#gap-1895841535 {\n  padding-top: 30px;\n}\n<\/style>\n\t<\/div>\n\t\n\n\t\t<div class=\"icon-box featured-box icon-box-left text-left\"  >\n\t\t\t\t<div class=\"icon-box-text last-reset\">\n\t\t\t\t\t\t\t\t\t\n<h2><strong>Zabezpiecz 2% zni\u017ck\u0119<\/strong><\/h2>\n<h4>Get a <strong>2% zni\u017cka<\/strong> przy zam\u00f3wieniach powy\u017cej <strong>\u20ac250<\/strong> lub <strong>$250<\/strong>.<\/h4>\n<p><strong>Wa\u017cny do<\/strong>: 12\/31\/2024<\/p>\n<a class=\"button primary\"  >\n\t\t<span>Kod: casino2<\/span>\n\t<\/a>\n\n\t\t<\/div>\n\t<\/div>\n\t\n\t\n\t<div id=\"gap-504045883\" class=\"gap-element clearfix\" style=\"display:block; height:auto;\">\n\t\t\n<style>\n#gap-504045883 {\n  padding-top: 30px;\n}\n<\/style>\n\t<\/div>\n\t\n\n\t\t<div class=\"icon-box featured-box icon-box-left text-left\"  >\n\t\t\t\t<div class=\"icon-box-text last-reset\">\n\t\t\t\t\t\t\t\t\t\n<h2><strong>Secure a 3% Discount \nZabezpiecz zni\u017ck\u0119 3%<\/strong><\/h2>\n<h4>Get a <strong>3% zni\u017cka<\/strong> przy zam\u00f3wieniach powy\u017cej <strong>\u20ac500<\/strong> lub <strong>$500<\/strong>.<\/h4>\n<p><strong>Wa\u017cny do<\/strong>: 12\/31\/2024<\/p>\n<a class=\"button primary\"  >\n\t\t<span>Kod: casino3<\/span>\n\t<\/a>\n\n\t\t<\/div>\n\t<\/div>\n\t\n\t\n\t\t<\/div>\n\t\t\t\t\t<\/div>\n\n\t\n<\/div>\n<div class=\"row\"  id=\"row-1073778934\">\n\n\t<div id=\"col-316510829\" class=\"col small-12 large-12\"  >\n\t\t\t\t<div class=\"col-inner\"  >\n\t\t\t\n\t\t\t\n\t<div class=\"img has-hover x md-x lg-x y md-y lg-y\" id=\"image_855685741\">\n\t\t\t\t\t\t\t\t<div class=\"img-inner dark\" >\n\t\t\t\t\t\t\t\t\t\n\t\t\t\t\t<\/div>\n\t\t\t\t\t\t\t\t\n<style>\n#image_855685741 {\n  width: 100%;\n}\n<\/style>\n\t<\/div>\n\t\n\t\t<\/div>\n\t\t\t\t\t<\/div>\n\n\t\n<\/div>\n\t\t<\/div>\n\n\t\t\n<style>\n#section_873422257 {\n  padding-top: 0px;\n  padding-bottom: 0px;\n}\n@media (min-width:550px) {\n  #section_873422257 {\n    padding-top: 30px;\n    padding-bottom: 30px;\n  }\n}\n<\/style>\n\t<\/section>","protected":false},"excerpt":{"rendered":"","protected":false},"author":1,"featured_media":0,"parent":0,"menu_order":0,"comment_status":"closed","ping_status":"closed","template":"page-blank-title-center.php","meta":{"footnotes":""},"class_list":["post-1034","page","type-page","status-publish","hentry"],"jetpack_sharing_enabled":true,"_links":{"self":[{"href":"https:\/\/casinovape.de\/pl\/wp-json\/wp\/v2\/pages\/1034","targetHints":{"allow":["GET"]}}],"collection":[{"href":"https:\/\/casinovape.de\/pl\/wp-json\/wp\/v2\/pages"}],"about":[{"href":"https:\/\/casinovape.de\/pl\/wp-json\/wp\/v2\/types\/page"}],"author":[{"embeddable":true,"href":"https:\/\/casinovape.de\/pl\/wp-json\/wp\/v2\/users\/1"}],"replies":[{"embeddable":true,"href":"https:\/\/casinovape.de\/pl\/wp-json\/wp\/v2\/comments?post=1034"}],"version-history":[{"count":0,"href":"https:\/\/casinovape.de\/pl\/wp-json\/wp\/v2\/pages\/1034\/revisions"}],"wp:attachment":[{"href":"https:\/\/casinovape.de\/pl\/wp-json\/wp\/v2\/media?parent=1034"}],"curies":[{"name":"wp","href":"https:\/\/api.w.org\/{rel}","templated":true}]}}