{"id":1027,"date":"2024-10-20T09:27:32","date_gmt":"2024-10-20T09:27:32","guid":{"rendered":"https:\/\/casinovape.de\/?page_id=1027"},"modified":"2024-11-03T10:00:46","modified_gmt":"2024-11-03T10:00:46","slug":"metody-platnosci-w-kasynie","status":"publish","type":"page","link":"https:\/\/casinovape.de\/pl\/metody-platnosci-w-kasynie\/","title":{"rendered":"Metody P\u0142atno\u015bci CasinoVape"},"content":{"rendered":"<p>W CasinoVape priorytetem dla nas jest zapewnienie Ci p\u0142ynnego i bezpiecznego do\u015bwiadczenia zakupowego. Naszym celem jest zaoferowanie Ci wygodnych i niezawodnych opcji p\u0142atno\u015bci, dzi\u0119ki czemu mo\u017cesz \u0142atwo kupi\u0107 swoje ulubione premium jednorazowe waporyzatory.<\/p>\n<h3>Karty kredytowe<\/h3>\n<p>Akceptujemy wszystkie g\u0142\u00f3wne karty kredytowe, zapewniaj\u0105c szybk\u0105 i prost\u0105 metod\u0119 p\u0142atno\u015bci. Po prostu wybierz produkty, zap\u0142a\u0107 ulubion\u0105 kart\u0105, a nast\u0119pnie skorzystaj z szybkiego przetwarzania zam\u00f3wienia, aby otrzyma\u0107 swoje produkty na czas.<\/p>\n<h3>PayPal<\/h3>\n<p>Dla klient\u00f3w, kt\u00f3rzy ceni\u0105 sobie bezpiecze\u0144stwo i wygod\u0119, udost\u0119pniamy PayPal jako opcj\u0119 p\u0142atno\u015bci. PayPal gwarantuje bezpiecze\u0144stwo p\u0142atno\u015bci i oferuje rozbudowan\u0105 ochron\u0119 kupuj\u0105cego, pozwalaj\u0105c na zakupy z pewno\u015bci\u0105 i spokojem.<\/p>\n<h3>Kryptowaluta<\/h3>\n<p>Obejmij korzy\u015bci walut cyfrowych! W CasinoVape akceptujemy kryptowaluty, zapewniaj\u0105c Ci dost\u0119p do nowoczesnego i zdecentralizowanego sposobu p\u0142atno\u015bci. Ciesz si\u0119 wi\u0119ksz\u0105 prywatno\u015bci\u0105 i elastyczno\u015bci\u0105, wybieraj\u0105c t\u0119 opcj\u0119.<\/p>\n<h3>Przelew bankowy SEPA<\/h3>\n<p>Dla naszych klient\u00f3w w Unii Europejskiej oferujemy przelew bankowy SEPA, umo\u017cliwiaj\u0105cy niedrogie i bezpo\u015brednie p\u0142atno\u015bci w strefie euro. Ta metoda jest idealna, je\u015bli preferujesz transakcje oparte na banku z niskimi op\u0142atami za przelew.<\/p>\n<h3>Wsparcie Klienta<\/h3>\n<p>Je\u015bli masz pytania dotycz\u0105ce naszych opcji p\u0142atno\u015bci lub potrzebujesz konkretnej pomocy, nasz dedykowany zesp\u00f3\u0142 obs\u0142ugi klienta jest tutaj, aby pom\u00f3c. Zapraszamy do kontaktu za po\u015brednictwem poczty elektronicznej pod adresem <a rel=\"noopener\">info@casinovape.de<\/a>i b\u0119dziemy szcz\u0119\u015bliwi, pomagaj\u0105c Ci.<\/p>\n<p><strong>Wysy\u0142ka i Dostawa<\/strong> Dostarczamy z naszego europejskiego magazynu, zapewniaj\u0105c szybk\u0105 dostaw\u0119 w ci\u0105gu 3-7 dni. W Niemczech zam\u00f3wienia powy\u017cej 49,99 \u20ac wysy\u0142amy bezp\u0142atnie; dla zam\u00f3wie\u0144 z UE, skorzystaj z bezp\u0142atnej wysy\u0142ki przy zakupach powy\u017cej 99,99 \u20ac.<\/p>\n<p>Dzi\u0119kujemy za wybranie CasinoVape. Z niecierpliwo\u015bci\u0105 czekamy na zapewnienie Ci premium do\u015bwiadczenia zakupowego!<\/p>","protected":false},"excerpt":{"rendered":"<p>W CasinoVape priorytetem dla nas jest zapewnienie Ci p\u0142ynnego i bezpiecznego do\u015bwiadczenia zakupowego. Naszym celem jest zaoferowanie Ci wygodnych i niezawodnych opcji p\u0142atno\u015bci, dzi\u0119ki czemu mo\u017cesz \u0142atwo kupi\u0107 swoje ulubione premium jednorazowe waporyzatory. Karty kredytowe Akceptujemy wszystkie g\u0142\u00f3wne karty kredytowe, zapewniaj\u0105c szybk\u0105 i prost\u0105 metod\u0119 p\u0142atno\u015bci. Po prostu wybierz swoje produkty, zap\u0142a\u0107 [\u2026]","protected":false},"author":1,"featured_media":0,"parent":0,"menu_order":0,"comment_status":"closed","ping_status":"closed","template":"page-blank-title-center.php","meta":{"footnotes":""},"class_list":["post-1027","page","type-page","status-publish","hentry"],"jetpack_sharing_enabled":true,"_links":{"self":[{"href":"https:\/\/casinovape.de\/pl\/wp-json\/wp\/v2\/pages\/1027","targetHints":{"allow":["GET"]}}],"collection":[{"href":"https:\/\/casinovape.de\/pl\/wp-json\/wp\/v2\/pages"}],"about":[{"href":"https:\/\/casinovape.de\/pl\/wp-json\/wp\/v2\/types\/page"}],"author":[{"embeddable":true,"href":"https:\/\/casinovape.de\/pl\/wp-json\/wp\/v2\/users\/1"}],"replies":[{"embeddable":true,"href":"https:\/\/casinovape.de\/pl\/wp-json\/wp\/v2\/comments?post=1027"}],"version-history":[{"count":0,"href":"https:\/\/casinovape.de\/pl\/wp-json\/wp\/v2\/pages\/1027\/revisions"}],"wp:attachment":[{"href":"https:\/\/casinovape.de\/pl\/wp-json\/wp\/v2\/media?parent=1027"}],"curies":[{"name":"wp","href":"https:\/\/api.w.org\/{rel}","templated":true}]}}