{"id":1011,"date":"2024-10-20T08:15:20","date_gmt":"2024-10-20T08:15:20","guid":{"rendered":"https:\/\/casinovape.de\/?page_id=1011"},"modified":"2024-11-03T09:14:40","modified_gmt":"2024-11-03T09:14:40","slug":"o-casinovape","status":"publish","type":"page","link":"https:\/\/casinovape.de\/pl\/o-casinovape\/","title":{"rendered":"O CasinoVape"},"content":{"rendered":"<p>Witamy w CasinoVape, Twoim najlepszym miejscu docelowym dla jednorazowych e-papieros\u00f3w w Niemczech. Jeste\u015bmy oddani temu, aby zapewni\u0107 Ci starannie wybran\u0105 ofert\u0119 wysokiej jako\u015bci, aromatycznych jednorazowych waporyzator\u00f3w, kt\u00f3re nie tylko spe\u0142niaj\u0105 Twoje oczekiwania, ale tak\u017ce wzbogacaj\u0105 Twoje do\u015bwiadczenie zwi\u0105zane z wapowaniem. Dzi\u0119ki szerokiemu zakresowi smak\u00f3w od renomowanych marek, takich jak Al Fakher, Fizzy, OBEELAB HHC i SMPO DL02, gwarantujemy jako\u015b\u0107 i satysfakcj\u0119 w ka\u017cdym zaci\u0105gni\u0119ciu.<\/p>\n<h2>Nasza wizja<\/h2>\n<p>W CasinoVape nasz\u0105 ambicj\u0105 jest stanie si\u0119 wiod\u0105cym centrum dla waporyzator\u00f3w w ca\u0142ej Europie. Skupiamy si\u0119 na zapewnieniu, \u017ce ka\u017cdy klient ma \u0142atwy dost\u0119p do najlepszych dost\u0119pnych jednorazowych waporyzator\u00f3w. Nie jeste\u015bmy zwyk\u0142ym sprzedawc\u0105; jeste\u015bmy Twoim zaufanym partnerem w osi\u0105gni\u0119ciu wyj\u0105tkowej podr\u00f3\u017cy wapingowej.<\/p>\n<h2>Dlaczego wybra\u0107 CasinoVape?<\/h2>\n<p>Na szybko rozwijaj\u0105cym si\u0119 rynku wyr\u00f3\u017cniamy si\u0119 naszym zaanga\u017cowaniem w jako\u015b\u0107, warto\u015b\u0107 i niezawodno\u015b\u0107. Wszystkie nasze produkty spe\u0142niaj\u0105 najwy\u017csze europejskie standardy, zapewniaj\u0105c bezpiecze\u0144stwo i zgodno\u015b\u0107. Priorytetem dla nas jest zadowolenie klienta i oferujemy szybk\u0105 wysy\u0142k\u0119 z naszych europejskich magazyn\u00f3w, dzi\u0119ki czemu Twoje zam\u00f3wienie dociera do Twojego progu w ci\u0105gu 3-7 dni.<\/p>\n<h3>Nasze Zakres Produktowy<\/h3>\n<p>Nasza oferta zawiera starannie wybrane jednorazowe e-papierosy znane z ich wyj\u0105tkowej wydajno\u015bci i r\u00f3\u017cnorodno\u015bci. Niezale\u017cnie od tego, czy szukasz popularnych smak\u00f3w, czy ekscytuj\u0105cych nowych opcji, zawsze znajdziesz idealny wyb\u00f3r w CasinoVape.<\/p>\n<p><img loading=\"lazy\" decoding=\"async\" class=\"alignnone wp-image-1017 size-full\" src=\"https:\/\/casinovape.de\/wp-content\/uploads\/2024\/10\/FIZZY-banner-2.webp\" alt=\"\" width=\"2560\" height=\"1440\" srcset=\"https:\/\/casinovape.de\/wp-content\/uploads\/2024\/10\/FIZZY-banner-2.webp 2560w, https:\/\/casinovape.de\/wp-content\/uploads\/2024\/10\/FIZZY-banner-2-300x169.webp 300w, https:\/\/casinovape.de\/wp-content\/uploads\/2024\/10\/FIZZY-banner-2-1024x576.webp 1024w, https:\/\/casinovape.de\/wp-content\/uploads\/2024\/10\/FIZZY-banner-2-768x432.webp 768w, https:\/\/casinovape.de\/wp-content\/uploads\/2024\/10\/FIZZY-banner-2-1536x864.webp 1536w, https:\/\/casinovape.de\/wp-content\/uploads\/2024\/10\/FIZZY-banner-2-2048x1152.webp 2048w, https:\/\/casinovape.de\/wp-content\/uploads\/2024\/10\/FIZZY-banner-2-600x338.webp 600w\" sizes=\"auto, (max-width: 2560px) 100vw, 2560px\" \/><\/p>\n<h3>Proste Zamawianie i P\u0142atno\u015b\u0107<\/h3>\n<p>Oferujemy elastyczne metody p\u0142atno\u015bci, w tym PayPal, karty kredytowe, a nawet kryptowaluty. Mo\u017cesz zam\u00f3wi\u0107 ju\u017c od jednej sztuki, co pozwala Ci na zakupy zgodnie z Twoimi potrzebami i preferencjami.<\/p>\n<h3>Skontaktuj si\u0119 z nami<\/h3>\n<p>W razie jakichkolwiek zapyta\u0144 lub potrzeby pomocy nasz zesp\u00f3\u0142 zawsze jest gotowy pom\u00f3c. Po prostu skontaktuj si\u0119 z nami przez <a rel=\"noopener\">info@casinovape.de<\/a>.<\/p>\n<p>CasinoVape \u2013 Vapuj ze stylem i odkryj najlepsze jednorazowe e-papierosy w Niemczech! Ciesz si\u0119 darmow\u0105 wysy\u0142k\u0105 przy zam\u00f3wieniach powy\u017cej 49,99 \u20ac w Niemczech i powy\u017cej 99,99 \u20ac w ca\u0142ej UE.<\/p>\n<p>Do\u015bwiadcz wygody i jako\u015bci, jak\u0105 oferuje CasinoVape i podnie\u015b sw\u00f3j experience z wapowaniem na wy\u017cszy poziom ju\u017c dzi\u015b!<\/p>","protected":false},"excerpt":{"rendered":"<p>Witamy w CasinoVape, Twoim najlepszym miejscu docelowym dla jednorazowych e-papieros\u00f3w w Niemczech. Jeste\u015bmy oddani temu, aby zapewni\u0107 Ci starannie wybran\u0105 ofert\u0119 wysokiej jako\u015bci, aromatycznych jednorazowych waporyzator\u00f3w, kt\u00f3re nie tylko spe\u0142niaj\u0105 Twoje oczekiwania, ale tak\u017ce wzbogacaj\u0105 Twoje do\u015bwiadczenie zwi\u0105zane z wapowaniem. Z obszernym zakresem smak\u00f3w od renomowanych marek, takich jak Al Fakher, Fizzy, OBEELAB HHC i SMPO [\u2026]","protected":false},"author":1,"featured_media":0,"parent":0,"menu_order":0,"comment_status":"closed","ping_status":"closed","template":"page-blank-title-center.php","meta":{"footnotes":""},"class_list":["post-1011","page","type-page","status-publish","hentry"],"jetpack_sharing_enabled":true,"_links":{"self":[{"href":"https:\/\/casinovape.de\/pl\/wp-json\/wp\/v2\/pages\/1011","targetHints":{"allow":["GET"]}}],"collection":[{"href":"https:\/\/casinovape.de\/pl\/wp-json\/wp\/v2\/pages"}],"about":[{"href":"https:\/\/casinovape.de\/pl\/wp-json\/wp\/v2\/types\/page"}],"author":[{"embeddable":true,"href":"https:\/\/casinovape.de\/pl\/wp-json\/wp\/v2\/users\/1"}],"replies":[{"embeddable":true,"href":"https:\/\/casinovape.de\/pl\/wp-json\/wp\/v2\/comments?post=1011"}],"version-history":[{"count":0,"href":"https:\/\/casinovape.de\/pl\/wp-json\/wp\/v2\/pages\/1011\/revisions"}],"wp:attachment":[{"href":"https:\/\/casinovape.de\/pl\/wp-json\/wp\/v2\/media?parent=1011"}],"curies":[{"name":"wp","href":"https:\/\/api.w.org\/{rel}","templated":true}]}}