{"id":6712,"date":"2025-04-11T02:05:58","date_gmt":"2025-04-11T02:05:58","guid":{"rendered":"https:\/\/casinovape.de\/?post_type=product&#038;p=6712"},"modified":"2025-09-06T00:50:06","modified_gmt":"2025-09-06T00:50:06","slug":"request-failed-with-status-code-645","status":"publish","type":"product","link":"https:\/\/casinovape.de\/nl\/product\/request-failed-with-status-code-645\/","title":{"rendered":"Europese Magazijn Fumot RandM Tornado 7000 Puffs Lage Nicotine Koop Originele Authentieke Oplaadbare Wegwerp Vapes Pen"},"content":{"rendered":"<div style=\"width: 1020px;\" class=\"wp-video\"><!--[if lt IE 9]><script>document.createElement('video');<\/script><![endif]-->\n<video class=\"wp-video-shortcode\" id=\"video-6712-1\" width=\"1020\" height=\"574\" preload=\"metadata\" controls=\"controls\"><source type=\"video\/mp4\" src=\"https:\/\/casinovape.de\/wp-content\/uploads\/2025\/04\/Fumot-RandM-Tornado-7000.mp4?_=1\" \/><a href=\"https:\/\/casinovape.de\/wp-content\/uploads\/2025\/04\/Fumot-RandM-Tornado-7000.mp4\">https:\/\/casinovape.de\/wp-content\/uploads\/2025\/04\/Fumot-RandM-Tornado-7000.mp4<\/a><\/video><\/div>\n<h2 class=\"\" data-start=\"388\" data-end=\"456\"><strong data-start=\"391\" data-end=\"456\"><a href=\"https:\/\/casinovape.de\/nl\/productcategorie\/randm-fumot-wegwerpvapes\/\">FUMOT RandM Tornado 7000<\/a> Puffs \u2013 De Kunst van Dampen Herdefini\u00ebren<\/strong><\/h2>\n<h3 class=\"\" data-start=\"458\" data-end=\"510\"><strong data-start=\"462\" data-end=\"510\">Onovertroffen Prestaties Ontmoeten Urbane Esthetiek<\/strong><\/h3>\n<p class=\"\" data-start=\"512\" data-end=\"965\">Vapen ontmoet kunst in de <strong data-start=\"536\" data-end=\"590\">FUMOT RandM Tornado 7000 Puffs Wegwerp Vape Pen<\/strong>, een premium innovatie die gedurfde street-style design combineert met next-generation vape technologie. Met een graffiti-ge\u00efnspireerde buitenkant en briljante RGB-verlichtingseffecten is dit apparaat zowel visueel aantrekkelijk als krachtig. Ontworpen voor moderne vapers die op zoek zijn naar hoge trekcounts, gebruiksgemak en rijke smaken, maakt de Tornado 7000 geen compromissen op het gebied van vorm of functie.<\/p>\n<p class=\"\" data-start=\"967\" data-end=\"1307\">Aan <strong data-start=\"970\" data-end=\"984\">Casinovape<\/strong>, Deutschlands gr\u00f6\u00dfter Online-Plattform f\u00fcr Einweg-Vapes, kannst du den Tornado 7000 kaufen mit <strong data-start=\"1076\" data-end=\"1096\">geen minimum bestelbedrag<\/strong>\u2014perfect voor particulieren, detailhandelaren en liefhebbers overal <strong data-start=\"1160\" data-end=\"1178\">EU vape markt<\/strong>Elke bestelling wordt vanuit onze <strong data-start=\"1213\" data-end=\"1240\">Europese Vape Warehouse<\/strong>, waardoor een snelle en effici\u00ebnte <strong data-start=\"1272\" data-end=\"1292\">Levering binnen 3-7 dagen<\/strong> door heel Europa.<\/p>\n<hr class=\"\" data-start=\"1309\" data-end=\"1312\" \/>\n<h3 data-start=\"1314\" data-end=\"1371\"><strong data-start=\"1317\" data-end=\"1371\">Waarom de FUMOT<a href=\"https:\/\/casinovape.de\/nl\/productcategorie\/randm-fumot-wegwerpvapes\/\"> RandM Tornado 7000<\/a> is een game-changer<\/strong><\/h3>\n<p class=\"\" data-start=\"1373\" data-end=\"1583\">Vanaf zijn robuuste constructie tot zijn hoogcapacitaire prestaties, is elk detail van de Tornado 7000 ontworpen voor tevredenheid. Dit apparaat is meer dan alleen een wegwerp - het is een volledige vape-ervaring in je zak.<\/p>\n<h3 class=\"\" data-start=\"1585\" data-end=\"1624\"><strong data-start=\"1589\" data-end=\"1624\">Belangrijke hoogtepunten en specificaties<\/strong><\/h3>\n<ul data-start=\"1626\" data-end=\"2557\">\n<li class=\"\" data-start=\"1626\" data-end=\"1738\">\n<p class=\"\" data-start=\"1628\" data-end=\"1738\"><strong data-start=\"1628\" data-end=\"1651\">Maximale Puff-output<\/strong>: Levert tot <strong data-start=\"1668\" data-end=\"1682\">7000 puffs<\/strong>, ideaal voor langdurig gebruik zonder constante vervangingen.<\/p>\n<\/li>\n<li class=\"\" data-start=\"1739\" data-end=\"1838\">\n<p class=\"\" data-start=\"1741\" data-end=\"1838\"><strong data-start=\"1741\" data-end=\"1767\">14ml E-liquid capaciteit<\/strong>: Vooraf gevuld met hoogwaardige vape-sap voor langdurige tevredenheid.<\/p>\n<\/li>\n<li class=\"\" data-start=\"1839\" data-end=\"1938\">\n<p class=\"\" data-start=\"1841\" data-end=\"1938\"><strong data-start=\"1841\" data-end=\"1876\">Aanpasbare nicotine sterktes<\/strong>: Kies uit <strong data-start=\"1890\" data-end=\"1912\">0%, 2%, 3%, en 5%<\/strong> om bij uw voorkeur te passen.<\/p>\n<\/li>\n<li class=\"\" data-start=\"1939\" data-end=\"2078\">\n<p class=\"\" data-start=\"1941\" data-end=\"2078\"><strong data-start=\"1941\" data-end=\"1984\">Ge\u00efntegreerde 1000mAh oplaadbare batterij<\/strong>: USB-oplaadbaar, waardoor een langdurig gebruik wordt verzekerd totdat de laatste druppel e-vloeistof is genoten.<\/p>\n<\/li>\n<li class=\"\" data-start=\"2079\" data-end=\"2182\">\n<p class=\"\" data-start=\"2081\" data-end=\"2182\"><strong data-start=\"2081\" data-end=\"2110\">Verstelbaar luchtstroomsysteem<\/strong>: Personaliseer je trek voor strakkere of luchtigere puffs - jouw vape, jouw manier.<\/p>\n<\/li>\n<li class=\"\" data-start=\"2183\" data-end=\"2273\">\n<p class=\"\" data-start=\"2185\" data-end=\"2273\"><strong data-start=\"2185\" data-end=\"2209\">Mesh Coil Technologie<\/strong>: Levert een soepelere, schonere damp op met intense smaakafgifte.<\/p>\n<\/li>\n<li class=\"\" data-start=\"2274\" data-end=\"2370\">\n<p class=\"\" data-start=\"2276\" data-end=\"2370\"><strong data-start=\"2276\" data-end=\"2296\">Ergonomisch ontwerp<\/strong>: Zachte, voedselgrade rubberen mondstuk voor een premium en comfortabele inademing.<\/p>\n<\/li>\n<li class=\"\" data-start=\"2371\" data-end=\"2461\">\n<p class=\"\" data-start=\"2373\" data-end=\"2461\"><strong data-start=\"2373\" data-end=\"2402\">6-kleurig RGB-lichtdisplay<\/strong>: Geniet van een dynamische, kleurrijke visuele ervaring tijdens het vapen.<\/p>\n<\/li>\n<li class=\"\" data-start=\"2462\" data-end=\"2557\">\n<p class=\"\" data-start=\"2464\" data-end=\"2557\"><strong data-start=\"2464\" data-end=\"2490\">Klaar voor verkoop verpakte producten<\/strong>: 10 eenheden per displaydoos, 240 per karton - ideaal voor retailgroepen.<\/p>\n<\/li>\n<\/ul>\n<hr class=\"\" data-start=\"2559\" data-end=\"2562\" \/>\n<h3 data-start=\"2564\" data-end=\"2601\"><strong data-start=\"2567\" data-end=\"2601\">Uw EU Vape Bron met Voordelen<\/strong><\/h3>\n<p class=\"\" data-start=\"2603\" data-end=\"2918\">Bij Casinovape zijn we gespecialiseerd in topmerken waaronder <strong data-start=\"2661\" data-end=\"2670\">Fumot<\/strong>, <strong data-start=\"2672\" data-end=\"2685\">Al Fakher<\/strong>, <strong data-start=\"2687\" data-end=\"2696\">Fizzy<\/strong>, <strong data-start=\"2698\" data-end=\"2713\">OBEELAB HHC<\/strong>, en <strong data-start=\"2719\" data-end=\"2732\">SMPO DL02<\/strong>Onze geen-MOQ-beleid betekent dat je slechts kunt kopen <strong data-start=\"2780\" data-end=\"2811\">1 stuk of in bulk kopen<\/strong>met betrouwbare verzending vanuit onze <strong data-start=\"2845\" data-end=\"2867\">Europese opslagloods<\/strong> Rechtstreeks aan uw deur - snel, veilig en probleemloos.<\/p>\n<hr class=\"\" data-start=\"2920\" data-end=\"2923\" \/>\n<h3 data-start=\"2925\" data-end=\"2986\"><strong data-start=\"2928\" data-end=\"2986\">Smaakervaring \u2013 20 Dynamische Profielen om uit te Kiezen<\/strong><\/h3>\n<p class=\"\" data-start=\"2988\" data-end=\"3199\">Geniet van een buitengewone selectie smaken, elk zorgvuldig gemaakt om tegemoet te komen aan diverse smaakpapillen - van ijskoude verfrissingen tot fruitige combinaties. Hier is de volledige <strong data-start=\"3138\" data-end=\"3155\">smaakassortiment<\/strong>genummerd en beschreven voor eenvoudige selectie:<\/p>\n<ol data-start=\"3201\" data-end=\"5218\">\n<li class=\"\" data-start=\"3201\" data-end=\"3328\">\n<p class=\"\" data-start=\"3204\" data-end=\"3328\"><strong data-start=\"3204\" data-end=\"3224\">Zwarte Bessenijs<\/strong> \u2013 Een scherpe zwarte bessen explosie gekoeld door een ijzige menthol finish, ideaal voor fruitliefhebbers die op zoek zijn naar een verkoelend effect.<\/p>\n<\/li>\n<li class=\"\" data-start=\"3329\" data-end=\"3426\">\n<p class=\"\" data-start=\"3332\" data-end=\"3426\"><strong data-start=\"3332\" data-end=\"3343\">IJslolly<\/strong> \u2013 Nostalgische smaken van ijslolly's swirlen in een verfrissende vape met een koele nasmaak.<\/p>\n<\/li>\n<li class=\"\" data-start=\"3427\" data-end=\"3535\">\n<p class=\"\" data-start=\"3430\" data-end=\"3535\"><strong data-start=\"3430\" data-end=\"3452\">Bluesour Raspberry<\/strong> Een pittige blauwe frambozenmix met een citruskicksmaak die je smaakpapillen prikkelt.<\/p>\n<\/li>\n<li class=\"\" data-start=\"3536\" data-end=\"3637\">\n<p class=\"\" data-start=\"3539\" data-end=\"3637\"><strong data-start=\"3539\" data-end=\"3560\">Apple Berry Blast \n(Vertaling niet nodig voor \"Apple Berry Blast\") \nApple Berry Blast<\/strong> \u2013 Zoete appels ontmoeten een fusie van wilde bessen in deze evenwichtige en sappige mix.<\/p>\n<\/li>\n<li class=\"\" data-start=\"3638\" data-end=\"3741\">\n<p class=\"\" data-start=\"3641\" data-end=\"3741\"><strong data-start=\"3641\" data-end=\"3651\">Kers<\/strong> \u2013 Puur, zoete kersensmaak met net de juiste hoeveelheid zuurtje \u2014 eenvoudig en bevredigend.<\/p>\n<\/li>\n<li class=\"\" data-start=\"3742\" data-end=\"3850\">\n<p class=\"\" data-start=\"3745\" data-end=\"3850\"><strong data-start=\"3745\" data-end=\"3763\">Pacific Cooler<\/strong> - Een tropische punch van ananas, mango en citrus verpakt in een luchtige mentholbries.<\/p>\n<\/li>\n<li class=\"\" data-start=\"3851\" data-end=\"3964\">\n<p class=\"\" data-start=\"3854\" data-end=\"3964\"><strong data-start=\"3854\" data-end=\"3872\">Bessenlimonade<\/strong> Bessen en limonade komen samen in een zoete en zure mengeling die verfrist met elke trek.<\/p>\n<\/li>\n<li class=\"\" data-start=\"3965\" data-end=\"4080\">\n<p class=\"\" data-start=\"3968\" data-end=\"4080\"><strong data-start=\"3968\" data-end=\"3983\">Tijgerbloed<\/strong> \u2013 Exotisch en pittig, deze mix van aardbei, watermeloen en kokos brengt een felle smaakstoot.<\/p>\n<\/li>\n<li class=\"\" data-start=\"4081\" data-end=\"4179\">\n<p class=\"\" data-start=\"4084\" data-end=\"4179\"><strong data-start=\"4084\" data-end=\"4095\">Meneer Blauw<\/strong> Een mysterieuze en koele blend van bessen en menthol, omhuld door subtiele zoetheid.<\/p>\n<\/li>\n<li class=\"\" data-start=\"4180\" data-end=\"4281\">\n<p class=\"\" data-start=\"4184\" data-end=\"4281\"><strong data-start=\"4184\" data-end=\"4202\">Red Energy Ice<\/strong> \u2013 Ge\u00efnspireerd door energiedranken, geeft het je zintuigen een boost met toegevoegde ijskoude verkoeling.<\/p>\n<\/li>\n<li class=\"\" data-start=\"4282\" data-end=\"4365\">\n<p class=\"\" data-start=\"4286\" data-end=\"4365\"><strong data-start=\"4286\" data-end=\"4303\">Rode Appel Ijs<\/strong> \u2013 Krokante rode appels die zachter worden met een verkoelende menthol ondertoon.<\/p>\n<\/li>\n<li class=\"\" data-start=\"4366\" data-end=\"4476\">\n<p class=\"\" data-start=\"4370\" data-end=\"4476\"><strong data-start=\"4370\" data-end=\"4400\">Blauwebes Taartkersie Vossebes<\/strong> - Een triomfantelijke trio van vruchten die zoet, zuurtje en pittig allemaal in \u00e9\u00e9n levert.<\/p>\n<\/li>\n<li class=\"\" data-start=\"4477\" data-end=\"4575\">\n<p class=\"\" data-start=\"4481\" data-end=\"4575\"><strong data-start=\"4481\" data-end=\"4501\">Blue Razz Cherry<\/strong> \u2013 Levendige blauwe framboos gemengd met sappige kers voor een pittig-zoete draai.<\/p>\n<\/li>\n<li class=\"\" data-start=\"4576\" data-end=\"4663\">\n<p class=\"\" data-start=\"4580\" data-end=\"4663\"><strong data-start=\"4580\" data-end=\"4593\">Druivenijs<\/strong> \u2013 Rijke druivensmaak gelaagd met ijzige menthol voor een volle, verkoelende sensatie.<\/p>\n<\/li>\n<li class=\"\" data-start=\"4664\" data-end=\"4739\">\n<p class=\"\" data-start=\"4668\" data-end=\"4739\"><strong data-start=\"4668\" data-end=\"4681\">Mango ijs<\/strong> \u2013 Tropische mango opgekikkerd door een verfrissende mentholexhalatie.<\/p>\n<\/li>\n<li class=\"\" data-start=\"4740\" data-end=\"4836\">\n<p class=\"\" data-start=\"4744\" data-end=\"4836\"><strong data-start=\"4744\" data-end=\"4764\">Banaan Milkshake<\/strong> \u2013 Een romige, droomachtige banaandessert smaak, perfect voor momenten van overgave.<\/p>\n<\/li>\n<li class=\"\" data-start=\"4837\" data-end=\"4928\">\n<p class=\"\" data-start=\"4841\" data-end=\"4928\"><strong data-start=\"4841\" data-end=\"4866\">Aardbei Watermeloen<\/strong> \u2013 zomerse vruchten botsen samen in deze sappige, verfrissende vape-combo.<\/p>\n<\/li>\n<li class=\"\" data-start=\"4929\" data-end=\"5026\">\n<p class=\"\" data-start=\"4933\" data-end=\"5026\"><strong data-start=\"4933\" data-end=\"4946\">Peach Ice<\/strong> Delicate perziknectar doordrenkt met een mentholbries voor een zachte, zoete inademing.<\/p>\n<\/li>\n<li class=\"\" data-start=\"5027\" data-end=\"5125\">\n<p class=\"\" data-start=\"5031\" data-end=\"5125\"><strong data-start=\"5031\" data-end=\"5051\">Blueberry On Ice<\/strong> \u2013 Sappige bosbesnoten gekoeld tot perfectie, waardoor elke puf ijskoud vers is.<\/p>\n<\/li>\n<li class=\"\" data-start=\"5126\" data-end=\"5218\">\n<p class=\"\" data-start=\"5130\" data-end=\"5218\"><strong data-start=\"5130\" data-end=\"5147\">Roze Limoenade<\/strong> - Een pittige roze citrusmix die zuurtje, zoet en vol karakter is.<\/p>\n<\/li>\n<\/ol>\n<hr class=\"\" data-start=\"5220\" data-end=\"5223\" \/>\n<h3 data-start=\"5225\" data-end=\"5248\"><strong data-start=\"5228\" data-end=\"5248\">Voor wie is dit?<\/strong><\/h3>\n<p class=\"\" data-start=\"5250\" data-end=\"5520\">Of u nu een ervaren vapen-gebruiker bent die op zoek is naar gemak of een retailer die een betrouwbaar productaanbod zoekt, de <a href=\"https:\/\/casinovape.de\/nl\/productcategorie\/randm-fumot-wegwerpvapes\/\"><strong data-start=\"5361\" data-end=\"5389\">FUMOT RandM Tornado 7000<\/strong> <\/a>biedt voor iedereen iets. Met een eenvoudige installatie is het ideaal voor mensen die smaak, gemak en prestaties in \u00e9\u00e9n stijlvol apparaat prioriteren.<\/p>\n<hr class=\"\" data-start=\"5522\" data-end=\"5525\" \/>\n<h3 data-start=\"5527\" data-end=\"5557\"><strong data-start=\"5530\" data-end=\"5557\">Waarom winkelen bij <a href=\"https:\/\/casinovape.de\/nl\/\">Casinovape<\/a>?<\/strong><\/h3>\n<ul data-start=\"5559\" data-end=\"5855\">\n<li class=\"\" data-start=\"5559\" data-end=\"5614\">\n<p class=\"\" data-start=\"5561\" data-end=\"5614\">\u2705 <strong data-start=\"5563\" data-end=\"5614\">Largest Disposable Vape Retailer in Duitsland<\/strong><\/p>\n<\/li>\n<li class=\"\" data-start=\"5615\" data-end=\"5684\">\n<p class=\"\" data-start=\"5617\" data-end=\"5684\">\u2705 <strong data-start=\"5619\" data-end=\"5684\">Alleen Topmerken - FUMOT, Al Fakher, OBEELAB HHC, Fizzy &amp; More<\/strong><\/p>\n<\/li>\n<li class=\"\" data-start=\"5685\" data-end=\"5725\">\n<p class=\"\" data-start=\"5687\" data-end=\"5725\">\u2705 <strong data-start=\"5689\" data-end=\"5725\">Koop 1 of in bulk - Geen minimum bestelhoeveelheid<\/strong><\/p>\n<\/li>\n<li class=\"\" data-start=\"5726\" data-end=\"5786\">\n<p class=\"\" data-start=\"5728\" data-end=\"5786\">\u2705 <strong data-start=\"5730\" data-end=\"5786\">Snel verzonden vanuit EU - 3-7 dagen vanuit Europees magazijn<\/strong><\/p>\n<\/li>\n<li class=\"\" data-start=\"5787\" data-end=\"5855\">\n<p class=\"\" data-start=\"5789\" data-end=\"5855\">\u2705 <strong data-start=\"5791\" data-end=\"5855\">Gewijd aan Kwaliteit, Originaliteit en Klanttevredenheid<\/strong><\/p>\n<\/li>\n<\/ul>\n<hr class=\"\" data-start=\"5857\" data-end=\"5860\" \/>\n<h3 data-start=\"5862\" data-end=\"5873\"><strong data-start=\"5865\" data-end=\"5873\">FAQs<\/strong><\/h3>\n<p class=\"\" data-start=\"5875\" data-end=\"6069\"><strong data-start=\"5875\" data-end=\"5940\">Is de FUMOT RandM Tornado 7000 Disposable Vape oplaadbaar?<\/strong><br data-start=\"5940\" data-end=\"5943\" \/>Ja, het bevat een ge\u00efntegreerde 1000mAh-batterij die volledig oplaadbaar is via USB, waardoor je hem kunt gebruiken tot de laatste trek.<\/p>\n<p class=\"\" data-start=\"6071\" data-end=\"6219\"><strong data-start=\"6071\" data-end=\"6110\">Welke nicotinegehaltes zijn beschikbaar?<\/strong><br data-start=\"6110\" data-end=\"6113\" \/>Dit model ondersteunt 0%, 2%, 3% en 5% nicotine sterktes, waardoor flexibiliteit wordt geboden op basis van uw voorkeuren.<\/p>\n<p class=\"\" data-start=\"6221\" data-end=\"6386\"><strong data-start=\"6221\" data-end=\"6254\">Is het geschikt voor beginners?<\/strong><br data-start=\"6254\" data-end=\"6257\" \/>Absoluut. Het is ontworpen voor zowel nieuwe als ervaren vapers. Haal het gewoon uit de verpakking, laad het op als het nodig is, en geniet ervan - geen installatie of bijvullen vereist.<\/p>\n<p class=\"\" data-start=\"6388\" data-end=\"6509\"><strong data-start=\"6388\" data-end=\"6423\">Hoeveel smaken zijn er beschikbaar?<\/strong><br data-start=\"6423\" data-end=\"6426\" \/>Er zijn op dit moment <strong data-start=\"6446\" data-end=\"6460\">20 smaken<\/strong>, vari\u00ebrend van ijskoude coolers tot rijke fruitfusies.<\/p>\n<p class=\"\" data-start=\"6511\" data-end=\"6660\"><strong data-start=\"6511\" data-end=\"6541\">Casinovape<\/strong><br data-start=\"6541\" data-end=\"6544\" \/>Wij zijn gevestigd in Duitsland en opereren vanuit een speciale \n (or) \nWe zijn gevestigd in Duitsland en opereren vanuit een d\u00e9di \n changed to \nWij zijn gevestigd in Duitsland en opereren vanuit een d\u00e9di changed to \nWe zijn gevestigd in Duitsland en werken vanuit een speciale locatie <strong data-start=\"6599\" data-end=\"6626\">Europese vape magazijn<\/strong>, bedient klanten in de hele EU.<\/p>","protected":false},"excerpt":{"rendered":"<p>Een krachtige en stijlvolle wegwerpbare vape die 7000 smaakvolle trekjes levert met een oplaadbare batterij en levendige RGB-verlichting.<\/p>","protected":false},"featured_media":6734,"comment_status":"open","ping_status":"closed","template":"","meta":[],"product_brand":[],"product_cat":[15,78,79,80,82,86,90,96,65,66,67,68,69,70,71,72,73,74,75,76,77,57,45,56],"product_tag":[],"class_list":{"0":"post-6712","1":"product","2":"type-product","3":"status-publish","4":"has-post-thumbnail","6":"product_cat-randm-fumot-disposable-vapes","7":"product_cat-buy-best-disposable-vape-flavors","8":"product_cat-apple-flavor-disposable-vapes","9":"product_cat-blue-razz-flavor-disposable-vapes","10":"product_cat-cherry-flavor-disposable-vapes","11":"product_cat-ice-flavor-disposable-vapes","12":"product_cat-mango-flavor-disposable-vapes","13":"product_cat-raspberry-flavor-disposable-vapes","14":"product_cat-best-disposable-vape-in-europe","15":"product_cat-buy-disposable-vapes-in-austria","16":"product_cat-buy-disposable-vapes-in-belgium","17":"product_cat-buy-disposable-vapes-in-france","18":"product_cat-buy-disposable-vapes-in-germany","19":"product_cat-buy-disposable-vapes-in-italy","20":"product_cat-buy-disposable-vapes-in-netherlands","21":"product_cat-buy-disposable-vapes-in-norway","22":"product_cat-buy-disposable-vapes-in-poland","23":"product_cat-buy-disposable-vapes-in-portugal","24":"product_cat-buy-disposable-vapes-in-spain","25":"product_cat-buy-disposable-vapes-in-sweden","26":"product_cat-buy-disposable-vapes-in-switzerland","27":"product_cat-shop-disposable-vapes-by-puffs","28":"product_cat-disposable-vape-types","29":"product_cat-tornado-disposable-vapes","31":"first","32":"instock","33":"sale","34":"shipping-taxable","35":"purchasable","36":"product-type-variable"},"jetpack_sharing_enabled":true,"_links":{"self":[{"href":"https:\/\/casinovape.de\/nl\/wp-json\/wp\/v2\/product\/6712","targetHints":{"allow":["GET"]}}],"collection":[{"href":"https:\/\/casinovape.de\/nl\/wp-json\/wp\/v2\/product"}],"about":[{"href":"https:\/\/casinovape.de\/nl\/wp-json\/wp\/v2\/types\/product"}],"replies":[{"embeddable":true,"href":"https:\/\/casinovape.de\/nl\/wp-json\/wp\/v2\/comments?post=6712"}],"wp:featuredmedia":[{"embeddable":true,"href":"https:\/\/casinovape.de\/nl\/wp-json\/wp\/v2\/media\/6734"}],"wp:attachment":[{"href":"https:\/\/casinovape.de\/nl\/wp-json\/wp\/v2\/media?parent=6712"}],"wp:term":[{"taxonomy":"product_brand","embeddable":true,"href":"https:\/\/casinovape.de\/nl\/wp-json\/wp\/v2\/product_brand?post=6712"},{"taxonomy":"product_cat","embeddable":true,"href":"https:\/\/casinovape.de\/nl\/wp-json\/wp\/v2\/product_cat?post=6712"},{"taxonomy":"product_tag","embeddable":true,"href":"https:\/\/casinovape.de\/nl\/wp-json\/wp\/v2\/product_tag?post=6712"}],"curies":[{"name":"wp","href":"https:\/\/api.w.org\/{rel}","templated":true}]}}