{"id":6767,"date":"2025-04-14T22:36:18","date_gmt":"2025-04-14T22:36:18","guid":{"rendered":"https:\/\/casinovape.de\/?post_type=product&#038;p=6767"},"modified":"2025-09-06T00:39:54","modified_gmt":"2025-09-06T00:39:54","slug":"request-failed-with-status-code-640","status":"publish","type":"product","link":"https:\/\/casinovape.de\/it\/prodotto\/request-failed-with-status-code-640\/","title":{"rendered":"Magazzino Europeo Al Fakher Crown Bar Hypermax 15000 Puffs 0.2% Basso Nikotina Acquista Originale Autentico Vape Pen Ricaricabile Monouso"},"content":{"rendered":"<div style=\"width: 848px;\" class=\"wp-video\"><!--[if lt IE 9]><script>document.createElement('video');<\/script><![endif]-->\n<video class=\"wp-video-shortcode\" id=\"video-6767-1\" width=\"848\" height=\"480\" preload=\"metadata\" controls=\"controls\"><source type=\"video\/mp4\" src=\"https:\/\/casinovape.de\/wp-content\/uploads\/2025\/04\/AF-15K-HYPERMAX-.mp4?_=1\" \/><a href=\"https:\/\/casinovape.de\/wp-content\/uploads\/2025\/04\/AF-15K-HYPERMAX-.mp4\">https:\/\/casinovape.de\/wp-content\/uploads\/2025\/04\/AF-15K-HYPERMAX-.mp4<\/a><\/video><\/div>\n<h2 class=\"\" data-start=\"478\" data-end=\"581\"><a href=\"https:\/\/casinovape.de\/it\/categoria-di-prodotto\/vaporizzatori-usa-e-getta-al-fakher\/\">AL Fakher Crown Bar Hypermax 15000<\/a> Puffs \u2013 Vape monouso premium per un'esperienza di svapo superiore<\/h2>\n<p class=\"\" data-start=\"583\" data-end=\"1127\">Cerchi un'esperienza di svapo avanzata che combini sia la convenienza che la qualit\u00e0 premium? Non cercare oltre di <strong data-start=\"710\" data-end=\"754\">AL Fakher Crown Bar Hypermax 15000 Puffs \nbecomes \nAL Fakher Crown Bar Hypermax 15000 Puffs<\/strong>, il dispositivo di svapo monouso definitivo che promette un perfetto equilibrio di sapore, longevit\u00e0 e facilit\u00e0 d'uso. Con <strong data-start=\"868\" data-end=\"884\">15.000 puff<\/strong> di vapore liscio e saporito, questo vaporizzatore usa e getta \u00e8 progettato per soddisfare anche i vaper pi\u00f9 esigenti. Che tu sia nuovo nel mondo del vaping o un appassionato esperto, il Crown Bar Hypermax elever\u00e0 la tua esperienza ad ogni soffio.<\/p>\n<p class=\"\" data-start=\"1129\" data-end=\"1560\">In Casinovape, offriamo con orgoglio <strong data-start=\"1161\" data-end=\"1205\">AL Fakher Crown Bar Hypermax 15000 Puffs \nbecomes \nAL Fakher Crown Bar Hypermax 15000 Puffs<\/strong> in una variet\u00e0 di sapori appetitosi, ciascuno realizzato per offrire un'esperienza di svapo eccezionale. Questi vaporizzatori sono pre-riempiti con una generosa <strong data-start=\"1346\" data-end=\"1365\">15ml di e-liquid<\/strong>, assicurando di ottenere una sessione di svapo lunga e soddisfacente. Il dispositivo's <strong data-start=\"1445\" data-end=\"1461\">ricaricabile<\/strong> la caratteristica ne estende la facilit\u00e0 d'uso e il suo design elegante, <strong data-start=\"1508\" data-end=\"1526\">design compatto<\/strong> Rende facile trasportarlo in giro.<\/p>\n<h3 class=\"\" data-start=\"1562\" data-end=\"1618\">Perch\u00e9 Scegliere <a href=\"https:\/\/casinovape.de\/it\/categoria-di-prodotto\/vaporizzatori-usa-e-getta-al-fakher\/\">AL Fakher Crown Bar Hypermax 15000<\/a> Puffs? \nS\u00ec, sono i fazzoletti di carta.<\/h3>\n<p class=\"\" data-start=\"1620\" data-end=\"1756\">Il Crown Bar Hypermax 15000 Puffs di AL Fakher \u00e8 progettato per offrire prestazioni eccezionali ad ogni aspirazione. Ecco perch\u00e9 si distingue:<\/p>\n<ul data-start=\"1758\" data-end=\"3124\">\n<li class=\"\" data-start=\"1758\" data-end=\"1982\">\n<p class=\"\" data-start=\"1760\" data-end=\"1982\"><strong data-start=\"1760\" data-end=\"1787\">15.000 Puff di Sapore:<\/strong> Con una generosa capacit\u00e0 di e-liquid di 15 ml, il Crown Bar Hypermax offre fino a 15.000 puff, permettendoti di goderti sessioni prolungate senza la necessit\u00e0 di ricaricare o sostituire costantemente il dispositivo.<\/p>\n<\/li>\n<li class=\"\" data-start=\"1983\" data-end=\"2253\">\n<p class=\"\" data-start=\"1985\" data-end=\"2253\"><strong data-start=\"1985\" data-end=\"2007\">Sapore Autentico:<\/strong> Ogni sapore \u00e8 accuratamente curato per offrirti il ricco e autentico gusto che imita l'esperienza di fumare un tradizionale narghil\u00e8. Che tu sia dell'umore per sapori fruttati, mentolati o ispirati al tabacco, c'\u00e8 qualcosa per ogni preferenza.<\/p>\n<\/li>\n<li class=\"\" data-start=\"2254\" data-end=\"2457\">\n<p class=\"\" data-start=\"2256\" data-end=\"2457\"><strong data-start=\"2256\" data-end=\"2285\">Meccanismo attivato dal tiro:<\/strong> Goditi un'esperienza priva di problemi e senza interruzioni con il meccanismo attivato dal tiraggio. Basta inspirare e il vaporizzatore si attiver\u00e0 automaticamente, fornendo un vapore liscio e costante.<\/p>\n<\/li>\n<li class=\"\" data-start=\"2458\" data-end=\"2650\">\n<p class=\"\" data-start=\"2460\" data-end=\"2650\"><strong data-start=\"2460\" data-end=\"2489\">Comodit\u00e0 ricaricabile:<\/strong> Il <strong data-start=\"2494\" data-end=\"2512\">batteria da 600mAh<\/strong> \u00e8 ricaricabile tramite una porta di tipo C (cavo non incluso), permettendoti di goderti sessioni di svapo pi\u00f9 lunghe senza preoccuparti della durata della batteria.<\/p>\n<\/li>\n<li class=\"\" data-start=\"2651\" data-end=\"2835\">\n<p class=\"\" data-start=\"2653\" data-end=\"2835\"><strong data-start=\"2653\" data-end=\"2686\">Perfetto per la vaporizzazione in movimento:<\/strong> Compatta, portatile e facile da usare, la Crown Bar Hypermax \u00e8 progettata per coloro che desiderano un'esperienza di svapo premium che possono portare ovunque.<\/p>\n<\/li>\n<li class=\"\" data-start=\"2836\" data-end=\"2988\">\n<p class=\"\" data-start=\"2838\" data-end=\"2988\"><strong data-start=\"2838\" data-end=\"2867\">Impugnatura in Pelle Comfortevole:<\/strong> Il design ergonomico comprende una comoda impugnatura in pelle, rendendo facile e piacevole da tenere durante le sessioni di svapo.<\/p>\n<\/li>\n<li class=\"\" data-start=\"2989\" data-end=\"3121\">\n<p class=\"\" data-start=\"2991\" data-end=\"3121\"><strong data-start=\"2991\" data-end=\"3013\">Forza del Nicotina:<\/strong> La vape \u00e8 fornita con <strong data-start=\"3034\" data-end=\"3050\">2% (20mg\/ml)<\/strong> intensit\u00e0 di nicotina, offrendo un colpo alla gola e una scarica di nicotina soddisfacenti.<\/p>\n<\/li>\n<\/ul>\n<h3 class=\"\" data-start=\"3125\" data-end=\"3179\"><a href=\"https:\/\/casinovape.de\/it\/categoria-di-prodotto\/vaporizzatori-usa-e-getta-al-fakher\/\">AL Fakher Crown Bar Hypermax 15000<\/a> Puffs Caratteristiche:<\/h3>\n<ul data-start=\"3181\" data-end=\"3599\">\n<li class=\"\" data-start=\"3181\" data-end=\"3209\">\n<p class=\"\" data-start=\"3183\" data-end=\"3209\"><strong data-start=\"3183\" data-end=\"3204\">Capacit\u00e0 dell'e-liquid:<\/strong> 15ml<\/p>\n<\/li>\n<li class=\"\" data-start=\"3210\" data-end=\"3240\">\n<p class=\"\" data-start=\"3212\" data-end=\"3240\"><strong data-start=\"3212\" data-end=\"3233\">Capacit\u00e0 della batteria:<\/strong> 600mAh<\/p>\n<\/li>\n<li class=\"\" data-start=\"3241\" data-end=\"3278\">\n<p class=\"\" data-start=\"3243\" data-end=\"3278\"><strong data-start=\"3243\" data-end=\"3265\">Forza del Nicotina:<\/strong> 2% (20mg\/ml)<\/p>\n<\/li>\n<li class=\"\" data-start=\"3279\" data-end=\"3330\">\n<p class=\"\" data-start=\"3281\" data-end=\"3330\"><strong data-start=\"3281\" data-end=\"3309\">Ricaricabile tramite Type-C:<\/strong> (cavo non incluso)<\/p>\n<\/li>\n<li class=\"\" data-start=\"3331\" data-end=\"3413\">\n<p class=\"\" data-start=\"3333\" data-end=\"3413\"><strong data-start=\"3333\" data-end=\"3362\">Batteria e display liquido:<\/strong> Per un facile monitoraggio dei livelli di batteria e e-liquid<\/p>\n<\/li>\n<li class=\"\" data-start=\"3414\" data-end=\"3511\">\n<p class=\"\" data-start=\"3416\" data-end=\"3511\"><strong data-start=\"3416\" data-end=\"3448\">Vaping DTL (diretto ai polmoni):<\/strong> Goditi un vapore ricco e saporito con prestazioni di vaping DTL decenti<\/p>\n<\/li>\n<li class=\"\" data-start=\"3512\" data-end=\"3564\">\n<p class=\"\" data-start=\"3514\" data-end=\"3564\"><strong data-start=\"3514\" data-end=\"3531\">Impugnatura in pelle:<\/strong> Design confortevole ed ergonomico<\/p>\n<\/li>\n<li class=\"\" data-start=\"3565\" data-end=\"3599\">\n<p class=\"\" data-start=\"3567\" data-end=\"3599\"><strong data-start=\"3567\" data-end=\"3599\">Perfetto per la vaporizzazione in movimento<\/strong><\/p>\n<\/li>\n<\/ul>\n<h3 class=\"\" data-start=\"3601\" data-end=\"3676\">AL Fakher Crown Bar Hypermax 15000 Puffs - Uno sguardo pi\u00f9 da vicino ai sapori<\/h3>\n<p class=\"\" data-start=\"3678\" data-end=\"3925\">Quando si tratta di svapo, il gusto \u00e8 fondamentale, e il <strong data-start=\"3726\" data-end=\"3758\">AL Fakher Crown Bar Hypermax<\/strong> non delude. Il dispositivo \u00e8 disponibile in un'ampia gamma di sapori emozionanti che soddisfano ogni preferenza. Ecco una dettagliata suddivisione dei sapori disponibili:<\/p>\n<ol data-start=\"3927\" data-end=\"6013\">\n<li class=\"\" data-start=\"3927\" data-end=\"4070\">\n<p class=\"\" data-start=\"3930\" data-end=\"4070\"><strong data-start=\"3930\" data-end=\"3944\">Berry Ice: \nGelato di Frutta:<\/strong> Una miscela rinfrescante di frutti di bosco misti, completata da un finale freddo e ghiacciato, perfetta per coloro che amano un vape dolce e fresco.<\/p>\n<\/li>\n<li class=\"\" data-start=\"4071\" data-end=\"4192\">\n<p class=\"\" data-start=\"4074\" data-end=\"4192\"><strong data-start=\"4074\" data-end=\"4092\">Cherry Fiesta:<\/strong> Un sapore di ciliegia vibrante e tangente con un tocco di dolcezza che lascer\u00e0 le tue papille gustative danzare.<\/p>\n<\/li>\n<li class=\"\" data-start=\"4193\" data-end=\"4309\">\n<p class=\"\" data-start=\"4196\" data-end=\"4309\"><strong data-start=\"4196\" data-end=\"4211\">Limonata Lime:<\/strong> Una combinazione piccante di limone tartaro e lime rinfrescante, che offre un sapore deciso e rivitalizzante.<\/p>\n<\/li>\n<li class=\"\" data-start=\"4310\" data-end=\"4432\">\n<p class=\"\" data-start=\"4313\" data-end=\"4432\"><strong data-start=\"4313\" data-end=\"4326\">Ghiaccio Liquido:<\/strong> Anguria dolce e succosa abbinata a una finitura mentolata per un effetto rinfrescante perfetto per le giornate calde.<\/p>\n<\/li>\n<li class=\"\" data-start=\"4433\" data-end=\"4562\">\n<p class=\"\" data-start=\"4436\" data-end=\"4562\"><strong data-start=\"4436\" data-end=\"4446\">Hubba:<\/strong> Un sapore di gomma da masticare nostalgico che riporta alla mente ricordi del tuo trattamento masticabile preferito, con un gusto dolce e liscio.<\/p>\n<\/li>\n<li class=\"\" data-start=\"4563\" data-end=\"4688\">\n<p class=\"\" data-start=\"4566\" data-end=\"4688\"><strong data-start=\"4566\" data-end=\"4588\">Menta di Ribes Nero:<\/strong> Morbide more con un retrogusto croccante e mentolato creano un perfetto equilibrio di dolcezza e freschezza.<\/p>\n<\/li>\n<li class=\"\" data-start=\"4689\" data-end=\"4824\">\n<p class=\"\" data-start=\"4692\" data-end=\"4824\"><strong data-start=\"4692\" data-end=\"4706\">Due mele:<\/strong> Una deliziosa fusione di mele verdi tart e mele rosse dolci, che offre un sapore fruttato soddisfacente e ben equilibrato.<\/p>\n<\/li>\n<li class=\"\" data-start=\"4825\" data-end=\"4960\">\n<p class=\"\" data-start=\"4828\" data-end=\"4960\"><strong data-start=\"4828\" data-end=\"4843\">Menta Uva:<\/strong> Uva dolce e succosa combinata con un finale di menta fresca creano un vape bilanciato che \u00e8 allo stesso tempo rinfrescante e indulgente.<\/p>\n<\/li>\n<li class=\"\" data-start=\"4961\" data-end=\"5093\">\n<p class=\"\" data-start=\"4964\" data-end=\"5093\"><strong data-start=\"4964\" data-end=\"4979\">Blu di Mirtillo:<\/strong> Un'esplosione di frutti di bosco misti con un leggero tocco di acidit\u00e0, che porta un sapore fresco e fruttato che amerai ad ogni soffio.<\/p>\n<\/li>\n<li class=\"\" data-start=\"5094\" data-end=\"5224\">\n<p class=\"\" data-start=\"5098\" data-end=\"5224\"><strong data-start=\"5098\" data-end=\"5122\">Mirtillo Lampone:<\/strong> Una combinazione di dolci mirtilli e lamponi aciduli, creando un sapore di bacche perfettamente bilanciato.<\/p>\n<\/li>\n<li class=\"\" data-start=\"5225\" data-end=\"5365\">\n<p class=\"\" data-start=\"5229\" data-end=\"5365\"><strong data-start=\"5229\" data-end=\"5254\">Anguria Ananas:<\/strong> Una miscela tropicale di anguria succosa e ananas dolce, che porta un gusto rinfrescante ed esotico alla tua svapo.<\/p>\n<\/li>\n<li class=\"\" data-start=\"5366\" data-end=\"5511\">\n<p class=\"\" data-start=\"5370\" data-end=\"5511\"><strong data-start=\"5370\" data-end=\"5386\">Cherry Fizz:<\/strong> Un sapore di ciliegia frizzante con una svolta bolla e rinfrescante, perfetto per coloro che amano un vapore dolce e aspro con un po' di scintilla.<\/p>\n<\/li>\n<li class=\"\" data-start=\"5512\" data-end=\"5636\">\n<p class=\"\" data-start=\"5516\" data-end=\"5636\"><strong data-start=\"5516\" data-end=\"5531\">Cherry Ice:<\/strong> Un sapore di ciliegia dolce e acidulo con un finale fresco e ghiacciato per un'esperienza di svapo rinfrescante e soddisfacente.<\/p>\n<\/li>\n<li class=\"\" data-start=\"5637\" data-end=\"5774\">\n<p class=\"\" data-start=\"5641\" data-end=\"5774\"><strong data-start=\"5641\" data-end=\"5661\">Anguria Lime:<\/strong> Un sapore di anguria tangente abbinato alla freschezza agrumata del lime, offrendo un perfetto equilibrio di dolce e acido.<\/p>\n<\/li>\n<li class=\"\" data-start=\"5775\" data-end=\"5899\">\n<p class=\"\" data-start=\"5779\" data-end=\"5899\"><strong data-start=\"5779\" data-end=\"5794\">Mango Fresco:<\/strong> Un sapore di mango liscio e tropicale con un finale mentolato rinfrescante, ideale per una vape rilassante e rinfrescante.<\/p>\n<\/li>\n<li class=\"\" data-start=\"5900\" data-end=\"6013\">\n<p class=\"\" data-start=\"5904\" data-end=\"6013\"><strong data-start=\"5904\" data-end=\"5913\">Menta:<\/strong> Un sapore di menta semplice ma soddisfacente che offre un'esperienza di svapo nitida, pulita e rinfrescante.<\/p>\n<\/li>\n<\/ol>\n<p><img loading=\"lazy\" decoding=\"async\" class=\"alignnone wp-image-6791 size-full\" src=\"https:\/\/casinovape.de\/wp-content\/uploads\/2025\/04\/AF-15K-HYPERMAX-2.webp\" alt=\"Magazzino Europeo Al Fakher Crown Bar Hypermax 15000 Puffs 0.2% Basso Nikotina Acquista Originale Autentico Vape Pen Ricaricabile Monouso \" width=\"1058\" height=\"726\" srcset=\"https:\/\/casinovape.de\/wp-content\/uploads\/2025\/04\/AF-15K-HYPERMAX-2.webp 1058w, https:\/\/casinovape.de\/wp-content\/uploads\/2025\/04\/AF-15K-HYPERMAX-2-300x206.webp 300w, https:\/\/casinovape.de\/wp-content\/uploads\/2025\/04\/AF-15K-HYPERMAX-2-1024x703.webp 1024w, https:\/\/casinovape.de\/wp-content\/uploads\/2025\/04\/AF-15K-HYPERMAX-2-768x527.webp 768w, https:\/\/casinovape.de\/wp-content\/uploads\/2025\/04\/AF-15K-HYPERMAX-2-18x12.webp 18w, https:\/\/casinovape.de\/wp-content\/uploads\/2025\/04\/AF-15K-HYPERMAX-2-600x412.webp 600w\" sizes=\"auto, (max-width: 1058px) 100vw, 1058px\" \/><\/p>\n<h3 class=\"\" data-start=\"6015\" data-end=\"6078\">Perch\u00e9 dovresti comprare AL Fakher Crown Bar Hypermax 15000 Puffs<\/h3>\n<p class=\"\" data-start=\"6080\" data-end=\"6321\">Quando scegli il <strong data-start=\"6100\" data-end=\"6144\">AL Fakher Crown Bar Hypermax 15000 Puffs \nbecomes \nAL Fakher Crown Bar Hypermax 15000 Puffs<\/strong>, non stai solo acquistando un dispositivo di svapo usa e getta; stai investendo in un'esperienza premium che combina convenienza, sapore e prestazioni. Ecco perch\u00e9 \u00e8 la scelta giusta per te:<\/p>\n<ul data-start=\"6323\" data-end=\"7263\">\n<li class=\"\" data-start=\"6323\" data-end=\"6466\">\n<p class=\"\" data-start=\"6325\" data-end=\"6466\"><strong data-start=\"6325\" data-end=\"6354\">Prestazioni Durature:<\/strong> Con <strong data-start=\"6360\" data-end=\"6376\">15.000 puff<\/strong> Per dispositivo, \u00e8 possibile godere di una lunga sessione di svapo senza dover effettuare sostituzioni costanti.<\/p>\n<\/li>\n<li class=\"\" data-start=\"6467\" data-end=\"6676\">\n<p class=\"\" data-start=\"6469\" data-end=\"6676\"><strong data-start=\"6469\" data-end=\"6501\">Esperienza Autentica di Hookah:<\/strong> AL Fakher \u00e8 un marchio rinomato nel mondo dello hookah e Crown Bar Hypermax porta quel sapore ricco ed esperienza liscia in un pratico e portatile vaporizzatore usa e getta.<\/p>\n<\/li>\n<li class=\"\" data-start=\"6677\" data-end=\"6848\">\n<p class=\"\" data-start=\"6679\" data-end=\"6848\"><strong data-start=\"6679\" data-end=\"6705\">Ampia Selezione di Sapori:<\/strong> Dalle miscele fruttate ai mentoli rinfrescanti, c'\u00e8 un gusto per ogni palato, tutti creati con ingredienti di qualit\u00e0 per garantire un'esperienza soddisfacente.<\/p>\n<\/li>\n<li class=\"\" data-start=\"6849\" data-end=\"7062\">\n<p class=\"\" data-start=\"6851\" data-end=\"7062\"><strong data-start=\"6851\" data-end=\"6888\">spedizione European Vape Warehouse<\/strong> Quando acquisti da<a href=\"https:\/\/casinovape.de\/it\/\"> <strong data-start=\"6907\" data-end=\"6921\">Casinovape<\/strong><\/a>, sei garantito una spedizione rapida e affidabile da parte nostra <strong data-start=\"6977\" data-end=\"7004\">Deposito europeo di svapo<\/strong>con gli ordini che arrivano in appena <strong data-start=\"7035\" data-end=\"7047\">3-7 giorni<\/strong> all'interno dell'UE.<\/p>\n<\/li>\n<li class=\"\" data-start=\"7063\" data-end=\"7263\">\n<p class=\"\" data-start=\"7065\" data-end=\"7263\"><strong data-start=\"7065\" data-end=\"7095\">Nessuna quantit\u00e0 minima d'ordine:<\/strong> Sia che tu stia acquistando <strong data-start=\"7122\" data-end=\"7133\">1 pezzo<\/strong> O per pi\u00f9 dispositivi, puoi comprare tanto o poco quanto vuoi, rendendolo perfetto sia per gli utenti individuali che per i gruppi di rivenditori.<\/p>\n<\/li>\n<\/ul>\n<h3 class=\"\" data-start=\"7265\" data-end=\"7320\">Domande frequenti su AL Fakher Crown Bar Hypermax 15000 Puffs<\/h3>\n<p class=\"\" data-start=\"7322\" data-end=\"7514\"><strong data-start=\"7322\" data-end=\"7390\">A: 10.000 puff<\/strong><br data-start=\"7390\" data-end=\"7393\" \/>A: Il Crown Bar Hypermax di AL Fakher offre fino a <strong data-start=\"7442\" data-end=\"7458\">15.000 puff<\/strong> per dispositivo, fornendo un'esperienza di svapo di lunga durata.<\/p>\n<p class=\"\" data-start=\"7516\" data-end=\"7680\"><strong data-start=\"7516\" data-end=\"7550\">Q: Il dispositivo \u00e8 ricaricabile?<\/strong><br data-start=\"7550\" data-end=\"7553\" \/>S\u00ec, il dispositivo \u00e8 dotato di un <strong data-start=\"7585\" data-end=\"7616\">batteria ricaricabile da 600mAh<\/strong> che pu\u00f2 essere caricato tramite un <strong data-start=\"7643\" data-end=\"7653\">Type-C<\/strong> port (cavo non incluso).<\/p>\n<p class=\"\" data-start=\"7682\" data-end=\"7847\"><strong data-start=\"7682\" data-end=\"7750\">La forza della nicotina dell'AL Fakher Crown Bar 15K \u00e8 di 5% o 50 mg.<\/strong><br data-start=\"7750\" data-end=\"7753\" \/>A: Il dispositivo \u00e8 dotato di <strong data-start=\"7778\" data-end=\"7794\">2% (20mg\/ml)<\/strong> intensit\u00e0 di nicotina, offrendo un soddisfacente colpo alla gola.<\/p>\n<p class=\"\" data-start=\"7849\" data-end=\"8002\"><strong data-start=\"7849\" data-end=\"7884\">Q: Quanto tempo ci vuole per la spedizione?<\/strong><br data-start=\"7884\" data-end=\"7887\" \/>A: Spediamo direttamente da nostri <strong data-start=\"7916\" data-end=\"7943\">Deposito europeo di svapo<\/strong>e il tuo ordine arriver\u00e0 entro <strong data-start=\"7979\" data-end=\"7991\">3-7 giorni<\/strong> nell'UE.<\/p>\n<p class=\"\" data-start=\"8004\" data-end=\"8213\"><strong data-start=\"8004\" data-end=\"8049\">D: Sono disponibili altri sapori?<\/strong><br data-start=\"8049\" data-end=\"8052\" \/>S\u00ec, sono disponibili molti sapori, tra cui <strong data-start=\"8104\" data-end=\"8117\">Berry Ice<\/strong>, <strong data-start=\"8119\" data-end=\"8136\">Cherry Fiesta<\/strong>, <strong data-start=\"8138\" data-end=\"8146\">Menta<\/strong>, e molto altro ancora. Ogni sapore \u00e8 realizzato per un'esperienza di svapo premium.<\/p>\n<hr class=\"\" data-start=\"8215\" data-end=\"8218\" \/>\n<p class=\"\" data-start=\"8220\" data-end=\"8452\">Con AL Fakher Crown Bar Hypermax 15000 Puffs, stai scegliendo pi\u00f9 di un semplice vape; stai scegliendo un'esperienza. <strong data-start=\"8341\" data-end=\"8354\">Ordina ora<\/strong> at <a href=\"https:\/\/casinovape.de\/it\/\"><strong data-start=\"8358\" data-end=\"8372\">Casinovape<\/strong> <\/a>e goditi un <strong data-start=\"8385\" data-end=\"8412\">sigaretta elettronica monouso premium<\/strong> con spedizione gratuita e veloce in tutta l'UE.<\/p>","protected":false},"excerpt":{"rendered":"<p>Sperimenta un vaping prolungato e saporito con il <strong>AL Fakher Crown Bar Hypermax 15000<\/strong> Puffs: dove la qualit\u00e0 premium incontra la massima convenienza.<\/p>","protected":false},"featured_media":6789,"comment_status":"open","ping_status":"closed","template":"","meta":[],"product_brand":[],"product_cat":[16,78,79,82,84,86,88,89,90,91,95,96,99,65,66,67,68,69,70,71,72,73,74,75,76,77,57,61,45,48,50,52,54],"product_tag":[],"class_list":{"0":"post-6767","1":"product","2":"type-product","3":"status-publish","4":"has-post-thumbnail","6":"product_cat-al-fakher-disposable-vapes","7":"product_cat-buy-best-disposable-vape-flavors","8":"product_cat-apple-flavor-disposable-vapes","9":"product_cat-cherry-flavor-disposable-vapes","10":"product_cat-grape-flavor-disposable-vapes","11":"product_cat-ice-flavor-disposable-vapes","12":"product_cat-lemon-flavor-disposable-vapes","13":"product_cat-lush-flavor-disposable-vapes","14":"product_cat-mango-flavor-disposable-vapes","15":"product_cat-mint-flavor-disposable-vapes","16":"product_cat-pineapple-flavor-disposable-vapes","17":"product_cat-raspberry-flavor-disposable-vapes","18":"product_cat-watermelon-flavor-disposable-vapes","19":"product_cat-best-disposable-vape-in-europe","20":"product_cat-buy-disposable-vapes-in-austria","21":"product_cat-buy-disposable-vapes-in-belgium","22":"product_cat-buy-disposable-vapes-in-france","23":"product_cat-buy-disposable-vapes-in-germany","24":"product_cat-buy-disposable-vapes-in-italy","25":"product_cat-buy-disposable-vapes-in-netherlands","26":"product_cat-buy-disposable-vapes-in-norway","27":"product_cat-buy-disposable-vapes-in-poland","28":"product_cat-buy-disposable-vapes-in-portugal","29":"product_cat-buy-disposable-vapes-in-spain","30":"product_cat-buy-disposable-vapes-in-sweden","31":"product_cat-buy-disposable-vapes-in-switzerland","32":"product_cat-shop-disposable-vapes-by-puffs","33":"product_cat-15000-puff-disposable-vape","34":"product_cat-disposable-vape-types","35":"product_cat-big-puffs-disposable-vapes","36":"product_cat-digital-box-disposable-vapes","37":"product_cat-lower-nicotine-disposable-vapes","38":"product_cat-rechargeable-disposable-vapes","40":"first","41":"instock","42":"sale","43":"shipping-taxable","44":"purchasable","45":"product-type-variable"},"jetpack_sharing_enabled":true,"_links":{"self":[{"href":"https:\/\/casinovape.de\/it\/wp-json\/wp\/v2\/product\/6767","targetHints":{"allow":["GET"]}}],"collection":[{"href":"https:\/\/casinovape.de\/it\/wp-json\/wp\/v2\/product"}],"about":[{"href":"https:\/\/casinovape.de\/it\/wp-json\/wp\/v2\/types\/product"}],"replies":[{"embeddable":true,"href":"https:\/\/casinovape.de\/it\/wp-json\/wp\/v2\/comments?post=6767"}],"wp:featuredmedia":[{"embeddable":true,"href":"https:\/\/casinovape.de\/it\/wp-json\/wp\/v2\/media\/6789"}],"wp:attachment":[{"href":"https:\/\/casinovape.de\/it\/wp-json\/wp\/v2\/media?parent=6767"}],"wp:term":[{"taxonomy":"product_brand","embeddable":true,"href":"https:\/\/casinovape.de\/it\/wp-json\/wp\/v2\/product_brand?post=6767"},{"taxonomy":"product_cat","embeddable":true,"href":"https:\/\/casinovape.de\/it\/wp-json\/wp\/v2\/product_cat?post=6767"},{"taxonomy":"product_tag","embeddable":true,"href":"https:\/\/casinovape.de\/it\/wp-json\/wp\/v2\/product_tag?post=6767"}],"curies":[{"name":"wp","href":"https:\/\/api.w.org\/{rel}","templated":true}]}}