{"id":6712,"date":"2025-04-11T02:05:58","date_gmt":"2025-04-11T02:05:58","guid":{"rendered":"https:\/\/casinovape.de\/?post_type=product&#038;p=6712"},"modified":"2025-09-06T00:50:06","modified_gmt":"2025-09-06T00:50:06","slug":"request-failed-with-status-code-637","status":"publish","type":"product","link":"https:\/\/casinovape.de\/it\/prodotto\/request-failed-with-status-code-637\/","title":{"rendered":"Magazzino Europeo Fumot RandM Tornado 7000 Puffs Bassa Nicotina Acquista Penna Vape Monouso Ricaricabile Originale Autentica"},"content":{"rendered":"<div style=\"width: 1020px;\" class=\"wp-video\"><!--[if lt IE 9]><script>document.createElement('video');<\/script><![endif]-->\n<video class=\"wp-video-shortcode\" id=\"video-6712-1\" width=\"1020\" height=\"574\" preload=\"metadata\" controls=\"controls\"><source type=\"video\/mp4\" src=\"https:\/\/casinovape.de\/wp-content\/uploads\/2025\/04\/Fumot-RandM-Tornado-7000.mp4?_=1\" \/><a href=\"https:\/\/casinovape.de\/wp-content\/uploads\/2025\/04\/Fumot-RandM-Tornado-7000.mp4\">https:\/\/casinovape.de\/wp-content\/uploads\/2025\/04\/Fumot-RandM-Tornado-7000.mp4<\/a><\/video><\/div>\n<h2 class=\"\" data-start=\"388\" data-end=\"456\"><strong data-start=\"391\" data-end=\"456\"><a href=\"https:\/\/casinovape.de\/it\/categoria-di-prodotto\/vaporizzatori-usa-e-getta-randm-fumot\/\">FUMOT RandM Tornado 7000<\/a> Puffs \u2013 Ridefinire l'Arte della Vaporizzazione<\/strong><\/h2>\n<h3 class=\"\" data-start=\"458\" data-end=\"510\"><strong data-start=\"462\" data-end=\"510\">Prestazioni senza pari incontrano l'estetica urbana<\/strong><\/h3>\n<p class=\"\" data-start=\"512\" data-end=\"965\">Vaping incontra l'arte nel <strong data-start=\"536\" data-end=\"590\">Penna Vape monouso FUMOT RandM Tornado 7000 Puffs<\/strong>, un'innovazione premium che combina un design audace da strada con una tecnologia di svapo di ultima generazione. Con un esterno ispirato alla street art e brillanti effetti di illuminazione RGB, questo dispositivo \u00e8 tanto visivamente accattivante quanto potente. Progettato per i vaper moderni che cercano un alto numero di tiri, facilit\u00e0 d'uso e sapori ricchi, il Tornado 7000 non fa compromessi n\u00e9 sulla forma n\u00e9 sulla funzione.<\/p>\n<p class=\"\" data-start=\"967\" data-end=\"1307\">A \n Nessun \n Nessun \nAt <strong data-start=\"970\" data-end=\"984\">Casinovape<\/strong>Su , la pi\u00f9 grande piattaforma online tedesca per le sigarette elettroniche usa e getta, \u00e8 possibile acquistare il Tornado 7000 con <strong data-start=\"1076\" data-end=\"1096\">nessun ordine minimo<\/strong>\u2014perfetto per individui, rivenditori ed appassionati in tutta la <strong data-start=\"1160\" data-end=\"1178\">Mercato dei vaporizzatori UE<\/strong>Ogni ordine viene evaso da nostro <strong data-start=\"1213\" data-end=\"1240\">Deposito Vape Europeo<\/strong>, assicurando una velocit\u00e0 ed efficienza elevate <strong data-start=\"1272\" data-end=\"1292\">Consegna in 3-7 giorni<\/strong> in tutta Europa.<\/p>\n<hr class=\"\" data-start=\"1309\" data-end=\"1312\" \/>\n<h3 data-start=\"1314\" data-end=\"1371\"><strong data-start=\"1317\" data-end=\"1371\">Perch\u00e9 il FUMOT<a href=\"https:\/\/casinovape.de\/it\/categoria-di-prodotto\/vaporizzatori-usa-e-getta-randm-fumot\/\"> RandM Tornado 7000<\/a> \u00e8 un vero e proprio cambiamento di passo<\/strong><\/h3>\n<p class=\"\" data-start=\"1373\" data-end=\"1583\">Dalla sua robusta costruzione alle prestazioni ad alta capacit\u00e0, ogni dettaglio del Tornado 7000 \u00e8 progettato per la soddisfazione. Questo dispositivo \u00e8 pi\u00f9 di un semplice dispositivo usa e getta: \u00e8 un'esperienza di svapo completa nella tua tasca.<\/p>\n<h3 class=\"\" data-start=\"1585\" data-end=\"1624\"><strong data-start=\"1589\" data-end=\"1624\">Punti salienti e specifiche<\/strong><\/h3>\n<ul data-start=\"1626\" data-end=\"2557\">\n<li class=\"\" data-start=\"1626\" data-end=\"1738\">\n<p class=\"\" data-start=\"1628\" data-end=\"1738\"><strong data-start=\"1628\" data-end=\"1651\">Massima resa di Puff<\/strong>: Consegna fino a <strong data-start=\"1668\" data-end=\"1682\">7000 puff<\/strong>ideali per un uso a lungo termine senza sostituzioni costanti.<\/p>\n<\/li>\n<li class=\"\" data-start=\"1739\" data-end=\"1838\">\n<p class=\"\" data-start=\"1741\" data-end=\"1838\"><strong data-start=\"1741\" data-end=\"1767\">Capacit\u00e0 di liquido elettronico 14ml<\/strong>: Preriempito con liquido per vaporizzatori di alta qualit\u00e0 per una soddisfazione prolungata.<\/p>\n<\/li>\n<li class=\"\" data-start=\"1839\" data-end=\"1938\">\n<p class=\"\" data-start=\"1841\" data-end=\"1938\"><strong data-start=\"1841\" data-end=\"1876\">Concentrazioni di nicotina personalizzabili<\/strong>: Scegli tra <strong data-start=\"1890\" data-end=\"1912\">0%, 2%, 3% e 5%<\/strong> per abbinare la tua preferenza.<\/p>\n<\/li>\n<li class=\"\" data-start=\"1939\" data-end=\"2078\">\n<p class=\"\" data-start=\"1941\" data-end=\"2078\"><strong data-start=\"1941\" data-end=\"1984\">Batteria ricaricabile integrata da 1000mAh<\/strong>: Ricaricabile tramite USB, garantisce una prolungata usabilit\u00e0 fino all'ultima goccia di e-liquid.<\/p>\n<\/li>\n<li class=\"\" data-start=\"2079\" data-end=\"2182\">\n<p class=\"\" data-start=\"2081\" data-end=\"2182\"><strong data-start=\"2081\" data-end=\"2110\">Sistema di flusso d'aria regolabile<\/strong>: Personalizza il tuo tiro per ottenere sbuffi pi\u00f9 stretti o pi\u00f9 ariosi, il tuo vape, nel tuo modo.<\/p>\n<\/li>\n<li class=\"\" data-start=\"2183\" data-end=\"2273\">\n<p class=\"\" data-start=\"2185\" data-end=\"2273\"><strong data-start=\"2185\" data-end=\"2209\">Tecnologia a Bobina Mesh<\/strong>: Fornisce un vapore pi\u00f9 liscio e pulito con un'intensa erogazione di sapore.<\/p>\n<\/li>\n<li class=\"\" data-start=\"2274\" data-end=\"2370\">\n<p class=\"\" data-start=\"2276\" data-end=\"2370\"><strong data-start=\"2276\" data-end=\"2296\">Design ergonomico<\/strong>: Morbido bocchino in gomma alimentare per un'espirazione premium e confortevole.<\/p>\n<\/li>\n<li class=\"\" data-start=\"2371\" data-end=\"2461\">\n<p class=\"\" data-start=\"2373\" data-end=\"2461\"><strong data-start=\"2373\" data-end=\"2402\">Display luminoso RGB a 6 colori<\/strong>: Goditi un'esperienza visiva dinamica e colorata mentre svapi.<\/p>\n<\/li>\n<li class=\"\" data-start=\"2462\" data-end=\"2557\">\n<p class=\"\" data-start=\"2464\" data-end=\"2557\"><strong data-start=\"2464\" data-end=\"2490\">Confezionamento pronto per la vendita al dettaglio<\/strong>: 10 unit\u00e0 per scatola di esposizione, 240 per cartone - ideale per gruppi di vendita al dettaglio.<\/p>\n<\/li>\n<\/ul>\n<hr class=\"\" data-start=\"2559\" data-end=\"2562\" \/>\n<h3 data-start=\"2564\" data-end=\"2601\"><strong data-start=\"2567\" data-end=\"2601\">La tua fonte di vaporizzatori UE con vantaggi<\/strong><\/h3>\n<p class=\"\" data-start=\"2603\" data-end=\"2918\">A Casinovape, ci specializziamo in marche di altissimo livello tra cui <strong data-start=\"2661\" data-end=\"2670\">Fumot<\/strong>, <strong data-start=\"2672\" data-end=\"2685\">Al Fakher<\/strong>, <strong data-start=\"2687\" data-end=\"2696\">Fizzy<\/strong>, <strong data-start=\"2698\" data-end=\"2713\">OBEELAB HHC<\/strong>e <strong data-start=\"2719\" data-end=\"2732\">SMPO DL02<\/strong>. La nostra politica di no-MOQ significa che puoi acquistare solo <strong data-start=\"2780\" data-end=\"2811\">1 pezzo o acquista in grandi quantit\u00e0<\/strong>con una consegna affidabile da parte nostra <strong data-start=\"2845\" data-end=\"2867\">Magazzino europeo<\/strong> direttamente alla tua porta - veloce, sicuro e senza problemi.<\/p>\n<hr class=\"\" data-start=\"2920\" data-end=\"2923\" \/>\n<h3 data-start=\"2925\" data-end=\"2986\"><strong data-start=\"2928\" data-end=\"2986\">Esperienza di Sapore \u2013 20 Profili Dinamici tra cui Scegliere<\/strong><\/h3>\n<p class=\"\" data-start=\"2988\" data-end=\"3199\">Goditi una selezione straordinaria di sapori, ciascuno creato per soddisfare diversi palati, dalle bevande ghiacciate rinfrescanti alle miscele fruttate. Ecco la lista completa <strong data-start=\"3138\" data-end=\"3155\">gamma di sapori<\/strong>numerati e descritti per una facile selezione:<\/p>\n<ol data-start=\"3201\" data-end=\"5218\">\n<li class=\"\" data-start=\"3201\" data-end=\"3328\">\n<p class=\"\" data-start=\"3204\" data-end=\"3328\"><strong data-start=\"3204\" data-end=\"3224\">Ghiaccio di Ribes Nero<\/strong> \u2013 Un'intensa esplosione di ribes nero raffreddata da un finale mentolato e fresco, ideale per gli amanti della frutta che cercano un tocco di freschezza.<\/p>\n<\/li>\n<li class=\"\" data-start=\"3329\" data-end=\"3426\">\n<p class=\"\" data-start=\"3332\" data-end=\"3426\"><strong data-start=\"3332\" data-end=\"3343\">Gelato<\/strong> \u2013 I sapori nostalgici dei ghiaccioli si mescolano in una vapata rinfrescante con un retrogusto fresco.<\/p>\n<\/li>\n<li class=\"\" data-start=\"3427\" data-end=\"3535\">\n<p class=\"\" data-start=\"3430\" data-end=\"3535\"><strong data-start=\"3430\" data-end=\"3452\">Bluesour Raspberry<\/strong> \u2013 Una miscela di lampone blu aspra con un tocco di agrumi che stuzzica le tue papille gustative.<\/p>\n<\/li>\n<li class=\"\" data-start=\"3536\" data-end=\"3637\">\n<p class=\"\" data-start=\"3539\" data-end=\"3637\"><strong data-start=\"3539\" data-end=\"3560\">Apple Berry Blast<\/strong> \u2013 Le mele dolci incontrano una fusione di frutti di bosco selvatici in questa miscela bilanciata e succosa.<\/p>\n<\/li>\n<li class=\"\" data-start=\"3638\" data-end=\"3741\">\n<p class=\"\" data-start=\"3641\" data-end=\"3741\"><strong data-start=\"3641\" data-end=\"3651\">Ciliegia<\/strong> \u2013 Sapor di ciliegia puro e dolce con la giusta quantit\u00e0 di acidit\u00e0: semplice e soddisfacente.<\/p>\n<\/li>\n<li class=\"\" data-start=\"3742\" data-end=\"3850\">\n<p class=\"\" data-start=\"3745\" data-end=\"3850\"><strong data-start=\"3745\" data-end=\"3763\">Pacific Cooler<\/strong> Una miscela tropicale di ananas, mango e agrumi avvolta in una fresca brezza mentolata.<\/p>\n<\/li>\n<li class=\"\" data-start=\"3851\" data-end=\"3964\">\n<p class=\"\" data-start=\"3854\" data-end=\"3964\"><strong data-start=\"3854\" data-end=\"3872\">Succo di Limone e Frutti di Bosco<\/strong> \u2013 Le bacche e il limone si uniscono in una dolce-aspretta mescolanza che rinfresca ad ogni sorso.<\/p>\n<\/li>\n<li class=\"\" data-start=\"3965\" data-end=\"4080\">\n<p class=\"\" data-start=\"3968\" data-end=\"4080\"><strong data-start=\"3968\" data-end=\"3983\">Sangue di Tigre<\/strong> \u2013 Esotico e audace, questa miscela di fragola, anguria e cocco offre un pugno di sapore feroce.<\/p>\n<\/li>\n<li class=\"\" data-start=\"4081\" data-end=\"4179\">\n<p class=\"\" data-start=\"4084\" data-end=\"4179\"><strong data-start=\"4084\" data-end=\"4095\">Signor Blu<\/strong> \u2013 Una misteriosa e fresca miscela di frutti di bosco e mentolo, avvolta in una sottile dolcezza.<\/p>\n<\/li>\n<li class=\"\" data-start=\"4180\" data-end=\"4281\">\n<p class=\"\" data-start=\"4184\" data-end=\"4281\"><strong data-start=\"4184\" data-end=\"4202\">Red Energy Ice<\/strong> \u2013 Ispirato dalle bevande energetiche, elettrizza i tuoi sensi con un'aggiunta di freschezza ghiacciata.<\/p>\n<\/li>\n<li class=\"\" data-start=\"4282\" data-end=\"4365\">\n<p class=\"\" data-start=\"4286\" data-end=\"4365\"><strong data-start=\"4286\" data-end=\"4303\">Mela Rossa Ghiaccio<\/strong> \u2013 Mele rosse croccanti ammorbidite da una nota di mentolo rinfrescante.<\/p>\n<\/li>\n<li class=\"\" data-start=\"4366\" data-end=\"4476\">\n<p class=\"\" data-start=\"4370\" data-end=\"4476\"><strong data-start=\"4370\" data-end=\"4400\">Mirtillo Ciliegia Cranberry<\/strong> \u2013 Un trio trionfante di frutti che offre dolce, acido e aspro tutto in uno.<\/p>\n<\/li>\n<li class=\"\" data-start=\"4477\" data-end=\"4575\">\n<p class=\"\" data-start=\"4481\" data-end=\"4575\"><strong data-start=\"4481\" data-end=\"4501\">Blue Razz Cherry<\/strong> \u2013 Vivace lampone blu fuso con ciliegia succosa per una svolta agrodolce.<\/p>\n<\/li>\n<li class=\"\" data-start=\"4576\" data-end=\"4663\">\n<p class=\"\" data-start=\"4580\" data-end=\"4663\"><strong data-start=\"4580\" data-end=\"4593\">Ghiaccio d'uva<\/strong> \u2013 Sapor di uva lussuoso stratificato con mentolo ghiacciato per un freddo corposo.<\/p>\n<\/li>\n<li class=\"\" data-start=\"4664\" data-end=\"4739\">\n<p class=\"\" data-start=\"4668\" data-end=\"4739\"><strong data-start=\"4668\" data-end=\"4681\">Mango Ice<\/strong> \u2013 Mango tropicale sollevato da un rinfrescante esalare di mentolo.<\/p>\n<\/li>\n<li class=\"\" data-start=\"4740\" data-end=\"4836\">\n<p class=\"\" data-start=\"4744\" data-end=\"4836\"><strong data-start=\"4744\" data-end=\"4764\">Frullato di Banana<\/strong> \u2013 Un gusto di dessert alla banana cremoso e sognante, perfetto per momenti di indulgente piacere.<\/p>\n<\/li>\n<li class=\"\" data-start=\"4837\" data-end=\"4928\">\n<p class=\"\" data-start=\"4841\" data-end=\"4928\"><strong data-start=\"4841\" data-end=\"4866\">Fragola Anguria<\/strong> \u2013 I frutti estivi si scontrano in questa combinazione di vape succosa e rinfrescante.<\/p>\n<\/li>\n<li class=\"\" data-start=\"4929\" data-end=\"5026\">\n<p class=\"\" data-start=\"4933\" data-end=\"5026\"><strong data-start=\"4933\" data-end=\"4946\">Peach Ice<\/strong> Nettare di pesca delicato intriso di una brezza di mentolo per un'inspirazione liscia e dolce.<\/p>\n<\/li>\n<li class=\"\" data-start=\"5027\" data-end=\"5125\">\n<p class=\"\" data-start=\"5031\" data-end=\"5125\"><strong data-start=\"5031\" data-end=\"5051\">Mirtillo Sul Ghiaccio<\/strong> \u2013 Note di mirtillo succose raffreddate alla perfezione, rendendo ogni boccata freschissima e ghiacciata.<\/p>\n<\/li>\n<li class=\"\" data-start=\"5126\" data-end=\"5218\">\n<p class=\"\" data-start=\"5130\" data-end=\"5218\"><strong data-start=\"5130\" data-end=\"5147\">Limonata rosa<\/strong> \u2013 Un'armonia di agrumi rosa speziati che \u00e8 aspra, dolce e piena di carattere.<\/p>\n<\/li>\n<\/ol>\n<hr class=\"\" data-start=\"5220\" data-end=\"5223\" \/>\n<h3 data-start=\"5225\" data-end=\"5248\"><strong data-start=\"5228\" data-end=\"5248\">Per Chi \u00c8 Questo?<\/strong><\/h3>\n<p class=\"\" data-start=\"5250\" data-end=\"5520\">Sia che tu sia un esperto di svapo alla ricerca della comodit\u00e0 o un rivenditore che cerca una linea di prodotti affidabile, il <a href=\"https:\/\/casinovape.de\/it\/categoria-di-prodotto\/vaporizzatori-usa-e-getta-randm-fumot\/\"><strong data-start=\"5361\" data-end=\"5389\">FUMOT RandM Tornado 7000<\/strong> <\/a>Soddisfa tutti. Senza complicate configurazioni, \u00e8 ideale per coloro che danno priorit\u00e0 al sapore, alla facilit\u00e0 e alle prestazioni in un dispositivo elegante.<\/p>\n<hr class=\"\" data-start=\"5522\" data-end=\"5525\" \/>\n<h3 data-start=\"5527\" data-end=\"5557\"><strong data-start=\"5530\" data-end=\"5557\">Perch\u00e9 fare acquisti presso <a href=\"https:\/\/casinovape.de\/it\/\">Casinovape<\/a>?<\/strong><\/h3>\n<ul data-start=\"5559\" data-end=\"5855\">\n<li class=\"\" data-start=\"5559\" data-end=\"5614\">\n<p class=\"\" data-start=\"5561\" data-end=\"5614\">\u2705 <strong data-start=\"5563\" data-end=\"5614\">Il pi\u00f9 grande rivenditore di sigarette elettroniche usa e getta in Germania<\/strong><\/p>\n<\/li>\n<li class=\"\" data-start=\"5615\" data-end=\"5684\">\n<p class=\"\" data-start=\"5617\" data-end=\"5684\">\u2705 <strong data-start=\"5619\" data-end=\"5684\">Solo i Migliori Marchi - FUMOT, Al Fakher, OBEELAB HHC, Fizzy &amp; More<\/strong><\/p>\n<\/li>\n<li class=\"\" data-start=\"5685\" data-end=\"5725\">\n<p class=\"\" data-start=\"5687\" data-end=\"5725\">\u2705 <strong data-start=\"5689\" data-end=\"5725\">Acquista 1 o in Quantit\u00e0 - Nessun Ordine Minimo<\/strong><\/p>\n<\/li>\n<li class=\"\" data-start=\"5726\" data-end=\"5786\">\n<p class=\"\" data-start=\"5728\" data-end=\"5786\">\u2705 <strong data-start=\"5730\" data-end=\"5786\">Spedizione rapida UE \u2013 3\u20137 giorni da magazzino europeo<\/strong><\/p>\n<\/li>\n<li class=\"\" data-start=\"5787\" data-end=\"5855\">\n<p class=\"\" data-start=\"5789\" data-end=\"5855\">\u2705 <strong data-start=\"5791\" data-end=\"5855\">Dedicati alla Qualit\u00e0, Originalit\u00e0 e Soddisfazione del Cliente<\/strong><\/p>\n<\/li>\n<\/ul>\n<hr class=\"\" data-start=\"5857\" data-end=\"5860\" \/>\n<h3 data-start=\"5862\" data-end=\"5873\"><strong data-start=\"5865\" data-end=\"5873\">Domande frequenti<\/strong><\/h3>\n<p class=\"\" data-start=\"5875\" data-end=\"6069\"><strong data-start=\"5875\" data-end=\"5940\">Il FUMOT RandM Tornado 7000 Disposable Vape \u00e8 ricaricabile?<\/strong><br data-start=\"5940\" data-end=\"5943\" \/>S\u00ec, include una batteria integrata da 1000mAh completamente ricaricabile tramite USB, permettendoti di utilizzarlo fino all'ultima boccata.<\/p>\n<p class=\"\" data-start=\"6071\" data-end=\"6219\"><strong data-start=\"6071\" data-end=\"6110\">Quali livelli di nicotina sono disponibili?<\/strong><br data-start=\"6110\" data-end=\"6113\" \/>Questo modello supporta le concentrazioni di nicotina 0%, 2%, 3% e 5%, offrendo flessibilit\u00e0 in base alle tue preferenze.<\/p>\n<p class=\"\" data-start=\"6221\" data-end=\"6386\"><strong data-start=\"6221\" data-end=\"6254\">\u00c8 adatto per i principianti?<\/strong><br data-start=\"6254\" data-end=\"6257\" \/>Assolutamente. \u00c8 progettato sia per i nuovi che per i veterani dei vapers. Basta aprire la confezione, caricare se necessario, e godere - nessuna configurazione o ricarica richiesta.<\/p>\n<p class=\"\" data-start=\"6388\" data-end=\"6509\"><strong data-start=\"6388\" data-end=\"6423\">Quanti sapori sono disponibili?<\/strong><br data-start=\"6423\" data-end=\"6426\" \/>Ci sono attualmente <strong data-start=\"6446\" data-end=\"6460\">20 sapori<\/strong>, che vanno da raffreddanti ghiacciati a ricche fusioni di frutta.<\/p>\n<p class=\"\" data-start=\"6511\" data-end=\"6660\"><strong data-start=\"6511\" data-end=\"6541\">Casinovape<\/strong><br data-start=\"6541\" data-end=\"6544\" \/>Siamo ubicati in Germania e operiamo da una sede dedicata <strong data-start=\"6599\" data-end=\"6626\">Deposito europeo di svapo<\/strong>, che serve clienti in tutta l'UE.<\/p>","protected":false},"excerpt":{"rendered":"<p>Un potente e stiloso vaporizzatore monouso che offre 7000 soffiate saporite con una batteria ricaricabile e un'illuminazione RGB vivida.<\/p>","protected":false},"featured_media":6734,"comment_status":"open","ping_status":"closed","template":"","meta":[],"product_brand":[],"product_cat":[15,78,79,80,82,86,90,96,65,66,67,68,69,70,71,72,73,74,75,76,77,57,45,56],"product_tag":[],"class_list":{"0":"post-6712","1":"product","2":"type-product","3":"status-publish","4":"has-post-thumbnail","6":"product_cat-randm-fumot-disposable-vapes","7":"product_cat-buy-best-disposable-vape-flavors","8":"product_cat-apple-flavor-disposable-vapes","9":"product_cat-blue-razz-flavor-disposable-vapes","10":"product_cat-cherry-flavor-disposable-vapes","11":"product_cat-ice-flavor-disposable-vapes","12":"product_cat-mango-flavor-disposable-vapes","13":"product_cat-raspberry-flavor-disposable-vapes","14":"product_cat-best-disposable-vape-in-europe","15":"product_cat-buy-disposable-vapes-in-austria","16":"product_cat-buy-disposable-vapes-in-belgium","17":"product_cat-buy-disposable-vapes-in-france","18":"product_cat-buy-disposable-vapes-in-germany","19":"product_cat-buy-disposable-vapes-in-italy","20":"product_cat-buy-disposable-vapes-in-netherlands","21":"product_cat-buy-disposable-vapes-in-norway","22":"product_cat-buy-disposable-vapes-in-poland","23":"product_cat-buy-disposable-vapes-in-portugal","24":"product_cat-buy-disposable-vapes-in-spain","25":"product_cat-buy-disposable-vapes-in-sweden","26":"product_cat-buy-disposable-vapes-in-switzerland","27":"product_cat-shop-disposable-vapes-by-puffs","28":"product_cat-disposable-vape-types","29":"product_cat-tornado-disposable-vapes","31":"first","32":"instock","33":"sale","34":"shipping-taxable","35":"purchasable","36":"product-type-variable"},"jetpack_sharing_enabled":true,"_links":{"self":[{"href":"https:\/\/casinovape.de\/it\/wp-json\/wp\/v2\/product\/6712","targetHints":{"allow":["GET"]}}],"collection":[{"href":"https:\/\/casinovape.de\/it\/wp-json\/wp\/v2\/product"}],"about":[{"href":"https:\/\/casinovape.de\/it\/wp-json\/wp\/v2\/types\/product"}],"replies":[{"embeddable":true,"href":"https:\/\/casinovape.de\/it\/wp-json\/wp\/v2\/comments?post=6712"}],"wp:featuredmedia":[{"embeddable":true,"href":"https:\/\/casinovape.de\/it\/wp-json\/wp\/v2\/media\/6734"}],"wp:attachment":[{"href":"https:\/\/casinovape.de\/it\/wp-json\/wp\/v2\/media?parent=6712"}],"wp:term":[{"taxonomy":"product_brand","embeddable":true,"href":"https:\/\/casinovape.de\/it\/wp-json\/wp\/v2\/product_brand?post=6712"},{"taxonomy":"product_cat","embeddable":true,"href":"https:\/\/casinovape.de\/it\/wp-json\/wp\/v2\/product_cat?post=6712"},{"taxonomy":"product_tag","embeddable":true,"href":"https:\/\/casinovape.de\/it\/wp-json\/wp\/v2\/product_tag?post=6712"}],"curies":[{"name":"wp","href":"https:\/\/api.w.org\/{rel}","templated":true}]}}