{"id":116,"date":"2024-09-24T13:10:29","date_gmt":"2024-09-24T13:10:29","guid":{"rendered":"https:\/\/casinovape.de\/?post_type=product&#038;p=116"},"modified":"2025-05-28T14:13:33","modified_gmt":"2025-05-28T14:13:33","slug":"magazzino-europeo-frizzante-ottimo-10000-sbuffi-basso-nikotin-acquista-penna-vaporizzatore-usa-e-getta-originale-autentica-autentica","status":"publish","type":"product","link":"https:\/\/casinovape.de\/it\/prodotto\/magazzino-europeo-frizzante-ottimo-10000-sbuffi-basso-nikotin-acquista-penna-vaporizzatore-usa-e-getta-originale-autentica-autentica\/","title":{"rendered":"Magazzino Europeo Fizzy GREAT 10000 Puffs Basso Nikotin Acquista Originale Autentico Vape Pen Ricaricabile Monouso"},"content":{"rendered":"<div style=\"width: 1020px;\" class=\"wp-video\"><!--[if lt IE 9]><script>document.createElement('video');<\/script><![endif]-->\n<video class=\"wp-video-shortcode\" id=\"video-116-1\" width=\"1020\" height=\"1020\" preload=\"metadata\" controls=\"controls\"><source type=\"video\/mp4\" src=\"https:\/\/casinovape.de\/wp-content\/uploads\/2024\/09\/Fizzy-Great-10000puffs-\u5b9e\u62cd\u89c6\u9891.mp4?_=1\" \/><a href=\"https:\/\/casinovape.de\/wp-content\/uploads\/2024\/09\/Fizzy-Great-10000puffs-\u5b9e\u62cd\u89c6\u9891.mp4\">https:\/\/casinovape.de\/wp-content\/uploads\/2024\/09\/Fizzy-Great-10000puffs-\u5b9e\u62cd\u89c6\u9891.mp4<\/a><\/video><\/div>\n<h1><a href=\"https:\/\/casinovape.de\/it\/\">Deposito Europeo<\/a> Fizzy GREAT 10000 Puffs: Il Tuo Premium Ricaricabile <a href=\"https:\/\/casinovape.de\/it\/\">Penna Vape Monouso<\/a><\/h1>\n<h2>Introduzione<\/h2>\n<p>Il <strong>Fizzy GREAT 10000 Puffs Vape Monouso<\/strong> Non \u00e8 semplicemente una sigaretta elettronica; incarna il culmine del piacere di svapare per coloro che apprezzano il sapore, la convenienza e la qualit\u00e0. Questo dispositivo elegante e portatile offre prestazioni impressionanti fino a 10.000 tiri, rendendolo la scelta perfetta per coloro che desiderano indulgere in movimento. Che tu sia fuori a socializzare o a rilassarti a casa, questo vape garantisce momenti indimenticabili di piacere ad ogni tiro.<\/p>\n<h2>Dettagli del prodotto<\/h2>\n<ul>\n<li><strong>Marchio<\/strong>: FIZZY<\/li>\n<li><strong>Modello<\/strong>: FIZZY GREAT<\/li>\n<li><strong>Dimensioni del prodotto<\/strong>: 85,3 mm x 53 mm<\/li>\n<li><strong>Capacit\u00e0 della batteria<\/strong>: 650 mAh (Type-C)<\/li>\n<li><strong>Capacit\u00e0 del pod<\/strong>: 18 ml<\/li>\n<li><strong>Forza della nicotina<\/strong>: Disponibile in 5% e 2%<\/li>\n<li><strong>Puffs<\/strong>Fino a 10.000<\/li>\n<\/ul>\n<h2>Caratteristiche del <a href=\"https:\/\/casinovape.de\/it\/categoria-di-prodotto\/vaporizzatori-usa-e-getta-frizzanti\/\">Fizzy<\/a> GRANDE 10000 Puffs<\/h2>\n<p>Il Fizzy GREAT \u00e8 progettato per elevare la tua esperienza di svapo. Di seguito sono elencate le caratteristiche eccezionali che distinguono questo prodotto:<\/p>\n<ul>\n<li><strong>Durata prolungata di svapo<\/strong>: Con la capacit\u00e0 di erogare fino a 10.000 puff, questo dispositivo \u00e8 progettato per sessioni di lunga durata, permettendoti di goderti i tuoi sapori preferiti senza interruzioni.<\/li>\n<li><strong>Livelli di nicotina multipli<\/strong>: Personalizza la tua esperienza selezionando tra le intensit\u00e0 di nicotina 2% e 5%, assicurandoti di trovare l'equilibrio perfetto per le tue esigenze.<\/li>\n<li><strong>Ampia capacit\u00e0 di liquido elettronico<\/strong>: Il generoso serbatoio di e-liquid da 18 ml garantisce che avrai una scorta sostanziale per un prolungato godimento, riducendo al minimo la necessit\u00e0 di sostituzioni frequenti.<\/li>\n<li><strong>Tecnologia Avanzata della Bobina a Maglia<\/strong>Questa tecnologia innovativa fornisce un'intensit\u00e0 di sapore migliorata e una produzione di vapore costante, creando un'esperienza di svapo ricca e soddisfacente.<\/li>\n<li><strong>Design compatto e portatile<\/strong>: Il suo design elegante e leggero lo rende ideale da portare in tasca o in borsetta, rendendolo perfetto per la vaporizzazione in movimento.<\/li>\n<li><strong>Capacit\u00e0 di ricarica rapida<\/strong>: Dotato di una porta di ricarica di tipo C e di una batteria ricaricabile da 650 mAh, questo vape consente una ricarica rapida e comoda, quindi non ti ritroverai mai senza corrente per molto tempo.<\/li>\n<\/ul>\n<h2><img loading=\"lazy\" decoding=\"async\" class=\"alignnone wp-image-140 size-full\" src=\"https:\/\/casinovape.de\/wp-content\/uploads\/2024\/09\/fizzy\u53e3\u5473\u56fe1.webp\" alt=\"Magazzino Europeo Fizzy GREAT 10000 Puffs Basso Nikotin Acquista Originale Autentico Vape Pen Ricaricabile Monouso\" width=\"1280\" height=\"839\" srcset=\"https:\/\/casinovape.de\/wp-content\/uploads\/2024\/09\/fizzy\u53e3\u5473\u56fe1.webp 1280w, https:\/\/casinovape.de\/wp-content\/uploads\/2024\/09\/fizzy\u53e3\u5473\u56fe1-300x197.webp 300w, https:\/\/casinovape.de\/wp-content\/uploads\/2024\/09\/fizzy\u53e3\u5473\u56fe1-1024x671.webp 1024w, https:\/\/casinovape.de\/wp-content\/uploads\/2024\/09\/fizzy\u53e3\u5473\u56fe1-768x503.webp 768w, https:\/\/casinovape.de\/wp-content\/uploads\/2024\/09\/fizzy\u53e3\u5473\u56fe1-600x393.webp 600w\" sizes=\"auto, (max-width: 1280px) 100vw, 1280px\" \/><\/h2>\n<h2>Variet\u00e0 di sapori della<a href=\"https:\/\/casinovape.de\/it\/categoria-di-prodotto\/vaporizzatori-usa-e-getta-frizzanti\/\"> Fizzy<\/a> GRANDE 10000 Puffs<\/h2>\n<p>Il Fizzy GREAT offre una gamma accattivante di sapori, ciascuno accuratamente realizzato per offrire un'esperienza unica e intensa. Ecco una dettagliata suddivisione dei sapori disponibili:<\/p>\n<ol>\n<li><strong>Anguria<\/strong><br \/>\nSperimenta la dolcezza succosa dell'anguria appena tagliata, che offre un finale rinfrescante perfetto per le giornate calde estive.<\/li>\n<li><strong>Ghiaccio di Mirtillo<\/strong><br \/>\nUna deliziosa combinazione di dolci mirtilli abbinati a un fresco colpo di mentolo, ideale per una pausa rinfrescante.<\/li>\n<li><strong>Ghiaccio d'uva<\/strong><br \/>\nLa dolcezza dell'uva matura \u00e8 completata da una sensazione di raffreddamento, creando un'esperienza fruttata che sicuramente piacer\u00e0 ad ogni vaper.<\/li>\n<li><strong>Litchi Limone<\/strong><br \/>\nUn'esotica fusione di dolce litchi e limone speziato, che rivitalizza i sensi con una svolta rinfrescante.<\/li>\n<li><strong>Ananas Pesca Passione<\/strong><br \/>\nUn piacere tropicale, che combina la dolcezza dell'ananas con la freschezza pesca e un tocco di passione per un gusto indimenticabile.<\/li>\n<li><strong>Mora Uva<\/strong><br \/>\nUn misto lussuoso di fragole dolci e uva succosa, creando un'esperienza fruttata perfetta per il godimento quotidiano.<\/li>\n<li><strong>Pesca<\/strong><br \/>\nIl sapore succulento di pesche mature, offre un'esperienza di svapo deliziosa che rimane senza tempo.<\/li>\n<li><strong>Mango Pesca<\/strong><br \/>\nLa ricca dolcezza dei manghi maturi si intreccia con la freschezza fruttata delle pesche, dando vita a un'esplosione di sapore.<\/li>\n<li><strong>Frutta Mista<\/strong><br \/>\nUna miscela armoniosa di varie bacche, che offre un profilo dolce ma al tempo stesso acidulo per un'esperienza di svapo soddisfacente.<\/li>\n<li><strong>Succo di Limone con Anguria e Fragola<\/strong><br \/>\nQuesta combinazione unica di anguria dolce e fragole succose con un filo di limonata offre un puro ristoro.<\/li>\n<\/ol>\n<h2>Conclusione<\/h2>\n<p>Migliora il tuo viaggio di svapo con il <strong>Fizzy GREAT 10000 Puffs Vape Monouso<\/strong>Con la sua lavorazione di alta qualit\u00e0, l'impressionante variet\u00e0 di sapori e l'elevata capacit\u00e0, \u00e8 la scelta ideale per ogni vaper in Germania. Non perdere l'opportunit\u00e0 di elevare la tua esperienza; visita <a href=\"https:\/\/casinovape.de\/it\/\"><strong>Casinovape<\/strong><\/a> Oggi per acquistare il tuo dispositivo di svapo monouso. Come la pi\u00f9 grande piattaforma di vendita al dettaglio online di dispositivi di svapo monouso in Germania, garantiamo una consegna rapida dal nostro magazzino di svapo europeo, con il tuo ordine che arriva entro 3-7 giorni. Sperimenta la differenza oggi e preparati per un'avventura di svapo senza pari!<\/p>","protected":false},"excerpt":{"rendered":"<div class=\"flex-shrink-0 flex flex-col relative items-end\">\n<div class=\"pt-0\">\n<div class=\"gizmo-shadow-stroke flex h-8 w-8 items-center justify-center overflow-hidden rounded-full\">\n<div class=\"h-full w-full\">Scopri la <strong>Fizzy GREAT 10000 Puffs<\/strong> Dispositivi Vape monouso su Casinovape: la tua destinazione principale per dispositivi vape monouso di alta qualit\u00e0 e ricaricabili in Germania. Goditi una variet\u00e0 di sapori deliziosi e una consegna rapida dal nostro magazzino europeo!<\/div>\n<\/div>\n<\/div>\n<\/div>","protected":false},"featured_media":1109,"comment_status":"open","ping_status":"closed","template":"","meta":[],"product_brand":[],"product_cat":[19,78,79,81,84,86,88,90,92,93,94,95,96,98,99,65,66,67,68,69,70,71,72,73,74,75,76,77,57,59,45,48,52,54],"product_tag":[],"class_list":{"0":"post-116","1":"product","2":"type-product","3":"status-publish","4":"has-post-thumbnail","6":"product_cat-fizzy-disposable-vapes","7":"product_cat-buy-best-disposable-vape-flavors","8":"product_cat-apple-flavor-disposable-vapes","9":"product_cat-blueberry-flavor-disposable-vapes","10":"product_cat-grape-flavor-disposable-vapes","11":"product_cat-ice-flavor-disposable-vapes","12":"product_cat-lemon-flavor-disposable-vapes","13":"product_cat-mango-flavor-disposable-vapes","14":"product_cat-mixed-berries-flavor-disposable-vapes","15":"product_cat-passion-fruit-flavor-disposable-vapes","16":"product_cat-peach-flavor-disposable-vapes","17":"product_cat-pineapple-flavor-disposable-vapes","18":"product_cat-raspberry-flavor-disposable-vapes","19":"product_cat-strawberry-flavor-disposable-vapes","20":"product_cat-watermelon-flavor-disposable-vapes","21":"product_cat-best-disposable-vape-in-europe","22":"product_cat-buy-disposable-vapes-in-austria","23":"product_cat-buy-disposable-vapes-in-belgium","24":"product_cat-buy-disposable-vapes-in-france","25":"product_cat-buy-disposable-vapes-in-germany","26":"product_cat-buy-disposable-vapes-in-italy","27":"product_cat-buy-disposable-vapes-in-netherlands","28":"product_cat-buy-disposable-vapes-in-norway","29":"product_cat-buy-disposable-vapes-in-poland","30":"product_cat-buy-disposable-vapes-in-portugal","31":"product_cat-buy-disposable-vapes-in-spain","32":"product_cat-buy-disposable-vapes-in-sweden","33":"product_cat-buy-disposable-vapes-in-switzerland","34":"product_cat-shop-disposable-vapes-by-puffs","35":"product_cat-10000-puff-disposable-vape","36":"product_cat-disposable-vape-types","37":"product_cat-big-puffs-disposable-vapes","38":"product_cat-lower-nicotine-disposable-vapes","39":"product_cat-rechargeable-disposable-vapes","41":"first","42":"outofstock","43":"shipping-taxable","44":"product-type-variable"},"jetpack_sharing_enabled":true,"_links":{"self":[{"href":"https:\/\/casinovape.de\/it\/wp-json\/wp\/v2\/product\/116","targetHints":{"allow":["GET"]}}],"collection":[{"href":"https:\/\/casinovape.de\/it\/wp-json\/wp\/v2\/product"}],"about":[{"href":"https:\/\/casinovape.de\/it\/wp-json\/wp\/v2\/types\/product"}],"replies":[{"embeddable":true,"href":"https:\/\/casinovape.de\/it\/wp-json\/wp\/v2\/comments?post=116"}],"wp:featuredmedia":[{"embeddable":true,"href":"https:\/\/casinovape.de\/it\/wp-json\/wp\/v2\/media\/1109"}],"wp:attachment":[{"href":"https:\/\/casinovape.de\/it\/wp-json\/wp\/v2\/media?parent=116"}],"wp:term":[{"taxonomy":"product_brand","embeddable":true,"href":"https:\/\/casinovape.de\/it\/wp-json\/wp\/v2\/product_brand?post=116"},{"taxonomy":"product_cat","embeddable":true,"href":"https:\/\/casinovape.de\/it\/wp-json\/wp\/v2\/product_cat?post=116"},{"taxonomy":"product_tag","embeddable":true,"href":"https:\/\/casinovape.de\/it\/wp-json\/wp\/v2\/product_tag?post=116"}],"curies":[{"name":"wp","href":"https:\/\/api.w.org\/{rel}","templated":true}]}}