{"id":1060,"date":"2024-10-20T12:51:59","date_gmt":"2024-10-20T12:51:59","guid":{"rendered":"https:\/\/casinovape.de\/?page_id=1060"},"modified":"2024-11-03T10:07:00","modified_gmt":"2024-11-03T10:07:00","slug":"politica-sulleta-di-casinovape","status":"publish","type":"page","link":"https:\/\/casinovape.de\/it\/politica-sulleta-di-casinovape\/","title":{"rendered":"Politica sull'et\u00e0 di CasinoVape"},"content":{"rendered":"<p>In CasinoVape, ci impegniamo a mantenere una rigorosa aderenza ai requisiti di et\u00e0 legale per l'acquisto di sigarette elettroniche usa e getta. Per garantire un'esperienza di acquisto sicura e conforme, le nostre politiche riflettono un forte impegno per pratiche di vaping legali e responsabili, in linea con le normative in Germania e in tutta l'Unione Europea.<\/p>\n<h3>Et\u00e0 minima legale richiesta<\/h3>\n<p>Per acquistare qualsiasi prodotto da CasinoVape, i clienti devono avere almeno 18 anni, che \u00e8 l'et\u00e0 legale per fumare in Germania e in numerosi altri paesi europei. Questo requisito di et\u00e0 \u00e8 in linea con il nostro impegno a prevenire l'accesso dei minori ai prodotti per la vaporizzazione.<\/p>\n<h3>Vendita Severamente Vietata ai Minori<\/h3>\n<p>Proibiamo fermamente l'acquisto dei nostri prodotti da parte di o per chiunque abbia meno di 18 anni. Le violazioni di questa regola possono comportare conseguenze legali e compromettere il nostro impegno a offrire prodotti per la vaporizzazione esclusivamente agli adulti.<\/p>\n<h3>Procedura di verifica dell'et\u00e0<\/h3>\n<p>Per essere conforme ai requisiti di legge, CasinoVape applica un rigoroso processo di verifica dell'et\u00e0. Al momento del pagamento, ai clienti viene richiesto di fornire informazioni personali, tra cui nome, indirizzo, data di nascita e una forma ufficiale di identificazione. Queste informazioni vengono utilizzate per verificare la tua et\u00e0 attraverso registri pubblici. Se questo primo tentativo di verifica non ha esito positivo, ti verr\u00e0 chiesto di caricare un'immagine chiara del tuo documento d'identit\u00e0 rilasciato dal governo per confermare l'idoneit\u00e0.<\/p>\n<h3>Politica di rifiuto e cancellazione dell'ordine<\/h3>\n<p>CasinoVape si riserva il diritto di rifiutare o cancellare qualsiasi ordine se la verifica dell'et\u00e0 \u00e8 incompleta o insoddisfacente. Questa politica \u00e8 in vigore per garantire la piena conformit\u00e0 agli standard legali e mantenere l'integrit\u00e0 delle nostre pratiche commerciali.<\/p>\n<h3>Impegno per prevenire l'accesso dei giovani<\/h3>\n<p>Siamo dedicati a prevenire l'accesso agli e-sigaretta da parte dei minori. Le nostre rigorose misure di verifica dell'et\u00e0 sono un riflesso della nostra dedizione a pratiche di svapo responsabili e legali, garantendo che solo gli adulti possano accedere ai nostri prodotti.<\/p>\n<h3>Diritti di limitazione del servizio<\/h3>\n<p>Sebbene i nostri prodotti siano disponibili online, CasinoVape si riserva il diritto di limitare o rifiutare il servizio secondo necessit\u00e0. Se ritieni che l'accesso sia stato negato per errore, contatta il nostro team di assistenza clienti per aiuto.<\/p>\n<h3>Avvisi chiari sul sito web<\/h3>\n<p>Il nostro sito web visualizza in modo prominente avvisi relativi all'uso delle sigarette elettroniche e al requisito di et\u00e0 minima legale. Ci\u00f2 serve come promemoria aggiuntivo dell'importanza di rispettare le restrizioni di et\u00e0.<\/p>\n<h3>Garantire un'esperienza di acquisto sicura e conforme<\/h3>\n<p>In CasinoVape, diamo priorit\u00e0 sia alla sicurezza che alla legalit\u00e0 nelle nostre operazioni. Le nostre politiche di verifica dell'et\u00e0 sono progettate per garantire che la vendita di sigarette elettroniche usa e getta sia condotta in modo responsabile. Seguendo questi protocolli, cerchiamo di creare un ambiente sicuro e conforme per tutti i clienti. Affidatevi a CasinoVape per un'esperienza di acquisto sicura e legale.<\/p>\n<p>Per qualsiasi domanda sulle nostre politiche relative all'et\u00e0 o sugli ordini, sentitevi liberi di contattarci all'indirizzo <a rel=\"noopener\">info@casinovape.de<\/a>.<\/p>","protected":false},"excerpt":{"rendered":"<p>At CasinoVape, we are dedicated to maintaining strict adherence to legal age requirements for purchasing disposable e-cigarettes. To ensure a safe and compliant shopping experience, our policies reflect a strong commitment to lawful and responsible vaping practices, in line with regulations in Germany and throughout the European Union. Legal Minimum Age Requirement To buy any [\u2026]","protected":false},"author":1,"featured_media":0,"parent":0,"menu_order":0,"comment_status":"closed","ping_status":"closed","template":"page-blank-title-center.php","meta":{"footnotes":""},"class_list":["post-1060","page","type-page","status-publish","hentry"],"jetpack_sharing_enabled":true,"_links":{"self":[{"href":"https:\/\/casinovape.de\/it\/wp-json\/wp\/v2\/pages\/1060","targetHints":{"allow":["GET"]}}],"collection":[{"href":"https:\/\/casinovape.de\/it\/wp-json\/wp\/v2\/pages"}],"about":[{"href":"https:\/\/casinovape.de\/it\/wp-json\/wp\/v2\/types\/page"}],"author":[{"embeddable":true,"href":"https:\/\/casinovape.de\/it\/wp-json\/wp\/v2\/users\/1"}],"replies":[{"embeddable":true,"href":"https:\/\/casinovape.de\/it\/wp-json\/wp\/v2\/comments?post=1060"}],"version-history":[{"count":0,"href":"https:\/\/casinovape.de\/it\/wp-json\/wp\/v2\/pages\/1060\/revisions"}],"wp:attachment":[{"href":"https:\/\/casinovape.de\/it\/wp-json\/wp\/v2\/media?parent=1060"}],"curies":[{"name":"wp","href":"https:\/\/api.w.org\/{rel}","templated":true}]}}