{"id":1047,"date":"2024-10-20T10:03:57","date_gmt":"2024-10-20T10:03:57","guid":{"rendered":"https:\/\/casinovape.de\/?page_id=1047"},"modified":"2024-11-03T09:58:22","modified_gmt":"2024-11-03T09:58:22","slug":"termini-e-condizioni-di-casinovape","status":"publish","type":"page","link":"https:\/\/casinovape.de\/it\/termini-e-condizioni-di-casinovape\/","title":{"rendered":"Termini e Condizioni di CasinoVape"},"content":{"rendered":"<ol>\n<li><strong>Ambito di applicazione<\/strong><br \/>\nAccedendo al sito web di CasinoVape e utilizzando i suoi servizi, accetti questi Termini e Condizioni, applicabili a tutti gli acquisti e soggetti a legge UE e tedesca. Si prega di astenersi dall'utilizzare i nostri servizi se non si \u00e8 d'accordo con questi termini.<\/li>\n<li><strong>Panoramica aziendale<\/strong><br \/>\nCasinoVape.de \u00e8 un negozio online dedicato specializzato in sigarette elettroniche monouso premium, inclusi marchi come Al Fakher, Fizzy, OBEELAB HHC e SMPO DL02. Il nostro mercato principale \u00e8 la vendita al dettaglio nell'UE, senza quantit\u00e0 minime d'ordine. Gli ordini vengono spediti da magazzini europei, con tempi di consegna compresi tra 3 e 7 giorni.<\/li>\n<li><strong>Ordini Internazionali<\/strong><br \/>\nSpediamo all'interno dell'UE e i clienti sono responsabili di conoscere e aderire alle normative sui sigarette elettroniche del proprio paese. CasinoVape non \u00e8 responsabile per problemi derivanti dalla non conformit\u00e0 con le leggi locali.<\/li>\n<li><strong>Utilizzo del prodotto<\/strong><br \/>\nI nostri prodotti sono destinati esclusivamente all'uso da parte degli adulti. La nicotina pu\u00f2 essere dannosa, quindi raccomandiamo di consultare un operatore sanitario prima dell'uso. Acquistando, riconosci di utilizzare i nostri prodotti a tuo rischio.<\/li>\n<li><strong>Diritto d'autore e propriet\u00e0 intellettuale<\/strong><br \/>\nTutto il contenuto di questo sito, compresi testi, grafica, loghi e immagini, \u00e8 di propriet\u00e0 di CasinoVape, protetto dalle leggi internazionali sul diritto d'autore. Il contenuto pu\u00f2 essere scaricato o stampato solo per scopi di ordinazione. \u00c8 vietata la riproduzione o distribuzione non autorizzata.<\/li>\n<li><strong>Limitazione della responsabilit\u00e0<\/strong><br \/>\nCasinoVape non \u00e8 responsabile per qualsiasi danno diretto, indiretto, incidentale o consequenziale derivante dall'uso del nostro sito web o dei nostri prodotti, inclusi ma non limitati a perdita di entrate, perdita di dati o danni relativi alle prestazioni del prodotto.<\/li>\n<li><strong>Disclaimer sulla garanzia<\/strong><br \/>\nI prodotti sono forniti \"cos\u00ec come sono\" senza garanzie di commerciabilit\u00e0, idoneit\u00e0 per uno scopo specifico o di non violazione.<\/li>\n<li><strong>Spedizione e reso<\/strong><br \/>\nPer le politiche di spedizione, reso e garanzia dettagliate, fare riferimento alle sezioni del nostro sito web. Acquistando, si accettano questi termini.<\/li>\n<li><strong>Termine di utilizzo<\/strong><br \/>\nCasinoVape si riserva il diritto di limitare o terminare l'accesso al sito web o ai servizi se si violano questi termini.<\/li>\n<li><strong>Legge applicabile<\/strong><br \/>\nQuesti termini sono disciplinati dalle leggi della Germania. Le controversie saranno risolte presso i tribunali tedeschi.<\/li>\n<li><strong>Indennizzo<\/strong><br \/>\nAccetti di indennizzare CasinoVape contro reclami, perdite, responsabilit\u00e0 ed expenses, comprese le spese legali, derivanti da qualsiasi violazione di questi termini o uso improprio del sito web o dei prodotti.<\/li>\n<li><strong>Informazioni di contatto<\/strong><br \/>\nPer domande, si prega di contattare il nostro servizio clienti al <a rel=\"noopener\">info@casinovape.de<\/a>.<\/li>\n<\/ol>\n<p>Grazie per aver scelto CasinoVape! Valutiamo la tua fiducia e non vediamo l'ora di servirti.<\/p>","protected":false},"excerpt":{"rendered":"<p>Ambito di Applicazione Accedendo al sito web di CasinoVape e utilizzando i suoi servizi, si accettano questi Termini e Condizioni, applicabili a tutti gli acquisti e soggetti a legge UE e tedesca. Si prega di astenersi dall'utilizzare i nostri servizi se non si \u00e8 d'accordo con questi termini. Panoramica Aziendale CasinoVape.de \u00e8 un negozio online dedicato specializzato in sigarette elettroniche monouso premium, tra cui [\u2026]","protected":false},"author":1,"featured_media":0,"parent":0,"menu_order":0,"comment_status":"closed","ping_status":"closed","template":"page-blank-title-center.php","meta":{"footnotes":""},"class_list":["post-1047","page","type-page","status-publish","hentry"],"jetpack_sharing_enabled":true,"_links":{"self":[{"href":"https:\/\/casinovape.de\/it\/wp-json\/wp\/v2\/pages\/1047","targetHints":{"allow":["GET"]}}],"collection":[{"href":"https:\/\/casinovape.de\/it\/wp-json\/wp\/v2\/pages"}],"about":[{"href":"https:\/\/casinovape.de\/it\/wp-json\/wp\/v2\/types\/page"}],"author":[{"embeddable":true,"href":"https:\/\/casinovape.de\/it\/wp-json\/wp\/v2\/users\/1"}],"replies":[{"embeddable":true,"href":"https:\/\/casinovape.de\/it\/wp-json\/wp\/v2\/comments?post=1047"}],"version-history":[{"count":0,"href":"https:\/\/casinovape.de\/it\/wp-json\/wp\/v2\/pages\/1047\/revisions"}],"wp:attachment":[{"href":"https:\/\/casinovape.de\/it\/wp-json\/wp\/v2\/media?parent=1047"}],"curies":[{"name":"wp","href":"https:\/\/api.w.org\/{rel}","templated":true}]}}