{"id":1039,"date":"2024-10-20T09:42:59","date_gmt":"2024-10-20T09:42:59","guid":{"rendered":"https:\/\/casinovape.de\/?page_id=1039"},"modified":"2024-11-03T09:47:43","modified_gmt":"2024-11-03T09:47:43","slug":"come-acquistare-vaporizzatori-usa-e-getta-su-casinovape","status":"publish","type":"page","link":"https:\/\/casinovape.de\/it\/come-acquistare-vaporizzatori-usa-e-getta-su-casinovape\/","title":{"rendered":"Come acquistare vaporizzatori usa e getta su CasinoVape"},"content":{"rendered":"<h3>Come acquistare vaporizzatori usa e getta su CasinoVape.de<\/h3>\n<h4>Passo 1: Sfoglia la nostra collezione<\/h4>\n<ol>\n<li><strong>Visita la Homepage<\/strong><br \/>\nInizia andando a <a href=\"https:\/\/casinovape.de\/it\/\" target=\"_new\" rel=\"noopener\">casinovape.de<\/a>, la tua destinazione per vaporizzatori usa e getta premium in Europa.<\/li>\n<li><strong>Esplora i Prodotti<\/strong><br \/>\nClicca sulla scheda \u201cNegozio\u201d nel menu principale. Qui troverai una variet\u00e0 di sigarette elettroniche usa e getta di alta qualit\u00e0 di marche leader come <strong>Al Fakher<\/strong>, <strong>Fizzy<\/strong>, <strong>OBEELAB HHC<\/strong>e <strong>SMPO DL02<\/strong>CasinoVape offre una selezione curata di sapori e modelli adatti ad ogni preferenza.<\/li>\n<\/ol>\n<h4>Passo 2: Seleziona il tuo Vape<\/h4>\n<ol>\n<li><strong>Scegli Il Tuo Marchio o Sapore<\/strong><br \/>\nUtilizza i filtri o scorri la nostra ampia selezione per trovare il marchio, il modello o il gusto che meglio si adatta al tuo stile di svapo.<\/li>\n<li><strong>Dettagli del prodotto<\/strong><br \/>\nClicca sull'immagine del prodotto o sul nome per visualizzare maggiori informazioni. Troverai descrizioni, profili di sapore, conteggio di puff e dettagli sui prezzi per ogni modello. Sono inoltre disponibili recensioni dei clienti per aiutarti a scegliere.<\/li>\n<\/ol>\n<h4>Passo 3: esaminare il prodotto<\/h4>\n<ol>\n<li><strong>Leggi la Descrizione<\/strong><br \/>\nAcquisisci familiarit\u00e0 con le note di sapore uniche di ogni prodotto e altre specifiche.<\/li>\n<li><strong>Scegli Quantit\u00e0<\/strong><br \/>\nSeleziona il numero desiderato di unit\u00e0. Su CasinoVape, puoi acquistare ogni articolo singolarmente, permettendoti di assaggiare diversi sapori e marche senza requisiti d'ordine minimo.<\/li>\n<li><strong>Aggiungi al carrello<\/strong><br \/>\nQuando sei pronto, clicca su \"Aggiungi al carrello\" per includere l'articolo nel tuo acquisto.<\/li>\n<\/ol>\n<h4>Passo 4: Visualizza il tuo carrello<\/h4>\n<ol>\n<li><strong>Accedi al Carrello<\/strong><br \/>\nPer esaminare gli articoli selezionati, clicca sull'icona del carrello situata nell'angolo in alto a destra della pagina.<\/li>\n<li><strong>Verifica il tuo ordine<\/strong><br \/>\nVerificare che la quantit\u00e0 e i prodotti selezionati siano corretti. Regolare le quantit\u00e0 o rimuovere gli articoli secondo necessit\u00e0.<\/li>\n<li><strong>Prosegui verso il Checkout<\/strong><br \/>\nUna volta soddisfatto, clicca su \"Checkout\" per avviare il processo di pagamento.<\/li>\n<\/ol>\n<h4>Passaggio 5: Completa i Dettagli di Fatturazione e Spedizione<\/h4>\n<ol>\n<li><strong>Inserisci le Informazioni di Fatturazione<\/strong><br \/>\nInserisci i tuoi dati personali, inclusi nome, indirizzo di fatturazione e informazioni di contatto.<\/li>\n<li><strong>Specificare le informazioni di spedizione<\/strong><br \/>\nSe il tuo indirizzo di spedizione \u00e8 diverso dall'indirizzo di fatturazione, si prega di compilare i dettagli alternativi.<\/li>\n<li><strong>Seleziona Metodo di Pagamento<\/strong><br \/>\nCasinoVape offre diversi metodi di pagamento per tua comodit\u00e0:<\/p>\n<ul>\n<li><strong>PayPal<\/strong><\/li>\n<li><strong>Carta di credito<\/strong> (Visa, MasterCard, ecc.)<\/li>\n<li><strong>Criptovaluta<\/strong> per una maggiore sicurezza e privacy<\/li>\n<li><strong>Bonifico bancario SEPA<\/strong> (disponibile all'interno dell'UE)<\/li>\n<\/ul>\n<\/li>\n<\/ol>\n<h4>Passo 6: Inserisci il tuo ordine<\/h4>\n<ol>\n<li><strong>Riepilogo del tuo ordine<\/strong><br \/>\nPrenditi un momento per ricontrollare i dettagli dell'ordine, inclusi articoli, quantit\u00e0 e costi totali.<\/li>\n<li><strong>Completa Acquisto<\/strong><br \/>\nQuando tutto sembra corretto, clicca su \"Place Order\" per finalizzare l'acquisto.<\/li>\n<\/ol>\n<h4>Passo 7: Conferma dell'ordine<\/h4>\n<ol>\n<li><strong>Conferma sullo schermo<\/strong><br \/>\nDopo aver inviato il tuo ordine, vedrai una conferma sullo schermo con il tuo numero di ordine univoco.<\/li>\n<li><strong>Conferma dell'email<\/strong><br \/>\nUna email di conferma verr\u00e0 inviata a te con tutti i dettagli del tuo ordine. Si prega di controllare la tua casella di posta per assicurarti di averla ricevuta, poich\u00e9 servir\u00e0 come prova di acquisto.<\/li>\n<\/ol>\n<hr \/>\n<h3>Perch\u00e9 Scegliere CasinoVape?<\/h3>\n<ul>\n<li><strong>Spedizione gratuita:<\/strong> Goditi la consegna gratuita su ordini superiori a \u20ac49,99 all'interno della Germania e \u20ac99,99 all'interno dell'UE.<\/li>\n<li><strong>Consegna Rapida:<\/strong> Gli ordini vengono spediti dal nostro magazzino europeo e di solito arrivano entro 3-7 giorni lavorativi.<\/li>\n<li><strong>Selezione di Prodotti Eccezionali:<\/strong> CasinoVape offre solo i marchi pi\u00f9 affidabili con un'ampia variet\u00e0 di sapori e conteggi di puff, permettendoti di esplorare e goderti il meglio della vaporizzazione.<\/li>\n<li><strong>Opzioni di pagamento sicure:<\/strong> CasinoVape supporta PayPal, carte di credito, criptovaluta e bonifici bancari SEPA, garantendo flessibilit\u00e0 e sicurezza in ogni transazione.<\/li>\n<\/ul>\n<p>Per qualsiasi domanda o ulteriore assistenza, non esitare a contattare il nostro cordiale team di supporto clienti all'indirizzo <a rel=\"noopener\">info@casinovape.de<\/a>.<\/p>","protected":false},"excerpt":{"rendered":"<p>Come acquistare vaporizzatori monouso su CasinoVape.de Passo 1: Sfoglia la nostra collezione Visita la homepage Inizia andando su casinovape.de, la tua destinazione per vaporizzatori monouso premium in Europa. Esplora i prodotti Clicca sulla scheda \u201cNegozio\u201d nel menu principale. Qui troverai una variet\u00e0 di vaporizzatori monouso di alta qualit\u00e0 di marche leader come Al Fakher, [\u2026]","protected":false},"author":1,"featured_media":0,"parent":0,"menu_order":0,"comment_status":"closed","ping_status":"closed","template":"page-blank-title-center.php","meta":{"footnotes":""},"class_list":["post-1039","page","type-page","status-publish","hentry"],"jetpack_sharing_enabled":true,"_links":{"self":[{"href":"https:\/\/casinovape.de\/it\/wp-json\/wp\/v2\/pages\/1039","targetHints":{"allow":["GET"]}}],"collection":[{"href":"https:\/\/casinovape.de\/it\/wp-json\/wp\/v2\/pages"}],"about":[{"href":"https:\/\/casinovape.de\/it\/wp-json\/wp\/v2\/types\/page"}],"author":[{"embeddable":true,"href":"https:\/\/casinovape.de\/it\/wp-json\/wp\/v2\/users\/1"}],"replies":[{"embeddable":true,"href":"https:\/\/casinovape.de\/it\/wp-json\/wp\/v2\/comments?post=1039"}],"version-history":[{"count":0,"href":"https:\/\/casinovape.de\/it\/wp-json\/wp\/v2\/pages\/1039\/revisions"}],"wp:attachment":[{"href":"https:\/\/casinovape.de\/it\/wp-json\/wp\/v2\/media?parent=1039"}],"curies":[{"name":"wp","href":"https:\/\/api.w.org\/{rel}","templated":true}]}}