{"id":1024,"date":"2024-10-20T08:30:15","date_gmt":"2024-10-20T08:30:15","guid":{"rendered":"https:\/\/casinovape.de\/?page_id=1024"},"modified":"2024-11-03T09:21:15","modified_gmt":"2024-11-03T09:21:15","slug":"domande-frequenti","status":"publish","type":"page","link":"https:\/\/casinovape.de\/it\/domande-frequenti\/","title":{"rendered":"Domande frequenti"},"content":{"rendered":"<p><strong>1. Quali marche di sigarette elettroniche usa e getta offrite?<\/strong><br \/>\nIn CasinoVape, presentiamo con orgoglio una selezione curata di sigarette elettroniche monouso premium, tra cui rinomati marchi come Al Fakher, Fizzy, OBEELAB HHC e SMPO DL02. La nostra gamma comprende alcune delle opzioni pi\u00f9 popolari sul mercato europeo, garantendo di godere di eccezionale qualit\u00e0 e gusto ad ogni boccata.<\/p>\n<p><strong>2. Offrite sconti per acquisti di massa o opzioni all'ingrosso?<\/strong><br \/>\nAssolutamente! Il nostro modello di business \u00e8 progettato per fornire prezzi attraenti per gli acquisti di grandi quantit\u00e0. Che tu sia un rivenditore o un distributore, offriamo prezzi competitivi e condizioni favorevoli per ordini di grandi dimensioni, permettendoti di massimizzare i tuoi margini di profitto.<\/p>\n<p><strong>3. A quali paesi spedite?<\/strong><br \/>\nSpediamo nella maggior parte dei paesi dell'Unione Europea, tra cui Germania, Francia, Italia, Spagna e Paesi Bassi. Il nostro obiettivo \u00e8 rendere i nostri prodotti premium accessibili al maggior numero di clienti possibile in tutta Europa.<\/p>\n<p><strong>4. Quali metodi di pagamento accettate?<\/strong><br \/>\nCasinoVape accetta un'ampia gamma di metodi di pagamento per garantire un'esperienza di acquisto senza problemi. Puoi pagare utilizzando carte di credito, PayPal e criptovalute. Inoltre, i clienti di vari paesi europei possono completare le transazioni tramite bonifico bancario SEPA.<\/p>\n<p><strong>5. Quanto tempo ci vuole per la spedizione?<\/strong><br \/>\nI tempi di spedizione possono variare in base alla tua posizione e alla dimensione del tuo ordine. In generale, spediamo gli ordini dal nostro magazzino europeo entro 3-7 giorni, in modo che tu possa iniziare a goderti i prodotti senza ritardi inutili.<\/p>\n<p><strong>6. I vostri prodotti sono autentici?<\/strong><br \/>\nS\u00ec, tutti i prodotti venduti su CasinoVape sono 100% autentici. Forniamo le nostre e-cigarette usa e getta direttamente dai produttori o da rappresentanti autorizzati, garantendo la massima qualit\u00e0 per i nostri clienti.<\/p>\n<p><strong>7. Esiste una quantit\u00e0 minima d'ordine (MOQ)?<\/strong><br \/>\nNon esiste una quantit\u00e0 minima di ordine su CasinoVape! Puoi ordinare anche solo un pezzo, rendendo le nostre offerte attraenti sia per gli acquirenti individuali che per i clienti pi\u00f9 grandi.<\/p>\n<p><strong>8. Fornite il monitoraggio degli ordini?<\/strong><br \/>\nS\u00ec! Una volta che il tuo ordine \u00e8 stato spedito, riceverai un numero di tracciamento via email, che ti permetter\u00e0 di monitorare l'avanzamento della tua consegna in tempo reale.<\/p>\n<p><strong>9. Posso restituire o scambiare gli articoli?<\/strong><br \/>\nAccettiamo resi o scambi per prodotti che arrivano danneggiati o difettosi. Se incontri problemi, contatta il nostro team di servizio clienti entro 7 giorni dalla ricezione del tuo ordine per avviare il processo.<\/p>\n<p><strong>10. Offrite supporto ai clienti?<\/strong><br \/>\nNaturalmente! Il nostro team di servizio clienti \u00e8 qui per aiutarti con qualsiasi domanda riguardante i nostri prodotti, ordini o richieste generali. Puoi contattarci al <a rel=\"noopener\">info@casinovape.de<\/a> per assistenza rapida.<\/p>","protected":false},"excerpt":{"rendered":"<p>1. Quali marche di sigarette elettroniche usa e getta offrite? Su CasinoVape, presentiamo con orgoglio una selezione curata di sigarette elettroniche usa e getta premium, tra cui rinomate marche come Al Fakher, Fizzy, OBEELAB HHC e SMPO DL02. La nostra gamma comprende alcune delle opzioni pi\u00f9 popolari sul mercato europeo, garantendo di godere di eccezionale qualit\u00e0 e gusto ad ogni [...]","protected":false},"author":1,"featured_media":0,"parent":0,"menu_order":0,"comment_status":"closed","ping_status":"closed","template":"page-blank-title-center.php","meta":{"footnotes":""},"class_list":["post-1024","page","type-page","status-publish","hentry"],"jetpack_sharing_enabled":true,"_links":{"self":[{"href":"https:\/\/casinovape.de\/it\/wp-json\/wp\/v2\/pages\/1024","targetHints":{"allow":["GET"]}}],"collection":[{"href":"https:\/\/casinovape.de\/it\/wp-json\/wp\/v2\/pages"}],"about":[{"href":"https:\/\/casinovape.de\/it\/wp-json\/wp\/v2\/types\/page"}],"author":[{"embeddable":true,"href":"https:\/\/casinovape.de\/it\/wp-json\/wp\/v2\/users\/1"}],"replies":[{"embeddable":true,"href":"https:\/\/casinovape.de\/it\/wp-json\/wp\/v2\/comments?post=1024"}],"version-history":[{"count":0,"href":"https:\/\/casinovape.de\/it\/wp-json\/wp\/v2\/pages\/1024\/revisions"}],"wp:attachment":[{"href":"https:\/\/casinovape.de\/it\/wp-json\/wp\/v2\/media?parent=1024"}],"curies":[{"name":"wp","href":"https:\/\/api.w.org\/{rel}","templated":true}]}}