{"id":737,"date":"2024-10-15T02:29:09","date_gmt":"2024-10-15T02:29:09","guid":{"rendered":"https:\/\/casinovape.de\/?post_type=product&#038;p=737"},"modified":"2025-05-28T03:11:32","modified_gmt":"2025-05-28T03:11:32","slug":"europai-raktar-smpo-dl02-10000-puff-alacsony-nikotin-vasarlas-eredeti-autentikus-ujratoltheto-eldobhato-vapes-toll","status":"publish","type":"product","link":"https:\/\/casinovape.de\/hu\/termek\/europai-raktar-smpo-dl02-10000-puff-alacsony-nikotin-vasarlas-eredeti-autentikus-ujratoltheto-eldobhato-vapes-toll\/","title":{"rendered":"Eur\u00f3pai Rakt\u00e1r SMPO DL02 10000 Puff Low Nikotin V\u00e1s\u00e1roljon Eredeti Hiteles \u00dajrat\u00f6lthet\u0151 Eldobhat\u00f3 Vape Tollat"},"content":{"rendered":"<h2><img loading=\"lazy\" decoding=\"async\" class=\"alignnone wp-image-967 size-full\" src=\"https:\/\/casinovape.de\/wp-content\/uploads\/2024\/10\/DL02-product-profile_01.webp\" alt=\"Eur\u00f3pai Rakt\u00e1r SMPO DL02 10000 Puff Low Nikotin V\u00e1s\u00e1roljon Eredeti Hiteles \u00dajrat\u00f6lthet\u0151 Eldobhat\u00f3 Vape Tollat\" width=\"2133\" height=\"1200\" srcset=\"https:\/\/casinovape.de\/wp-content\/uploads\/2024\/10\/DL02-product-profile_01.webp 2133w, https:\/\/casinovape.de\/wp-content\/uploads\/2024\/10\/DL02-product-profile_01-300x169.webp 300w, https:\/\/casinovape.de\/wp-content\/uploads\/2024\/10\/DL02-product-profile_01-1024x576.webp 1024w, https:\/\/casinovape.de\/wp-content\/uploads\/2024\/10\/DL02-product-profile_01-768x432.webp 768w, https:\/\/casinovape.de\/wp-content\/uploads\/2024\/10\/DL02-product-profile_01-1536x864.webp 1536w, https:\/\/casinovape.de\/wp-content\/uploads\/2024\/10\/DL02-product-profile_01-2048x1152.webp 2048w, https:\/\/casinovape.de\/wp-content\/uploads\/2024\/10\/DL02-product-profile_01-600x338.webp 600w\" sizes=\"auto, (max-width: 2133px) 100vw, 2133px\" \/><\/h2>\n<h2><a href=\"https:\/\/casinovape.de\/hu\/\">Eur\u00f3pai Vape Rakt\u00e1r<\/a> SMPO DL02 10000 Puffs \u00dajrat\u00f6lthet\u0151 Eldobhat\u00f3 Vape Toll: Pr\u00e9mium Vape \u00c9lvezet N\u00e9metorsz\u00e1g Vape Rajong\u00f3inak<\/h2>\n<p>A Casinovape-n\u00e1l, N\u00e9metorsz\u00e1g legnagyobb eldobhat\u00f3 vape-eket forgalmaz\u00f3 online keresked\u0151j\u00e9n\u00e9l, \u00f6r\u00f6mmel mutatjuk be <strong>Eur\u00f3pai Rakt\u00e1r SMPO DL02 10000 Puff \u00dajrat\u00f6lthet\u0151 Eldobhat\u00f3 Vape Toll<\/strong>Ez a fejlett vape toll, amelyet a leg\u00fajabb technol\u00f3gi\u00e1val \u00e9s felhaszn\u00e1l\u00f3bar\u00e1t funkci\u00f3kkal terveztek, \u00edg\u00e9r egy p\u00e1ratlan vapiz\u00e1l\u00e1si \u00e9lm\u00e9nyt. Ak\u00e1r tapasztalt vapiz\u00f3 vagy, ak\u00e1r csak most kezded, az SMPO DL02 \u00fagy k\u00e9sz\u00fclt, hogy minden preferenci\u00e1nak megfeleljen, \u00e9s minden f\u00faj\u00e1sn\u00e1l el\u00e9gedetts\u00e9get ny\u00fajt.<\/p>\n<hr \/>\n<h3><a href=\"https:\/\/casinovape.de\/hu\/termekkategoria\/smpo-dl02-eldobhato-vapes\/\">SMPO DL02 <\/a>10 000 Puffs Term\u00e9k\u00e1ttekint\u00e9s<\/h3>\n<p>A <strong>SMPO DL02 Eldobhat\u00f3 Vape Toll<\/strong> egy innovat\u00edv, nagy teljes\u00edtm\u00e9ny\u0171 vape eszk\u00f6z, amely \u00f6tv\u00f6zi a k\u00e9nyelmet a tart\u00f3ss\u00e1ggal. Nagy teljes\u00edtm\u00e9ny\u0171, 750mAh \u00fajrat\u00f6lthet\u0151 akkumul\u00e1torral tervezve, biztos\u00edtja a folyamatos teljes\u00edtm\u00e9nyt az eg\u00e9sz 10 000 sz\u00edv\u00e1s \u00e9lettartama alatt. Ez az eszk\u00f6z \u00e1ramvonalas, ergon\u00f3mikus kialak\u00edt\u00e1ssal rendelkezik, amely k\u00e9nyelmesen illeszkedik a k\u00e9zbe, biztos\u00edtva egy intuit\u00edv \u00e9s \u00e9lvezetes vape-\u00e9lm\u00e9nyt. A 20W-os kimenet \u00e9s a fejlett mesh coil technol\u00f3gia garant\u00e1lja a sima, gazdag felh\u0151ket \u00e9s fokozza az \u00edzt minden sz\u00edv\u00e1sn\u00e1l. A szab\u00e1lyozhat\u00f3 l\u00e9g\u00e1raml\u00e1ssal a felhaszn\u00e1l\u00f3k szem\u00e9lyre szabhatj\u00e1k a g\u0151z\u00e9lm\u00e9nyt az \u00edzl\u00e9s\u00fck szerint, az enyhe \u00fct\u00e9sekt\u0151l a s\u0171r\u0171 felh\u0151kig.<\/p>\n<p>A Casinovape-n\u00e1l a min\u0151s\u00e9get, a megb\u00edzhat\u00f3s\u00e1got \u00e9s az \u00fcgyf\u00e9l-el\u00e9gedetts\u00e9get helyezz\u00fck el\u0151t\u00e9rbe. Minden term\u00e9k\u00fcnk eredeti, j\u00f3 h\u00edr\u0171 m\u00e1rk\u00e1kt\u00f3l sz\u00e1rmazik, \u00e9s eur\u00f3pai vape rakt\u00e1runkban t\u00e1roljuk, \u00edgy biztos\u00edtva a gyors sz\u00e1ll\u00edt\u00e1st az EU-ban 3-7 napon bel\u00fcl.<\/p>\n<hr \/>\n<h3>F\u0151bb jellemz\u0151k <a href=\"https:\/\/casinovape.de\/hu\/termekkategoria\/smpo-dl02-eldobhato-vapes\/\">SMPO DL02<\/a><\/h3>\n<ul>\n<li><strong>Kiterjesztett 10 000 sz\u00edv\u00e1s kapacit\u00e1s<\/strong>: Hosszantart\u00f3 g\u0151z\u00f6l\u00e9si \u00e9lm\u00e9nyben r\u00e9szes\u00fclhet an\u00e9lk\u00fcl, hogy gyakran kellene cser\u00e9lnie.<\/li>\n<li><strong>750mAh \u00dajrat\u00f6lthet\u0151 Akkumul\u00e1tor<\/strong>: A robusztus akkumul\u00e1tor kapacit\u00e1s lehet\u0151v\u00e9 teszi a folyamatos g\u0151z\u00f6l\u00e9si teljes\u00edtm\u00e9nyt, \u00fajrat\u00f6lthet\u0151 a k\u00e9nyelem \u00e9rdek\u00e9ben.<\/li>\n<li><strong>CRUX Sz\u00e1raz H\u0151v\u00e9delem Technol\u00f3gia<\/strong>Meg\u0151rzi az \u00edz integrit\u00e1s\u00e1t \u00e9s megel\u0151zi a t\u00falmeleged\u00e9st a tiszt\u00e1bb g\u0151z\u00f6l\u00e9si \u00e9lm\u00e9ny \u00e9rdek\u00e9ben.<\/li>\n<li><strong>0,6\u03a9 h\u00e1l\u00f3s tekercs<\/strong>: Gyors f\u0171t\u00e9s a sim\u00e1bb, intenz\u00edvebb \u00edzprofil \u00e9rdek\u00e9ben, \u00fagy tervezve, hogy minimaliz\u00e1lja az energiafogyaszt\u00e1st.<\/li>\n<li><strong>20ml e-folyad\u00e9k kapacit\u00e1s<\/strong>: B\u0151s\u00e9ges folyad\u00e9k t\u00e1rol\u00e1s a megszak\u00edt\u00e1s n\u00e9lk\u00fcli vape \u00e9lvezet\u00e9rt.<\/li>\n<li><strong>1% Nikotinszint<\/strong>: Kiegyens\u00falyozott, enyhe, m\u00e9gis kiel\u00e9g\u00edt\u0151 nikotin\u00e9lm\u00e9nyt ny\u00fajt azok sz\u00e1m\u00e1ra, akik m\u00e9rs\u00e9kelt \u00e9rz\u00e9st keresnek.<\/li>\n<li><strong>\u00c1ll\u00edthat\u00f3 l\u00e9g\u00e1raml\u00e1s szab\u00e1lyoz\u00e1s<\/strong>: \u00c1ll\u00edtsa be a g\u0151z kimenet\u00e9t az \u00d6n preferenci\u00e1ihoz, az enyhe f\u00faj\u00e1sokt\u00f3l a s\u0171r\u0171 felh\u0151kig.<\/li>\n<li><strong>Kompakt, Ergonomikus Kialak\u00edt\u00e1s<\/strong>K\u00f6nny\u0171 \u00e9s k\u00e9nyelmesen illeszkedik a k\u00e9zbe, ide\u00e1lis utaz\u00e1shoz \u00e9s napi haszn\u00e1lathoz.<\/li>\n<\/ul>\n<hr \/>\n<h3>Mi\u00e9rt V\u00e1lassza a <a href=\"https:\/\/casinovape.de\/hu\/termekkategoria\/smpo-dl02-eldobhato-vapes\/\">SMPO DL02<\/a> Eldobhat\u00f3 Vape Toll<\/h3>\n<p>Az SMPO DL02 nem csak egy vape; hanem egy gondosan megtervezett eszk\u00f6z, amelyet kiv\u00e9teles g\u0151z\u00f6l\u00e9si \u00e9lm\u00e9nyre terveztek. Mind a kezd\u0151k, mind a tapasztalt felhaszn\u00e1l\u00f3k sz\u00e1m\u00e1ra megfelel tart\u00f3s kialak\u00edt\u00e1s\u00e1val, magas f\u00faj\u00e1ssz\u00e1m\u00e1val \u00e9s megb\u00edzhat\u00f3 akkumul\u00e1tor-\u00e9lettartam\u00e1val. A Casinovape-n kereszt\u00fcl t\u00f6rt\u00e9n\u0151 v\u00e1s\u00e1rl\u00e1s eset\u00e9n biztos lehet abban, hogy eredeti, kiv\u00e1l\u00f3 min\u0151s\u00e9g\u0171 term\u00e9ket kap gyors sz\u00e1ll\u00edt\u00e1ssal \u00e9s minim\u00e1lis rendel\u00e9si mennyis\u00e9g n\u00e9lk\u00fcl. Elk\u00f6telezettek vagyunk az EU-piac kiszolg\u00e1l\u00e1sa mellett p\u00e1ratlan \u00fcgyf\u00e9lszolg\u00e1lattal \u00e9s pr\u00e9mium eldobhat\u00f3 vape m\u00e1rk\u00e1k sz\u00e9les sk\u00e1l\u00e1j\u00e1val.<\/p>\n<p>N\u00e9metorsz\u00e1g vapel\u00e9s\u00e9nek szerelmeseinek a Casinovape k\u00edn\u00e1lja az online el\u00e9rhet\u0151 leg\u00e1tfog\u00f3bb eldobhat\u00f3 vape term\u00e9ksk\u00e1l\u00e1t, bele\u00e9rtve az olyan vezet\u0151 m\u00e1rk\u00e1kat, mint az Al Fakher, Fizzy, OBEELAB HHC \u00e9s SMPO DL02.<\/p>\n<hr \/>\n<h3>\u00cdzvil\u00e1g: Mer\u00fclj\u00f6n el a Gazdag \u00cdzek Vil\u00e1g\u00e1ban<\/h3>\n<p>K\u00e9nyeztesse mag\u00e1t az SMPO DL02 sz\u00e9les \u00edzpalett\u00e1j\u00e1val, amelyek mindegyik\u00e9t \u00fagy alak\u00edtott\u00e1k ki, hogy \u00e9rz\u00e9keit magasabb szintre emelj\u00e9k, \u00e9s egyedi vape-\u00e9lm\u00e9nyt ny\u00fajtsanak. Az al\u00e1bbiakban egy \u00edzelemz\u00e9s tal\u00e1lhat\u00f3:<\/p>\n<ol>\n<li><strong>Mango Juice \n\n(Magyar\u00e1zatot nem adok, csak a ford\u00edt\u00e1st)\n \n Term\u00e9szetesen nem kell ford\u00edtani, de ha m\u00e9gis \n\n Mang\u00f3 l\u00e9<\/strong><br \/>\n\u00c9lje \u00e1t az \u00e9rett mang\u00f3 buja, tr\u00f3pusi esszenci\u00e1j\u00e1t minden sz\u00edv\u00e1ssal. Ez az \u00edz t\u00f6k\u00e9letes azok sz\u00e1m\u00e1ra, akik \u00e9des \u00e9s egzotikus vape-ot k\u00edv\u00e1nnak, \u00e9s eg\u00e9sz \u00e9vben ny\u00e1ri hangulatot id\u00e9znek el\u0151.<\/li>\n<li><strong>Mogyor\u00f3kr\u00e9m<\/strong><br \/>\nA gazdag, kr\u00e9mes \u00edzek szerelmeseinek ez a mogyor\u00f3vaj kever\u00e9k selymes, sima \u00e9lm\u00e9nyt ny\u00fajt, kiegyens\u00falyozva egy enyhe s\u00f3s \u00edzt egy di\u00f3s befejez\u00e9ssel. Meleg \u00e9s h\u00edvogat\u00f3 lehet\u0151s\u00e9g a mindennapi \u00e9lvezethez.<\/li>\n<li><strong>Eper J\u00e9gkr\u00e9m<\/strong><br \/>\nEz a desszert ihlette \u00edz elkapja a friss eper l\u00e9d\u00fas frissess\u00e9g\u00e9t, keverve a fagylalt kr\u00e9mes gazdags\u00e1g\u00e1val, \u00edgy egy igaz\u00e1n \u00f6r\u00f6met okoz\u00f3 \u00e9lvezet a cukorf\u00fcgg\u0151 g\u0151z\u00f6l\u0151k sz\u00e1m\u00e1ra.<\/li>\n<li><strong>Citromos Cukorka<\/strong><br \/>\nFriss\u00edt\u0151 \u00e9s fanyar, ez a citrom \u00edz\u0171 cukorka t\u00f6k\u00e9letes egyens\u00falyt ny\u00fajt a citrus h\u00e9ja \u00e9s az \u00e9dess\u00e9g k\u00f6z\u00f6tt, \u00e9l\u00e9nk, energiz\u00e1l\u00f3 vape \u00e9rzetet biztos\u00edtva.<\/li>\n<li><strong>Vegyes Bogy\u00f3k<\/strong><br \/>\nK\u00fcl\u00f6nb\u00f6z\u0151 bogy\u00f3k harmonikus kever\u00e9ke, \u00f6tv\u00f6zve az \u00e9des \u00e9s enyh\u00e9n savanyk\u00e1s jegyeket. Minden bel\u00e9gz\u00e9s bogy\u00f3s gy\u00fcm\u00f6lcs\u00f6kkel robbant, t\u00f6k\u00e9letes a gy\u00fcm\u00f6lcs szerelmeseinek.<\/li>\n<li><strong>Eper Kivi<\/strong><br \/>\n\u00c9des eper tal\u00e1lkozik a kivi egyedi pik\u00e1ns \u00edz\u00e9vel, egy kiegyens\u00falyozott, gy\u00fcm\u00f6lcs\u00f6s vape-\u00e9lm\u00e9ny\u00e9rt. Ez a p\u00e1ros\u00edt\u00e1s kiegyens\u00falyozott \u00e9dess\u00e9get \u00e9s savass\u00e1got k\u00edn\u00e1l a sima \u00e9lm\u00e9ny\u00e9rt.<\/li>\n<li><strong>\u00c1fonya Sz\u0151l\u0151<\/strong><br \/>\nEz a kever\u00e9k a sz\u0151l\u0151 m\u00e9ly, gy\u00fcm\u00f6lcs\u00f6s t\u00f3nusait egyes\u00edti a \u00e1fonya fanyar popj\u00e1val, l\u00e9trehozva egy friss\u00edt\u0151 \u00e9s b\u00e1tor vape \u00edzt.<\/li>\n<li><strong>V\u00edzimelon J\u00e9g<\/strong><br \/>\nH\u0171s \u00e9s friss, a Watermelon Ice ide\u00e1lis v\u00e1laszt\u00e1s a forr\u00f3 napokra vagy amikor egy k\u00f6nny\u0171, friss\u00edt\u0151 vape-ra v\u00e1gysz. L\u00e9d\u00fas g\u00f6r\u00f6gdinny\u00e9t p\u00e1ros\u00edt egy kis jeges h\u0171v\u00f6ss\u00e9ggel.<\/li>\n<li><strong>K\u00e9k\u00e1fonya J\u00e9g<\/strong><br \/>\n\u00c9rett \u00e1fony\u00e1k f\u00fazi\u00f3ja jeges alaphanggal, ez az \u00edz mind \u00e9dess\u00e9get, mind h\u0171t\u0151 hat\u00e1st ny\u00fajt, t\u00f6k\u00e9letes egy friss\u00edt\u0151 vape sz\u00fcnethez.<\/li>\n<li><strong>Van\u00edlia doh\u00e1ny<\/strong><br \/>\nA finom \u00edzl\u00e9s\u0171ek sz\u00e1m\u00e1ra ez a sima van\u00edlia \u00e9s gazdag doh\u00e1ny kombin\u00e1ci\u00f3ja kifinomult g\u0151z\u00f6l\u00e9si \u00e9lm\u00e9nyt ny\u00fajt, ide\u00e1lis azok sz\u00e1m\u00e1ra, akik \u00e9rt\u00e9kelik a klasszikus, eleg\u00e1ns \u00edzeket.<\/li>\n<\/ol>\n<hr \/>\n<h3>Rendelje Meg <a href=\"https:\/\/casinovape.de\/hu\/termekkategoria\/smpo-dl02-eldobhato-vapes\/\">SMPO DL02<\/a> 10000 Puffs Eldobhat\u00f3 Vape Ma <a href=\"https:\/\/casinovape.de\/hu\/\">Casinovape<\/a><\/h3>\n<p>A Casinovape-n\u00e1l b\u00fcszk\u00e9k vagyunk arra, hogy N\u00e9metorsz\u00e1gban a legjobb helyen tal\u00e1lhat\u00f3unk az eldobhat\u00f3 vape-ek sz\u00e1m\u00e1ra, a legjobb v\u00e1laszt\u00e9kkal, versenyk\u00e9pes \u00e1rakkal \u00e9s gyors EU-s sz\u00e1ll\u00edt\u00e1ssal. <strong>SMPO DL02 10000 Puffs \u00dajrat\u00f6lthet\u0151 <a href=\"https:\/\/casinovape.de\/hu\/\">Eldobhat\u00f3 Vape Toll<\/a><\/strong> azonnal megv\u00e1s\u00e1rolhat\u00f3 oldalunkon, minim\u00e1lis rendel\u00e9si mennyis\u00e9g n\u00e9lk\u00fcl. \u00d6leld fel a v\u00e9gs\u0151 vape-\u00e9lm\u00e9nyt a minden \u00edzl\u00e9shez ill\u0151 sz\u00e9les \u00edzv\u00e1laszt\u00e9kkal.<\/p>\n<p>Rendeljen m\u00e9g ma, \u00e9s tapasztalja meg a min\u0151s\u00e9get, a k\u00e9nyelmet \u00e9s a pr\u00e9mium \u00edzeket, amelyek miatt az SMPO DL02 a legn\u00e9pszer\u0171bb v\u00e1laszt\u00e1s az eur\u00f3pai vaperek k\u00f6r\u00e9ben.<\/p>","protected":false},"excerpt":{"rendered":"<div class=\"flex-shrink-0 flex flex-col relative items-end\">\n<div class=\"pt-0\">\n<div class=\"gizmo-shadow-stroke flex h-8 w-8 items-center justify-center overflow-hidden rounded-full\">\n<div class=\"h-full w-full\">\n<div class=\"gizmo-shadow-stroke overflow-hidden rounded-full\">Fedezze fel a <strong>SMPO DL02 10000 Puffs<\/strong> \u00dajrat\u00f6lthet\u0151 Eldobhat\u00f3 Vape Toll a Casinovape-n\u00e1l \u2013 N\u00e9metorsz\u00e1g legjobb online keresked\u0151je az autentikus vape term\u00e9keknek. \u00c9lvezze a gyors EU sz\u00e1ll\u00edt\u00e1st, nincs minim\u00e1lis rendel\u00e9si mennyis\u00e9g, \u00e9s pr\u00e9mium \u00edzek sz\u00e9les v\u00e1laszt\u00e9ka. Rendeljen most!<\/div>\n<\/div>\n<\/div>\n<\/div>\n<\/div>","protected":false},"featured_media":3377,"comment_status":"open","ping_status":"closed","template":"","meta":[],"product_brand":[],"product_cat":[20,78,81,84,86,87,88,89,90,92,98,99,65,66,67,68,69,70,71,72,73,74,75,76,77,57,59,45,48,52,54],"product_tag":[],"class_list":{"0":"post-737","1":"product","2":"type-product","3":"status-publish","4":"has-post-thumbnail","6":"product_cat-smpo-dl02-disposable-vapes","7":"product_cat-buy-best-disposable-vape-flavors","8":"product_cat-blueberry-flavor-disposable-vapes","9":"product_cat-grape-flavor-disposable-vapes","10":"product_cat-ice-flavor-disposable-vapes","11":"product_cat-kiwi-flavor-disposable-vapes","12":"product_cat-lemon-flavor-disposable-vapes","13":"product_cat-lush-flavor-disposable-vapes","14":"product_cat-mango-flavor-disposable-vapes","15":"product_cat-mixed-berries-flavor-disposable-vapes","16":"product_cat-strawberry-flavor-disposable-vapes","17":"product_cat-watermelon-flavor-disposable-vapes","18":"product_cat-best-disposable-vape-in-europe","19":"product_cat-buy-disposable-vapes-in-austria","20":"product_cat-buy-disposable-vapes-in-belgium","21":"product_cat-buy-disposable-vapes-in-france","22":"product_cat-buy-disposable-vapes-in-germany","23":"product_cat-buy-disposable-vapes-in-italy","24":"product_cat-buy-disposable-vapes-in-netherlands","25":"product_cat-buy-disposable-vapes-in-norway","26":"product_cat-buy-disposable-vapes-in-poland","27":"product_cat-buy-disposable-vapes-in-portugal","28":"product_cat-buy-disposable-vapes-in-spain","29":"product_cat-buy-disposable-vapes-in-sweden","30":"product_cat-buy-disposable-vapes-in-switzerland","31":"product_cat-shop-disposable-vapes-by-puffs","32":"product_cat-10000-puff-disposable-vape","33":"product_cat-disposable-vape-types","34":"product_cat-big-puffs-disposable-vapes","35":"product_cat-lower-nicotine-disposable-vapes","36":"product_cat-rechargeable-disposable-vapes","38":"first","39":"outofstock","40":"shipping-taxable","41":"product-type-variable"},"jetpack_sharing_enabled":true,"_links":{"self":[{"href":"https:\/\/casinovape.de\/hu\/wp-json\/wp\/v2\/product\/737","targetHints":{"allow":["GET"]}}],"collection":[{"href":"https:\/\/casinovape.de\/hu\/wp-json\/wp\/v2\/product"}],"about":[{"href":"https:\/\/casinovape.de\/hu\/wp-json\/wp\/v2\/types\/product"}],"replies":[{"embeddable":true,"href":"https:\/\/casinovape.de\/hu\/wp-json\/wp\/v2\/comments?post=737"}],"wp:featuredmedia":[{"embeddable":true,"href":"https:\/\/casinovape.de\/hu\/wp-json\/wp\/v2\/media\/3377"}],"wp:attachment":[{"href":"https:\/\/casinovape.de\/hu\/wp-json\/wp\/v2\/media?parent=737"}],"wp:term":[{"taxonomy":"product_brand","embeddable":true,"href":"https:\/\/casinovape.de\/hu\/wp-json\/wp\/v2\/product_brand?post=737"},{"taxonomy":"product_cat","embeddable":true,"href":"https:\/\/casinovape.de\/hu\/wp-json\/wp\/v2\/product_cat?post=737"},{"taxonomy":"product_tag","embeddable":true,"href":"https:\/\/casinovape.de\/hu\/wp-json\/wp\/v2\/product_tag?post=737"}],"curies":[{"name":"wp","href":"https:\/\/api.w.org\/{rel}","templated":true}]}}