{"id":596,"date":"2024-09-29T08:16:42","date_gmt":"2024-09-29T08:16:42","guid":{"rendered":"https:\/\/casinovape.de\/?post_type=product&#038;p=596"},"modified":"2026-03-06T14:53:05","modified_gmt":"2026-03-06T14:53:05","slug":"europai-raktar-al-fakher-koronarud-8000-puffs-pro-dual-mode-0-5-alacsony-nikotin-vasarlas-eredeti-autentikus-ujratoltheto-eldobhato-vapes-toll","status":"publish","type":"product","link":"https:\/\/casinovape.de\/hu\/termek\/europai-raktar-al-fakher-koronarud-8000-puffs-pro-dual-mode-0-5-alacsony-nikotin-vasarlas-eredeti-autentikus-ujratoltheto-eldobhato-vapes-toll\/","title":{"rendered":"Eur\u00f3pai Rakt\u00e1r Al Fakher Crown Bar 8000 Puffs Pro Kett\u0151s M\u00f3d 0,5\u03a9 % Alacsony Nikotin V\u00e1s\u00e1roljon Eredeti Hiteles \u00dajrat\u00f6lthet\u0151 Eldobhat\u00f3 Vape Tollat"},"content":{"rendered":"<h2><a href=\"https:\/\/casinovape.de\/hu\/\">Eur\u00f3pai Vape Rakt\u00e1r<\/a> Al Fakher Crown Bar 8000 Puffs Pro Dual Mode 0.5% Alacsony Nikotin \u2013 Eredeti \u00dajrat\u00f6lthet\u0151 <a href=\"https:\/\/casinovape.de\/hu\/\">Eldobhat\u00f3 Vape Toll<\/a><\/h2>\n<p><strong>\u00c9lje \u00e1t a v\u00e9gs\u0151 vape-\u00e9lm\u00e9nyt <a href=\"https:\/\/casinovape.de\/hu\/termekkategoria\/al-fakher-eldobhato-vapes\/\">Al Fakher<\/a> Crown Bar Big Cloud 8000 PRO<\/strong><\/p>\n<p>A <strong>Al Fakher Crown Bar Big Cloud 8000 PRO<\/strong> nem csak egy vape - hanem egy pr\u00e9mium \u00e9lm\u00e9ny, amelyet azok sz\u00e1m\u00e1ra terveztek, akik \u00e9rt\u00e9kelik a kiv\u00e1l\u00f3 \u00edzt, az er\u0151teljes f\u00fcst\u00f6t \u00e9s a k\u00f6nny\u0171 haszn\u00e1latot. A legmodernebb kett\u0151s \u00fczemm\u00f3d\u00fa technol\u00f3gi\u00e1val tervezett vape toll minden ig\u00e9nyt kiel\u00e9g\u00edt, legyen sz\u00f3 arr\u00f3l, hogy \u00d6n el\u0151nyben r\u00e9szes\u00edti-e a <strong>Mouth-to-Lung (MTL)<\/strong> vagy <strong>Direct-to-Lung (DTL) \nnem ford\u00edtand\u00f3, megtartand\u00f3: Direct-to-Lung (DTL)<\/strong> g\u0151z\u00f6l\u00e9si st\u00edlus. T\u00f6k\u00e9letes mind a kezd\u0151, mind a tapasztalt g\u0151z\u00f6l\u0151k sz\u00e1m\u00e1ra, ez a \u00fajrat\u00f6lthet\u0151 eldobhat\u00f3 vape ak\u00e1r <strong>8000 sz\u00edv\u00e1s<\/strong> P\u00e1ratlan k\u00f6vetkezetess\u00e9ggel, biztos\u00edtva a hossz\u00fa t\u00e1v\u00fa \u00e9lvezetet.<\/p>\n<p>A Casinovape-n\u00e1l <strong>N\u00e9metorsz\u00e1g vezet\u0151 online keresked\u0151je az eldobhat\u00f3 g\u0151z\u00f6l\u0151kh\u00f6z<\/strong>Ezzel az autentikus Al Fakher vape-ot egyedi darabokban biztos\u00edtjuk, \u00edgy pontosan azt v\u00e1s\u00e1rolhatja meg, amire sz\u00fcks\u00e9ge van, minim\u00e1lis v\u00e1s\u00e1rl\u00e1si k\u00f6telezetts\u00e9g n\u00e9lk\u00fcl. Fedezze fel a kiv\u00e1l\u00f3 min\u0151s\u00e9g\u0171 e-folyad\u00e9kok gazdag \u00edz\u00e9t, amelyeket eur\u00f3pai rakt\u00e1runkb\u00f3l sz\u00e1ll\u00edtunk, gyors sz\u00e1ll\u00edt\u00e1ssal 3-7 napon bel\u00fcl az EU-ban. Ne kompromisszumozzon - tapasztalja meg az Al Fakher Crown Bar Big Cloud 8000 PRO sima, \u00edzletes felh\u0151it.<\/p>\n<p><img loading=\"lazy\" decoding=\"async\" class=\"alignnone wp-image-3676 size-full\" src=\"https:\/\/casinovape.de\/wp-content\/uploads\/2024\/09\/\u7b2c1\u9875-1-scaled.webp\" alt=\"Eur\u00f3pai Rakt\u00e1r Al Fakher Crown Bar 8000 Puffs Pro Kett\u0151s M\u00f3d 0,5\u03a9 % Alacsony Nikotin V\u00e1s\u00e1roljon Eredeti Hiteles \u00dajrat\u00f6lthet\u0151 Eldobhat\u00f3 Vape Tollat\" width=\"2006\" height=\"2560\" srcset=\"https:\/\/casinovape.de\/wp-content\/uploads\/2024\/09\/\u7b2c1\u9875-1-scaled.webp 2006w, https:\/\/casinovape.de\/wp-content\/uploads\/2024\/09\/\u7b2c1\u9875-1-235x300.webp 235w, https:\/\/casinovape.de\/wp-content\/uploads\/2024\/09\/\u7b2c1\u9875-1-802x1024.webp 802w, https:\/\/casinovape.de\/wp-content\/uploads\/2024\/09\/\u7b2c1\u9875-1-768x980.webp 768w, https:\/\/casinovape.de\/wp-content\/uploads\/2024\/09\/\u7b2c1\u9875-1-1203x1536.webp 1203w, https:\/\/casinovape.de\/wp-content\/uploads\/2024\/09\/\u7b2c1\u9875-1-1605x2048.webp 1605w, https:\/\/casinovape.de\/wp-content\/uploads\/2024\/09\/\u7b2c1\u9875-1-9x12.webp 9w, https:\/\/casinovape.de\/wp-content\/uploads\/2024\/09\/\u7b2c1\u9875-1-600x766.webp 600w\" sizes=\"auto, (max-width: 2006px) 100vw, 2006px\" \/><\/p>\n<hr \/>\n<h2><strong><a href=\"https:\/\/casinovape.de\/hu\/termekkategoria\/al-fakher-eldobhato-vapes\/\">Al Fakher<\/a> Crown Bar Big Cloud 8000 PRO <\/strong>F\u0151bb jellemz\u0151k<\/h2>\n<ul>\n<li><strong>Kiterjesztett Puff Kapacit\u00e1s<\/strong>: \u00c9lvezze ak\u00e1r <strong>8000 sz\u00edv\u00e1s<\/strong> Eszk\u00f6z\u00f6nk\u00e9nt, \u00edgy az egyik leghosszabb ideig tart\u00f3 eldobhat\u00f3 vape k\u00e9sz\u00fcl\u00e9k.<\/li>\n<li><strong>Nagy E-Liquid Kapacit\u00e1s<\/strong>Minden k\u00e9sz\u00fcl\u00e9k el\u0151re felt\u00f6lt\u00f6tt <strong>18 ml e-folyad\u00e9k<\/strong> 0,5% nikotins\u00f3t tartalmaz, sima, kiel\u00e9g\u00edt\u0151 \u00e9lm\u00e9nyt ny\u00fajtva.<\/li>\n<li><strong>Er\u0151s 800 mAh \u00fajrat\u00f6lthet\u0151 akkumul\u00e1tor<\/strong>:Felszerelve egy <strong>Type-C port<\/strong> A gyors \u00e9s k\u00e9nyelmes t\u00f6lt\u00e9s \u00e9rdek\u00e9ben, hogy k\u00e9sz\u00fcl\u00e9k\u00e9t mindig felt\u00f6ltve \u00e9s haszn\u00e1latra k\u00e9szen tartsa.<\/li>\n<li><strong>LED kijelz\u0151 k\u00e9perny\u0151<\/strong>: Val\u00f3s idej\u0171 friss\u00edt\u00e9sekkel t\u00e1j\u00e9koz\u00f3djon az e-folyad\u00e9k szintj\u00e9r\u0151l \u00e9s az akkumul\u00e1tor \u00e9lettartam\u00e1r\u00f3l.<\/li>\n<li><strong>Kett\u0151s P\u00e1r\u00e1s\u00edt\u00e1si M\u00f3d<\/strong>: V\u00e1lasszon az MTL k\u00f6z\u00f6tt a szorosabb sz\u00edv\u00e1s\u00e9rt, vagy a DTL a teltebb, t\u00fcd\u0151re \u00f6sszpontos\u00edtott sz\u00edv\u00e1s\u00e9rt.<\/li>\n<li><strong>Shisha-szer\u0171 \u00e9lm\u00e9ny<\/strong>: \u00c9lje \u00e1t az autentikus shisha \u00e9rz\u00e9st minden sz\u00edv\u00e1ssal, k\u00f6sz\u00f6nhet\u0151en az Al Fakher jellegzetes \u00edzeinek \u00e9s min\u0151s\u00e9g\u00e9nek.<\/li>\n<\/ul>\n<hr \/>\n<h2><strong><a href=\"https:\/\/casinovape.de\/hu\/termekkategoria\/al-fakher-eldobhato-vapes\/\">Al Fakher<\/a> Crown Bar Big Cloud 8000 PRO <\/strong>Fedezze fel az \u00cdzgy\u0171jtem\u00e9nyt<\/h2>\n<p>A gondosan v\u00e1logatott \u00edzekkel rendelkez\u0151 Al Fakher Crown Bar Big Cloud 8000 PRO \u00fagy van kialak\u00edtva, hogy olyan \u00edz\u00e9lm\u00e9nyt ny\u00fajtson, amely miatt \u00fajra \u00e9s \u00fajra visszat\u00e9r. Minden \u00edzt gondosan k\u00e9sz\u00edtettek el, hogy megragadja a shisha l\u00e9nyeg\u00e9t g\u0151z form\u00e1j\u00e1ban, biztos\u00edtva, hogy minden sz\u00edv\u00e1s \u00e9ppoly kiel\u00e9g\u00edt\u0151 legyen, mint az utols\u00f3.<\/p>\n<ol>\n<li><strong>\u0150szibar\u00e1t J\u00e9g<\/strong>: Mer\u00fclj\u00f6n el egy l\u00e9d\u00fas \u0151szibar\u00e1t robbant\u00e1sban, melyet egy friss\u00edt\u0151 j\u00e9ghideg befejez\u00e9s egyens\u00falyoz ki, id\u00e9zve egy meleg ny\u00e1ri nap \u00e9rz\u00e9s\u00e9t.<\/li>\n<li><strong>Cseresznye Fiesta<\/strong>: \u00d6r\u00fclj\u00f6n az \u00e9rett, \u00e9des csereszny\u00e9knek, amelyek minden bel\u00e9gz\u00e9ssel \u00fcnnepi \u00e9lm\u00e9nyt k\u00edn\u00e1lnak.<\/li>\n<li><strong>Mango j\u00e9g<\/strong>: Minden f\u00faj\u00e1sban tr\u00f3pusi menek\u00fcl\u00e9s, \u00e9rett mang\u00f3 keverve h\u0171s\u00edt\u0151 kil\u00e9gz\u00e9ssel a t\u00f6k\u00e9letes ny\u00e1ri hangulat\u00e9rt.<\/li>\n<li><strong>Mango Anan\u00e1sz<\/strong>: \u00c9l\u00e9nk kever\u00e9ke az \u00e9des mang\u00f3nak \u00e9s a tr\u00f3pusi anan\u00e1sznak, amely a tengerparti paradicsomba rep\u00edt el.<\/li>\n<li><strong>Tiszt\u00e1n \u00e1lmodni<\/strong>: Egy \u00e1lomszer\u0171 friss gy\u00fcm\u00f6lcs \u00edzek f\u00fazi\u00f3ja, amely var\u00e1zslatot ad a g\u0151z\u00f6l\u00e9si rutinj\u00e1hoz.<\/li>\n<li><strong>Hubba<\/strong>: \u00c9des r\u00e1g\u00f3gumi, h\u0171s csavarral - v\u00e1ratlan kever\u00e9k, amely \u00e9ppoly kellemes, mint amilyen friss\u00edt\u0151.<\/li>\n<li><strong>K\u00e9t alma<\/strong>A klasszikus shisha \u00edz\u0171 v\u00f6r\u00f6s \u00e9s z\u00f6ld alma, szak\u00e9rt\u0151en egyens\u00falyozva az \u00e9des \u00e9s a savany\u00fa k\u00f6z\u00f6tt.<\/li>\n<li><strong>Lush J\u00e9g<\/strong>: L\u00e9d\u00fas g\u00f6r\u00f6gdinnye tal\u00e1lkozik egy h\u0171s\u00edt\u0151 befejez\u00e9ssel, l\u00e9trehozva egy friss\u00edt\u0151, h\u0171t\u0151 \u00e9rzetet.<\/li>\n<li><strong>Eper \u00dcd\u00edt\u0151<\/strong>: Egy fanyar \u00e9s \u00e9des eperkever\u00e9k, amely felfriss\u00edti az \u00edzlel\u0151bimb\u00f3kat.<\/li>\n<li><strong>Sz\u0151l\u0151 Menta<\/strong>L\u00e9d\u00fas sz\u0151l\u0151, ment\u00e1s befejez\u00e9ssel p\u00e1ros\u00edtva, \u00e9des \u00e9s h\u0171s \u00edzprofilt k\u00edn\u00e1lva.<\/li>\n<li><strong>M\u00e1gikus Szerelem<\/strong>: Egy egyed\u00fcl\u00e1ll\u00f3, gy\u00fcm\u00f6lcs\u00f6s kre\u00e1ci\u00f3, amely minden egyes f\u00faj\u00e1sn\u00e1l elvar\u00e1zsolja \u00e9rz\u00e9keit.<\/li>\n<li><strong>Citromf\u0171<\/strong>: Az \u00e9l\u00e9nk citrom tal\u00e1lkozik a h\u0171s ment\u00e1val, egy friss\u00edt\u0151 eg\u00e9sz napos vape-hoz.<\/li>\n<li><strong>Bogy\u00f3 J\u00e9g<\/strong>: Vegyes bogy\u00f3s gy\u00fcm\u00f6lcs\u00f6k kever\u00e9ke, ropog\u00f3s, jeges lehal\u00e1ssal, t\u00f6k\u00e9letes a bogy\u00f3s gy\u00fcm\u00f6lcs\u00f6k szerelmeseinek.<\/li>\n<li><strong>K\u00e9k Razz Citroml\u00e9<\/strong>: A fanyar k\u00e9k m\u00e1ln\u00e1s \u00e9s citromos \u00edzek nosztalgikus, ny\u00e1ri hangulatot id\u00e9znek el\u0151.<\/li>\n<li><strong>K\u00e9k \u00d3ce\u00e1n<\/strong>: Szell\u0151s, enyh\u00e9n s\u00f3s profil, amely egy napot juttat esz\u00e9be a tengerparton.<\/li>\n<li><strong>Fekete Ribizli J\u00e9g<\/strong>Gazdag feketeribizli tal\u00e1lkozik egy h\u0171v\u00f6s befejez\u00e9ssel, kifinomult \u00edzt k\u00edn\u00e1lva.<\/li>\n<li><strong>Citrom Lime<\/strong>: \u00c9l\u00e9nk, citrusos citrom \u00e9s lime \u00f6tv\u00f6z\u0151dik \u00f6ssze egy friss\u00edt\u0151 kever\u00e9kben.<\/li>\n<li><strong>\u00c1fonya R\u00e1g\u00f3gumi<\/strong>Egy nosztalgikus \u00e1fony\u00e1s r\u00e1g\u00f3gumi \u00edz, ami egyszerre gy\u00fcm\u00f6lcs\u00f6s \u00e9s sz\u00f3rakoztat\u00f3.<\/li>\n<li><strong>Gum Mentol<\/strong>A cukorka vonz\u00f3 \u00e9dess\u00e9ge, melyhez mentolos \u00e9l p\u00e1rosul, rendk\u00edv\u00fcli \u00e9lm\u00e9ny\u00e9rt.<\/li>\n<\/ol>\n<p>&nbsp;<\/p>\n<h2 class=\"markdown prose w-full break-words dark:prose-invert light\"><span style=\"font-size: 25.92px;\"><a href=\"https:\/\/casinovape.de\/hu\/termekkategoria\/al-fakher-einweg-e-zigarette\/\"><img loading=\"lazy\" decoding=\"async\" class=\"alignright wp-image-631\" src=\"https:\/\/casinovape.de\/wp-content\/uploads\/2024\/09\/Al-Fakher-Crown-Bar-PRO-8K-Al-Fakher-262869555-2.webp\" alt=\"Eur\u00f3pai Rakt\u00e1r Al Fakher Crown Bar Big Cloud 8000 PRO Puffs 0.5% Alacsony Nikotin V\u00e1s\u00e1roljon Eredeti Hiteles \u00dajrat\u00f6lthet\u0151 Eldobhat\u00f3 Vape Tollat\" width=\"2000\" height=\"2000\" srcset=\"https:\/\/casinovape.de\/wp-content\/uploads\/2024\/09\/Al-Fakher-Crown-Bar-PRO-8K-Al-Fakher-262869555-2.webp 2000w, https:\/\/casinovape.de\/wp-content\/uploads\/2024\/09\/Al-Fakher-Crown-Bar-PRO-8K-Al-Fakher-262869555-2-300x300.webp 300w, https:\/\/casinovape.de\/wp-content\/uploads\/2024\/09\/Al-Fakher-Crown-Bar-PRO-8K-Al-Fakher-262869555-2-1024x1024.webp 1024w, https:\/\/casinovape.de\/wp-content\/uploads\/2024\/09\/Al-Fakher-Crown-Bar-PRO-8K-Al-Fakher-262869555-2-150x150.webp 150w, https:\/\/casinovape.de\/wp-content\/uploads\/2024\/09\/Al-Fakher-Crown-Bar-PRO-8K-Al-Fakher-262869555-2-768x768.webp 768w, https:\/\/casinovape.de\/wp-content\/uploads\/2024\/09\/Al-Fakher-Crown-Bar-PRO-8K-Al-Fakher-262869555-2-1536x1536.webp 1536w, https:\/\/casinovape.de\/wp-content\/uploads\/2024\/09\/Al-Fakher-Crown-Bar-PRO-8K-Al-Fakher-262869555-2-600x600.webp 600w, https:\/\/casinovape.de\/wp-content\/uploads\/2024\/09\/Al-Fakher-Crown-Bar-PRO-8K-Al-Fakher-262869555-2-100x100.webp 100w\" sizes=\"auto, (max-width: 2000px) 100vw, 2000px\" \/><\/a><\/span><\/h2>\n<p>&nbsp;<\/p>\n<div class=\"md:pt-0 dark:border-white\/20 md:border-transparent md:dark:border-transparent w-full\">\n<div class=\"\">\n<div class=\"text-base px-3 md:px-4 m-auto w-full md:px-5 lg:px-4 xl:px-5\">\n<div class=\"mx-auto flex flex-1 gap-4 text-base md:gap-5 lg:gap-6 md:max-w-3xl lg:max-w-[40rem] xl:max-w-[48rem]\">\n<form class=\"w-full\" aria-haspopup=\"dialog\" aria-expanded=\"false\" aria-controls=\"radix-:rnl:\" data-state=\"closed\" action=\"\">\n<div class=\"relative flex h-full max-w-full flex-1 flex-col\">\n<div class=\"group relative flex w-full items-center\">\n<div class=\"flex w-full flex-col gap-1.5 rounded-[26px] p-1.5 transition-colors bg-[#f4f4f4] dark:bg-token-main-surface-secondary\">\n<div class=\"flex items-end gap-1.5 pl-4 md:gap-2\">\n<div class=\"flex min-w-0 flex-1 flex-col\">\n<div class=\"_prosemirror-parent_15ceg_1 text-token-text-primary max-h-[25dvh] max-h-52 overflow-auto default-browser\"><\/div>\n<\/div>\n<div class=\"min-w-8\"><\/div>\n<\/div>\n<\/div>\n<\/div>\n<\/div>\n<input type=\"hidden\" name=\"trp-form-language\" value=\"hu\"\/><\/form>\n<\/div>\n<\/div>\n<div class=\"relative w-full px-2 py-2 text-center text-xs text-token-text-secondary empty:hidden md:px-[60px]\">\n<div>\n<h2>Mi\u00e9rt v\u00e1lasszon <a href=\"https:\/\/casinovape.de\/hu\/termekkategoria\/al-fakher-eldobhato-vapes\/\">Al Fakher<\/a> Crown Bar Big Cloud 8000 PRO<\/h2>\n<p>A megfelel\u0151 vape kiv\u00e1laszt\u00e1sa rendk\u00edv\u00fcliv\u00e9 teheti a g\u0151z\u00f6l\u00e9si \u00e9lm\u00e9nyt az \u00e1tlagoshoz k\u00e9pest. A <strong>Al Fakher Crown Bar Big Cloud 8000 PRO<\/strong> Sz\u00e1mos funkci\u00f3t \u00e9s \u00edzt k\u00edn\u00e1l, amelyet \u00fagy terveztek, hogy megfeleljen m\u00e9g a legig\u00e9nyesebb vapereknek is. A k\u00e9t \u00fczemm\u00f3d\u00fa opci\u00f3 k\u00e9nyelm\u00e9vel ez a vape alkalmazkodik, legyen sz\u00f3 ak\u00e1r egy gyors sz\u00edv\u00e1sr\u00f3l, ak\u00e1r egy m\u00e9lyebb, testesebb \u00fct\u00e9sr\u0151l. Nemcsak tov\u00e1bb tart, mint a legt\u00f6bb eldobhat\u00f3 vape, hanem \u00fajrat\u00f6lthet\u0151 is, biztos\u00edtva, hogy minden egys\u00e9gb\u0151l a lehet\u0151 legnagyobb \u00e9lettartamot \u00e9rje el.<\/p>\n<p>Az Al Fakher h\u00edrneve a shisha vil\u00e1g\u00e1ban z\u00f6kken\u0151mentesen \u00e1t\u00fcltethet\u0151 a vape piacra, biztos\u00edtva \u00d6nnek azokat az autentikus \u00edzeket, amelyek igaz\u00e1n shisha-\u00e9lm\u00e9ny \u00e9rz\u00e9st keltenek.  Amikor a Casinovape-t\u0151l v\u00e1s\u00e1rol, nem csak egy kiv\u00e1l\u00f3 min\u0151s\u00e9g\u0171 vape-ot kap, hanem azt a biztos\u00edt\u00e9kot is, <strong>Gyors, eur\u00f3pai sz\u00e1ll\u00edt\u00e1s<\/strong> \u00e9s <strong>\u00fcgyf\u00e9lk\u00f6zpont\u00fa szolg\u00e1ltat\u00e1s<\/strong>Emelje magasabb szintre az e-cigarett\u00e1z\u00e1s \u00e9lm\u00e9ny\u00e9t egy olyan term\u00e9kkel, amely \u00f6tv\u00f6zi az \u00edzt, a technol\u00f3gi\u00e1t \u00e9s a k\u00e9nyelmet egyetlen eleg\u00e1ns k\u00e9sz\u00fcl\u00e9kben.<\/p>\n<hr \/>\n<h2>K\u00e9nyelem \u00e9s \u00dcgyf\u00e9lk\u00f6zpont\u00fas\u00e1g<\/h2>\n<p>At<a href=\"https:\/\/casinovape.de\/hu\/\"> <strong>Casinovape<\/strong><\/a>\u00dagy gondoljuk, hogy az \u00d6n vaporiz\u00e1l\u00f3 k\u00e9sz\u00fcl\u00e9k\u00e9nek megv\u00e1s\u00e1rl\u00e1sa ugyanolyan z\u00f6kken\u0151mentes legyen, mint a haszn\u00e1lata. Ez\u00e9rt egyedi \u00e9rt\u00e9kes\u00edt\u00e9st k\u00edn\u00e1lunk, minim\u00e1lis mennyis\u00e9gi k\u00f6vetelm\u00e9ny n\u00e9lk\u00fcl, k\u00f6zvetlen\u00fcl az eur\u00f3pai piacra sz\u00e1ll\u00edtva <strong>dedik\u00e1lt EU rakt\u00e1r<\/strong>A teljes kontinensen t\u00f6rt\u00e9n\u0151 sz\u00e1ll\u00edt\u00e1s 3-7 napon bel\u00fcl t\u00f6rt\u00e9nik, \u00edgy nem kell sok\u00e1ig v\u00e1rnia, hogy \u00e9lvezhesse Al Fakher Crown Bar Big Cloud 8000 PRO k\u00e9sz\u00fcl\u00e9k\u00e9t.<\/p>\n<p>Ak\u00e1r alkalmi vaporer, ak\u00e1r lelkes rajong\u00f3, sz\u00e9les \u00edzv\u00e1laszt\u00e9kunk, fejlett term\u00e9kjellemz\u0151ink \u00e9s a min\u0151s\u00e9g ir\u00e1nti elk\u00f6telezetts\u00e9g\u00fcnk teszik a Casinovape-ot a v\u00e9gs\u0151 c\u00e9lpontt\u00e1 az eldobhat\u00f3 vaperek sz\u00e1m\u00e1ra.<\/p>\n<hr \/>\n<h3>Rendelje Meg Al Fakher Crown Bar Big Cloud 8000 PRO Term\u00e9k\u00e9t M\u00e9g Ma!<\/h3>\n<p>Fedezze fel az eldobhat\u00f3 vaping legjobb lehet\u0151s\u00e9geit <strong>Al Fakher Crown Bar Big Cloud 8000 PRO<\/strong>A Casinovape-n\u00e9l elhozzuk \u00d6nnek az autentikus Al Fakher \u00e9lm\u00e9nyt, gyors sz\u00e1ll\u00edt\u00e1st \u00e9s egy \u00e1tfog\u00f3 \u00edzpalett\u00e1t, amely \u00fajra\u00e9rtelmezi az eldobhat\u00f3 g\u0151z\u00f6l\u00e9st. L\u00e1togasson el weboldalunkra, hogy megrendelje a saj\u00e1tj\u00e1t m\u00e9g ma \u00e9s minden p\u00f6f\u00f6g\u00e9st val\u00f3di \u00f6r\u00f6m pillanat\u00e1v\u00e1 tegyen.<\/p>\n<p>\u00c9lvezze a vape utaz\u00e1st a min\u0151s\u00e9ggel, a k\u00e9nyelemmel \u00e9s az \u00edzzel, egyenesen az ajtaja el\u0151tt sz\u00e1ll\u00edtva <strong><a href=\"https:\/\/casinovape.de\/hu\/\">Casinovape<\/a> \u2013 Eur\u00f3pa megb\u00edzhat\u00f3 vape keresked\u0151je<\/strong>.<\/p>\n<\/div>\n<\/div>\n<\/div>\n<\/div>","protected":false},"excerpt":{"rendered":"<p>Fedezze fel a<strong> Al Fakher Crown Bar Big Cloud 8000 PRO<\/strong> Eldobhat\u00f3 Vape a Casinovape-t\u00f3l - Eur\u00f3pa legjobb kiskeresked\u0151je az autentikus, hossz\u00fa \u00e9lettartam\u00fa vape tollaknak. \u00c9lvezze a gyors EU-s sz\u00e1ll\u00edt\u00e1st \u00e9s a pr\u00e9mium \u00edzek v\u00e1ltozatoss\u00e1g\u00e1t minden f\u00faj\u00e1sban!<\/p>","protected":false},"featured_media":1199,"comment_status":"open","ping_status":"closed","template":"","meta":[],"product_brand":[],"product_cat":[16,78,79,80,81,82,84,86,88,89,90,91,92,94,95,96,98,99,65,66,67,68,69,70,71,72,73,74,75,76,77,57,58,45,48,50,47,52,54,55],"product_tag":[],"class_list":{"0":"post-596","1":"product","2":"type-product","3":"status-publish","4":"has-post-thumbnail","6":"product_cat-al-fakher-disposable-vapes","7":"product_cat-buy-best-disposable-vape-flavors","8":"product_cat-apple-flavor-disposable-vapes","9":"product_cat-blue-razz-flavor-disposable-vapes","10":"product_cat-blueberry-flavor-disposable-vapes","11":"product_cat-cherry-flavor-disposable-vapes","12":"product_cat-grape-flavor-disposable-vapes","13":"product_cat-ice-flavor-disposable-vapes","14":"product_cat-lemon-flavor-disposable-vapes","15":"product_cat-lush-flavor-disposable-vapes","16":"product_cat-mango-flavor-disposable-vapes","17":"product_cat-mint-flavor-disposable-vapes","18":"product_cat-mixed-berries-flavor-disposable-vapes","19":"product_cat-peach-flavor-disposable-vapes","20":"product_cat-pineapple-flavor-disposable-vapes","21":"product_cat-raspberry-flavor-disposable-vapes","22":"product_cat-strawberry-flavor-disposable-vapes","23":"product_cat-watermelon-flavor-disposable-vapes","24":"product_cat-best-disposable-vape-in-europe","25":"product_cat-buy-disposable-vapes-in-austria","26":"product_cat-buy-disposable-vapes-in-belgium","27":"product_cat-buy-disposable-vapes-in-france","28":"product_cat-buy-disposable-vapes-in-germany","29":"product_cat-buy-disposable-vapes-in-italy","30":"product_cat-buy-disposable-vapes-in-netherlands","31":"product_cat-buy-disposable-vapes-in-norway","32":"product_cat-buy-disposable-vapes-in-poland","33":"product_cat-buy-disposable-vapes-in-portugal","34":"product_cat-buy-disposable-vapes-in-spain","35":"product_cat-buy-disposable-vapes-in-sweden","36":"product_cat-buy-disposable-vapes-in-switzerland","37":"product_cat-shop-disposable-vapes-by-puffs","38":"product_cat-8000-puff-disposable-vape","39":"product_cat-disposable-vape-types","40":"product_cat-big-puffs-disposable-vapes","41":"product_cat-digital-box-disposable-vapes","42":"product_cat-full-screen-disposable-vapes","43":"product_cat-lower-nicotine-disposable-vapes","44":"product_cat-rechargeable-disposable-vapes","45":"product_cat-shisha-hookah-disposable-vapes","47":"first","48":"instock","49":"sale","50":"shipping-taxable","51":"purchasable","52":"product-type-variable"},"jetpack_sharing_enabled":true,"_links":{"self":[{"href":"https:\/\/casinovape.de\/hu\/wp-json\/wp\/v2\/product\/596","targetHints":{"allow":["GET"]}}],"collection":[{"href":"https:\/\/casinovape.de\/hu\/wp-json\/wp\/v2\/product"}],"about":[{"href":"https:\/\/casinovape.de\/hu\/wp-json\/wp\/v2\/types\/product"}],"replies":[{"embeddable":true,"href":"https:\/\/casinovape.de\/hu\/wp-json\/wp\/v2\/comments?post=596"}],"wp:featuredmedia":[{"embeddable":true,"href":"https:\/\/casinovape.de\/hu\/wp-json\/wp\/v2\/media\/1199"}],"wp:attachment":[{"href":"https:\/\/casinovape.de\/hu\/wp-json\/wp\/v2\/media?parent=596"}],"wp:term":[{"taxonomy":"product_brand","embeddable":true,"href":"https:\/\/casinovape.de\/hu\/wp-json\/wp\/v2\/product_brand?post=596"},{"taxonomy":"product_cat","embeddable":true,"href":"https:\/\/casinovape.de\/hu\/wp-json\/wp\/v2\/product_cat?post=596"},{"taxonomy":"product_tag","embeddable":true,"href":"https:\/\/casinovape.de\/hu\/wp-json\/wp\/v2\/product_tag?post=596"}],"curies":[{"name":"wp","href":"https:\/\/api.w.org\/{rel}","templated":true}]}}