{"id":5857,"date":"2025-01-03T07:55:46","date_gmt":"2025-01-03T07:55:46","guid":{"rendered":"https:\/\/casinovape.de\/?post_type=product&#038;p=5857"},"modified":"2025-06-29T07:22:15","modified_gmt":"2025-06-29T07:22:15","slug":"request-failed-with-status-code-527","status":"publish","type":"product","link":"https:\/\/casinovape.de\/hu\/termek\/request-failed-with-status-code-527\/","title":{"rendered":"Eur\u00f3pai Rakt\u00e1r Arymi Hookalit 40000 Puffs Alacsony Nikotin V\u00e1s\u00e1roljon Eredeti Hiteles \u00dajrat\u00f6lthet\u0151 Eldobhat\u00f3 Vape Tollat"},"content":{"rendered":"<div style=\"width: 1020px;\" class=\"wp-video\"><!--[if lt IE 9]><script>document.createElement('video');<\/script><![endif]-->\n<video class=\"wp-video-shortcode\" id=\"video-5857-1\" width=\"1020\" height=\"574\" preload=\"metadata\" controls=\"controls\"><source type=\"video\/mp4\" src=\"https:\/\/casinovape.de\/wp-content\/uploads\/2024\/12\/arymi-hookalit-40000-\u89c6\u9891.mp4?_=1\" \/><a href=\"https:\/\/casinovape.de\/wp-content\/uploads\/2024\/12\/arymi-hookalit-40000-\u89c6\u9891.mp4\">https:\/\/casinovape.de\/wp-content\/uploads\/2024\/12\/arymi-hookalit-40000-\u89c6\u9891.mp4<\/a><\/video><\/div>\n<h2><a href=\"https:\/\/casinovape.de\/hu\/termekkategoria\/arymi-hookalit-eldobhato-vapes\/\">Arymi Hookalit 40000 Puffs<\/a> Eldobhat\u00f3 Vape: P\u00e1ratlan Min\u0151s\u00e9g \u00e9s Teljes\u00edtm\u00e9ny<\/h2>\n<p>Ha az eldobhat\u00f3 vape-kr\u0151l van sz\u00f3, akkor a <strong>Arymi Hookalit 40 000 Puffs<\/strong> Kiemelkedik a legjobb v\u00e1laszt\u00e1sk\u00e9nt azok sz\u00e1m\u00e1ra, akik hossz\u00fa \u00e9lettartam\u00fa teljes\u00edtm\u00e9nyt, gazdag \u00edzeket \u00e9s p\u00e1ratlan k\u00e9nyelmet keresnek. Ak\u00e1r \u00d6n egy\u00e9ni g\u0151z\u00f6l\u0151, ak\u00e1r keresked\u0151, aki a legjobb term\u00e9keket keresi a k\u00edn\u00e1lat\u00e1ba, az Arymi Hookalit minden olyan funkci\u00f3val rendelkezik, amit egy eldobhat\u00f3 vape-t\u00f3l elv\u00e1rhat. Megd\u00f6bbent\u0151 40 000 sz\u00edv\u00e1sk\u00e9sz\u00fcl\u00e9kenk\u00e9nt, \u00fajrat\u00f6lthet\u0151 akkumul\u00e1torral \u00e9s v\u00e1ltozatos, finom \u00edzek sz\u00e9les sk\u00e1l\u00e1j\u00e1val ez a term\u00e9k a kifinomult felhaszn\u00e1l\u00f3k sz\u00e1m\u00e1ra k\u00e9sz\u00fclt.<\/p>\n<p>At <strong>casinovape.de<\/strong>N\u00e9metorsz\u00e1g legnagyobb online kiskereskedelmi platformja az eldobhat\u00f3 vapoknak, b\u00fcszk\u00e9k vagyunk arra, hogy olyan els\u0151 oszt\u00e1ly\u00fa term\u00e9keket k\u00edn\u00e1lunk, mint az Arymi Hookalit 40 000 Puffs, amely t\u00f6k\u00e9letes kieg\u00e9sz\u00edt\u0151je b\u00e1rmely vape gy\u0171jtem\u00e9nynek. Ha N\u00e9metorsz\u00e1gban szeretne eldobhat\u00f3 vapokat v\u00e1s\u00e1rolni, akkor j\u00f3 helyen j\u00e1r!<\/p>\n<h3>F\u0151bb jellemz\u0151k <a href=\"https:\/\/casinovape.de\/hu\/termekkategoria\/arymi-hookalit-eldobhato-vapes\/\">Arymi Hookalit 40 000 Puffs<\/a><\/h3>\n<ul>\n<li><strong>T\u00f6meges Puff Sz\u00e1m<\/strong>: Az Arymi Hookalit egyik legimpoz\u00e1nsabb tulajdons\u00e1ga a hihetetlen 40 000 sz\u00edv\u00e1sk\u00e9sz\u00fcl\u00e9k, amely hosszabb vape-\u00e9lm\u00e9nyt ny\u00fajt, amely messze fel\u00fclm\u00falja a legt\u00f6bb m\u00e1s eldobhat\u00f3 vape-ot. Viszonthatunk a gyakori cser\u00e9knek \u00e9s k\u00f6sz\u00f6nhet\u00fcnk a k\u00f6lts\u00e9ghat\u00e9kony, folyamatos \u00e9lvezetnek.<\/li>\n<li><strong>Nagy 40ml El\u0151re Felt\u00f6lt\u00f6tt Kapszula<\/strong>: Az Arymi Hookalit 40 ml e-folyad\u00e9kkal el\u0151t\u00f6ltve \u00e9rkezik, biztos\u00edtva, hogy ne kelljen gyakran ut\u00e1nt\u00f6ltenie. Ak\u00e1r alkalmi, ak\u00e1r rendszeres g\u0151z\u00f6l\u0151 vagy, ez a nagy pod kapacit\u00e1s \u00f3r\u00e1kig tart\u00f3 megszak\u00edt\u00e1s n\u00e9lk\u00fcli haszn\u00e1latot biztos\u00edt.<\/li>\n<li><strong>\u00dajrat\u00f6lthet\u0151 1300mAh Akkumul\u00e1tor<\/strong>: Felejtsen el a nap k\u00f6zep\u00e9n kifogyni az energi\u00e1b\u00f3l. Az Arymi Hookalit egy er\u0151s, \u00fajrat\u00f6lthet\u0151 1300mAh-s akkumul\u00e1torral rendelkezik, amely garant\u00e1lja a folyamatos teljes\u00edtm\u00e9nyt. T\u00f6ltse fel, amikor sz\u00fcks\u00e9g van r\u00e1, \u00e9s folytassa a vapoz\u00e1st megszak\u00edt\u00e1s n\u00e9lk\u00fcl.<\/li>\n<li><strong>Du\u00e1lis Mesh Tekercs Technol\u00f3gia<\/strong>: 0,6 ohmos kett\u0151s h\u00e1l\u00f3sz\u00f6vet\u0171 tekercsel ell\u00e1tva, a k\u00e9sz\u00fcl\u00e9k fokozza az \u00edztermel\u00e9st \u00e9s s\u0171r\u0171 g\u0151zfelh\u0151ket hoz l\u00e9tre. Ez a fejlett tekercstechnol\u00f3gia sim\u00e1bb, gazdagabb \u00edzeket biztos\u00edt minden egyes sz\u00edv\u00e1sn\u00e1l, \u00faj szintre emelve a g\u0151z\u00f6l\u00e9si \u00e9lm\u00e9nyt.<\/li>\n<li><strong>Nikotin Er\u0151ss\u00e9gi Opci\u00f3k<\/strong>Azok sz\u00e1m\u00e1ra, akik enyhe nikotinl\u00f6ketet keresnek, az Arymi Hookalit 0,3% (20mg) nikotiner\u0151ss\u00e9get k\u00edn\u00e1l. Kiel\u00e9g\u00edt\u0151 torokhat\u00e1st biztos\u00edt an\u00e9lk\u00fcl, hogy t\u00falterheln\u00e9 a felhaszn\u00e1l\u00f3t, ide\u00e1lis azok sz\u00e1m\u00e1ra, akik cigarett\u00e1r\u00f3l t\u00e9rnek \u00e1t, vagy nyugodtabb \u00e9lm\u00e9nyt keresnek.<\/li>\n<li><strong>Rajzolt Aktiv\u00e1l\u00e1si Funkci\u00f3<\/strong>: Az Arymi Hookalit \u00fczemeltet\u00e9se egyszer\u0171bb, mint valaha. Csak l\u00e9legezzen be, \u00e9s az eszk\u00f6z automatikusan aktiv\u00e1l\u00f3dik, hogy sima, folyamatos p\u00e1r\u00e1t termeljen. Nem kell gombokat nyomni vagy bonyolult be\u00e1ll\u00edt\u00e1sokkal foglalkozni, \u00edgy minden tapasztalati szint\u0171 felhaszn\u00e1l\u00f3 sz\u00e1m\u00e1ra ide\u00e1lis.<\/li>\n<li><strong>Nagykereskedelmi V\u00e1s\u00e1rl\u00e1si Lehet\u0151s\u00e9gek<\/strong>: Az Arymi Hookalit szint\u00e9n nagyszer\u0171 v\u00e1laszt\u00e1s a kiskeresked\u0151k sz\u00e1m\u00e1ra. A versenyk\u00e9pes nagykereskedelmi \u00e1raz\u00e1ssal nagy mennyis\u00e9gben v\u00e1s\u00e1rolhatja meg ezt a nagy teljes\u00edtm\u00e9ny\u0171 eldobhat\u00f3 vape-ot megfizethet\u0151 \u00e1ron, \u00e9s pr\u00e9mium vapel\u00e9si \u00e9lm\u00e9nyt k\u00edn\u00e1lhat \u00fcgyfeleinek.<\/li>\n<\/ul>\n<h3>Mi\u00e9rt v\u00e1lasszon <a href=\"https:\/\/casinovape.de\/hu\/termekkategoria\/arymi-hookalit-eldobhato-vapes\/\">Arymi Hookalit 40 000 Puffs<\/a>?<\/h3>\n<p>Az Arymi Hookalit 40 000 Puff nem csak egy \u00fajabb eldobhat\u00f3 vape; hanem egy olyan term\u00e9k, amely kiv\u00e9teles \u00e9rt\u00e9ket \u00e9s teljes\u00edtm\u00e9nyt ny\u00fajt. Ak\u00e1r \u00d6n egy\u00e9ni felhaszn\u00e1l\u00f3, ak\u00e1r keresked\u0151, aki a legjobb vape tollakat keresi elad\u00e1sra, itt van, mi\u00e9rt kell az Arymi Hookalit legyen az \u00d6n els\u0151 v\u00e1laszt\u00e1sa:<\/p>\n<ul>\n<li><strong>Tart\u00f3s \u00e9s k\u00f6lts\u00e9ghat\u00e9kony<\/strong>40 000 sz\u00edv\u00e1sra tervezve \u00e9s \u00fajrat\u00f6lthet\u0151 akkumul\u00e1torral, az Arymi Hookalitb\u00f3l sokkal t\u00f6bbet ki tud hozni, mint a tipikus eldobhat\u00f3 vape-kb\u0151l. Ez egy hossz\u00fa t\u00e1v\u00fa befektet\u00e9s, amely cs\u00f6kkenti az \u00e1lland\u00f3 cser\u00e9k \u00e9s ut\u00e1nt\u00f6lt\u00e9sek gondj\u00e1t.<\/li>\n<li><strong>Kompromisszumok n\u00e9lk\u00fcli min\u0151s\u00e9g<\/strong>: Az Arymi Hookalit a legmagasabb min\u0151s\u00e9gi szabv\u00e1nyok szerint k\u00e9sz\u00fcl, biztos\u00edtva, hogy minden egyes k\u00e9sz\u00fcl\u00e9k folyamatosan egyenletes p\u00e1rologtat\u00e1si \u00e9lm\u00e9nyt ny\u00fajtson. Minden k\u00e9sz\u00fcl\u00e9ket gondosan k\u00e9sz\u00edt\u00fcnk, hogy megb\u00edzhat\u00f3 teljes\u00edtm\u00e9nyt ny\u00fajtson \u00d6nnek, sz\u00edv\u00e1sr\u00f3l sz\u00edv\u00e1sra.<\/li>\n<li><strong>K\u00e9nyelem \u00e9s sokoldal\u00fas\u00e1g<\/strong>Nagy e-folyad\u00e9k kapacit\u00e1s\u00e1val, \u00fajrat\u00f6lthet\u0151 akkumul\u00e1tor\u00e1val \u00e9s rajz-aktiv\u00e1lt funkci\u00f3j\u00e1val az Arymi Hookalit a k\u00e9nyelem megtestes\u00edt\u0151je. T\u00f6k\u00e9letes v\u00e1laszt\u00e1s azok sz\u00e1m\u00e1ra, akik egy gondtalan, felhaszn\u00e1l\u00f3bar\u00e1t g\u0151z\u00f6l\u00e9si \u00e9lm\u00e9nyt r\u00e9szes\u00edtenek el\u0151nyben.<\/li>\n<li><strong>Nagy \u00cdzv\u00e1laszt\u00e9k<\/strong>: Az Arymi Hookalit egyik legjobb tulajdons\u00e1ga a sz\u00e9les \u00edzv\u00e1laszt\u00e9k, amely mindenki sz\u00e1m\u00e1ra k\u00edn\u00e1l valamit. A gy\u00fcm\u00f6lcs\u00f6s kever\u00e9kekt\u0151l a friss\u00edt\u0151 mentolos \u00edzekig minden vapper sz\u00e1m\u00e1ra van egy \u00edzprofil.<\/li>\n<li><strong>T\u00f6k\u00e9letes nagy mennyis\u00e9g\u0171 v\u00e1s\u00e1rl\u00e1shoz<\/strong>: A nagy mennyis\u00e9g\u0171 v\u00e1s\u00e1rl\u00e1si lehet\u0151s\u00e9gekkel a kiskeresked\u0151k kedvez\u0151 \u00e1ron k\u00e9szletezhetik ezt a fels\u0151 kateg\u00f3ri\u00e1s eldobhat\u00f3 vape-ot, seg\u00edtve a profit n\u00f6vel\u00e9s\u00e9t, mik\u00f6zben pr\u00e9mium g\u0151z\u00f6l\u00e9si \u00e9lm\u00e9nyt k\u00edn\u00e1lnak az \u00fcgyfeleknek.<\/li>\n<\/ul>\n<p><img loading=\"lazy\" decoding=\"async\" class=\"alignnone wp-image-4826 size-full\" src=\"https:\/\/casinovape.de\/wp-content\/uploads\/2024\/12\/arymi-hookalit-40000-1-1.webp\" alt=\"Eur\u00f3pai Rakt\u00e1r Arymi Hookalit 40000 Puffs Alacsony Nikotin V\u00e1s\u00e1roljon Eredeti Hiteles \u00dajrat\u00f6lthet\u0151 Eldobhat\u00f3 Vape Tollat \" width=\"2000\" height=\"2000\" srcset=\"https:\/\/casinovape.de\/wp-content\/uploads\/2024\/12\/arymi-hookalit-40000-1-1.webp 2000w, https:\/\/casinovape.de\/wp-content\/uploads\/2024\/12\/arymi-hookalit-40000-1-1-300x300.webp 300w, https:\/\/casinovape.de\/wp-content\/uploads\/2024\/12\/arymi-hookalit-40000-1-1-1024x1024.webp 1024w, https:\/\/casinovape.de\/wp-content\/uploads\/2024\/12\/arymi-hookalit-40000-1-1-150x150.webp 150w, https:\/\/casinovape.de\/wp-content\/uploads\/2024\/12\/arymi-hookalit-40000-1-1-768x768.webp 768w, https:\/\/casinovape.de\/wp-content\/uploads\/2024\/12\/arymi-hookalit-40000-1-1-1536x1536.webp 1536w, https:\/\/casinovape.de\/wp-content\/uploads\/2024\/12\/arymi-hookalit-40000-1-1-12x12.webp 12w, https:\/\/casinovape.de\/wp-content\/uploads\/2024\/12\/arymi-hookalit-40000-1-1-600x600.webp 600w, https:\/\/casinovape.de\/wp-content\/uploads\/2024\/12\/arymi-hookalit-40000-1-1-100x100.webp 100w\" sizes=\"auto, (max-width: 2000px) 100vw, 2000px\" \/><\/p>\n<h3>El\u00e9rhet\u0151 \u00cdzek <a href=\"https:\/\/casinovape.de\/hu\/termekkategoria\/arymi-hookalit-eldobhato-vapes\/\">Arymi Hookalit 40 000 Puffs<\/a><\/h3>\n<p>Az Arymi Hookalit 40 000 Puffs sz\u00e1mos izgalmas \u00e9s finom \u00edzes\u00edt\u00e9sben kaphat\u00f3, hogy megfeleljen a k\u00fcl\u00f6nb\u00f6z\u0151 \u00edzl\u00e9svil\u00e1goknak. Ak\u00e1r gy\u00fcm\u00f6lcs\u00f6s, mentolos vagy \u00e9des profilokat kedveli, biztos lehet benne, hogy megtal\u00e1lja a t\u00f6k\u00e9letes lehet\u0151s\u00e9get az \u00d6n g\u0151z\u00f6l\u00e9si ig\u00e9nyeinek kiel\u00e9g\u00edt\u00e9s\u00e9re.<\/p>\n<p>Itt van n\u00e9h\u00e1ny a legn\u00e9pszer\u0171bb el\u00e9rhet\u0151 \u00edzekr\u0151l:<\/p>\n<ul>\n<li><strong>Eper Kivi &amp; S\u00e1rgadinnye Eper Dinnye<\/strong>: Egy kellemes f\u00fazi\u00f3ja a l\u00e9d\u00fas epernek, a fanyar kivinek \u00e9s a friss\u00edt\u0151 g\u00f6r\u00f6gdinny\u00e9nek, amely \u00e9des \u00e9s fanyar \u00edzrobban\u00e1st ny\u00fajt. T\u00f6k\u00e9letes azok sz\u00e1m\u00e1ra, akik gy\u00fcm\u00f6lcs\u00f6s \u00e9s kiel\u00e9g\u00edt\u0151 vape-ot keresnek.<\/li>\n<li><strong>Sz\u0151l\u0151 J\u00e9g &amp; Fekete Ribizli J\u00e9g<\/strong>Mer\u00e9sz, \u00e9des sz\u0151l\u0151, kombin\u00e1lva a feketeribizli fanyars\u00e1g\u00e1val, melyet egy h\u0171s\u00edt\u0151 mentolos \u00fct\u00e9s z\u00e1r le. Ez a friss\u00edt\u0151 vape sima, jeges befejez\u00e9st k\u00edn\u00e1l minden sz\u00edv\u00e1sn\u00e1l.<\/li>\n<li><strong>Vegyes Bogy\u00f3k &amp; \u00c1fonya M\u00e1lna<\/strong>\u00c9des bogy\u00f3k v\u00e1logat\u00e1sa, bele\u00e9rtve a savanyk\u00e1s \u00e1fony\u00e1t \u00e9s a m\u00e1ln\u00e1t is, t\u00f6k\u00e9letesen kiegyens\u00falyozott gy\u00fcm\u00f6lcs\u00f6s \u00edzprofilt l\u00e9trehozva. Ide\u00e1lis azoknak, akik szeretik a bogy\u00f3kat \u00e9s \u00e9rt\u00e9kelik a r\u00e9tegezett \u00e9s \u00f6sszetett \u00edzeket.<\/li>\n<li><strong>Mango Fagyi &amp; Cseresznye M\u00e1lna<\/strong>: \u00c9des mang\u00f3, fanyar cseresznye \u00e9s friss\u00edt\u0151 m\u00e1lna tr\u00f3pusi f\u00fazi\u00f3ja, melyet h\u0171s\u00edt\u0151 jeges \u00e9rz\u00e9s z\u00e1r. T\u00f6k\u00e9letes azok sz\u00e1m\u00e1ra, akik gy\u00fcm\u00f6lcs\u00f6s vape-ot keresnek h\u0171s\u00edt\u0151 csavarral.<\/li>\n<li><strong>Lush J\u00e9g &amp; Citrom Menta<\/strong>: A g\u00f6r\u00f6gdinnye \u00e9s a mentol friss\u00edt\u0151 kever\u00e9ke, p\u00e1ros\u00edtva a citrom \u00e9s a menta fanyar \u00edz\u00e9vel. Ez a kombin\u00e1ci\u00f3 h\u0171s, citrusos \u00e9s friss\u00edt\u0151 p\u00e1rologtat\u00e1si \u00e9lm\u00e9nyt ny\u00fajt.<\/li>\n<li><strong>M\u00e1lna Menta &amp; \u0150szibar\u00e1t Mang\u00f3 S\u00e1rgadinnye<\/strong>Egy vegyes bogy\u00f3s \u00e9s ment\u00e1s kever\u00e9k, tr\u00f3pusi gy\u00fcm\u00f6lcs\u00f6kkel, mint p\u00e9ld\u00e1ul \u0151szibarack, mang\u00f3 \u00e9s g\u00f6r\u00f6gdinnye. Az eredm\u00e9ny egy sima \u00e9s kiel\u00e9g\u00edt\u0151 vape, amely \u00f6tv\u00f6zi a gy\u00fcm\u00f6lcs\u00f6s \u00e9s friss\u00edt\u0151 elemeket.<\/li>\n<li><strong>Gum \u00cdz &amp; K\u00e9t Alma Shisha<\/strong>Egy nosztalgikus vape \u00e9lm\u00e9ny\u00e9rt ez az \u00edz kombin\u00e1lja az \u00e9des bubor\u00e9kcukrot k\u00e9t alma shisha autentikus \u00edz\u00e9vel. Ez a t\u00f6k\u00e9letes egyens\u00faly a gy\u00fcm\u00f6lcs\u00f6s \u00e9dess\u00e9g \u00e9s a j\u00e1t\u00e9kos csavar k\u00f6z\u00f6tt.<\/li>\n<li><strong>Cseresznye Menta \u00e9s \u0150szibar\u00e1t J\u00e9g<\/strong>Egy \u00e9des cseresznye \u00edz, h\u0171s\u00edt\u0151 ment\u00e1val \u00e9s friss\u00edt\u0151 \u0151szibar\u00e1t j\u00e9g befejez\u00e9ssel p\u00e1ros\u00edtva. Ez a gy\u00fcm\u00f6lcs\u00f6s, jeges kever\u00e9k t\u00f6k\u00e9letes azoknak a vapereknek, akik h\u0171v\u00f6s, gy\u00fcm\u00f6lcs\u00f6s vape-ot keresnek.<\/li>\n<li><strong>\u00c9des Passi\u00f3gy\u00fcm\u00f6lcs &amp; K\u00e9k M\u00e1lna Lemon\u00e1d\u00e9<\/strong>: Tr\u00f3pusi kever\u00e9k a szenved\u00e9lygy\u00fcm\u00f6lcs \u00e9s a fanyar k\u00e9k m\u00e1lna limon\u00e1d\u00e9, amely mer\u00e9sz \u00e9s \u00e9des g\u0151z\u00f6l\u00e9si \u00e9lm\u00e9nyt ny\u00fajt, ami egzotikus \u00e9s friss\u00edt\u0151 is egyben.<\/li>\n<li><strong>Eper \u00dcd\u00edt\u0151 \u00e9s \u00c1fonya R\u00e1g\u00f3gumi<\/strong>: \u00c9des eper \u00e9s a nosztalgikus \u00edz\u0171 k\u00e9k\u00e1fonya r\u00e1g\u00f3gumi kever\u00e9ke. Ez egy j\u00e1t\u00e9kos, cukorkaszer\u0171 \u00edz, amely t\u00f6k\u00e9letes az \u00e9dessz\u00e1j\u00fa g\u0151z\u00f6l\u0151k sz\u00e1m\u00e1ra.<\/li>\n<\/ul>\n<h3>Mi\u00e9rt v\u00e1s\u00e1roljon t\u0151l\u00fcnk <a href=\"https:\/\/casinovape.de\/hu\/\">casinovape.de<\/a>?<\/h3>\n<p>At <strong>casinovape.de<\/strong>Elk\u00f6telezettek vagyunk amellett, hogy \u00fcgyfeleinknek a legjobb eldobhat\u00f3 vape-okat biztos\u00edtsuk a piacon, bele\u00e9rtve az Arymi Hookalit 40 000 Puff-ot is. Itt van, mi\u00e9rt t\u0171n\u00fcnk ki:<\/p>\n<ul>\n<li><strong>N\u00e9metorsz\u00e1g legnagyobb v\u00e1laszt\u00e9ka<\/strong>: N\u00e9metorsz\u00e1g legnagyobb online kiskereskedelmi platformja vagyunk az eldobhat\u00f3 e-cigarett\u00e1k sz\u00e1m\u00e1ra, amely sz\u00e9les v\u00e1laszt\u00e9kot k\u00edn\u00e1lunk magas sz\u00ednvonal\u00fa vape term\u00e9kekb\u0151l minden \u00edzl\u00e9shez.<\/li>\n<li><strong>Nincs Minim\u00e1lis Rendel\u00e9si Mennyis\u00e9g<\/strong>: Legyen ak\u00e1r \u00d6n egy kisv\u00e1llalkoz\u00e1s, vagy egy nagy keresked\u0151, egy darabot is v\u00e1s\u00e1rolhat, vagy nagy mennyis\u00e9gben is beszerezheti.<\/li>\n<li><strong>Gyors \u00e9s Megb\u00edzhat\u00f3 Sz\u00e1ll\u00edt\u00e1s<\/strong>Term\u00e9keinket k\u00f6zvetlen\u00fcl eur\u00f3pai rakt\u00e1runkb\u00f3l sz\u00e1ll\u00edtjuk, \u00edgy a sz\u00e1ll\u00edt\u00e1s 3-7 napon bel\u00fcl t\u00f6rt\u00e9nik.<\/li>\n<li><strong>Kiv\u00e1l\u00f3 \u00dcgyf\u00e9lszolg\u00e1lat<\/strong>B\u00fcszk\u00e9k vagyunk arra, hogy z\u00f6kken\u0151mentes v\u00e1s\u00e1rl\u00e1si \u00e9lm\u00e9nyt ny\u00fajtunk, az egyszer\u0171 megrendel\u00e9st\u0151l a gyors sz\u00e1ll\u00edt\u00e1son \u00e1t a dedik\u00e1lt \u00fcgyf\u00e9lszolg\u00e1latig.<\/li>\n<li><strong>Biztons\u00e1gos Fizet\u00e9si Lehet\u0151s\u00e9gek<\/strong>: \u00c9lvezze a z\u00f6kken\u0151mentes \u00e9s biztons\u00e1gos fizet\u00e9si folyamatot t\u00f6bb fizet\u00e9si lehet\u0151s\u00e9ggel, biztos\u00edtva, hogy v\u00e1s\u00e1rl\u00e1si \u00e9lm\u00e9nye gondtalan legyen.<\/li>\n<\/ul>\n<p><img loading=\"lazy\" decoding=\"async\" class=\"alignnone wp-image-4825 size-full\" src=\"https:\/\/casinovape.de\/wp-content\/uploads\/2024\/12\/ARymi-40k-1.webp\" alt=\"Eur\u00f3pai Rakt\u00e1r Arymi Hookalit 40000 Puffs Alacsony Nikotin V\u00e1s\u00e1roljon Eredeti Hiteles \u00dajrat\u00f6lthet\u0151 Eldobhat\u00f3 Vape Tollat \" width=\"2000\" height=\"2000\" srcset=\"https:\/\/casinovape.de\/wp-content\/uploads\/2024\/12\/ARymi-40k-1.webp 2000w, https:\/\/casinovape.de\/wp-content\/uploads\/2024\/12\/ARymi-40k-1-300x300.webp 300w, https:\/\/casinovape.de\/wp-content\/uploads\/2024\/12\/ARymi-40k-1-1024x1024.webp 1024w, https:\/\/casinovape.de\/wp-content\/uploads\/2024\/12\/ARymi-40k-1-150x150.webp 150w, https:\/\/casinovape.de\/wp-content\/uploads\/2024\/12\/ARymi-40k-1-768x768.webp 768w, https:\/\/casinovape.de\/wp-content\/uploads\/2024\/12\/ARymi-40k-1-1536x1536.webp 1536w, https:\/\/casinovape.de\/wp-content\/uploads\/2024\/12\/ARymi-40k-1-12x12.webp 12w, https:\/\/casinovape.de\/wp-content\/uploads\/2024\/12\/ARymi-40k-1-600x600.webp 600w, https:\/\/casinovape.de\/wp-content\/uploads\/2024\/12\/ARymi-40k-1-100x100.webp 100w\" sizes=\"auto, (max-width: 2000px) 100vw, 2000px\" \/><\/p>\n<p>Ha keresed <strong>egyszer haszn\u00e1latos elektronikus cigarett\u00e1k v\u00e1s\u00e1rl\u00e1sa<\/strong> N\u00e9metorsz\u00e1gban az Arymi Hookalit 40 000 Puffs a t\u00f6k\u00e9letes v\u00e1laszt\u00e1s. L\u00e1togasson el <a href=\"https:\/\/casinovape.de\/hu\/\"><strong>casinovape.de<\/strong><\/a> Ma b\u00f6ng\u00e9sszen v\u00e9gig teljes k\u00edn\u00e1latunkat a pr\u00e9mium eldobhat\u00f3 vape term\u00e9kekb\u0151l, \u00e9s k\u00f6nnyed\u00e9n adja le rendel\u00e9s\u00e9t!<\/p>\n<h3>K\u00f6vetkeztet\u00e9s<\/h3>\n<p>A <strong>Arymi Hookalit 40 000 Puffs<\/strong> forradalmi v\u00e1ltoz\u00e1st hoz a eldobhat\u00f3 vape term\u00e9kek vil\u00e1g\u00e1ban.  A hatalmas f\u00faj\u00e1ssz\u00e1mmal, pr\u00e9mium \u00e9p\u00edt\u00e9si min\u0151s\u00e9ggel \u00e9s \u00edzletes sk\u00e1l\u00e1val az ultim\u00e1lis vapel\u00e9si \u00e9lm\u00e9nyt ny\u00fajtja mind az egy\u00e9nek, mind a v\u00e1llalkoz\u00e1sok sz\u00e1m\u00e1ra.  Ak\u00e1r szem\u00e9lyes haszn\u00e1latra, ak\u00e1r a kiskereskedelmi \u00fczlet\u00e9nek k\u00e9szlet\u00e9re szeretne v\u00e1s\u00e1rolni, az Arymi Hookalit mindent megad, amire sz\u00fcks\u00e9ge van \u00e9s m\u00e9g t\u00f6bbet is.  Ne hagyja ki - b\u00f6ng\u00e9sszen v\u00e1laszt\u00e9kunkban a<a href=\"https:\/\/casinovape.de\/hu\/\"> <strong>casinovape.de<\/strong><\/a> \u00e9s saj\u00e1t magad tapasztald meg a k\u00fcl\u00f6nbs\u00e9get!<\/p>","protected":false},"excerpt":{"rendered":"<p>A <strong>Arymi Hookalit 40000 Puffs<\/strong> Az eldobhat\u00f3 E-Cigaretta kiv\u00e9teles teljes\u00edtm\u00e9nyt ny\u00fajt 40 000 sz\u00edv\u00e1ssal, 40 ml el\u0151t\u00f6lt\u00f6tt patronnal, \u00fajrat\u00f6lthet\u0151 1300 mAh akkumul\u00e1torral \u00e9s sz\u00e1mos finom \u00edzzel a hossz\u00fa t\u00e1v\u00fa \u00e9s intenz\u00edv vaporiz\u00e1ci\u00f3s \u00e9lm\u00e9ny\u00e9rt.<\/p>","protected":false},"featured_media":4782,"comment_status":"open","ping_status":"closed","template":"","meta":[],"product_brand":[],"product_cat":[38,78,79,80,81,82,84,86,87,88,89,90,91,92,93,94,96,98,99,65,66,67,68,69,70,71,72,73,74,75,76,77,57,100,45,48,50,51,52,54,55],"product_tag":[],"class_list":{"0":"post-5857","1":"product","2":"type-product","3":"status-publish","4":"has-post-thumbnail","6":"product_cat-arymi-hookalit-disposable-vapes","7":"product_cat-buy-best-disposable-vape-flavors","8":"product_cat-apple-flavor-disposable-vapes","9":"product_cat-blue-razz-flavor-disposable-vapes","10":"product_cat-blueberry-flavor-disposable-vapes","11":"product_cat-cherry-flavor-disposable-vapes","12":"product_cat-grape-flavor-disposable-vapes","13":"product_cat-ice-flavor-disposable-vapes","14":"product_cat-kiwi-flavor-disposable-vapes","15":"product_cat-lemon-flavor-disposable-vapes","16":"product_cat-lush-flavor-disposable-vapes","17":"product_cat-mango-flavor-disposable-vapes","18":"product_cat-mint-flavor-disposable-vapes","19":"product_cat-mixed-berries-flavor-disposable-vapes","20":"product_cat-passion-fruit-flavor-disposable-vapes","21":"product_cat-peach-flavor-disposable-vapes","22":"product_cat-raspberry-flavor-disposable-vapes","23":"product_cat-strawberry-flavor-disposable-vapes","24":"product_cat-watermelon-flavor-disposable-vapes","25":"product_cat-best-disposable-vape-in-europe","26":"product_cat-buy-disposable-vapes-in-austria","27":"product_cat-buy-disposable-vapes-in-belgium","28":"product_cat-buy-disposable-vapes-in-france","29":"product_cat-buy-disposable-vapes-in-germany","30":"product_cat-buy-disposable-vapes-in-italy","31":"product_cat-buy-disposable-vapes-in-netherlands","32":"product_cat-buy-disposable-vapes-in-norway","33":"product_cat-buy-disposable-vapes-in-poland","34":"product_cat-buy-disposable-vapes-in-portugal","35":"product_cat-buy-disposable-vapes-in-spain","36":"product_cat-buy-disposable-vapes-in-sweden","37":"product_cat-buy-disposable-vapes-in-switzerland","38":"product_cat-shop-disposable-vapes-by-puffs","39":"product_cat-40000-puff-disposable-vape","40":"product_cat-disposable-vape-types","41":"product_cat-big-puffs-disposable-vapes","42":"product_cat-digital-box-disposable-vapes","43":"product_cat-dual-mesh-disposable-vapes","44":"product_cat-lower-nicotine-disposable-vapes","45":"product_cat-rechargeable-disposable-vapes","46":"product_cat-shisha-hookah-disposable-vapes","48":"first","49":"outofstock","50":"shipping-taxable","51":"product-type-variable"},"jetpack_sharing_enabled":true,"_links":{"self":[{"href":"https:\/\/casinovape.de\/hu\/wp-json\/wp\/v2\/product\/5857","targetHints":{"allow":["GET"]}}],"collection":[{"href":"https:\/\/casinovape.de\/hu\/wp-json\/wp\/v2\/product"}],"about":[{"href":"https:\/\/casinovape.de\/hu\/wp-json\/wp\/v2\/types\/product"}],"replies":[{"embeddable":true,"href":"https:\/\/casinovape.de\/hu\/wp-json\/wp\/v2\/comments?post=5857"}],"wp:featuredmedia":[{"embeddable":true,"href":"https:\/\/casinovape.de\/hu\/wp-json\/wp\/v2\/media\/4782"}],"wp:attachment":[{"href":"https:\/\/casinovape.de\/hu\/wp-json\/wp\/v2\/media?parent=5857"}],"wp:term":[{"taxonomy":"product_brand","embeddable":true,"href":"https:\/\/casinovape.de\/hu\/wp-json\/wp\/v2\/product_brand?post=5857"},{"taxonomy":"product_cat","embeddable":true,"href":"https:\/\/casinovape.de\/hu\/wp-json\/wp\/v2\/product_cat?post=5857"},{"taxonomy":"product_tag","embeddable":true,"href":"https:\/\/casinovape.de\/hu\/wp-json\/wp\/v2\/product_tag?post=5857"}],"curies":[{"name":"wp","href":"https:\/\/api.w.org\/{rel}","templated":true}]}}