{"id":548,"date":"2024-09-29T07:58:38","date_gmt":"2024-09-29T07:58:38","guid":{"rendered":"https:\/\/casinovape.de\/?post_type=product&#038;p=548"},"modified":"2025-09-06T00:40:29","modified_gmt":"2025-09-06T00:40:29","slug":"europai-raktar-al-fakher-koronarud-pro-8000-puff-0-5-alacsony-nikotin-vasarlas-eredeti-autentikus-ujratoltheto-eldobhato-vapes-toll","status":"publish","type":"product","link":"https:\/\/casinovape.de\/hu\/termek\/europai-raktar-al-fakher-koronarud-pro-8000-puff-0-5-alacsony-nikotin-vasarlas-eredeti-autentikus-ujratoltheto-eldobhato-vapes-toll\/","title":{"rendered":"Eur\u00f3pai Rakt\u00e1r AL Fakher Crown Bar Pro 8000 Puff 0,5 % Alacsony Nikotin Eredeti Hiteles \u00dajrat\u00f6lthet\u0151 Eldobhat\u00f3 Vape Toll"},"content":{"rendered":"<div class=\"flex-1 overflow-hidden\">\n<div class=\"h-full\">\n<div class=\"react-scroll-to-bottom--css-zitxy-79elbk h-full\">\n<div class=\"react-scroll-to-bottom--css-zitxy-1n7m0yu\">\n<div class=\"flex flex-col text-sm md:pb-9\">\n<article class=\"w-full text-token-text-primary focus-visible:outline-2 focus-visible:outline-offset-[-4px]\" dir=\"auto\" data-testid=\"conversation-turn-3\" data-scroll-anchor=\"true\">\n<div class=\"text-base py-[18px] px-3 md:px-4 m-auto w-full md:px-5 lg:px-4 xl:px-5\">\n<div class=\"mx-auto flex flex-1 gap-4 text-base md:gap-5 lg:gap-6 md:max-w-3xl lg:max-w-[40rem] xl:max-w-[48rem]\">\n<div class=\"group\/conversation-turn relative flex w-full min-w-0 flex-col agent-turn\">\n<div class=\"flex-col gap-1 md:gap-3\">\n<div class=\"flex max-w-full flex-col flex-grow\">\n<div class=\"min-h-8 text-message flex w-full flex-col items-end gap-2 whitespace-normal break-words [.text-message+&amp;]:mt-5\" dir=\"auto\" data-message-author-role=\"assistant\" data-message-id=\"405fd676-70c3-4059-95c5-4764994308c9\">\n<div class=\"flex w-full flex-col gap-1 empty:hidden first:pt-[3px]\">\n<div class=\"markdown prose w-full break-words dark:prose-invert light\">\n<h2><\/h2>\n<div style=\"width: 360px;\" class=\"wp-video\"><!--[if lt IE 9]><script>document.createElement('video');<\/script><![endif]-->\n<video class=\"wp-video-shortcode\" id=\"video-548-1\" width=\"360\" height=\"640\" preload=\"metadata\" controls=\"controls\"><source type=\"video\/mp4\" src=\"https:\/\/casinovape.de\/wp-content\/uploads\/2024\/09\/Al-Fakher-Crown-Bar-Big-Cloud-8000-PRO1.mp4?_=1\" \/><a href=\"https:\/\/casinovape.de\/wp-content\/uploads\/2024\/09\/Al-Fakher-Crown-Bar-Big-Cloud-8000-PRO1.mp4\">https:\/\/casinovape.de\/wp-content\/uploads\/2024\/09\/Al-Fakher-Crown-Bar-Big-Cloud-8000-PRO1.mp4<\/a><\/video><\/div>\n<h1><a href=\"https:\/\/casinovape.de\/hu\/\">Eur\u00f3pai Vape Rakt\u00e1r<\/a> AL Fakher Crown Bar Pro 8000 sz\u00edv\u00e1s - A v\u00e9gs\u0151 \u00fajrat\u00f6lthet\u0151 <a href=\"https:\/\/casinovape.de\/hu\/\">Eldobhat\u00f3 Vape<\/a><\/h1>\n<p><strong>\u00c9lje \u00e1t a fels\u0151bbrend\u0171 g\u0151z\u00f6l\u00e9st az AL Fakher Crown Bar Pro 8000 Puffal<\/strong><\/p>\n<p>Az AL Fakher Crown Bar Pro 8000 Puffs azoknak a vapereknek k\u00e9sz\u00fclt, akik tart\u00f3s, \u00edzletes \u00e9s gondtalan \u00e9lm\u00e9nyt keresnek. Ez a pr\u00e9mium eldobhat\u00f3 vape \u00f6tv\u00f6zi a st\u00edlust, a technol\u00f3gi\u00e1t \u00e9s a k\u00e9nyelmet egy kompakt eszk\u00f6zben, amely t\u00f6k\u00e9letes mind a kezd\u0151k, mind a tapasztalt vaperek sz\u00e1m\u00e1ra. \u00c1llapot-of-the-art mesh coil \u00e9s b\u0151s\u00e9ges 18ml e-liquid kapacit\u00e1s biztos\u00edtja az AL Fakher Crown Bar Pro 8000 sz\u00edv\u00e1st minden eszk\u00f6z\u00f6n, biztos\u00edtva a hossz\u00fa t\u00e1v\u00fa \u00e9lvezetet \u00e9s a folyamatosan sima vaping \u00e9lm\u00e9nyt. Ak\u00e1r otthon, ak\u00e1r \u00fatk\u00f6zben, ez a t\u00f6lthet\u0151 eldobhat\u00f3 vape kiel\u00e9g\u00edt\u0151 \u00fct\u00e9seket biztos\u00edt minden h\u00faz\u00e1ssal.<\/p>\n<p>A Casinovape-n\u00e9l, a legnagyobb online kiskereskedelmi platform az eldobhat\u00f3 vape-k sz\u00e1m\u00e1ra N\u00e9metorsz\u00e1gban, arra specializ\u00e1l\u00f3dtunk, hogy hiteles term\u00e9keket sz\u00e1ll\u00edtsunk a legjobb m\u00e1rk\u00e1kt\u00f3l, mint p\u00e9ld\u00e1ul az AL Fakher, Fizzy, OBEELAB HHC \u00e9s SMPO DL02, k\u00f6zvetlen\u00fcl uni\u00f3s \u00fcgyfeleinknek. Gyors \u00e9s megb\u00edzhat\u00f3 sz\u00e1ll\u00edt\u00e1ssal eur\u00f3pai rakt\u00e1runkb\u00f3l, az AL Fakher Crown Bar Pro 8000 Puffs 3-7 napon bel\u00fcl meg\u00e9rkezik az \u00d6n ajtaj\u00e1hoz, haszn\u00e1latra k\u00e9sz \u00e9s teljesen felt\u00f6lt\u00f6tt \u00e1llapotban, azonnali vape-\u00e9lvezet \u00e9rdek\u00e9ben.<\/p>\n<h2>AL Fakher Crown Bar Pro 8000 Puffs term\u00e9k jellemz\u0151i<\/h2>\n<p>Az AL Fakher Crown Bar Pro \u00e9lvonalbeli funkci\u00f3kkal van tervezve, \u00edgy kiv\u00e9teles v\u00e1laszt\u00e1snak sz\u00e1m\u00edt a \u00fajrat\u00f6lthet\u0151 eldobhat\u00f3 vaperek vil\u00e1g\u00e1ban. Ez az eszk\u00f6z \u00fagy k\u00e9sz\u00fclt, hogy k\u00e9nyelmes, nagy teljes\u00edtm\u00e9ny\u0171 \u00e9s \u00edzben gazdag \u00e9lm\u00e9nyt ny\u00fajtson mindenf\u00e9le vaper sz\u00e1m\u00e1ra.<\/p>\n<ul>\n<li><strong>Kiv\u00e9teles Akkumul\u00e1tor Kapacit\u00e1s<\/strong><br \/>\nEgy er\u0151s, 600mAh kapacit\u00e1s\u00fa \u00fajrat\u00f6lthet\u0151 akkumul\u00e1torral ez az eszk\u00f6z hosszabb vape sessionokat t\u00e1mogat. A Type-C t\u00f6lt\u0151port gyors \u00e9s hat\u00e9kony t\u00f6lt\u00e9st biztos\u00edt, lehet\u0151v\u00e9 t\u00e9ve a felhaszn\u00e1l\u00f3k sz\u00e1m\u00e1ra, hogy gyorsan \u00fajrat\u00f6lts\u00e9k \u00e9s megszak\u00edt\u00e1s n\u00e9lk\u00fcl haszn\u00e1lj\u00e1k.<\/li>\n<li><strong>Nagy E-Liquid Kapacit\u00e1s<\/strong><br \/>\nMinden k\u00e9sz\u00fcl\u00e9k 18 ml pr\u00e9mium e-folyad\u00e9kot tartalmaz, ami szabads\u00e1got ad a felhaszn\u00e1l\u00f3knak, hogy eg\u00e9sz nap vapozhassanak an\u00e9lk\u00fcl, hogy folyamatosan figyelni\u00fck kellene az e-folyad\u00e9k szintj\u00e9t.<\/li>\n<li><strong>H\u00e1l\u00f3 Tekercs Technol\u00f3gia<\/strong><br \/>\nA fejlett h\u00e1l\u00f3sz\u00f6vet sim\u00e1bb g\u0151ztermel\u00e9st \u00e9s teljesebb \u00edzintenzit\u00e1st biztos\u00edt, minden egyes sz\u00edv\u00e1sn\u00e1l k\u00f6vetkezetesen gazdag \u00e9lm\u00e9nyt ny\u00fajtva.<\/li>\n<li><strong>Kompakt \u00e9s ergon\u00f3mikus kialak\u00edt\u00e1s<\/strong><br \/>\n19 x 109 mm-es m\u00e9ret\u00e9vel ez az vape toll karcs\u00fa \u00e9s k\u00f6nnyen hordozhat\u00f3. Ergonomikus form\u00e1ja k\u00e9nyelmesen tartja, t\u00f6k\u00e9letesen illeszkedik a k\u00e9zbe az er\u0151fesz\u00edt\u00e9s n\u00e9lk\u00fcli g\u0151z\u00f6l\u00e9shez.<\/li>\n<li><strong>Optim\u00e1lis nikotinkoncentr\u00e1ci\u00f3<\/strong><br \/>\n0,5% nikotint (5mg) tartalmazva, az AL Fakher Crown Bar Pro ide\u00e1lis azok sz\u00e1m\u00e1ra, akik kiegyens\u00falyozott nikotin\u00e9lm\u00e9nyt keresnek, amely kiel\u00e9g\u00edt an\u00e9lk\u00fcl, hogy t\u00falzott lenne.<\/li>\n<li><strong>H\u0151m\u00e9rs\u00e9kleti Ellen\u00e1ll\u00e1s<\/strong><br \/>\n\u00dagy tervezt\u00e9k, hogy -10\u00b0C \u00e9s +40\u00b0C k\u00f6z\u00f6tti h\u0151m\u00e9rs\u00e9kleten m\u0171k\u00f6dj\u00f6n, ez az eszk\u00f6z fenntartja a konzisztens teljes\u00edtm\u00e9nyt k\u00fcl\u00f6nb\u00f6z\u0151 \u00e9ghajlatokon, ide\u00e1liss\u00e1 t\u00e9ve utaz\u00e1sokhoz.<\/li>\n<\/ul>\n<h2>Fedezze fel a gazdag \u00edzeket <a href=\"https:\/\/casinovape.de\/hu\/termekkategoria\/al-fakher-eldobhato-vapes\/\">AL Fakher<\/a> Crown Bar Pro 8000 Puffs<\/h2>\n<p>Az AL Fakher Crown Bar Pro egyed\u00fcl\u00e1ll\u00f3 \u00edzv\u00e1laszt\u00e9kot k\u00edn\u00e1l, amelyet \u00fagy alak\u00edtottak ki, hogy megfeleljen a k\u00fcl\u00f6nb\u00f6z\u0151 \u00edzl\u00e9seknek. Az \u00fcd\u00edt\u0151 gy\u00fcm\u00f6lcs\u00f6s kever\u00e9kekt\u0151l a h\u0171s mentolos \u00fct\u00e9sekig minden \u00edz eml\u00e9kezetes g\u0151z\u00f6l\u00e9si \u00e9lm\u00e9nyt ny\u00fajt.<\/p>\n<h3>\u00cdzes\u00edt\u00e9si lehet\u0151s\u00e9gek<\/h3>\n<ol>\n<li><strong>K\u00e9t alma<\/strong><br \/>\nEz a klasszikus \u00e9des \u00e9s enyh\u00e9n savanyk\u00e1s alma kever\u00e9k friss, kiegyens\u00falyozott \u00edzt ny\u00fajt, amelyet az alma szerelmesei im\u00e1dnak. Ez egy id\u0151t\u00e1ll\u00f3 v\u00e1laszt\u00e1s azok sz\u00e1m\u00e1ra, akik ismer\u0151s, m\u00e9gis \u00e9l\u00e9nk\u00edt\u0151 \u00edzt keresnek.<\/li>\n<li><strong>Sz\u0151l\u0151 Menta<\/strong><br \/>\nH\u0171s, friss\u00edt\u0151 kombin\u00e1ci\u00f3ja az \u00e9rett sz\u0151l\u0151nek \u00e9s a ment\u00e1nak, a Grape Mint egyedi gy\u00fcm\u00f6lcs\u00f6s \u00e9dess\u00e9get k\u00edn\u00e1l, friss\u00edt\u0151 ut\u00f3\u00edzzel, t\u00f6k\u00e9letes meleg napokra \u00e9s laz\u00e1n t\u00f6rt\u00e9n\u0151 vapoz\u00e1sra.<\/li>\n<li><strong>Lush J\u00e9g<\/strong><br \/>\nLush Ice \u00f6tv\u00f6zi a l\u00e9d\u00fas dinny\u00e9t egy finom, friss\u00edt\u0151 mentolos csavarral, l\u00e9trehozva egy olyan \u00edzt, amely egyszerre gy\u00fcm\u00f6lcs\u00f6s \u00e9s \u00e9l\u00e9nk\u00edt\u0151. Ide\u00e1lis azok sz\u00e1m\u00e1ra, akik minden sz\u00edv\u00e1sn\u00e1l h\u0171s, kiel\u00e9g\u00edt\u0151 befejez\u00e9st keresnek.<\/li>\n<li><strong>\u0150szibar\u00e1t J\u00e9g<\/strong><br \/>\nEz az \u00edz a \u00e9des, \u00e9rett \u0151szibar\u00e1tok luscious \u00edz\u00e9t p\u00e1ros\u00edtja a h\u0171s\u00edt\u0151 mentol enyhe \u00e9rint\u00e9s\u00e9vel. A Peach Ice sima, friss\u00edt\u0151, \u00e9s kiv\u00e1l\u00f3 v\u00e1laszt\u00e1s azok sz\u00e1m\u00e1ra, akik szeretik az \u00e9des \u00e9s h\u0171s\u00edt\u0151 kombin\u00e1ci\u00f3kat.<\/li>\n<li><strong>Gum Mentol<\/strong><br \/>\nA klasszikus r\u00e1g\u00f3gumi friss menta \u00e9rint\u00e9s\u00e9vel, ez az \u00edz j\u00e1t\u00e9kos \u00e9s nosztalgikus \u00edzt k\u00edn\u00e1l, amely \u00e9des \u00e9s friss\u00edt\u0151 - egy kellemes kever\u00e9k b\u00e1rmilyen alkalomra.<\/li>\n<li><strong>\u00c1fony\u00e1s R\u00e1g\u00f3gumi<\/strong><br \/>\nL\u00e9d\u00fas \u00e1fony\u00e1k \u00e9s \u00e9des f\u00fcge \u00edz\u00e9nek f\u00fazi\u00f3ja, ez az opci\u00f3 \u00e9ppoly \u00edzletes, mint amilyen \u00e9lvezetes. T\u00f6k\u00e9letes v\u00e1laszt\u00e1s azok sz\u00e1m\u00e1ra, akik egy kicsit \u00e9des, bogy\u00f3s gy\u00fcm\u00f6lcs\u00f6kkel \u00e1titatott vape-ot r\u00e9szes\u00edtenek el\u0151nyben.<\/li>\n<li><strong>Citromf\u0171<\/strong><br \/>\nVil\u00e1gos, fanyar citrom, h\u0171s ment\u00e1s alaphanggal p\u00e1ros\u00edtva adja a Lemon Mint friss\u00edt\u0151, savanyk\u00e1s profilj\u00e1t. Ez a kombin\u00e1ci\u00f3 ide\u00e1lis azoknak a vapereknek, akik er\u0151s, citrusos \u00edzt keresnek friss\u00edt\u0151 befejez\u00e9ssel.<\/li>\n<li><strong>M\u00e1gikus Szerelem<\/strong><br \/>\nEgy egzotikus kever\u00e9k, \u00e9des \u00e9s gy\u00fcm\u00f6lcs\u00f6s al\u00e1fest\u00e9sekkel, a Magic Love minden sz\u00edv\u00e1ssal meglep \u00e9s elragad. Minden p\u00f6f\u00f6g\u00e9s \u00faj r\u00e9teget t\u00e1r fel az \u00edzb\u0151l, igaz\u00e1n egyed\u00fcl\u00e1ll\u00f3 \u00e9lm\u00e9nyt ny\u00fajtva.<\/li>\n<li><strong>Fekete Ribizli J\u00e9g<\/strong><br \/>\nA feketeribizli gazdag \u00edz\u00e9vel \u00e9s h\u0171s\u00edt\u0151 mentolos befejez\u00e9s\u00e9vel a Blackcurrant Ice mer\u00e9sz \u00e9s kiel\u00e9g\u00edt\u0151. \u00cdz\u00e9nek m\u00e9lys\u00e9ge miatt n\u00e9pszer\u0171 v\u00e1laszt\u00e1s a bogy\u00f3s gy\u00fcm\u00f6lcs\u00f6k rajong\u00f3i k\u00f6r\u00e9ben.<\/li>\n<li><strong>Eper \u00dcd\u00edt\u0151<\/strong><br \/>\nEz az \u00e9l\u00e9nk kever\u00e9k friss eperb\u0151l \u00e9s \u00e9des alaphangb\u00f3l friss, gy\u00fcm\u00f6lcs\u00f6s \u00edzt ad, amely a nap b\u00e1rmely szak\u00e1ban t\u00f6k\u00e9letes. Az eper rajong\u00f3inak t\u00f6meg\u00e9vel kedveskedik.<\/li>\n<li><strong>\u00c9des Passi\u00f3gy\u00fcm\u00f6lcs<\/strong><br \/>\nTr\u00f3pusi \u00e9s \u00e9des, a Sweet Passionfruit minden p\u00f6ffben mag\u00e1val hozza a passi\u00f3gy\u00fcm\u00f6lcs buja \u00edz\u00e9t, el\u0151id\u00e9zve egy naps\u00fct\u00f6tte vak\u00e1ci\u00f3 \u00e9rz\u00e9s\u00e9t. Ez az \u00edz k\u00f6telez\u0151 kipr\u00f3b\u00e1lni a gy\u00fcm\u00f6lcs szerelmeseinek.<\/li>\n<li><strong>Bogy\u00f3 J\u00e9g<\/strong><br \/>\nA Berry Ice \u00f6tv\u00f6zi a bogy\u00f3k kavalk\u00e1dj\u00e1t egy h\u0171s\u00edt\u0151 mentol csavar\u00e1ssal, l\u00e9trehozva egy \u00edzletes \u00e9s friss\u00edt\u0151 vape-ot. Ez a kever\u00e9k t\u00f6k\u00e9letes azok sz\u00e1m\u00e1ra, akik szeretik a bogy\u00f3k kever\u00e9k\u00e9t egy h\u0171s\u00edt\u0151 befejez\u00e9ssel.<\/li>\n<li><strong>Ment\u0151<\/strong><br \/>\nEgyszer\u0171 \u00e9s klasszikus, ez a tiszta ment\u00e1s \u00edz ropog\u00f3s, friss\u00edt\u0151 \u00e9rz\u00e9st ny\u00fajt. Ez a v\u00e1laszt\u00e1s azok sz\u00e1m\u00e1ra, akik egyenes, h\u0171v\u00f6s \u00edzt keresnek, mindenf\u00e9le cicoma n\u00e9lk\u00fcl.<\/li>\n<\/ol>\n<p>&nbsp;<\/p>\n<h3><img loading=\"lazy\" decoding=\"async\" class=\"alignleft wp-image-580 size-full\" src=\"https:\/\/casinovape.de\/wp-content\/uploads\/2024\/09\/al-fakher-crown-bar-8000-pro-1.webp\" alt=\"Eur\u00f3pai Rakt\u00e1r AL Fakher Crown Bar Pro 8000 Puff 0,5 % Alacsony Nikotin Eredeti Hiteles \u00dajrat\u00f6lthet\u0151 Eldobhat\u00f3 Vape Toll\" width=\"1000\" height=\"1000\" srcset=\"https:\/\/casinovape.de\/wp-content\/uploads\/2024\/09\/al-fakher-crown-bar-8000-pro-1.webp 1000w, https:\/\/casinovape.de\/wp-content\/uploads\/2024\/09\/al-fakher-crown-bar-8000-pro-1-300x300.webp 300w, https:\/\/casinovape.de\/wp-content\/uploads\/2024\/09\/al-fakher-crown-bar-8000-pro-1-150x150.webp 150w, https:\/\/casinovape.de\/wp-content\/uploads\/2024\/09\/al-fakher-crown-bar-8000-pro-1-768x768.webp 768w, https:\/\/casinovape.de\/wp-content\/uploads\/2024\/09\/al-fakher-crown-bar-8000-pro-1-600x600.webp 600w, https:\/\/casinovape.de\/wp-content\/uploads\/2024\/09\/al-fakher-crown-bar-8000-pro-1-100x100.webp 100w\" sizes=\"auto, (max-width: 1000px) 100vw, 1000px\" \/><\/h3>\n<h2>Mi\u00e9rt v\u00e1lasszon <a href=\"https:\/\/casinovape.de\/hu\/termekkategoria\/al-fakher-eldobhato-vapes\/\">AL Fakher<\/a> Crown Bar Pro 8000 Puffs<\/h2>\n<p>Az AL Fakher Crown Bar Pro 8000 Puffs t\u00f6bb mint egy egyszer\u0171 vape; ez egy a v\u00e9gs\u0151 el\u00e9gedetts\u00e9gre tervezett \u00e9lm\u00e9ny. A Casinovape b\u00fcszke arra, hogy a n\u00e9metorsz\u00e1gi eldobhat\u00f3 vape term\u00e9kek vezet\u0151 online kereskedelmi platformja, \u00e9s sz\u00e9les v\u00e1laszt\u00e9kban k\u00edn\u00e1lunk pr\u00e9mium term\u00e9keket minim\u00e1lis rendel\u00e9si mennyis\u00e9gek n\u00e9lk\u00fcl. Amikor az AL Fakher Crown Bar Pro-t v\u00e1s\u00e1rolja a Casinovape-t\u0151l, garant\u00e1ltan egy eredeti, min\u0151s\u00e9gi term\u00e9ket kap a gyors EU-szint\u0171 sz\u00e1ll\u00edt\u00e1s k\u00e9nyelm\u00e9vel.<\/p>\n<h3>El\u0151ny\u00f6k egy pillant\u00e1sban<\/h3>\n<ul>\n<li><strong>Kiterjesztett haszn\u00e1lat<\/strong><br \/>\n8000 sz\u00edv\u00e1ssal k\u00e9sz\u00fcl\u00e9kenk\u00e9nt, hossz\u00fa t\u00e1v\u00fa haszn\u00e1latot \u00e9lvezhet gyakori cser\u00e9k vagy ut\u00e1nt\u00f6lt\u00e9sek n\u00e9lk\u00fcl.<\/li>\n<li><strong>Pr\u00e9mium min\u0151s\u00e9g<\/strong><br \/>\nAz AL Fakher elk\u00f6telezetts\u00e9ge a min\u0151s\u00e9g ir\u00e1nt biztos\u00edtja, hogy minden k\u00e9sz\u00fcl\u00e9k tart\u00f3s \u00e9s megb\u00edzhat\u00f3 legyen, kiv\u00e9teles e-folyad\u00e9kkal, amely fenntartja az \u00edz integrit\u00e1s\u00e1t.<\/li>\n<li><strong>K\u00f6nnyen haszn\u00e1lhat\u00f3<\/strong><br \/>\nEz az eszk\u00f6z k\u00e9szen \u00e1ll a haszn\u00e1latra, amint kicsomagolja. Egyszer\u0171en t\u00f6ltse \u00fajra, amikor sz\u00fcks\u00e9g van r\u00e1, \u00e9s minden haszn\u00e1latn\u00e1l egyenletesen sima p\u00e1rolg\u00e1st \u00e9lvezhet.<\/li>\n<li><strong>Nincs Minim\u00e1lis Rendel\u00e9si Mennyis\u00e9g<\/strong><br \/>\nA Casinovape-n\u00e1l annyit rendelhetsz, amennyire sz\u00fcks\u00e9ged van. K\u00f6nny\u0171v\u00e9 tessz\u00fck, hogy megv\u00e1s\u00e1rolhasd kedvenc term\u00e9keidet korl\u00e1toz\u00e1sok n\u00e9lk\u00fcl.<\/li>\n<li><strong>Gyors EU sz\u00e1ll\u00edt\u00e1s<\/strong><br \/>\nEur\u00f3pai rakt\u00e1runk biztos\u00edtja, hogy megrendel\u00e9se 3-7 napon bel\u00fcl meg\u00e9rkezzen, \u00edgy hamarabb kezdhet el vapozni, mint k\u00e9s\u0151bb.<\/li>\n<\/ul>\n<h3>V\u00e9gs\u0151 Gondolatok<\/h3>\n<p>Az AL Fakher Crown Bar Pro 8000 Puffs \u00faj m\u00e9rc\u00e9t \u00e1ll\u00edt fel a \u00fajrat\u00f6lthet\u0151 eldobhat\u00f3 vape-k sz\u00e1m\u00e1ra, leny\u0171g\u00f6z\u0151 hossz\u00fa \u00e9lettartamot, kiv\u00e1l\u00f3 \u00edzt \u00e9s k\u00e9nyelmes funkci\u00f3kat k\u00edn\u00e1lva, amelyek jav\u00edtj\u00e1k az \u00e1ltal\u00e1nos \u00e9lm\u00e9nyt. A Casinovape megk\u00f6nny\u00edti ezeknek az egyedi \u00edzeknek \u00e9s funkci\u00f3knak a felfedez\u00e9s\u00e9t, \u00e9s hiteles AL Fakher term\u00e9keket sz\u00e1ll\u00edt k\u00f6zvetlen\u00fcl \u00d6nnek az EU-ban. L\u00e1togasson el <a href=\"https:\/\/casinovape.de\/hu\/\">Casinovape<\/a> Biztos\u00edtsa AL Fakher Crown Bar Pro k\u00e9sz\u00fcl\u00e9k\u00e9t m\u00e9g ma, \u00e9s fedezzen fel egy teljesen \u00faj vil\u00e1got a g\u0151z\u00f6l\u00e9s kiel\u00e9g\u00fcl\u00e9s\u00e9b\u0151l.<\/p>\n<p>\u00c9lvezze a legjobb vape-\u00e9lm\u00e9nyt a Casinovape-pal - a pr\u00e9mium eldobhat\u00f3 vape term\u00e9kek megb\u00edzhat\u00f3 forr\u00e1sa N\u00e9metorsz\u00e1gban.<\/p>\n<\/div>\n<\/div>\n<\/div>\n<\/div>\n<\/div>\n<\/div>\n<\/div>\n<\/div>\n<\/article>\n<\/div>\n<\/div>\n<\/div>\n<\/div>\n<\/div>\n<div class=\"md:pt-0 dark:border-white\/20 md:border-transparent md:dark:border-transparent w-full\">\n<div class=\"\">\n<div class=\"text-base px-3 md:px-4 m-auto w-full md:px-5 lg:px-4 xl:px-5\">\n<div class=\"mx-auto flex flex-1 gap-4 text-base md:gap-5 lg:gap-6 md:max-w-3xl lg:max-w-[40rem] xl:max-w-[48rem]\">\n<form class=\"w-full\" aria-haspopup=\"dialog\" aria-expanded=\"false\" aria-controls=\"radix-:rnl:\" data-state=\"closed\" action=\"\">\n<div class=\"relative flex h-full max-w-full flex-1 flex-col\">\n<div class=\"group relative flex w-full items-center\">\n<div class=\"flex w-full flex-col gap-1.5 rounded-[26px] p-1.5 transition-colors bg-[#f4f4f4] dark:bg-token-main-surface-secondary\">\n<div class=\"flex items-end gap-1.5 pl-4 md:gap-2\">\n<div class=\"min-w-8\"><\/div>\n<\/div>\n<\/div>\n<\/div>\n<\/div>\n<input type=\"hidden\" name=\"trp-form-language\" value=\"hu\"\/><\/form>\n<\/div>\n<\/div>\n<div class=\"relative w-full px-2 py-2 text-center text-xs text-token-text-secondary empty:hidden md:px-[60px]\">\n<div class=\"min-h-4\">\n<div><\/div>\n<\/div>\n<\/div>\n<\/div>\n<\/div>","protected":false},"excerpt":{"rendered":"<p>Fedezze fel az autentikust <strong>AL Fakher Crown Bar Pro 8000 Puffs<\/strong> \u00fajrat\u00f6lthet\u0151 eldobhat\u00f3 vape a Casinovape-n\u00e1l, N\u00e9metorsz\u00e1g legnagyobb online vape platformj\u00e1n, gyors EU-s sz\u00e1ll\u00edt\u00e1ssal \u00e9s sz\u00e9les v\u00e1laszt\u00e9k\u00fa pr\u00e9mium \u00edzekkel.<\/p>","protected":false},"featured_media":3552,"comment_status":"open","ping_status":"closed","template":"","meta":[],"product_brand":[],"product_cat":[16,78,79,81,84,86,88,89,91,93,94,98,65,66,67,68,69,70,71,72,73,74,75,76,77,57,58,45,48,50,52,54,55],"product_tag":[],"class_list":{"0":"post-548","1":"product","2":"type-product","3":"status-publish","4":"has-post-thumbnail","6":"product_cat-al-fakher-disposable-vapes","7":"product_cat-buy-best-disposable-vape-flavors","8":"product_cat-apple-flavor-disposable-vapes","9":"product_cat-blueberry-flavor-disposable-vapes","10":"product_cat-grape-flavor-disposable-vapes","11":"product_cat-ice-flavor-disposable-vapes","12":"product_cat-lemon-flavor-disposable-vapes","13":"product_cat-lush-flavor-disposable-vapes","14":"product_cat-mint-flavor-disposable-vapes","15":"product_cat-passion-fruit-flavor-disposable-vapes","16":"product_cat-peach-flavor-disposable-vapes","17":"product_cat-strawberry-flavor-disposable-vapes","18":"product_cat-best-disposable-vape-in-europe","19":"product_cat-buy-disposable-vapes-in-austria","20":"product_cat-buy-disposable-vapes-in-belgium","21":"product_cat-buy-disposable-vapes-in-france","22":"product_cat-buy-disposable-vapes-in-germany","23":"product_cat-buy-disposable-vapes-in-italy","24":"product_cat-buy-disposable-vapes-in-netherlands","25":"product_cat-buy-disposable-vapes-in-norway","26":"product_cat-buy-disposable-vapes-in-poland","27":"product_cat-buy-disposable-vapes-in-portugal","28":"product_cat-buy-disposable-vapes-in-spain","29":"product_cat-buy-disposable-vapes-in-sweden","30":"product_cat-buy-disposable-vapes-in-switzerland","31":"product_cat-shop-disposable-vapes-by-puffs","32":"product_cat-8000-puff-disposable-vape","33":"product_cat-disposable-vape-types","34":"product_cat-big-puffs-disposable-vapes","35":"product_cat-digital-box-disposable-vapes","36":"product_cat-lower-nicotine-disposable-vapes","37":"product_cat-rechargeable-disposable-vapes","38":"product_cat-shisha-hookah-disposable-vapes","40":"first","41":"instock","42":"sale","43":"shipping-taxable","44":"purchasable","45":"product-type-variable"},"jetpack_sharing_enabled":true,"_links":{"self":[{"href":"https:\/\/casinovape.de\/hu\/wp-json\/wp\/v2\/product\/548","targetHints":{"allow":["GET"]}}],"collection":[{"href":"https:\/\/casinovape.de\/hu\/wp-json\/wp\/v2\/product"}],"about":[{"href":"https:\/\/casinovape.de\/hu\/wp-json\/wp\/v2\/types\/product"}],"replies":[{"embeddable":true,"href":"https:\/\/casinovape.de\/hu\/wp-json\/wp\/v2\/comments?post=548"}],"wp:featuredmedia":[{"embeddable":true,"href":"https:\/\/casinovape.de\/hu\/wp-json\/wp\/v2\/media\/3552"}],"wp:attachment":[{"href":"https:\/\/casinovape.de\/hu\/wp-json\/wp\/v2\/media?parent=548"}],"wp:term":[{"taxonomy":"product_brand","embeddable":true,"href":"https:\/\/casinovape.de\/hu\/wp-json\/wp\/v2\/product_brand?post=548"},{"taxonomy":"product_cat","embeddable":true,"href":"https:\/\/casinovape.de\/hu\/wp-json\/wp\/v2\/product_cat?post=548"},{"taxonomy":"product_tag","embeddable":true,"href":"https:\/\/casinovape.de\/hu\/wp-json\/wp\/v2\/product_tag?post=548"}],"curies":[{"name":"wp","href":"https:\/\/api.w.org\/{rel}","templated":true}]}}