{"id":4475,"date":"2024-11-27T13:06:11","date_gmt":"2024-11-27T13:06:11","guid":{"rendered":"https:\/\/casinovape.de\/?post_type=product&#038;p=4475"},"modified":"2025-05-12T06:54:23","modified_gmt":"2025-05-12T06:54:23","slug":"europai-raktar-adalya-16000-fujas-alacsony-nikotin-vasarlas-eredeti-autentikus-ujratoltheto-eldobhato-vapes-toll","status":"publish","type":"product","link":"https:\/\/casinovape.de\/hu\/termek\/europai-raktar-adalya-16000-fujas-alacsony-nikotin-vasarlas-eredeti-autentikus-ujratoltheto-eldobhato-vapes-toll\/","title":{"rendered":"Eur\u00f3pai Rakt\u00e1r Adalya 16000 Puff Alacsony Nikotin V\u00e1s\u00e1roljon Eredeti Hiteles \u00dajrat\u00f6lthet\u0151 Eldobhat\u00f3 Vape Tollat"},"content":{"rendered":"<h2><img loading=\"lazy\" decoding=\"async\" class=\"alignnone wp-image-4015 size-full\" src=\"https:\/\/casinovape.de\/wp-content\/uploads\/2024\/11\/PUFF-ADALYA-16000-2.webp\" alt=\"Eur\u00f3pai Rakt\u00e1r Adalya 16000 Puff Alacsony Nikotin V\u00e1s\u00e1roljon Eredeti Hiteles \u00dajrat\u00f6lthet\u0151 Eldobhat\u00f3 Vape Tollat \" width=\"613\" height=\"379\" srcset=\"https:\/\/casinovape.de\/wp-content\/uploads\/2024\/11\/PUFF-ADALYA-16000-2.webp 613w, https:\/\/casinovape.de\/wp-content\/uploads\/2024\/11\/PUFF-ADALYA-16000-2-300x185.webp 300w, https:\/\/casinovape.de\/wp-content\/uploads\/2024\/11\/PUFF-ADALYA-16000-2-18x12.webp 18w, https:\/\/casinovape.de\/wp-content\/uploads\/2024\/11\/PUFF-ADALYA-16000-2-600x371.webp 600w\" sizes=\"auto, (max-width: 613px) 100vw, 613px\" \/><\/h2>\n<h2><a href=\"https:\/\/casinovape.de\/hu\/termekkategoria\/adalya-eldobhato-vapes\/\">Adalya 16000 Puffs<\/a>: A V\u00e9gs\u0151 G\u0151z\u00f6l\u00e9si \u00c9lm\u00e9ny<\/h2>\n<p>Bemutatkozik a <strong>Puff Adalya 16000 Puffs<\/strong>, az els\u0151 e-hookah vape modell, amelyet a nemzetk\u00f6zileg ismert <strong>Adalya<\/strong> m\u00e1rka. Az Adalya hossz\u00fa ideje egyet jelent a kiv\u00e1l\u00f3 v\u00edzipipa \u00edzekkel, \u00e9s ezzel a <strong>Puff Adalya 16000<\/strong>, ezt a hagyom\u00e1nyt bele vitt\u00e9k az elektronikus p\u00e1rologtat\u00e1s vil\u00e1g\u00e1ba. Tervezve, hogy ut\u00e1nozza a sima, gazdag \u00e9s kiel\u00e9g\u00edt\u0151 hagyom\u00e1nyos v\u00edzipipa-\u00e9lm\u00e9nyt, ez az eldobhat\u00f3 vape t\u00f6k\u00e9letes azok sz\u00e1m\u00e1ra, akik a k\u00e9nyelmet, a sz\u00e9les \u00edzv\u00e1laszt\u00e9kot \u00e9s a p\u00e1ratlan g\u0151ztermel\u00e9st keresik. Ak\u00e1r tapasztalt vapper vagy \u00faj lelkes, a Puff Adalya 16000 p\u00e1ratlan vaping-\u00e9lm\u00e9nyt ny\u00fajt.<\/p>\n<p>Ez <strong>\u00dajrat\u00f6lthet\u0151 Eldobhat\u00f3 Vape Toll<\/strong> legfeljebb <strong>16 000 puff<\/strong>jelent\u0151sen t\u00f6bb, mint el\u0151dje, az <strong>Puff Adalya 10,000<\/strong>Tov\u00e1bbfejlesztett funkci\u00f3i k\u00f6z\u00e9 tartozik egy \u00e1ll\u00edthat\u00f3 l\u00e9g\u00e1raml\u00e1s rendszer, egy er\u0151s akkumul\u00e1tor \u00e9s egy leny\u0171g\u00f6z\u0151 25 ml-es e-folyad\u00e9k kapacit\u00e1s. Azoknak tervezt\u00e9k, akik szeretik a <strong>Direct-to-Lung (DTL) \nnem ford\u00edtand\u00f3, megtartand\u00f3: Direct-to-Lung (DTL)<\/strong> p\u00e1rologtat\u00e1si st\u00edlus\u00e1val ez a vape kiel\u00e9g\u00edt\u0151, l\u00e9gies \u00e9s foly\u00e9kony sz\u00edv\u00e1st k\u00edn\u00e1l, ami megk\u00fcl\u00f6nb\u00f6zteti a piacon l\u00e9v\u0151 egy\u00e9b lehet\u0151s\u00e9gekt\u0151l.<\/p>\n<h3>F\u0151bb jellemz\u0151k <a href=\"https:\/\/casinovape.de\/hu\/termekkategoria\/adalya-eldobhato-vapes\/\">Adalya 16000 Puffs<\/a><\/h3>\n<ul>\n<li><strong>Puff kapacit\u00e1s:<\/strong> \u00c9lvezze ak\u00e1r 16 000 f\u00faj\u00e1st is, biztos\u00edtva a hosszabb haszn\u00e1latot minden egyes vap\u00e1val.<\/li>\n<li><strong>P\u00e1rologtat\u00e1si St\u00edlus:<\/strong> Direct-To-Lung (DTL), m\u00e9lyebb \u00e9s sim\u00e1bb bel\u00e9gz\u00e9st biztos\u00edtva azok sz\u00e1m\u00e1ra, akik nagyobb g\u0151zfelh\u0151ket r\u00e9szes\u00edtenek el\u0151nyben.<\/li>\n<li><strong>Nikotin er\u0151ss\u00e9g:<\/strong> 20mg (2%) nikotintartalom, ide\u00e1lis azok sz\u00e1m\u00e1ra, akik k\u00f6zepes nikotinl\u00f6ketet kedvelnek.<\/li>\n<li><strong>Biztons\u00e1gi z\u00e1r:<\/strong> Biztons\u00e1gi z\u00e1rral ell\u00e1tva, amely megakad\u00e1lyozza, hogy a k\u00e9sz\u00fcl\u00e9k v\u00e9letlen\u00fcl bekapcsoljon a t\u00e1sk\u00e1ban vagy a zsebben.<\/li>\n<li><strong>L\u00e9g\u00e1raml\u00e1s t\u00edpusa:<\/strong> Teljesen \u00e1ll\u00edthat\u00f3 sz\u00edv\u00e1s, ami lehet\u0151v\u00e9 teszi, hogy ir\u00e1ny\u00edtsd a vapoz\u00e1s \u00e9lm\u00e9ny\u00e9t. Ak\u00e1r egy szoros sz\u00edv\u00e1st, ak\u00e1r egy nyitottabb l\u00e9g\u00e1raml\u00e1st prefer\u00e1lsz, szem\u00e9lyre szabhatod az ig\u00e9nyeidnek megfelel\u0151en.<\/li>\n<li><strong>Tekercsellen\u00e1ll\u00e1s:<\/strong> 0,6 ohm, biztos\u00edtva az \u00edz \u00e9s a g\u0151ztermel\u00e9s egyens\u00faly\u00e1t, t\u00f6k\u00e9letes a felh\u0151hajszol\u00f3knak \u00e9s az \u00ednyenceknek egyar\u00e1nt.<\/li>\n<li><strong>Tekercs konstrukci\u00f3:<\/strong> Halad\u00f3 tekercstechnol\u00f3gia, amelyet a maxim\u00e1lis \u00edz \u00e9s g\u0151ztermel\u00e9s \u00e9rdek\u00e9ben terveztek, biztos\u00edtva a konzisztens teljes\u00edtm\u00e9nyt a vape teljes \u00e9lettartama alatt.<\/li>\n<li><strong>E-liquid t\u00e9rfogata:<\/strong> 25 ml pr\u00e9mium e-folyad\u00e9k, minden haszn\u00e1latn\u00e1l hossz\u00fa ideig tart\u00f3 \u00edzt biztos\u00edtva.<\/li>\n<li><strong>Akku kapacit\u00e1s:<\/strong> 850 mAh, hossz\u00fa \u00e9lettartam\u00fa akkumul\u00e1tort biztos\u00edtva, amely k\u00e9nyelmesen \u00fajrat\u00f6lthet\u0151 <strong>C port<\/strong>.<\/li>\n<li><strong>Sziv\u00e1rg\u00e1s\u00e1ll\u00f3 kialak\u00edt\u00e1s:<\/strong> A k\u00e9sz\u00fcl\u00e9ket \u00fagy tervezt\u00e9k, hogy megakad\u00e1lyozza a sziv\u00e1rg\u00e1st, biztos\u00edtva ezzel a rendetlens\u00e9gmentes p\u00e1rologtat\u00e1si \u00e9lm\u00e9nyt.<\/li>\n<li><strong>Digit\u00e1lis kijelz\u0151:<\/strong> Egy intelligens digit\u00e1lis kijelz\u0151, amely val\u00f3s id\u0151ben mutatja az akkumul\u00e1tor \u00e9lettartam\u00e1t \u00e9s az e-folyad\u00e9k szintj\u00e9t, \u00edgy soha nem fogy ki v\u00e1ratlanul.<\/li>\n<li><strong>Karbantart\u00e1st nem ig\u00e9nyel:<\/strong> Nincs sz\u00fcks\u00e9g rendszeres tiszt\u00edt\u00e1sra vagy karbantart\u00e1sra. Egyszer\u0171en csak \u00e9lvezze \u00e9s t\u00f6ltse \u00fajra, ahogy sz\u00fcks\u00e9ges.<\/li>\n<li><strong>\u00dajrat\u00f6lthet\u0151:<\/strong> Ellent\u00e9tben a hagyom\u00e1nyos eldobhat\u00f3 vapeokkal, a Puff Adalya 16000 \u00fajrat\u00f6lthet\u0151, fenntarthat\u00f3s\u00e1got \u00e9s hosszabb haszn\u00e1latot k\u00edn\u00e1lva.<\/li>\n<\/ul>\n<h3>\u00cdzek <a href=\"https:\/\/casinovape.de\/hu\/termekkategoria\/adalya-eldobhato-vapes\/\">Adalya 16000 Puffs<\/a><\/h3>\n<p>A Puff Adalya 16000 egy p\u00e1ratlanul sz\u00e9les \u00edzv\u00e1laszt\u00e9kot k\u00edn\u00e1l, amelyet \u00fagy terveztek, hogy minden \u00edzl\u00e9snek megfeleljen. Ezek az \u00edzek az Adalya h\u00edres v\u00edzipipa-kever\u00e9keib\u0151l sz\u00e1rmaznak, \u00e9s gondosan k\u00e9sz\u00fcltek, hogy hiteles g\u0151z\u00f6l\u00e9si \u00e9lm\u00e9nyt ny\u00fajtsanak. Itt van a rendelkez\u00e9sre \u00e1ll\u00f3 \u00edzek list\u00e1ja:<\/p>\n<ol>\n<li><strong>Ment\u0151<\/strong> Egy klasszikus \u00e9s friss\u00edt\u0151 mentol \u00edz, amely minden sz\u00edv\u00e1sn\u00e1l j\u00e9ghideg, h\u0171s \u00e9rzetet ny\u00fajt. T\u00f6k\u00e9letes azok sz\u00e1m\u00e1ra, akik szeretik a ropog\u00f3s, mentolos \u00e9rz\u00e9st.<\/li>\n<li><strong>\u00c1fonya<\/strong> \u00c9des, l\u00e9d\u00fas \u00e1fonya enyhe savany\u00fas\u00e1ggal. Ez az \u00edz sima, gy\u00fcm\u00f6lcs\u00f6s vape-ot k\u00edn\u00e1l, amely k\u00f6nny\u0171, friss\u00edt\u0151 \u00e9s ide\u00e1lis eg\u00e9sz napos vapoz\u00e1shoz.<\/li>\n<li><strong>Anan\u00e1sz<\/strong> Tr\u00f3pusi kever\u00e9k \u00e9rett, l\u00e9d\u00fas anan\u00e1szb\u00f3l, amely \u00e9dess\u00e9ggel robban sz\u00e9t. T\u00f6k\u00e9letes \u00edz azok sz\u00e1m\u00e1ra, akik szeretik az \u00e9des \u00e9s savanyk\u00e1s gy\u00fcm\u00f6lcsprofilokat.<\/li>\n<li><strong>\u0150szibar\u00e1t<\/strong> L\u00e9d\u00fas, zamatos \u0151szibarackok gazdag, selymes \u00edzt ny\u00fajtanak, ami egyszerre \u00e9des \u00e9s enyh\u00e9n fanyar. Ez az \u00edz minden f\u00faj\u00e1sban megragadja a friss \u0151szibarackok esszenci\u00e1j\u00e1t.<\/li>\n<li><strong>Sz\u0151l\u0151<\/strong> Gazdag, testes sz\u0151l\u0151 \u00edz, amely a \u00e9rett sz\u0151l\u0151 \u00e9dess\u00e9g\u00e9t sima, lekerek\u00edtett befejez\u00e9ssel \u00f6tv\u00f6zi. Kedvenc a g\u0151z\u00f6l\u0151k k\u00f6r\u00e9ben, akik szeretik a hat\u00e1rozott gy\u00fcm\u00f6lcs \u00edzeket.<\/li>\n<li><strong>S\u00e1rgadinnye<\/strong> Friss \u00e9s l\u00e9d\u00fas g\u00f6r\u00f6gdinnye \u00edz, amely egyszerre hidrat\u00e1l\u00f3 \u00e9s friss\u00edt\u0151. Ez az \u00edz minden bel\u00e9gz\u00e9ssel megragadja a ny\u00e1r l\u00e9nyeg\u00e9t, k\u00f6nny\u0171, ropog\u00f3s vape-ot k\u00edn\u00e1lva.<\/li>\n<li><strong>Eper<\/strong> \u00c9des \u00e9s illatos eper \u00e9led fel ebben a finom vape \u00edzben. Gy\u00fcm\u00f6lcs szerelmeseinek k\u00f6telez\u0151 kipr\u00f3b\u00e1lni, kiel\u00e9g\u00edt\u0151 \u00e9des bogy\u00f3s \u00e9lm\u00e9nyt ny\u00fajtva.<\/li>\n<li><strong>Mango<\/strong> Tr\u00f3pusi mang\u00f3k, amelyek \u00e9dess\u00e9ggel \u00e9s egy kis savany\u00fas\u00e1ggal robbannak, t\u00f6k\u00e9letesen kiegyens\u00falyozott \u00edzt hoznak l\u00e9tre, amely egyszerre gazdag \u00e9s friss\u00edt\u0151. K\u00f6telez\u0151 darab a mang\u00f3 szerelmeseinek.<\/li>\n<li><strong>Limon\u00e1d\u00e9<\/strong> Savany\u00fa \u00e9s \u00e9des limon\u00e1d\u00e9, egy friss\u00edt\u0151 citrus \u00edz, amely t\u00f6k\u00e9letes azokhoz a forr\u00f3 ny\u00e1ri napokhoz. K\u00f6nny\u0171, pik\u00e1ns vape, \u00e9ppen megfelel\u0151 mennyis\u00e9g\u0171 \u00e9dess\u00e9ggel.<\/li>\n<li><strong>Doh\u00e1ny<\/strong> Gazdag, testes doh\u00e1ny \u00edz, amely megragadja a hagyom\u00e1nyos doh\u00e1ny klasszikus f\u00f6ldes, f\u00fcst\u00f6s jegyeit. T\u00f6k\u00e9letes azok sz\u00e1m\u00e1ra, akik egy er\u0151sebb \u00e9s \u00e9rettebb g\u0151z\u00f6l\u00e9si \u00e9lm\u00e9nyt r\u00e9szes\u00edtenek el\u0151nyben.<\/li>\n<li><strong>Van\u00edlia kr\u00e9m<\/strong> Kr\u00e9mes, gazdag puding \u00edz, \u00e9des van\u00edlia jegyekkel. Ez a k\u00e9nyeztet\u0151, desszertszer\u0171 \u00edz t\u00f6k\u00e9letes azok sz\u00e1m\u00e1ra, akiknek \u00e9dessz\u00e1j\u00faak.<\/li>\n<li><strong>Fagyi<\/strong> \u00c9des \u00e9s kr\u00e9mes fagylalt \u00edz, gazdag van\u00edlia tartalommal, sima, selymes text\u00far\u00e1val.  Egy desszert ihlette vape, amely egyszerre kiel\u00e9g\u00edt\u0151 \u00e9s megnyugtat\u00f3.<\/li>\n<li><strong>Bubor\u00e9kf\u00faj\u00f3 r\u00e1g\u00f3gumi<\/strong> Vicces, nosztalgikus bubblegum \u00edz, amely \u00e9des, r\u00e1g\u00f3s \u00e9s j\u00e1t\u00e9kos. Gyermekkori eml\u00e9kekhez hasonl\u00f3, ez az \u00edz biztosan \u00f6r\u00f6met okoz b\u00e1rkinek, akinek \u00e9dessz\u00e1j\u00fa.<\/li>\n<li><strong>K\u00f3la<\/strong> Egy pezsg\u0151, \u00e9des k\u00f3la \u00edz, amely a sz\u00f3da friss\u00edt\u0151 \u00edz\u00e9t hozza el az \u00d6n vap\u00e1j\u00e1ba. T\u00f6k\u00e9letes azok sz\u00e1m\u00e1ra, akik szeretik a sz\u00e9nsavas italok \u00e9lm\u00e9ny\u00e9t egy \u00e9des r\u00fag\u00e1ssal.<\/li>\n<li><strong>Kiwi<\/strong> \u00c9les, m\u00e9gis \u00e9des kivi \u00edz, amely vil\u00e1gos \u00e9s tr\u00f3pusi. Ez az \u00edz \u00e9dess\u00e9get \u00e9s savany\u00fas\u00e1got egyar\u00e1nt tartalmaz, \u00edgy izgalmas v\u00e1laszt\u00e1s a kalandv\u00e1gy\u00f3 g\u0151z\u00f6l\u0151k sz\u00e1m\u00e1ra.<\/li>\n<\/ol>\n<h3>Mi\u00e9rt \u00e9rdemes megv\u00e1s\u00e1rolni a <a href=\"https:\/\/casinovape.de\/hu\/termekkategoria\/adalya-eldobhato-vapes\/\">Adalya 16000 Puffs<\/a><\/h3>\n<ul>\n<li><strong>Tart\u00f3s haszn\u00e1lat:<\/strong> 16 000 sz\u00edv\u00e1sra tervezve, a Puff Adalya 16000 kiv\u00e9teles \u00e9rt\u00e9ket ny\u00fajt azoknak a vapereknek, akik hosszabb ideig szeretn\u00e9k \u00e9lvezni k\u00e9sz\u00fcl\u00e9k\u00fcket an\u00e9lk\u00fcl, hogy folyamatosan cser\u00e9lni\u00fck kellene.<\/li>\n<li><strong>Pr\u00e9mium min\u0151s\u00e9g:<\/strong> Az Adalya egy olyan n\u00e9v, amely egyet jelent a min\u0151s\u00e9ggel, \u00e9s ez az eszk\u00f6z minden v\u00e1rakoz\u00e1st fel\u00fclm\u00fal. A gondosan megalkotott e-folyad\u00e9kokkal, a fejlett tekercstechnol\u00f3gi\u00e1val \u00e9s a \u00fajrat\u00f6lthet\u0151 kialak\u00edt\u00e1ssal ez egy megb\u00edzhat\u00f3 term\u00e9k.<\/li>\n<li><strong>K\u00e9nyelem:<\/strong> A Puff Adalya 16000 azoknak a vapereknek k\u00e9sz\u00fclt, akik z\u00f6kken\u0151mentes \u00e9lm\u00e9nyt szeretn\u00e9nek. A k\u00e9sz\u00fcl\u00e9k\u00e9vel <strong>\u00e1ll\u00edthat\u00f3 l\u00e9g\u00e1raml\u00e1s<\/strong>, <strong>karbantart\u00e1st nem ig\u00e9nyl\u0151 kialak\u00edt\u00e1s<\/strong>\u00e9s <strong>k\u00f6nny\u0171 t\u00f6lt\u00e9s<\/strong>Mind a kezd\u0151k, mind a tapasztalt g\u0151z\u00f6l\u0151k sz\u00e1m\u00e1ra t\u00f6k\u00e9letes.<\/li>\n<li><strong>\u00cdzvari\u00e1ci\u00f3k:<\/strong> T\u00f6bb mint 14 leny\u0171g\u00f6z\u0151 \u00edzb\u0151l v\u00e1laszthat, a Puff Adalya 16000 lehet\u0151v\u00e9 teszi, hogy sz\u00e9les \u00edzprofil-v\u00e1laszt\u00e9kba belemer\u00fclj\u00f6n. Legyen sz\u00f3 gy\u00fcm\u00f6lcs\u00f6s, ment\u00e1s vagy desszert ihlet\u00e9s\u0171 \u00edzekr\u0151l, mindenki sz\u00e1m\u00e1ra van valami.<\/li>\n<li><strong>Gyors Sz\u00e1ll\u00edt\u00e1s:<\/strong> \u00c9lvezze a gyors sz\u00e1ll\u00edt\u00e1st t\u0151l\u00fcnk <strong>Eur\u00f3pai Vape Rakt\u00e1r<\/strong>A rendel\u00e9sed mindj\u00e1rt meg\u00e9rkezik <strong>3-7 nap<\/strong>, biztos\u00edtva, hogy ne kelljen sok\u00e1ig v\u00e1rnia \u00faj kedvenc vape-j\u00e9re.<\/li>\n<li><strong>Fenntarthat\u00f3s\u00e1g:<\/strong> Ellent\u00e9tben a hagyom\u00e1nyos eldobhat\u00f3 vapeokkal, a <strong>\u00fajrat\u00f6lthet\u0151 funkci\u00f3<\/strong> lehet\u0151v\u00e9 teszi, hogy minden eszk\u00f6z\u00e9b\u0151l t\u00f6bbet hozzon ki, cs\u00f6kkentve a hullad\u00e9kot \u00e9s fenntarthat\u00f3bb\u00e1 t\u00e9ve a g\u0151z\u00f6l\u00e9si \u00e9lm\u00e9nyt.<\/li>\n<\/ul>\n<h3>V\u00e1s\u00e1rolja Meg Puff Adalya 16000 Term\u00e9ket Ma<\/h3>\n<p>K\u00e9szen \u00e1llsz a g\u0151z\u00f6l\u00e9si \u00e9lm\u00e9nyed szintre emel\u00e9s\u00e9re? V\u00e1s\u00e1rold meg a saj\u00e1t <strong>Puff Adalya 16000 Puffs<\/strong> t\u00f3l <a href=\"https:\/\/casinovape.de\/hu\/\"><strong>Casinovape<\/strong><\/a>a legnagyobb online kiskereskedelmi \u00e9rt\u00e9kes\u00edt\u00e9si platform az eldobhat\u00f3 g\u0151z\u00f6l\u0151kh\u00f6z <strong>N\u00e9metorsz\u00e1g<\/strong>Sz\u00e9les k\u00f6r\u0171 pr\u00e9mium eldobhat\u00f3 vape-eket k\u00edn\u00e1lunk, bele\u00e9rtve <strong>Al Fakher<\/strong>, <strong>Fizzy<\/strong>, <strong>OBEELAB HHC<\/strong>, <strong>V\u00e9letlenszer\u0171 F\u00fcst<\/strong>\u00e9s <strong>SMPO DL02<\/strong> m\u00e1rk\u00e1k. Nincs minim\u00e1lis rendel\u00e9si mennyis\u00e9g, \u00edgy egyb\u0151l elkezdheted v\u00e1s\u00e1rolni csak <strong>1 darab<\/strong>- \u00e9s sz\u00e1ll\u00edts\u00e1k ki eur\u00f3pai rakt\u00e1runkb\u00f3l <strong>3-7 nap<\/strong>Ne maradjon le az ultimate g\u0151z\u00f6l\u00e9si \u00e9lm\u00e9nyr\u0151l. Rendeljen most!<\/p>","protected":false},"excerpt":{"rendered":"<p>Fedezze fel a <strong>Puff Adalya 16000 Puffs<\/strong> \u00dajrat\u00f6lthet\u0151 eldobhat\u00f3 vape. Ak\u00e1r 16 000 sz\u00edv\u00e1ssal, \u00e1ll\u00edthat\u00f3 l\u00e9g\u00e1raml\u00e1ssal \u00e9s pr\u00e9mium \u00edzekkel, \u00e9lvezze a hossz\u00fa \u00e9lettartam\u00fa, sima vape-\u00e9lm\u00e9nyt. Gyors sz\u00e1ll\u00edt\u00e1s eur\u00f3pai Vape Rakt\u00e1runkb\u00f3l!<\/p>","protected":false},"featured_media":4016,"comment_status":"open","ping_status":"closed","template":"","meta":[],"product_brand":[],"product_cat":[36,78,79,81,83,84,86,87,88,89,90,91,94,95,98,99,65,66,67,68,69,70,71,72,73,74,75,76,77,57,62,45,48,50,52,54],"product_tag":[],"class_list":{"0":"post-4475","1":"product","2":"type-product","3":"status-publish","4":"has-post-thumbnail","6":"product_cat-adalya-disposable-vapes","7":"product_cat-buy-best-disposable-vape-flavors","8":"product_cat-apple-flavor-disposable-vapes","9":"product_cat-blueberry-flavor-disposable-vapes","10":"product_cat-cola-flavor-disposable-vapes","11":"product_cat-grape-flavor-disposable-vapes","12":"product_cat-ice-flavor-disposable-vapes","13":"product_cat-kiwi-flavor-disposable-vapes","14":"product_cat-lemon-flavor-disposable-vapes","15":"product_cat-lush-flavor-disposable-vapes","16":"product_cat-mango-flavor-disposable-vapes","17":"product_cat-mint-flavor-disposable-vapes","18":"product_cat-peach-flavor-disposable-vapes","19":"product_cat-pineapple-flavor-disposable-vapes","20":"product_cat-strawberry-flavor-disposable-vapes","21":"product_cat-watermelon-flavor-disposable-vapes","22":"product_cat-best-disposable-vape-in-europe","23":"product_cat-buy-disposable-vapes-in-austria","24":"product_cat-buy-disposable-vapes-in-belgium","25":"product_cat-buy-disposable-vapes-in-france","26":"product_cat-buy-disposable-vapes-in-germany","27":"product_cat-buy-disposable-vapes-in-italy","28":"product_cat-buy-disposable-vapes-in-netherlands","29":"product_cat-buy-disposable-vapes-in-norway","30":"product_cat-buy-disposable-vapes-in-poland","31":"product_cat-buy-disposable-vapes-in-portugal","32":"product_cat-buy-disposable-vapes-in-spain","33":"product_cat-buy-disposable-vapes-in-sweden","34":"product_cat-buy-disposable-vapes-in-switzerland","35":"product_cat-shop-disposable-vapes-by-puffs","36":"product_cat-16000-puff-disposable-vape","37":"product_cat-disposable-vape-types","38":"product_cat-big-puffs-disposable-vapes","39":"product_cat-digital-box-disposable-vapes","40":"product_cat-lower-nicotine-disposable-vapes","41":"product_cat-rechargeable-disposable-vapes","43":"first","44":"outofstock","45":"shipping-taxable","46":"product-type-variable"},"jetpack_sharing_enabled":true,"_links":{"self":[{"href":"https:\/\/casinovape.de\/hu\/wp-json\/wp\/v2\/product\/4475","targetHints":{"allow":["GET"]}}],"collection":[{"href":"https:\/\/casinovape.de\/hu\/wp-json\/wp\/v2\/product"}],"about":[{"href":"https:\/\/casinovape.de\/hu\/wp-json\/wp\/v2\/types\/product"}],"replies":[{"embeddable":true,"href":"https:\/\/casinovape.de\/hu\/wp-json\/wp\/v2\/comments?post=4475"}],"wp:featuredmedia":[{"embeddable":true,"href":"https:\/\/casinovape.de\/hu\/wp-json\/wp\/v2\/media\/4016"}],"wp:attachment":[{"href":"https:\/\/casinovape.de\/hu\/wp-json\/wp\/v2\/media?parent=4475"}],"wp:term":[{"taxonomy":"product_brand","embeddable":true,"href":"https:\/\/casinovape.de\/hu\/wp-json\/wp\/v2\/product_brand?post=4475"},{"taxonomy":"product_cat","embeddable":true,"href":"https:\/\/casinovape.de\/hu\/wp-json\/wp\/v2\/product_cat?post=4475"},{"taxonomy":"product_tag","embeddable":true,"href":"https:\/\/casinovape.de\/hu\/wp-json\/wp\/v2\/product_tag?post=4475"}],"curies":[{"name":"wp","href":"https:\/\/api.w.org\/{rel}","templated":true}]}}