{"id":4352,"date":"2024-11-27T12:52:05","date_gmt":"2024-11-27T12:52:05","guid":{"rendered":"https:\/\/casinovape.de\/?post_type=product&#038;p=4352"},"modified":"2025-04-08T08:13:44","modified_gmt":"2025-04-08T08:13:44","slug":"europai-raktar-vozol-csillag-20000-fujas-alacsony-nikotin-vasarlas-eredeti-autentikus-ujratoltheto-eldobhato-vapes-toll-2","status":"publish","type":"product","link":"https:\/\/casinovape.de\/hu\/termek\/europai-raktar-vozol-csillag-20000-fujas-alacsony-nikotin-vasarlas-eredeti-autentikus-ujratoltheto-eldobhato-vapes-toll-2\/","title":{"rendered":"Eur\u00f3pai Rakt\u00e1r Vozol Star 20000 Puffs Alacsony Nikotin V\u00e1s\u00e1roljon Eredeti Hiteles \u00dajrat\u00f6lthet\u0151 Eldobhat\u00f3 Vape Tollat"},"content":{"rendered":"<div class=\"flex-shrink-0 flex flex-col relative items-end\">\n<div>\n<div class=\"pt-0\">\n<div class=\"gizmo-shadow-stroke flex h-8 w-8 items-center justify-center overflow-hidden rounded-full\">\n<div class=\"h-full w-full\">\n<div style=\"width: 360px;\" class=\"wp-video\"><!--[if lt IE 9]><script>document.createElement('video');<\/script><![endif]-->\n<video class=\"wp-video-shortcode\" id=\"video-4352-1\" width=\"360\" height=\"640\" preload=\"metadata\" controls=\"controls\"><source type=\"video\/mp4\" src=\"https:\/\/casinovape.de\/wp-content\/uploads\/2024\/11\/vozol-star-20000.mp4?_=1\" \/><a href=\"https:\/\/casinovape.de\/wp-content\/uploads\/2024\/11\/vozol-star-20000.mp4\">https:\/\/casinovape.de\/wp-content\/uploads\/2024\/11\/vozol-star-20000.mp4<\/a><\/video><\/div>\n<\/div>\n<\/div>\n<\/div>\n<\/div>\n<\/div>\n<div class=\"group\/conversation-turn relative flex w-full min-w-0 flex-col agent-turn\">\n<div class=\"flex-col gap-1 md:gap-3\">\n<div class=\"flex max-w-full flex-col flex-grow\">\n<div class=\"min-h-8 text-message flex w-full flex-col items-end gap-2 whitespace-normal break-words [.text-message+&amp;]:mt-5\" dir=\"auto\" data-message-author-role=\"assistant\" data-message-id=\"19eefec6-29ef-4aae-8d64-1b6d062299fc\" data-message-model-slug=\"gpt-4o\">\n<div class=\"flex w-full flex-col gap-1 empty:hidden first:pt-[3px]\">\n<div class=\"markdown prose w-full break-words dark:prose-invert light\">\n<h2><a href=\"https:\/\/casinovape.de\/hu\/termekkategoria\/vozol-eldobhato-vapes\/\">Vozol<\/a> Star 20000 Puffs Eldobhat\u00f3 Vape: A V\u00e9gs\u0151 G\u0151z\u00f6l\u00e9si \u00c9lvezet<\/h2>\n<p>Ha az eldobhat\u00f3 vape-kr\u0151l van sz\u00f3, akkor a <strong>Vozol Star 20000 Puffs<\/strong> \u00daj m\u00e9rc\u00e9t \u00e1ll\u00edt fel a teljes\u00edtm\u00e9ny, a st\u00edlus \u00e9s a k\u00e9nyelem ter\u00e9n. A legmodernebb technol\u00f3gi\u00e1val tervezve, ez az eszk\u00f6z mindent k\u00edn\u00e1l, amit egy vaporiz\u00e1l\u00f3 felhaszn\u00e1l\u00f3 k\u00edv\u00e1nhat: hossz\u00fa \u00e9lettartam\u00fa teljes\u00edtm\u00e9ny, kiv\u00e1l\u00f3 vaporiz\u00e1l\u00e1si \u00e9lm\u00e9ny \u00e9s \u00e1ramvonalas eszt\u00e9tika. Ak\u00e1r tapasztalt vaporiz\u00e1l\u00f3 felhaszn\u00e1l\u00f3 vagy, ak\u00e1r csak most kezded, a Vozol Star 20000 Puffs k\u00f6telez\u0151 darab a gy\u0171jtem\u00e9nyedben.<\/p>\n<h2>R\u00e9szletes Term\u00e9k\u00e1ttekint\u00e9s: <a href=\"https:\/\/casinovape.de\/hu\/termekkategoria\/vozol-eldobhato-vapes\/\">Vozol Star 20000 Puffs<\/a> Eldobhat\u00f3 Vape<\/h2>\n<p>A <strong>Vozol Star 20000 Puffs Eldobhat\u00f3 Vape<\/strong> Kit\u0171nik a zs\u00fafolt eldobhat\u00f3 vape piac\u00e1n leny\u0171g\u00f6z\u0151 teljes\u00edtm\u00e9ny\u00e9vel \u00e9s felhaszn\u00e1l\u00f3bar\u00e1t funkci\u00f3ival. A hagyom\u00e1nyos vape-okkal ellent\u00e9tben a Vozol Star \u00fajrat\u00f6lthet\u0151 opci\u00f3t k\u00edn\u00e1l, \u00edgy k\u00f6rnyezetbar\u00e1t \u00e9s gazdas\u00e1gos is. Sz\u00ednes \u00edzek sz\u00e9les sk\u00e1l\u00e1j\u00e1val \u00e9s fejlett funkci\u00f3k sorozat\u00e1val rendelkezik, \u00edgy b\u00e1rmely vape felhaszn\u00e1l\u00f3 ig\u00e9nyeihez igazodik.<\/p>\n<h3>Er\u0151s \u00e9s Tart\u00f3s Teljes\u00edtm\u00e9ny<\/h3>\n<p>A Vozol Star 20000 Puffs egyik kiemelked\u0151 tulajdons\u00e1ga <strong>20 000 puff kapacit\u00e1s<\/strong>Ez a hossz\u00fa \u00e9lettartam biztos\u00edtja, hogy hosszabb vape sessionokat \u00e9lvezhessen an\u00e9lk\u00fcl, hogy folyamatosan cser\u00e9lnie kellene a k\u00e9sz\u00fcl\u00e9ket, \u00edgy rendk\u00edv\u00fcl k\u00f6lts\u00e9ghat\u00e9kony a rendszeres felhaszn\u00e1l\u00f3k sz\u00e1m\u00e1ra. A hossz\u00fa \u00e9lettartam\u00fa akkumul\u00e1tor \u00e9s a be\u00e9p\u00edtett funkci\u00f3k, p\u00e9ld\u00e1ul a dupla tekercs \u00e9s a \u00fajrat\u00f6lthet\u0151 akkumul\u00e1tor lehet\u0151v\u00e9 teszik a <strong>sim\u00e1bb g\u0151z\u00f6l\u00e9si \u00e9lm\u00e9ny<\/strong> minden alkalommal. B\u00facs\u00fazzon a gyakori ut\u00e1nt\u00f6lt\u00e9sekt\u0151l \u00e9s cser\u00e9kt\u0151l; a Vozol Star biztos\u00edtja a tart\u00f3ss\u00e1got an\u00e9lk\u00fcl, hogy kompromisszumot k\u00f6tne az \u00edz vagy a g\u0151zmin\u0151s\u00e9g ter\u00e9n.<\/p>\n<h3>Du\u00e1lis Mesh Tekercsek a Szuperior \u00cdz\u00e9rt<\/h3>\n<p>A Vozol Star 20000 haszn\u00e1l <strong>du\u00e1lis h\u00e1l\u00f3 tekercsek<\/strong> amelyeket \u00fagy terveztek, hogy gazdagabb \u00edzeket \u00e9s s\u0171r\u0171bb p\u00e1r\u00e1t biztos\u00edtsanak. Ezek a tekercsek optimaliz\u00e1lj\u00e1k a g\u0151z\u00f6l\u00e9si \u00e9lm\u00e9nyt az\u00e1ltal, hogy jav\u00edtj\u00e1k az \u00edzt \u00e9s a g\u0151ztermel\u00e9st, minden egyes sz\u00edv\u00e1sn\u00e1l kiel\u00e9g\u00edt\u0151 \u00e9s \u00e9lvezetes f\u00fcst\u00f6t hoznak l\u00e9tre. Ak\u00e1r ink\u00e1bb <strong>k\u00f6nny\u0171 p\u00e1ra<\/strong> vagy <strong>s\u0171r\u0171 felh\u0151k<\/strong>A kett\u0151s h\u00e1l\u00f3 tekercsek garant\u00e1lj\u00e1k, hogy megkapja a k\u00edv\u00e1nt \u00edzprofilt.<\/p>\n<h3>K\u00e9t \u00fczemm\u00f3d a szem\u00e9lyre szab\u00e1shoz<\/h3>\n<p>A <strong>du\u00e1lis m\u00f3d funkci\u00f3<\/strong> A Vozol Star 20000 ide\u00e1lis azok sz\u00e1m\u00e1ra, akik szem\u00e9lyre szeretn\u00e9k szabni tapasztalataikat. <strong>Eko m\u00f3d<\/strong> sim\u00e1bb, k\u00f6nnyebb g\u0151zt biztos\u00edt azok sz\u00e1m\u00e1ra, akik finomabb hat\u00e1st r\u00e9szes\u00edtenek el\u0151nyben, m\u00edg <strong>Teljes\u00edtm\u00e9ny m\u00f3d<\/strong> nagyobb, intenz\u00edvebb felh\u0151ket biztos\u00edt a teljesebb g\u0151z\u00f6l\u00e9si \u00e9lm\u00e9ny \u00e9rdek\u00e9ben. A m\u00f3dok k\u00f6z\u00f6tti v\u00e1lt\u00e1s egyszer\u0171 - csak nyomja meg egy gombot a v\u00e1lt\u00e1shoz, \u00edgy \u00d6n ir\u00e1ny\u00edthatja a g\u0151z\u00f6l\u00e9si sessiont.<\/p>\n<h3>Kompakt, St\u00edlusos \u00e9s Funkcion\u00e1lis Kialak\u00edt\u00e1s<\/h3>\n<p>Slim vonalvezet\u00e9s\u00e9vel <strong>gradiens f\u00e9mes kivitel<\/strong> \u00e9s <strong>t\u00fck\u00f6r HD k\u00e9perny\u0151<\/strong>Vozol Star 20000 nemcsak j\u00f3l teljes\u00edt, hanem nagyszer\u0171en is n\u00e9z ki. <strong>t\u00fck\u00f6rk\u00e9perny\u0151<\/strong> vil\u00e1gos inform\u00e1ci\u00f3kat ny\u00fajt, bele\u00e9rtve az akkumul\u00e1tor szintj\u00e9t \u00e9s az e-folyad\u00e9k \u00e1llapot\u00e1t is, \u00edgy mindig t\u00e1j\u00e9kozott lesz az eszk\u00f6z teljes\u00edtm\u00e9ny\u00e9r\u0151l. <strong>kompakt tervez\u00e9s<\/strong> hordozhat\u00f3s\u00e1got biztos\u00edt, lehet\u0151v\u00e9 t\u00e9ve, hogy b\u00e1rhov\u00e1 mag\u00e1val vigye a vape-ot, an\u00e9lk\u00fcl, hogy fel\u00e1ldozn\u00e1 a st\u00edlust.<\/p>\n<h3>Gyors t\u00f6lt\u00e9s \u00e9s k\u00e9nyelem<\/h3>\n<p>Elektronikai eszk\u00f6z\u00e9nek t\u00f6lt\u00e9s\u00e9re v\u00e1rni unalmas? A <strong>Vozol Star 20000<\/strong> teljesen felt\u00f6lthet\u0151 mind\u00f6ssze <strong>30 perc<\/strong>biztos\u00edtva, hogy gyorsan visszat\u00e9rjen a vapoz\u00e1shoz. Ezenk\u00edv\u00fcl a <strong>MTL (sz\u00e1jb\u00f3l a t\u00fcd\u0151be)<\/strong> A diz\u00e1jn ismer\u0151s \u00e9rz\u00e9st ny\u00fajt, hasonl\u00f3an a doh\u00e1nyz\u00e1shoz, \u00edgy nagyszer\u0171 v\u00e1laszt\u00e1s azok sz\u00e1m\u00e1ra, akik cigarett\u00e1r\u00f3l t\u00e9rnek \u00e1t.<\/p>\n<h3>Higi\u00e9nikus \u00e9s biztons\u00e1gos kialak\u00edt\u00e1s<\/h3>\n<p>A <strong>sz\u00e1jv\u00e9d\u0151<\/strong> Ez a funkci\u00f3 biztos\u00edtja, hogy a sz\u00e1jr\u00e9sz tiszta \u00e9s higi\u00e9nikus maradjon, t\u00e1vol tartva a szennyez\u0151d\u00e9seket, p\u00e9ld\u00e1ul a port \u00e9s a t\u00f6rmel\u00e9ket a sz\u00e1jr\u00e9szekt\u0151l, amikor \u00e9ppen nincs haszn\u00e1latban. Ez a higi\u00e9nia ir\u00e1nti figyelem az egyik oka annak, hogy a Vozol Star kiemelkedik, mint egy els\u0151 oszt\u00e1ly\u00fa vape eszk\u00f6z.<\/p>\n<h3>T\u00f6k\u00e9letes Kezd\u0151k \u00e9s Szak\u00e9rt\u0151k Sz\u00e1m\u00e1ra Egyar\u00e1nt<\/h3>\n<p>A <strong>Vozol Star 20000 Puffs<\/strong> kezd\u0151bar\u00e1t kialak\u00edt\u00e1s\u00fa, egyszer\u0171 funkci\u00f3kkal \u00e9s k\u00f6nny\u0171 haszn\u00e1lattal. Ak\u00e1r \u00faj vagy a vapel\u00e9s vil\u00e1g\u00e1ban, ak\u00e1r tapasztalt vaporer vagy, ez az eszk\u00f6z kiv\u00e1l\u00f3 v\u00e1laszt\u00e1s. Egyenes vonal\u00fa kialak\u00edt\u00e1sa ide\u00e1lis azok sz\u00e1m\u00e1ra, akik csak most kezdik, m\u00edg fejlett funkci\u00f3i kiel\u00e9g\u00edtik a tapasztalt vaperek ig\u00e9nyeit is.<\/p>\n<h2>Vozol Star 20000 Puffs Eldobhat\u00f3 Vape Jellemz\u0151i<\/h2>\n<ul>\n<li><strong>20 000+ Puffs<\/strong>: Hosszabb vape \u00fcl\u00e9sek, cs\u00f6kkentve a gyakori cser\u00e9k sz\u00fcks\u00e9gess\u00e9g\u00e9t.<\/li>\n<li><strong>\u00dajrat\u00f6lthet\u0151<\/strong>: K\u00f6rnyezetbar\u00e1t \u00e9s k\u00f6lts\u00e9ghat\u00e9kony gyors t\u00f6lt\u00e9s\u0171 akkumul\u00e1torral (csak 30 perc alatt teljesen felt\u00f6lt\u0151dik).<\/li>\n<li><strong>Du\u00e1lis h\u00e1l\u00f3 tekercsek<\/strong>Gazdag \u00edzt \u00e9s s\u0171r\u0171 p\u00e1r\u00e1t sz\u00e1ll\u00edt egy kiel\u00e9g\u00edt\u0151 sz\u00edv\u00e1s\u00e9rt.<\/li>\n<li><strong>K\u00e9t \u00fczemm\u00f3d<\/strong>: Eco m\u00f3d a k\u00f6nnyebb g\u0151z\u00e9rt \u00e9s Power m\u00f3d a s\u0171r\u0171 felh\u0151kh\u00f6z.<\/li>\n<li><strong>LED Kijelz\u0151<\/strong>: Val\u00f3s idej\u0171 friss\u00edt\u00e9seket biztos\u00edt az akkumul\u00e1tor \u00e9s az e-folyad\u00e9k szintj\u00e9r\u0151l.<\/li>\n<li><strong>5% Nikotin er\u0151ss\u00e9g<\/strong>: Kiel\u00e9g\u00edt\u0151 nikotinl\u00f6ket a teljes \u00e9rt\u00e9k\u0171 vape-\u00e9lm\u00e9nyhez.<\/li>\n<li><strong>MTL Design<\/strong>: Ide\u00e1lis a sz\u00e1jb\u00f3l t\u00fcd\u0151be p\u00e1rologtat\u00f3knak, akik sim\u00e1bb \u00e9lm\u00e9nyt szeretn\u00e9nek, hasonl\u00f3an a doh\u00e1nyz\u00e1shoz.<\/li>\n<li><strong>Sz\u00e1jv\u00e9d\u0151<\/strong>A higi\u00e9nikus kialak\u00edt\u00e1s megakad\u00e1lyozza a szennyez\u0151d\u00e9st.<\/li>\n<li><strong>St\u00edlusos \u00e9s kompakt kialak\u00edt\u00e1s<\/strong>: Gradiens f\u00e9mes kivitel, \u00e1ramvonalas feh\u00e9r h\u00e1zzal a hordozhat\u00f3s\u00e1g \u00e9s az eszt\u00e9tikai megjelen\u00e9s \u00e9rdek\u00e9ben.<\/li>\n<\/ul>\n<h2>Vozol Star 20000 Puffs \u00cdzek<\/h2>\n<p>A Vozol Star 20000 Puffs sz\u00e9les v\u00e1laszt\u00e9kban kaphat\u00f3, \u00ednycsikland\u00f3an finom \u00edzekben. Ak\u00e1r valami gy\u00fcm\u00f6lcs\u00f6s, jeges, vagy \u00e9des \u00edzt keres, mindenki sz\u00e1m\u00e1ra van megfelel\u0151 \u00edz. Itt van a teljes lista az el\u00e9rhet\u0151 \u00edzekr\u0151l:<\/p>\n<p><img loading=\"lazy\" decoding=\"async\" class=\"alignnone wp-image-3623 size-full\" src=\"https:\/\/casinovape.de\/wp-content\/uploads\/2024\/11\/vozol-star-20000.webp\" alt=\"Eur\u00f3pai Rakt\u00e1r Vozol Star 20000 Puffs Alacsony Nikotin V\u00e1s\u00e1roljon Eredeti Hiteles \u00dajrat\u00f6lthet\u0151 Eldobhat\u00f3 Vape Tollat\" width=\"1131\" height=\"1600\" srcset=\"https:\/\/casinovape.de\/wp-content\/uploads\/2024\/11\/vozol-star-20000.webp 1131w, https:\/\/casinovape.de\/wp-content\/uploads\/2024\/11\/vozol-star-20000-212x300.webp 212w, https:\/\/casinovape.de\/wp-content\/uploads\/2024\/11\/vozol-star-20000-724x1024.webp 724w, https:\/\/casinovape.de\/wp-content\/uploads\/2024\/11\/vozol-star-20000-768x1086.webp 768w, https:\/\/casinovape.de\/wp-content\/uploads\/2024\/11\/vozol-star-20000-1086x1536.webp 1086w, https:\/\/casinovape.de\/wp-content\/uploads\/2024\/11\/vozol-star-20000-8x12.webp 8w, https:\/\/casinovape.de\/wp-content\/uploads\/2024\/11\/vozol-star-20000-600x849.webp 600w\" sizes=\"auto, (max-width: 1131px) 100vw, 1131px\" \/><\/p>\n<ol>\n<li><strong>V\u00edzimelon J\u00e9g<\/strong>: Friss\u00edt\u0151 \u00e9s h\u0171t\u0151 g\u00f6r\u00f6gdinnye \u00edz, t\u00f6k\u00e9letes forr\u00f3 napokra. A j\u00e9ghideg lehelet friss\u00edt\u0151 csavart ad hozz\u00e1.<\/li>\n<li><strong>Sz\u0151l\u0151 J\u00e9g<\/strong>: Sima, l\u00e9d\u00fas sz\u0151l\u0151 \u00edz, amelyet h\u0171s\u00edt\u0151 j\u00e9g finish eg\u00e9sz\u00edt ki, ami egyszerre friss\u00edt\u0151 \u00e9s kiel\u00e9g\u00edt\u0151.<\/li>\n<li><strong>Mango j\u00e9g<\/strong>: \u00c9des, tr\u00f3pusi mang\u00f3 \u00edz, h\u0171s\u00edt\u0151 j\u00e9ghideg befejez\u00e9ssel, a v\u00e9gs\u0151 gy\u00fcm\u00f6lcs\u00f6s felfriss\u00fcl\u00e9st ny\u00fajtva.<\/li>\n<li><strong>Dupla Alma J\u00e9g<\/strong>K\u00e9t almafajta - \u00e9des \u00e9s savanyk\u00e1s - kever\u00e9ke, melyet egy fagyos j\u00e9g jegy eg\u00e9sz\u00edt ki, hogy t\u00f6k\u00e9letes egyens\u00falyt \u00e9rjen el.<\/li>\n<li><strong>Eper Kivi<\/strong>A l\u00e9d\u00fas eper \u00e9s a fanyar kivi t\u00f6k\u00e9letes kombin\u00e1ci\u00f3ja, mely \u00e9des \u00e9s egzotikus \u00edzprofilt eredm\u00e9nyez.<\/li>\n<li><strong>M\u00e1lna S\u00e1rgadinnye<\/strong>Egy gy\u00fcm\u00f6lcs\u00f6s kever\u00e9k savany\u00fa m\u00e1ln\u00e1b\u00f3l \u00e9s \u00e9des g\u00f6r\u00f6gdinny\u00e9b\u0151l, k\u00f6nnyed \u00e9s friss\u00edt\u0151 \u00edzt k\u00edn\u00e1lva.<\/li>\n<li><strong>Blue Razz Ice<\/strong>: \u00c9des \u00e9s fanyar k\u00e9k m\u00e1lna \u00edz, friss\u00edt\u0151 j\u00e9ghideg befejez\u00e9ssel, hogy feldobja az \u00edzt.<\/li>\n<li><strong>Eper Mang\u00f3<\/strong>: \u00c9rett mang\u00f3 \u00e9s \u00e9des eper tr\u00f3pusi kombin\u00e1ci\u00f3ja, t\u00f6k\u00e9letesen kiegyens\u00falyozott gy\u00fcm\u00f6lcs\u00f6s kever\u00e9ket hoz l\u00e9tre.<\/li>\n<li><strong>\u0150szibar\u00e1t Mang\u00f3 S\u00e1rgadinnye<\/strong>L\u00e9d\u00fas \u0151szibarack, tr\u00f3pusi mang\u00f3 \u00e9s \u00e9des g\u00f6r\u00f6gdinnye kombin\u00e1ci\u00f3ja, t\u00f6k\u00e9letes azok sz\u00e1m\u00e1ra, akik szeretik a r\u00e9tegzett gy\u00fcm\u00f6lcs\u00f6s \u00edzeket.<\/li>\n<li><strong>Cherry Cola<\/strong>Egy nosztalgikus cseresznye k\u00f3la \u00edz, \u00e9des \u00e9s sz\u00e9nsavas vape \u00e9lm\u00e9nyt ny\u00fajtva, sima befejez\u00e9ssel.<\/li>\n<li><strong>L\u00e9d\u00fas \u0150szibar\u00e1t J\u00e9g<\/strong>: Az \u00e9rett \u0151szibar\u00e1tok zamatos \u00edze, melyet egy h\u0171s\u00edt\u0151 j\u00e9g befejez\u00e9s tesz m\u00e9g friss\u00edt\u0151bb\u00e9.<\/li>\n<li><strong>Dragon StrawNana<\/strong>: S\u00e1rk\u00e1nygy\u00fcm\u00f6lcs, eper \u00e9s ban\u00e1n egyed\u00fcl\u00e1ll\u00f3 kever\u00e9ke, \u00e9des \u00e9s egzotikus \u00edzprofilt k\u00edn\u00e1lva.<\/li>\n<li><strong>Vegyes Bogy\u00f3k<\/strong>: Finom k\u00fcl\u00f6nf\u00e9le bogy\u00f3s gy\u00fcm\u00f6lcs\u00f6k kombin\u00e1ci\u00f3ja, amely minden egyes f\u00faj\u00e1sn\u00e1l \u00e9des \u00e9s fanyar \u00edzrobban\u00e1st biztos\u00edt.<\/li>\n<li><strong>Citrom Lime<\/strong>: Egy pik\u00e1ns kever\u00e9ke a savas citrom \u00e9s lime \u00edzeknek, t\u00f6k\u00e9letes azok sz\u00e1m\u00e1ra, akik szeretik a citrus alap\u00fa vape-eket.<\/li>\n<li><strong>Tr\u00f3pusi T\u00e1mad\u00e1s<\/strong>: Tr\u00f3pusi egzotikus gy\u00fcm\u00f6lcs\u00f6k kever\u00e9ke, \u00e9des \u00e9s friss\u00edt\u0151 \u00edzt biztos\u00edtva minden bel\u00e9gz\u00e9ssel.<\/li>\n<li><strong>K\u00e9k\u00e1fonvihar<\/strong>Sima \u00e1fony\u00e1s \u00edz, \u00e9dess\u00e9g \u00e9s enyhe savany\u00fas\u00e1g \u00e1rnyalataival, t\u00f6k\u00e9letes a bogy\u00f3s gy\u00fcm\u00f6lcs\u00f6k szerelmeseinek.<\/li>\n<li><strong>Illat Citrom<\/strong>: Citrusos \u00e9s vir\u00e1gos citrom \u00edz, friss \u00e9s \u00e9l\u00e9nk\u00edt\u0151 \u00edz\u00e9lm\u00e9nyt ny\u00fajtva.<\/li>\n<li><strong>Narancs Anan\u00e1sz Licsi<\/strong>: \u00c9des narancs, fanyar anan\u00e1sz \u00e9s egzotikus licsi tr\u00f3pusi kever\u00e9ke, t\u00f6k\u00e9letes azok sz\u00e1m\u00e1ra, akik a tr\u00f3pusi \u00edzvil\u00e1g kit\u00f6r\u00e9s\u00e9t szeretn\u00e9k.<\/li>\n<li><strong>Szeretet 777<\/strong>Egyedi \u00e9s misztikus gy\u00fcm\u00f6lcs \u00e9s cukorka kever\u00e9k, amely \u00e9des \u00e9s \u00edzletes \u00e9lm\u00e9nyt ny\u00fajt.<\/li>\n<li><strong>M\u00e1lna Alma G\u00f6r\u00f6gdinnye Anan\u00e1sz<\/strong>: Friss\u00edt\u0151 mix m\u00e1lna, alma, g\u00f6r\u00f6gdinnye \u00e9s anan\u00e1sz, \u00e9des \u00e9s savanyk\u00e1s \u00edzek kombin\u00e1ci\u00f3j\u00e1t biztos\u00edtva.<\/li>\n<\/ol>\n<h2>Mi\u00e9rt v\u00e1lasszon <a href=\"https:\/\/casinovape.de\/hu\/termekkategoria\/vozol-eldobhato-vapes\/\">Vozol<\/a> Star 20000 Puffs Eldobhat\u00f3 Vape<\/h2>\n<ul>\n<li><strong>Kiv\u00e9teles \u00cdz<\/strong>: A fejlett mesh tekercstechnol\u00f3gi\u00e1val a Vozol Star 20000 Puffs kiv\u00e1l\u00f3 \u00edzt ny\u00fajt, amely minden sz\u00edv\u00e1ssal kiel\u00e9g\u00edti v\u00e1gyait.<\/li>\n<li><strong>Megfizethet\u0151 \u00e9s k\u00e9nyelmes<\/strong>20 000 sz\u00edv\u00e1ssal ez a vape k\u00e9sz\u00fcl\u00e9k nagy \u00e9rt\u00e9ket ny\u00fajt a p\u00e9nz\u00e9rt, cs\u00f6kkentve a gyakori cser\u00e9k \u00e9s ut\u00e1nt\u00f6lt\u00e9sek sz\u00fcks\u00e9gess\u00e9g\u00e9t.<\/li>\n<li><strong>Gyors t\u00f6lt\u00e9s<\/strong>: Csak 30 perc alatt t\u00f6ltse fel teljesen k\u00e9sz\u00fcl\u00e9k\u00e9t, minimaliz\u00e1lva az \u00e1ll\u00e1sid\u0151t \u00e9s maximaliz\u00e1lva az \u00d6n g\u0151z\u00f6l\u00e9si \u00e9lvezet\u00e9t.<\/li>\n<li><strong>Sz\u00e9les \u00cdzsk\u00e1la<\/strong>A gy\u00fcm\u00f6lcs\u00f6st\u0151l az igazi hideg v\u00e1ltozatokig, minden \u00edzl\u00e9shez tal\u00e1lsz megfelel\u0151 \u00edzt, \u00edgy sosem fogsz unatkozni.<\/li>\n<li><strong>Min\u0151s\u00e9g \u00e9s biztons\u00e1g<\/strong>A Vozol Star 20000 Puffs higi\u00e9nikus sz\u00e1jr\u00e9sszel \u00e9s megb\u00edzhat\u00f3 teljes\u00edtm\u00e9nnyel \u00e9rkezik, biztos\u00edtva egy biztons\u00e1gos \u00e9s \u00e9lvezetes vape-\u00e9lm\u00e9nyt.<\/li>\n<\/ul>\n<h2>V\u00e1s\u00e1roljon Vozol Star 20000 Puffs-t <a href=\"https:\/\/casinovape.de\/hu\/\">Casinovape<\/a><\/h2>\n<p>Casinovape vezet\u0151 <strong>online kereskedelmi platform<\/strong> eldobhat\u00f3 vape-khez hasonl\u00f3an <strong>N\u00e9metorsz\u00e1g<\/strong>Sz\u00e9lesk\u00f6r\u0171, kiv\u00e1l\u00f3 min\u0151s\u00e9g\u0171 m\u00e1rk\u00e1kat k\u00edn\u00e1lunk, bele\u00e9rtve <strong>Al Fakher<\/strong>, <strong>Fizzy<\/strong>, <strong>OBEELAB HHC<\/strong>, <strong>V\u00e9letlenszer\u0171 F\u00fcst<\/strong>\u00e9s <strong>SMPO DL02<\/strong>mind versenyk\u00e9pes \u00e1ron. Nincs minim\u00e1lis rendel\u00e9si mennyis\u00e9g \u00e9s gyors sz\u00e1ll\u00edt\u00e1s t\u0151l\u00fcnk <strong>Eur\u00f3pai vape rakt\u00e1r<\/strong>Csak , akkor haszn\u00e1lhatja kedvenc eldobhat\u00f3 vape-j\u00e9t <strong>3-7 nap<\/strong>. Ak\u00e1r egyet, ak\u00e1r t\u00f6bbet v\u00e1s\u00e1rol, a Casinovape z\u00f6kken\u0151mentes \u00e9s probl\u00e9mamentes v\u00e1s\u00e1rl\u00e1si \u00e9lm\u00e9nyt biztos\u00edt.<\/p>\n<p><strong>Rendeljen most<\/strong> \u00c9s \u00e9lvezze a v\u00e9gs\u0151 vape-\u00e9lm\u00e9nyt a Vozol Star 20000 Puffs-al!<\/p>\n<\/div>\n<\/div>\n<\/div>\n<\/div>\n<\/div>\n<\/div>","protected":false},"excerpt":{"rendered":"<p>Bolt <strong>Vozol Star 20000 Puffs<\/strong> Eldobhat\u00f3 Vape a Casinovape-n\u00e1l, hossz\u00fa \u00e9lettartam\u00fa teljes\u00edtm\u00e9nnyel, gazdag \u00edzekkel \u00e9s gyors t\u00f6lt\u00e9ssel. \u00c9lvezze a pr\u00e9mium g\u0151z\u00f6l\u00e9st minim\u00e1lis rendel\u00e9si mennyis\u00e9g n\u00e9lk\u00fcl \u00e9s gyors sz\u00e1ll\u00edt\u00e1ssal eur\u00f3pai rakt\u00e1runkb\u00f3l.<\/p>","protected":false},"featured_media":5259,"comment_status":"open","ping_status":"closed","template":"","meta":[],"product_brand":[],"product_cat":[22,78,79,80,81,82,83,84,86,87,88,90,92,94,95,96,98,99,65,66,67,68,69,70,71,72,73,74,75,76,77,57,63,45,48,50,51,47,52,54],"product_tag":[],"class_list":{"0":"post-4352","1":"product","2":"type-product","3":"status-publish","4":"has-post-thumbnail","6":"product_cat-vozol-disposable-vapes","7":"product_cat-buy-best-disposable-vape-flavors","8":"product_cat-apple-flavor-disposable-vapes","9":"product_cat-blue-razz-flavor-disposable-vapes","10":"product_cat-blueberry-flavor-disposable-vapes","11":"product_cat-cherry-flavor-disposable-vapes","12":"product_cat-cola-flavor-disposable-vapes","13":"product_cat-grape-flavor-disposable-vapes","14":"product_cat-ice-flavor-disposable-vapes","15":"product_cat-kiwi-flavor-disposable-vapes","16":"product_cat-lemon-flavor-disposable-vapes","17":"product_cat-mango-flavor-disposable-vapes","18":"product_cat-mixed-berries-flavor-disposable-vapes","19":"product_cat-peach-flavor-disposable-vapes","20":"product_cat-pineapple-flavor-disposable-vapes","21":"product_cat-raspberry-flavor-disposable-vapes","22":"product_cat-strawberry-flavor-disposable-vapes","23":"product_cat-watermelon-flavor-disposable-vapes","24":"product_cat-best-disposable-vape-in-europe","25":"product_cat-buy-disposable-vapes-in-austria","26":"product_cat-buy-disposable-vapes-in-belgium","27":"product_cat-buy-disposable-vapes-in-france","28":"product_cat-buy-disposable-vapes-in-germany","29":"product_cat-buy-disposable-vapes-in-italy","30":"product_cat-buy-disposable-vapes-in-netherlands","31":"product_cat-buy-disposable-vapes-in-norway","32":"product_cat-buy-disposable-vapes-in-poland","33":"product_cat-buy-disposable-vapes-in-portugal","34":"product_cat-buy-disposable-vapes-in-spain","35":"product_cat-buy-disposable-vapes-in-sweden","36":"product_cat-buy-disposable-vapes-in-switzerland","37":"product_cat-shop-disposable-vapes-by-puffs","38":"product_cat-20000-puff-disposable-vape","39":"product_cat-disposable-vape-types","40":"product_cat-big-puffs-disposable-vapes","41":"product_cat-digital-box-disposable-vapes","42":"product_cat-dual-mesh-disposable-vapes","43":"product_cat-full-screen-disposable-vapes","44":"product_cat-lower-nicotine-disposable-vapes","45":"product_cat-rechargeable-disposable-vapes","47":"first","48":"instock","49":"sale","50":"shipping-taxable","51":"purchasable","52":"product-type-variable"},"jetpack_sharing_enabled":true,"_links":{"self":[{"href":"https:\/\/casinovape.de\/hu\/wp-json\/wp\/v2\/product\/4352","targetHints":{"allow":["GET"]}}],"collection":[{"href":"https:\/\/casinovape.de\/hu\/wp-json\/wp\/v2\/product"}],"about":[{"href":"https:\/\/casinovape.de\/hu\/wp-json\/wp\/v2\/types\/product"}],"replies":[{"embeddable":true,"href":"https:\/\/casinovape.de\/hu\/wp-json\/wp\/v2\/comments?post=4352"}],"wp:featuredmedia":[{"embeddable":true,"href":"https:\/\/casinovape.de\/hu\/wp-json\/wp\/v2\/media\/5259"}],"wp:attachment":[{"href":"https:\/\/casinovape.de\/hu\/wp-json\/wp\/v2\/media?parent=4352"}],"wp:term":[{"taxonomy":"product_brand","embeddable":true,"href":"https:\/\/casinovape.de\/hu\/wp-json\/wp\/v2\/product_brand?post=4352"},{"taxonomy":"product_cat","embeddable":true,"href":"https:\/\/casinovape.de\/hu\/wp-json\/wp\/v2\/product_cat?post=4352"},{"taxonomy":"product_tag","embeddable":true,"href":"https:\/\/casinovape.de\/hu\/wp-json\/wp\/v2\/product_tag?post=4352"}],"curies":[{"name":"wp","href":"https:\/\/api.w.org\/{rel}","templated":true}]}}