{"id":4292,"date":"2024-11-27T12:51:56","date_gmt":"2024-11-27T12:51:56","guid":{"rendered":"https:\/\/casinovape.de\/?post_type=product&#038;p=4292"},"modified":"2025-09-19T06:59:51","modified_gmt":"2025-09-19T06:59:51","slug":"europai-raktar-platina-rud-20000-fujas-alacsony-nikotin-vasarlas-eredeti-autentikus-ujratoltheto-eldobhato-vapes-toll","status":"publish","type":"product","link":"https:\/\/casinovape.de\/hu\/termek\/europai-raktar-platina-rud-20000-fujas-alacsony-nikotin-vasarlas-eredeti-autentikus-ujratoltheto-eldobhato-vapes-toll\/","title":{"rendered":"Eur\u00f3pai Rakt\u00e1r Platina B\u00e1r 15000 Puff Alacsony Nikotin V\u00e1s\u00e1roljon Eredeti Eredeti \u00dajrat\u00f6lthet\u0151 Eldobhat\u00f3 Vape Tollat"},"content":{"rendered":"<div style=\"width: 1020px;\" class=\"wp-video\"><!--[if lt IE 9]><script>document.createElement('video');<\/script><![endif]-->\n<video class=\"wp-video-shortcode\" id=\"video-4292-1\" width=\"1020\" height=\"1813\" preload=\"metadata\" controls=\"controls\"><source type=\"video\/mp4\" src=\"https:\/\/casinovape.de\/wp-content\/uploads\/2024\/11\/PB20K_VIDEO.mp4?_=1\" \/><a href=\"https:\/\/casinovape.de\/wp-content\/uploads\/2024\/11\/PB20K_VIDEO.mp4\">https:\/\/casinovape.de\/wp-content\/uploads\/2024\/11\/PB20K_VIDEO.mp4<\/a><\/video><\/div>\n<h2><strong><a href=\"https:\/\/casinovape.de\/hu\/termekkategoria\/platina-rud-eldobhato-vape\/\">Platina B\u00e1r 15 000 Puff<\/a> Eldobhat\u00f3 Vape: A V\u00e9gs\u0151 G\u0151z\u00f6l\u00e9si \u00c9lvezet<\/strong><\/h2>\n<p>Ha az eldobhat\u00f3 vape-kr\u0151l van sz\u00f3, akkor a <strong>Platina B\u00e1r 15 000 Puff Vape Toll<\/strong> Kiemelkedik, mint egy kiv\u00e1l\u00f3 lehet\u0151s\u00e9g mind a kezd\u0151, mind a tapasztalt vaperek sz\u00e1m\u00e1ra. A k\u00e9nyelem \u00e9s a hossz\u00fa \u00e9lettartam \u00e9rdek\u00e9ben tervezve, ez a vape folyamatos vapoz\u00e1si \u00e9lm\u00e9nyt ny\u00fajt, st\u00edlusos kialak\u00edt\u00e1ssal, amely t\u00f6k\u00e9letes a mindennapi haszn\u00e1latra. Ak\u00e1r kiel\u00e9g\u00edt\u0151 \u00edzt, ak\u00e1r nagy teljes\u00edtm\u00e9ny\u0171 k\u00e9sz\u00fcl\u00e9ket keres, a Platinum Bar minden p\u00f6f\u00e9kel\u00e9sn\u00e9l garant\u00e1lja az el\u00e9gedetts\u00e9get.<\/p>\n<h3>Egy Hosszantart\u00f3 Vape Megold\u00e1s<\/h3>\n<p>A kiemelked\u0151 tulajdons\u00e1gai k\u00f6z\u00fcl az egyik <strong>Platina B\u00e1r 15 000 Puff Eldobhat\u00f3 Vape<\/strong> leny\u0171g\u00f6z\u0151 durran\u00e1ssz\u00e1ma. Az a k\u00e9pess\u00e9g, hogy k\u00e9pes sz\u00e1ll\u00edtani <strong>legfeljebb 15 000 sz\u00edv\u00e1s<\/strong>Ez az eszk\u00f6z k\u00edn\u00e1lja <strong>kiv\u00e9teles hossz\u00fa \u00e9lettartam<\/strong> hossz\u00fa t\u00e1v\u00fa vape-\u00e9lm\u00e9nyt biztos\u00edt, gyakori csere n\u00e9lk\u00fcl.<\/p>\n<p>M\u00e1s, a piacon kaphat\u00f3 eldobhat\u00f3 vape-okkal szemben, a Platinum Bar egy <strong>pr\u00e9mium min\u0151s\u00e9g\u0171 \u00fajrat\u00f6lthet\u0151 akkumul\u00e1tor<\/strong>biztos\u00edtva, hogy minden p\u00f6f\u00f6g\u00e9s ugyanolyan \u00edzletes maradjon, mint az els\u0151. Ak\u00e1r a relax\u00e1ci\u00f3, ak\u00e1r a napi energial\u00f6ket \u00e9rdek\u00e9ben vapozik, a Platinum Bar k\u00f6vetkezetesen kiel\u00e9g\u00edt\u0151 p\u00e1r\u00e1t \u00e9s \u00e9l\u00e9nk \u00edzt sz\u00e1ll\u00edt.<\/p>\n<h3>Magas teljes\u00edtm\u00e9ny \u00e9s p\u00e1ratlan k\u00e9nyelem<\/h3>\n<p>A <strong>Platina B\u00e1r 15 000 Puff Vape Toll<\/strong> olyanoknak tervezt\u00e9k, akik mindkett\u0151t keresik <strong>magas teljes\u00edtm\u00e9ny<\/strong> \u00e9s <strong>haszn\u00e1lhat\u00f3s\u00e1g<\/strong>Minden k\u00e9sz\u00fcl\u00e9k pr\u00e9mium e-folyad\u00e9kkal van el\u0151re felt\u00f6ltve, ami sima \u00e9s \u00edzletes g\u0151z\u00f6l\u00e9si \u00e9lm\u00e9nyt ny\u00fajt, amelyhez nincs sz\u00fcks\u00e9g semmilyen zavaros \u00fajrat\u00f6lt\u00e9sre vagy bonyolult be\u00e1ll\u00edt\u00e1sra. Csak csomagolja ki \u00e9s kezdjen el azonnal g\u0151z\u00f6lni! Ez teszi t\u00f6k\u00e9letes v\u00e1laszt\u00e1ss\u00e1 azok sz\u00e1m\u00e1ra, akik <strong>\u00datk\u00f6zben g\u0151z\u00f6l\u0151k<\/strong>legyen ak\u00e1r otthon, munk\u00e1ban vagy utaz\u00e1s k\u00f6zben.<\/p>\n<p>Tov\u00e1bb\u00e1, az eszk\u00f6z az <strong>diszkr\u00e9t \u00e9s hordozhat\u00f3<\/strong>K\u00f6nnyen elf\u00e9r a zseb\u00e9ben vagy t\u00e1sk\u00e1j\u00e1ban, \u00edgy b\u00e1rhov\u00e1 mag\u00e1val viheti a Platinum Bart. Kompakt kialak\u00edt\u00e1sa nem kompromitt\u00e1lja az \u00edzt vagy a g\u0151ztermel\u00e9st, biztos\u00edtva, hogy minden pillanatot \u00e9lvezzen.<\/p>\n<p><img loading=\"lazy\" decoding=\"async\" class=\"alignnone wp-image-3125 size-full\" src=\"https:\/\/casinovape.de\/wp-content\/uploads\/2024\/11\/platinum-bar-20000-2.webp\" alt=\"Eur\u00f3pai Rakt\u00e1r Platina B\u00e1r 15000 Puff Alacsony Nikotin V\u00e1s\u00e1roljon Eredeti Eredeti \u00dajrat\u00f6lthet\u0151 Eldobhat\u00f3 Vape Tollat \" width=\"618\" height=\"618\" srcset=\"https:\/\/casinovape.de\/wp-content\/uploads\/2024\/11\/platinum-bar-20000-2.webp 618w, https:\/\/casinovape.de\/wp-content\/uploads\/2024\/11\/platinum-bar-20000-2-300x300.webp 300w, https:\/\/casinovape.de\/wp-content\/uploads\/2024\/11\/platinum-bar-20000-2-150x150.webp 150w, https:\/\/casinovape.de\/wp-content\/uploads\/2024\/11\/platinum-bar-20000-2-12x12.webp 12w, https:\/\/casinovape.de\/wp-content\/uploads\/2024\/11\/platinum-bar-20000-2-600x600.webp 600w, https:\/\/casinovape.de\/wp-content\/uploads\/2024\/11\/platinum-bar-20000-2-100x100.webp 100w\" sizes=\"auto, (max-width: 618px) 100vw, 618px\" \/><\/p>\n<h3>Mi\u00e9rt V\u00e1lassza a <a href=\"https:\/\/casinovape.de\/hu\/termekkategoria\/platina-rud-eldobhato-vape\/\">Platina B\u00e1r<\/a> 15 000 Puffs Vape<\/h3>\n<h4><strong>1. Puffs Up to 15,000<\/strong><\/h4>\n<p>Kisz\u00e1ll\u00edt\u00e1ssal <strong>legfeljebb 15 000 sz\u00edv\u00e1s<\/strong>A Platinum Bar biztos\u00edtja a hossz\u00fa t\u00e1v\u00fa g\u0151z\u00f6l\u00e9si \u00e9lm\u00e9nyt, amely fel\u00fclm\u00falja a piacon l\u00e9v\u0151 sok m\u00e1s eldobhat\u00f3 vape-ot. Ez a hosszabb \u00e9lettartam ide\u00e1lis a rendszeres g\u0151z\u00f6l\u0151k sz\u00e1m\u00e1ra, akik el akarj\u00e1k ker\u00fclni a gyakori v\u00e1s\u00e1rl\u00e1sokat.<\/p>\n<h4><strong>2. \u00dajrat\u00f6lthet\u0151 k\u00e9nyelem<\/strong><\/h4>\n<p>A Platinum b\u00e1rban van egy <strong>\u00fajrat\u00f6lthet\u0151 akkumul\u00e1tor<\/strong>Ez\u00e1ltal k\u00f6rnyezetbar\u00e1t v\u00e1laszt\u00e1ss\u00e1 v\u00e1lik a vaperek sz\u00e1m\u00e1ra.  Sok eldobhat\u00f3 k\u00e9sz\u00fcl\u00e9kkel ellent\u00e9tben, amelyeket az akkumul\u00e1tor kimer\u00fcl\u00e9se ut\u00e1n dobnak el, a Platinum Bar lehet\u0151v\u00e9 teszi a t\u00f6lt\u00e9st \u00e9s m\u00e9g t\u00f6bb vape kiel\u00e9g\u00edt\u00e9st ny\u00fajt, aj\u00e1nlva <strong>nagyon j\u00f3 \u00e1r-\u00e9rt\u00e9k ar\u00e1ny<\/strong>.<\/p>\n<h4><strong>3. Folyamatos G\u0151z\u00f6l\u00e9si \u00c9lvezet<\/strong><\/h4>\n<p>A maga r\u00e9sz\u00e9r\u0151l <strong>magas sz\u00ednvonal\u00fa teljes\u00edtm\u00e9ny<\/strong> \u00e9s <strong>megb\u00edzhat\u00f3 akkumul\u00e1tor<\/strong>A Platinum Bar biztos\u00edtja, hogy az els\u0151 sz\u00edv\u00e1st\u00f3l az utols\u00f3ig egyenletes p\u00e1r\u00e1t tapasztaljon. Nem kell agg\u00f3dnia a nem egyenletes teljes\u00edtm\u00e9ny vagy az \u00edz elveszt\u00e9se miatt a vape sessionjei sor\u00e1n.<\/p>\n<h4><strong>4. Pr\u00e9mium \u00cdzek Minden \u00cdzl\u00e9shez<\/strong><\/h4>\n<p>Sz\u00e9lesk\u00f6r\u0171 izgalmas \u00edzekben kaphat\u00f3, a Platinum Bar mindenf\u00e9le vaporer sz\u00e1m\u00e1ra egyedi \u00edzprofilt ny\u00fajt. A friss gy\u00fcm\u00f6lcs\u00f6s lehet\u0151s\u00e9gekt\u0151l a klasszikus mentolos kever\u00e9kekig megtal\u00e1lja a t\u00f6k\u00e9letes vape-ot, amely kiel\u00e9g\u00edti v\u00e1gyait.<\/p>\n<h4><strong>5. Letisztult \u00e9s St\u00edlusos Kialak\u00edt\u00e1s<\/strong><\/h4>\n<p>A karcs\u00fa, <strong>kompakt tervez\u00e9s<\/strong> A Platinum Bar kialak\u00edt\u00e1sa biztos\u00edtja a k\u00f6nny\u0171 haszn\u00e1latot \u00e9s a hordozhat\u00f3s\u00e1got. Ergon\u00f3mikus form\u00e1ja k\u00e9nyelmesen illeszkedik a k\u00e9zbe, m\u00edg a szemet gy\u00f6ny\u00f6rk\u00f6dtet\u0151 eszt\u00e9tika eleganci\u00e1t k\u00f6lcs\u00f6n\u00f6z az \u00d6n g\u0151z\u00f6l\u00e9si rutinj\u00e1nak.<\/p>\n<h3>Platina B\u00e1r 15 000 Puff \u00edzek<\/h3>\n<p>Ak\u00e1r a mer\u00e9sz, gy\u00fcm\u00f6lcs\u00f6s \u00edzek kedvel\u0151je, ak\u00e1r valami hagyom\u00e1nyosabb dolgot r\u00e9szes\u00edt el\u0151nyben, a Platinum Bar 20 000 Puffs sz\u00e1mos lehet\u0151s\u00e9get k\u00edn\u00e1l minden \u00edzl\u00e9s kiel\u00e9g\u00edt\u00e9s\u00e9re. Itt tal\u00e1lhat\u00f3 az el\u00e9rhet\u0151 \u00edzek teljes list\u00e1ja:<\/p>\n<ol>\n<li><strong>Fekete K\u00f3l\u00e1s J\u00e9g<\/strong><br \/>\nEgy friss\u00edt\u0151 k\u00f3la \u00edz, ropog\u00f3s j\u00e9g befejez\u00e9ssel, t\u00f6k\u00e9letes azok sz\u00e1m\u00e1ra, akik szeretik a h\u0171s, pezsg\u0151 \u00e9rz\u00e9st.<\/li>\n<li><strong>Fekete Friss Menta<\/strong><br \/>\nSim\u00e1bb, mentolos \u00e9lm\u00e9ny, amely minden sz\u00edv\u00e1sn\u00e1l felfriss\u00edti az \u00edzlel\u0151bimb\u00f3kat.<\/li>\n<li><strong>Fekete Sz\u0151l\u0151 J\u00e9g<\/strong><br \/>\n\u00c9des \u00e9s l\u00e9d\u00fas sz\u0151l\u0151 \u00edz, j\u00e9ghideg mentolos befejez\u00e9ssel, ami extra frissess\u00e9get ad.<\/li>\n<li><strong>Fekete Sz\u0151l\u0151 Licsi Grapefruit<\/strong><br \/>\nEgy \u00f6sszetett kever\u00e9k fekete sz\u0151l\u0151, egzotikus litchi \u00e9s savas grapefruit egyens\u00falyozott, gy\u00fcm\u00f6lcs\u00f6s vape-hoz.<\/li>\n<li><strong>Fekete Doh\u00e1ny<\/strong><br \/>\nKlasszikus, gazdag doh\u00e1ny \u00edz m\u00e9ly, f\u00fcst\u00f6s al\u00e1fest\u00e9sekkel. Ide\u00e1lis a hagyom\u00e1nyos cigaretta doh\u00e1nyosok sz\u00e1m\u00e1ra, akik hiteles \u00edzt keresnek.<\/li>\n<li><strong>Arany Ban\u00e1n J\u00e9g<\/strong><br \/>\nKr\u00e9mes \u00e9s \u00e9des ban\u00e1n \u00edz, friss\u00edt\u0151 j\u00e9ghideg \u00e9rzettel egyens\u00falyozva.<\/li>\n<li><strong>Arany Citrom J\u00e9g<\/strong><br \/>\nEgy pik\u00e1ns citrom \u00edz, h\u0171s, jeges \u00e9rzettel, ami kiel\u00e9g\u00edti citrusos v\u00e1gyait.<\/li>\n<li><strong>Arany Anan\u00e1sz J\u00e9g<\/strong><br \/>\nTr\u00f3pusi anan\u00e1sz \u00edz, sima j\u00e9ghideg befejez\u00e9ssel kieg\u00e9sz\u00edtve, amely egy tr\u00f3pusi szell\u0151 \u00edz\u00e9t k\u00f6zvet\u00edti.<\/li>\n<li><strong>Arany \u00c9rett Mang\u00f3<\/strong><br \/>\nL\u00e9d\u00fas, \u00e9rett mang\u00f3 \u00edz, amely term\u00e9szetesen \u00e9des, \u00e9s minden f\u00faj\u00e1sban naps\u00fct\u00e9ses \u00edzt k\u00edn\u00e1l.<\/li>\n<li><strong>Arany Tr\u00f3pusi Anan\u00e1sz \u0150szibar\u00e1t<\/strong><br \/>\nEgy kellemes kombin\u00e1ci\u00f3ja a fanyar anan\u00e1sznak \u00e9s az \u00e9des \u0151szibaracknak, \u00f6sszehozva a tr\u00f3pusi \u00e9s gy\u00fcm\u00f6lcs\u00f6s \u00edzeket.<\/li>\n<li><strong>R\u00f3zsa Alma Eper<\/strong><br \/>\n\u00c9des, l\u00e9d\u00fas alma friss eperrel kombin\u00e1lva, gy\u00fcm\u00f6lcs\u00f6s, friss\u00edt\u0151 \u00e9lm\u00e9ny\u00e9rt.<\/li>\n<li><strong>R\u00f3zsa Fizzy Cherry<\/strong><br \/>\nEgy fanyar cseresznye \u00edz, pezsg\u0151, habz\u00f3 befejez\u00e9ssel, ide\u00e1lis azok sz\u00e1m\u00e1ra, akik szeretik a sz\u00e9nsavas vape-ot.<\/li>\n<li><strong>R\u00f3zsa Eper S\u00e1rgadinnye<\/strong><br \/>\nEgy \u00edzletes eper \u00e9s g\u00f6r\u00f6gdinnye kever\u00e9k, amely l\u00e9d\u00fas, \u00ednycsikland\u00f3 \u00edzkombin\u00e1ci\u00f3t k\u00edn\u00e1l.<\/li>\n<li><strong>R\u00f3zsa Ny\u00e1ri Gy\u00fcm\u00f6lcs\u00f6k<\/strong><br \/>\n\u00c9rett ny\u00e1ri bogy\u00f3k v\u00e1logat\u00e1sa, mely \u00f6sszehozza a szilva, m\u00e1lna \u00e9s eper \u00e9des \u00edzeit.<\/li>\n<li><strong>R\u00f3zsa G\u00f6r\u00f6gdinnye R\u00e1g\u00f3gumi<\/strong><br \/>\nEgy sz\u00f3rakoztat\u00f3, nosztalgikus \u00e9des g\u00f6r\u00f6gdinnye \u00e9s r\u00e1g\u00f3gumi \u00edz kombin\u00e1ci\u00f3ja, t\u00f6k\u00e9letes azok sz\u00e1m\u00e1ra, akik szeretik a j\u00e1t\u00e9kos vape-ot.<\/li>\n<li><strong>Ez\u00fcst K\u00e9k M\u00e1lna<\/strong><br \/>\nFinoman savas m\u00e1lnaszagot sima \u00e1fony\u00e1s befejez\u00e9s eg\u00e9sz\u00edt ki.<\/li>\n<li><strong>Ez\u00fcst \u00c1fonya M\u00e1lna Citromos Limon\u00e1d\u00e9<\/strong><br \/>\nEgy pik\u00e1ns citroml\u00e9 kever\u00e9k, savany\u00fa m\u00e1ln\u00e1val \u00e9s \u00e1fony\u00e1val, amely friss\u00edt\u0151, citrusos vape-ot k\u00edn\u00e1l.<\/li>\n<li><strong>Ez\u00fcst Kivi Passi\u00f3gy\u00fcm\u00f6lcs Guava<\/strong><br \/>\nTr\u00f3pusi f\u00fazi\u00f3ja a kivinek, a passi\u00f3gy\u00fcm\u00f6lcsnek \u00e9s a guav\u00e1nak, egzotikus, friss\u00edt\u0151 \u00edz\u00e9lm\u00e9nyt ny\u00fajtva.<\/li>\n<li><strong>Ez\u00fcstbarack J\u00e9g<\/strong><br \/>\nSima, l\u00e9d\u00fas \u0151szibar\u00e1t \u00edz, friss\u00edt\u0151 j\u00e9ghideg csavarral, t\u00f6k\u00e9letes egy h\u0171v\u00f6s, gy\u00fcm\u00f6lcs\u00f6s vape-hoz.<\/li>\n<li><strong>Ez\u00fcst g\u00f6r\u00f6gdinnye j\u00e9g<\/strong><br \/>\n\u00c9des, l\u00e9d\u00fas g\u00f6r\u00f6gdinnye, fagyos j\u00e9ggel bevonva, h\u0171s\u00edt\u0151 finoms\u00e1g a forr\u00f3 ny\u00e1ri napokra.<\/li>\n<\/ol>\n<h3>V\u00e1s\u00e1rolja meg a <a href=\"https:\/\/casinovape.de\/hu\/termekkategoria\/platina-rud-eldobhato-vape\/\">Platina B\u00e1r<\/a> Eldobhat\u00f3 Vape Ma<\/h3>\n<p>Tapasztalja meg <strong>Platina B\u00e1r 15 000 Puff Eldobhat\u00f3 Vape<\/strong> Ma \u00e9s emeld a vape-od a k\u00f6vetkez\u0151 szintre! Ak\u00e1r egy hossz\u00fa \u00e9lettartam\u00fa k\u00e9sz\u00fcl\u00e9ket, ak\u00e1r egy pr\u00e9mium \u00edzek v\u00e1ltozatoss\u00e1g\u00e1t keresed, ez a vape minden sz\u00fcks\u00e9ges dolgot tartalmaz.<\/p>\n<p>V\u00e1s\u00e1roljon n\u00e1lunk <a href=\"https:\/\/casinovape.de\/hu\/\"><strong>Casinovape<\/strong><\/a>a legnagyobb <strong>online kiskereskedelmi \u00e9rt\u00e9kes\u00edt\u00e9si platform eldobhat\u00f3 g\u0151z\u00f6l\u0151kh\u00f6z N\u00e9metorsz\u00e1gban<\/strong>K\u00e9nyelmes megold\u00e1st k\u00edn\u00e1lunk <strong>Nincs minim\u00e1lis rendel\u00e9si mennyis\u00e9g<\/strong>gyors sz\u00e1ll\u00edt\u00e1ssal rendelhet\u0151 <strong>Eur\u00f3pai Vape Rakt\u00e1r<\/strong>A rendel\u00e9sed mindj\u00e1rt meg\u00e9rkezik <strong>3-7 nap<\/strong> b\u00e1rhov\u00e1 az EU-n bel\u00fcl. V\u00e1s\u00e1roljon k\u00f6zvetlen\u00fcl t\u0151l\u00fcnk, hogy \u00e9lvezhesse a legjobb m\u00e1rk\u00e1kat, mint p\u00e9ld\u00e1ul <a href=\"https:\/\/casinovape.de\/hu\/termekkategoria\/al-fakher-eldobhato-vapes\/\"><strong>Al Fakher<\/strong><\/a>, <strong>Fizzy<\/strong>, <a href=\"https:\/\/casinovape.de\/hu\/termekkategoria\/obeelab-hhc-eldobhato-vapes\/\"><strong>OBEELAB HHC<\/strong><\/a>\u00e9s <strong>SMPO DL02<\/strong>\u00e9s tapasztalat <strong>pr\u00e9mium min\u0151s\u00e9g\u0171 g\u0151z\u00f6l\u00e9s<\/strong> Legszebb form\u00e1j\u00e1ban.<\/p>\n<p>Ak\u00e1r tapasztalt vaporiz\u00e1l\u00f3 vagy, ak\u00e1r csak most kezded, platformunk biztos\u00edtja, hogy a legjobb eldobhat\u00f3 vape-eket szerezd be, verhetetlen \u00e1rakkal \u00e9s v\u00e1s\u00e1rl\u00f3i el\u00e9gedetts\u00e9ggel. <strong>V\u00e1s\u00e1roljon most<\/strong> \u00e9s emelje fel g\u0151z\u00f6l\u00e9si \u00e9lm\u00e9ny\u00e9t a Platinum Bar-ral!<\/p>","protected":false},"excerpt":{"rendered":"<div class=\"flex-shrink-0 flex flex-col relative items-end\">\n<div>\n<div class=\"pt-0\">\n<div class=\"gizmo-shadow-stroke flex h-8 w-8 items-center justify-center overflow-hidden rounded-full\">\n<div class=\"h-full w-full\">\n<div class=\"gizmo-shadow-stroke overflow-hidden rounded-full\"><span style=\"color: #555555;\">Fedezze fel a<strong> Platina B\u00e1r 15 000 Puff<\/strong> Eldobhat\u00f3 Vape, amely hossz\u00fa \u00e9lettartam\u00fa teljes\u00edtm\u00e9nyt, pr\u00e9mium \u00edzeket \u00e9s \u00fajrat\u00f6lthet\u0151 kialak\u00edt\u00e1st k\u00edn\u00e1l. V\u00e1s\u00e1roljon most a Casinovape-n\u00e9l gyors EU-s sz\u00e1ll\u00edt\u00e1ssal eur\u00f3pai Vape Rakt\u00e1runkb\u00f3l.<\/span><\/div>\n<\/div>\n<\/div>\n<\/div>\n<\/div>\n<\/div>","protected":false},"featured_media":3020,"comment_status":"open","ping_status":"closed","template":"","meta":[],"product_brand":[],"product_cat":[28,78,79,81,82,83,84,85,86,87,88,90,91,93,94,95,96,98,99,65,66,67,68,69,70,71,72,73,74,75,76,77,57,61,45,48,50,52,54],"product_tag":[],"class_list":{"0":"post-4292","1":"product","2":"type-product","3":"status-publish","4":"has-post-thumbnail","6":"product_cat-platinum-bar-disposable-vapes","7":"product_cat-buy-best-disposable-vape-flavors","8":"product_cat-apple-flavor-disposable-vapes","9":"product_cat-blueberry-flavor-disposable-vapes","10":"product_cat-cherry-flavor-disposable-vapes","11":"product_cat-cola-flavor-disposable-vapes","12":"product_cat-grape-flavor-disposable-vapes","13":"product_cat-guava-flavor-disposable-vapes","14":"product_cat-ice-flavor-disposable-vapes","15":"product_cat-kiwi-flavor-disposable-vapes","16":"product_cat-lemon-flavor-disposable-vapes","17":"product_cat-mango-flavor-disposable-vapes","18":"product_cat-mint-flavor-disposable-vapes","19":"product_cat-passion-fruit-flavor-disposable-vapes","20":"product_cat-peach-flavor-disposable-vapes","21":"product_cat-pineapple-flavor-disposable-vapes","22":"product_cat-raspberry-flavor-disposable-vapes","23":"product_cat-strawberry-flavor-disposable-vapes","24":"product_cat-watermelon-flavor-disposable-vapes","25":"product_cat-best-disposable-vape-in-europe","26":"product_cat-buy-disposable-vapes-in-austria","27":"product_cat-buy-disposable-vapes-in-belgium","28":"product_cat-buy-disposable-vapes-in-france","29":"product_cat-buy-disposable-vapes-in-germany","30":"product_cat-buy-disposable-vapes-in-italy","31":"product_cat-buy-disposable-vapes-in-netherlands","32":"product_cat-buy-disposable-vapes-in-norway","33":"product_cat-buy-disposable-vapes-in-poland","34":"product_cat-buy-disposable-vapes-in-portugal","35":"product_cat-buy-disposable-vapes-in-spain","36":"product_cat-buy-disposable-vapes-in-sweden","37":"product_cat-buy-disposable-vapes-in-switzerland","38":"product_cat-shop-disposable-vapes-by-puffs","39":"product_cat-15000-puff-disposable-vape","40":"product_cat-disposable-vape-types","41":"product_cat-big-puffs-disposable-vapes","42":"product_cat-digital-box-disposable-vapes","43":"product_cat-lower-nicotine-disposable-vapes","44":"product_cat-rechargeable-disposable-vapes","46":"first","47":"instock","48":"sale","49":"shipping-taxable","50":"purchasable","51":"product-type-variable"},"jetpack_sharing_enabled":true,"_links":{"self":[{"href":"https:\/\/casinovape.de\/hu\/wp-json\/wp\/v2\/product\/4292","targetHints":{"allow":["GET"]}}],"collection":[{"href":"https:\/\/casinovape.de\/hu\/wp-json\/wp\/v2\/product"}],"about":[{"href":"https:\/\/casinovape.de\/hu\/wp-json\/wp\/v2\/types\/product"}],"replies":[{"embeddable":true,"href":"https:\/\/casinovape.de\/hu\/wp-json\/wp\/v2\/comments?post=4292"}],"wp:featuredmedia":[{"embeddable":true,"href":"https:\/\/casinovape.de\/hu\/wp-json\/wp\/v2\/media\/3020"}],"wp:attachment":[{"href":"https:\/\/casinovape.de\/hu\/wp-json\/wp\/v2\/media?parent=4292"}],"wp:term":[{"taxonomy":"product_brand","embeddable":true,"href":"https:\/\/casinovape.de\/hu\/wp-json\/wp\/v2\/product_brand?post=4292"},{"taxonomy":"product_cat","embeddable":true,"href":"https:\/\/casinovape.de\/hu\/wp-json\/wp\/v2\/product_cat?post=4292"},{"taxonomy":"product_tag","embeddable":true,"href":"https:\/\/casinovape.de\/hu\/wp-json\/wp\/v2\/product_tag?post=4292"}],"curies":[{"name":"wp","href":"https:\/\/api.w.org\/{rel}","templated":true}]}}