{"id":4262,"date":"2024-11-27T12:51:52","date_gmt":"2024-11-27T12:51:52","guid":{"rendered":"https:\/\/casinovape.de\/?post_type=product&#038;p=4262"},"modified":"2025-06-29T07:22:48","modified_gmt":"2025-06-29T07:22:48","slug":"europai-raktar-utolso-szerelem-20000-fujas-alacsony-nikotin-vasarlas-eredeti-autentikus-ujratoltheto-eldobhato-vapes-toll","status":"publish","type":"product","link":"https:\/\/casinovape.de\/hu\/termek\/europai-raktar-utolso-szerelem-20000-fujas-alacsony-nikotin-vasarlas-eredeti-autentikus-ujratoltheto-eldobhato-vapes-toll\/","title":{"rendered":"Eur\u00f3pai Rakt\u00e1r Utols\u00f3 Szeretet 20000 Puff Alacsony Nikotin V\u00e1s\u00e1roljon Eredeti Hiteles \u00dajrat\u00f6lthet\u0151 DTL Eldobhat\u00f3 Vape Tollat"},"content":{"rendered":"<h2><a href=\"https:\/\/casinovape.de\/hu\/termekkategoria\/utolso-szerelem-eldobhato-vapes\/\">Utols\u00f3 Szerelem<\/a> 20 000 Puffs \u00dajrat\u00f6lthet\u0151 Eldobhat\u00f3 Vape K\u00e9szlet: Egy Forradalmi V\u00e1ltoz\u00e1s a G\u0151z\u00f6l\u00e9s \u00c9lm\u00e9ny\u00e9ben<\/h2>\n<p>Az LastLove b\u00fcszke arra, hogy az els\u0151 gener\u00e1ci\u00f3s gy\u00e1r<a href=\"https:\/\/casinovape.de\/hu\/termekkategoria\/al-fakher-eldobhato-vapes\/\"> <strong>Al Fakher<\/strong><\/a>a vil\u00e1g egyik legismertebb neve az e-cigaretta \u00e9s shisha term\u00e9kek vil\u00e1g\u00e1ban. \u00c9vek \u00f3ta tart\u00f3 szak\u00e9rtelm\u00e9vel \u00e9s a min\u0151s\u00e9g ir\u00e1nti elk\u00f6telezetts\u00e9g\u00e9vel a LastLove \u00f6tv\u00f6zi az Al Fakher megb\u00edzhat\u00f3 \u00f6r\u00f6ks\u00e9g\u00e9t a leg\u00fajabb innov\u00e1ci\u00f3val, hogy olyan term\u00e9keket hozzon l\u00e9tre, amelyek \u00faj magass\u00e1gokba emelik az e-cigarett\u00e1z\u00e1s \u00e9lm\u00e9ny\u00e9t. Az excellence ir\u00e1nti elk\u00f6telezetts\u00e9g\u00fck minden term\u00e9kben t\u00fckr\u00f6z\u0151dik, a tervez\u00e9st\u0151l a teljes\u00edtm\u00e9nyig, biztos\u00edtva, hogy minden sz\u00edv\u00e1s felejthetetlen \u00e9rz\u00e9st ny\u00fajtson.<\/p>\n<h4>Most bemutatkozik a <strong>Utols\u00f3 Szeretet 20000 Puff \u00dajrat\u00f6lthet\u0151 Eldobhat\u00f3 Vape K\u00e9szlet (EURO2024)<\/strong>\u2014forradalmi v\u00e1ltoz\u00e1st hoz a vaporiz\u00e1l\u00e1s vil\u00e1g\u00e1ban.<\/h4>\n<p>A <strong>Utols\u00f3 Szeretet 20000 Puff \u00dajrat\u00f6lthet\u0151 Eldobhat\u00f3 Vape K\u00e9szlet<\/strong> (EURO2024) c\u00e9lja, hogy p\u00e1ratlan vapiz\u00e1l\u00e1si \u00e9lm\u00e9nyt ny\u00fajtson. Eleg\u00e1ns kialak\u00edt\u00e1s\u00e1val, magas sz\u00ednvonal\u00fa kivitelez\u00e9s\u00e9vel \u00e9s leny\u0171g\u00f6z\u0151 20 000 f\u00faj\u00e1sos sz\u00e1mmal ez a k\u00e9sz\u00fcl\u00e9k kiemelked\u0151 v\u00e1laszt\u00e1s minden vapiz\u00e1l\u00f3t keres\u0151 sz\u00e1m\u00e1ra, akik teljes\u00edtm\u00e9nyt \u00e9s k\u00e9nyelmet egyar\u00e1nt keresnek. Ak\u00e1r kezd\u0151, ak\u00e1r tapasztalt rajong\u00f3 vagy, ez az eldobhat\u00f3 vape k\u00e9szlet \u00fagy k\u00e9sz\u00fclt, hogy minden f\u00faj\u00e1sn\u00e1l egyenletes \u00e9s \u00edzletes hat\u00e1st biztos\u00edtson. Az, ami ezt a vape k\u00e9szletet kiemeli, az \u00fajrat\u00f6lthet\u0151 funkci\u00f3ja, amely lehet\u0151v\u00e9 teszi, hogy az utols\u00f3 csepp e-folyad\u00e9kot is \u00e9lvezze an\u00e9lk\u00fcl, hogy pazaroln\u00e1. Viszl\u00e1t a frusztr\u00e1ci\u00f3nak \u00e9s k\u00f6sz\u00f6nj\u00f6n el egy fels\u0151bbrend\u0171 vapiz\u00e1l\u00e1si \u00e9lm\u00e9nynek!<\/p>\n<h3><a href=\"https:\/\/casinovape.de\/hu\/termekkategoria\/utolso-szerelem-eldobhato-vapes\/\">Utols\u00f3 Szerelem<\/a> 20000 Puffs?Term\u00e9k\u00e1ttekint\u00e9s<\/h3>\n<p>A <strong>Utols\u00f3 Szeretet 20000 Puff \u00dajrat\u00f6lthet\u0151 Eldobhat\u00f3 Vape K\u00e9szlet<\/strong> a hossz\u00fa \u00e9lettartam\u00fa teljes\u00edtm\u00e9ny \u00e9s a modern technol\u00f3gia t\u00f6k\u00e9letes kombin\u00e1ci\u00f3ja. Ez a focit\u00e9m\u00e1j\u00fa, korl\u00e1tozott p\u00e9ld\u00e1nysz\u00e1m\u00fa k\u00e9sz\u00fcl\u00e9k nem csak az eszt\u00e9tik\u00e1r\u00f3l sz\u00f3l, hanem olyan funkci\u00f3kkal van ell\u00e1tva, amelyek minden vapper ig\u00e9nyeit kiel\u00e9g\u00edtik. A <strong>EURO2024<\/strong> kiad\u00e1s kiemeli a futballvil\u00e1g \u00fcnnepi hangulat\u00e1t, egyedi diz\u00e1jnt k\u00edn\u00e1lva a kiv\u00e1l\u00f3 funkcionalit\u00e1s mellett.<\/p>\n<p>Ez a vape k\u00e9szlet k\u00edn\u00e1lja <strong>22ml e-folyad\u00e9k<\/strong> 2% nikotiner\u0151ss\u00e9ggel (20mg), lehet\u0151v\u00e9 t\u00e9ve, hogy ak\u00e1r <strong>20 000 sz\u00edv\u00e1s<\/strong> gazdag, testes \u00edzzel. A be\u00e9p\u00edtett <strong>0.6 Mesh Coil<\/strong> biztos\u00edtja, hogy minden sz\u00edv\u00e1s sima \u00e9s egyenletes legyen, m\u00edg a <strong>800mAh integr\u00e1lt \u00fajrat\u00f6lthet\u0151 akkumul\u00e1tor<\/strong> b\u0151s\u00e9ges energi\u00e1t biztos\u00edt a hossz\u00fa ideig tart\u00f3 munkamenetekhez. K\u00e9nyelmes <strong>akkumul\u00e1tor \u00e9s folyad\u00e9kszint kijelz\u0151<\/strong> biztos\u00edtja, hogy mindig tiszt\u00e1ban legyen az e-cigarett\u00e1ja \u00e1llapot\u00e1val, \u00edgy a megfelel\u0151 id\u0151ben \u00fajrat\u00f6ltheti vagy ut\u00e1nt\u00f6ltheti.<\/p>\n<p>Az, ami igaz\u00e1n egyediv\u00e9 teszi ezt az eszk\u00f6zt, az <strong>\u00fajrat\u00f6lthet\u0151 port<\/strong> a k\u00e9sz\u00fcl\u00e9k alj\u00e1n tal\u00e1lhat\u00f3. Ez a funkci\u00f3 garant\u00e1lja, hogy az e-folyad\u00e9k minden utols\u00f3 cseppj\u00e9t ki tudja haszn\u00e1lni, maximaliz\u00e1lva a v\u00e1s\u00e1rl\u00e1s \u00e9rt\u00e9k\u00e9t \u00e9s cs\u00f6kkentve a hullad\u00e9kot. A <strong>12 izgalmas \u00edzes\u00edt\u00e9s<\/strong> Kiv\u00e1laszt\u00e1sra k\u00edn\u00e1lva, van itt valami mindenki sz\u00e1m\u00e1ra ebben a sz\u00e9lesk\u00f6r\u0171 gy\u0171jtem\u00e9nyben.<\/p>\n<h3><a href=\"https:\/\/casinovape.de\/hu\/termekkategoria\/utolso-szerelem-eldobhato-vapes\/\">Utols\u00f3 Szerelem<\/a> 20 000 Puffs F\u0151bb Jellemz\u0151k<\/h3>\n<ul>\n<li><strong>20000 Puffs<\/strong>: \u00c9lvezze a hosszabb vape-\u00e9lm\u00e9nyt ak\u00e1r 20 000 sz\u00edv\u00e1ssal k\u00e9sz\u00fcl\u00e9kenk\u00e9nt, ezzel az egyik leghosszabb ideig tart\u00f3 eldobhat\u00f3 vape a piacon.<\/li>\n<li><strong>22ml E-folyad\u00e9k kapacit\u00e1s<\/strong>A nagy e-folyad\u00e9k tart\u00e1ly hosszabb vape sessionokat biztos\u00edt a gyakori ut\u00e1nt\u00f6lt\u00e9s sz\u00fcks\u00e9gess\u00e9ge n\u00e9lk\u00fcl.<\/li>\n<li><strong>\u00dajrat\u00f6lthet\u0151 kialak\u00edt\u00e1s<\/strong>\u00dajrat\u00f6lthet\u0151 porttal \u00e9rkezik, lehet\u0151v\u00e9 t\u00e9ve, hogy minden egyes vaporiz\u00e1ci\u00f3b\u00f3l a legt\u00f6bbet hozza ki az\u00e1ltal, hogy teljesen kimer\u00edti az e-folyad\u00e9kot a tart\u00e1lyban.<\/li>\n<li><strong>Be\u00e9p\u00edtett 800mAh akkumul\u00e1tor<\/strong>A nagy kapacit\u00e1s\u00fa akkumul\u00e1tor biztos\u00edtja, hogy a vape k\u00e9szlet tov\u00e1bb tartson, m\u00edg a \u00fajrat\u00f6lthet\u0151 kialak\u00edt\u00e1s kik\u00fcsz\u00f6b\u00f6li a folyamatos cser\u00e9k sz\u00fcks\u00e9gess\u00e9g\u00e9t.<\/li>\n<li><strong>H\u00e1l\u00f3 Tekercs Technol\u00f3gia<\/strong>: A 0,6 mesh tekercs biztos\u00edtja, hogy a g\u0151z sima \u00e9s \u00edzletes legyen, tov\u00e1bb fokozva az \u00e1ltal\u00e1nos g\u0151z\u00f6l\u00e9si \u00e9lm\u00e9nyt.<\/li>\n<li><strong>Akku- \u00e9s folyad\u00e9kszint kijelz\u0151<\/strong>: Legyen t\u00e1j\u00e9kozott az akkumul\u00e1tor \u00e9lettartam\u00e1nak \u00e9s az e-folyad\u00e9k szintj\u00e9nek val\u00f3s idej\u0171 figyel\u00e9s\u00e9vel, \u00edgy soha nem fogy ki v\u00e1ratlanul.<\/li>\n<li><strong>12 \u00cdz k\u00f6z\u00fcl V\u00e1laszthat\u00f3<\/strong>: K\u00fcl\u00f6nb\u00f6z\u0151 \u00edzek sz\u00e9les sk\u00e1l\u00e1ja, amely k\u00fcl\u00f6nb\u00f6z\u0151 \u00edzl\u00e9svil\u00e1goknak megfelel, az gy\u00fcm\u00f6lcs\u00f6st\u0151l \u00e9s mentolest\u0151l az eg\u00e9szen k\u00fcl\u00f6nleges kever\u00e9kekig.<\/li>\n<\/ul>\n<h3>Mi\u00e9rt V\u00e1lassza a<a href=\"https:\/\/casinovape.de\/hu\/termekkategoria\/utolso-szerelem-eldobhato-vapes\/\"> Utols\u00f3 Szerelem<\/a> 20000 Puffs \u00dajrat\u00f6lthet\u0151 Eldobhat\u00f3 Vape K\u00e9szlet<\/h3>\n<p>Ha egy olyan vaporiz\u00e1l\u00f3 k\u00e9sz\u00fcl\u00e9ket keres, amely \u00f6tv\u00f6zi a k\u00e9nyelmet, a hossz\u00fa \u00e9lettartamot \u00e9s az \u00edzt, akkor ne keressen tov\u00e1bb, mint a <strong>Utols\u00f3 Szeretet 20000 Puff \u00dajrat\u00f6lthet\u0151 Eldobhat\u00f3 Vape K\u00e9szlet<\/strong>. Ak\u00e1r \u00faj vagy a vapel\u00e9sben, ak\u00e1r egy tapasztalt profi, ez az eszk\u00f6z minden bizonnyal eml\u00e9kezetess\u00e9 teszi a vapel\u00e9si \u00e9lm\u00e9nyedet. Ennek <strong>nagy f\u00faj\u00e1ssz\u00e1m<\/strong> azt jelenti, hogy hosszabb vape \u00fcl\u00e9seket \u00e9lvezhet, \u00edgy t\u00f6k\u00e9letes v\u00e1laszt\u00e1s azok sz\u00e1m\u00e1ra, akik egy hossz\u00fa \u00e9lettartam\u00fa eldobhat\u00f3 vape-ot r\u00e9szes\u00edtenek el\u0151nyben. A <strong>\u00fajrat\u00f6lthet\u0151 funkci\u00f3<\/strong> biztos\u00edtja, hogy a legt\u00f6bbet hozza ki k\u00e9sz\u00fcl\u00e9k\u00e9b\u0151l, \u00e9s a k\u00fcl\u00f6nb\u00f6z\u0151 \u00edzek v\u00e1ltozatoss\u00e1ga azt jelenti, hogy mindenki megtal\u00e1lja a neki megfelel\u0151t.<\/p>\n<p>A v\u00e1s\u00e1rl\u00e1ssal <strong>Casinovape<\/strong>N\u00e9metorsz\u00e1g legnagyobb online kiskereskedelmi \u00e9rt\u00e9kes\u00edt\u00e9si platformja az eldobhat\u00f3 vape term\u00e9kekre, garant\u00e1ljuk a legjobb \u00fcgyf\u00e9lszolg\u00e1latot \u00e9s a gyors sz\u00e1ll\u00edt\u00e1st. <strong>Eur\u00f3pai Vape Rakt\u00e1r<\/strong> biztos\u00edtja, hogy term\u00e9kei meg\u00e9rkezzenek <strong>3-7 nap<\/strong>Ez\u00e1ltal gyors sz\u00e1ll\u00edt\u00e1st biztos\u00edtunk v\u00e1rakoz\u00e1s n\u00e9lk\u00fcl. Ezenk\u00edv\u00fcl nincs minim\u00e1lis rendel\u00e9si mennyis\u00e9g, \u00edgy ak\u00e1r egyetlen darabot is v\u00e1s\u00e1rolhat, legyen ak\u00e1r alkalmi vaporiz\u00e1l\u00f3 vagy nagyobb kiskereskedelmi csoport tagja.<\/p>\n<p><img loading=\"lazy\" decoding=\"async\" class=\"alignnone wp-image-3423 size-full\" src=\"https:\/\/casinovape.de\/wp-content\/uploads\/2024\/11\/last-love.webp\" alt=\"Eur\u00f3pai Rakt\u00e1r Utols\u00f3 Szeretet 20000 Puff Alacsony Nikotin V\u00e1s\u00e1roljon Eredeti Hiteles \u00dajrat\u00f6lthet\u0151 Eldobhat\u00f3 Vape Tollat\" width=\"600\" height=\"599\" srcset=\"https:\/\/casinovape.de\/wp-content\/uploads\/2024\/11\/last-love.webp 600w, https:\/\/casinovape.de\/wp-content\/uploads\/2024\/11\/last-love-300x300.webp 300w, https:\/\/casinovape.de\/wp-content\/uploads\/2024\/11\/last-love-150x150.webp 150w, https:\/\/casinovape.de\/wp-content\/uploads\/2024\/11\/last-love-12x12.webp 12w, https:\/\/casinovape.de\/wp-content\/uploads\/2024\/11\/last-love-100x100.webp 100w\" sizes=\"auto, (max-width: 600px) 100vw, 600px\" \/><\/p>\n<h3>\u00c1tfog\u00f3 \u00cdz\u00e9lm\u00e9ny: 12 \u00cdz Minden \u00cdzl\u00e9snek<\/h3>\n<p>A <strong>Utols\u00f3 Szeretet 20000 Puff \u00dajrat\u00f6lthet\u0151 Eldobhat\u00f3 Vape K\u00e9szlet<\/strong> sz\u00e9les v\u00e1laszt\u00e9k\u00e1t k\u00edn\u00e1lja <strong>12 k\u00fcl\u00f6n\u00e1ll\u00f3 \u00edz<\/strong>, mindegyiket \u00fagy tervezt\u00e9k, hogy k\u00fcl\u00f6nb\u00f6z\u0151 \u00edzl\u00e9snek megfeleljen. Legyen sz\u00f3 ak\u00e1r gy\u00fcm\u00f6lcs\u00f6s, mentolos vagy egyedi \u00edzkombin\u00e1ci\u00f3r\u00f3l, ez a vape k\u00e9szlet mindent tartalmaz. Az al\u00e1bbiakban r\u00e9szletes le\u00edr\u00e1s tal\u00e1lhat\u00f3 az egyes el\u00e9rhet\u0151 \u00edzekr\u0151l:<\/p>\n<ol>\n<li><strong>Fekete Ribizli<\/strong>M\u00e9ly \u00e9s gazdag bogy\u00f3s \u00edz, sima \u00e9s fanyar \u00e9rzetet ny\u00fajtva, ami vonz\u00f3 lesz azok sz\u00e1m\u00e1ra, akik szeretik a gy\u00fcm\u00f6lcs\u00f6s \u00e9s savanyk\u00e1s profilokat.<\/li>\n<li><strong>\u00c1fonya<\/strong>Egy klasszikus \u00edz, amely t\u00f6k\u00e9letesen megragadja az \u00e9rett \u00e1fonya \u00e9des, l\u00e9d\u00fas \u00e9s enyh\u00e9n fanyar \u00edz\u00e9t. Ide\u00e1lis a friss gy\u00fcm\u00f6lcs \u00edzek szerelmeseinek.<\/li>\n<li><strong>Sz\u0151l\u0151 Menta<\/strong>: Egy friss\u00edt\u0151 \u00e9des, \u00e9rett sz\u0151l\u0151 kever\u00e9k, h\u0171s ment\u00e1s befejez\u00e9ssel. Ez az \u00edz t\u00f6k\u00e9letes egyens\u00falyt ny\u00fajt a gy\u00fcm\u00f6lcs\u00f6s \u00e9dess\u00e9g \u00e9s a mentolos frissess\u00e9g k\u00f6z\u00f6tt.<\/li>\n<li><strong>Gum Mentol<\/strong>: Egy nosztalgikus \u00e9s \u00e9l\u00e9nk\u00edt\u0151 \u00edz, amely \u00f6tv\u00f6zi a r\u00e1g\u00f3gumi klasszikus \u00e9dess\u00e9g\u00e9t egy friss\u00edt\u0151 mentolos h\u0171v\u00f6ss\u00e9ggel, \u00edgy t\u00f6k\u00e9letes egy eg\u00e9sz napos vape-hoz.<\/li>\n<li><strong>Citromf\u0171<\/strong>: Citrusos \u00e9s h\u0171s\u00edt\u0151 kever\u00e9ke a savany\u00fa citromnak a friss\u00edt\u0151 ment\u00e1val, amely felemel\u0151 \u00e9s energiz\u00e1l\u00f3 \u00edz\u00e9lm\u00e9nyt ny\u00fajt.<\/li>\n<li><strong>Lush J\u00e9g<\/strong>Tr\u00f3pusi gy\u00fcm\u00f6lcskever\u00e9k er\u0151s mentolos befejez\u00e9ssel. Ez az \u00edz minden f\u00faj\u00e1sn\u00e1l \u00e1tadja a l\u00e9d\u00fas dinny\u00e9k \u00edz\u00e9t \u00e9s egy h\u0171s\u00edt\u0151 szell\u0151t.<\/li>\n<li><strong>M\u00e1gikus Szerelem<\/strong>: \u00c9des \u00e9s misztikus gy\u00fcm\u00f6lcs\u00f6s \u00edzek \u00e9des kever\u00e9ke, egzotikus gy\u00fcm\u00f6lcs\u00f6k kombin\u00e1l\u00e1s\u00e1val, igaz\u00e1n var\u00e1zslatos vape-\u00e9lm\u00e9ny l\u00e9trehoz\u00e1sa \u00e9rdek\u00e9ben.<\/li>\n<li><strong>Mango j\u00e9g<\/strong>: \u00c9des, tr\u00f3pusi mang\u00f3 \u00edz, h\u0171s mentol alhanggal p\u00e1ros\u00edtva. Ez az \u00edz t\u00f6k\u00e9letes azok sz\u00e1m\u00e1ra, akik szeretik a gy\u00fcm\u00f6lcs\u00f6s \u00e9s friss\u00edt\u0151 jegyeket, j\u00e9ghideg befejez\u00e9ssel.<\/li>\n<li><strong>Bab Ice<\/strong>: Egy \u00e9rdekes \u00edzkever\u00e9k, l\u00e1gy, f\u00f6ldes mung bab \u00edzzel, amelyet h\u0171s, jeges kil\u00e9gz\u00e9s eg\u00e9sz\u00edt ki. Egyedi lehet\u0151s\u00e9g a kalandv\u00e1gy\u00f3 g\u0151z\u00f6l\u0151k sz\u00e1m\u00e1ra.<\/li>\n<li><strong>\u0150szibar\u00e1t J\u00e9g<\/strong>: L\u00e9d\u00fas \u00e9s zamatos \u0151szibarack \u00edz, amely \u00e9des \u00e9s term\u00e9szetes \u00edzt ad h\u0171s\u00edt\u0151 mentolos csavarral. Ide\u00e1lis azok sz\u00e1m\u00e1ra, akik szeretik a gy\u00fcm\u00f6lcs\u00f6s, j\u00e9ghideg vape-eket.<\/li>\n<li><strong>Eper<\/strong>: Az \u00e9des \u00e9s \u00e9rett eper \u00e9letre kel ebben az \u00edzben, \u00e9s egy finoman friss, bogy\u00f3s \u00e9s term\u00e9szetesen \u00e9des \u00e9lm\u00e9nyt ny\u00fajt.<\/li>\n<li><strong>K\u00e9t alma<\/strong>K\u00e9tf\u00e9le almafajta ropog\u00f3s \u00e9s fanyar kever\u00e9ke, amely t\u00f6k\u00e9letesen kiegyens\u00falyozott \u00e9des \u00e9s savany\u00fa \u00edzprofilt ny\u00fajt. Friss\u00edt\u0151 v\u00e1laszt\u00e1s az alma szerelmeseinek.<\/li>\n<\/ol>\n<h3>Mi\u00e9rt v\u00e1s\u00e1roljon t\u0151l\u00fcnk <a href=\"https:\/\/casinovape.de\/hu\/\">Casinovape<\/a>?<\/h3>\n<p>At <strong>Casinovape<\/strong>Elk\u00f6telezettek vagyunk amellett, hogy \u00fcgyfeleinknek csak a legmagasabb min\u0151s\u00e9g\u0171 eldobhat\u00f3 vape-okat biztos\u00edtsuk. A mi <a href=\"https:\/\/casinovape.de\/hu\/\"><strong>Eur\u00f3pai Vape Rakt\u00e1r<\/strong><\/a>, gyors \u00e9s megb\u00edzhat\u00f3 sz\u00e1ll\u00edt\u00e1st v\u00e1rhat <strong>3-7 nap<\/strong>. Kiterjedt gy\u0171jtem\u00e9ny\u00fcnkben olyan n\u00e9pszer\u0171 m\u00e1rk\u00e1k tal\u00e1lhat\u00f3k, mint p\u00e9ld\u00e1ul <strong>Al Fakher<\/strong>, <strong>Fizzy<\/strong>, <strong>OBEELAB HHC<\/strong>, <strong>V\u00e9letlenszer\u0171 F\u00fcst<\/strong>\u00e9s <strong>SMPO DL02<\/strong>biztos\u00edtva, hogy a piacon el\u00e9rhet\u0151 legjobb term\u00e9keket szerezhesse be. \u00c9s a legjobb r\u00e9sz? Rugalmas v\u00e1s\u00e1rl\u00e1si lehet\u0151s\u00e9geket k\u00edn\u00e1lunk, minim\u00e1lis rendel\u00e9si mennyis\u00e9g n\u00e9lk\u00fcl - t\u00f6k\u00e9letes egy\u00e9ni v\u00e1s\u00e1rl\u00f3k \u00e9s kiskereskedelmi csoportok sz\u00e1m\u00e1ra egyar\u00e1nt.<\/p>\n<p>Ak\u00e1r sz\u00fcks\u00e9ge van r\u00e1, hogy <strong>\u00fajrat\u00f6lthet\u0151 eldobhat\u00f3 vape toll<\/strong>vagy olyan k\u00e9sz\u00fcl\u00e9ket keres, amely leny\u0171g\u00f6z\u0151 f\u00faj\u00e1ssz\u00e1mmal rendelkezik, <a href=\"https:\/\/casinovape.de\/hu\/\"><strong>Casinovape<\/strong><\/a> a te c\u00e9lpontod. <strong>Rendeljen most<\/strong> hogy megtapasztalja a legjobbat a min\u0151s\u00e9gben, \u00edzben \u00e9s k\u00e9nyelemben!<\/p>","protected":false},"excerpt":{"rendered":"<p>Fedezze fel a <strong>Utols\u00f3 Szeretet 20000 Puff \u00dajrat\u00f6lthet\u0151 Eldobhat\u00f3 Vape K\u00e9szlet<\/strong> 12 pr\u00e9mium \u00edzzel, 20 000 sz\u00edv\u00e1ssal \u00e9s \u00fajrat\u00f6lthet\u0151 kialak\u00edt\u00e1ssal. Gyors kisz\u00e1ll\u00edt\u00e1s t\u0151l\u00fcnk <strong>Eur\u00f3pai Vape Rakt\u00e1r<\/strong>V\u00e1s\u00e1roljon most a <strong>Casinovape<\/strong> A legjobb g\u0151z\u00f6l\u00e9si \u00e9lm\u00e9ny\u00e9rt!<\/p>","protected":false},"featured_media":3423,"comment_status":"open","ping_status":"closed","template":"","meta":[],"product_brand":[],"product_cat":[34,78,79,81,84,86,88,89,90,91,94,98,65,66,67,68,69,70,71,72,73,74,75,76,77,57,45],"product_tag":[],"class_list":{"0":"post-4262","1":"product","2":"type-product","3":"status-publish","4":"has-post-thumbnail","6":"product_cat-last-love-disposable-vapes","7":"product_cat-buy-best-disposable-vape-flavors","8":"product_cat-apple-flavor-disposable-vapes","9":"product_cat-blueberry-flavor-disposable-vapes","10":"product_cat-grape-flavor-disposable-vapes","11":"product_cat-ice-flavor-disposable-vapes","12":"product_cat-lemon-flavor-disposable-vapes","13":"product_cat-lush-flavor-disposable-vapes","14":"product_cat-mango-flavor-disposable-vapes","15":"product_cat-mint-flavor-disposable-vapes","16":"product_cat-peach-flavor-disposable-vapes","17":"product_cat-strawberry-flavor-disposable-vapes","18":"product_cat-best-disposable-vape-in-europe","19":"product_cat-buy-disposable-vapes-in-austria","20":"product_cat-buy-disposable-vapes-in-belgium","21":"product_cat-buy-disposable-vapes-in-france","22":"product_cat-buy-disposable-vapes-in-germany","23":"product_cat-buy-disposable-vapes-in-italy","24":"product_cat-buy-disposable-vapes-in-netherlands","25":"product_cat-buy-disposable-vapes-in-norway","26":"product_cat-buy-disposable-vapes-in-poland","27":"product_cat-buy-disposable-vapes-in-portugal","28":"product_cat-buy-disposable-vapes-in-spain","29":"product_cat-buy-disposable-vapes-in-sweden","30":"product_cat-buy-disposable-vapes-in-switzerland","31":"product_cat-shop-disposable-vapes-by-puffs","32":"product_cat-disposable-vape-types","34":"first","35":"outofstock","36":"shipping-taxable","37":"product-type-variable"},"jetpack_sharing_enabled":true,"_links":{"self":[{"href":"https:\/\/casinovape.de\/hu\/wp-json\/wp\/v2\/product\/4262","targetHints":{"allow":["GET"]}}],"collection":[{"href":"https:\/\/casinovape.de\/hu\/wp-json\/wp\/v2\/product"}],"about":[{"href":"https:\/\/casinovape.de\/hu\/wp-json\/wp\/v2\/types\/product"}],"replies":[{"embeddable":true,"href":"https:\/\/casinovape.de\/hu\/wp-json\/wp\/v2\/comments?post=4262"}],"wp:featuredmedia":[{"embeddable":true,"href":"https:\/\/casinovape.de\/hu\/wp-json\/wp\/v2\/media\/3423"}],"wp:attachment":[{"href":"https:\/\/casinovape.de\/hu\/wp-json\/wp\/v2\/media?parent=4262"}],"wp:term":[{"taxonomy":"product_brand","embeddable":true,"href":"https:\/\/casinovape.de\/hu\/wp-json\/wp\/v2\/product_brand?post=4262"},{"taxonomy":"product_cat","embeddable":true,"href":"https:\/\/casinovape.de\/hu\/wp-json\/wp\/v2\/product_cat?post=4262"},{"taxonomy":"product_tag","embeddable":true,"href":"https:\/\/casinovape.de\/hu\/wp-json\/wp\/v2\/product_tag?post=4262"}],"curies":[{"name":"wp","href":"https:\/\/api.w.org\/{rel}","templated":true}]}}