{"id":426,"date":"2024-09-27T08:49:31","date_gmt":"2024-09-27T08:49:31","guid":{"rendered":"https:\/\/casinovape.de\/?post_type=product&#038;p=426"},"modified":"2025-01-12T13:52:47","modified_gmt":"2025-01-12T13:52:47","slug":"europai-raktar-szensavas-nova-20000-fujas-alacsony-nikotin-vasarlas-eredeti-autentikus-ujratoltheto-eldobhato-vapes-toll","status":"publish","type":"product","link":"https:\/\/casinovape.de\/hu\/termek\/europai-raktar-szensavas-nova-20000-fujas-alacsony-nikotin-vasarlas-eredeti-autentikus-ujratoltheto-eldobhato-vapes-toll\/","title":{"rendered":"Eur\u00f3pai Rakt\u00e1r Fizzy Nova 20000 Puffs Alacsony Nikotin Eredeti Hiteles \u00dajrat\u00f6lthet\u0151 Eldobhat\u00f3 Vape Toll"},"content":{"rendered":"<h2><\/h2>\n<div style=\"width: 544px;\" class=\"wp-video\"><!--[if lt IE 9]><script>document.createElement('video');<\/script><![endif]-->\n<video class=\"wp-video-shortcode\" id=\"video-426-1\" width=\"544\" height=\"960\" preload=\"metadata\" controls=\"controls\"><source type=\"video\/mp4\" src=\"https:\/\/casinovape.de\/wp-content\/uploads\/2024\/09\/Fizzy-Nova-20000puffs-\u5b9e\u62cd\u89c6\u9891.mp4?_=1\" \/><a href=\"https:\/\/casinovape.de\/wp-content\/uploads\/2024\/09\/Fizzy-Nova-20000puffs-\u5b9e\u62cd\u89c6\u9891.mp4\">https:\/\/casinovape.de\/wp-content\/uploads\/2024\/09\/Fizzy-Nova-20000puffs-\u5b9e\u62cd\u89c6\u9891.mp4<\/a><\/video><\/div>\n<h2>\u00c9lje \u00e1t a kiv\u00e9teles Fizzy Nova 20000 Puffs - \u00dajrat\u00f6lthet\u0151 <a href=\"https:\/\/casinovape.de\/hu\/\">Eldobhat\u00f3 Vape Toll<\/a><\/h2>\n<p>A n\u00e9met \u00e9s uni\u00f3s vape rajong\u00f3k sz\u00e1m\u00e1ra a <strong>Fizzy Nova 20000 Puffs<\/strong> \u00fajrat\u00f6lthet\u0151 eldobhat\u00f3 vape toll p\u00e1ratlan vape \u00e9lm\u00e9nyt ny\u00fajt fejlett technol\u00f3gi\u00e1val \u00e9s kifog\u00e1stalan diz\u00e1jnnal. Er\u0151s funkci\u00f3kkal, v\u00e1ltozatos \u00edzekkel \u00e9s kiv\u00e9teles k\u00e9nyelemmel ez a vape toll \u00fagy k\u00e9sz\u00fclt, hogy megfeleljen \u00e9s t\u00falsz\u00e1rnyalja az elv\u00e1r\u00e1sokat, ak\u00e1r alkalmi felhaszn\u00e1l\u00f3r\u00f3l, ak\u00e1r tapasztalt vaperr\u0151l van sz\u00f3. A Casinovape-n, a legnagyobb online kiskereskedelmi platformon az eldobhat\u00f3 vape term\u00e9kek sz\u00e1m\u00e1ra N\u00e9metorsz\u00e1gban, eredeti \u00e9s hiteles vape term\u00e9ket k\u00edn\u00e1lunk eur\u00f3pai rakt\u00e1runkb\u00f3l, sz\u00e1ll\u00edt\u00e1ssal az EU-ban 3-7 napon bel\u00fcl.<\/p>\n<p>Ebben a cikkben mindent bemutatunk, amit tudnia kell a Fizzy Nova 20000 Puffs-r\u00f3l, bele\u00e9rtve annak \u00e9lvonalbeli funkci\u00f3it, \u00e1tfog\u00f3 \u00edzk\u00edn\u00e1lat\u00e1t \u00e9s a Casinovape-n kereszt\u00fcl t\u00f6rt\u00e9n\u0151 v\u00e1s\u00e1rl\u00e1s p\u00e1ratlan el\u0151nyeit.<\/p>\n<hr \/>\n<h2>Term\u00e9kkiemel\u00e9sek: <a href=\"https:\/\/casinovape.de\/hu\/termekkategoria\/szensavas-eldobhato-vape\/\">Fizzy<\/a> Nova 20000 Puffs Vape Pen<\/h2>\n<p>Az innov\u00e1ci\u00f3 \u00e9s a felhaszn\u00e1l\u00f3i \u00e9lm\u00e9ny el\u0151t\u00e9rbe helyez\u00e9s\u00e9vel a Fizzy Nova 20000 Puffs sz\u00e1mos olyan funkci\u00f3t k\u00edn\u00e1l, amelyek \u00faj szintre emelik az \u00d6n vape-\u00e9lm\u00e9ny\u00e9t. \u00cdme, egy pillant\u00e1s azokra a kiemelked\u0151 jellemz\u0151kre, amelyek miatt ez a term\u00e9k kiv\u00e9teles:<\/p>\n<h3>&#8211;<strong>Du\u00e1lis Mesh Tekercs Technol\u00f3gia a Fokozott \u00cdz\u00e9lm\u00e9ny\u00e9rt<\/strong><\/h3>\n<p>A Fizzy Nova\u2019s <strong>Du\u00e1lis Mesh Tekercs Technol\u00f3gia<\/strong> forradalmat jelent a vapiz\u00e1l\u00e1sban, sz\u00e9lesebb tekercs fel\u00fcletet biztos\u00edtva, amely optimaliz\u00e1lja mind az \u00edzt, mind a g\u0151ztermel\u00e9st.  Ez a technol\u00f3gia biztos\u00edtja a folyamatos \u00e9s sima sz\u00edv\u00e1st, gazdagabb \u00e9s kiel\u00e9g\u00edt\u0151bb \u00edzeket sz\u00e1ll\u00edtva minden egyes f\u00faj\u00e1sn\u00e1l.  \u00c9lje \u00e1t a m\u00e9ly \u00edz\u00e1rnyalatokat, legyen az ak\u00e1r gy\u00fcm\u00f6lcs\u00f6s kever\u00e9k, ak\u00e1r egy \u00f6sszetett mix.<\/p>\n<h3>&#8211;<strong>Eko \u00e9s Turbo m\u00f3dok a szem\u00e9lyre szabhat\u00f3 g\u0151z\u00f6l\u00e9shez<\/strong><\/h3>\n<p>Szem\u00e9lyre szabhatja g\u0151z\u00f6l\u00e9si \u00e9lm\u00e9ny\u00e9t a <strong>Eko \u00e9s Turbo \u00fczemm\u00f3dok<\/strong>Az Eco m\u00f3d ide\u00e1lis a hosszabb \u00fcl\u00e9sekhez, mind az akkumul\u00e1tor \u00e9lettartam\u00e1t, mind az e-folyad\u00e9kot k\u00edm\u00e9lve, m\u00edg a Turbo m\u00f3d intenz\u00edvebb \u00e9lm\u00e9nyt ny\u00fajt, t\u00f6bb g\u0151zt \u00e9s er\u0151teljes \u00fct\u00e9st biztos\u00edtva. Ez a kett\u0151s m\u00f3d\u00fa funkcionalit\u00e1s azt jelenti, hogy a Fizzy Nova alkalmazkodik az \u00d6n szem\u00e9lyes preferenci\u00e1ihoz, \u00edgy sokoldal\u00faan haszn\u00e1lhat\u00f3 mind az alacsony, mind a nagy teljes\u00edtm\u00e9ny\u0171 \u00fcl\u00e9sekhez.<\/p>\n<h3>&#8211;<strong>Hosszantart\u00f3 850mAh Akkumul\u00e1tor<\/strong><\/h3>\n<p>Er\u0151s <strong>850mAh akkumul\u00e1tor<\/strong>A Fizzy Nova biztos\u00edtja a hossz\u00fa \u00e9lettartamot a folyamatos \u00fajrat\u00f6lt\u00e9s sz\u00fcks\u00e9gess\u00e9ge n\u00e9lk\u00fcl. Ide\u00e1lis \u00fatk\u00f6zbeni vaperek sz\u00e1m\u00e1ra, az akkumul\u00e1tor \u00e9lettartama el\u00e9g hossz\u00fa a hosszabb haszn\u00e1lat \u00e9rdek\u00e9ben, minim\u00e1lisra cs\u00f6kkentve a megszak\u00edt\u00e1sokat \u00e9s lehet\u0151v\u00e9 t\u00e9ve, hogy a vape \u00e9lvezet\u00e9re koncentr\u00e1ljon.<\/p>\n<h3>&#8211;<strong>LCD k\u00e9perny\u0151 a val\u00f3s idej\u0171 akkumul\u00e1tor \u00e9s e-folyad\u00e9k figyel\u00e9shez<\/strong><\/h3>\n<p>A <strong>LCD kijelz\u0151<\/strong> A Fizzy Nova val\u00f3s id\u0151ben figyeli a k\u00e9sz\u00fcl\u00e9ket, megjelen\u00edtve az akkumul\u00e1tor \u00e9lettartam\u00e1t \u00e9s a h\u00e1tral\u00e9v\u0151 e-folyad\u00e9k szintj\u00e9t is. Ez a hasznos funkci\u00f3 t\u00e1j\u00e9koztatja \u00d6nt, \u00edgy soha nem kell agg\u00f3dnia, hogy a k\u00f6zep\u00e9n\u00e9l kifogyjon, nyugodt lelkiismeretet \u00e9s k\u00e9nyelmet ny\u00fajtva.<\/p>\n<h3>&#8211;<strong>Pr\u00e9mium f\u00e9m bevonat a st\u00edlus \u00e9s a tart\u00f3ss\u00e1g \u00e9rdek\u00e9ben<\/strong><\/h3>\n<p>K\u00e9zzel k\u00e9sz\u00edtett pr\u00e9mium min\u0151s\u00e9ggel <strong>f\u00e9mes kivitel<\/strong>A Fizzy Nova 20000 Puffs ugyanolyan st\u00edlusos, mint amilyen tart\u00f3s. Az eleg\u00e1ns, magas min\u0151s\u00e9g\u0171 f\u00e9m kialak\u00edt\u00e1s nemcsak \u00e1ramvonalasnak t\u0171nik, hanem ellen\u00e1ll\u00f3 is, ellen\u00e1ll a mindennapi kop\u00e1snak \u00e9s elhaszn\u00e1l\u00f3d\u00e1snak, mik\u00f6zben luxus eszt\u00e9tikai megjelen\u00e9st ny\u00fajt.<\/p>\n<hr \/>\n<h2>Fedezze fel az \u00cdzsk\u00e1l\u00e1t <a href=\"https:\/\/casinovape.de\/hu\/termekkategoria\/szensavas-eldobhato-vape\/\">Fizzy<\/a> Nova 20000 Puffs<\/h2>\n<p>A Fizzy Nova 20000 Puffs vape tolltart\u00f3ja leny\u0171g\u00f6z\u0151 \u00edzv\u00e1laszt\u00e9kban kaphat\u00f3, amelyek mindegyik\u00e9t \u00fagy tervezt\u00e9k, hogy egyedi \u00e9s kiel\u00e9g\u00edt\u0151 \u00e9lm\u00e9nyt ny\u00fajtson. Foglalkozzunk ezekkel az \u00edzekkel r\u00e9szletesen:<\/p>\n<h3>1. <strong>Citrom Lime<\/strong><\/h3>\n<p>Egy friss\u00edt\u0151 kever\u00e9k savany\u00fa citrom \u00e9s f\u0171szeres lime, ez az \u00edz ropog\u00f3s \u00e9s \u00e9l\u00e9nk \u00edzt k\u00edn\u00e1l, amely minden sz\u00edv\u00e1sba friss\u00edt\u0151 \u00e9rint\u00e9st ad. A citrom-lime egy fantasztikus v\u00e1laszt\u00e1s azok sz\u00e1m\u00e1ra, akik szeretik a tiszta, citrusos \u00edzprofilt.<\/p>\n<h3>2. <strong>Fizzy Cherry<\/strong><\/h3>\n<p>\u00c9des \u00e9s pezsg\u0151 cseresznye jegyeket \u00e9letre keltve, a Fizzy Cherry igaz\u00e1n \u00edzletes, mer\u00e9sz \u00e9s bubor\u00e9kos \u00e9lm\u00e9nyt ny\u00fajt. Ez az \u00edz egyes\u00edti az \u00e9dess\u00e9get egy kis savany\u00fas\u00e1ggal, minden bel\u00e9gz\u00e9ssel \u00e9rz\u00e9keid sz\u00e1m\u00e1ra kellemes fellend\u00fcl\u00e9st adva.<\/p>\n<h3>3. <strong>Vegyes Bogy\u00f3<\/strong><\/h3>\n<p>\u00c9lje \u00e1t a friss szedett bogy\u00f3k harmonikus kever\u00e9k\u00e9t a Vegyes Bogy\u00f3s \u00edzzel. Ez a kever\u00e9k t\u00f6k\u00e9letes egyens\u00falyt teremt az \u00e9des \u00e9s enyh\u00e9n savanyk\u00e1s k\u00f6z\u00f6tt, \u00edgy ide\u00e1lis v\u00e1laszt\u00e1s a gy\u00fcm\u00f6lcs szerelmeseinek, akik szeretik a r\u00e9tegezett, l\u00e9d\u00fas \u00edzprofilt.<\/p>\n<h3>4. <strong>Eper Kivi<\/strong><\/h3>\n<p>Az eper-kivi \u00edz egyes\u00edti az \u00e9rett eper \u00e9dess\u00e9g\u00e9t \u00e9s a tr\u00f3pusi, enyh\u00e9n savanyk\u00e1s kivit, egy friss\u00edt\u0151 \u00e9s egzotikus kever\u00e9k\u00e9rt. \u00c9des \u00e9s enyh\u00e9n savany\u00fa, olyan \u00edzt ny\u00fajt, amely egy napos napra eml\u00e9keztet.<\/p>\n<h3>5. <strong>S\u00e1rgadinnye<\/strong><\/h3>\n<p>Mer\u00fclj\u00f6n el a g\u00f6r\u00f6gdinnye l\u00e9d\u00fas \u00edz\u00e9ben, egy \u00edz, amely ropog\u00f3s, friss\u00edt\u0151 \u00e9s ellen\u00e1llhatatlanul \u00e9des. A ny\u00e1ri napok eml\u00e9k\u00e9t id\u00e9zi, ez a lehet\u0151s\u00e9g sima \u00e9s h\u0171s\u00edt\u0151, t\u00f6k\u00e9letes azok sz\u00e1m\u00e1ra, akik \u00e9rt\u00e9kelik az egyszer\u0171, m\u00e9gis kellemes \u00edzt.<\/p>\n<h3>6. <strong>R\u00f3zsasz\u00edn Citromos \u00dcd\u00edt\u0151<\/strong><\/h3>\n<p>A Pink Lemonade \u00f6tv\u00f6zi az \u00e9des citromos \u00edzt egy pezsg\u0151 csavarral, \u00e9s minden sz\u00edv\u00e1sn\u00e1l friss\u00edt\u0151 vape-ot k\u00edn\u00e1l. Az \u00e9dess\u00e9g \u00e9s a savany\u00fas\u00e1g egyens\u00falya vil\u00e1gos \u00e9s \u00e9lvezetes \u00e9lm\u00e9nyt teremt, ide\u00e1lis azok sz\u00e1m\u00e1ra, akik egyedi \u00e9s friss\u00edt\u0151 \u00edzt k\u00edv\u00e1nnak.<\/p>\n<h3>7. <strong>Eper<\/strong><\/h3>\n<p>Egy klasszikus kedvenc, az Eper megragadja a friss, l\u00e9d\u00fas eper esszenci\u00e1j\u00e1t sima \u00e9s \u00e9des profillal. Ez az \u00edz egyszerre megnyugtat\u00f3 \u00e9s \u00e9l\u00e9nk, \u00edgy id\u0151t\u00e1ll\u00f3 v\u00e1laszt\u00e1s minden vape rajong\u00f3 sz\u00e1m\u00e1ra.<\/p>\n<h3>8. <strong>\u0150szibar\u00e1t<\/strong><\/h3>\n<p>A barack term\u00e9szetes \u00e9dess\u00e9g\u00e9t \u00e9s finom vir\u00e1gos jegyeit hozza ki egy t\u00f6k\u00e9letesen \u00e9rett barackb\u00f3l. Ez az \u00edz gyeng\u00e9d, m\u00e9gis testes, sima \u00e9s kiel\u00e9g\u00edt\u0151 vape-\u00e9lm\u00e9nyt ny\u00fajt.<\/p>\n<h3>9. <strong>\u00c1fonya<\/strong><\/h3>\n<p>Er\u0151s \u00e9s f\u00f6ldes profilj\u00e1val a Blueberry ide\u00e1lis azok sz\u00e1m\u00e1ra, akik gazdag, bogy\u00f3s \u00edzeket kedvelnek. Ez az \u00edz megragadja a vad \u00e1fonya l\u00e9nyeg\u00e9t, \u00e9s finom \u00e9dess\u00e9get ad az \u00d6n vape \u00e9lm\u00e9ny\u00e9hez.<\/p>\n<h3>10. <strong>Sz\u0151l\u0151<\/strong><\/h3>\n<p>A sz\u0151l\u0151 b\u00e1tor, gazdag \u00e9s l\u00e9d\u00fas \u00e9lm\u00e9nyt k\u00edn\u00e1l, t\u00f6k\u00e9letes a \u00e9des, testes \u00edzek rajong\u00f3inak. Egy kis savany\u00fas\u00e1ggal ez a lehet\u0151s\u00e9g \u00edzletes hat\u00e1st ny\u00fajt, amely eml\u00e9kezetes \u00edzt hagy maga ut\u00e1n.<\/p>\n<h3>11. <strong>\u00c1fonya K\u00f3kusz<\/strong><\/h3>\n<p>Azok sz\u00e1m\u00e1ra, akik tr\u00f3pusi v\u00e1ltozatoss\u00e1gra v\u00e1gynak, a Blueberry Coconut \u00f6tv\u00f6zi az \u00e1fonya gazdags\u00e1g\u00e1t a k\u00f3kusz kr\u00e9mes simas\u00e1g\u00e1val. Ez az egyed\u00fcl\u00e1ll\u00f3 p\u00e1ros\u00edt\u00e1s egzotikus \u00e9s \u00edzletes vape-\u00e9lm\u00e9nyt ny\u00fajt.<\/p>\n<h3>12. <strong>M\u00e1lna Citrom<\/strong><\/h3>\n<p>M\u00e1lna Citrom egy \u00e9l\u00e9nk kever\u00e9ke a savas m\u00e1ln\u00e1nak \u00e9s a fanyar citromnak, ami egy vil\u00e1gos \u00e9s friss\u00edt\u0151 \u00edzprofilt hoz l\u00e9tre. Ez a lehet\u0151s\u00e9g ide\u00e1lis azoknak a vapereknek, akik egy robban\u00e1snyi gy\u00fcm\u00f6lcs\u00f6s, citrusos frissess\u00e9get szeretnek egy kis \u00e9dess\u00e9ggel.<\/p>\n<hr \/>\n<p>&nbsp;<\/p>\n<h2><img loading=\"lazy\" decoding=\"async\" class=\"alignnone wp-image-499 size-full\" src=\"https:\/\/casinovape.de\/wp-content\/uploads\/2024\/09\/Fizzy-Nova-20000puffs-scaled.webp\" alt=\"Eur\u00f3pai Rakt\u00e1r Fizzy Nova 20000 Puffs Alacsony Nikotin Eredeti Hiteles \u00dajrat\u00f6lthet\u0151 Eldobhat\u00f3 Vape Toll\" width=\"2560\" height=\"1920\" srcset=\"https:\/\/casinovape.de\/wp-content\/uploads\/2024\/09\/Fizzy-Nova-20000puffs-scaled.webp 2560w, https:\/\/casinovape.de\/wp-content\/uploads\/2024\/09\/Fizzy-Nova-20000puffs-300x225.webp 300w, https:\/\/casinovape.de\/wp-content\/uploads\/2024\/09\/Fizzy-Nova-20000puffs-1024x768.webp 1024w, https:\/\/casinovape.de\/wp-content\/uploads\/2024\/09\/Fizzy-Nova-20000puffs-768x576.webp 768w, https:\/\/casinovape.de\/wp-content\/uploads\/2024\/09\/Fizzy-Nova-20000puffs-1536x1152.webp 1536w, https:\/\/casinovape.de\/wp-content\/uploads\/2024\/09\/Fizzy-Nova-20000puffs-2048x1536.webp 2048w, https:\/\/casinovape.de\/wp-content\/uploads\/2024\/09\/Fizzy-Nova-20000puffs-600x450.webp 600w\" sizes=\"auto, (max-width: 2560px) 100vw, 2560px\" \/><\/h2>\n<h2>Mi\u00e9rt v\u00e1lassza a Casinovape-ot az \u00d6n sz\u00e1m\u00e1ra <a href=\"https:\/\/casinovape.de\/hu\/termekkategoria\/szensavas-eldobhato-vape\/\">Fizzy<\/a> Nova 20000 Puffs<\/h2>\n<p>A Casinovape N\u00e9metorsz\u00e1g \u00e9s az EU els\u0151 sz\u00e1m\u00fa online platformja az eldobhat\u00f3 vapereknek, amely a neves m\u00e1rk\u00e1k, p\u00e9ld\u00e1ul <strong>Fizzy, Al Fakher, OBEELAB HHC, \u00e9s SMPO DL02<\/strong>Itt van, mi\u00e9rt a Casinovape a legjobb v\u00e1laszt\u00e1s a Fizzy Nova 20000 Puffs megv\u00e1s\u00e1rl\u00e1s\u00e1hoz:<\/p>\n<h3><strong>1. Kiterjedt Term\u00e9ksk\u00e1la \u00e9s Eredetis\u00e9g<\/strong><\/h3>\n<p>A Casinovape-n\u00e1l b\u00fcszk\u00e9k vagyunk arra, hogy hiteles, magas min\u0151s\u00e9g\u0171 vape term\u00e9kek sz\u00e9les v\u00e1laszt\u00e9k\u00e1t k\u00edn\u00e1ljuk.  Kollekci\u00f3nkban megtal\u00e1lhat\u00f3 n\u00e9h\u00e1ny a legn\u00e9pszer\u0171bb eldobhat\u00f3 vape k\u00f6z\u00fcl, bele\u00e9rtve a j\u00f3l ismert Fizzy Nov\u00e1t is.  Garant\u00e1ljuk minden term\u00e9k eredetis\u00e9g\u00e9t \u00e9s hiteless\u00e9g\u00e9t.<\/p>\n<h3><strong>2. Eur\u00f3pai rakt\u00e1r gyors \u00e9s megb\u00edzhat\u00f3 sz\u00e1ll\u00edt\u00e1shoz<\/strong><\/h3>\n<p>Minden rendel\u00e9st k\u00f6zvetlen\u00fcl eur\u00f3pai rakt\u00e1runkb\u00f3l sz\u00e1ll\u00edtunk, biztos\u00edtva a gyors \u00e9s biztons\u00e1gos sz\u00e1ll\u00edt\u00e1st 3-7 napon bel\u00fcl. Nincs minim\u00e1lis rendel\u00e9si mennyis\u00e9g, \u00edgy mind az egy\u00e9neket, mind a kiskereskedelmi csoportokat kiszolg\u00e1ljuk, megk\u00f6nny\u00edtve b\u00e1rkinek az EU-ban, hogy gyorsan hozz\u00e1f\u00e9rjen term\u00e9keinkhez.<\/p>\n<h3><strong>3. Szakmai \u00dcgyf\u00e9lszolg\u00e1lat<\/strong><\/h3>\n<p>Elk\u00f6telezett csapatunk azon dolgozik, hogy biztos\u00edtsa a z\u00f6kken\u0151mentes v\u00e1s\u00e1rl\u00e1si \u00e9lm\u00e9nyt. A term\u00e9kaj\u00e1nl\u00e1sokt\u00f3l az rendel\u00e9si \u00e9rdekl\u0151d\u00e9sekig, a Casinovape \u00fcgyf\u00e9lszolg\u00e1lata itt van, hogy seg\u00edtsen \u00d6nnek minden l\u00e9p\u00e9sn\u00e9l.<\/p>\n<h3><strong>4. Nincs Minim\u00e1lis Rendel\u00e9si K\u00f6vetelm\u00e9ny<\/strong><\/h3>\n<p>A Casinovape minden v\u00e1s\u00e1rl\u00e1sn\u00e1l rugalmass\u00e1got k\u00edn\u00e1l, lehet\u0151v\u00e9 t\u00e9ve, hogy annyi eldobhat\u00f3 vape-ot rendelj, amennyire sz\u00fcks\u00e9ged van. Ak\u00e1r egyetlen term\u00e9ket szeretn\u00e9l kipr\u00f3b\u00e1lni, ak\u00e1r a kedvenceidet szeretn\u00e9d felt\u00f6lteni, mi gondoskodunk r\u00f3la.<\/p>\n<h3><strong>5. Versenyk\u00e9pes \u00c1raz\u00e1s \u00e9s Exkluz\u00edv Aj\u00e1nlatok<\/strong><\/h3>\n<p>\u00c9lvezze a kedvez\u0151 \u00e1rakat \u00e9s a kiz\u00e1r\u00f3lagos prom\u00f3ci\u00f3kat a Casinovape sz\u00e9les term\u00e9ksk\u00e1l\u00e1j\u00e1n. Versenyk\u00e9pes \u00e1raz\u00e1sunkkal k\u00f6nny\u0171v\u00e9 tessz\u00fck a pr\u00e9mium vape term\u00e9kek \u00e9lvezet\u00e9t an\u00e9lk\u00fcl, hogy p\u00e9nzt\u00e1rc\u00e1j\u00e1t megterheln\u00e9.<\/p>\n<hr \/>\n<h2>V\u00e9gs\u0151 Gondolatok: Emelje Magasabb Szintre G\u0151z\u00f6l\u00e9si \u00c9lm\u00e9ny\u00e9t a Fizzy Nova 20000 Puffal<\/h2>\n<p>A Fizzy Nova 20000 Puffs \u00fajrat\u00f6lthet\u0151 eldobhat\u00f3 vape toll kiv\u00e1l\u00f3 v\u00e1laszt\u00e1s mindazok sz\u00e1m\u00e1ra, akik k\u00e9nyelmet, \u00edzv\u00e1ltozatoss\u00e1got \u00e9s kiv\u00e1l\u00f3 min\u0151s\u00e9g\u0171 vape-\u00e9lm\u00e9nyt keresnek. Innovat\u00edv technol\u00f3gi\u00e1j\u00e1val, v\u00e1ltozatos \u00edzlehet\u0151s\u00e9geivel \u00e9s st\u00edlusos kialak\u00edt\u00e1s\u00e1val olyan vape-utat biztos\u00edt, mint m\u00e1sk\u00e9nt sehol. Ak\u00e1r a hossz\u00fa akkumul\u00e1tor-\u00e9lettartam, az LCD-k\u00e9perny\u0151, vagy az Eco \u00e9s Turbo m\u00f3dok k\u00f6z\u00f6tti v\u00e1lt\u00e1s lehet\u0151s\u00e9ge vonzza, a Fizzy Nova minden ig\u00e9nyt kiel\u00e9g\u00edt.<\/p>\n<p>Ne hagyja ki a lehet\u0151s\u00e9get, hogy felfedezze ezeket a pr\u00e9mium g\u0151z\u00f6l\u00e9si megold\u00e1sokat a  l\u00e1togat\u00e1s\u00e1val <a href=\"https:\/\/casinovape.de\/hu\/\">Casinovape<\/a>V\u00e1s\u00e1rolja meg Fizzy Nova k\u00e9sz\u00fcl\u00e9k\u00e9t m\u00e9g ma, hogy megtapasztalhassa a fokozott \u00edzeket, a maxim\u00e1lis k\u00e9nyelmet \u00e9s a val\u00f3di, kiv\u00e1l\u00f3 min\u0151s\u00e9g\u0171 term\u00e9kek biztos\u00edt\u00e9k\u00e1t.<\/p>","protected":false},"excerpt":{"rendered":"<div class=\"flex-shrink-0 flex flex-col relative items-end\">\n<div class=\"pt-0\">\n<div class=\"gizmo-shadow-stroke flex h-8 w-8 items-center justify-center overflow-hidden rounded-full\">\n<div class=\"h-full w-full\">\n<div class=\"gizmo-shadow-stroke overflow-hidden rounded-full\">Fedezze fel a<strong> Fizzy Nova 20000 Puffs<\/strong> \u00dajrat\u00f6lthet\u0151 Eldobhat\u00f3 Vape Toll a Casinovape-n\u00e1l \u2013 N\u00e9metorsz\u00e1g legjobb online vape boltja autentikus term\u00e9kekkel, gyors EU-s sz\u00e1ll\u00edt\u00e1ssal \u00e9s nincs minim\u00e1lis rendel\u00e9si mennyis\u00e9g. V\u00e1s\u00e1roljon pr\u00e9mium \u00edzeket \u00e9s \u00e9lvezze a kiv\u00e1l\u00f3 vape-\u00e9lm\u00e9nyt m\u00e9g ma!<\/div>\n<\/div>\n<\/div>\n<\/div>\n<\/div>","protected":false},"featured_media":1163,"comment_status":"open","ping_status":"closed","template":"","meta":[],"product_brand":[],"product_cat":[19,78,81,82,84,86,87,88,89,92,94,96,98,99,65,66,67,68,69,70,71,72,73,74,75,76,77,57,63,45,48,50,51,52,54],"product_tag":[],"class_list":{"0":"post-426","1":"product","2":"type-product","3":"status-publish","4":"has-post-thumbnail","6":"product_cat-fizzy-disposable-vapes","7":"product_cat-buy-best-disposable-vape-flavors","8":"product_cat-blueberry-flavor-disposable-vapes","9":"product_cat-cherry-flavor-disposable-vapes","10":"product_cat-grape-flavor-disposable-vapes","11":"product_cat-ice-flavor-disposable-vapes","12":"product_cat-kiwi-flavor-disposable-vapes","13":"product_cat-lemon-flavor-disposable-vapes","14":"product_cat-lush-flavor-disposable-vapes","15":"product_cat-mixed-berries-flavor-disposable-vapes","16":"product_cat-peach-flavor-disposable-vapes","17":"product_cat-raspberry-flavor-disposable-vapes","18":"product_cat-strawberry-flavor-disposable-vapes","19":"product_cat-watermelon-flavor-disposable-vapes","20":"product_cat-best-disposable-vape-in-europe","21":"product_cat-buy-disposable-vapes-in-austria","22":"product_cat-buy-disposable-vapes-in-belgium","23":"product_cat-buy-disposable-vapes-in-france","24":"product_cat-buy-disposable-vapes-in-germany","25":"product_cat-buy-disposable-vapes-in-italy","26":"product_cat-buy-disposable-vapes-in-netherlands","27":"product_cat-buy-disposable-vapes-in-norway","28":"product_cat-buy-disposable-vapes-in-poland","29":"product_cat-buy-disposable-vapes-in-portugal","30":"product_cat-buy-disposable-vapes-in-spain","31":"product_cat-buy-disposable-vapes-in-sweden","32":"product_cat-buy-disposable-vapes-in-switzerland","33":"product_cat-shop-disposable-vapes-by-puffs","34":"product_cat-20000-puff-disposable-vape","35":"product_cat-disposable-vape-types","36":"product_cat-big-puffs-disposable-vapes","37":"product_cat-digital-box-disposable-vapes","38":"product_cat-dual-mesh-disposable-vapes","39":"product_cat-lower-nicotine-disposable-vapes","40":"product_cat-rechargeable-disposable-vapes","42":"first","43":"outofstock","44":"shipping-taxable","45":"purchasable","46":"product-type-variable"},"jetpack_sharing_enabled":true,"_links":{"self":[{"href":"https:\/\/casinovape.de\/hu\/wp-json\/wp\/v2\/product\/426","targetHints":{"allow":["GET"]}}],"collection":[{"href":"https:\/\/casinovape.de\/hu\/wp-json\/wp\/v2\/product"}],"about":[{"href":"https:\/\/casinovape.de\/hu\/wp-json\/wp\/v2\/types\/product"}],"replies":[{"embeddable":true,"href":"https:\/\/casinovape.de\/hu\/wp-json\/wp\/v2\/comments?post=426"}],"wp:featuredmedia":[{"embeddable":true,"href":"https:\/\/casinovape.de\/hu\/wp-json\/wp\/v2\/media\/1163"}],"wp:attachment":[{"href":"https:\/\/casinovape.de\/hu\/wp-json\/wp\/v2\/media?parent=426"}],"wp:term":[{"taxonomy":"product_brand","embeddable":true,"href":"https:\/\/casinovape.de\/hu\/wp-json\/wp\/v2\/product_brand?post=426"},{"taxonomy":"product_cat","embeddable":true,"href":"https:\/\/casinovape.de\/hu\/wp-json\/wp\/v2\/product_cat?post=426"},{"taxonomy":"product_tag","embeddable":true,"href":"https:\/\/casinovape.de\/hu\/wp-json\/wp\/v2\/product_tag?post=426"}],"curies":[{"name":"wp","href":"https:\/\/api.w.org\/{rel}","templated":true}]}}