{"id":233,"date":"2024-09-25T12:52:06","date_gmt":"2024-09-25T12:52:06","guid":{"rendered":"https:\/\/casinovape.de\/?post_type=product&#038;p=233"},"modified":"2025-01-12T13:52:46","modified_gmt":"2025-01-12T13:52:46","slug":"europai-raktar-szensavas-bumm-13000-puff-alacsony-nikotin-vasarlas-eredeti-autentikus-ujratoltheto-eldobhato-vapes-toll","status":"publish","type":"product","link":"https:\/\/casinovape.de\/hu\/termek\/europai-raktar-szensavas-bumm-13000-puff-alacsony-nikotin-vasarlas-eredeti-autentikus-ujratoltheto-eldobhato-vapes-toll\/","title":{"rendered":"Eur\u00f3pai Rakt\u00e1r Fizzy Boom 13000 Puff Low Nikotin V\u00e1s\u00e1roljon Eredeti Hiteles \u00dajrat\u00f6lthet\u0151 Eldobhat\u00f3 Vape Tollat"},"content":{"rendered":"<h2><\/h2>\n<div style=\"width: 1020px;\" class=\"wp-video\"><!--[if lt IE 9]><script>document.createElement('video');<\/script><![endif]-->\n<video class=\"wp-video-shortcode\" id=\"video-233-1\" width=\"1020\" height=\"1020\" preload=\"metadata\" controls=\"controls\"><source type=\"video\/mp4\" src=\"https:\/\/casinovape.de\/wp-content\/uploads\/2024\/09\/Fizzy-Boom-13000-puff-\u5b9e\u62cd\u89c6\u9891.mp4?_=1\" \/><a href=\"https:\/\/casinovape.de\/wp-content\/uploads\/2024\/09\/Fizzy-Boom-13000-puff-\u5b9e\u62cd\u89c6\u9891.mp4\">https:\/\/casinovape.de\/wp-content\/uploads\/2024\/09\/Fizzy-Boom-13000-puff-\u5b9e\u62cd\u89c6\u9891.mp4<\/a><\/video><\/div>\n<h2>Fedezze fel a <a href=\"https:\/\/casinovape.de\/hu\/termekkategoria\/szensavas-eldobhato-vape\/\">Fizzy<\/a> Boom 13000 Puffs: A V\u00e9gs\u0151 G\u0151z\u00f6l\u00e9si \u00c9lvezet<\/h2>\n<h2>Bevezet\u00e9s<\/h2>\n<p>\u00dcdv\u00f6z\u00f6lj\u00fck a Fizzy Boom 13000 Puffs vil\u00e1g\u00e1ban, egy \u00fatt\u00f6r\u0151 eldobhat\u00f3 vape tollat, amelyet mind a h\u00e9tk\u00f6znapi felhaszn\u00e1l\u00f3knak, mind a tapasztalt vapereknek terveztek. Az ak\u00e1r 13 000 sz\u00edv\u00e1st is biztos\u00edt\u00f3 innovat\u00edv eszk\u00f6z kiemelkedik a versenyk\u00e9pes vapemarketing piac\u00e1n. Kiz\u00e1r\u00f3lag a Casinovape-on \u00e9rhet\u0151 el, N\u00e9metorsz\u00e1g vezet\u0151 online kiskereskedelmi platformj\u00e1n az eldobhat\u00f3 vape-ok sz\u00e1m\u00e1ra, a Fizzy Boom \u00f6tv\u00f6zi a kiv\u00e1l\u00f3 teljes\u00edtm\u00e9nyt, a st\u00edlusos diz\u00e1jnt \u00e9s a kellemes \u00edzek sz\u00e9les sk\u00e1l\u00e1j\u00e1t, hogy magasabb szintre emelje a vaperek tapasztalatait.<\/p>\n<h2>R\u00e9szletes Term\u00e9kle\u00edr\u00e1s<\/h2>\n<p>A Fizzy Boom E-Cigaretta gondosan van tervezve azok sz\u00e1m\u00e1ra, akik megb\u00edzhat\u00f3s\u00e1got keresnek an\u00e9lk\u00fcl, hogy kompromisszumot k\u00f6tn\u00e9nek az \u00edz vagy a teljes\u00edtm\u00e9ny ter\u00e9n. Ez az eszk\u00f6z kompakt, m\u00e9gis er\u0151s, biztos\u00edtva egy kiel\u00e9g\u00edt\u0151 vape-ot minden haszn\u00e1lat sor\u00e1n.<\/p>\n<h3>M\u0171szaki Specifik\u00e1ci\u00f3k<\/h3>\n<ul>\n<li><strong>M\u00e1rka:<\/strong> Fizzy<\/li>\n<li><strong>Modell:<\/strong> Fizzy Boom<\/li>\n<li><strong>M\u00e9retek:<\/strong> 52,8 mm x 25 mm x 76,5 mm<\/li>\n<li><strong>Akku kapacit\u00e1s:<\/strong> 650 mAh, Type-C t\u00f6lt\u00e9ssel<\/li>\n<li><strong>E-Liquid Kapacit\u00e1s:<\/strong> 21 ml<\/li>\n<li><strong>Nikotin er\u0151ss\u00e9g:<\/strong> 5% \/ 2%<\/li>\n<li><strong>Puff Count:<\/strong> Legfeljebb 13 000<\/li>\n<li><strong>El\u00e9rhet\u0151 \u00edzek:<\/strong> 11 egyedi profil<\/li>\n<\/ul>\n<h3>Fels\u0151bbrend\u0171 tervez\u00e9s<\/h3>\n<p>A Fizzy Boom robusztus f\u00e9m konstrukci\u00f3val rendelkezik, amely nemcsak a tart\u00f3ss\u00e1got n\u00f6veli, hanem eleganci\u00e1t is ad hozz\u00e1. A fejlett h\u00e1l\u00f3tekercs-technol\u00f3gia biztos\u00edtja, hogy minden sz\u00edv\u00e1s \u00edzzel legyen megt\u00f6ltve, \u00e9s \u00edgy mag\u00e1val ragad\u00f3 vape-\u00e9lm\u00e9nyt ny\u00fajt. A k\u00e9sz\u00fcl\u00e9k intelligens LCD-kijelz\u0151vel van felszerelve, amely lehet\u0151v\u00e9 teszi a felhaszn\u00e1l\u00f3k sz\u00e1m\u00e1ra, hogy val\u00f3s id\u0151ben figyelj\u00e9k a akkumul\u00e1tor \u00e9lettartam\u00e1t \u00e9s az e-folyad\u00e9k szintj\u00e9t, biztos\u00edtva, hogy soha ne \u00e9rjen v\u00e1ratlanul.<\/p>\n<h2>F\u0151bb jellemz\u0151k <a href=\"https:\/\/casinovape.de\/hu\/termekkategoria\/szensavas-eldobhato-vape\/\">Fizzy<\/a> Boom 13000 Puffs<\/h2>\n<ul>\n<li><strong>Leny\u0171g\u00f6z\u0151 Puff Sz\u00e1m:<\/strong> Ak\u00e1r 13 000 sz\u00edv\u00e1sra alkalmas kapacit\u00e1s\u00e1val hosszabb ideig tart\u00f3 vape \u00e9lm\u00e9nyben r\u00e9szes\u00fclhet an\u00e9lk\u00fcl, hogy gyakran cser\u00e9lnie kellene.<\/li>\n<li><strong>B\u0151 e-liquid kapacit\u00e1s:<\/strong> A nagy, 21 ml-es e-folyad\u00e9k tart\u00e1ly lehet\u0151v\u00e9 teszi a hosszabb haszn\u00e1latot, ide\u00e1lis azok sz\u00e1m\u00e1ra, akik kevesebb megszak\u00edt\u00e1st prefer\u00e1lnak.<\/li>\n<li><strong>Gyors T\u00f6lt\u00e9si K\u00e9pess\u00e9g:<\/strong> A k\u00e9sz\u00fcl\u00e9k Type-C t\u00f6lt\u0151porttal rendelkezik, amely lehet\u0151v\u00e9 teszi a gyors \u00fajrat\u00f6lt\u00e9st, hogy tov\u00e1bb tudjon g\u0151z\u00f6lni.<\/li>\n<li><strong>Felhaszn\u00e1l\u00f3bar\u00e1t LCD kijelz\u0151:<\/strong> Maradjon t\u00e1j\u00e9kozott k\u00e9sz\u00fcl\u00e9ke \u00e1llapot\u00e1r\u00f3l egy k\u00f6nnyen olvashat\u00f3 kijelz\u0151vel, amely jelzi a h\u00e1tral\u00e9v\u0151 akkumul\u00e1tor-\u00e9lettartamot \u00e9s az e-folyad\u00e9k mennyis\u00e9g\u00e9t.<\/li>\n<li><strong>Nagyteljes\u00edtm\u00e9ny\u0171 h\u00e1l\u00f3tekercs:<\/strong> Fokozza az \u00edz intenzit\u00e1s\u00e1t \u00e9s a g\u0151ztermel\u00e9st egy kiel\u00e9g\u00edt\u0151bb vaporiz\u00e1ci\u00f3s \u00e9lm\u00e9ny \u00e9rdek\u00e9ben.<\/li>\n<\/ul>\n<h2>\u00cdzes\u00edt\u00e9si lehet\u0151s\u00e9gek<\/h2>\n<p>A kiemelked\u0151 tulajdons\u00e1gai k\u00f6z\u00fcl az egyik <a href=\"https:\/\/casinovape.de\/hu\/termekkategoria\/szensavas-eldobhato-vape\/\">Fizzy<\/a> A Boom az \u00edzek sz\u00e9les sk\u00e1l\u00e1j\u00e1r\u00f3l sz\u00f3l, amelyek mindegyik\u00e9t \u00fagy alak\u00edtott\u00e1k ki, hogy egyedi vapel\u00e9si \u00e9rzetet ny\u00fajtson. Az al\u00e1bbiakban megtal\u00e1lhat\u00f3ak az \u00edzletes lehet\u0151s\u00e9gek:<\/p>\n<ol>\n<li><strong>\u0150szibar\u00e1t<\/strong> \u00c9des \u00e9s l\u00e9d\u00fas \u00edz, amely megragadja az \u00e9rett \u0151szibar\u00e1tok esszenci\u00e1j\u00e1t, t\u00f6k\u00e9letes azok sz\u00e1m\u00e1ra, akik \u00e9rt\u00e9kelik a gy\u00fcm\u00f6lcs\u00f6s jegyeket.<\/li>\n<li><strong>\u00c1fonya J\u00e9g:<\/strong> Egy friss\u00edt\u0151 \u00e9des \u00e1fonya kever\u00e9k, melyet egy h\u0171s\u00edt\u0151 j\u00e9g hat\u00e1s eg\u00e9sz\u00edt ki, ide\u00e1lis egy \u00e9l\u00e9nk\u00edt\u0151 vape-hoz.<\/li>\n<li><strong>Sz\u0151l\u0151 j\u00e9g:<\/strong> Gazdag sz\u0151l\u0151 \u00edz, h\u0171s\u00edt\u0151 befejez\u00e9ssel, klasszikus \u00edzvil\u00e1g modern csavarral.<\/li>\n<li><strong>Eper:<\/strong> Az \u00e9rett eper kellemes \u00e9dess\u00e9ge, amely minden sz\u00edv\u00e1st ny\u00e1ri boldogs\u00e1ggal t\u00f6lt el.<\/li>\n<li><strong>V\u00edzimelon J\u00e9g:<\/strong> Egy ropog\u00f3san friss\u00edt\u0151 kombin\u00e1ci\u00f3: l\u00e9d\u00fas g\u00f6r\u00f6gdinnye \u00e9s h\u0171s\u00edt\u0151 \u00e9rz\u00e9s, t\u00f6k\u00e9letes a forr\u00f3 ny\u00e1ri napokra.<\/li>\n<li><strong>K\u00e9k\u00e1fonya G\u00f6r\u00f6gdinnye R\u00e1g\u00f3gumi:<\/strong> Egy j\u00e1t\u00e9kos kever\u00e9k, amely \u00e9des \u00e1fony\u00e1t \u00e9s g\u00f6r\u00f6gdinnye valamint bubor\u00e9kos r\u00e1g\u00f3gumi \u00edzeket egyens\u00falyoz ki, \u00e9s ez\u00e1ltal egy sz\u00f3rakoztat\u00f3 \u00e9s gy\u00fcm\u00f6lcs\u00f6s \u00e9lm\u00e9nyt ny\u00fajt.<\/li>\n<li><strong>Savany\u00fa Alma:<\/strong> Egy cs\u00e1b\u00edt\u00f3an fanyar alma kever\u00e9k, amely fel\u00e9breszti az \u00edzlel\u0151bimb\u00f3kat, \u00e9s izgalmas csavart ny\u00fajt a gy\u00fcm\u00f6lcs szerelmeseinek.<\/li>\n<li><strong>V\u00edzimelon Cherry:<\/strong> Egy harmonikus \u00e9des g\u00f6r\u00f6gdinnye \u00e9s cseresznye kever\u00e9k, amely t\u00f6k\u00e9letesen kiegyens\u00falyozott g\u0151z\u00f6l\u00e9si \u00e9lm\u00e9nyt ny\u00fajt.<\/li>\n<li><strong>\u00c1fonya Dinnye:<\/strong> Egy \u00e9l\u00e9nk kombin\u00e1ci\u00f3ja a l\u00e9d\u00fas \u00e1fony\u00e1nak \u00e9s a friss\u00edt\u0151 g\u00f6r\u00f6gdinny\u00e9nek, amely egyed\u00fcl\u00e1ll\u00f3 \u00edz\u00e9lm\u00e9nyt k\u00edn\u00e1l.<\/li>\n<li><strong>Kiwi Berry J\u00e9g:<\/strong> \u00c9des \u00e1fony\u00e1k \u00e9s savany\u00fa m\u00e1ln\u00e1k gy\u00fcm\u00f6lcs\u00f6s elegye, melyet egy friss\u00edt\u0151 befejez\u00e9shez egy fanyar citrom jegy eg\u00e9sz\u00edt ki.<\/li>\n<li><strong>\u00c1fonya M\u00e1lna Citrom:<\/strong> Egy finom eper \u00e9s g\u00f6r\u00f6gdinnye f\u00fazi\u00f3, gr\u00e1n\u00e1talma \u00e1rnyalattal, amely \u00edzletes \u00e9lvezetet teremt.<\/li>\n<\/ol>\n<h2><img loading=\"lazy\" decoding=\"async\" class=\"alignnone wp-image-346 size-full\" src=\"https:\/\/casinovape.de\/wp-content\/uploads\/2024\/09\/Fizzy-Boom-13000puffs-scaled.webp\" alt=\"Eur\u00f3pai Rakt\u00e1r Fizzy Boom 13000 Puff Low Nikotin V\u00e1s\u00e1roljon Eredeti Hiteles \u00dajrat\u00f6lthet\u0151 Eldobhat\u00f3 Vape Tollat\" width=\"2560\" height=\"1920\" srcset=\"https:\/\/casinovape.de\/wp-content\/uploads\/2024\/09\/Fizzy-Boom-13000puffs-scaled.webp 2560w, https:\/\/casinovape.de\/wp-content\/uploads\/2024\/09\/Fizzy-Boom-13000puffs-300x225.webp 300w, https:\/\/casinovape.de\/wp-content\/uploads\/2024\/09\/Fizzy-Boom-13000puffs-1024x768.webp 1024w, https:\/\/casinovape.de\/wp-content\/uploads\/2024\/09\/Fizzy-Boom-13000puffs-768x576.webp 768w, https:\/\/casinovape.de\/wp-content\/uploads\/2024\/09\/Fizzy-Boom-13000puffs-1536x1152.webp 1536w, https:\/\/casinovape.de\/wp-content\/uploads\/2024\/09\/Fizzy-Boom-13000puffs-2048x1536.webp 2048w, https:\/\/casinovape.de\/wp-content\/uploads\/2024\/09\/Fizzy-Boom-13000puffs-600x450.webp 600w\" sizes=\"auto, (max-width: 2560px) 100vw, 2560px\" \/><\/h2>\n<h2>Mi\u00e9rt v\u00e1s\u00e1roljon Fizzy Boom 13000 Puffs-ot <a href=\"https:\/\/casinovape.de\/hu\/\">Casinovape.de<\/a>?<\/h2>\n<h3>Kiv\u00e9teles Min\u0151s\u00e9g<\/h3>\n<p>A Casinovape-n\u00e1l a min\u0151s\u00e9get \u00e9s a biztons\u00e1got helyezz\u00fck el\u0151t\u00e9rbe. Term\u00e9keink szigor\u00fa tesztel\u00e9sen mennek kereszt\u00fcl, hogy biztosak lehess\u00fcnk abban, hogy \u00d6n csak a legjobb term\u00e9keket kapja vape ig\u00e9nyeihez.<\/p>\n<h3>Versenyk\u00e9pes \u00e1raz\u00e1s<\/h3>\n<p>\u00c9lvezze a vonz\u00f3 \u00e1rakat, amelyek a pr\u00e9mium g\u0151z\u00f6l\u00e9st mindenki sz\u00e1m\u00e1ra el\u00e9rhet\u0151v\u00e9 teszik. Nincs minim\u00e1lis rendel\u00e9si mennyis\u00e9g, \u00edgy ma elkezdheti g\u0151z\u00f6l\u00e9si \u00fatj\u00e1t!<\/p>\n<h3>Gyors \u00e9s Megb\u00edzhat\u00f3 Sz\u00e1ll\u00edt\u00e1s<\/h3>\n<p>Meg\u00e9rtj\u00fck, hogy a rendel\u00e9sedre val\u00f3 v\u00e1rakoz\u00e1s frusztr\u00e1l\u00f3 lehet. Term\u00e9keink eur\u00f3pai vape rakt\u00e1runkb\u00f3l indulnak, \u00e9s 3-7 napon bel\u00fcl meg\u00e9rkeznek az ajt\u00f3dhoz.<\/p>\n<h3>Kiemelked\u0151 \u00dcgyf\u00e9lszolg\u00e1lat<\/h3>\n<p>Elk\u00f6telezett \u00fcgyf\u00e9lszolg\u00e1lati csapatunk rendelkez\u00e9sre \u00e1ll, hogy seg\u00edtsen \u00d6nnek b\u00e1rmilyen k\u00e9rd\u00e9sben vagy agg\u00e1lyban, biztos\u00edtva a z\u00f6kken\u0151mentes v\u00e1s\u00e1rl\u00e1si \u00e9lm\u00e9nyt.<\/p>\n<h3>Exkluz\u00edv \u00cdzprofilok<\/h3>\n<p>Fedezze fel a sz\u00e9lesk\u00f6r\u0171 exkluz\u00edv \u00edzek sk\u00e1l\u00e1j\u00e1t, amelyek egyedi g\u0151z\u00f6l\u00e9si \u00e9lm\u00e9nyhez igazodnak. V\u00e1laszt\u00e9kunkkal minden \u00edzl\u00e9shez tal\u00e1l valami megfelel\u0151t.<\/p>\n<h2>K\u00f6vetkeztet\u00e9s<\/h2>\n<p>A Fizzy Boom 13000 Puffs eldobhat\u00f3 e-cigaretta az abszol\u00fat v\u00e1laszt\u00e1s mindazok sz\u00e1m\u00e1ra, akik \u00e9rt\u00e9kelik az \u00edzt, a min\u0151s\u00e9get \u00e9s a k\u00e9nyelmet a vapiz\u00e1l\u00e1s sor\u00e1n. Fedezze fel exkluz\u00edv aj\u00e1nlatainkat a k\u00f6vetkez\u0151 c\u00edmen: <a href=\"https:\/\/casinovape.de\/hu\/\">Casinovape.de<\/a> \u00e9s engedje mag\u00e1t egy rendk\u00edv\u00fcli g\u0151z\u00f6l\u00e9si utaz\u00e1sba. \u00d6lelje fel a k\u00fcl\u00f6nb\u00f6z\u0151 \u00edzeket \u00e9s a kiv\u00e1l\u00f3 teljes\u00edtm\u00e9nyt, amelyek miatt a Fizzy Boom a piac egyik legjobb versenyz\u0151je. Ne hagyja ki - rendelje meg a saj\u00e1tj\u00e1t m\u00e9g ma \u00e9s emelje \u00faj magass\u00e1gokba a g\u0151z\u00f6l\u00e9si \u00e9lm\u00e9ny\u00e9t!<\/p>","protected":false},"excerpt":{"rendered":"<div class=\"flex-shrink-0 flex flex-col relative items-end\">\n<div class=\"pt-0\">\n<div class=\"gizmo-shadow-stroke flex h-8 w-8 items-center justify-center overflow-hidden rounded-full\">\n<div class=\"h-full w-full\">\n<div class=\"gizmo-shadow-stroke overflow-hidden rounded-full\">Tapasztalja meg<strong> Fizzy Boom 13000 Puffs<\/strong> Eldobhat\u00f3 vape, 11 egyedi \u00edzzel, gyors t\u00f6lt\u00e9ssel \u00e9s ak\u00e1r 13 000 sz\u00edv\u00e1ssal. V\u00e1s\u00e1roljon most a Casinovape-n\u00e9l gyors sz\u00e1ll\u00edt\u00e1ssal \u00e9s verhetetlen min\u0151s\u00e9ggel!<\/div>\n<\/div>\n<\/div>\n<\/div>\n<\/div>","protected":false},"featured_media":1127,"comment_status":"open","ping_status":"closed","template":"","meta":[],"product_brand":[],"product_cat":[19,78,79,81,82,84,86,87,88,94,96,98,99,65,66,67,68,69,70,71,72,73,74,75,76,77,57,60,45,48,50,52,54],"product_tag":[],"class_list":{"0":"post-233","1":"product","2":"type-product","3":"status-publish","4":"has-post-thumbnail","6":"product_cat-fizzy-disposable-vapes","7":"product_cat-buy-best-disposable-vape-flavors","8":"product_cat-apple-flavor-disposable-vapes","9":"product_cat-blueberry-flavor-disposable-vapes","10":"product_cat-cherry-flavor-disposable-vapes","11":"product_cat-grape-flavor-disposable-vapes","12":"product_cat-ice-flavor-disposable-vapes","13":"product_cat-kiwi-flavor-disposable-vapes","14":"product_cat-lemon-flavor-disposable-vapes","15":"product_cat-peach-flavor-disposable-vapes","16":"product_cat-raspberry-flavor-disposable-vapes","17":"product_cat-strawberry-flavor-disposable-vapes","18":"product_cat-watermelon-flavor-disposable-vapes","19":"product_cat-best-disposable-vape-in-europe","20":"product_cat-buy-disposable-vapes-in-austria","21":"product_cat-buy-disposable-vapes-in-belgium","22":"product_cat-buy-disposable-vapes-in-france","23":"product_cat-buy-disposable-vapes-in-germany","24":"product_cat-buy-disposable-vapes-in-italy","25":"product_cat-buy-disposable-vapes-in-netherlands","26":"product_cat-buy-disposable-vapes-in-norway","27":"product_cat-buy-disposable-vapes-in-poland","28":"product_cat-buy-disposable-vapes-in-portugal","29":"product_cat-buy-disposable-vapes-in-spain","30":"product_cat-buy-disposable-vapes-in-sweden","31":"product_cat-buy-disposable-vapes-in-switzerland","32":"product_cat-shop-disposable-vapes-by-puffs","33":"product_cat-12000-puff-disposable-vape","34":"product_cat-disposable-vape-types","35":"product_cat-big-puffs-disposable-vapes","36":"product_cat-digital-box-disposable-vapes","37":"product_cat-lower-nicotine-disposable-vapes","38":"product_cat-rechargeable-disposable-vapes","40":"first","41":"outofstock","42":"shipping-taxable","43":"purchasable","44":"product-type-variable"},"jetpack_sharing_enabled":true,"_links":{"self":[{"href":"https:\/\/casinovape.de\/hu\/wp-json\/wp\/v2\/product\/233","targetHints":{"allow":["GET"]}}],"collection":[{"href":"https:\/\/casinovape.de\/hu\/wp-json\/wp\/v2\/product"}],"about":[{"href":"https:\/\/casinovape.de\/hu\/wp-json\/wp\/v2\/types\/product"}],"replies":[{"embeddable":true,"href":"https:\/\/casinovape.de\/hu\/wp-json\/wp\/v2\/comments?post=233"}],"wp:featuredmedia":[{"embeddable":true,"href":"https:\/\/casinovape.de\/hu\/wp-json\/wp\/v2\/media\/1127"}],"wp:attachment":[{"href":"https:\/\/casinovape.de\/hu\/wp-json\/wp\/v2\/media?parent=233"}],"wp:term":[{"taxonomy":"product_brand","embeddable":true,"href":"https:\/\/casinovape.de\/hu\/wp-json\/wp\/v2\/product_brand?post=233"},{"taxonomy":"product_cat","embeddable":true,"href":"https:\/\/casinovape.de\/hu\/wp-json\/wp\/v2\/product_cat?post=233"},{"taxonomy":"product_tag","embeddable":true,"href":"https:\/\/casinovape.de\/hu\/wp-json\/wp\/v2\/product_tag?post=233"}],"curies":[{"name":"wp","href":"https:\/\/api.w.org\/{rel}","templated":true}]}}