{"id":1872,"date":"2024-10-29T08:10:55","date_gmt":"2024-10-29T08:10:55","guid":{"rendered":"https:\/\/casinovape.de\/?post_type=product&#038;p=1872"},"modified":"2025-06-29T07:22:57","modified_gmt":"2025-06-29T07:22:57","slug":"europai-raktar-al-fakher-koronarud-15000-puff-0-5-alacsony-nikotin-vasarlas-eredeti-autentikus-ujratoltheto-eldobhato-vapes-toll","status":"publish","type":"product","link":"https:\/\/casinovape.de\/hu\/termek\/europai-raktar-al-fakher-koronarud-15000-puff-0-5-alacsony-nikotin-vasarlas-eredeti-autentikus-ujratoltheto-eldobhato-vapes-toll\/","title":{"rendered":"Eur\u00f3pai Rakt\u00e1r Al Fakher Crown Bar 15000 Puff 0,5 Nikotin 3TP3T  \u00dajrat\u00f6lthet\u0151 Eredeti Hiteles Eldobhat\u00f3 Vape Toll"},"content":{"rendered":"<p><img loading=\"lazy\" decoding=\"async\" class=\"alignnone wp-image-1913 size-full\" src=\"https:\/\/casinovape.de\/wp-content\/uploads\/2024\/10\/2AI-Fakher-Crown-Bar-15000.webp\" alt=\"Eur\u00f3pai Rakt\u00e1r Al Fakher Crown Bar 15000 Puff 0,5 Nikotin 3TP3T  \u00dajrat\u00f6lthet\u0151 Eredeti Hiteles Eldobhat\u00f3 Vape Toll \" width=\"1920\" height=\"1080\" srcset=\"https:\/\/casinovape.de\/wp-content\/uploads\/2024\/10\/2AI-Fakher-Crown-Bar-15000.webp 1920w, https:\/\/casinovape.de\/wp-content\/uploads\/2024\/10\/2AI-Fakher-Crown-Bar-15000-300x169.webp 300w, https:\/\/casinovape.de\/wp-content\/uploads\/2024\/10\/2AI-Fakher-Crown-Bar-15000-1024x576.webp 1024w, https:\/\/casinovape.de\/wp-content\/uploads\/2024\/10\/2AI-Fakher-Crown-Bar-15000-768x432.webp 768w, https:\/\/casinovape.de\/wp-content\/uploads\/2024\/10\/2AI-Fakher-Crown-Bar-15000-1536x864.webp 1536w, https:\/\/casinovape.de\/wp-content\/uploads\/2024\/10\/2AI-Fakher-Crown-Bar-15000-600x338.webp 600w\" sizes=\"auto, (max-width: 1920px) 100vw, 1920px\" \/><\/p>\n<h3><a href=\"https:\/\/casinovape.de\/hu\/termekkategoria\/al-fakher-eldobhato-vapes\/\">Al Fakher<\/a> Crown Bar 15000 Puffs <a href=\"https:\/\/casinovape.de\/hu\/\">Eldobhat\u00f3 Vape<\/a> \u2013 \u00daj Sz\u00ednvonal az E-Cigarett\u00e1z\u00e1sban<\/h3>\n<p>Fedezze fel az Al Fakher Crown Bar 15000 Puffs seg\u00edts\u00e9g\u00e9vel az ultimat\u00edv g\u0151z\u00f6l\u00e9si \u00e9lm\u00e9nyt, egy magas teljes\u00edtm\u00e9ny\u0171, eldobhat\u00f3 vape tollat, amelyet olyan rajong\u00f3knak terveztek, akik \u00e9rt\u00e9kelik mind a min\u0151s\u00e9get, mind a tart\u00f3ss\u00e1got. Az impoz\u00e1ns, 15000 sz\u00edv\u00e1sra alkalmas kapacit\u00e1s\u00e1val, egy eleg\u00e1ns, \u00fajrat\u00f6lthet\u0151 600mAh USB-C akkumul\u00e1torral \u00e9s a sz\u00e9les \u00edzv\u00e1laszt\u00e9k\u00e1val, ez az eszk\u00f6z \u00fajra\u00e9rtelmezi a k\u00e9nyelmet \u00e9s az el\u00e9gedetts\u00e9get. \u00dagy tervezt\u00e9k, hogy \u00fatk\u00f6zben is \u00e9lvezhet\u0151 legyen, \u00e9s t\u00f6k\u00e9letes azoknak a g\u0151z\u00f6l\u0151knek, akik magasabb szint\u0171, hosszabb ideig tart\u00f3 g\u0151z\u00f6l\u00e9si \u00e9lm\u00e9nyt keresnek, a Crown Bar t\u00f6bb, mint egy eszk\u00f6z - ez egy \u00e9letst\u00edlus v\u00e1laszt\u00e1s. Most el\u00e9rhet\u0151 a Casinovape-n\u00e1l, a legnagyobb online kiskereskedelmi platformon az eldobhat\u00f3 vape term\u00e9kek sz\u00e1m\u00e1ra N\u00e9metorsz\u00e1gban, amely magas min\u0151s\u00e9g\u0171 term\u00e9keket k\u00edn\u00e1l gyors eur\u00f3pai sz\u00e1ll\u00edt\u00e1ssal.<\/p>\n<hr \/>\n<h3>Mi k\u00fcl\u00f6nb\u00f6zteti meg a <a href=\"https:\/\/casinovape.de\/hu\/termekkategoria\/al-fakher-eldobhato-vapes\/\">Al Fakher<\/a> Crown Bar 15000 Puffs Eltekintve?<\/h3>\n<ul>\n<li><strong>Megn\u00f6velt kapacit\u00e1s \u00e9s tart\u00f3ss\u00e1g<\/strong>: A Crown Bar 15000 Puffs 22ml-es e-folyad\u00e9kkal \u00e9s 0,5% nikotinszinttel hossz\u00fa t\u00e1v\u00fa vape-\u00e9lm\u00e9nyt garant\u00e1l \u00fajrat\u00f6lt\u00e9s n\u00e9lk\u00fcl.<\/li>\n<li><strong>\u00dajrat\u00f6lthet\u0151 k\u00e9nyelem<\/strong>: 600mAh-s akkumul\u00e1torral felszerelve, ez az eszk\u00f6z k\u00f6nnyen \u00fajrat\u00f6lthet\u0151 USB-C-n kereszt\u00fcl (k\u00e1bel nem tartoz\u00e9k), biztos\u00edtva, hogy a vape mindig k\u00e9szen \u00e1lljon, amikor \u00d6n is.<\/li>\n<li><strong>Innovat\u00edv LED kijelz\u0151<\/strong>: Figyelje az e-folyad\u00e9k szintj\u00e9t \u00e9s az akkumul\u00e1tor \u00e9lettartam\u00e1t egy intuit\u00edv LED kijelz\u0151vel, amely z\u00f6kken\u0151mentes, felhaszn\u00e1l\u00f3bar\u00e1t \u00e9lm\u00e9nyt ny\u00fajt.<\/li>\n<li><strong>Kiv\u00e9teles P\u00e1ra Termel\u00e9s<\/strong>: Robusztus felh\u0151ir\u0151l ismert Al Fakher Crown Bar minden egyes f\u00faj\u00e1st felemeli, gazdag \u00e9s kiel\u00e9g\u00edt\u0151 g\u0151zt sz\u00e1ll\u00edtva, amely minden egyes haszn\u00e1lat sor\u00e1n fokozza az \u00e9lm\u00e9nyt.<\/li>\n<\/ul>\n<hr \/>\n<h3>Mi\u00e9rt V\u00e1lassza a <a href=\"https:\/\/casinovape.de\/hu\/termekkategoria\/al-fakher-eldobhato-vapes\/\">Al Fakher<\/a> Crown Bar 15000 Puffs<\/h3>\n<p>A Crown Bar 15000 a leg\u00fajabb innov\u00e1ci\u00f3 az Al Fakher-t\u0151l, amely figyelemre m\u00e9lt\u00f3 15000 sz\u00edv\u00e1s kapacit\u00e1ssal b\u00fcszk\u00e9lkedik, \u00edgy ide\u00e1lis azok sz\u00e1m\u00e1ra, akik rendszeresen vapoz\u00e1lnak \u00e9s nem szeretn\u00e9nek gyakran ut\u00e1nt\u00f6lteni vagy \u00fajra t\u00f6lteni. A Casinovape b\u00fcszke arra, hogy ezt a pr\u00e9mium k\u00e9sz\u00fcl\u00e9ket versenyk\u00e9pes \u00e1ron k\u00edn\u00e1lja, az Al Fakher term\u00e9kek legnagyobb v\u00e1laszt\u00e9k\u00e1val, gyors \u00e9s megb\u00edzhat\u00f3 sz\u00e1ll\u00edt\u00e1ssal eg\u00e9sz Eur\u00f3p\u00e1ban. Rendeljen a Casinovape-t\u0151l \u00e9s \u00e9lvezze a p\u00e1ratlan min\u0151s\u00e9get, v\u00e1ltozatoss\u00e1got \u00e9s szolg\u00e1ltat\u00e1st.<\/p>\n<hr \/>\n<h3>Kifinomult \u00cdzvari\u00e1ci\u00f3 - Gazdag \u00cdz\u00e9lm\u00e9ny<\/h3>\n<p>Az Al Fakher Crown Bar 15000 Puffs sz\u00e1mos \u00edz\u0171 k\u00edn\u00e1lattal rendelkezik, amelyet a k\u00fcl\u00f6nb\u00f6z\u0151 \u00edzl\u00e9s\u0171 fogyaszt\u00f3k kiel\u00e9g\u00edt\u00e9s\u00e9re terveztek. Minden \u00edz egyedileg sima \u00e9s kiegyens\u00falyozott \u00e9lm\u00e9nyt ny\u00fajt, lehet\u0151v\u00e9 t\u00e9ve, hogy minden egyes f\u00faj\u00e1sn\u00e1l k\u00fcl\u00f6nb\u00f6z\u0151 \u00e9rz\u00e9seket tapasztaljon:<\/p>\n<ol>\n<li><strong>Bogy\u00f3 J\u00e9g<\/strong>Egy h\u0171v\u00f6s kever\u00e9k \u00e9rett bogy\u00f3kkal \u00e9s friss\u00edt\u0151 ment\u00e1s befejez\u00e9ssel, amely minden sz\u00edv\u00e1sban kellemes \u00e9dess\u00e9get \u00e9s h\u0171v\u00f6ss\u00e9get k\u00edn\u00e1l.<\/li>\n<li><strong>K\u00e9k Razz Citroml\u00e9<\/strong>: Egy pik\u00e1ns, friss\u00edt\u0151 k\u00e9k m\u00e1lna \u00e9s citroml\u00e9 robban\u00e1s, amely \u00e9l\u00e9nk \u00e9s t\u00f6k\u00e9letes b\u00e1rmely \u00e9vszakra.<\/li>\n<li><strong>Mango j\u00e9g<\/strong>: \u00c9des, l\u00e9d\u00fas mang\u00f3, h\u0171s\u00edt\u0151 j\u00e9g \u00e9rint\u00e9s\u00e9vel p\u00e1ros\u00edtva, ami tr\u00f3pusi menek\u00fcl\u00e9st ny\u00fajt minden egyes bel\u00e9gz\u00e9ssel.<\/li>\n<li><strong>Sz\u0151l\u0151 Menta<\/strong>Er\u0151s sz\u0151l\u0151 \u00edz, melyet egy \u00e1rnyalatnyi menta egyens\u00falyoz ki, \u00e9s ez egy gy\u00fcm\u00f6lcs\u00f6s, friss\u00edt\u0151 kombin\u00e1ci\u00f3t eredm\u00e9nyez a mindennapi \u00e9lvezethez.<\/li>\n<li><strong>Lush J\u00e9g<\/strong>: Egy ropog\u00f3s g\u00f6r\u00f6gdinnye, j\u00e9ghideg lecseng\u00e9ssel, ide\u00e1lis forr\u00f3 napokra \u00e9s h\u0171v\u00f6s pillanatokra.<\/li>\n<li><strong>M\u00e1gikus Szerelem<\/strong>: Egy egzotikus gy\u00fcm\u00f6lcs\u00f6k titokzatos f\u00fazi\u00f3ja, amely k\u00fcl\u00f6nb\u00f6z\u0151 \u00edzeket ragad meg, amelyek minden egyes f\u00faj\u00e1sn\u00e1l kibontakoznak, \u00e9s egyedi g\u0151z\u00f6l\u00e9si utaz\u00e1st k\u00edn\u00e1lnak.<\/li>\n<\/ol>\n<hr \/>\n<h3>Kulcs Term\u00e9k Jellemz\u0151k<\/h3>\n<ul>\n<li><strong>M\u00e1rka<\/strong>: Al Fakher<\/li>\n<li><strong>Modell<\/strong>: Crown Bar 15000 Puffs<\/li>\n<li><strong>Folyad\u00e9kkapacit\u00e1s<\/strong>: 22 ml e-liquid \n\n(Mivel a m\u00e9rt\u00e9kegys\u00e9g \u00e9s a sz\u00f6veg angolul van \u00e9s nem ig\u00e9nyel ford\u00edt\u00e1st ez\u00e9rt v\u00e1ltozatlan marad) \n22 ml e-folyad\u00e9k<\/li>\n<li><strong>Nikotin er\u0151ss\u00e9g<\/strong>: 0,5% (5 mg)<\/li>\n<li><strong>Elem<\/strong>: \u00dajrat\u00f6lthet\u0151 600mAh USB-C-vel (k\u00e1bel nem tartoz\u00e9k)<\/li>\n<li><strong>Puffsz\u00e1m<\/strong>: K\u00f6r\u00fclbel\u00fcl 15000 sz\u00edv\u00e1s<\/li>\n<li><strong>LED kijelz\u0151<\/strong>: Az akkumul\u00e1tor \u00e9s az e-folyad\u00e9k szintjelz\u0151je<\/li>\n<li><strong>\u00cdzes\u00edt\u00e9si lehet\u0151s\u00e9gek<\/strong>: 20 \u00edzes\u00edt\u00e9si v\u00e1ltozat kaphat\u00f3<\/li>\n<\/ul>\n<p>&nbsp;<\/p>\n<p><img loading=\"lazy\" decoding=\"async\" class=\"alignnone wp-image-1914 size-full\" src=\"https:\/\/casinovape.de\/wp-content\/uploads\/2024\/10\/3AI-Fakher-Crown-Bar-15000.webp\" alt=\"Eur\u00f3pai Rakt\u00e1r Al Fakher Crown Bar 15000 Puff 0,5 Nikotin 3TP3T  \u00dajrat\u00f6lthet\u0151 Eredeti Hiteles Eldobhat\u00f3 Vape Toll \" width=\"720\" height=\"570\" srcset=\"https:\/\/casinovape.de\/wp-content\/uploads\/2024\/10\/3AI-Fakher-Crown-Bar-15000.webp 720w, https:\/\/casinovape.de\/wp-content\/uploads\/2024\/10\/3AI-Fakher-Crown-Bar-15000-300x238.webp 300w, https:\/\/casinovape.de\/wp-content\/uploads\/2024\/10\/3AI-Fakher-Crown-Bar-15000-600x475.webp 600w\" sizes=\"auto, (max-width: 720px) 100vw, 720px\" \/><\/p>\n<hr \/>\n<h3>T\u00f6k\u00e9letes Minden Alkalomra<\/h3>\n<p>Sokak sz\u00e1m\u00e1ra az Al Fakher Crown Bar 15000 Puffs t\u00f6bb mint egy vape; ez egy napi t\u00e1rs, amelyet \u00fagy terveztek, hogy l\u00e9p\u00e9st tudjon tartani az akt\u00edv \u00e9letst\u00edlussal. Eleg\u00e1ns kialak\u00edt\u00e1s\u00e1val, k\u00e9nyelmes \u00fajrat\u00f6lthet\u0151 akkumul\u00e1tor\u00e1val \u00e9s megb\u00edzhat\u00f3 fel\u00e9p\u00edt\u00e9s\u00e9vel ez az eszk\u00f6z t\u00f6k\u00e9letes a munkahelyi sz\u00fcnetekhez, utaz\u00e1sokhoz vagy t\u00e1rsas\u00e1gi \u00f6sszej\u00f6vetelekhez. Ak\u00e1r az irod\u00e1ban, ak\u00e1r \u00fatk\u00f6zben van, a Crown Bar k\u00e9szen \u00e1ll arra, hogy kiel\u00e9g\u00edtse, amikor csak sz\u00fcks\u00e9ge van r\u00e1.<\/p>\n<hr \/>\n<h3>Rendelje meg az Al Fakher Crown Bar 15000 Puffs-ot <a href=\"https:\/\/casinovape.de\/hu\/\">Casinovape<\/a><\/h3>\n<p>N\u00e9metorsz\u00e1g legnagyobb eldobhat\u00f3 vape online keresked\u0151jek\u00e9nt a Casinovape az \u00d6n \u00fati c\u00e9lja az exkluz\u00edv Al Fakher Crown Bar 15000 Puff sz\u00e1m\u00e1ra. Adja le rendel\u00e9s\u00e9t most, hogy megtapasztalja ennek a pr\u00e9mium eszk\u00f6znek a kiv\u00e9teles teljes\u00edtm\u00e9ny\u00e9t, amelynek \u00edzei az gy\u00fcm\u00f6lcs\u00f6s \u00e9s friss\u00edt\u0151 v\u00e1ltozatokt\u00f3l az gazdag \u00e9s egzotikus v\u00e1ltozatokig terjednek. Gyors \u00e9s megb\u00edzhat\u00f3 sz\u00e1ll\u00edt\u00e1sunk biztos\u00edtja, hogy gyorsan megkapja eszk\u00f6z\u00e9t, \u00edgy hamarosan \u00e9lvezheti kedvenc \u00edzeit.<\/p>\n<h3>K\u00f6vetkeztet\u00e9s<\/h3>\n<p>Az Al Fakher Crown Bar 15000 Puffs egy pr\u00e9mium v\u00e1laszt\u00e1s azoknak a vapereknek, akik \u00e9rt\u00e9kelik a min\u0151s\u00e9get, a tart\u00f3ss\u00e1got \u00e9s az \u00edzvari\u00e1ci\u00f3t. T\u00f6bb mint 20 \u00edzlehet\u0151s\u00e9get \u00e9s leny\u0171g\u00f6z\u0151 15000 sz\u00edv\u00e1st k\u00edn\u00e1l k\u00e9sz\u00fcl\u00e9kenk\u00e9nt, ez a vape \u00fagy van tervezve, hogy szuperior g\u0151z\u00f6l\u00e9si \u00e9lm\u00e9nyt ny\u00fajtson, amely kiemelkedik a piacon. B\u00edzzon <a href=\"https:\/\/casinovape.de\/hu\/\">Casinovape<\/a> A min\u0151s\u00e9g, a kiz\u00e1r\u00f3lagoss\u00e1g \u00e9s a gyors eur\u00f3pai sz\u00e1ll\u00edt\u00e1s \u00e9rdek\u00e9ben, \u00e9s emelje \u00faj szintre az e-cigarett\u00e1z\u00e1s \u00e9lm\u00e9ny\u00e9t!<\/p>","protected":false},"excerpt":{"rendered":"<p>A <strong>Al Fakher Crown Bar 15000 Puffs<\/strong> egy er\u0151s, \u00fajrat\u00f6lthet\u0151 eldobhat\u00f3 vape 22ml e-folyad\u00e9kkal, 15000 sz\u00edv\u00e1ssal, 5% nikotiner\u0151ss\u00e9g \u00e9s t\u00f6bb mint 20 finom \u00edz, ide\u00e1lis a hossz\u00fa t\u00e1v\u00fa g\u0151z\u00f6l\u00e9si \u00f6r\u00f6mh\u00f6z - exkluz\u00edvan el\u00e9rhet\u0151 a Casinovape.de oldalon.<\/p>","protected":false},"featured_media":1912,"comment_status":"open","ping_status":"closed","template":"","meta":[],"product_brand":[],"product_cat":[16,78,79,80,81,82,84,86,88,89,90,91,93,94,96,98,99,65,66,67,68,69,70,71,72,73,74,75,76,77,57,61,45,48,50,52,54,55],"product_tag":[],"class_list":{"0":"post-1872","1":"product","2":"type-product","3":"status-publish","4":"has-post-thumbnail","6":"product_cat-al-fakher-disposable-vapes","7":"product_cat-buy-best-disposable-vape-flavors","8":"product_cat-apple-flavor-disposable-vapes","9":"product_cat-blue-razz-flavor-disposable-vapes","10":"product_cat-blueberry-flavor-disposable-vapes","11":"product_cat-cherry-flavor-disposable-vapes","12":"product_cat-grape-flavor-disposable-vapes","13":"product_cat-ice-flavor-disposable-vapes","14":"product_cat-lemon-flavor-disposable-vapes","15":"product_cat-lush-flavor-disposable-vapes","16":"product_cat-mango-flavor-disposable-vapes","17":"product_cat-mint-flavor-disposable-vapes","18":"product_cat-passion-fruit-flavor-disposable-vapes","19":"product_cat-peach-flavor-disposable-vapes","20":"product_cat-raspberry-flavor-disposable-vapes","21":"product_cat-strawberry-flavor-disposable-vapes","22":"product_cat-watermelon-flavor-disposable-vapes","23":"product_cat-best-disposable-vape-in-europe","24":"product_cat-buy-disposable-vapes-in-austria","25":"product_cat-buy-disposable-vapes-in-belgium","26":"product_cat-buy-disposable-vapes-in-france","27":"product_cat-buy-disposable-vapes-in-germany","28":"product_cat-buy-disposable-vapes-in-italy","29":"product_cat-buy-disposable-vapes-in-netherlands","30":"product_cat-buy-disposable-vapes-in-norway","31":"product_cat-buy-disposable-vapes-in-poland","32":"product_cat-buy-disposable-vapes-in-portugal","33":"product_cat-buy-disposable-vapes-in-spain","34":"product_cat-buy-disposable-vapes-in-sweden","35":"product_cat-buy-disposable-vapes-in-switzerland","36":"product_cat-shop-disposable-vapes-by-puffs","37":"product_cat-15000-puff-disposable-vape","38":"product_cat-disposable-vape-types","39":"product_cat-big-puffs-disposable-vapes","40":"product_cat-digital-box-disposable-vapes","41":"product_cat-lower-nicotine-disposable-vapes","42":"product_cat-rechargeable-disposable-vapes","43":"product_cat-shisha-hookah-disposable-vapes","45":"first","46":"outofstock","47":"shipping-taxable","48":"product-type-variable"},"jetpack_sharing_enabled":true,"_links":{"self":[{"href":"https:\/\/casinovape.de\/hu\/wp-json\/wp\/v2\/product\/1872","targetHints":{"allow":["GET"]}}],"collection":[{"href":"https:\/\/casinovape.de\/hu\/wp-json\/wp\/v2\/product"}],"about":[{"href":"https:\/\/casinovape.de\/hu\/wp-json\/wp\/v2\/types\/product"}],"replies":[{"embeddable":true,"href":"https:\/\/casinovape.de\/hu\/wp-json\/wp\/v2\/comments?post=1872"}],"wp:featuredmedia":[{"embeddable":true,"href":"https:\/\/casinovape.de\/hu\/wp-json\/wp\/v2\/media\/1912"}],"wp:attachment":[{"href":"https:\/\/casinovape.de\/hu\/wp-json\/wp\/v2\/media?parent=1872"}],"wp:term":[{"taxonomy":"product_brand","embeddable":true,"href":"https:\/\/casinovape.de\/hu\/wp-json\/wp\/v2\/product_brand?post=1872"},{"taxonomy":"product_cat","embeddable":true,"href":"https:\/\/casinovape.de\/hu\/wp-json\/wp\/v2\/product_cat?post=1872"},{"taxonomy":"product_tag","embeddable":true,"href":"https:\/\/casinovape.de\/hu\/wp-json\/wp\/v2\/product_tag?post=1872"}],"curies":[{"name":"wp","href":"https:\/\/api.w.org\/{rel}","templated":true}]}}