{"id":1563,"date":"2024-10-23T10:54:07","date_gmt":"2024-10-23T10:54:07","guid":{"rendered":"https:\/\/casinovape.de\/?post_type=product&#038;p=1563"},"modified":"2025-06-29T07:23:08","modified_gmt":"2025-06-29T07:23:08","slug":"europai-raktar-fumot-randm-digitalis-doboz-12000-puff-alacsony-nikotin-vasarlas-eredeti-autentikus-ujratoltheto-eldobhato-vapes-toll","status":"publish","type":"product","link":"https:\/\/casinovape.de\/hu\/termek\/europai-raktar-fumot-randm-digitalis-doboz-12000-puff-alacsony-nikotin-vasarlas-eredeti-autentikus-ujratoltheto-eldobhato-vapes-toll\/","title":{"rendered":"Eur\u00f3pai Rakt\u00e1r Fumot RandM Digit\u00e1lis Doboz 12000 Puff Alacsony Nikotin V\u00e1s\u00e1roljon Eredeti Hiteles \u00dajrat\u00f6lthet\u0151 Eldobhat\u00f3 Vape Tollat"},"content":{"rendered":"<div style=\"width: 1020px;\" class=\"wp-video\"><!--[if lt IE 9]><script>document.createElement('video');<\/script><![endif]-->\n<video class=\"wp-video-shortcode\" id=\"video-1563-1\" width=\"1020\" height=\"574\" preload=\"metadata\" controls=\"controls\"><source type=\"video\/mp4\" src=\"https:\/\/casinovape.de\/wp-content\/uploads\/2024\/10\/Fumot-RandM-Digital-Box-12000.mp4?_=1\" \/><a href=\"https:\/\/casinovape.de\/wp-content\/uploads\/2024\/10\/Fumot-RandM-Digital-Box-12000.mp4\">https:\/\/casinovape.de\/wp-content\/uploads\/2024\/10\/Fumot-RandM-Digital-Box-12000.mp4<\/a><\/video><\/div>\n<h2>Eur\u00f3pai Rakt\u00e1r <a href=\"https:\/\/casinovape.de\/hu\/termekkategoria\/randm-fumot-eldobhato-vape\/\">Fumot RandM<\/a> Digit\u00e1lis Doboz 12000 Puff - A V\u00e9gs\u0151 <a href=\"https:\/\/casinovape.de\/hu\/\">\u00dajrat\u00f6lthet\u0151 Eldobhat\u00f3 Vape<\/a> Tapasztalat<\/h2>\n<h3>Fumot RandM Digital Box 12000 Puffs Term\u00e9k\u00e1ttekint\u00e9s<\/h3>\n<p>Fedezze fel a Fumot RandM Digital Box 12000 Puffs-ot, egy \u00e9lvonalbeli \u00fajrat\u00f6lthet\u0151 eldobhat\u00f3 vape tollat, amelyet azok sz\u00e1m\u00e1ra terveztek, akik \u00e9rt\u00e9kelik a min\u0151s\u00e9get, a k\u00e9nyelmet \u00e9s a st\u00edlust. Az ak\u00e1r 12 000 sz\u00edv\u00e1snyi leny\u0171g\u00f6z\u0151 kapacit\u00e1ssal ez az innovat\u00edv vape eszk\u00f6z \u00f6tv\u00f6zi a magas teljes\u00edtm\u00e9nyt az eszt\u00e9tikai vonzer\u0151s\u00e9ggel. A felhaszn\u00e1l\u00f3bar\u00e1t LED k\u00e9perny\u0151vel, Type-C t\u00f6lt\u0151porttal \u00e9s szem\u00e9lyre szabhat\u00f3 RGB f\u00e9nyeffektusokkal ell\u00e1tott vape toll t\u00f6k\u00e9letes mind a tapasztalt vaperek, mind a kezd\u0151k sz\u00e1m\u00e1ra. Kiz\u00e1r\u00f3lag a Casinovape-n \u00e9rhet\u0151 el, a n\u00e9metorsz\u00e1gi eldobhat\u00f3 vaperek premier online keresked\u0151j\u00e9n\u00e9l, ez az eszk\u00f6z p\u00e1ratlan min\u0151s\u00e9get \u00e9s megb\u00edzhat\u00f3s\u00e1got k\u00edn\u00e1l, k\u00f6zvetlen\u00fcl eur\u00f3pai rakt\u00e1runkb\u00f3l sz\u00e1ll\u00edtva az \u00d6n ajtaj\u00e1ig 3-7 nap alatt.<\/p>\n<h3>Fumot RandM Digital Box 12000 Puffs F\u0151bb Jellemz\u0151k<\/h3>\n<ul>\n<li><strong>Magas Puff Kapacit\u00e1s<\/strong>Legfeljebb 12 000 sz\u00edv\u00e1ssal meghosszabb\u00edtott g\u0151z\u00f6l\u00e9si \u00e9lm\u00e9nyben r\u00e9szes\u00fclhet an\u00e9lk\u00fcl, hogy folyamatosan ut\u00e1nt\u00f6ltenie kellene.<\/li>\n<li><strong>20 ml El\u0151re t\u00f6lt\u00f6tt e-folyad\u00e9k<\/strong>Ez a nagy mennyis\u00e9g\u0171 e-folyad\u00e9k biztos\u00edtja a hossz\u00fa t\u00e1v\u00fa, \u00edzletes \u00e9lm\u00e9nyt, amelyet az \u00d6n g\u0151z\u00f6l\u00e9si preferenci\u00e1ihoz igaz\u00edtottak.<\/li>\n<li><strong>\u00dajrat\u00f6lthet\u0151 Type-C porttal<\/strong>: 550mAh \u00fajrat\u00f6lthet\u0151 akkumul\u00e1torral \u00e9s Type-C t\u00f6lt\u0151porttal van ell\u00e1tva a gyors \u00e9s k\u00f6nny\u0171 \u00fajrat\u00f6lt\u00e9s \u00e9rdek\u00e9ben.<\/li>\n<li><strong>LED-es Akkumul\u00e1tor \u00e9s Folyad\u00e9k kijelz\u0151<\/strong>: A tiszta LED k\u00e9perny\u0151 lehet\u0151v\u00e9 teszi az akkumul\u00e1tor \u00e9lettartam\u00e1nak \u00e9s a folyad\u00e9kszintnek a figyel\u00e9s\u00e9t, biztos\u00edtva, hogy soha ne \u00e9rjen v\u00e1ratlanul.<\/li>\n<li><strong>RGB F\u00e9nyeffektek<\/strong>: 6 sz\u00ednopci\u00f3val minden sz\u00edv\u00e1s megvil\u00e1g\u00edtott, st\u00edlust adva az \u00d6n g\u0151z\u00f6l\u00e9s\u00e9hez.<\/li>\n<li><strong>Nikotin Er\u0151ss\u00e9gi Opci\u00f3k<\/strong>V\u00e1lasszon a 5% vagy a 2% nikotin k\u00f6z\u00f6tt, hogy megfeleljen a k\u00edv\u00e1nt intenzit\u00e1snak.<\/li>\n<li><strong>\u00c1ll\u00edthat\u00f3 l\u00e9g\u00e1raml\u00e1s szab\u00e1lyoz\u00e1s<\/strong>: Testreszabhatja g\u0151z\u00f6l\u00e9si \u00e9lm\u00e9ny\u00e9t sima, \u00e1ll\u00edthat\u00f3 l\u00e9g\u00e1raml\u00e1ssal a szem\u00e9lyre szabott sz\u00edv\u00e1s \u00e9rdek\u00e9ben.<\/li>\n<li><strong>48 k\u00fcl\u00f6n\u00e1ll\u00f3 \u00edz<\/strong>: A sz\u00e9les \u00edzv\u00e1laszt\u00e9k biztos\u00edtja, hogy minden \u00edzl\u00e9snek megfeleljen valami.<\/li>\n<\/ul>\n<h3>Mi\u00e9rt v\u00e1lassza a Fumot RandM Digital Box 12000-et?<\/h3>\n<p>A Fumot RandM Digital Box 12000 Puffs egyes\u00edti a teljes\u00edtm\u00e9ny \u00e9s a st\u00edlus legjobbjait, \u00edgy kiemelked\u0151 v\u00e1laszt\u00e1s a eldobhat\u00f3 vaperek k\u00f6z\u00f6tt. \u00dagy tervezt\u00e9k, hogy az els\u0151t\u0151l az utols\u00f3 sz\u00edv\u00e1sig sima \u00e9s \u00edzletes f\u00fcst\u00f6t biztos\u00edtson, ez a vape p\u00e1ratlan k\u00e9nyelmet ny\u00fajt, ak\u00e1r \u00fatk\u00f6zben, ak\u00e1r otthon pihen. Eleg\u00e1ns kialak\u00edt\u00e1sa, kombin\u00e1lva a szem\u00e9lyre szabhat\u00f3 RGB vil\u00e1g\u00edt\u00e1ssal \u00e9s egy kompakt, \u00fajrat\u00f6lthet\u0151 akkumul\u00e1torral, biztos\u00edtja, hogy magabiztosan vapozhasson, tudva, hogy megb\u00edzhat\u00f3 k\u00e9sz\u00fcl\u00e9k \u00e1ll rendelkez\u00e9sre b\u00e1rmely pillanatban. Ha a Casinovape-n\u00e9l v\u00e1s\u00e1rol, a min\u0151s\u00e9get, a hat\u00e9konys\u00e1got \u00e9s egy olyan c\u00e9get v\u00e1laszt, amely specializ\u00e1l\u00f3dott az eldobhat\u00f3 vaperekre az EU-piacon. Nincs minim\u00e1lis rendel\u00e9si k\u00f6vetelm\u00e9ny \u00e9s versenyk\u00e9pes \u00e1rak, ami azt jelenti, hogy ak\u00e1r egy vapet, ak\u00e1r sokat v\u00e1s\u00e1rol, biztos lehet benne.<\/p>\n<h3>Fumot RandM Digital Box 12000 Puffs R\u00e9szletes \u00cdzvezet\u0151<\/h3>\n<p>A Fumot RandM Digital Box 12000 sz\u00e1mos egyedi \u00edzben kaphat\u00f3, amelyek mindegyik\u00e9t \u00fagy tervezt\u00e9k, hogy magasabb szintre emelj\u00e9k a vape-\u00e9lm\u00e9nyt. Itt van egy pillanatk\u00e9p a n\u00e9pszer\u0171 lehet\u0151s\u00e9gekr\u0151l:<\/p>\n<ol>\n<li><strong>Mango j\u00e9g<\/strong>: Ez a tr\u00f3pusi gy\u00f6ny\u00f6r\u0171s\u00e9g \u00f6tv\u00f6zi a l\u00e9d\u00fas mang\u00f3 \u00e9dess\u00e9g\u00e9t egy h\u0171s\u00edt\u0151 j\u00e9g alhanggal, minden f\u00faj\u00e1sn\u00e1l friss\u00edt\u0151 menek\u00fcl\u00e9st teremtve.<\/li>\n<li><strong>S\u00e1rgadinnye<\/strong>: Megragadva a ny\u00e1r l\u00e9nyeg\u00e9t, ez az \u00edz a \u00e9rett, l\u00e9d\u00fas g\u00f6r\u00f6gdinnye friss\u00edt\u0151 \u00edz\u00e9t tartalmazza, egy \u00e9des, hidrat\u00e1l\u00f3 vape-hoz.<\/li>\n<li><strong>K\u00f3la<\/strong>: Egy nosztalgikus klasszikus, a Cola egy sz\u00e9nsavas \u00e9s er\u0151s \u00edzt hoz, amely egyszerre \u00e9des \u00e9s kiss\u00e9 fanyar, ut\u00e1nozva a szeretett \u00fcd\u00edt\u0151 \u00edz\u00e9t.<\/li>\n<li><strong>\u00c1fony\u00e1s Menta<\/strong>Ez az \u00e9rett \u00e1fonya \u00e9s friss\u00edt\u0151 menta kiegyens\u00falyozott kever\u00e9ke \u00e9des, m\u00e9gis \u00e9l\u00e9nk\u00edt\u0151 p\u00e1rologtat\u00e1si \u00e9lm\u00e9nyt ny\u00fajt.<\/li>\n<li><strong>Energiaital<\/strong>: Az \u00edz fellend\u00edt\u00e9s\u00e9hez ez az \u00edz egy energiaital zamat\u00e1t ragadja meg, ide\u00e1lis egy energiz\u00e1l\u00f3 vape \u00fcl\u00e9shez.<\/li>\n<li><strong>Eperkr\u00e9mes sajttorta<\/strong>: Engedje szabadj\u00e1ra az eperkr\u00e9mes sajttorta kr\u00e9mes, gazdag \u00edz\u00e9t \u2013 egy desszertszer\u0171 \u00e9lm\u00e9ny g\u0151z form\u00e1j\u00e1ban.<\/li>\n<li><strong>Anan\u00e1sz K\u00f3kusz<\/strong>: Egy tr\u00f3pusi kokt\u00e9l \u00e1ltal ihletett ez az \u00edz a anan\u00e1sz \u00e9dess\u00e9g\u00e9t sima k\u00f3kusszal \u00f6tv\u00f6zi, hogy egy strand ihlette \u00edzt kapjon.<\/li>\n<li><strong>Sz\u0151l\u0151 J\u00e9g<\/strong>: \u00c9lvezze a sz\u0151l\u0151 m\u00e9ly, gy\u00fcm\u00f6lcs\u00f6s \u00edz\u00e9t, mentol \u00e1rnyalattal, ami friss\u00edt\u0151 h\u0171s\u00e9get ad minden sz\u00edv\u00e1sn\u00e1l.<\/li>\n<li><strong>Van\u00edlia kr\u00e9m<\/strong>A desszert szerelmeseinek ez a gazdag, kr\u00e9mes van\u00edlia puding \u00edz egy pazar, sima vape-ot k\u00edn\u00e1l.<\/li>\n<li><strong>Alma J\u00e9g<\/strong>: ropog\u00f3s \u00e9s friss\u00edt\u0151, ez az alma \u00edz hozz\u00e1ad egy kis h\u0171v\u00f6ss\u00e9get, megragadva a frissen szedett alma \u00edz\u00e9t egy mentolos csavarral.<\/li>\n<\/ol>\n<p>Sz\u00e9les v\u00e1laszt\u00e9kunkban mindenki megtal\u00e1lja a kedvenc\u00e9t. Ak\u00e1r gy\u00fcm\u00f6lcs\u00f6s, \u00e9des, vagy ment\u00e1s \u00edzt kedveli, minden \u00edzvari\u00e1ci\u00f3t gondosan k\u00e9sz\u00edtett\u00fcnk el, hogy kellemes \u00e9s autentikus \u00edz\u00e9lm\u00e9nyt ny\u00fajtson.<\/p>\n<h3>Fumot RandM Digital Box 12000 Puffs rendel\u00e9se \u00e9s sz\u00e1ll\u00edt\u00e1sa a Casinovape-t\u0151l<\/h3>\n<p>A Casinovape-n\u00e1l b\u00fcszk\u00e9k vagyunk arra, hogy z\u00f6kken\u0151mentes v\u00e1s\u00e1rl\u00e1si \u00e9lm\u00e9nyt ny\u00fajtunk. <a href=\"https:\/\/casinovape.de\/hu\/\">Eur\u00f3pai vape rakt\u00e1r<\/a> lehet\u0151v\u00e9 teszi sz\u00e1munkra, hogy gyors \u00e9s megb\u00edzhat\u00f3 sz\u00e1ll\u00edt\u00e1st k\u00edn\u00e1ljunk az EU-ban, minim\u00e1lis rendel\u00e9si \u00f6sszeg n\u00e9lk\u00fcl, \u00edgy a lehet\u0151 leghamarabb \u00e9lvezheti az eldobhat\u00f3 vape-ot. A Fumot RandM Digital Box 12000 Puffs k\u00e9szleten van \u00e9s k\u00e9szen \u00e1ll a gyors kisz\u00e1ll\u00edt\u00e1sra, megk\u00f6nny\u00edtve \u00d6nnek, hogy napokon bel\u00fcl megszerezze a kedvenc \u00edzeit \u00e9s funkci\u00f3it.<\/p>\n<h3><img loading=\"lazy\" decoding=\"async\" class=\"alignnone wp-image-1629 size-full\" src=\"https:\/\/casinovape.de\/wp-content\/uploads\/2024\/10\/2Fumot-RandM-Digital-Box-12000.webp\" alt=\"Eur\u00f3pai Rakt\u00e1r Fumot RandM Digit\u00e1lis Doboz 12000 Puff Alacsony Nikotin Eredeti Hiteles \u00dajrat\u00f6lthet\u0151 Eldobhat\u00f3 Vape Toll\" width=\"1200\" height=\"769\" srcset=\"https:\/\/casinovape.de\/wp-content\/uploads\/2024\/10\/2Fumot-RandM-Digital-Box-12000.webp 1200w, https:\/\/casinovape.de\/wp-content\/uploads\/2024\/10\/2Fumot-RandM-Digital-Box-12000-300x192.webp 300w, https:\/\/casinovape.de\/wp-content\/uploads\/2024\/10\/2Fumot-RandM-Digital-Box-12000-1024x656.webp 1024w, https:\/\/casinovape.de\/wp-content\/uploads\/2024\/10\/2Fumot-RandM-Digital-Box-12000-768x492.webp 768w, https:\/\/casinovape.de\/wp-content\/uploads\/2024\/10\/2Fumot-RandM-Digital-Box-12000-600x385.webp 600w\" sizes=\"auto, (max-width: 1200px) 100vw, 1200px\" \/><\/h3>","protected":false},"excerpt":{"rendered":"<div class=\"flex-shrink-0 flex flex-col relative items-end\">\n<div class=\"pt-0\">\n<div class=\"gizmo-shadow-stroke flex h-8 w-8 items-center justify-center overflow-hidden rounded-full\">\n<div class=\"h-full w-full\">\n<div class=\"gizmo-shadow-stroke overflow-hidden rounded-full\">Fedezze fel a <strong>Fumot RandM Digital Box 12000 Puffs<\/strong>, \u00fajrat\u00f6lthet\u0151 eldobhat\u00f3 vape 48 egyedi \u00edzzel, gyors EU-s sz\u00e1ll\u00edt\u00e1ssal el\u00e9rhet\u0151 a Casinovape-t\u00f3l \u2013 N\u00e9metorsz\u00e1g vezet\u0151 online vape boltj\u00e1t\u00f3l.<\/div>\n<\/div>\n<\/div>\n<\/div>\n<\/div>","protected":false},"featured_media":1586,"comment_status":"open","ping_status":"closed","template":"","meta":[],"product_brand":[],"product_cat":[15,78,79,81,82,83,84,85,86,87,88,90,91,92,93,94,95,96,98,99,65,66,67,68,69,70,71,72,73,74,75,76,77,57,60,45,48,50,52,54],"product_tag":[],"class_list":{"0":"post-1563","1":"product","2":"type-product","3":"status-publish","4":"has-post-thumbnail","6":"product_cat-randm-fumot-disposable-vapes","7":"product_cat-buy-best-disposable-vape-flavors","8":"product_cat-apple-flavor-disposable-vapes","9":"product_cat-blueberry-flavor-disposable-vapes","10":"product_cat-cherry-flavor-disposable-vapes","11":"product_cat-cola-flavor-disposable-vapes","12":"product_cat-grape-flavor-disposable-vapes","13":"product_cat-guava-flavor-disposable-vapes","14":"product_cat-ice-flavor-disposable-vapes","15":"product_cat-kiwi-flavor-disposable-vapes","16":"product_cat-lemon-flavor-disposable-vapes","17":"product_cat-mango-flavor-disposable-vapes","18":"product_cat-mint-flavor-disposable-vapes","19":"product_cat-mixed-berries-flavor-disposable-vapes","20":"product_cat-passion-fruit-flavor-disposable-vapes","21":"product_cat-peach-flavor-disposable-vapes","22":"product_cat-pineapple-flavor-disposable-vapes","23":"product_cat-raspberry-flavor-disposable-vapes","24":"product_cat-strawberry-flavor-disposable-vapes","25":"product_cat-watermelon-flavor-disposable-vapes","26":"product_cat-best-disposable-vape-in-europe","27":"product_cat-buy-disposable-vapes-in-austria","28":"product_cat-buy-disposable-vapes-in-belgium","29":"product_cat-buy-disposable-vapes-in-france","30":"product_cat-buy-disposable-vapes-in-germany","31":"product_cat-buy-disposable-vapes-in-italy","32":"product_cat-buy-disposable-vapes-in-netherlands","33":"product_cat-buy-disposable-vapes-in-norway","34":"product_cat-buy-disposable-vapes-in-poland","35":"product_cat-buy-disposable-vapes-in-portugal","36":"product_cat-buy-disposable-vapes-in-spain","37":"product_cat-buy-disposable-vapes-in-sweden","38":"product_cat-buy-disposable-vapes-in-switzerland","39":"product_cat-shop-disposable-vapes-by-puffs","40":"product_cat-12000-puff-disposable-vape","41":"product_cat-disposable-vape-types","42":"product_cat-big-puffs-disposable-vapes","43":"product_cat-digital-box-disposable-vapes","44":"product_cat-lower-nicotine-disposable-vapes","45":"product_cat-rechargeable-disposable-vapes","47":"first","48":"outofstock","49":"shipping-taxable","50":"product-type-variable"},"jetpack_sharing_enabled":true,"_links":{"self":[{"href":"https:\/\/casinovape.de\/hu\/wp-json\/wp\/v2\/product\/1563","targetHints":{"allow":["GET"]}}],"collection":[{"href":"https:\/\/casinovape.de\/hu\/wp-json\/wp\/v2\/product"}],"about":[{"href":"https:\/\/casinovape.de\/hu\/wp-json\/wp\/v2\/types\/product"}],"replies":[{"embeddable":true,"href":"https:\/\/casinovape.de\/hu\/wp-json\/wp\/v2\/comments?post=1563"}],"wp:featuredmedia":[{"embeddable":true,"href":"https:\/\/casinovape.de\/hu\/wp-json\/wp\/v2\/media\/1586"}],"wp:attachment":[{"href":"https:\/\/casinovape.de\/hu\/wp-json\/wp\/v2\/media?parent=1563"}],"wp:term":[{"taxonomy":"product_brand","embeddable":true,"href":"https:\/\/casinovape.de\/hu\/wp-json\/wp\/v2\/product_brand?post=1563"},{"taxonomy":"product_cat","embeddable":true,"href":"https:\/\/casinovape.de\/hu\/wp-json\/wp\/v2\/product_cat?post=1563"},{"taxonomy":"product_tag","embeddable":true,"href":"https:\/\/casinovape.de\/hu\/wp-json\/wp\/v2\/product_tag?post=1563"}],"curies":[{"name":"wp","href":"https:\/\/api.w.org\/{rel}","templated":true}]}}