{"id":1489,"date":"2024-10-22T09:47:55","date_gmt":"2024-10-22T09:47:55","guid":{"rendered":"https:\/\/casinovape.de\/?post_type=product&#038;p=1489"},"modified":"2025-07-26T09:38:34","modified_gmt":"2025-07-26T09:38:34","slug":"europai-raktar-magikus-bar-alfa-20000-puff-alacsony-nikotin-vasarlas-eredeti-autentikus-ujratoltheto-eldobhato-vapes-toll","status":"publish","type":"product","link":"https:\/\/casinovape.de\/hu\/termek\/europai-raktar-magikus-bar-alfa-20000-puff-alacsony-nikotin-vasarlas-eredeti-autentikus-ujratoltheto-eldobhato-vapes-toll\/","title":{"rendered":"Eur\u00f3pai Rakt\u00e1r Magic Bar Alpha 20000 Puff alacsony nikotin V\u00e1s\u00e1roljon eredeti hiteles \u00fajrat\u00f6lthet\u0151 eldobhat\u00f3 vape tollat"},"content":{"rendered":"<h2><img loading=\"lazy\" decoding=\"async\" class=\"alignnone wp-image-1519 size-full\" src=\"https:\/\/casinovape.de\/wp-content\/uploads\/2024\/10\/1Magic-Bar-Alpha-20000-scaled.webp\" alt=\"Eur\u00f3pai Rakt\u00e1r Magic Bar Alpha 20000 Puff alacsony nikotin V\u00e1s\u00e1roljon eredeti hiteles \u00fajrat\u00f6lthet\u0151 eldobhat\u00f3 vape tollat\" width=\"2560\" height=\"1638\" srcset=\"https:\/\/casinovape.de\/wp-content\/uploads\/2024\/10\/1Magic-Bar-Alpha-20000-scaled.webp 2560w, https:\/\/casinovape.de\/wp-content\/uploads\/2024\/10\/1Magic-Bar-Alpha-20000-300x192.webp 300w, https:\/\/casinovape.de\/wp-content\/uploads\/2024\/10\/1Magic-Bar-Alpha-20000-1024x655.webp 1024w, https:\/\/casinovape.de\/wp-content\/uploads\/2024\/10\/1Magic-Bar-Alpha-20000-768x492.webp 768w, https:\/\/casinovape.de\/wp-content\/uploads\/2024\/10\/1Magic-Bar-Alpha-20000-1536x983.webp 1536w, https:\/\/casinovape.de\/wp-content\/uploads\/2024\/10\/1Magic-Bar-Alpha-20000-2048x1311.webp 2048w, https:\/\/casinovape.de\/wp-content\/uploads\/2024\/10\/1Magic-Bar-Alpha-20000-600x384.webp 600w\" sizes=\"auto, (max-width: 2560px) 100vw, 2560px\" \/><\/h2>\n<h2>Bemutatkozik a <a href=\"https:\/\/casinovape.de\/hu\/termekkategoria\/magic-bar-eldobhato-vape\/\">M\u00e1gikus B\u00e1r<\/a> Alpha 20k \u2013 Az Ultimate Eldobhat\u00f3 Vape a DTL Rajong\u00f3knak<\/h2>\n<p>\u00dcdv\u00f6z\u00f6lj\u00fck <a href=\"https:\/\/casinovape.de\/hu\/\">Casinovape<\/a>, a N\u00e9metorsz\u00e1g vezet\u0151 online platformja a kiv\u00e1l\u00f3 min\u0151s\u00e9g\u0171 eldobhat\u00f3 vaperek sz\u00e1m\u00e1ra, amelynek c\u00e9lja, hogy z\u00f6kken\u0151mentes, \u00edzletes \u00e9lm\u00e9nyt ny\u00fajtson az uni\u00f3s vapeerek ig\u00e9nyeihez igazodva. Ma \u00f6r\u00f6mmel mutatjuk be a <strong>Magic Bar Alpha 20k<\/strong> - \u00fajrat\u00f6lthet\u0151, nagy teljes\u00edtm\u00e9ny\u0171, eldobhat\u00f3 vape, amely \u00f6tv\u00f6zi a k\u00e9nyelmet, a st\u00edlust \u00e9s a tart\u00f3s el\u00e9gedetts\u00e9get.<\/p>\n<p>Egy\u00fctt <strong>20 000 sz\u00edv\u00e1sk\u00e9sz\u00fcl\u00e9kenk\u00e9nt<\/strong>\u00fajrat\u00f6lthet\u0151 akkumul\u00e1torral \u00e9s 25 ml e-folyad\u00e9kkal a Magic Bar Alpha 20k a t\u00f6k\u00e9letes t\u00e1rs hossz\u00fa t\u00e1v\u00fa \u00e9lvezethez. T\u00f6bb nikotiner\u0151ss\u00e9gben \u00e9s gondosan kiv\u00e1lasztott \u00edzekben kaphat\u00f3, ez az eszk\u00f6z minden egyes haszn\u00e1latn\u00e1l magasabb szintet k\u00e9pvisel, \u00e9s z\u00f6kken\u0151mentes Direct-to-Lung (DTL) \u00e9lm\u00e9nyt ny\u00fajt kompakt, \u00e1ramvonalas kialak\u00edt\u00e1sban.<\/p>\n<hr \/>\n<h2><a href=\"https:\/\/casinovape.de\/hu\/termekkategoria\/magic-bar-eldobhato-vape\/\">M\u00e1gikus B\u00e1r<\/a> Alpha 20000 term\u00e9kle\u00edr\u00e1s<\/h2>\n<p>A <strong>Magic Bar Alpha 20k<\/strong> \u00fajradefini\u00e1lja az eldobhat\u00f3 vapek vil\u00e1g\u00e1t a nagy teljes\u00edtm\u00e9ny\u0171 kapacit\u00e1s \u00e9s az innovat\u00edv technol\u00f3gia leny\u0171g\u00f6z\u0151 kombin\u00e1ci\u00f3j\u00e1val. Ez az er\u0151s, m\u00e9gis k\u00f6nny\u0171 k\u00e9sz\u00fcl\u00e9k mind a tapasztalt vapereknek, mind az \u00fajoncoknak k\u00e9sz\u00fclt, akik \u00e9rt\u00e9kelik a sima \u00e9s tart\u00f3s \u00e9lm\u00e9nyt. Burkolva egy <strong>40 x 29 x 110 mm<\/strong> test \u00e9s csak <strong>110g<\/strong>olyan hordozhat\u00f3, mint amilyen er\u0151s.<\/p>\n<p>Ez <strong>650mAh \u00fajrat\u00f6lthet\u0151 akkumul\u00e1tor<\/strong> k\u00e9z a k\u00e9zben dolgozik egy <strong>0,5\u03a9 h\u00e1l\u00f3kondenz\u00e1tor<\/strong>er\u0151s p\u00e1rafelh\u0151ket \u00e9s teljes \u00edzprofilt biztos\u00edtva. Minden egyes f\u00faj\u00e1sn\u00e1l \u00e9lvezze az el\u0151ny\u00f6ket <strong>Direct-to-Lung (DTL) technol\u00f3gia<\/strong>, \u00fagy tervezve, hogy maximaliz\u00e1lja mind az \u00edzt, mind a felh\u0151k\u00e9pz\u0151d\u00e9st egy m\u00e9lyen mag\u00e1val ragad\u00f3 \u00e9lm\u00e9ny \u00e9rdek\u00e9ben.<\/p>\n<p>Kiz\u00e1r\u00f3lag a Casinovape-n\u00e9l \u00e9rhet\u0151k el term\u00e9keink, amelyekhez nincs minim\u00e1lis rendel\u00e9si mennyis\u00e9g el\u0151\u00edrva, biztos\u00edtva ezzel a rugalmass\u00e1got mind a szem\u00e9lyes, mind a kiskereskedelmi v\u00e1s\u00e1rl\u00f3k sz\u00e1m\u00e1ra.  Sz\u00e1ll\u00edtjuk \u0151ket rakt\u00e1runkb\u00f3l <a href=\"https:\/\/casinovape.de\/hu\/\">Eur\u00f3pai vape rakt\u00e1r<\/a>v\u00e1rja a Magic Bar Alpha 20k sz\u00e1ll\u00edtm\u00e1ny\u00e1t <strong>3-7 nap<\/strong> a rendel\u00e9snek<\/p>\n<hr \/>\n<h2><a href=\"https:\/\/casinovape.de\/hu\/termekkategoria\/magic-bar-eldobhato-vape\/\">M\u00e1gikus B\u00e1r<\/a> Alpha 20000 f\u0151bb jellemz\u0151i<\/h2>\n<ul>\n<li><strong>20 000 Puff<\/strong>: \u00c9lvezze a hosszabb vape sessionokat gyakori csere n\u00e9lk\u00fcl. Az Alpha 20k nagy d\u00f3zis\u00fa f\u00faj\u00e1sa biztos\u00edtja, hogy tart\u00f3s legyen.<\/li>\n<li><strong>\u00dajrat\u00f6lthet\u0151 650mAh Akkumul\u00e1tor<\/strong>: Tart\u00f3s akkumul\u00e1torral felszerelve, a k\u00e9sz\u00fcl\u00e9k hossz\u00fa \u00e9lettartamot k\u00edn\u00e1l, \u00e9s k\u00f6nnyen \u00fajrat\u00f6lthet\u0151 USB-n kereszt\u00fcl, megszak\u00edt\u00e1s n\u00e9lk\u00fcl biztos\u00edtva a vapeol\u00e1si munkameneteket.<\/li>\n<li><strong>25 ml e-folyad\u00e9k kapacit\u00e1s<\/strong>: B\u0151s\u00e9gesen felt\u00f6ltve e-folyad\u00e9kkal, biztos\u00edtva a hosszabb \u00e9lvezetet a gyakori ut\u00e1nt\u00f6lt\u00e9s sz\u00fcks\u00e9gess\u00e9ge n\u00e9lk\u00fcl.<\/li>\n<li><strong>0,5\u03a9 h\u00e1l\u00f3s tekercs<\/strong>: Minden sz\u00edv\u00e1sn\u00e1l intenz\u00edvebb, egyenletes \u00edzt tapasztaljon, ide\u00e1lis gazdag \u00e9s teljes \u00edz\u0171 felh\u0151kh\u00f6z.<\/li>\n<li><strong>Kompakt \u00e9s k\u00f6nny\u0171 kialak\u00edt\u00e1s<\/strong>: Mind\u00f6ssze 110g s\u00faly\u00fa, ultra-hordozhat\u00f3, t\u00f6k\u00e9letes \u00fatk\u00f6zbeni vapoz\u00e1shoz, k\u00f6nnyen elf\u00e9r a zsebekben vagy t\u00e1sk\u00e1kban.<\/li>\n<li><strong>DTL Vaping<\/strong>: K\u00f6zvetlen\u00fcl a t\u00fcd\u0151be jut\u00f3 k\u00e9pess\u00e9g nagyobb felh\u0151ket \u00e9s robusztus \u00edzt eredm\u00e9nyez, tov\u00e1bb fokozva az \u00e1ltal\u00e1nos \u00e9lm\u00e9nyt.<\/li>\n<li><strong>Nikotin v\u00e1ltozatoss\u00e1g<\/strong>V\u00e1lasszon k\u00f6z\u00fcl\u00fck <strong>0%, 2%, 3%, vagy 5%<\/strong> nikotinszintje a szem\u00e9lyes preferenci\u00e1khoz t\u00f6k\u00e9letesen igazodik.<\/li>\n<\/ul>\n<hr \/>\n<h2>Mi\u00e9rt v\u00e1lassza a Magic Bar Alpha 20k-ot?<\/h2>\n<p>V\u00e1laszt\u00e1s <strong>Magic Bar Alpha 20k<\/strong> Nemcsak egy vape kiv\u00e1laszt\u00e1s\u00e1r\u00f3l sz\u00f3l; hanem a min\u0151s\u00e9g, a k\u00e9nyelem \u00e9s az el\u00e9gedetts\u00e9g kiv\u00e1laszt\u00e1s\u00e1r\u00f3l. Itt van, mi\u00e9rt t\u0171nik ki term\u00e9k\u00fcnk:<\/p>\n<ul>\n<li><strong>P\u00e1ratlan hossz\u00fa \u00e9lettartam<\/strong>: A leny\u0171g\u00f6z\u0151 20 000 f\u00faj\u00e1sk\u00e9sz\u00fcl\u00e9kenk\u00e9nt, az Alpha 20k a tart\u00f3ss\u00e1gra \u00e9p\u00fcl, minimaliz\u00e1lva a gyakori cser\u00e9k sz\u00fcks\u00e9gess\u00e9g\u00e9t.<\/li>\n<li><strong>Egyszer\u0171 \u00e9s Intuit\u00edv<\/strong>: \u00c9lvezze a felhaszn\u00e1l\u00f3bar\u00e1t kialak\u00edt\u00e1st, amelyhez nincs sz\u00fcks\u00e9g bonyolult be\u00e1ll\u00edt\u00e1sra - csak h\u00fazza \u00e9s \u00e9lvezze minden sz\u00edv\u00e1st.<\/li>\n<li><strong>\u00dajrat\u00f6lthet\u0151 k\u00e9nyelem<\/strong>: \u00dajrat\u00f6lthet\u0151 akkumul\u00e1torral a vape-\u00e9lm\u00e9ny friss \u00e9s k\u00e9szen \u00e1ll, gyakori akkumul\u00e1torcsere n\u00e9lk\u00fcl.<\/li>\n<li><strong>Sz\u00e9les \u00cdzsk\u00e1la<\/strong>: \u00cdzlel\u0151 preferenci\u00e1it kiel\u00e9g\u00edtve sz\u00e9les v\u00e1laszt\u00e9kban k\u00edn\u00e1lunk egyedi, \u00ednycsikland\u00f3 \u00edzeket (l\u00e1sd al\u00e1bb).<\/li>\n<li><strong>Utaz\u00e1sra k\u00e9sz diz\u00e1jn<\/strong>: K\u00f6nny\u0171 \u00e9s kompakt, a Magic Bar Alpha 20k t\u00f6k\u00e9letes a mozg\u00e1sban l\u00e9v\u0151 vaperek sz\u00e1m\u00e1ra.<\/li>\n<\/ul>\n<hr \/>\n<p>&nbsp;<\/p>\n<h4><img loading=\"lazy\" decoding=\"async\" class=\"alignnone wp-image-1511 size-full\" src=\"https:\/\/casinovape.de\/wp-content\/uploads\/2024\/10\/9Magic-Bar-Alpha-20000-scaled.webp\" alt=\"Eur\u00f3pai Rakt\u00e1r Magic Bar Alpha 20000 Puff alacsony nikotin V\u00e1s\u00e1roljon eredeti hiteles \u00fajrat\u00f6lthet\u0151 eldobhat\u00f3 vape tollat\" width=\"2560\" height=\"2560\" srcset=\"https:\/\/casinovape.de\/wp-content\/uploads\/2024\/10\/9Magic-Bar-Alpha-20000-scaled.webp 2560w, https:\/\/casinovape.de\/wp-content\/uploads\/2024\/10\/9Magic-Bar-Alpha-20000-300x300.webp 300w, https:\/\/casinovape.de\/wp-content\/uploads\/2024\/10\/9Magic-Bar-Alpha-20000-1024x1024.webp 1024w, https:\/\/casinovape.de\/wp-content\/uploads\/2024\/10\/9Magic-Bar-Alpha-20000-150x150.webp 150w, https:\/\/casinovape.de\/wp-content\/uploads\/2024\/10\/9Magic-Bar-Alpha-20000-768x768.webp 768w, https:\/\/casinovape.de\/wp-content\/uploads\/2024\/10\/9Magic-Bar-Alpha-20000-1536x1536.webp 1536w, https:\/\/casinovape.de\/wp-content\/uploads\/2024\/10\/9Magic-Bar-Alpha-20000-2048x2048.webp 2048w, https:\/\/casinovape.de\/wp-content\/uploads\/2024\/10\/9Magic-Bar-Alpha-20000-600x600.webp 600w, https:\/\/casinovape.de\/wp-content\/uploads\/2024\/10\/9Magic-Bar-Alpha-20000-100x100.webp 100w\" sizes=\"auto, (max-width: 2560px) 100vw, 2560px\" \/><\/h4>\n<h2>Fedezze Fel Egyed\u00fcl\u00e1ll\u00f3 \u00cdzv\u00e1logat\u00e1sunkat<\/h2>\n<p>\u00d6r\u00fclj\u00f6n a k\u00fcl\u00f6nb\u00f6z\u0151 \u00edzeknek, amelyek minden p\u00f6f\u00f6g\u00e9st \u00e9rz\u00e9kszervi \u00fatra v\u00e1ltoztatnak. A <strong>Magic Bar Alpha 20k<\/strong> \u00cdzgy\u0171jtem\u00e9ny\u00fcnk minden \u00edzl\u00e9shez igazodik, \u00e9s minden sz\u00edv\u00e1sn\u00e1l kiel\u00e9g\u00edt\u0151 vape-\u00e9lm\u00e9nyt biztos\u00edt.<\/p>\n<ol>\n<li><strong>K\u00e9k\u00e1fonya J\u00e9g<\/strong>: \u00c9des, l\u00e9d\u00fas \u00e1fonya, h\u0171s mentolos cs\u00edp\u00e9ssel p\u00e1ros\u00edtva. T\u00f6k\u00e9letes azok sz\u00e1m\u00e1ra, akik \u00e9rt\u00e9kelik a gy\u00fcm\u00f6lcs\u00f6s \u00edzeket egy friss\u00edt\u0151 csavarral.<\/li>\n<li><strong>K\u00f3la j\u00e9g<\/strong>: Klasszikus k\u00f3la \u00edz egy friss\u00edt\u0151, jeges befejez\u00e9ssel, amely egy h\u0171v\u00f6s \u00fcd\u00edt\u0151re eml\u00e9keztet egy meleg napon.<\/li>\n<li><strong>Dupla Alma<\/strong>V\u00f6r\u00f6s \u00e9s z\u00f6ld alma ropog\u00f3s kever\u00e9ke, mely kiegyens\u00falyozott, \u00e9des \u00e9s enyh\u00e9n savanyk\u00e1s \u00e9lm\u00e9nyt ny\u00fajt.<\/li>\n<li><strong>Gum Mentol<\/strong>: A nosztalgikus r\u00e1g\u00f3gumi tal\u00e1lkozik a friss\u00edt\u0151 ment\u00e1val, sima, finom \u00e9dess\u00e9get k\u00edn\u00e1lva friss ut\u00f3\u00edzzel.<\/li>\n<li><strong>H\u00f6lgygyilkos<\/strong>: Egy egzotikus kever\u00e9ke a mang\u00f3nak, a papay\u00e1nak \u00e9s az anan\u00e1sznak, ami minden sz\u00edv\u00e1ssal tr\u00f3pusi menek\u00fcl\u00e9st teremt.<\/li>\n<li><strong>Citrom Lime<\/strong>: \u00c9l\u00e9nk \u00e9s fanyar citrom \u00e9s lime \u00edz, ami pezsg\u0151 citrusos lend\u00fcletet ad az e-cigarett\u00e1z\u00e1s \u00e9lm\u00e9ny\u00e9nek.<\/li>\n<li><strong>Citromf\u0171<\/strong>: Friss\u00edt\u0151 menta \u00e9s fanyar citrom tal\u00e1lkoznak, hogy fiatalos, ropog\u00f3s \u00edzt hozzanak l\u00e9tre, t\u00f6k\u00e9letes a meleg id\u0151j\u00e1r\u00e1s hangulat\u00e1hoz.<\/li>\n<li><strong>Love 212<\/strong>: Egy egzotikus gy\u00fcm\u00f6lcs\u00f6kb\u0151l \u00e1ll\u00f3 leny\u0171g\u00f6z\u0151 kever\u00e9k, amely misztikus \u00e9s \u00e9rdekes \u00edzt k\u00edn\u00e1l, ami hossz\u00fa ideig megmarad.<\/li>\n<li><strong>Vegyes Bogy\u00f3<\/strong>: Egy bogy\u00f3s gy\u00fcm\u00f6lcs mix, melynek \u00e9ppen megfelel\u0151 az \u00e9dess\u00e9ge \u00e9s a savany\u00fas\u00e1ga egy testes, gy\u00fcm\u00f6lcs\u00f6s \u00e9lvezethez.<\/li>\n<li><strong>\u0150szibar\u00e1t J\u00e9g<\/strong>: \u00c9des \u00e9s l\u00e9d\u00fas \u0151szibarack \u00edz, h\u0171s mentolos alhanggal kerek\u00edtve, friss\u00edt\u0151 befejez\u00e9ssel.<\/li>\n<li><strong>R\u00f3zsasz\u00edn Citromos \u00dcd\u00edt\u0151<\/strong>: \u00c9des citromos limon\u00e1d\u00e9 m\u00e1ln\u00e1s be\u00fct\u00e9ssel, klasszikus ny\u00e1ri friss\u00edt\u00e9st id\u00e9zve el\u0151.<\/li>\n<li><strong>M\u00e1lna S\u00e1rgadinnye<\/strong>L\u00e9d\u00fas g\u00f6r\u00f6gdinnye \u00e9s \u00e9rett m\u00e1lna p\u00e1ros\u00edt\u00e1sa, t\u00f6k\u00e9letes azok sz\u00e1m\u00e1ra, akik szeretik a r\u00e9tegzett gy\u00fcm\u00f6lcs\u00edzeket.<\/li>\n<li><strong>Eper Ban\u00e1n<\/strong>: \u00c9rett eper \u00e9s ban\u00e1n kr\u00e9mes f\u00fazi\u00f3ja, sima \u00e9s kiel\u00e9g\u00edt\u0151 vape-\u00e9lm\u00e9ny\u00e9rt.<\/li>\n<li><strong>Eperj\u00e9g<\/strong>: \u00c9des eper j\u00e9ghideg mentolos \u00fct\u00e9s, t\u00f6k\u00e9letes a gy\u00fcm\u00f6lcs\u00f6s frissess\u00e9g rajong\u00f3inak.<\/li>\n<li><strong>Eper S\u00e1rgadinnye<\/strong>: L\u00e9d\u00fas g\u00f6r\u00f6gdinnye \u00e9s \u00e9des eper egy\u00fctt alkotja ebben a k\u00f6z\u00f6ns\u00e9gkedvenc \u00edzben.<\/li>\n<li><strong>V\u00edzimelon Bubble Gum<\/strong>: Gyermekkori nosztalgia egy f\u00faj\u00e1sban, a g\u00f6r\u00f6gdinnye \u00e9s a klasszikus bubor\u00e9k gumi \u00e9dess\u00e9g kombin\u00e1l\u00e1s\u00e1val.<\/li>\n<li><strong>V\u00edzimelon J\u00e9g<\/strong>: Friss\u00edt\u0151 g\u00f6r\u00f6gdinnye, j\u00e9ghideg befejez\u00e9ssel, h\u0171s, \u00e9l\u00e9nk\u00edt\u0151 vape-\u00e9lm\u00e9nyt ny\u00fajtva.<\/li>\n<\/ol>\n<hr \/>\n<h2>Rendelje Meg <a href=\"https:\/\/casinovape.de\/hu\/termekkategoria\/magic-bar-eldobhato-vape\/\">M\u00e1gikus B\u00e1r<\/a> Alpha 20k from Casinovape Today!<\/h2>\n<p>At <strong>Casinovape<\/strong>b\u00fcszk\u00e9k vagyunk arra, hogy magas min\u0151s\u00e9g\u0171, hiteles eldobhat\u00f3 vape-eket sz\u00e1ll\u00edtunk gyorsan \u00e9s biztons\u00e1gosan az EU-ban tal\u00e1lhat\u00f3 eur\u00f3pai rakt\u00e1runkb\u00f3l. A <strong>Magic Bar Alpha 20k<\/strong> a tart\u00f3s, \u00edzletes \u00e9s kiel\u00e9g\u00edt\u0151 g\u0151z\u00f6l\u00e9si \u00e9lm\u00e9nyt keres\u0151k sz\u00e1m\u00e1ra t\u00f6k\u00e9letes v\u00e1laszt\u00e1s.  Nincs minim\u00e1lis rendel\u00e9si mennyis\u00e9g, \u00edgy szabadon v\u00e1s\u00e1rolhat egy darabot, vagy felt\u00f6ltheti kedvenc \u00edzeivel.<\/p>\n<p>K\u00e9szen \u00e1ll egy val\u00f3ban hossz\u00fa t\u00e1v\u00fa vaporiz\u00e1ci\u00f3s \u00e9lm\u00e9nyre? <strong>Rendelje meg a Magic Bar Alpha 20k-t<\/strong> Ma l\u00e1togasson el a Casinovape-ra, N\u00e9metorsz\u00e1g legmegb\u00edzhat\u00f3bb eldobhat\u00f3 vape keresked\u0151j\u00e9re, \u00e9s \u00e9lvezze a sima, \u00edzletes \u00e9lm\u00e9nyt minden sz\u00edv\u00e1ssal.<\/p>","protected":false},"excerpt":{"rendered":"<p>Fedezze fel a <strong>M\u00e1gikus B\u00e1r Alfa 20000 Puff<\/strong> A Casinovape-n\u00e9l \u2013 N\u00e9metorsz\u00e1g legjobb v\u00e1laszt\u00e1sa az \u00fajrat\u00f6lthet\u0151 eldobhat\u00f3 vaperekhez, hiteles \u00edzekkel \u00e9s gyors EU-s sz\u00e1ll\u00edt\u00e1ssal. Nincs minim\u00e1lis rendel\u00e9si mennyis\u00e9g, v\u00e1s\u00e1roljon most!<\/p>","protected":false},"featured_media":1510,"comment_status":"open","ping_status":"closed","template":"","meta":[],"product_brand":[],"product_cat":[23,78,79,81,83,86,88,90,91,94,95,96,98,99,65,66,67,68,69,70,71,72,73,74,75,76,77,57,63,45,48,50,47,52,54],"product_tag":[],"class_list":{"0":"post-1489","1":"product","2":"type-product","3":"status-publish","4":"has-post-thumbnail","6":"product_cat-magic-bar-disposable-vapes","7":"product_cat-buy-best-disposable-vape-flavors","8":"product_cat-apple-flavor-disposable-vapes","9":"product_cat-blueberry-flavor-disposable-vapes","10":"product_cat-cola-flavor-disposable-vapes","11":"product_cat-ice-flavor-disposable-vapes","12":"product_cat-lemon-flavor-disposable-vapes","13":"product_cat-mango-flavor-disposable-vapes","14":"product_cat-mint-flavor-disposable-vapes","15":"product_cat-peach-flavor-disposable-vapes","16":"product_cat-pineapple-flavor-disposable-vapes","17":"product_cat-raspberry-flavor-disposable-vapes","18":"product_cat-strawberry-flavor-disposable-vapes","19":"product_cat-watermelon-flavor-disposable-vapes","20":"product_cat-best-disposable-vape-in-europe","21":"product_cat-buy-disposable-vapes-in-austria","22":"product_cat-buy-disposable-vapes-in-belgium","23":"product_cat-buy-disposable-vapes-in-france","24":"product_cat-buy-disposable-vapes-in-germany","25":"product_cat-buy-disposable-vapes-in-italy","26":"product_cat-buy-disposable-vapes-in-netherlands","27":"product_cat-buy-disposable-vapes-in-norway","28":"product_cat-buy-disposable-vapes-in-poland","29":"product_cat-buy-disposable-vapes-in-portugal","30":"product_cat-buy-disposable-vapes-in-spain","31":"product_cat-buy-disposable-vapes-in-sweden","32":"product_cat-buy-disposable-vapes-in-switzerland","33":"product_cat-shop-disposable-vapes-by-puffs","34":"product_cat-20000-puff-disposable-vape","35":"product_cat-disposable-vape-types","36":"product_cat-big-puffs-disposable-vapes","37":"product_cat-digital-box-disposable-vapes","38":"product_cat-full-screen-disposable-vapes","39":"product_cat-lower-nicotine-disposable-vapes","40":"product_cat-rechargeable-disposable-vapes","42":"first","43":"instock","44":"sale","45":"shipping-taxable","46":"purchasable","47":"product-type-variable"},"jetpack_sharing_enabled":true,"_links":{"self":[{"href":"https:\/\/casinovape.de\/hu\/wp-json\/wp\/v2\/product\/1489","targetHints":{"allow":["GET"]}}],"collection":[{"href":"https:\/\/casinovape.de\/hu\/wp-json\/wp\/v2\/product"}],"about":[{"href":"https:\/\/casinovape.de\/hu\/wp-json\/wp\/v2\/types\/product"}],"replies":[{"embeddable":true,"href":"https:\/\/casinovape.de\/hu\/wp-json\/wp\/v2\/comments?post=1489"}],"wp:featuredmedia":[{"embeddable":true,"href":"https:\/\/casinovape.de\/hu\/wp-json\/wp\/v2\/media\/1510"}],"wp:attachment":[{"href":"https:\/\/casinovape.de\/hu\/wp-json\/wp\/v2\/media?parent=1489"}],"wp:term":[{"taxonomy":"product_brand","embeddable":true,"href":"https:\/\/casinovape.de\/hu\/wp-json\/wp\/v2\/product_brand?post=1489"},{"taxonomy":"product_cat","embeddable":true,"href":"https:\/\/casinovape.de\/hu\/wp-json\/wp\/v2\/product_cat?post=1489"},{"taxonomy":"product_tag","embeddable":true,"href":"https:\/\/casinovape.de\/hu\/wp-json\/wp\/v2\/product_tag?post=1489"}],"curies":[{"name":"wp","href":"https:\/\/api.w.org\/{rel}","templated":true}]}}