{"id":1418,"date":"2024-10-22T09:00:08","date_gmt":"2024-10-22T09:00:08","guid":{"rendered":"https:\/\/casinovape.de\/?post_type=product&#038;p=1418"},"modified":"2025-01-12T13:52:49","modified_gmt":"2025-01-12T13:52:49","slug":"europai-raktar-magikus-bar-vegso-12000-fujas-alacsony-nikotin-vasarlas-eredeti-autentikus-ujratoltheto-eldobhato-vapes-toll","status":"publish","type":"product","link":"https:\/\/casinovape.de\/hu\/termek\/europai-raktar-magikus-bar-vegso-12000-fujas-alacsony-nikotin-vasarlas-eredeti-autentikus-ujratoltheto-eldobhato-vapes-toll\/","title":{"rendered":"Eur\u00f3pai Rakt\u00e1r Magic Bar Ultimate 12000 Puff Alacsony Nikotin V\u00e1s\u00e1roljon Eredeti Hiteles \u00dajrat\u00f6lthet\u0151 Eldobhat\u00f3 Vape Tollat"},"content":{"rendered":"<h2><img loading=\"lazy\" decoding=\"async\" class=\"alignnone wp-image-1446 size-full\" src=\"https:\/\/casinovape.de\/wp-content\/uploads\/2024\/10\/11Magic-Bar-12000.webp\" alt=\"Eur\u00f3pai Rakt\u00e1r Magic Bar Ultimate 12000 Puff Alacsony Nikotin V\u00e1s\u00e1roljon Eredeti Hiteles \u00dajrat\u00f6lthet\u0151 Eldobhat\u00f3 Vape Tollat\" width=\"2560\" height=\"1440\" srcset=\"https:\/\/casinovape.de\/wp-content\/uploads\/2024\/10\/11Magic-Bar-12000.webp 2560w, https:\/\/casinovape.de\/wp-content\/uploads\/2024\/10\/11Magic-Bar-12000-300x169.webp 300w, https:\/\/casinovape.de\/wp-content\/uploads\/2024\/10\/11Magic-Bar-12000-1024x576.webp 1024w, https:\/\/casinovape.de\/wp-content\/uploads\/2024\/10\/11Magic-Bar-12000-768x432.webp 768w, https:\/\/casinovape.de\/wp-content\/uploads\/2024\/10\/11Magic-Bar-12000-1536x864.webp 1536w, https:\/\/casinovape.de\/wp-content\/uploads\/2024\/10\/11Magic-Bar-12000-2048x1152.webp 2048w, https:\/\/casinovape.de\/wp-content\/uploads\/2024\/10\/11Magic-Bar-12000-600x338.webp 600w\" sizes=\"auto, (max-width: 2560px) 100vw, 2560px\" \/><\/h2>\n<h2><strong>Eur\u00f3pai Rakt\u00e1r Magic Bar Ultimate 12000 Puff <a href=\"https:\/\/casinovape.de\/hu\/\">\u00dajrat\u00f6lthet\u0151 Eldobhat\u00f3 Vape<\/a><\/strong><\/h2>\n<p>Oldja fel a pr\u00e9mium g\u0151z\u00f6l\u00e9si \u00e9lm\u00e9nyt a <strong>Magic Bar Ultimate 12000 Puffs<\/strong> A Casinovape-t\u00f3l, az \u00d6n megb\u00edzhat\u00f3 forr\u00e1s\u00e1t\u00f3l a min\u0151s\u00e9gi vape-ekhez Eur\u00f3p\u00e1ban.  Leny\u0171g\u00f6z\u0151 12 000 sz\u00edv\u00e1s kapacit\u00e1s\u00e1val \u00e9s \u00fajrat\u00f6lthet\u0151 kialak\u00edt\u00e1s\u00e1val ez az eldobhat\u00f3 vape eszk\u00f6z k\u00e9nyelemre \u00e9s kiel\u00e9g\u00edt\u00e9sre egyar\u00e1nt k\u00e9sz\u00fclt. Az ergonomikus kialak\u00edt\u00e1st\u00f3l a v\u00e1ltozatos \u00edzprofilokig a Magic Bar Ultimate k\u00f6nnyed\u00e9n \u00e9s st\u00edlusosan emeli a vape-\u00e9lm\u00e9nyt. Ide\u00e1lis mind a kezd\u0151k, mind a tapasztalt rajong\u00f3k sz\u00e1m\u00e1ra, az eszk\u00f6z minden sz\u00edv\u00e1ssal meghosszabb\u00edtja a vape-\u00e9lm\u00e9nyt.<\/p>\n<h3><strong><a href=\"https:\/\/casinovape.de\/hu\/termekkategoria\/magic-bar-eldobhato-vape\/\">M\u00e1gikus B\u00e1r <\/a><\/strong><strong>Ultimate 1<\/strong><strong>2000 <\/strong><strong>Term\u00e9k\u00e1ttekint\u00e9s<\/strong><\/h3>\n<p>K\u00f6nny\u0171 haszn\u00e1lat\u00e1ra tervezve, a Magic Bar Ultimate 12000 Puffs \u00f6tv\u00f6zi a leg\u00fajabb vaporiz\u00e1ci\u00f3s technol\u00f3gi\u00e1t egy eleg\u00e1ns, hordozhat\u00f3 kialak\u00edt\u00e1ssal. Mind\u00f6ssze 32\u00d7115,5 mm-es m\u00e9ret\u00e9vel k\u00e9nyelmesen elf\u00e9r a kezedben vagy a zsebedben, \u00edgy t\u00f6k\u00e9letes az \u00fatk\u00f6zbeni haszn\u00e1latra. A k\u00e9sz\u00fcl\u00e9k nem ig\u00e9nyel karbantart\u00e1st - nincs ut\u00e1nt\u00f6lt\u00e9s, nincs tekercscsere, csak sima vaporiz\u00e1ci\u00f3s \u00e9lvezet. T\u00f6bbf\u00e9le nikotiner\u0151ss\u00e9ggel (0%, 2%, 3% vagy 5%) ez a k\u00e9sz\u00fcl\u00e9k k\u00fcl\u00f6nb\u00f6z\u0151 preferenci\u00e1kat szolg\u00e1l ki, legyen sz\u00f3 nikotinmentes \u00fcl\u00e9sr\u0151l vagy er\u0151sebb \u00fct\u00e9sr\u0151l.<\/p>\n<h3><strong><a href=\"https:\/\/casinovape.de\/hu\/termekkategoria\/magic-bar-eldobhato-vape\/\">M\u00e1gikus B\u00e1r <\/a><\/strong><strong>Ultimate 1<\/strong><strong>2000 <\/strong><strong>F\u0151bb jellemz\u0151k<\/strong><\/h3>\n<ul>\n<li><strong>Magas Puff Kapacit\u00e1s<\/strong>: Minden k\u00e9sz\u00fcl\u00e9k 12 000 sz\u00edv\u00e1st biztos\u00edt, garant\u00e1lva a hossz\u00fa \u00e9lettartam\u00fa \u00e9lm\u00e9nyt.<\/li>\n<li><strong>Nikotin lehet\u0151s\u00e9gek<\/strong>: Sz\u00e1mos nikotiner\u0151ss\u00e9gben kaphat\u00f3 (0%, 2%, 3%, 5%), hogy megfeleljen az \u00d6n egy\u00e9ni ig\u00e9nyeinek.<\/li>\n<li><strong>\u00dajrat\u00f6lthet\u0151 k\u00e9nyelem<\/strong>: A hagyom\u00e1nyos eldobhat\u00f3 vape-kkel ellent\u00e9tben ez az eszk\u00f6z \u00fajrat\u00f6lthet\u0151, meghosszabb\u00edtva \u00e9lettartam\u00e1t \u00e9s cs\u00f6kkentve a hullad\u00e9kot.<\/li>\n<li><strong>Kompakt \u00e9s utaz\u00e1sra alkalmas<\/strong>: El\u00e9g kicsi ahhoz, hogy belef\u00e9rjen b\u00e1rmely zsebbe vagy t\u00e1sk\u00e1ba, ide\u00e1lis a menet k\u00f6zbeni vapoz\u00e1shoz.<\/li>\n<li><strong>Alkalmazkod\u00f3 a DTL \u00e9s MTL st\u00edlusokhoz<\/strong>: \u00c9lvezze mind a k\u00f6zvetlen t\u00fcd\u0151be (DTL), mind a sz\u00e1jba-t\u00fcd\u0151be (MTL) t\u00f6rt\u00e9n\u0151 g\u0151z\u00f6l\u00e9si st\u00edlusokat szem\u00e9lyre szabhat\u00f3 l\u00e9g\u00e1raml\u00e1ssal.<\/li>\n<li><strong>Kih\u00faz\u00e1s-aktiv\u00e1lt mechanizmus<\/strong>: Bel\u00e9gz\u00e9s\u00e9vel aktiv\u00e1l\u00f3dik - nincs gomb, nincs gond.<\/li>\n<li><strong>\u00cdzletes v\u00e1ltozatoss\u00e1g<\/strong>: Engedje szabadj\u00e1ra a k\u00fcl\u00f6nb\u00f6z\u0151 \u00edzprofilokat, az gy\u00fcm\u00f6lcs\u00f6st\u0151l az j\u00e9ghidegig, hogy megfeleljen a hangulat\u00e1nak.<\/li>\n<li><strong>\u00c1ll\u00edthat\u00f3 l\u00e9g\u00e1raml\u00e1s<\/strong>: Szem\u00e9lyre szabhatja g\u0151z\u00f6l\u00e9si \u00e9lm\u00e9ny\u00e9t a l\u00e9g\u00e1raml\u00e1s be\u00e1ll\u00edt\u00e1s\u00e1val az \u00d6n \u00e1ltal el\u0151nyben r\u00e9szes\u00edtett sz\u00edv\u00e1s szerint.<\/li>\n<\/ul>\n<h3><strong><a href=\"https:\/\/casinovape.de\/hu\/termekkategoria\/magic-bar-eldobhato-vape\/\">M\u00e1gikus B\u00e1r <\/a><\/strong><strong>Ultimate 1<\/strong><strong>2000<\/strong><strong>\u00cdzgy\u0171jtem\u00e9ny<\/strong><\/h3>\n<p>A Casinovape-n\u00e9l hissz\u00fck, hogy az \u00edz minden, \u00e9s a Magic Bar Ultimate sz\u00e9les sk\u00e1l\u00e1j\u00e1t k\u00edn\u00e1lja az egyedi \u00e9s friss\u00edt\u0151 \u00edzeknek, amelyek minden \u00edzl\u00e9snek megfelelnek.<\/p>\n<ol>\n<li><strong>V\u00edzimelon J\u00e9g<\/strong><br \/>\n\u00c9des, l\u00e9d\u00fas g\u00f6r\u00f6gdinnye \u00edz j\u00e9ghideg mentolos befejez\u00e9ssel, h\u0171s \u00e9s friss\u00edt\u0151 \u00e9rzetet ny\u00fajtva - ide\u00e1lis forr\u00f3 napokra.<\/li>\n<li><strong>Blue Razz<\/strong><br \/>\nEz a klasszikus \u00e1fonya \u00e9s m\u00e1lna kever\u00e9k egyens\u00falyt teremt a savass\u00e1g \u00e9s az \u00e9dess\u00e9g k\u00f6z\u00f6tt, \u00e9s minden puffban \u00e9l\u00e9nk bogy\u00f3s gy\u00fcm\u00f6lcsrobban\u00e1st hoz l\u00e9tre.<\/li>\n<li><strong>K\u00e9k Razz Citroml\u00e9<\/strong><br \/>\nEgy pezsg\u0151 citromos ital \u00e9s a k\u00e9k m\u00e1lna kombin\u00e1ci\u00f3ja friss\u00edt\u0151 kever\u00e9ket ny\u00fajt, ami egyszerre \u00e9des \u00e9s savanyk\u00e1s.<\/li>\n<li><strong>Kiwi Passion Guava<\/strong><br \/>\nMenek\u00fclj\u00f6n a tr\u00f3pusokra ezzel a k\u00fcl\u00f6nleges f\u00fazi\u00f3val, amely savanyk\u00e1s kivi, l\u00e9d\u00fas passi\u00f3gy\u00fcm\u00f6lcs \u00e9s sima guava kombin\u00e1ci\u00f3ja - t\u00f6k\u00e9letes egy vibr\u00e1l\u00f3 menek\u00fcl\u00e9shez.<\/li>\n<li><strong>\u0150szibar\u00e1t J\u00e9g<\/strong><br \/>\nSima, \u00e9rett \u0151szibar\u00e1t jegyek, melyeket egy mentol \u00e1rnyalat eg\u00e9sz\u00edt ki, gy\u00fcm\u00f6lcs\u00f6s \u00e9s friss\u00edt\u0151 vape-ot biztos\u00edtva minden bel\u00e9gz\u00e9ssel.<\/li>\n<li><strong>M\u00e1lna S\u00e1rgadinnye<\/strong><br \/>\nA savany\u00fa m\u00e1ln\u00e1k \u00e9s az \u00e9des g\u00f6r\u00f6gdinnye egyed\u00fcl\u00e1ll\u00f3 p\u00e1ros\u00edt\u00e1sa, amely j\u00f3l kiegyens\u00falyozott \u00edzkever\u00e9ket k\u00edn\u00e1l.<\/li>\n<li><strong>Eper S\u00e1rgadinnye<\/strong><br \/>\n\u00c9des eper keveredik a friss\u00edt\u0151 g\u00f6r\u00f6gdinny\u00e9vel, egy k\u00f6nny\u0171, \u00e9lvezetes vape-hoz, ami t\u00f6k\u00e9letes a ny\u00e1ri napokra.<\/li>\n<li><strong>Eperj\u00e9g<\/strong><br \/>\nFriss eper \u00edz, ropog\u00f3s mentol befejez\u00e9ssel, h\u0171s\u00edt\u0151 \u00e9rzetet ny\u00fajtva, ami gy\u00fcm\u00f6lcs\u00f6s \u00e9s friss\u00edt\u0151 is egyben.<\/li>\n<li><strong>R\u00f3zsasz\u00edn Citromos \u00dcd\u00edt\u0151<\/strong><br \/>\nEgy vil\u00e1gos \u00e9s \u00e9l\u00e9nk r\u00f3zsasz\u00edn citromos \u00edz, \u00f6tv\u00f6zve a citrus \u00e9s a bogy\u00f3s \u00e9dess\u00e9get egy nosztalgikus vape-ban.<\/li>\n<li><strong>K\u00f3la j\u00e9g<\/strong><br \/>\nAz ikonikus k\u00f3la \u00edze, friss j\u00e9g \u00e9rint\u00e9ssel, klasszikus sz\u00f3d\u00e1s \u00e9lm\u00e9nyt ny\u00fajt az \u00d6n vape sessionj\u00e1hoz.<\/li>\n<li><strong>K\u00e9k\u00e1fonya J\u00e9g<\/strong><br \/>\n\u00c9lvezze az \u00e9des \u00e1fony\u00e1t egy fagyos mentolos befejez\u00e9ssel egy friss\u00edt\u0151, gy\u00fcm\u00f6lcs\u00f6s \u00e9lm\u00e9ny\u00e9rt.<\/li>\n<li><strong>Love 212<\/strong><br \/>\nEgy misztifik\u00e1l\u00f3 kever\u00e9ke vir\u00e1gos \u00e9s gy\u00fcm\u00f6lcs\u00f6s jegyeknek, ami t\u00f6k\u00e9letes azok sz\u00e1m\u00e1ra, akik szeretnek k\u00eds\u00e9rletezni \u00faj \u00edzekkel.<\/li>\n<li><strong>Dupla Alma<\/strong><br \/>\nRopog\u00f3s \u00e9s pik\u00e1ns, a Double Apple \u00f6tv\u00f6zi a piros \u00e9s z\u00f6ld alma jegyeit, egy kiegyens\u00falyozott, friss\u00edt\u0151 \u00edzhat\u00e1s \u00e9rdek\u00e9ben.<\/li>\n<li><strong>Gum Melon<\/strong><br \/>\n\u00c9lvezze a g\u00f6r\u00f6gdinnye l\u00e9d\u00fas \u00edz\u00e9t, egy csipet nosztalgikus r\u00e1g\u00f3gumi - \u00e9des \u00e9s sz\u00f3rakoztat\u00f3!<\/li>\n<li><strong>Gum Mentol<\/strong><br \/>\nEgy \u00e9des bubor\u00e9k alap\u00fa r\u00e1g\u00f3gumi, h\u0171s ment\u00e1val p\u00e1ros\u00edtva, friss\u00edt\u0151 \u00e9s \u00e9lvezetes vape-ot hoz l\u00e9tre minden egyes sz\u00edv\u00e1ssal.<\/li>\n<li><strong>Vegyes Bogy\u00f3<\/strong><br \/>\nEgy kellemes eper, \u00e1fonya \u00e9s m\u00e1lna kever\u00e9k \u00e9des \u00e9s fanyar bogy\u00f3s gy\u00fcm\u00f6lcs\u00f6k kavalk\u00e1dj\u00e1t k\u00edn\u00e1lja.<\/li>\n<li><strong>Citromf\u0171<\/strong><br \/>\nFriss\u00edt\u0151 citrom p\u00e1rosul a h\u0171s ment\u00e1val egy \u00e9les, \u00e9l\u00e9nk\u00edt\u0151 vape-hoz, amely \u00e9breszti az \u00e9rz\u00e9keket.<\/li>\n<li><strong>Tr\u00f3pusi<\/strong><br \/>\nAnan\u00e1sz, mang\u00f3 \u00e9s k\u00f3kusz gy\u00fcm\u00f6lcs\u00f6s kever\u00e9ke, amely egy napos, tr\u00f3pusi paradicsomba rep\u00edt.<\/li>\n<li><strong>V\u00edzimelon Bubble Gum<\/strong><br \/>\n\u00c9des, l\u00e9d\u00fas g\u00f6r\u00f6gdinnye, nosztalgikus r\u00e1g\u00f3gumi \u00edzzel, egy sz\u00f3rakoztat\u00f3 \u00e9s \u00edzletes \u00e9lm\u00e9ny\u00e9rt.<\/li>\n<\/ol>\n<p><img loading=\"lazy\" decoding=\"async\" class=\"alignnone wp-image-1487 size-full\" src=\"https:\/\/casinovape.de\/wp-content\/uploads\/2024\/10\/8Magic-Bar-12000.webp\" alt=\"Eur\u00f3pai Rakt\u00e1r Magic Bar Ultimate 12000 Puff Alacsony Nikotin V\u00e1s\u00e1roljon Eredeti Hiteles \u00dajrat\u00f6lthet\u0151 Eldobhat\u00f3 Vape Tollat\" width=\"1600\" height=\"1600\" srcset=\"https:\/\/casinovape.de\/wp-content\/uploads\/2024\/10\/8Magic-Bar-12000.webp 1600w, https:\/\/casinovape.de\/wp-content\/uploads\/2024\/10\/8Magic-Bar-12000-300x300.webp 300w, https:\/\/casinovape.de\/wp-content\/uploads\/2024\/10\/8Magic-Bar-12000-1024x1024.webp 1024w, https:\/\/casinovape.de\/wp-content\/uploads\/2024\/10\/8Magic-Bar-12000-150x150.webp 150w, https:\/\/casinovape.de\/wp-content\/uploads\/2024\/10\/8Magic-Bar-12000-768x768.webp 768w, https:\/\/casinovape.de\/wp-content\/uploads\/2024\/10\/8Magic-Bar-12000-1536x1536.webp 1536w, https:\/\/casinovape.de\/wp-content\/uploads\/2024\/10\/8Magic-Bar-12000-600x600.webp 600w, https:\/\/casinovape.de\/wp-content\/uploads\/2024\/10\/8Magic-Bar-12000-100x100.webp 100w\" sizes=\"auto, (max-width: 1600px) 100vw, 1600px\" \/><\/p>\n<h3><strong>Mi\u00e9rt V\u00e1lassza a <\/strong><strong><a href=\"https:\/\/casinovape.de\/hu\/termekkategoria\/magic-bar-eldobhato-vape\/\">M\u00e1gikus B\u00e1r <\/a><\/strong><strong>Ultimate 1<\/strong><strong>2000?<\/strong><\/h3>\n<ul>\n<li><strong>V\u00e9gs\u0151 k\u00e9nyelem<\/strong>: Haszn\u00e1latra k\u00e9sz, k\u00f6zvetlen\u00fcl a dobozb\u00f3l, \u00fajrat\u00f6lt\u00e9s vagy karbantart\u00e1s n\u00e9lk\u00fcl - csak \u00e9lvezze \u00e9s dobja ki.<\/li>\n<li><strong>Tart\u00f3s \u00c9lvezet<\/strong>: Minden k\u00e9sz\u00fcl\u00e9k 12 000 f\u00faj\u00e1ssal, tart\u00f3s \u00e9s egyenletes \u00e9lm\u00e9nyt ny\u00fajt id\u0151vel.<\/li>\n<li><strong>\u00cdzes\u00edt\u00e9si v\u00e1ltozatok<\/strong>: Fedezze fel a v\u00e1ltozatos \u00edzprofilok sz\u00e9les sk\u00e1l\u00e1j\u00e1t, amelyek minden \u00edzl\u00e9snek megfelelnek.<\/li>\n<li><strong>Nikotin Rugalmass\u00e1g<\/strong>: V\u00e1lasszon t\u00f6bb nikotinszint k\u00f6z\u00fcl, hogy megfeleljen ig\u00e9nyeinek, ak\u00e1r cs\u00f6kkenteni szeretne, ak\u00e1r engedni a v\u00e1gyainak.<\/li>\n<li><strong>Minden St\u00edlushoz Alkalmazkodik<\/strong>: T\u00e1mogatja mind a DTL, mind az MTL g\u0151z\u00f6l\u00e9st, kiel\u00e9g\u00edtve minden g\u0151z\u00f6l\u00e9si preferenci\u00e1t.<\/li>\n<li><strong>\u00dajrat\u00f6lthet\u0151 \u00e9s K\u00f6rnyezetbar\u00e1t<\/strong>: Hosszabb\u00edtsa meg az e-cigaretta \u00e9lettartam\u00e1t a \u00fajrat\u00f6lthet\u0151 funkci\u00f3val, cs\u00f6kkentve a hullad\u00e9kot \u00e9s biztos\u00edtva a hossz\u00fa t\u00e1v\u00fa haszn\u00e1latot.<\/li>\n<\/ul>\n<h3><strong>Tapasztalja meg a p\u00e1ratlan g\u0151z\u00f6l\u00e9st <a href=\"https:\/\/casinovape.de\/hu\/\">Casinovape<\/a><\/strong><\/h3>\n<p>Nincs minim\u00e1lis rendel\u00e9si mennyis\u00e9g \u00e9s gyors sz\u00e1ll\u00edt\u00e1s t\u0151l\u00fcnk <a href=\"https:\/\/casinovape.de\/hu\/\">Eur\u00f3pai vape rakt\u00e1r<\/a>A Casinovape megk\u00f6nny\u00edti a Magic Bar Ultimate 12000 haszn\u00e1lat\u00e1nak megkezd\u00e9s\u00e9t. Az EU-ba t\u00f6rt\u00e9n\u0151 k\u00f6zvetlen sz\u00e1ll\u00edt\u00e1s 3-7 napon bel\u00fcl, eldobhat\u00f3 vape term\u00e9keink hozz\u00e1f\u00e9rhet\u0151ek N\u00e9metorsz\u00e1g \u00e9s Eur\u00f3pa t\u00f6bbi r\u00e9sz\u00e9n \u00e9l\u0151 \u00fcgyfeleink sz\u00e1m\u00e1ra. Fedezze fel a Magic Bar-t \u00e9s sz\u00e1mos m\u00e1s pr\u00e9mium m\u00e1rk\u00e1t, mint p\u00e9ld\u00e1ul az Al Fakher, Fizzy, OBEELAB HHC \u00e9s SMPO DL02 a Casinovape.de oldalon m\u00e9g ma!<\/p>\n<h3><strong>Szerezd meg m\u00e9g ma<\/strong><\/h3>\n<p>K\u00e9nyeztesse mag\u00e1t a Magic Bar Ultimate 12000 Puffs \u00e1ltal k\u00edn\u00e1lt fels\u0151bbrend\u0171 g\u0151z\u00f6l\u00e9si \u00e9lm\u00e9nnyel, amely most el\u00e9rhet\u0151 a Casinovape-on. L\u00e1togasson el oldalunkra, b\u00f6ng\u00e9sszen teljes katal\u00f3gusunkban, \u00e9s emelje magasabb szintre g\u0151z\u00f6l\u00e9si \u00e9lm\u00e9ny\u00e9t p\u00e1ratlan min\u0151s\u00e9ggel \u00e9s v\u00e1ltozatoss\u00e1ggal.<\/p>","protected":false},"excerpt":{"rendered":"<p>Fedezze fel a <strong>Magic Bar Ultimate 12000 Puffs<\/strong> Eldobhat\u00f3 vape a Casinovape-n\u00e1l - Eur\u00f3pa legjobb vape keresked\u0151j\u00e9n\u00e9l. \u00dajrat\u00f6lthet\u0151, kompakt \u00e9s k\u00fcl\u00f6nb\u00f6z\u0151 \u00edzekben kaphat\u00f3, gyors sz\u00e1ll\u00edt\u00e1ssal EU rakt\u00e1runkb\u00f3l.<\/p>","protected":false},"featured_media":1444,"comment_status":"open","ping_status":"closed","template":"","meta":[],"product_brand":[],"product_cat":[23,78,79,80,81,83,85,86,87,88,90,91,93,94,95,96,98,99,65,66,67,68,69,70,71,72,73,74,75,76,77,57,60,45,48,52,54],"product_tag":[],"class_list":{"0":"post-1418","1":"product","2":"type-product","3":"status-publish","4":"has-post-thumbnail","6":"product_cat-magic-bar-disposable-vapes","7":"product_cat-buy-best-disposable-vape-flavors","8":"product_cat-apple-flavor-disposable-vapes","9":"product_cat-blue-razz-flavor-disposable-vapes","10":"product_cat-blueberry-flavor-disposable-vapes","11":"product_cat-cola-flavor-disposable-vapes","12":"product_cat-guava-flavor-disposable-vapes","13":"product_cat-ice-flavor-disposable-vapes","14":"product_cat-kiwi-flavor-disposable-vapes","15":"product_cat-lemon-flavor-disposable-vapes","16":"product_cat-mango-flavor-disposable-vapes","17":"product_cat-mint-flavor-disposable-vapes","18":"product_cat-passion-fruit-flavor-disposable-vapes","19":"product_cat-peach-flavor-disposable-vapes","20":"product_cat-pineapple-flavor-disposable-vapes","21":"product_cat-raspberry-flavor-disposable-vapes","22":"product_cat-strawberry-flavor-disposable-vapes","23":"product_cat-watermelon-flavor-disposable-vapes","24":"product_cat-best-disposable-vape-in-europe","25":"product_cat-buy-disposable-vapes-in-austria","26":"product_cat-buy-disposable-vapes-in-belgium","27":"product_cat-buy-disposable-vapes-in-france","28":"product_cat-buy-disposable-vapes-in-germany","29":"product_cat-buy-disposable-vapes-in-italy","30":"product_cat-buy-disposable-vapes-in-netherlands","31":"product_cat-buy-disposable-vapes-in-norway","32":"product_cat-buy-disposable-vapes-in-poland","33":"product_cat-buy-disposable-vapes-in-portugal","34":"product_cat-buy-disposable-vapes-in-spain","35":"product_cat-buy-disposable-vapes-in-sweden","36":"product_cat-buy-disposable-vapes-in-switzerland","37":"product_cat-shop-disposable-vapes-by-puffs","38":"product_cat-12000-puff-disposable-vape","39":"product_cat-disposable-vape-types","40":"product_cat-big-puffs-disposable-vapes","41":"product_cat-lower-nicotine-disposable-vapes","42":"product_cat-rechargeable-disposable-vapes","44":"first","45":"outofstock","46":"shipping-taxable","47":"purchasable","48":"product-type-variable"},"jetpack_sharing_enabled":true,"_links":{"self":[{"href":"https:\/\/casinovape.de\/hu\/wp-json\/wp\/v2\/product\/1418","targetHints":{"allow":["GET"]}}],"collection":[{"href":"https:\/\/casinovape.de\/hu\/wp-json\/wp\/v2\/product"}],"about":[{"href":"https:\/\/casinovape.de\/hu\/wp-json\/wp\/v2\/types\/product"}],"replies":[{"embeddable":true,"href":"https:\/\/casinovape.de\/hu\/wp-json\/wp\/v2\/comments?post=1418"}],"wp:featuredmedia":[{"embeddable":true,"href":"https:\/\/casinovape.de\/hu\/wp-json\/wp\/v2\/media\/1444"}],"wp:attachment":[{"href":"https:\/\/casinovape.de\/hu\/wp-json\/wp\/v2\/media?parent=1418"}],"wp:term":[{"taxonomy":"product_brand","embeddable":true,"href":"https:\/\/casinovape.de\/hu\/wp-json\/wp\/v2\/product_brand?post=1418"},{"taxonomy":"product_cat","embeddable":true,"href":"https:\/\/casinovape.de\/hu\/wp-json\/wp\/v2\/product_cat?post=1418"},{"taxonomy":"product_tag","embeddable":true,"href":"https:\/\/casinovape.de\/hu\/wp-json\/wp\/v2\/product_tag?post=1418"}],"curies":[{"name":"wp","href":"https:\/\/api.w.org\/{rel}","templated":true}]}}