{"id":1265,"date":"2024-10-21T02:17:14","date_gmt":"2024-10-21T02:17:14","guid":{"rendered":"https:\/\/casinovape.de\/?post_type=product&#038;p=1265"},"modified":"2025-09-06T00:37:12","modified_gmt":"2025-09-06T00:37:12","slug":"europai-raktar-airmez-matrix-25000-fujas-alacsony-nikotin-vasarlas-eredeti-autentikus-ujratoltheto-eldobhato-vapes-toll","status":"publish","type":"product","link":"https:\/\/casinovape.de\/hu\/termek\/europai-raktar-airmez-matrix-25000-fujas-alacsony-nikotin-vasarlas-eredeti-autentikus-ujratoltheto-eldobhato-vapes-toll\/","title":{"rendered":"Eur\u00f3pai Rakt\u00e1r Airmez Matrix 25000 Puff Low Nikotin V\u00e1s\u00e1roljon Eredeti Hiteles \u00dajrat\u00f6lthet\u0151 Eldobhat\u00f3 Vape Tollat"},"content":{"rendered":"<div class=\"flex-1 overflow-hidden\">\n<div class=\"h-full\">\n<div class=\"react-scroll-to-bottom--css-zitxy-79elbk h-full\">\n<div class=\"react-scroll-to-bottom--css-zitxy-1n7m0yu\">\n<div class=\"flex flex-col text-sm md:pb-9\">\n<article class=\"w-full text-token-text-primary focus-visible:outline-2 focus-visible:outline-offset-[-4px]\" dir=\"auto\" data-testid=\"conversation-turn-3\" data-scroll-anchor=\"true\">\n<div class=\"text-base py-[18px] px-3 md:px-4 m-auto w-full md:px-5 lg:px-4 xl:px-5\">\n<div class=\"mx-auto flex flex-1 gap-4 text-base md:gap-5 lg:gap-6 md:max-w-3xl lg:max-w-[40rem] xl:max-w-[48rem]\">\n<div class=\"group\/conversation-turn relative flex w-full min-w-0 flex-col agent-turn\">\n<div class=\"flex-col gap-1 md:gap-3\">\n<div class=\"flex max-w-full flex-col flex-grow\">\n<div style=\"width: 1020px;\" class=\"wp-video\"><!--[if lt IE 9]><script>document.createElement('video');<\/script><![endif]-->\n<video class=\"wp-video-shortcode\" id=\"video-1265-1\" width=\"1020\" height=\"1020\" preload=\"metadata\" controls=\"controls\"><source type=\"video\/mp4\" src=\"https:\/\/casinovape.de\/wp-content\/uploads\/2024\/10\/Airmez-Matrix-25000-3.mp4?_=1\" \/><a href=\"https:\/\/casinovape.de\/wp-content\/uploads\/2024\/10\/Airmez-Matrix-25000-3.mp4\">https:\/\/casinovape.de\/wp-content\/uploads\/2024\/10\/Airmez-Matrix-25000-3.mp4<\/a><\/video><\/div>\n<\/div>\n<\/div>\n<\/div>\n<\/div>\n<\/div>\n<\/article>\n<\/div>\n<\/div>\n<\/div>\n<\/div>\n<\/div>\n<div class=\"md:pt-0 dark:border-white\/20 md:border-transparent md:dark:border-transparent w-full\">\n<div class=\"\">\n<div class=\"text-base px-3 md:px-4 m-auto w-full md:px-5 lg:px-4 xl:px-5\">\n<div class=\"mx-auto flex flex-1 gap-4 text-base md:gap-5 lg:gap-6 md:max-w-3xl lg:max-w-[40rem] xl:max-w-[48rem]\">\n<form class=\"w-full\" aria-haspopup=\"dialog\" aria-expanded=\"false\" aria-controls=\"radix-:rnl:\" data-state=\"closed\" action=\"\">\n<div class=\"relative flex h-full max-w-full flex-1 flex-col\">\n<div class=\"group relative flex w-full items-center\">\n<div class=\"flex w-full flex-col gap-1.5 rounded-[26px] p-1.5 transition-colors bg-[#f4f4f4] dark:bg-token-main-surface-secondary\">\n<div class=\"flex items-end gap-1.5 pl-4 md:gap-2\">\n<div class=\"min-w-8\">\n<h2><a href=\"https:\/\/casinovape.de\/hu\/\">Eur\u00f3pai Vape Rakt\u00e1r<\/a> Airmez Matrix 25000 Puffs \u00dajrat\u00f6lthet\u0151 Eldobhat\u00f3 Vape Toll<\/h2>\n<h3>Term\u00e9k\u00e1ttekint\u00e9s<\/h3>\n<p>A <strong>Airmez Matrix 25000 Puffs Eldobhat\u00f3 Vape Toll<\/strong> egy fejlett vape-\u00e9lm\u00e9ny, amelyet \u00fagy alak\u00edtottak ki, hogy kiel\u00e9g\u00edtse mind a tapasztalt vapereket, mind az \u00fajoncokat, akik k\u00e9nyelmet \u00e9s min\u0151s\u00e9get keresnek.  Kiz\u00e1r\u00f3lagosan el\u00e9rhet\u0151 kereszt\u00fcl <a href=\"https:\/\/casinovape.de\/hu\/\" target=\"_new\" rel=\"noopener\">Casinovape<\/a>N\u00e9metorsz\u00e1g legnagyobb eldobhat\u00f3 vape-eket forgalmaz\u00f3 kiskeresked\u0151jek\u00e9nt ez a vape toll \u00f6tv\u00f6zi a leg\u00fajabb funkci\u00f3kat, a letisztult diz\u00e1jnt \u00e9s a k\u00fcl\u00f6nf\u00e9le vonz\u00f3 \u00edzeket, \u00e9s minden p\u00f6f\u00e9kel\u00e9sn\u00e9l p\u00e1ratlan el\u00e9gedetts\u00e9get ny\u00fajt. <strong>legfeljebb 25 000 sz\u00edv\u00e1s<\/strong>Ez a \u00fajrat\u00f6lthet\u0151 vape toll ide\u00e1lis azok sz\u00e1m\u00e1ra, akik hossz\u00fa t\u00e1v\u00fa, \u00e1lland\u00f3 teljes\u00edtm\u00e9nyt \u00e9rt\u00e9kelnek an\u00e9lk\u00fcl, hogy gyakran kellene cser\u00e9lni\u00fck. Ak\u00e1r gazdag \u00edzt, ak\u00e1r megb\u00edzhat\u00f3 g\u0151ztermel\u00e9st keres, az Airmez Matrix sima, z\u00f6kken\u0151mentes \u00e9lm\u00e9nyt ny\u00fajt.<\/p>\n<h3>Mi\u00e9rt V\u00e1lassza a <a href=\"https:\/\/casinovape.de\/hu\/termekkategoria\/airmez-matrixu-eldobhato-vape\/\">Airmez Matrix 25000<\/a>?<\/h3>\n<p>Az Airmez Matrix kiemelkedik a zs\u00fafolt piacon, \u00f6tv\u00f6zve a k\u00e9nyelmet a legmodernebb technol\u00f3gi\u00e1val, \u00edgy t\u00f6k\u00e9letes azok sz\u00e1m\u00e1ra, akik k\u00f6nny\u0171, \u00e9lvezetes vaporiz\u00e1ci\u00f3s \u00e9lm\u00e9nyt szeretn\u00e9nek. Ez az eszk\u00f6z k\u00edn\u00e1lja:<\/p>\n<ul>\n<li><strong>Tart\u00f3s Teljes\u00edtm\u00e9ny<\/strong>: Ak\u00e1r 25 000 sz\u00edv\u00e1sig haszn\u00e1lhat\u00f3, Norm\u00e1l \u00e9s Boost \u00fczemm\u00f3dokkal a k\u00fcl\u00f6nb\u00f6z\u0151 preferenci\u00e1khoz igaz\u00edtva.<\/li>\n<li><strong>\u00dajrat\u00f6lthet\u0151 \u00e9s K\u00f6rnyezetbar\u00e1t<\/strong>: USB-C t\u00f6lt\u0151porttal felszerelve, ez az e-cigaretta toll minimaliz\u00e1lja a hullad\u00e9kot \u00e9s maximaliz\u00e1lja a haszn\u00e1latot, \u00edgy k\u00f6rnyezettudatos v\u00e1laszt\u00e1s.<\/li>\n<li><strong>Innovat\u00edv kett\u0151s h\u00e1l\u00f3 tekercsek<\/strong>Ezek a tekercsek fokozz\u00e1k az \u00edzt \u00e9s sima p\u00e1r\u00e1t biztos\u00edtanak, minden egyes l\u00e9legzetv\u00e9telhez s\u0171r\u0171, arom\u00e1s felh\u0151ket adva.<\/li>\n<li><strong>\u00c1ll\u00edthat\u00f3 l\u00e9g\u00e1raml\u00e1s<\/strong>: Testreszabhatja g\u0151z\u00f6l\u00e9si \u00e9lm\u00e9ny\u00e9t a szem\u00e9lyre szabhat\u00f3 l\u00e9g\u00e1raml\u00e1si be\u00e1ll\u00edt\u00e1sokkal, hogy el\u00e9rje a k\u00edv\u00e1nt sz\u00edv\u00e1st.<\/li>\n<li><strong>Felhaszn\u00e1l\u00f3bar\u00e1t \u00c9rint\u0151k\u00e9perny\u0151s Kijelz\u0151<\/strong>: A 2,1 h\u00fcvelykes \u00e9rint\u0151k\u00e9perny\u0151 val\u00f3s id\u0151ben friss\u00edti az akkumul\u00e1tor szintj\u00e9t \u00e9s az e-folyad\u00e9k \u00e1llapot\u00e1t, olyan funkci\u00f3, amelyet ritk\u00e1n tal\u00e1lni az eldobhat\u00f3 vapokban.<\/li>\n<\/ul>\n<p>Ez a nagy kapacit\u00e1s\u00fa, \u00fajrat\u00f6lthet\u0151 vape toll az eur\u00f3pai piacra k\u00e9sz\u00fclt, gyors 3-7 napos sz\u00e1ll\u00edt\u00e1ssal innen: <strong>Eur\u00f3pai Vape Rakt\u00e1r<\/strong>.<\/p>\n<hr \/>\n<h3>Kulcsfontoss\u00e1g\u00fa jellemz\u0151k Airmez Matrix 25000 Puff <a href=\"https:\/\/casinovape.de\/hu\/\">Eldobhat\u00f3 Vape Toll<\/a><\/h3>\n<ol>\n<li><strong>Kiv\u00e9teles Puffaszt\u00e1si Kapacit\u00e1s<\/strong>Legfeljebb 25 000 sz\u00edv\u00e1st biztos\u00edt Norm\u00e1l m\u00f3dban \u00e9s 15 000 sz\u00edv\u00e1st Boost m\u00f3dban, \u00edgy t\u00f6k\u00e9letes a hosszabb haszn\u00e1lat \u00e9rdek\u00e9ben.<\/li>\n<li><strong>Kett\u0151s H\u00e1l\u00f3 Tekercs Technol\u00f3gia<\/strong>Robusztus \u00edzprofilokat \u00e9s sima, testes g\u0151zt biztos\u00edt.<\/li>\n<li><strong>\u00c1ll\u00edthat\u00f3 l\u00e9g\u00e1raml\u00e1s<\/strong>: \u00c9lvezze a szem\u00e9lyre szabhat\u00f3 \u00e9lm\u00e9nyt, amelyet a k\u00edv\u00e1nt l\u00e9g\u00e1raml\u00e1si ellen\u00e1ll\u00e1sra szabtak.<\/li>\n<li><strong>Magas Nikotintartalom (5%)<\/strong>Ide\u00e1lis azok sz\u00e1m\u00e1ra, akik er\u0151sebb, kiel\u00e9g\u00edt\u0151bb nikotinl\u00f6ketet keresnek.<\/li>\n<li><strong>2,1 h\u00fcvelykes \u00e9rint\u0151k\u00e9perny\u0151s kijelz\u0151<\/strong>: Egy pillant\u00e1ssal ellen\u0151rizze az akkumul\u00e1tor \u00e9lettartam\u00e1t \u00e9s az e-folyad\u00e9k szintj\u00e9t.<\/li>\n<li><strong>USB Type-C t\u00f6lt\u00e9s<\/strong>: Gyorsan \u00e9s k\u00f6nnyen t\u00f6ltse fel ezzel a hat\u00e9kony t\u00f6lt\u0151porttal.<\/li>\n<li><strong>K\u00e9t Teljes\u00edtm\u00e9ny\u00fczemm\u00f3d<\/strong>: V\u00e1ltson Norm\u00e1l \u00e9s Boost \u00fczemm\u00f3dok k\u00f6z\u00f6tt a szem\u00e9lyre szabott intenzit\u00e1s \u00e9s el\u00e9gedetts\u00e9g \u00e9rdek\u00e9ben.<\/li>\n<li><strong>Kivon\u00e1s-aktiv\u00e1lt<\/strong>: \u00c9lvezze a rajthoz k\u00f6t\u00f6tt technol\u00f3gia k\u00e9nyelm\u00e9t a z\u00f6kken\u0151mentes g\u0151z\u00f6l\u00e9si \u00e9lm\u00e9ny\u00e9rt.<\/li>\n<\/ol>\n<hr \/>\n<h3>Kifinomult \u00cdzvil\u00e1g<\/h3>\n<p>Minden \u00edzt gondosan alak\u00edtottak ki, hogy egyedi, mag\u00e1val ragad\u00f3 \u00e9lm\u00e9nyt ny\u00fajtson. Itt van egy k\u00f6zelebbi pillant\u00e1s a rendelkez\u00e9sre \u00e1ll\u00f3 lehet\u0151s\u00e9gekre:<\/p>\n<p><strong>1. \u00c9jf\u00e9li Cseresznye<\/strong><br \/>\n\u00c9lvezze a m\u00e9ly, intenz\u00edv \u00edz\u00e9t a gazdag csereszny\u00e9nek, enyhe \u00e9dess\u00e9ggel. A Midnight Cherry egy mer\u00e9sz, \u00e9l\u00e9nk \u00edzt k\u00edn\u00e1l, amely kiel\u00e9g\u00edti minden gy\u00fcm\u00f6lcsrajong\u00f3 v\u00e1gy\u00e1t, s\u00f6t\u00e9t \u00e9s l\u00e9d\u00fas profilt k\u00edn\u00e1lva minden bel\u00e9gz\u00e9ssel.<\/p>\n<p><strong>2. Nightcrawler<\/strong><br \/>\n\u00c9rett bogy\u00f3k bonyolult kever\u00e9ke, enyhe savany\u00fas\u00e1ggal, a Nightcrawler friss\u00edt\u0151, m\u00e9gis megnyugtat\u00f3 vape-\u00e9lm\u00e9nyt ny\u00fajt. T\u00f6k\u00e9letes a nap b\u00e1rmely szakasza, ez az \u00edz kiegyens\u00falyozott \u00e9s \u00e9l\u00e9nk\u00edt\u0151, r\u00e9tegekkel, amelyek \u00e9rdekesek tartj\u00e1k az \u00edzlel\u0151bimb\u00f3kat.<\/p>\n<p><strong>3. B\u00e1rsonyos Eper Torta<\/strong><br \/>\nK\u00e9nyeztesse mag\u00e1t a Velvet Eper Torta dekadenci\u00e1j\u00e1val. Ez az \u00edz egyes\u00edti az \u00e9rett eper \u00e9dess\u00e9g\u00e9t a torta alap meleg\u00e9vel, l\u00e9trehozva egy gazdag, desszert ihlette \u00e9lm\u00e9nyt, amely egyszerre kiel\u00e9g\u00edt\u0151 \u00e9s sima.<\/p>\n<p><strong>4. Ban\u00e1n Berry Fantasy<\/strong><br \/>\nTr\u00f3pusi robbant\u00e1s ban\u00e1nb\u00f3l \u00e9s bogy\u00f3s gy\u00fcm\u00f6lcsb\u0151l, a Banana Berry Fantasy egzotikus csavart hoz a g\u0151z\u00f6l\u00e9si rutinodba. Ez a kiegyens\u00falyozott kever\u00e9k \u00e9des \u00e9s m\u00e9gis friss\u00edt\u0151, t\u00f6k\u00e9letes azok sz\u00e1m\u00e1ra, akik \u00e9lvezik a vibr\u00e1l\u00f3, gy\u00fcm\u00f6lcs\u00f6s jegyeket.<\/p>\n<p><strong>5. Cseresznye Citrom H\u00e9ja<\/strong><br \/>\nEz az \u00edz egyes\u00edti a cseresznye \u00e9dess\u00e9g\u00e9t egy fanyar citrom\u00fct\u00e9ssel, l\u00e9trehozva egy kiegyens\u00falyozott profilt, amely ugyanolyan friss\u00edt\u0151, mint eml\u00e9kezetes. Ide\u00e1lis v\u00e1laszt\u00e1s azoknak a vapereknek, akik friss, fanyar \u00edzt keresnek egy kis \u00e9dess\u00e9ggel.<\/p>\n<p><strong>6. S\u00e1rk\u00e1nygy\u00fcm\u00f6lcs\u00f6s Limon\u00e1d\u00e9<\/strong><br \/>\nHozza mag\u00e1t egy tr\u00f3pusi paradicsomba a S\u00e1rk\u00e1nygy\u00fcm\u00f6lcs\u00f6s Citroml\u00e9vel. A s\u00e1rk\u00e1nygy\u00fcm\u00f6lcs \u00e9s a citroml\u00e9 egyed\u00fcl\u00e1ll\u00f3 \u00f6tv\u00f6zete egy savanyk\u00e1s, m\u00e9gis sima \u00e9lm\u00e9nyt ny\u00fajt, ami t\u00f6k\u00e9letes a meleg napokra vagy amikor csak egzotikus l\u00f6ketet szeretne.<\/p>\n<p><strong>7. Misztikus S\u00e1rk\u00e1ny F\u00fazi\u00f3<\/strong><br \/>\nMer\u00fclj\u00f6n el a Mystic Dragon Fusion rejt\u00e9ly\u00e9ben, a s\u00e1rk\u00e1nygy\u00fcm\u00f6lcs \u00e9s a tr\u00f3pusi felhangok \u00f6sszetett kever\u00e9k\u00e9ben, amely izgalmas, r\u00e9tegezett vape-ot eredm\u00e9nyez. Gazdag \u00e9s szokatlan profilj\u00e1val ide\u00e1lis a kalandv\u00e1gy\u00f3 g\u0151z\u00f6l\u0151k sz\u00e1m\u00e1ra.<\/p>\n<p><strong>8. Mang\u00f3 Colada<\/strong><br \/>\n\u00c9lje \u00e1t a Karibi-t\u00e9rs\u00e9get a Mango Colada-val, egy finom kever\u00e9k\u00e9vel az \u00e9rett mang\u00f3nak \u00e9s a kr\u00e9mes k\u00f3kusznak. Ez az \u00edz minden f\u00faj\u00e1sn\u00e1l mag\u00e1val hozza egy tr\u00f3pusi tengerpart esszenci\u00e1j\u00e1t, \u00e9des \u00e9s friss\u00edt\u0151 \u00e9lm\u00e9nyt ny\u00fajtva.<\/p>\n<p><img loading=\"lazy\" decoding=\"async\" class=\"alignnone wp-image-1337 size-full\" src=\"https:\/\/casinovape.de\/wp-content\/uploads\/2024\/10\/Airmez-Matrix-25000.webp\" alt=\"Eur\u00f3pai Rakt\u00e1r Airmez Matrix 25000 Puff Low Nikotin V\u00e1s\u00e1roljon Eredeti Hiteles \u00dajrat\u00f6lthet\u0151 Eldobhat\u00f3 Vape Tollat\" width=\"1016\" height=\"1452\" srcset=\"https:\/\/casinovape.de\/wp-content\/uploads\/2024\/10\/Airmez-Matrix-25000.webp 1016w, https:\/\/casinovape.de\/wp-content\/uploads\/2024\/10\/Airmez-Matrix-25000-210x300.webp 210w, https:\/\/casinovape.de\/wp-content\/uploads\/2024\/10\/Airmez-Matrix-25000-717x1024.webp 717w, https:\/\/casinovape.de\/wp-content\/uploads\/2024\/10\/Airmez-Matrix-25000-768x1098.webp 768w, https:\/\/casinovape.de\/wp-content\/uploads\/2024\/10\/Airmez-Matrix-25000-600x857.webp 600w\" sizes=\"auto, (max-width: 1016px) 100vw, 1016px\" \/><\/p>\n<h3>Mi\u00e9rt V\u00e1s\u00e1rolja Meg A <a href=\"https:\/\/casinovape.de\/hu\/termekkategoria\/airmez-matrixu-eldobhato-vape\/\">Airmez Matrix 25000 Puffs<\/a> Eldobhat\u00f3 Vape Toll<\/h3>\n<p>Az Airmez Matrix 25000 egy igazi \u00faj\u00edt\u00f3 a eldobhat\u00f3 vape technol\u00f3gi\u00e1ban, \u00f6tv\u00f6zve a magas teljes\u00edtm\u00e9nyt, a k\u00e9nyelmet \u00e9s a sz\u00e9lesk\u00f6r\u0171 \u00edzv\u00e1laszt\u00e9kot, hogy megfeleljen minden ig\u00e9nynek. <a href=\"https:\/\/casinovape.de\/hu\/\"><strong>Casinovape.de<\/strong><\/a>, hogy egyszer\u0171v\u00e9 \u00e9s megfizethet\u0151v\u00e9 tegy\u00fck a pr\u00e9mium vaping term\u00e9kek \u00e9lvezet\u00e9t, nincs minim\u00e1lis rendel\u00e9si mennyis\u00e9g \u00e9s gyors eur\u00f3pai sz\u00e1ll\u00edt\u00e1s. Itt van, mi\u00e9rt az Airmez Matrix 25000 kiv\u00e1l\u00f3 v\u00e1laszt\u00e1s:<\/p>\n<ul>\n<li><strong>Magas Tart\u00f3ss\u00e1g \u00e9s Hosszabb\u00edtott Haszn\u00e1lat<\/strong>: Az egyik leghosszabb \u00e9lettartam\u00fa eldobhat\u00f3 vape, amely t\u00f6k\u00e9letes a hosszabb vapeol\u00e1shoz, gyakori csere n\u00e9lk\u00fcl.<\/li>\n<li><strong>\u00cdz \u00e9s Teljes\u00edtm\u00e9ny<\/strong>: A kett\u0151s h\u00e1l\u00f3 tekercsek \u00e9s a k\u00fcl\u00f6nb\u00f6z\u0151 \u00edzprofilok biztos\u00edtj\u00e1k, hogy minden sz\u00edv\u00e1s ugyanolyan kiel\u00e9g\u00edt\u0151 legyen, mint az utols\u00f3, gazdag, \u00e1lland\u00f3 g\u0151ztermel\u00e9ssel.<\/li>\n<li><strong>K\u00f6rnyezettudatos tervez\u00e9s<\/strong>: A \u00fajrat\u00f6lthet\u0151 funkcionalit\u00e1s cs\u00f6kkenti a hullad\u00e9kot, lehet\u0151v\u00e9 t\u00e9ve, hogy \u00e9lvezze a kiv\u00e1l\u00f3 min\u0151s\u00e9g\u0171 k\u00e9sz\u00fcl\u00e9ket, mik\u00f6zben k\u00f6rnyezettudatos.<\/li>\n<li><strong>Exkluz\u00edv \u00e9s k\u00e9nyelmes hozz\u00e1f\u00e9r\u00e9s<\/strong>: V\u00e1s\u00e1roljon k\u00f6zvetlen\u00fcl a Casinovape-t\u00f3l, N\u00e9metorsz\u00e1g vezet\u0151 eldobhat\u00f3 vape keresked\u0151j\u00e9t\u0151l, \u00e9s biztos lehet abban, hogy eredeti term\u00e9keket kap, amelyeket s\u00fcrg\u0151sen sz\u00e1ll\u00edtunk eur\u00f3pai rakt\u00e1runkb\u00f3l.<\/li>\n<\/ul>\n<p>Az Airmez Matrix 25000-el tapasztalja meg az eldobhat\u00f3 g\u0151z\u00f6l\u00e9si technol\u00f3gia \u00e9s az \u00edz cs\u00facspontj\u00e1t egy eleg\u00e1ns, k\u00f6nnyen haszn\u00e1lhat\u00f3 k\u00e9sz\u00fcl\u00e9kben. L\u00e1togasson el <a href=\"https:\/\/casinovape.de\/hu\/\" target=\"_new\" rel=\"noopener\">Casinovape.de<\/a> Ma rendelje meg a saj\u00e1tj\u00e1t \u00e9s tapasztalja meg a v\u00e9gs\u0151 vape-\u00e9lm\u00e9nyt. \u00c9lvezze a gyors \u00e9s megb\u00edzhat\u00f3 sz\u00e1ll\u00edt\u00e1st 3-7 napon bel\u00fcl Eur\u00f3p\u00e1ban, minim\u00e1lis rendel\u00e9si mennyis\u00e9g n\u00e9lk\u00fcl.<\/p>\n<p>Minden g\u0151z\u00f6l\u00e9si ig\u00e9ny\u00e9re a Casinovape kiv\u00e1l\u00f3 v\u00e1laszt\u00e9kot \u00e9s elk\u00f6telezett szolg\u00e1ltat\u00e1st k\u00edn\u00e1l. Alak\u00edtsa \u00e1t g\u0151z\u00f6l\u00e9si \u00e9lm\u00e9ny\u00e9t az Airmez Matrix 25000-el \u00e9s \u00e9lvezze minden pillanatot.<\/p>\n<\/div>\n<\/div>\n<\/div>\n<\/div>\n<\/div>\n<input type=\"hidden\" name=\"trp-form-language\" value=\"hu\"\/><\/form>\n<\/div>\n<\/div>\n<div class=\"relative w-full px-2 py-2 text-center text-xs text-token-text-secondary empty:hidden md:px-[60px]\">\n<div class=\"min-h-4\">\n<div><\/div>\n<\/div>\n<\/div>\n<\/div>\n<\/div>","protected":false},"excerpt":{"rendered":"<p>Fedezze fel a hossz\u00fa \u00e9lettartam\u00fa <strong>Airmez Matrix 25000 Puffs<\/strong> \u00dajrat\u00f6lthet\u0151 Eldobhat\u00f3 Vape Toll a Casinovape.de-n - Eur\u00f3pa legjobb vape keresked\u0151j\u00e9n\u00e9l. \u00c9lvezze a pr\u00e9mium \u00edzeket, a fejlett technol\u00f3gi\u00e1t \u00e9s a gyors 3-7 napos sz\u00e1ll\u00edt\u00e1st!<\/p>","protected":false},"featured_media":1301,"comment_status":"open","ping_status":"closed","template":"","meta":[],"product_brand":[],"product_cat":[21,78,82,83,84,86,88,90,98,99,65,66,67,68,69,70,71,72,73,74,75,76,77,57,101,45,48,50,51,47,52,54],"product_tag":[],"class_list":{"0":"post-1265","1":"product","2":"type-product","3":"status-publish","4":"has-post-thumbnail","6":"product_cat-airmez-matrix-disposable-vapes","7":"product_cat-buy-best-disposable-vape-flavors","8":"product_cat-cherry-flavor-disposable-vapes","9":"product_cat-cola-flavor-disposable-vapes","10":"product_cat-grape-flavor-disposable-vapes","11":"product_cat-ice-flavor-disposable-vapes","12":"product_cat-lemon-flavor-disposable-vapes","13":"product_cat-mango-flavor-disposable-vapes","14":"product_cat-strawberry-flavor-disposable-vapes","15":"product_cat-watermelon-flavor-disposable-vapes","16":"product_cat-best-disposable-vape-in-europe","17":"product_cat-buy-disposable-vapes-in-austria","18":"product_cat-buy-disposable-vapes-in-belgium","19":"product_cat-buy-disposable-vapes-in-france","20":"product_cat-buy-disposable-vapes-in-germany","21":"product_cat-buy-disposable-vapes-in-italy","22":"product_cat-buy-disposable-vapes-in-netherlands","23":"product_cat-buy-disposable-vapes-in-norway","24":"product_cat-buy-disposable-vapes-in-poland","25":"product_cat-buy-disposable-vapes-in-portugal","26":"product_cat-buy-disposable-vapes-in-spain","27":"product_cat-buy-disposable-vapes-in-sweden","28":"product_cat-buy-disposable-vapes-in-switzerland","29":"product_cat-shop-disposable-vapes-by-puffs","30":"product_cat-25000-puff-disposable-vape","31":"product_cat-disposable-vape-types","32":"product_cat-big-puffs-disposable-vapes","33":"product_cat-digital-box-disposable-vapes","34":"product_cat-dual-mesh-disposable-vapes","35":"product_cat-full-screen-disposable-vapes","36":"product_cat-lower-nicotine-disposable-vapes","37":"product_cat-rechargeable-disposable-vapes","39":"first","40":"instock","41":"sale","42":"shipping-taxable","43":"purchasable","44":"product-type-variable"},"jetpack_sharing_enabled":true,"_links":{"self":[{"href":"https:\/\/casinovape.de\/hu\/wp-json\/wp\/v2\/product\/1265","targetHints":{"allow":["GET"]}}],"collection":[{"href":"https:\/\/casinovape.de\/hu\/wp-json\/wp\/v2\/product"}],"about":[{"href":"https:\/\/casinovape.de\/hu\/wp-json\/wp\/v2\/types\/product"}],"replies":[{"embeddable":true,"href":"https:\/\/casinovape.de\/hu\/wp-json\/wp\/v2\/comments?post=1265"}],"wp:featuredmedia":[{"embeddable":true,"href":"https:\/\/casinovape.de\/hu\/wp-json\/wp\/v2\/media\/1301"}],"wp:attachment":[{"href":"https:\/\/casinovape.de\/hu\/wp-json\/wp\/v2\/media?parent=1265"}],"wp:term":[{"taxonomy":"product_brand","embeddable":true,"href":"https:\/\/casinovape.de\/hu\/wp-json\/wp\/v2\/product_brand?post=1265"},{"taxonomy":"product_cat","embeddable":true,"href":"https:\/\/casinovape.de\/hu\/wp-json\/wp\/v2\/product_cat?post=1265"},{"taxonomy":"product_tag","embeddable":true,"href":"https:\/\/casinovape.de\/hu\/wp-json\/wp\/v2\/product_tag?post=1265"}],"curies":[{"name":"wp","href":"https:\/\/api.w.org\/{rel}","templated":true}]}}