{"id":13,"date":"2024-10-20T09:51:21","date_gmt":"2024-10-20T09:51:21","guid":{"rendered":"https:\/\/casinovape.de\/?page_id=13"},"modified":"2024-11-03T09:59:32","modified_gmt":"2024-11-03T09:59:32","slug":"casinovape-visszateritesi-szabalyzat","status":"publish","type":"page","link":"https:\/\/casinovape.de\/hu\/casinovape-visszateritesi-szabalyzat\/","title":{"rendered":"CasinoVape Visszat\u00e9r\u00edt\u00e9si Politika"},"content":{"rendered":"<p>A CasinoVape-n\u00e1l elk\u00f6telezettek vagyunk a pr\u00e9mium min\u0151s\u00e9g\u0171 eldobhat\u00f3 vape term\u00e9kek sz\u00e1ll\u00edt\u00e1sa \u00e9s az egyes v\u00e1s\u00e1rl\u00e1sokkal kapcsolatos el\u00e9gedetts\u00e9g biztos\u00edt\u00e1sa mellett. Visszat\u00e9r\u00edt\u00e9si \u00e9s p\u00e9nzvisszafizet\u00e9si politik\u00e1nk\u00e1t \u00fagy alak\u00edtottuk ki, hogy \u00e1tl\u00e1that\u00f3s\u00e1got \u00e9s tisztess\u00e9get szem el\u0151tt tartva, hogy \u00d6n magabiztosan v\u00e1s\u00e1rolhasson.<\/p>\r\n<hr \/>\r\n<h4>1. Megrendel\u00e9s t\u00f6rl\u00e9se \u00e9s visszat\u00e9r\u00edt\u00e9sre val\u00f3 jogosults\u00e1g<\/h4>\r\n<p>Ha t\u00f6r\u00f6lni k\u00edv\u00e1nja rendel\u00e9s\u00e9t, k\u00e9rj\u00fck, \u00e9rtes\u00edtsen benn\u00fcnket a v\u00e1s\u00e1rl\u00e1st\u00f3l sz\u00e1m\u00edtott 24 \u00f3r\u00e1n bel\u00fcl. Azokat a rendel\u00e9seket, amelyeket m\u00e9g nem dolgoztunk fel vagy nem sz\u00e1ll\u00edtottunk ki, teljes m\u00e9rt\u00e9kben visszat\u00e9r\u00edtj\u00fck. Sajnos, miut\u00e1n egy rendel\u00e9st feldolgoztunk vagy kisz\u00e1ll\u00edtottunk, azt m\u00e1r nem lehet t\u00f6r\u00f6lni.<\/p>\r\n<h4>2. Visszat\u00e9r\u00edt\u00e9sek a 24 \u00f3r\u00e1s ablak ut\u00e1n<\/h4>\r\n<p>A legt\u00f6bb rendel\u00e9s 24 \u00f3ra eltelt\u00e9vel l\u00e9p feldolgoz\u00e1sra.  R\u00e9szleges visszat\u00e9r\u00edt\u00e9s legfeljebb 50% lehet, ha a rendel\u00e9sed m\u00e9g nem ker\u00fclt kisz\u00e1ll\u00edt\u00e1sra, de feldolgoz\u00e1si d\u00edjat m\u00e1r vontak le.  A m\u00e1r kisz\u00e1ll\u00edtott rendel\u00e9sek visszav\u00e1lthatatlanok.<\/p>\r\n<h4>3. S\u00e9r\u00fclt vagy Hib\u00e1s Term\u00e9kek<\/h4>\r\n<p>Ha hib\u00e1s vagy s\u00e9r\u00fclt term\u00e9ket kap, k\u00e9rj\u00fck, vegye fel vel\u00fcnk a kapcsolatot a k\u00e9zhezv\u00e9telt\u0151l sz\u00e1m\u00edtott 7 napon bel\u00fcl. A k\u00f6vetel\u00e9s kezel\u00e9s\u00e9ben seg\u00edthet\u00fcnk, ha f\u00e9nyk\u00e9pes bizony\u00edt\u00e9kot k\u00e9r\u00fcnk a probl\u00e9ma \u00e9rt\u00e9kel\u00e9s\u00e9hez.  Az \u00e9rv\u00e9nyes k\u00f6vetel\u00e9sek teljes visszat\u00e9r\u00edt\u00e9sre vagy cser\u00e9re jogosultak, a rendelkez\u00e9sre \u00e1ll\u00e1st\u00f3l f\u00fcgg\u0151en.<\/p>\r\n<h4>4. V\u00e1m \u00e9s Sz\u00e1ll\u00edtm\u00e1nyoz\u00e1si Biztos\u00edt\u00e1s<\/h4>\r\n<p>Minden rendel\u00e9s biztos\u00edtva van a sz\u00e1ll\u00edt\u00e1s sor\u00e1n. Abban az esetben, ha a rendel\u00e9sedet a v\u00e1m lefoglalja \u00e9s a probl\u00e9ma nem oldhat\u00f3 meg \u00e9sszer\u0171 id\u0151n bel\u00fcl, teljes visszat\u00e9r\u00edt\u00e9st aj\u00e1nlunk fel.<\/p>\r\n<h4>5. Helytelen sz\u00e1ll\u00edt\u00e1si inform\u00e1ci\u00f3k<\/h4>\r\n<p>A v\u00e1s\u00e1rl\u00f3k felel\u0151sek a pontos sz\u00e1ll\u00edt\u00e1si inform\u00e1ci\u00f3k\u00e9rt. Minden olyan pontatlans\u00e1g, amely a visszak\u00fcld\u00e9shez vezet, tov\u00e1bbi sz\u00e1ll\u00edt\u00e1si k\u00f6lts\u00e9geket okozhat.<\/p>\r\n<h4>6. Nagy mennyis\u00e9g\u0171 rendel\u00e9sek visszat\u00e9r\u00edt\u00e9se<\/h4>\r\n<p>M\u00e1s visszat\u00e9r\u00edt\u00e9si felt\u00e9telek vonatkoznak a nagy mennyis\u00e9g\u0171 rendel\u00e9sekre. \u00c1ltal\u00e1ban a nagy mennyis\u00e9g\u0171 rendel\u00e9sek nem jogosultak visszat\u00e9r\u00edt\u00e9sre a sz\u00e1ll\u00edt\u00e1s ut\u00e1n, kiv\u00e9ve, ha igazolt min\u0151s\u00e9gi probl\u00e9ma van, vagy ha rossz term\u00e9keket sz\u00e1ll\u00edtottak.<\/p>\r\n<h4>7. Visszat\u00e9r\u00edt\u00e9s k\u00e9r\u00e9se<\/h4>\r\n<p>Visszat\u00e9r\u00edt\u00e9si ig\u00e9ny\u00e9nek kezdem\u00e9nyez\u00e9s\u00e9hez, k\u00e9rj\u00fck, vegye fel a kapcsolatot \u00fcgyf\u00e9lszolg\u00e1lati csapatunkkal a <a rel=\"noopener\">info@casinovape.de<\/a> rendel\u00e9si sz\u00e1m\u00e1val \u00e9s a probl\u00e9ma r\u00f6vid le\u00edr\u00e1s\u00e1val. K\u00e9rv\u00e9ny\u00e9t 3\u20135 munkanapon bel\u00fcl fel\u00fclvizsg\u00e1ljuk.<\/p>\r\n<p>A CasinoVape-on t\u00f6rt\u00e9n\u0151 v\u00e1s\u00e1rl\u00e1ssal \u00d6n elfogadja ezen visszat\u00e9r\u00edt\u00e9si felt\u00e9teleket. Ha tov\u00e1bbi k\u00e9rd\u00e9sei vannak, ne habozzon kapcsolatba l\u00e9pni vel\u00fcnk.<\/p>","protected":false},"excerpt":{"rendered":"<p>A CasinoVape-n\u00e1l elk\u00f6telezettek vagyunk a pr\u00e9mium min\u0151s\u00e9g\u0171 eldobhat\u00f3 vape term\u00e9kek sz\u00e1ll\u00edt\u00e1sa \u00e9s az egyes v\u00e1s\u00e1rl\u00e1sokkal kapcsolatos el\u00e9gedetts\u00e9g biztos\u00edt\u00e1sa mellett. Visszat\u00e9r\u00edt\u00e9si \u00e9s p\u00e9nzvisszafizet\u00e9si politik\u00e1nk\u00e1t \u00fagy alak\u00edtottuk ki, hogy \u00e1tl\u00e1that\u00f3s\u00e1g \u00e9s tisztess\u00e9g legyen a l\u00e9nyeg, hogy \u00d6n magabiztosan v\u00e1s\u00e1rolhasson. 1. Megrendel\u00e9s Lemond\u00e1sa \u00e9s Visszat\u00e9r\u00edt\u00e9sre Val\u00f3 Jogosults\u00e1g Ha t\u00f6r\u00f6lni szeretn\u00e9 a megrendel\u00e9s\u00e9t, k\u00e9rj\u00fck, \u00e9rtes\u00edtsen benn\u00fcnket 24 \u00f3r\u00e1n bel\u00fcl [\u2026]","protected":false},"author":1,"featured_media":0,"parent":0,"menu_order":0,"comment_status":"closed","ping_status":"closed","template":"page-blank-title-center.php","meta":{"footnotes":""},"class_list":["post-13","page","type-page","status-publish","hentry"],"jetpack_sharing_enabled":true,"_links":{"self":[{"href":"https:\/\/casinovape.de\/hu\/wp-json\/wp\/v2\/pages\/13","targetHints":{"allow":["GET"]}}],"collection":[{"href":"https:\/\/casinovape.de\/hu\/wp-json\/wp\/v2\/pages"}],"about":[{"href":"https:\/\/casinovape.de\/hu\/wp-json\/wp\/v2\/types\/page"}],"author":[{"embeddable":true,"href":"https:\/\/casinovape.de\/hu\/wp-json\/wp\/v2\/users\/1"}],"replies":[{"embeddable":true,"href":"https:\/\/casinovape.de\/hu\/wp-json\/wp\/v2\/comments?post=13"}],"version-history":[{"count":0,"href":"https:\/\/casinovape.de\/hu\/wp-json\/wp\/v2\/pages\/13\/revisions"}],"wp:attachment":[{"href":"https:\/\/casinovape.de\/hu\/wp-json\/wp\/v2\/media?parent=13"}],"curies":[{"name":"wp","href":"https:\/\/api.w.org\/{rel}","templated":true}]}}