{"id":1068,"date":"2024-10-20T13:11:21","date_gmt":"2024-10-20T13:11:21","guid":{"rendered":"https:\/\/casinovape.de\/?page_id=1068"},"modified":"2024-11-03T10:20:37","modified_gmt":"2024-11-03T10:20:37","slug":"vasaroljon-premium-eldobhato-vape-okat-europaban-a-sepa-qr-koddal-a-casinovape-nal","status":"publish","type":"page","link":"https:\/\/casinovape.de\/hu\/vasaroljon-premium-eldobhato-vape-okat-europaban-a-sepa-qr-koddal-a-casinovape-nal\/","title":{"rendered":"V\u00e1s\u00e1roljon pr\u00e9mium eldobhat\u00f3 vape-eket Eur\u00f3p\u00e1ban SEPA QR k\u00f3ddal a CasinoVape-n\u00e1l"},"content":{"rendered":"<p>\u00dcdv\u00f6z\u00f6lj\u00fck <strong>CasinoVape<\/strong> - c\u00e9lpontja a magas min\u0151s\u00e9g\u0171 eldobhat\u00f3 vape term\u00e9keknek N\u00e9metorsz\u00e1gb\u00f3l. B\u00fcszk\u00e9n k\u00edn\u00e1lunk pr\u00e9mium v\u00e1logat\u00e1st eldobhat\u00f3 e-cigarett\u00e1kb\u00f3l a legjobb m\u00e1rk\u00e1kt\u00f3l, mint p\u00e9ld\u00e1ul <strong>Al Fakher, Fizzy, OBEELAB HHC, and SMPO DL02<\/strong>K\u00f6nny\u0171 fizet\u00e9si lehet\u0151s\u00e9gekkel, bele\u00e9rtve a k\u00e9nyelmet is <strong>SEPA QR k\u00f3d<\/strong>A CasinoVape megk\u00f6nny\u00edti a bizalmat.<\/p>\n<h3>SEPA QR k\u00f3d fizet\u00e9s<\/h3>\n<p>Az SEPA (Single Euro Payments Area) QR-k\u00f3dos fizet\u00e9si rendszert sz\u00e9les k\u00f6rben haszn\u00e1lj\u00e1k Eur\u00f3p\u00e1ban, biztos\u00edtva egy biztons\u00e1gos \u00e9s gyors m\u00f3dszert a fizet\u00e9sek k\u00f6zvetlen\u00fcl a banksz\u00e1ml\u00e1r\u00f3l t\u00f6rt\u00e9n\u0151 teljes\u00edt\u00e9s\u00e9re. Ez a folyamat megsz\u00fcnteti a manu\u00e1lis bevitelt, cs\u00f6kkenti a hib\u00e1kat \u00e9s felgyors\u00edtja a p\u00e9nzt\u00e1ri folyamatot a QR-k\u00f3d k\u00f6zvetlen\u00fcl a banki alkalmaz\u00e1sb\u00f3l t\u00f6rt\u00e9n\u0151 beolvas\u00e1s\u00e1val. Az SEPA QR-k\u00f3d azonnal tov\u00e1bb\u00edtja a fizet\u00e9si r\u00e9szleteket (p\u00e9ld\u00e1ul az IBAN-t \u00e9s az \u00f6sszeget), biztos\u00edtva egy z\u00f6kken\u0151mentes \u00e9s gyors p\u00e9nzt\u00e1ri folyamatot.<\/p>\n<h3>Hogyan v\u00e1s\u00e1roljon eldobhat\u00f3 vape-eket SEPA QR k\u00f3ddal a CasinoVape-n\u00e1l<\/h3>\n<ol>\n<li><strong>Tall\u00f3z\u00e1s \u00e9s V\u00e1lassza ki Term\u00e9keit<\/strong><br \/>\nFedezze fel kiv\u00e1l\u00f3 min\u0151s\u00e9g\u0171, eldobhat\u00f3 vape term\u00e9keinket vezet\u0151 m\u00e1rk\u00e1kt\u00f3l. V\u00e1lassza ki a kedvenc \u00edzeit \u00e9s term\u00e9keit, majd adja hozz\u00e1 \u0151ket a kosar\u00e1hoz.<\/li>\n<li><strong>Kassz\u00e1hoz<\/strong><br \/>\nAmikor k\u00e9szen \u00e1ll, folytassa a p\u00e9nzt\u00e1rhoz \u00e9s v\u00e1lassza ki <strong>SEPA QR k\u00f3d<\/strong> mint fizet\u00e9si lehet\u0151s\u00e9get.<\/li>\n<li><strong>Nyissa meg a banki alkalmaz\u00e1st<\/strong><br \/>\nNyissa meg banki alkalmaz\u00e1s\u00e1t, \u00e9s l\u00e9pjen be a fi\u00f3kj\u00e1ba. \u00dcgyeljen arra, hogy ellen\u0151rizze, hogy bankja t\u00e1mogatja-e a SEPA QR-k\u00f3dos fizet\u00e9seket.<\/li>\n<li><strong>Olvasd be a QR k\u00f3dot<\/strong><br \/>\nA fizet\u00e9sn\u00e9l kapott SEPA QR-k\u00f3dot olvassa be alkalmaz\u00e1s\u00e1nak QR-k\u00f3d olvas\u00f3j\u00e1val. Ez automatikusan kit\u00f6lti a fizet\u00e9si r\u00e9szleteket, bele\u00e9rtve az IBAN-t \u00e9s a fizetend\u0151 \u00f6sszeget is.<\/li>\n<li><strong>Er\u0151s\u00edtse meg fizet\u00e9s\u00e9t<\/strong><br \/>\nTekintse \u00e1t \u00e9s er\u0151s\u00edtse meg a fizet\u00e9si r\u00e9szleteket a banki alkalmaz\u00e1s\u00e1ban. K\u00f6vesse a bank biztons\u00e1gi elj\u00e1r\u00e1sait a tranzakci\u00f3 hiteles\u00edt\u00e9s\u00e9hez \u00e9s befejez\u00e9s\u00e9hez.<\/li>\n<li><strong>Er\u0151s\u00edtse meg a fogad\u00e1st<\/strong><br \/>\nA fizet\u00e9s sikeres befejez\u00e9se ut\u00e1n e-mailben visszaigazol\u00e1st k\u00fcld\u00fcnk \u00d6nnek. Megrendel\u00e9s\u00e9t halad\u00e9ktalanul feldolgozzuk \u00e9s eur\u00f3pai rakt\u00e1runkb\u00f3l k\u00fcldj\u00fck ki, a sz\u00e1ll\u00edt\u00e1si id\u0151 \u00e1ltal\u00e1ban 3-7 nap k\u00f6z\u00e9 esik.<\/li>\n<\/ol>\n<h3>Mi\u00e9rt v\u00e1lassza a SEPA QR k\u00f3dot a CasinoVape-n\u00e9l?<\/h3>\n<ul>\n<li><strong>Hat\u00e9konys\u00e1g<\/strong>: Id\u0151t sp\u00f3rolhat a manu\u00e1lis bevitel kihagy\u00e1s\u00e1val - csak olvassa be, er\u0151s\u00edtse meg \u00e9s fizessen.<\/li>\n<li><strong>Biztons\u00e1g<\/strong>: A QR-k\u00f3dok titkos\u00edtottak, biztos\u00edtva a biztons\u00e1gos \u00e9s k\u00f6zvetlen bankk\u00f6zi tranzakci\u00f3t.<\/li>\n<li><strong>K\u00e9nyelem<\/strong>: Gyors, k\u00f6nny\u0171 fizet\u00e9sek feldolgoz\u00e1sa a SEPA h\u00e1l\u00f3zaton bel\u00fcl.<\/li>\n<li><strong>Sz\u00e9les K\u00f6rben Elfogadott<\/strong>: A legt\u00f6bb nagy eur\u00f3pai bank t\u00e1mogatja a SEPA QR-k\u00f3dos fizet\u00e9seket.<\/li>\n<\/ul>\n<h3>Mi\u00e9rt CasinoVape?<\/h3>\n<p>A CasinoVape-on\u00e1l  a legjobb min\u0151s\u00e9g\u0171 eldobhat\u00f3 vape-eket  versenyk\u00e9pes \u00e1rakon,  k\u00e9nyelmes funkci\u00f3kkal tal\u00e1lja meg,  amelyek c\u00e9lja, hogy a v\u00e1s\u00e1rl\u00e1si \u00e9lm\u00e9ny k\u00f6nny\u0171 \u00e9s \u00e9lvezetes legyen:<\/p>\n<ul>\n<li><strong>Versenyk\u00e9pes \u00c1rak<\/strong>: Szerezze be a legjobb \u00e1ron a vezet\u0151 m\u00e1rk\u00e1kat, mint p\u00e9ld\u00e1ul az Al Fakher, Fizzy, OBEELAB HHC \u00e9s SMPO DL02.<\/li>\n<li><strong>Nincs Minim\u00e1lis Rendel\u00e9s<\/strong>: Rendeljen ak\u00e1r csak 1 db vape-ot, vagy ak\u00e1r annyit, amennyit szeretne, nagyobb mennyis\u00e9g\u0171 v\u00e1s\u00e1rl\u00e1s eset\u00e9n pedig t\u00e9rfogati kedvezm\u00e9nyekkel.<\/li>\n<li><strong>Ingyenes Sz\u00e1ll\u00edt\u00e1si Lehet\u0151s\u00e9gek<\/strong>: \u00c9lvezze az ingyenes sz\u00e1ll\u00edt\u00e1st N\u00e9metorsz\u00e1gon bel\u00fcl a 49,99 \u20ac feletti rendel\u00e9sekhez \u00e9s az EU-ban a 99,99 \u20ac feletti rendel\u00e9sekhez.<\/li>\n<li><strong>Gyors EU-Sz\u00e9les K\u00f6r\u0171 Sz\u00e1ll\u00edt\u00e1s<\/strong>: Term\u00e9keinket eur\u00f3pai rakt\u00e1rakb\u00f3l sz\u00e1ll\u00edtjuk, \u00edgy rendel\u00e9s\u00e9t 3-7 napon bel\u00fcl megkapja.<\/li>\n<li><strong>Rugalmas Fizet\u00e9si Lehet\u0151s\u00e9gek<\/strong>: V\u00e1lasszon a PayPal, hitelk\u00e1rtya \u00e9s kriptovaluta fizet\u00e9sek k\u00f6z\u00fcl, vagy fejezze be tranzakci\u00f3j\u00e1t SEPA banksz\u00e1mla-\u00e1tutal\u00e1ssal.<\/li>\n<\/ul>\n<h3>K\u00e9sz a rendel\u00e9shez?<\/h3>\n<p>b\u00f6ng\u00e9sszen gy\u0171jtem\u00e9ny\u00fcnkben, tal\u00e1lja meg kedvenc vape \u00edzeit, \u00e9s tapasztalja meg a CasinoVape-nel val\u00f3 v\u00e1s\u00e1rl\u00e1s k\u00f6nny\u0171s\u00e9g\u00e9t \u00e9s k\u00e9nyelm\u00e9t. B\u00e1rmilyen k\u00e9rd\u00e9s vagy seg\u00edts\u00e9g eset\u00e9n forduljon csapatunkhoz a <strong><a rel=\"noopener\">info@casinovape.de<\/a><\/strong>.<\/p>","protected":false},"excerpt":{"rendered":"<p>\u00dcdv\u00f6z\u00f6lj\u00fck a CasinoVape-on - a n\u00e9metorsz\u00e1gi kiv\u00e1l\u00f3 min\u0151s\u00e9g\u0171 eldobhat\u00f3 vaperek c\u00e9lpontja. B\u00fcszk\u00e9n k\u00edn\u00e1lunk pr\u00e9mium v\u00e1logat\u00e1st eldobhat\u00f3 e-cigarett\u00e1kb\u00f3l olyan vezet\u0151 m\u00e1rk\u00e1kt\u00f3l, mint az Al Fakher, Fizzy, OBEELAB HHC \u00e9s SMPO DL02. A k\u00f6nny\u0171 fizet\u00e9si lehet\u0151s\u00e9gekkel, bele\u00e9rtve a SEPA QR-k\u00f3d k\u00e9nyelm\u00e9t is, a CasinoVape megk\u00f6nny\u00edti a bizalommal val\u00f3 v\u00e1s\u00e1rl\u00e1st. Mi az a SEPA [\u2026]","protected":false},"author":1,"featured_media":0,"parent":0,"menu_order":0,"comment_status":"closed","ping_status":"closed","template":"page-blank-title-center.php","meta":{"footnotes":""},"class_list":["post-1068","page","type-page","status-publish","hentry"],"jetpack_sharing_enabled":true,"_links":{"self":[{"href":"https:\/\/casinovape.de\/hu\/wp-json\/wp\/v2\/pages\/1068","targetHints":{"allow":["GET"]}}],"collection":[{"href":"https:\/\/casinovape.de\/hu\/wp-json\/wp\/v2\/pages"}],"about":[{"href":"https:\/\/casinovape.de\/hu\/wp-json\/wp\/v2\/types\/page"}],"author":[{"embeddable":true,"href":"https:\/\/casinovape.de\/hu\/wp-json\/wp\/v2\/users\/1"}],"replies":[{"embeddable":true,"href":"https:\/\/casinovape.de\/hu\/wp-json\/wp\/v2\/comments?post=1068"}],"version-history":[{"count":0,"href":"https:\/\/casinovape.de\/hu\/wp-json\/wp\/v2\/pages\/1068\/revisions"}],"wp:attachment":[{"href":"https:\/\/casinovape.de\/hu\/wp-json\/wp\/v2\/media?parent=1068"}],"curies":[{"name":"wp","href":"https:\/\/api.w.org\/{rel}","templated":true}]}}