{"id":1065,"date":"2024-10-20T13:01:04","date_gmt":"2024-10-20T13:01:04","guid":{"rendered":"https:\/\/casinovape.de\/?page_id=1065"},"modified":"2024-11-03T10:20:57","modified_gmt":"2024-11-03T10:20:57","slug":"vasaroljon-premium-eldobhato-vape-okat-europaban-hitelkartyaval-a-casinovape-nal","status":"publish","type":"page","link":"https:\/\/casinovape.de\/hu\/vasaroljon-premium-eldobhato-vape-okat-europaban-hitelkartyaval-a-casinovape-nal\/","title":{"rendered":"V\u00e1s\u00e1roljon pr\u00e9mium eldobhat\u00f3 vape-eket Eur\u00f3p\u00e1ban hitelk\u00e1rty\u00e1val a CasinoVape-n\u00e1l"},"content":{"rendered":"<div class=\"layoutkit-flexbox css-qyvfwg\">\n<div class=\"layoutkit-flexbox css-i80ya5\">\n<div tabindex=\"0\" data-testid=\"virtuoso-scroller\" data-virtuoso-scroller=\"true\">\n<div data-viewport-type=\"element\">\n<div data-testid=\"virtuoso-item-list\">\n<div data-index=\"2\" data-known-size=\"763\" data-item-index=\"2\">\n<div class=\"layoutkit-flexbox css-fwqjpa acss-1n37vm9\">\n<div class=\"layoutkit-flexbox css-9pyqzz acss-4ej7mt\">\n<div class=\"layoutkit-flexbox css-roa2v7 acss-lp0rhx\">\n<div class=\"layoutkit-flexbox css-o3n4io acss-1rt0pt\">\n<div id=\"4sPybgm6\" class=\"layoutkit-flexbox css-fr78qt\">\n<article class=\"acss-1fjdvz5\" data-code-type=\"markdown\">\n<div class=\"acss-1ixzzqn\">\n<p>\u00dcdv\u00f6z\u00f6lj\u00fck a CasinoVape-n\u00e1l, az \u00d6n legjobb online boltj\u00e1ban a kiv\u00e1l\u00f3 min\u0151s\u00e9g\u0171 eldobhat\u00f3 vape term\u00e9keknek Eur\u00f3p\u00e1ban. \u00dcgyf\u00e9lk\u00f6zpont\u00fa megk\u00f6zel\u00edt\u00e9s\u00fcnkkel a CasinoVape megk\u00f6nny\u00edti a legjobb m\u00e1rk\u00e1k, mint p\u00e9ld\u00e1ul az Al Fakher, Fizzy, OBEELAB HHC \u00e9s SMPO DL02 megv\u00e1s\u00e1rl\u00e1s\u00e1t. N\u00e9metorsz\u00e1gban sz\u00e9kel\u00fcnk, gyors \u00e9s k\u00e9nyelmes szolg\u00e1ltat\u00e1st ny\u00fajtunk az EU-s vapereknek, biztons\u00e1gos hitelk\u00e1rty\u00e1s fizet\u00e9sekkel, PayPallel \u00e9s m\u00e9g kriptovaluta opci\u00f3kkal is a z\u00f6kken\u0151mentes \u00e9s biztons\u00e1gos v\u00e1s\u00e1rl\u00e1si \u00e9lm\u00e9ny \u00e9rdek\u00e9ben.<\/p>\n<h3>Mi\u00e9rt v\u00e1lassza a CasinoVape-et?<\/h3>\n<p>A CasinoVape elk\u00f6telezett amellett, hogy pr\u00e9mium min\u0151s\u00e9g\u0171, eldobhat\u00f3 vape term\u00e9kek v\u00e1logatott k\u00edn\u00e1lat\u00e1t ny\u00fajtja, amelyek mindenf\u00e9le vapper ig\u00e9nyeit kiel\u00e9g\u00edtik. Term\u00e9keink k\u00fcl\u00f6nb\u00f6z\u0151 \u00edzekben \u00e9s nikotintartalmakban kaphat\u00f3k, biztos\u00edtva ezzel mindenki sz\u00e1m\u00e1ra \u00e9lvezetes tapasztalatot. \u00c9vek \u00f3ta tart\u00f3 szak\u00e9rtelm\u00fcnknek k\u00f6sz\u00f6nhet\u0151en megb\u00edzhat\u00f3s\u00e1gi \u00e9s kiv\u00e1l\u00f3s\u00e1gi h\u00edrnevet szerezt\u00fcnk mind a term\u00e9kmin\u0151s\u00e9g, mind az \u00fcgyf\u00e9lszolg\u00e1lat ter\u00e9n Eur\u00f3p\u00e1ban.<\/p>\n<h3>Biztons\u00e1gos \u00e9s rugalmas fizet\u00e9si lehet\u0151s\u00e9gek<\/h3>\n<p>Meg\u00e9rtj\u00fck, hogy a biztons\u00e1gos fizet\u00e9sek elengedhetetlenek. A CasinoVape t\u00e1mogatja a hitelk\u00e1rty\u00e1s fizet\u00e9seket (Visa, MasterCard), a PayPalt \u00e9s a kriptovalut\u00e1kat, hogy v\u00e1ltozatos, megb\u00edzhat\u00f3 \u00e9s rugalmas lehet\u0151s\u00e9geket ny\u00fajtson. Ezenk\u00edv\u00fcl az EU-n bel\u00fcli \u00fcgyfelek sz\u00e1m\u00e1ra a SEPA banksz\u00e1mla-\u00e1tutal\u00e1sok k\u00e9nyelmes alternat\u00edv\u00e1t jelentenek a z\u00f6kken\u0151mentes tranzakci\u00f3khoz.<\/p>\n<h3>Ingyenes \u00e9s gyors sz\u00e1ll\u00edt\u00e1s az EU-ban<\/h3>\n<p>A CasinoVape megb\u00edzhat\u00f3 sz\u00e1ll\u00edt\u00e1st garant\u00e1l eur\u00f3pai rakt\u00e1rainkb\u00f3l, a legt\u00f6bb rendel\u00e9s eset\u00e9ben 3-7 napos sz\u00e1ll\u00edt\u00e1si id\u0151vel. Hogy a v\u00e1s\u00e1rl\u00e1st m\u00e9g el\u0151ny\u00f6sebb\u00e9 tegy\u00fck, ingyenes sz\u00e1ll\u00edt\u00e1st k\u00edn\u00e1lunk 49,99 \u20ac feletti rendel\u00e9sek eset\u00e9n N\u00e9metorsz\u00e1gon bel\u00fcl \u00e9s 99,99 \u20ac feletti rendel\u00e9sek eset\u00e9n m\u00e1s EU-orsz\u00e1gokban. Gyors \u00e9s megb\u00edzhat\u00f3 sz\u00e1ll\u00edt\u00e1sunk biztos\u00edtja, hogy kedvenc term\u00e9kei a lehet\u0151 leggyorsabban meg\u00e9rkezzenek \u00d6nh\u00f6z.<\/p>\n<h3>Mi k\u00fcl\u00f6nb\u00f6zteti meg a CasinoVape-et?<\/h3>\n<p>\u00dcgyfeleink szeretik a k\u00e9nyelmet \u00e9s a min\u0151s\u00e9get, amelyet ny\u00fajtunk. A hat\u00e9kony szolg\u00e1ltat\u00e1sunkr\u00f3l, a versenyk\u00e9pes \u00e1rainkr\u00f3l \u00e9s a sz\u00e9les \u00edzv\u00e1laszt\u00e9kunkr\u00f3l \u00e9s st\u00edlusv\u00e1laszt\u00e9kunkr\u00f3l sz\u00f3l\u00f3 elismer\u0151 v\u00e9lem\u00e9nyek alapj\u00e1n a CasinoVape Eur\u00f3pa megb\u00edzhat\u00f3 forr\u00e1s\u00e1v\u00e1 v\u00e1lt az eldobhat\u00f3 vape term\u00e9keknek. \u00dcgyfeleink \u00e9rt\u00e9kelik az autentikus v\u00e9lem\u00e9nyeket, oldalunk k\u00f6nny\u0171 navig\u00e1lhat\u00f3s\u00e1g\u00e1t \u00e9s a bar\u00e1ts\u00e1gos \u00fcgyf\u00e9lszolg\u00e1latot, amelyet a CasinoVape folyamatosan ny\u00fajt.<\/p>\n<h3>Hogyan kezdje el a v\u00e1s\u00e1rl\u00e1st<\/h3>\n<p>K\u00e9szen \u00e1llsz a g\u0151z\u00f6l\u00e9si \u00e9lm\u00e9nyed fejleszt\u00e9s\u00e9re? Fedezd fel sz\u00e9lesk\u00f6r\u0171 eldobhat\u00f3 vape k\u00edn\u00e1latunkat a CasinoVape.de oldalon. Gy\u0171jtem\u00e9ny\u00fcnkben vezet\u0151 term\u00e9kek tal\u00e1lhat\u00f3k neves m\u00e1rk\u00e1kt\u00f3l, t\u00f6bbf\u00e9le sz\u00edv\u00e1si mennyis\u00e9gben \u00e9s \u00edzes\u00edt\u00e9si v\u00e1ltozatban. Ak\u00e1r \u00faj vagy a g\u0151z\u00f6l\u00e9sben, ak\u00e1r tapasztalt rajong\u00f3, a CasinoVape k\u00edn\u00e1l valamit mindenkinek.<\/p>\n<p>Term\u00e9kekkel, fizet\u00e9sekkel vagy sz\u00e1ll\u00edt\u00e1ssal kapcsolatos k\u00e9rd\u00e9sek eset\u00e9n ismeretekkel rendelkez\u0151 \u00fcgyf\u00e9lszolg\u00e1lati csapatunk csak egy e-mailre van t\u00e1vol <a rel=\"noopener\">info@casinovape.de<\/a>.<\/p>\n<\/div>\n<\/article>\n<\/div>\n<\/div>\n<\/div>\n<\/div>\n<\/div>\n<\/div>\n<\/div>\n<\/div>\n<\/div>\n<\/div>\n<\/div>","protected":false},"excerpt":{"rendered":"<p>\u00dcdv\u00f6z\u00f6lj\u00fck a CasinoVape-ban, az \u00d6n legjobb online boltj\u00e1ban a kiv\u00e1l\u00f3 min\u0151s\u00e9g\u0171 eldobhat\u00f3 vape term\u00e9keknek Eur\u00f3p\u00e1ban. \u00dcgyf\u00e9lk\u00f6zpont\u00fa megk\u00f6zel\u00edt\u00e9s\u00fcnkkel a CasinoVape megk\u00f6nny\u00edti a legjobb m\u00e1rk\u00e1k, mint p\u00e9ld\u00e1ul az Al Fakher, Fizzy, OBEELAB HHC \u00e9s SMPO DL02 megv\u00e1s\u00e1rl\u00e1s\u00e1t. N\u00e9metorsz\u00e1gban sz\u00e9kel\u00fcnk, gyors \u00e9s k\u00e9nyelmes szolg\u00e1ltat\u00e1st ny\u00fajtunk az EU-szerte \u00e9l\u0151 vapereknek, biztons\u00e1gos hitelk\u00e1rty\u00e1s fizet\u00e9sekkel, PayPal-lal \u00e9s [\u2026]","protected":false},"author":1,"featured_media":0,"parent":0,"menu_order":0,"comment_status":"closed","ping_status":"closed","template":"page-blank-title-center.php","meta":{"footnotes":""},"class_list":["post-1065","page","type-page","status-publish","hentry"],"jetpack_sharing_enabled":true,"_links":{"self":[{"href":"https:\/\/casinovape.de\/hu\/wp-json\/wp\/v2\/pages\/1065","targetHints":{"allow":["GET"]}}],"collection":[{"href":"https:\/\/casinovape.de\/hu\/wp-json\/wp\/v2\/pages"}],"about":[{"href":"https:\/\/casinovape.de\/hu\/wp-json\/wp\/v2\/types\/page"}],"author":[{"embeddable":true,"href":"https:\/\/casinovape.de\/hu\/wp-json\/wp\/v2\/users\/1"}],"replies":[{"embeddable":true,"href":"https:\/\/casinovape.de\/hu\/wp-json\/wp\/v2\/comments?post=1065"}],"version-history":[{"count":0,"href":"https:\/\/casinovape.de\/hu\/wp-json\/wp\/v2\/pages\/1065\/revisions"}],"wp:attachment":[{"href":"https:\/\/casinovape.de\/hu\/wp-json\/wp\/v2\/media?parent=1065"}],"curies":[{"name":"wp","href":"https:\/\/api.w.org\/{rel}","templated":true}]}}