{"id":1047,"date":"2024-10-20T10:03:57","date_gmt":"2024-10-20T10:03:57","guid":{"rendered":"https:\/\/casinovape.de\/?page_id=1047"},"modified":"2024-11-03T09:58:22","modified_gmt":"2024-11-03T09:58:22","slug":"casinovape-feltetelek","status":"publish","type":"page","link":"https:\/\/casinovape.de\/hu\/casinovape-feltetelek\/","title":{"rendered":"CasinoVape \u00c1ltal\u00e1nos Szerz\u0151d\u00e9si Felt\u00e9telek"},"content":{"rendered":"<ol>\n<li><strong>Alkalmaz\u00e1si k\u00f6r<\/strong><br \/>\nA CasinoVape weboldal\u00e1nak el\u00e9r\u00e9se \u00e9s szolg\u00e1ltat\u00e1sainak haszn\u00e1lata eset\u00e9n \u00d6n elfogadja ezeket a Felt\u00e9teleket \u00e9s Szab\u00e1lyokat, amelyek minden v\u00e1s\u00e1rl\u00e1sra alkalmazand\u00f3k \u00e9s az uni\u00f3s valamint a n\u00e9met jog hat\u00e1lya al\u00e1 tartoznak. K\u00e9rj\u00fck, hogy ha nem \u00e9rt egyet ezekkel a felt\u00e9telekkel, akkor tart\u00f3zkodjon szolg\u00e1ltat\u00e1saink haszn\u00e1lat\u00e1t\u00f3l.<\/li>\n<li><strong>\u00dczleti \u00e1ttekint\u00e9s<\/strong><br \/>\nA CasinoVape.de egy speci\u00e1lis online \u00e1ruh\u00e1z, amely pr\u00e9mium eldobhat\u00f3 e-cigarett\u00e1kra specializ\u00e1l\u00f3dott, bele\u00e9rtve az olyan m\u00e1rk\u00e1kat, mint az Al Fakher, a Fizzy, az OBEELAB HHC \u00e9s az SMPO DL02. Els\u0151dleges piacunk az uni\u00f3s kiskereskedelem, nincs minim\u00e1lis rendel\u00e9si mennyis\u00e9g. A rendel\u00e9sek eur\u00f3pai rakt\u00e1rakb\u00f3l indulnak, a sz\u00e1ll\u00edt\u00e1si id\u0151k 3-7 nap k\u00f6z\u00f6tt mozognak.<\/li>\n<li><strong>Nemzetk\u00f6zi rendel\u00e9sek<\/strong><br \/>\nAz EU-n bel\u00fcl sz\u00e1ll\u00edtunk, \u00e9s az \u00fcgyfelek felel\u0151sek az orsz\u00e1guk e-cigaretta szab\u00e1lyoz\u00e1s\u00e1nak ismeret\u00e9\u00e9rt \u00e9s betart\u00e1s\u00e1\u00e9rt. A CasinoVape nem felel\u0151s a helyi t\u00f6rv\u00e9nyek megs\u00e9rt\u00e9se miatt felmer\u00fcl\u0151 probl\u00e9m\u00e1k\u00e9rt.<\/li>\n<li><strong>Term\u00e9khaszn\u00e1lat<\/strong><br \/>\nTerm\u00e9keink kiz\u00e1r\u00f3lag feln\u0151tt haszn\u00e1latra szolg\u00e1lnak. A nikotin k\u00e1ros lehet, ez\u00e9rt haszn\u00e1lat el\u0151tt aj\u00e1nlott eg\u00e9szs\u00e9g\u00fcgyi szakemberrel konzult\u00e1lni. A v\u00e1s\u00e1rl\u00e1ssal \u00d6n elismeri, hogy saj\u00e1t felel\u0151ss\u00e9g\u00e9re haszn\u00e1lja term\u00e9keinket.<\/li>\n<li><strong>Szerz\u0151i jog \u00e9s szellemi tulajdon<\/strong><br \/>\nMinden tartalom ezen a weboldalon, bele\u00e9rtve a sz\u00f6veget, grafik\u00e1kat, log\u00f3kat \u00e9s k\u00e9peket, a CasinoVape tulajdona, amelyet nemzetk\u00f6zi szerz\u0151i jogi t\u00f6rv\u00e9nyek v\u00e9delmeznek. A tartalom csak rendel\u00e9si c\u00e9lb\u00f3l t\u00f6lthet\u0151 le vagy nyomtathat\u00f3 ki. Mindenf\u00e9le jogosulatlan sokszoros\u00edt\u00e1s vagy terjeszt\u00e9s tilos.<\/li>\n<li><strong>A felel\u0151ss\u00e9g korl\u00e1toz\u00e1sa<\/strong><br \/>\nA CasinoVape nem felel\u0151s az oldalunk vagy term\u00e9keink haszn\u00e1lat\u00e1b\u00f3l ered\u0151 k\u00f6zvetlen, k\u00f6zvetett, v\u00e9letlenszer\u0171 vagy k\u00f6vetkezm\u00e9nyes k\u00e1rok\u00e9rt, bele\u00e9rtve, de nem korl\u00e1tozva a bev\u00e9telkies\u00e9st, az adatkies\u00e9st vagy a term\u00e9k teljes\u00edtm\u00e9ny\u00e9vel kapcsolatos k\u00e1rokat.<\/li>\n<li><strong>J\u00f3t\u00e1ll\u00e1si nyilatkozat megtagad\u00e1sa<\/strong><br \/>\nA term\u00e9kek \"olyan \u00e1llapotban\" ker\u00fclnek biztos\u00edt\u00e1sra, ahogy vannak, kereskedelmi forgalomk\u00e9pess\u00e9gre, adott c\u00e9lra val\u00f3 alkalmass\u00e1gra vagy harmadik f\u00e9l jogainak megs\u00e9rt\u00e9s\u00e9re vonatkoz\u00f3 garancia n\u00e9lk\u00fcl.<\/li>\n<li><strong>Sz\u00e1ll\u00edt\u00e1s \u00e9s Visszat\u00e9r\u00edt\u00e9s<\/strong><br \/>\nA r\u00e9szletes sz\u00e1ll\u00edt\u00e1si, visszak\u00fcld\u00e9si \u00e9s j\u00f3t\u00e1ll\u00e1si ir\u00e1nyelvek\u00e9rt k\u00e9rj\u00fck, tekintse meg weboldalunk vonatkoz\u00f3 szakaszait. A v\u00e1s\u00e1rl\u00e1ssal \u00d6n elfogadja ezeket a felt\u00e9teleket.<\/li>\n<li><strong>Haszn\u00e1lat\u00e1nak Befejez\u00e9se<\/strong><br \/>\nA CasinoVape fenntartja mag\u00e1nak a jogot, hogy korl\u00e1tozza vagy megsz\u00fcntesse a weboldalhoz val\u00f3 hozz\u00e1f\u00e9r\u00e9st vagy a szolg\u00e1ltat\u00e1sokat, ha \u00d6n megs\u00e9rti ezeket a felt\u00e9teleket.<\/li>\n<li><strong>Ir\u00e1nyad\u00f3 Jog<\/strong><br \/>\nEzen felt\u00e9telek a n\u00e9met jog hat\u00e1lya al\u00e1 tartoznak. A vit\u00e1kat a n\u00e9met b\u00edr\u00f3s\u00e1gok b\u00edr\u00e1lj\u00e1k el.<\/li>\n<li><strong>K\u00e1rtalan\u00edt\u00e1s<\/strong><br \/>\n\u00d6n k\u00f6telezetts\u00e9get v\u00e1llal arra, hogy k\u00e1rtalan\u00edtja a CasinoVape-ot minden olyan ig\u00e9ny\u00e9rt, vesztes\u00e9g\u00e9rt, k\u00f6telezetts\u00e9g\u00e9rt \u00e9s k\u00f6lts\u00e9g\u00e9rt, bele\u00e9rtve a jogi k\u00f6lts\u00e9geket is, amelyek ezen felt\u00e9telek b\u00e1rmely megs\u00e9rt\u00e9s\u00e9b\u0151l vagy a weboldal vagy term\u00e9kek vissza\u00e9l\u00e9s\u00e9b\u0151l sz\u00e1rmaznak.<\/li>\n<li><strong>Kapcsolattart\u00e1si inform\u00e1ci\u00f3k<\/strong><br \/>\nK\u00e9rd\u00e9sek eset\u00e9n k\u00e9rj\u00fck, forduljon \u00fcgyf\u00e9lszolg\u00e1latunkhoz a <a rel=\"noopener\">info@casinovape.de<\/a>.<\/li>\n<\/ol>\n<p>K\u00f6sz\u00f6nj\u00fck, hogy a CasinoVape-et v\u00e1lasztotta! Nagyra \u00e9rt\u00e9kelj\u00fck a bizalm\u00e1t, \u00e9s \u00f6r\u00f6mmel szolg\u00e1ljuk ki \u00d6nt.<\/p>","protected":false},"excerpt":{"rendered":"<p>Alkalmaz\u00e1si k\u00f6r A CasinoVape weboldal\u00e1nak el\u00e9r\u00e9se \u00e9s szolg\u00e1ltat\u00e1sainak haszn\u00e1lata r\u00e9v\u00e9n \u00d6n elfogadja ezeket a Felt\u00e9teleket \u00e9s Felt\u00e9teleket, amelyek minden v\u00e1s\u00e1rl\u00e1sra alkalmazand\u00f3k \u00e9s az uni\u00f3s \u00e9s n\u00e9met jog hat\u00e1lya al\u00e1 tartoznak. K\u00e9rj\u00fck, tart\u00f3zkodjon szolg\u00e1ltat\u00e1saink haszn\u00e1lat\u00e1t\u00f3l, ha nem \u00e9rt egyet ezekkel a felt\u00e9telekkel.  \u00dczleti \u00e1ttekint\u00e9s A CasinoVape.de egy speci\u00e1lis online \u00e1ruh\u00e1z, amely pr\u00e9mium eldobhat\u00f3 e-cigarett\u00e1kra specializ\u00e1l\u00f3dott, bele\u00e9rtve [...]","protected":false},"author":1,"featured_media":0,"parent":0,"menu_order":0,"comment_status":"closed","ping_status":"closed","template":"page-blank-title-center.php","meta":{"footnotes":""},"class_list":["post-1047","page","type-page","status-publish","hentry"],"jetpack_sharing_enabled":true,"_links":{"self":[{"href":"https:\/\/casinovape.de\/hu\/wp-json\/wp\/v2\/pages\/1047","targetHints":{"allow":["GET"]}}],"collection":[{"href":"https:\/\/casinovape.de\/hu\/wp-json\/wp\/v2\/pages"}],"about":[{"href":"https:\/\/casinovape.de\/hu\/wp-json\/wp\/v2\/types\/page"}],"author":[{"embeddable":true,"href":"https:\/\/casinovape.de\/hu\/wp-json\/wp\/v2\/users\/1"}],"replies":[{"embeddable":true,"href":"https:\/\/casinovape.de\/hu\/wp-json\/wp\/v2\/comments?post=1047"}],"version-history":[{"count":0,"href":"https:\/\/casinovape.de\/hu\/wp-json\/wp\/v2\/pages\/1047\/revisions"}],"wp:attachment":[{"href":"https:\/\/casinovape.de\/hu\/wp-json\/wp\/v2\/media?parent=1047"}],"curies":[{"name":"wp","href":"https:\/\/api.w.org\/{rel}","templated":true}]}}