{"id":1042,"date":"2024-10-20T09:46:30","date_gmt":"2024-10-20T09:46:30","guid":{"rendered":"https:\/\/casinovape.de\/?page_id=1042"},"modified":"2024-11-03T10:00:04","modified_gmt":"2024-11-03T10:00:04","slug":"casinovape-szallitasi-szabalyzat","status":"publish","type":"page","link":"https:\/\/casinovape.de\/hu\/casinovape-szallitasi-szabalyzat\/","title":{"rendered":"CasinoVape Sz\u00e1ll\u00edt\u00e1si Politika"},"content":{"rendered":"<p>\u00dcdv\u00f6z\u00f6lj\u00fck a CasinoVape-n\u00e9l! Izgatottak vagyunk, hogy pr\u00e9mium eldobhat\u00f3 vape-eket hozunk \u00d6nnek olyan vezet\u0151 m\u00e1rk\u00e1kt\u00f3l, mint az Al Fakher, Fizzy, OBEELAB HHC \u00e9s SMPO DL02, egyenesen eur\u00f3pai rakt\u00e1runkb\u00f3l. Ak\u00e1r csak most ismerkedik az eldobhat\u00f3 vape-ek vil\u00e1g\u00e1val, ak\u00e1r tapasztalt rajong\u00f3, sz\u00e1ll\u00edt\u00e1si folyamatunkat \u00fagy tervezt\u00fck, hogy sima \u00e9s id\u0151ben t\u00f6rt\u00e9n\u0151 legyen.<\/p>\n<h3>Megrendel\u00e9s feldolgoz\u00e1si \u00e9s sz\u00e1ll\u00edt\u00e1si id\u0151k<\/h3>\n<ul>\n<li><strong>Feldolgoz\u00e1si Id\u0151<\/strong>: A rendel\u00e9seket 1-3 munkanapon bel\u00fcl feldolgozzuk. K\u00e9rj\u00fck, vegye figyelembe, hogy a h\u00e9tv\u00e9gi rendel\u00e9sek feldolgoz\u00e1sa a k\u00f6vetkez\u0151 h\u00e9tf\u0151n kezd\u0151dik.<\/li>\n<li><strong>Sz\u00e1ll\u00edt\u00e1si Id\u0151tartam<\/strong>: A feldolgoz\u00e1s ut\u00e1n a sz\u00e1ll\u00edt\u00e1s \u00e1ltal\u00e1ban 3-7 munkanapot vesz ig\u00e9nybe, a helyt\u0151l \u00e9s a kiv\u00e1lasztott sz\u00e1ll\u00edt\u00e1si m\u00f3dt\u00f3l f\u00fcgg\u0151en.<\/li>\n<\/ul>\n<h3>Sz\u00e1ll\u00edt\u00e1si K\u00f6lts\u00e9gek \u00e9s Ingyenes Sz\u00e1ll\u00edt\u00e1si K\u00fcsz\u00f6b\u00f6k<\/h3>\n<p>A v\u00e1s\u00e1rl\u00e1si \u00e9lm\u00e9ny\u00e9nek m\u00e9g jobb\u00e1 t\u00e9tel\u00e9hez ingyenes sz\u00e1ll\u00edt\u00e1st k\u00edn\u00e1lunk a min\u0151s\u00edt\u0151 megrendel\u00e9sekhez:<\/p>\n<ul>\n<li><strong>N\u00e9metorsz\u00e1gon bel\u00fcl<\/strong>: Ingyenes standard sz\u00e1ll\u00edt\u00e1s 49,99 \u20ac feletti rendel\u00e9sek eset\u00e9n.<\/li>\n<li><strong>Az EU-n bel\u00fcl<\/strong>: Ingyenes standard sz\u00e1ll\u00edt\u00e1s 99,99 \u20ac feletti rendel\u00e9sek eset\u00e9n.<\/li>\n<\/ul>\n<p>Ha a rendel\u00e9se nem \u00e9ri el ezeket a k\u00fcsz\u00f6b\u00f6ket, a standard sz\u00e1ll\u00edt\u00e1si d\u00edjak vonatkoznak r\u00e1, a hely\u00e9t\u0151l \u00e9s a kiv\u00e1lasztott sz\u00e1ll\u00edt\u00e1si lehet\u0151s\u00e9gekt\u0151l f\u00fcgg\u0151en.<\/p>\n<h3>Orsz\u00e1gok, amelyekbe sz\u00e1ll\u00edtunk<\/h3>\n<p>Sz\u00e1ll\u00edt\u00e1si szolg\u00e1ltat\u00e1saink k\u00f6zvetlen\u00fcl az al\u00e1bbi eur\u00f3pai orsz\u00e1gokat fedik le, az EU-ban tal\u00e1lhat\u00f3 rakt\u00e1rainkb\u00f3l:<\/p>\n<ul>\n<li><strong>N\u00e9metorsz\u00e1g, Ausztria, Belgium, Franciaorsz\u00e1g, Olaszorsz\u00e1g, \u00cdrorsz\u00e1g, Portug\u00e1lia, Spanyolorsz\u00e1g \u00e9s Hollandia<\/strong><\/li>\n<li><strong>\u00c9szak-Eur\u00f3pai R\u00e9gi\u00f3k<\/strong>: D\u00e1nia, Finnorsz\u00e1g, Sv\u00e9dorsz\u00e1g<\/li>\n<li><strong>K\u00f6z\u00e9p- \u00e9s Kelet-Eur\u00f3pa<\/strong>: Csehorsz\u00e1g, Magyarorsz\u00e1g, Szlov\u00e1kia, Szlov\u00e9nia, Lengyelorsz\u00e1g, Horv\u00e1torsz\u00e1g, Bulg\u00e1ria, Litv\u00e1nia, Lettorsz\u00e1g, \u00c9sztorsz\u00e1g \u00e9s G\u00f6r\u00f6gorsz\u00e1g<\/li>\n<\/ul>\n<p>Ha az \u00d6n orsz\u00e1g\u00e1ban nincs felsorolva, akkor is lehets\u00e9ges, hogy sz\u00e1ll\u00edtunk \u00d6nnek. K\u00e9rj\u00fck, vegye fel vel\u00fcnk a kapcsolatot <a rel=\"noopener\">info@casinovape.de<\/a> a rendelkez\u00e9sre \u00e1ll\u00f3 lehet\u0151s\u00e9gek \u00e9s \u00e1rak meger\u0151s\u00edt\u00e9se \u00e9rdek\u00e9ben.<\/p>\n<h3>Rendel\u00e9s M\u00f3dos\u00edt\u00e1sok \u00e9s Lemond\u00e1sok<\/h3>\n<p>Megv\u00e1ltoztathatja vagy t\u00f6r\u00f6lheti a rendel\u00e9s\u00e9t mindaddig, am\u00edg azt m\u00e9g nem sz\u00e1ll\u00edtott\u00e1k ki. Miut\u00e1n a rendel\u00e9st kisz\u00e1ll\u00edtott\u00e1k, tov\u00e1bbi m\u00f3dos\u00edt\u00e1sokat, bele\u00e9rtve a c\u00edmv\u00e1ltoztat\u00e1st vagy a t\u00f6rl\u00e9st, nem lehet v\u00e9grehajtani.<\/p>\n<h3>Rendel\u00e9sk\u00f6vet\u00e9s<\/h3>\n<p>Miut\u00e1n a rendel\u00e9sed kisz\u00e1ll\u00edtott\u00e1k, kapsz egy e-mailt egy nyomonk\u00f6vet\u00e9si linkkel. A csomagod halad\u00e1s\u00e1t figyelheted kereszt\u00fcl <a href=\"https:\/\/www.17track.net\" target=\"_new\" rel=\"noopener\">17track.net<\/a>, amely val\u00f3s idej\u0171 nyomk\u00f6vet\u00e9si friss\u00edt\u00e9seket biztos\u00edt. Vegye figyelembe, hogy a nyomk\u00f6vet\u00e9si inform\u00e1ci\u00f3k ak\u00e1r 48 \u00f3r\u00e1t is ig\u00e9nybe vehetnek, am\u00edg akt\u00edvv\u00e1 v\u00e1lnak.<\/p>\n<h3>Fizet\u00e9si lehet\u0151s\u00e9gek<\/h3>\n<p>Rugalmas fizet\u00e9si m\u00f3dokat k\u00edn\u00e1lunk, bele\u00e9rtve:<\/p>\n<ul>\n<li><strong>Hitelk\u00e1rtya \u00e9s PayPal<\/strong> biztons\u00e1gos, k\u00e9nyelmes tranzakci\u00f3khoz.<\/li>\n<li><strong>Kriptovaluta<\/strong> azok sz\u00e1m\u00e1ra, akik a blokkl\u00e1nc alap\u00fa fizet\u00e9seket el\u0151nyben r\u00e9szes\u00edtik.<\/li>\n<li><strong>SEPA banksz\u00e1mla-\u00e1tutal\u00e1s<\/strong> k\u00fcl\u00f6nb\u00f6z\u0151 eur\u00f3pai orsz\u00e1gok \u00fcgyfelei sz\u00e1m\u00e1ra.<\/li>\n<\/ul>\n<h3>L\u00e9pjen Kapcsolatba Vel\u00fcnk<\/h3>\n<p>K\u00e9rd\u00e9sek vagy seg\u00edts\u00e9g eset\u00e9n dedik\u00e1lt \u00fcgyf\u00e9lszolg\u00e1lati csapatunk itt van, hogy seg\u00edtsen. K\u00e9rj\u00fck, b\u00e1tran forduljon hozz\u00e1nk: <a rel=\"noopener\">info@casinovape.de<\/a>Elk\u00f6telezettek vagyunk amellett, hogy a lehet\u0151 legjobb szolg\u00e1ltat\u00e1st ny\u00fajtsuk \u00d6nnek a g\u0151z\u00f6l\u00e9si \u00e9lm\u00e9ny\u00e9nek jav\u00edt\u00e1sa \u00e9rdek\u00e9ben.<\/p>\n<p>K\u00f6sz\u00f6nj\u00fck, hogy a CasinoVape-ot v\u00e1lasztotta, ahol a pr\u00e9mium eldobhat\u00f3 vape term\u00e9kek gyors \u00e9s megb\u00edzhat\u00f3 sz\u00e1ll\u00edt\u00e1ssal p\u00e1rosulnak eg\u00e9sz Eur\u00f3p\u00e1ban. \u00c9lvezze a vape utaz\u00e1st vel\u00fcnk!<\/p>","protected":false},"excerpt":{"rendered":"<p>\u00dcdv\u00f6z\u00f6lj\u00fck a CasinoVape-n!  Izgatottak vagyunk, hogy pr\u00e9mium eldobhat\u00f3 vape-eket hozunk \u00d6nnek olyan vezet\u0151 m\u00e1rk\u00e1kt\u00f3l, mint az Al Fakher, Fizzy, OBEELAB HHC \u00e9s SMPO DL02, k\u00f6zvetlen\u00fcl eur\u00f3pai rakt\u00e1runkb\u00f3l sz\u00e1ll\u00edtva. Ak\u00e1r csak most ismerkedik az eldobhat\u00f3 vape-ek vil\u00e1g\u00e1val, ak\u00e1r tapasztalt rajong\u00f3, sz\u00e1ll\u00edt\u00e1si folyamatunkat \u00fagy tervezt\u00fck, hogy sima \u00e9s id\u0151ben t\u00f6rt\u00e9n\u0151 legyen. Rendel\u00e9sfeldolgoz\u00e1s \u00e9s [\u2026]","protected":false},"author":1,"featured_media":0,"parent":0,"menu_order":0,"comment_status":"closed","ping_status":"closed","template":"page-blank-title-center.php","meta":{"footnotes":""},"class_list":["post-1042","page","type-page","status-publish","hentry"],"jetpack_sharing_enabled":true,"_links":{"self":[{"href":"https:\/\/casinovape.de\/hu\/wp-json\/wp\/v2\/pages\/1042","targetHints":{"allow":["GET"]}}],"collection":[{"href":"https:\/\/casinovape.de\/hu\/wp-json\/wp\/v2\/pages"}],"about":[{"href":"https:\/\/casinovape.de\/hu\/wp-json\/wp\/v2\/types\/page"}],"author":[{"embeddable":true,"href":"https:\/\/casinovape.de\/hu\/wp-json\/wp\/v2\/users\/1"}],"replies":[{"embeddable":true,"href":"https:\/\/casinovape.de\/hu\/wp-json\/wp\/v2\/comments?post=1042"}],"version-history":[{"count":0,"href":"https:\/\/casinovape.de\/hu\/wp-json\/wp\/v2\/pages\/1042\/revisions"}],"wp:attachment":[{"href":"https:\/\/casinovape.de\/hu\/wp-json\/wp\/v2\/media?parent=1042"}],"curies":[{"name":"wp","href":"https:\/\/api.w.org\/{rel}","templated":true}]}}