{"id":1027,"date":"2024-10-20T09:27:32","date_gmt":"2024-10-20T09:27:32","guid":{"rendered":"https:\/\/casinovape.de\/?page_id=1027"},"modified":"2024-11-03T10:00:46","modified_gmt":"2024-11-03T10:00:46","slug":"casinovape-fizetesi-modok","status":"publish","type":"page","link":"https:\/\/casinovape.de\/hu\/casinovape-fizetesi-modok\/","title":{"rendered":"CasinoVape Fizet\u00e9si M\u00f3dok"},"content":{"rendered":"<p>A CasinoVape-n\u00e1l els\u0151bbs\u00e9get \u00e9lvez a sz\u00e1modra t\u00f6rt\u00e9n\u0151 z\u00f6kken\u0151mentes \u00e9s biztons\u00e1gos v\u00e1s\u00e1rl\u00e1si \u00e9lm\u00e9ny biztos\u00edt\u00e1sa. C\u00e9lunk, hogy k\u00e9nyelmes \u00e9s megb\u00edzhat\u00f3 fizet\u00e9si lehet\u0151s\u00e9geket k\u00edn\u00e1ljunk neked, hogy k\u00f6nnyen megv\u00e1s\u00e1rolhasd kedvenc pr\u00e9mium eldobhat\u00f3 vape term\u00e9keidet.<\/p>\n<h3>Hitelk\u00e1rty\u00e1k<\/h3>\n<p>Elfogadjuk a legt\u00f6bb nagyobb hitelk\u00e1rty\u00e1t, ami gyors \u00e9s egyszer\u0171 fizet\u00e9si m\u00f3dot biztos\u00edt \u00d6nnek. Csak v\u00e1lassza ki term\u00e9keit, fizessen a prefer\u00e1lt k\u00e1rty\u00e1j\u00e1val, \u00e9s \u00e9lvezze a gyors rendel\u00e9s feldolgoz\u00e1st, hogy id\u0151ben k\u00e9zhez kapja a term\u00e9keket.<\/p>\n<h3>PayPal<\/h3>\n<p>A biztons\u00e1gra \u00e9s a k\u00e9nyelemre nagy hangs\u00falyt fektet\u0151 \u00fcgyfeleink sz\u00e1m\u00e1ra a PayPal fizet\u00e9si lehet\u0151s\u00e9get biztos\u00edtjuk. A PayPal garant\u00e1lja, hogy fizet\u00e9sei biztons\u00e1gosak, \u00e9s sz\u00e9lesk\u00f6r\u0171 vev\u0151v\u00e9delemmel szolg\u00e1l, lehet\u0151v\u00e9 t\u00e9ve, hogy magabiztosan \u00e9s nyugodt sz\u00edvvel v\u00e1s\u00e1roljon.<\/p>\n<h3>Kriptovaluta<\/h3>\n<p>\u00d6lelj\u00e9k \u00e1t a digit\u00e1lis valut\u00e1k el\u0151nyeit! A CasinoVape-n\u00e1l elfogadjuk a kriptovalut\u00e1kat, \u00edgy hozz\u00e1f\u00e9r\u00e9st biztos\u00edtunk egy modern \u00e9s decentraliz\u00e1lt fizet\u00e9si m\u00f3dhoz. \u00c9lvezze a nagyobb adatv\u00e9delmet \u00e9s a nagyobb rugalmass\u00e1got, ha ezt a lehet\u0151s\u00e9get v\u00e1lasztja.<\/p>\n<h3>SEPA banksz\u00e1mla-\u00e1tutal\u00e1s<\/h3>\n<p>Az Eur\u00f3pai Uni\u00f3ban \u00e9l\u0151 \u00fcgyfeleink sz\u00e1m\u00e1ra SEPA banksz\u00e1mla-\u00e1tutal\u00e1st k\u00edn\u00e1lunk, amely lehet\u0151v\u00e9 teszi a megfizethet\u0151 \u00e9s k\u00f6zvetlen fizet\u00e9seket az eur\u00f3\u00f6vezetben. Ez a m\u00f3dszer ide\u00e1lis, ha a bankalap\u00fa tranzakci\u00f3kat alacsony \u00e1tutal\u00e1si d\u00edjakkal prefer\u00e1lja.<\/p>\n<h3>\u00dcgyf\u00e9lszolg\u00e1lat<\/h3>\n<p>Ha k\u00e9rd\u00e9sei vannak fizet\u00e9si lehet\u0151s\u00e9geinkkel kapcsolatban, vagy speci\u00e1lis seg\u00edts\u00e9gre van sz\u00fcks\u00e9ge, akkor dedik\u00e1lt \u00fcgyf\u00e9lszolg\u00e1lati csapatunk itt van, hogy seg\u00edtsen. Nyugodtan forduljon hozz\u00e1nk e-mailben: <a rel=\"noopener\">info@casinovape.de<\/a>\u00e9s sz\u00edvesen seg\u00edt\u00fcnk \u00d6nnek.<\/p>\n<p><strong>Sz\u00e1ll\u00edt\u00e1s \u00e9s k\u00e9zbes\u00edt\u00e9s<\/strong> Eur\u00f3pai rakt\u00e1runkb\u00f3l sz\u00e1ll\u00edtunk, \u00edgy a k\u00e9zbes\u00edt\u00e9s 3-7 napon bel\u00fcl t\u00f6rt\u00e9nik. N\u00e9metorsz\u00e1gban a 49,99 \u20ac feletti rendel\u00e9sek ingyenesen sz\u00e1llnak; EU-s rendel\u00e9sek eset\u00e9ben 99,99 \u20ac feletti v\u00e1s\u00e1rl\u00e1sok eset\u00e9n \u00e9lvezze az ingyenes sz\u00e1ll\u00edt\u00e1st.<\/p>\n<p>K\u00f6sz\u00f6nj\u00fck, hogy a CasinoVape-ot v\u00e1lasztotta.  Nagy v\u00e1rakoz\u00e1ssal tekint\u00fcnk el\u0151re, hogy pr\u00e9mium v\u00e1s\u00e1rl\u00e1si \u00e9lm\u00e9nyt ny\u00fajthassunk \u00d6nnek!<\/p>","protected":false},"excerpt":{"rendered":"<p>A CasinoVape-n\u00e1l els\u0151bbs\u00e9get \u00e9lvez a z\u00f6kken\u0151mentes \u00e9s biztons\u00e1gos v\u00e1s\u00e1rl\u00e1si \u00e9lm\u00e9ny biztos\u00edt\u00e1sa. C\u00e9lunk, hogy k\u00e9nyelmes \u00e9s megb\u00edzhat\u00f3 fizet\u00e9si lehet\u0151s\u00e9geket k\u00edn\u00e1ljunk \u00d6nnek, hogy k\u00f6nnyen megv\u00e1s\u00e1rolhassa kedvenc pr\u00e9mium eldobhat\u00f3 vape term\u00e9keit.  Hitelk\u00e1rty\u00e1k Elfogadjuk az \u00f6sszes nagyobb hitelk\u00e1rty\u00e1t, ami gyors \u00e9s egyszer\u0171 fizet\u00e9si m\u00f3dot biztos\u00edt. Csak v\u00e1lassza ki term\u00e9keit, fizessen [\u2026]","protected":false},"author":1,"featured_media":0,"parent":0,"menu_order":0,"comment_status":"closed","ping_status":"closed","template":"page-blank-title-center.php","meta":{"footnotes":""},"class_list":["post-1027","page","type-page","status-publish","hentry"],"jetpack_sharing_enabled":true,"_links":{"self":[{"href":"https:\/\/casinovape.de\/hu\/wp-json\/wp\/v2\/pages\/1027","targetHints":{"allow":["GET"]}}],"collection":[{"href":"https:\/\/casinovape.de\/hu\/wp-json\/wp\/v2\/pages"}],"about":[{"href":"https:\/\/casinovape.de\/hu\/wp-json\/wp\/v2\/types\/page"}],"author":[{"embeddable":true,"href":"https:\/\/casinovape.de\/hu\/wp-json\/wp\/v2\/users\/1"}],"replies":[{"embeddable":true,"href":"https:\/\/casinovape.de\/hu\/wp-json\/wp\/v2\/comments?post=1027"}],"version-history":[{"count":0,"href":"https:\/\/casinovape.de\/hu\/wp-json\/wp\/v2\/pages\/1027\/revisions"}],"wp:attachment":[{"href":"https:\/\/casinovape.de\/hu\/wp-json\/wp\/v2\/media?parent=1027"}],"curies":[{"name":"wp","href":"https:\/\/api.w.org\/{rel}","templated":true}]}}