{"id":1024,"date":"2024-10-20T08:30:15","date_gmt":"2024-10-20T08:30:15","guid":{"rendered":"https:\/\/casinovape.de\/?page_id=1024"},"modified":"2024-11-03T09:21:15","modified_gmt":"2024-11-03T09:21:15","slug":"gyakori-kerdesek","status":"publish","type":"page","link":"https:\/\/casinovape.de\/hu\/gyakori-kerdesek\/","title":{"rendered":"GYIK"},"content":{"rendered":"<p><strong>Milyen eldobhat\u00f3 e-cigaretta m\u00e1rk\u00e1kat k\u00edn\u00e1lnak?<\/strong><br \/>\nA CasinoVape-on b\u00fcszk\u00e9n mutatjuk be a pr\u00e9mium eldobhat\u00f3 e-cigarett\u00e1k v\u00e1logatott k\u00edn\u00e1lat\u00e1t, k\u00f6zt\u00fck olyan ismert m\u00e1rk\u00e1kat, mint az Al Fakher, a Fizzy, az OBEELAB HHC \u00e9s az SMPO DL02.  Term\u00e9keink k\u00f6z\u00f6tt megtal\u00e1lhat\u00f3ak az eur\u00f3pai piacon jelenleg legn\u00e9pszer\u0171bb t\u00edpusok, amelyek garant\u00e1lj\u00e1k, hogy minden sz\u00edv\u00e1ssal kiv\u00e9teles min\u0151s\u00e9get \u00e9s \u00edzt tapasztaljon.<\/p>\n<p><strong>2. K\u00edn\u00e1lnak t\u00f6meges kedvezm\u00e9nyeket vagy viszontelad\u00f3i lehet\u0151s\u00e9geket?<\/strong><br \/>\nTerm\u00e9szetesen! \u00dczleti modell\u00fcnk c\u00e9lja, hogy vonz\u00f3 \u00e1rakat biztos\u00edtson a nagy mennyis\u00e9g\u0171 v\u00e1s\u00e1rl\u00e1sokhoz. Legyen ak\u00e1r kiskeresked\u0151, ak\u00e1r forgalmaz\u00f3, versenyk\u00e9pes \u00e1rakat \u00e9s kedvez\u0151 felt\u00e9teleket k\u00edn\u00e1lunk a nagy rendel\u00e9sekhez, lehet\u0151v\u00e9 t\u00e9ve a profitmargin maximaliz\u00e1l\u00e1s\u00e1t.<\/p>\n<p><strong>3. Mely orsz\u00e1gokba sz\u00e1ll\u00edtanak?<\/strong><br \/>\nAz Eur\u00f3pai Uni\u00f3 legt\u00f6bb orsz\u00e1g\u00e1ba sz\u00e1ll\u00edtunk, bele\u00e9rtve N\u00e9metorsz\u00e1got, Franciaorsz\u00e1got, Olaszorsz\u00e1got, Spanyolorsz\u00e1got \u00e9s Hollandi\u00e1t is. C\u00e9lunk, hogy pr\u00e9mium term\u00e9keinket a lehet\u0151 legt\u00f6bb v\u00e1s\u00e1rl\u00f3 sz\u00e1m\u00e1ra el\u00e9rhet\u0151v\u00e9 tegy\u00fck Eur\u00f3p\u00e1ban.<\/p>\n<p><strong>4. Milyen fizet\u00e9si m\u00f3dokat fogad el?<\/strong><br \/>\nA CasinoVape a fizet\u00e9si m\u00f3dok sz\u00e9les sk\u00e1l\u00e1j\u00e1t fogadja el, hogy biztos\u00edtsa a z\u00f6kken\u0151mentes v\u00e1s\u00e1rl\u00e1si \u00e9lm\u00e9nyt. Fizethet hitelk\u00e1rty\u00e1val, PayPallal \u00e9s kriptovalut\u00e1kkal. Ezenk\u00edv\u00fcl k\u00fcl\u00f6nb\u00f6z\u0151 eur\u00f3pai orsz\u00e1gok \u00fcgyfelei SEPA banksz\u00e1mla-\u00e1tutal\u00e1ssal is befejezhetik a tranzakci\u00f3kat.<\/p>\n<p><strong>5. Mennyi ideig tart a sz\u00e1ll\u00edt\u00e1s?<\/strong><br \/>\nA sz\u00e1ll\u00edt\u00e1si id\u0151k az \u00d6n hely\u00e9t\u0151l \u00e9s a rendel\u00e9s m\u00e9ret\u00e9t\u0151l f\u00fcgg\u0151en v\u00e1ltozhatnak. \u00c1ltal\u00e1ban a rendel\u00e9seket eur\u00f3pai rakt\u00e1runkb\u00f3l 3-7 napon bel\u00fcl k\u00fcldj\u00fck ki, \u00edgy \u00d6n k\u00e9sedelem n\u00e9lk\u00fcl elkezdheti \u00e9lvezni term\u00e9keit.<\/p>\n<p><strong>6. Eredetiek a term\u00e9keitek?<\/strong><br \/>\nIgen, a CasinoVape-n\u00e1l \u00e9rt\u00e9kes\u00edtett \u00f6sszes term\u00e9k 100%-ban eredeti. Az eldobhat\u00f3 e-cigarett\u00e1kat k\u00f6zvetlen\u00fcl a gy\u00e1rt\u00f3kt\u00f3l vagy azok hivatalos k\u00e9pvisel\u0151it\u0151l szerezz\u00fck be, garant\u00e1lva ezzel az \u00fcgyfelek sz\u00e1m\u00e1ra a legmagasabb min\u0151s\u00e9get.<\/p>\n<p><strong>7. Van-e minim\u00e1lis rendel\u00e9si mennyis\u00e9g (MOQ)?<\/strong><br \/>\nNincs minim\u00e1lis rendel\u00e9si mennyis\u00e9g a CasinoVape-n\u00e1l! Egy darabot\u00f3l is rendelhet, \u00edgy aj\u00e1nlataink vonz\u00f3ak mind az egy\u00e9ni v\u00e1s\u00e1rl\u00f3k, mind a nagyobb \u00fcgyfelek sz\u00e1m\u00e1ra.<\/p>\n<p><strong>8. Rendel\u00e9sk\u00f6vet\u00e9st biztos\u00edtanak?<\/strong><br \/>\nIgen! Miut\u00e1n a rendel\u00e9sedet elk\u00fcldj\u00fck, e-mailben kapsz egy nyomonk\u00f6vet\u00e9si sz\u00e1mot, amely lehet\u0151v\u00e9 teszi, hogy val\u00f3s id\u0151ben figyelemmel k\u00eds\u00e9rhesd a kisz\u00e1ll\u00edt\u00e1s folyamat\u00e1t.<\/p>\n<p><strong>9. Vissza tudom-e cser\u00e9lni vagy visszavinni a term\u00e9keket?<\/strong><br \/>\nK\u00e1rosodott vagy hib\u00e1s term\u00e9kek eset\u00e9ben elfogadjuk a visszav\u00e9telt vagy cser\u00e9t. Ha b\u00e1rmilyen probl\u00e9m\u00e1t tapasztal, k\u00e9rj\u00fck, hogy a rendel\u00e9s k\u00e9zhezv\u00e9tel\u00e9t\u0151l sz\u00e1m\u00edtott 7 napon bel\u00fcl l\u00e9pjen kapcsolatba \u00fcgyf\u00e9lszolg\u00e1lati csapatunkkal a folyamat elind\u00edt\u00e1sa \u00e9rdek\u00e9ben.<\/p>\n<p><strong>10. \u00dcgyf\u00e9lszolg\u00e1latot ny\u00fajt-e?<\/strong><br \/>\nTerm\u00e9szetesen! \u00dcgyf\u00e9lszolg\u00e1lati csapatunk itt van, hogy seg\u00edtsen \u00d6nnek b\u00e1rmilyen k\u00e9rd\u00e9sben, amely term\u00e9keinkkel, rendel\u00e9seivel vagy \u00e1ltal\u00e1nos \u00e9rdekl\u0151d\u00e9si k\u00f6r\u00e9vel kapcsolatos. El\u00e9rhet benn\u00fcnket <a rel=\"noopener\">info@casinovape.de<\/a> Seg\u00edts\u00e9g k\u00e9r\u00e9s\u00e9hez.<\/p>","protected":false},"excerpt":{"rendered":"<p>1. Milyen m\u00e1rk\u00e1j\u00fa eldobhat\u00f3 e-cigarett\u00e1kat k\u00edn\u00e1lnak? A CasinoVape-on b\u00fcszk\u00e9n mutatjuk be az eldobhat\u00f3 e-cigarett\u00e1k v\u00e1logatott k\u00edn\u00e1lat\u00e1t, bele\u00e9rtve az olyan ismert m\u00e1rk\u00e1kat, mint az Al Fakher, Fizzy, OBEELAB HHC \u00e9s SMPO DL02.  Term\u00e9keink k\u00f6z\u00f6tt megtal\u00e1lhat\u00f3ak az eur\u00f3pai piacon legn\u00e9pszer\u0171bb lehet\u0151s\u00e9gek, biztos\u00edtva, hogy minden haszn\u00e1lat sor\u00e1n kiv\u00e9teles min\u0151s\u00e9get \u00e9s \u00edzt \u00e9lvezzen.","protected":false},"author":1,"featured_media":0,"parent":0,"menu_order":0,"comment_status":"closed","ping_status":"closed","template":"page-blank-title-center.php","meta":{"footnotes":""},"class_list":["post-1024","page","type-page","status-publish","hentry"],"jetpack_sharing_enabled":true,"_links":{"self":[{"href":"https:\/\/casinovape.de\/hu\/wp-json\/wp\/v2\/pages\/1024","targetHints":{"allow":["GET"]}}],"collection":[{"href":"https:\/\/casinovape.de\/hu\/wp-json\/wp\/v2\/pages"}],"about":[{"href":"https:\/\/casinovape.de\/hu\/wp-json\/wp\/v2\/types\/page"}],"author":[{"embeddable":true,"href":"https:\/\/casinovape.de\/hu\/wp-json\/wp\/v2\/users\/1"}],"replies":[{"embeddable":true,"href":"https:\/\/casinovape.de\/hu\/wp-json\/wp\/v2\/comments?post=1024"}],"version-history":[{"count":0,"href":"https:\/\/casinovape.de\/hu\/wp-json\/wp\/v2\/pages\/1024\/revisions"}],"wp:attachment":[{"href":"https:\/\/casinovape.de\/hu\/wp-json\/wp\/v2\/media?parent=1024"}],"curies":[{"name":"wp","href":"https:\/\/api.w.org\/{rel}","templated":true}]}}