{"id":6767,"date":"2025-04-14T22:36:18","date_gmt":"2025-04-14T22:36:18","guid":{"rendered":"https:\/\/casinovape.de\/?post_type=product&#038;p=6767"},"modified":"2025-09-06T00:39:54","modified_gmt":"2025-09-06T00:39:54","slug":"request-failed-with-status-code-637","status":"publish","type":"product","link":"https:\/\/casinovape.de\/fr\/produit\/request-failed-with-status-code-637\/","title":{"rendered":"Entrep\u00f4t europ\u00e9en Al Fakher Crown Bar Hypermax 15000 bouff\u00e9es 0.2% Faible nicotine Acheter Vape jetable rechargeable Authentique Original"},"content":{"rendered":"<div style=\"width: 848px;\" class=\"wp-video\"><!--[if lt IE 9]><script>document.createElement('video');<\/script><![endif]-->\n<video class=\"wp-video-shortcode\" id=\"video-6767-1\" width=\"848\" height=\"480\" preload=\"metadata\" controls=\"controls\"><source type=\"video\/mp4\" src=\"https:\/\/casinovape.de\/wp-content\/uploads\/2025\/04\/AF-15K-HYPERMAX-.mp4?_=1\" \/><a href=\"https:\/\/casinovape.de\/wp-content\/uploads\/2025\/04\/AF-15K-HYPERMAX-.mp4\">https:\/\/casinovape.de\/wp-content\/uploads\/2025\/04\/AF-15K-HYPERMAX-.mp4<\/a><\/video><\/div>\n<h2 class=\"\" data-start=\"478\" data-end=\"581\"><a href=\"https:\/\/casinovape.de\/fr\/categorie-de-produit\/vapes-jetables-al-fakher\/\">AL Fakher Crown Bar Hypermax 15000<\/a> Puffs \u2013 Vapes jetables Premium pour une exp\u00e9rience de vapotage sup\u00e9rieure<\/h2>\n<p class=\"\" data-start=\"583\" data-end=\"1127\">Vous recherchez une exp\u00e9rience de vapotage am\u00e9lior\u00e9e qui combine \u00e0 la fois la commodit\u00e9 et la qualit\u00e9 sup\u00e9rieure ? Ne cherchez pas plus loin que le <strong data-start=\"710\" data-end=\"754\">AL Fakher Crown Bar Hypermax 15000 Puffs \n devient \n\nAL Fakher Crown Bar Hypermax 15000 Puffs\n\n Non traduit car marques et mod\u00e8les de produits sont g\u00e9n\u00e9ralement laiss\u00e9s inchang\u00e9s.\n\n La r\u00e9ponse est \nAL Fakher Crown Bar Hypermax 15000 Puffs<\/strong>, le dispositif de vape jetable ultime qui promet un \u00e9quilibre parfait entre saveur, long\u00e9vit\u00e9 et facilit\u00e9 d'utilisation. Avec <strong data-start=\"868\" data-end=\"884\">15 000 bouff\u00e9es<\/strong> d'une vapeur lisse et parfum\u00e9e, cette vape jetable est con\u00e7ue pour satisfaire m\u00eame les vapoteurs les plus exigeants. Que vous soyez nouveau dans le monde de la vape ou un amateur exp\u00e9riment\u00e9, le Crown Bar Hypermax \u00e9l\u00e8vera votre exp\u00e9rience \u00e0 chaque bouff\u00e9e.<\/p>\n<p class=\"\" data-start=\"1129\" data-end=\"1560\">Chez Casinovape, nous proposons fi\u00e8rement <strong data-start=\"1161\" data-end=\"1205\">AL Fakher Crown Bar Hypermax 15000 Puffs \n devient \n\nAL Fakher Crown Bar Hypermax 15000 Puffs\n\n Non traduit car marques et mod\u00e8les de produits sont g\u00e9n\u00e9ralement laiss\u00e9s inchang\u00e9s.\n\n La r\u00e9ponse est \nAL Fakher Crown Bar Hypermax 15000 Puffs<\/strong> dans une vari\u00e9t\u00e9 de saveurs app\u00e9tissantes, chacune con\u00e7ue pour offrir une exp\u00e9rience de vapotage exceptionnelle. Ces vapes sont pr\u00e9-remplies avec une g\u00e9n\u00e9reuse <strong data-start=\"1346\" data-end=\"1365\">15ml de e-liquide<\/strong>assurant que vous obteniez une session de vapotage longue et satisfaisante. L'appareil <strong data-start=\"1445\" data-end=\"1461\">rechargeable \n\n(Note: No change needed, but according to rules I need to provide something. However I must point that in this case I should give the same word as it is a single word and translate directly or keep same if proper noun etc - so:) \nrechargeable<\/strong> cette fonctionnalit\u00e9 \u00e9tend son utilisation, et son design \u00e9l\u00e9gant, <strong data-start=\"1508\" data-end=\"1526\">conception compacte<\/strong> facilite son transport en d\u00e9placement.<\/p>\n<h3 class=\"\" data-start=\"1562\" data-end=\"1618\">Pourquoi choisir <a href=\"https:\/\/casinovape.de\/fr\/categorie-de-produit\/vapes-jetables-al-fakher\/\">AL Fakher Crown Bar Hypermax 15000<\/a> Puffs ?<\/h3>\n<p class=\"\" data-start=\"1620\" data-end=\"1756\">Le AL Fakher Crown Bar Hypermax 15000 Puffs est con\u00e7u pour offrir une performance exceptionnelle \u00e0 chaque bouff\u00e9e. Voici pourquoi il se d\u00e9marque :<\/p>\n<ul data-start=\"1758\" data-end=\"3124\">\n<li class=\"\" data-start=\"1758\" data-end=\"1982\">\n<p class=\"\" data-start=\"1760\" data-end=\"1982\"><strong data-start=\"1760\" data-end=\"1787\">15 000 bouff\u00e9es de saveur :<\/strong> Avec une capacit\u00e9 g\u00e9n\u00e9reuse de e-liquide de 15 ml, le Crown Bar Hypermax offre jusqu'\u00e0 15 000 bouff\u00e9es, vous permettant de profiter de sessions prolong\u00e9es sans avoir besoin de recharger ou de remplacer constamment l'appareil.<\/p>\n<\/li>\n<li class=\"\" data-start=\"1983\" data-end=\"2253\">\n<p class=\"\" data-start=\"1985\" data-end=\"2253\"><strong data-start=\"1985\" data-end=\"2007\">Saveurs Authentiques :<\/strong> Chaque saveur est soigneusement s\u00e9lectionn\u00e9e pour vous offrir une saveur riche et authentique qui reproduit l'exp\u00e9rience de fumer un narguil\u00e9 traditionnel. Que vous soyez d'humeur \u00e0 des saveurs fruit\u00e9es, menthol\u00e9es ou inspir\u00e9es du tabac, il y a quelque chose pour chaque pr\u00e9f\u00e9rence.<\/p>\n<\/li>\n<li class=\"\" data-start=\"2254\" data-end=\"2457\">\n<p class=\"\" data-start=\"2256\" data-end=\"2457\"><strong data-start=\"2256\" data-end=\"2285\">M\u00e9canisme activ\u00e9 par tirage :<\/strong> Profitez d'une exp\u00e9rience sans tracas et fluide avec le m\u00e9canisme activ\u00e9 par tirage. Il suffit d'inspirer, et la vapeur s'activera automatiquement, offrant une vapeur lisse et constante.<\/p>\n<\/li>\n<li class=\"\" data-start=\"2458\" data-end=\"2650\">\n<p class=\"\" data-start=\"2460\" data-end=\"2650\"><strong data-start=\"2460\" data-end=\"2489\">Rechargeabilit\u00e9 pratique :<\/strong> Le <strong data-start=\"2494\" data-end=\"2512\">Batterie 600mAh<\/strong> est rechargeable via un port de type C (c\u00e2ble non inclus), vous permettant de profiter de sessions de vapotage plus longues sans vous soucier de la dur\u00e9e de vie de la batterie.<\/p>\n<\/li>\n<li class=\"\" data-start=\"2651\" data-end=\"2835\">\n<p class=\"\" data-start=\"2653\" data-end=\"2835\"><strong data-start=\"2653\" data-end=\"2686\">Parfait pour le vapotage en d\u00e9placement :<\/strong> Compacte, portable et facile \u00e0 utiliser, la Crown Bar Hypermax est con\u00e7ue pour ceux qui veulent une exp\u00e9rience de vapotage haut de gamme qu'ils peuvent emporter partout.<\/p>\n<\/li>\n<li class=\"\" data-start=\"2836\" data-end=\"2988\">\n<p class=\"\" data-start=\"2838\" data-end=\"2988\"><strong data-start=\"2838\" data-end=\"2867\">Poign\u00e9e en cuir confortable :<\/strong> La conception ergonomique comprend une poign\u00e9e en cuir confortable, ce qui facilite et rend agr\u00e9able la tenue pendant vos sessions de vape.<\/p>\n<\/li>\n<li class=\"\" data-start=\"2989\" data-end=\"3121\">\n<p class=\"\" data-start=\"2991\" data-end=\"3121\"><strong data-start=\"2991\" data-end=\"3013\">Force de la nicotine :<\/strong> Le vaporisateur est livr\u00e9 avec <strong data-start=\"3034\" data-end=\"3050\">2% (20mg\/ml)<\/strong> force de la nicotine, offrant une satisfaction pour la gorge et une mont\u00e9e de nicotine.<\/p>\n<\/li>\n<\/ul>\n<h3 class=\"\" data-start=\"3125\" data-end=\"3179\"><a href=\"https:\/\/casinovape.de\/fr\/categorie-de-produit\/vapes-jetables-al-fakher\/\">AL Fakher Crown Bar Hypermax 15000<\/a> Fonctionnalit\u00e9s de Puffs :<\/h3>\n<ul data-start=\"3181\" data-end=\"3599\">\n<li class=\"\" data-start=\"3181\" data-end=\"3209\">\n<p class=\"\" data-start=\"3183\" data-end=\"3209\"><strong data-start=\"3183\" data-end=\"3204\">Capacit\u00e9 de e-liquide :<\/strong> 15ml<\/p>\n<\/li>\n<li class=\"\" data-start=\"3210\" data-end=\"3240\">\n<p class=\"\" data-start=\"3212\" data-end=\"3240\"><strong data-start=\"3212\" data-end=\"3233\">Capacit\u00e9 de la batterie :<\/strong> 600mAh<\/p>\n<\/li>\n<li class=\"\" data-start=\"3241\" data-end=\"3278\">\n<p class=\"\" data-start=\"3243\" data-end=\"3278\"><strong data-start=\"3243\" data-end=\"3265\">Force de la nicotine :<\/strong> 2% (20mg\/ml)<\/p>\n<\/li>\n<li class=\"\" data-start=\"3279\" data-end=\"3330\">\n<p class=\"\" data-start=\"3281\" data-end=\"3330\"><strong data-start=\"3281\" data-end=\"3309\">Rechargeable via Type-C :<\/strong> (c\u00e2ble non inclus)<\/p>\n<\/li>\n<li class=\"\" data-start=\"3331\" data-end=\"3413\">\n<p class=\"\" data-start=\"3333\" data-end=\"3413\"><strong data-start=\"3333\" data-end=\"3362\">Batterie &amp; Affichage Liquide :<\/strong> Pour une surveillance facile des niveaux de batterie et d'e-liquide<\/p>\n<\/li>\n<li class=\"\" data-start=\"3414\" data-end=\"3511\">\n<p class=\"\" data-start=\"3416\" data-end=\"3511\"><strong data-start=\"3416\" data-end=\"3448\">Vapotage DTL (Direct To Lung) :<\/strong> Profitez d'une vapeur riche et parfum\u00e9e avec des performances de vapotage DTL d\u00e9cents<\/p>\n<\/li>\n<li class=\"\" data-start=\"3512\" data-end=\"3564\">\n<p class=\"\" data-start=\"3514\" data-end=\"3564\"><strong data-start=\"3514\" data-end=\"3531\">Poign\u00e9e en cuir<\/strong> Conception confortable et ergonomique<\/p>\n<\/li>\n<li class=\"\" data-start=\"3565\" data-end=\"3599\">\n<p class=\"\" data-start=\"3567\" data-end=\"3599\"><strong data-start=\"3567\" data-end=\"3599\">Parfait pour le vapotage en d\u00e9placement<\/strong><\/p>\n<\/li>\n<\/ul>\n<h3 class=\"\" data-start=\"3601\" data-end=\"3676\">AL Fakher Crown Bar Hypermax 15000 Puffs \u2013 Un regard plus rapproch\u00e9 sur les saveurs<\/h3>\n<p class=\"\" data-start=\"3678\" data-end=\"3925\">Lorsqu'il s'agit de vapoter, la saveur est essentielle, et le <strong data-start=\"3726\" data-end=\"3758\">AL Fakher Crown Bar Hypermax<\/strong> ne d\u00e9\u00e7oit pas. L'appareil est disponible dans un large \u00e9ventail de saveurs excitantes qui conviennent \u00e0 chaque pr\u00e9f\u00e9rence. Voici une ventilation d\u00e9taill\u00e9e des saveurs disponibles :<\/p>\n<ol data-start=\"3927\" data-end=\"6013\">\n<li class=\"\" data-start=\"3927\" data-end=\"4070\">\n<p class=\"\" data-start=\"3930\" data-end=\"4070\"><strong data-start=\"3930\" data-end=\"3944\">Glace aux fruits rouges :<\/strong> Un m\u00e9lange rafra\u00eechissant de baies m\u00e9lang\u00e9es, compl\u00e9t\u00e9 par une finition glac\u00e9e et fra\u00eeche, parfait pour ceux qui aiment une vapeur sucr\u00e9e et rafra\u00eechissante.<\/p>\n<\/li>\n<li class=\"\" data-start=\"4071\" data-end=\"4192\">\n<p class=\"\" data-start=\"4074\" data-end=\"4192\"><strong data-start=\"4074\" data-end=\"4092\">Cherry Fiesta:<\/strong> Une saveur de cerise vibrante et piquante avec une touche de douceur qui fera danser vos papilles gustatives.<\/p>\n<\/li>\n<li class=\"\" data-start=\"4193\" data-end=\"4309\">\n<p class=\"\" data-start=\"4196\" data-end=\"4309\"><strong data-start=\"4196\" data-end=\"4211\">Citron Lime :<\/strong> Une combinaison piquante de citron acide et de lime rafra\u00eechissante, offrant un go\u00fbt vif et revigorant.<\/p>\n<\/li>\n<li class=\"\" data-start=\"4310\" data-end=\"4432\">\n<p class=\"\" data-start=\"4313\" data-end=\"4432\"><strong data-start=\"4313\" data-end=\"4326\">Lush Ice:<\/strong> Past\u00e8que douce et juteuse associ\u00e9e \u00e0 une finition menthol\u00e9e pour un effet rafra\u00eechissant id\u00e9al pour les jours chauds.<\/p>\n<\/li>\n<li class=\"\" data-start=\"4433\" data-end=\"4562\">\n<p class=\"\" data-start=\"4436\" data-end=\"4562\"><strong data-start=\"4436\" data-end=\"4446\">Hubba :<\/strong> Une saveur nostalgique de chewing-gum qui rappelle les souvenirs de votre friandise pr\u00e9f\u00e9r\u00e9e \u00e0 m\u00e2cher, avec un go\u00fbt sucr\u00e9 et lisse.<\/p>\n<\/li>\n<li class=\"\" data-start=\"4563\" data-end=\"4688\">\n<p class=\"\" data-start=\"4566\" data-end=\"4688\"><strong data-start=\"4566\" data-end=\"4588\">Cassis Menthe<\/strong> Les cassises noires intenses avec une note sous-jacente croquante et menthol\u00e9e cr\u00e9ent un m\u00e9lange parfait de douceur et de fra\u00eecheur.<\/p>\n<\/li>\n<li class=\"\" data-start=\"4689\" data-end=\"4824\">\n<p class=\"\" data-start=\"4692\" data-end=\"4824\"><strong data-start=\"4692\" data-end=\"4706\">Deux pommes :<\/strong> Une d\u00e9licieuse fusion de pommes vertes acidul\u00e9es et de pommes rouges sucr\u00e9es, offrant une saveur fruit\u00e9e satisfaisante et bien \u00e9quilibr\u00e9e.<\/p>\n<\/li>\n<li class=\"\" data-start=\"4825\" data-end=\"4960\">\n<p class=\"\" data-start=\"4828\" data-end=\"4960\"><strong data-start=\"4828\" data-end=\"4843\">Menthe \u00e0 la vigne: \nor \n Menthe aux raisins \nor \n Menthe verte aux raisins \n No, \nGrape Mint: \nMenthe raisin<\/strong> Des raisins doux et juteux combin\u00e9s \u00e0 une finition fra\u00eeche de menthe cr\u00e9ent une vapeur \u00e9quilibr\u00e9e \u00e0 la fois rafra\u00eechissante et gourmande.<\/p>\n<\/li>\n<li class=\"\" data-start=\"4961\" data-end=\"5093\">\n<p class=\"\" data-start=\"4964\" data-end=\"5093\"><strong data-start=\"4964\" data-end=\"4979\">Bleu de Berry :<\/strong> Une explosion de baies m\u00e9lang\u00e9es avec une l\u00e9g\u00e8re pointe d'acidit\u00e9, apportant une saveur fra\u00eeche et fruit\u00e9es que vous allez adorer \u00e0 chaque bouff\u00e9e.<\/p>\n<\/li>\n<li class=\"\" data-start=\"5094\" data-end=\"5224\">\n<p class=\"\" data-start=\"5098\" data-end=\"5224\"><strong data-start=\"5098\" data-end=\"5122\">Myrtillle Framboise:<\/strong> Une combinaison de bleuets sucr\u00e9s et de framboises acidul\u00e9es, cr\u00e9ant une saveur de baies parfaitement \u00e9quilibr\u00e9e.<\/p>\n<\/li>\n<li class=\"\" data-start=\"5225\" data-end=\"5365\">\n<p class=\"\" data-start=\"5229\" data-end=\"5365\"><strong data-start=\"5229\" data-end=\"5254\">Past\u00e8que Ananas:<\/strong> Un m\u00e9lange tropical de past\u00e8que juteuse et d'ananas sucr\u00e9, apportant une saveur rafra\u00eechissante et exotique \u00e0 votre vape.<\/p>\n<\/li>\n<li class=\"\" data-start=\"5366\" data-end=\"5511\">\n<p class=\"\" data-start=\"5370\" data-end=\"5511\"><strong data-start=\"5370\" data-end=\"5386\">Cherry Fizz: \nSirop de cerise<\/strong> Une saveur de cerise p\u00e9tillante avec une touche fra\u00eeche et mousseuse, parfaite pour ceux qui aiment une vapeur sucr\u00e9e et acidul\u00e9e avec un peu d'\u00e9clat.<\/p>\n<\/li>\n<li class=\"\" data-start=\"5512\" data-end=\"5636\">\n<p class=\"\" data-start=\"5516\" data-end=\"5636\"><strong data-start=\"5516\" data-end=\"5531\">Cherry Ice :<\/strong> Une saveur de cerise douce et piquante avec une finition fra\u00eeche et glac\u00e9e pour une exp\u00e9rience de vape rafra\u00eechissante et satisfaisante.<\/p>\n<\/li>\n<li class=\"\" data-start=\"5637\" data-end=\"5774\">\n<p class=\"\" data-start=\"5641\" data-end=\"5774\"><strong data-start=\"5641\" data-end=\"5661\">Past\u00e8que Citron vert:<\/strong> Une saveur de past\u00e8que piquante associ\u00e9e \u00e0 la fra\u00eecheur piquante du citron vert, offrant un \u00e9quilibre parfait de sucr\u00e9 et d'acidul\u00e9.<\/p>\n<\/li>\n<li class=\"\" data-start=\"5775\" data-end=\"5899\">\n<p class=\"\" data-start=\"5779\" data-end=\"5899\"><strong data-start=\"5779\" data-end=\"5794\">Cool Mango<\/strong> Une saveur de mangue tropicale lisse avec une finition menthol\u00e9e rafra\u00eechissante, id\u00e9ale pour une vape relaxante et rafra\u00eechissante.<\/p>\n<\/li>\n<li class=\"\" data-start=\"5900\" data-end=\"6013\">\n<p class=\"\" data-start=\"5904\" data-end=\"6013\"><strong data-start=\"5904\" data-end=\"5913\">Menthe :<\/strong> Une saveur de menthe simple mais satisfaisante qui offre une exp\u00e9rience de vapotage croquante, propre et rafra\u00eechissante.<\/p>\n<\/li>\n<\/ol>\n<p><img loading=\"lazy\" decoding=\"async\" class=\"alignnone wp-image-6791 size-full\" src=\"https:\/\/casinovape.de\/wp-content\/uploads\/2025\/04\/AF-15K-HYPERMAX-2.webp\" alt=\"Entrep\u00f4t europ\u00e9en Al Fakher Crown Bar Hypermax 15000 bouff\u00e9es 0.2% Faible nicotine Acheter Vape jetable rechargeable Authentique Original \" width=\"1058\" height=\"726\" srcset=\"https:\/\/casinovape.de\/wp-content\/uploads\/2025\/04\/AF-15K-HYPERMAX-2.webp 1058w, https:\/\/casinovape.de\/wp-content\/uploads\/2025\/04\/AF-15K-HYPERMAX-2-300x206.webp 300w, https:\/\/casinovape.de\/wp-content\/uploads\/2025\/04\/AF-15K-HYPERMAX-2-1024x703.webp 1024w, https:\/\/casinovape.de\/wp-content\/uploads\/2025\/04\/AF-15K-HYPERMAX-2-768x527.webp 768w, https:\/\/casinovape.de\/wp-content\/uploads\/2025\/04\/AF-15K-HYPERMAX-2-18x12.webp 18w, https:\/\/casinovape.de\/wp-content\/uploads\/2025\/04\/AF-15K-HYPERMAX-2-600x412.webp 600w\" sizes=\"auto, (max-width: 1058px) 100vw, 1058px\" \/><\/p>\n<h3 class=\"\" data-start=\"6015\" data-end=\"6078\">Pourquoi vous devriez acheter la barre AL Fakher Crown Hypermax 15000 puffs<\/h3>\n<p class=\"\" data-start=\"6080\" data-end=\"6321\">Lorsque vous choisissez le <strong data-start=\"6100\" data-end=\"6144\">AL Fakher Crown Bar Hypermax 15000 Puffs \n devient \n\nAL Fakher Crown Bar Hypermax 15000 Puffs\n\n Non traduit car marques et mod\u00e8les de produits sont g\u00e9n\u00e9ralement laiss\u00e9s inchang\u00e9s.\n\n La r\u00e9ponse est \nAL Fakher Crown Bar Hypermax 15000 Puffs<\/strong>Vous n'obtenez pas seulement une cigarette \u00e9lectronique jetable ; vous investissez dans une exp\u00e9rience haut de gamme qui allie commodit\u00e9, saveur et performances. Voici pourquoi c'est le choix id\u00e9al pour vous :<\/p>\n<ul data-start=\"6323\" data-end=\"7263\">\n<li class=\"\" data-start=\"6323\" data-end=\"6466\">\n<p class=\"\" data-start=\"6325\" data-end=\"6466\"><strong data-start=\"6325\" data-end=\"6354\">Performance durable :<\/strong> Avec <strong data-start=\"6360\" data-end=\"6376\">15 000 bouff\u00e9es<\/strong> Par appareil, vous pouvez profiter d'une longue session de vapotage sans avoir besoin de remplacements constants.<\/p>\n<\/li>\n<li class=\"\" data-start=\"6467\" data-end=\"6676\">\n<p class=\"\" data-start=\"6469\" data-end=\"6676\"><strong data-start=\"6469\" data-end=\"6501\">Exp\u00e9rience authentique de narguil\u00e9 :<\/strong> AL Fakher est une marque renomm\u00e9e dans le monde de la chicha, et Crown Bar Hypermax apporte cette m\u00eame saveur riche et exp\u00e9rience lisse \u00e0 un vaporisateur jetable portable et pratique.<\/p>\n<\/li>\n<li class=\"\" data-start=\"6677\" data-end=\"6848\">\n<p class=\"\" data-start=\"6679\" data-end=\"6848\"><strong data-start=\"6679\" data-end=\"6705\">Large s\u00e9lection de saveurs :<\/strong> Des m\u00e9langes fruit\u00e9s aux menthols rafra\u00eechissants, il y a une saveur pour chaque go\u00fbt, tous \u00e9labor\u00e9s avec des ingr\u00e9dients de qualit\u00e9 pour garantir une exp\u00e9rience satisfaisante.<\/p>\n<\/li>\n<li class=\"\" data-start=\"6849\" data-end=\"7062\">\n<p class=\"\" data-start=\"6851\" data-end=\"7062\"><strong data-start=\"6851\" data-end=\"6888\">Entrep\u00f4t europ\u00e9en d'exp\u00e9dition de vape :<\/strong> Lorsque vous achetez chez<a href=\"https:\/\/casinovape.de\/fr\/\"> <strong data-start=\"6907\" data-end=\"6921\">Casinovape<\/strong><\/a>vous \u00eates assur\u00e9 d'une exp\u00e9dition rapide et fiable de notre part <strong data-start=\"6977\" data-end=\"7004\">Entrep\u00f4t de vape europ\u00e9en<\/strong>avec des commandes qui arrivent en seulement <strong data-start=\"7035\" data-end=\"7047\">3-7 jours<\/strong> dans l'UE.<\/p>\n<\/li>\n<li class=\"\" data-start=\"7063\" data-end=\"7263\">\n<p class=\"\" data-start=\"7065\" data-end=\"7263\"><strong data-start=\"7065\" data-end=\"7095\">Pas de quantit\u00e9 minimale de commande :<\/strong> Que vous achetiez <strong data-start=\"7122\" data-end=\"7133\">1 pi\u00e8ce<\/strong> ou plusieurs appareils, vous pouvez acheter autant ou aussi peu que vous le souhaitez, ce qui le rend parfait pour les utilisateurs individuels et les groupes de d\u00e9taillants.<\/p>\n<\/li>\n<\/ul>\n<h3 class=\"\" data-start=\"7265\" data-end=\"7320\">Foire aux questions sur AL Fakher Crown Bar Hypermax 15000 bouff\u00e9es<\/h3>\n<p class=\"\" data-start=\"7322\" data-end=\"7514\"><strong data-start=\"7322\" data-end=\"7390\">Q : Combien de bouff\u00e9es la AL Fakher Crown Bar Hypermax fournit-elle ?<\/strong><br data-start=\"7390\" data-end=\"7393\" \/>Le AL Fakher Crown Bar Hypermax offre jusqu'\u00e0 <strong data-start=\"7442\" data-end=\"7458\">15 000 bouff\u00e9es<\/strong> par appareil, offrant une exp\u00e9rience de vapotage longue dur\u00e9e.<\/p>\n<p class=\"\" data-start=\"7516\" data-end=\"7680\"><strong data-start=\"7516\" data-end=\"7550\">Q\u00a0: L'appareil est-il rechargeable\u00a0?<\/strong><br data-start=\"7550\" data-end=\"7553\" \/>A : Oui, l'appareil est livr\u00e9 avec un <strong data-start=\"7585\" data-end=\"7616\">Batterie rechargeable 600mAh<\/strong> qui peut \u00eatre charg\u00e9 via un <strong data-start=\"7643\" data-end=\"7653\">Type-C<\/strong> port (c\u00e2ble non inclus).<\/p>\n<p class=\"\" data-start=\"7682\" data-end=\"7847\"><strong data-start=\"7682\" data-end=\"7750\">Q : Quelle est la force de nicotine de l'AL Fakher Crown Bar 15K ?<\/strong><br data-start=\"7750\" data-end=\"7753\" \/>A : L'appareil est livr\u00e9 avec <strong data-start=\"7778\" data-end=\"7794\">2% (20mg\/ml)<\/strong> force de nicotine, offrant une satisfaction pour la gorge.<\/p>\n<p class=\"\" data-start=\"7849\" data-end=\"8002\"><strong data-start=\"7849\" data-end=\"7884\">Q\u00a0: Combien de temps prend la livraison\u00a0?<\/strong><br data-start=\"7884\" data-end=\"7887\" \/>Nous exp\u00e9dions directement de nos <strong data-start=\"7916\" data-end=\"7943\">Entrep\u00f4t de vape europ\u00e9en<\/strong>et votre commande arrivera dans les <strong data-start=\"7979\" data-end=\"7991\">3-7 jours<\/strong> dans l'UE.<\/p>\n<p class=\"\" data-start=\"8004\" data-end=\"8213\"><strong data-start=\"8004\" data-end=\"8049\">Q : Y a-t-il d'autres saveurs disponibles ?<\/strong><br data-start=\"8049\" data-end=\"8052\" \/>A : Oui, de nombreuses saveurs sont disponibles, notamment <strong data-start=\"8104\" data-end=\"8117\">Glace aux fruits rouges<\/strong>, <strong data-start=\"8119\" data-end=\"8136\">Cherry Fiesta<\/strong>, <strong data-start=\"8138\" data-end=\"8146\">Menthe<\/strong>, et plus encore. Chaque saveur est con\u00e7ue pour une exp\u00e9rience de vapotage haut de gamme.<\/p>\n<hr class=\"\" data-start=\"8215\" data-end=\"8218\" \/>\n<p class=\"\" data-start=\"8220\" data-end=\"8452\">Avec l'AL Fakher Crown Bar Hypermax 15000 Puffs, vous choisissez plus qu'une simple vape ; vous choisissez une exp\u00e9rience. <strong data-start=\"8341\" data-end=\"8354\">Commandez maintenant<\/strong> \u00e0 <a href=\"https:\/\/casinovape.de\/fr\/\"><strong data-start=\"8358\" data-end=\"8372\">Casinovape<\/strong> <\/a>et profitez d'un <strong data-start=\"8385\" data-end=\"8412\">Vape jetable premium<\/strong> avec une livraison gratuite et rapide dans toute l'UE.<\/p>","protected":false},"excerpt":{"rendered":"<p>Exp\u00e9rience de vapotage longue dur\u00e9e et savoureuse avec le <strong>AL Fakher Crown Bar Hypermax 15000<\/strong> Puffs \u2013 o\u00f9 la qualit\u00e9 sup\u00e9rieure rencontre le confort ultime.<\/p>","protected":false},"featured_media":6789,"comment_status":"open","ping_status":"closed","template":"","meta":[],"product_brand":[],"product_cat":[16,78,79,82,84,86,88,89,90,91,95,96,99,65,66,67,68,69,70,71,72,73,74,75,76,77,57,61,45,48,50,52,54],"product_tag":[],"class_list":{"0":"post-6767","1":"product","2":"type-product","3":"status-publish","4":"has-post-thumbnail","6":"product_cat-al-fakher-disposable-vapes","7":"product_cat-buy-best-disposable-vape-flavors","8":"product_cat-apple-flavor-disposable-vapes","9":"product_cat-cherry-flavor-disposable-vapes","10":"product_cat-grape-flavor-disposable-vapes","11":"product_cat-ice-flavor-disposable-vapes","12":"product_cat-lemon-flavor-disposable-vapes","13":"product_cat-lush-flavor-disposable-vapes","14":"product_cat-mango-flavor-disposable-vapes","15":"product_cat-mint-flavor-disposable-vapes","16":"product_cat-pineapple-flavor-disposable-vapes","17":"product_cat-raspberry-flavor-disposable-vapes","18":"product_cat-watermelon-flavor-disposable-vapes","19":"product_cat-best-disposable-vape-in-europe","20":"product_cat-buy-disposable-vapes-in-austria","21":"product_cat-buy-disposable-vapes-in-belgium","22":"product_cat-buy-disposable-vapes-in-france","23":"product_cat-buy-disposable-vapes-in-germany","24":"product_cat-buy-disposable-vapes-in-italy","25":"product_cat-buy-disposable-vapes-in-netherlands","26":"product_cat-buy-disposable-vapes-in-norway","27":"product_cat-buy-disposable-vapes-in-poland","28":"product_cat-buy-disposable-vapes-in-portugal","29":"product_cat-buy-disposable-vapes-in-spain","30":"product_cat-buy-disposable-vapes-in-sweden","31":"product_cat-buy-disposable-vapes-in-switzerland","32":"product_cat-shop-disposable-vapes-by-puffs","33":"product_cat-15000-puff-disposable-vape","34":"product_cat-disposable-vape-types","35":"product_cat-big-puffs-disposable-vapes","36":"product_cat-digital-box-disposable-vapes","37":"product_cat-lower-nicotine-disposable-vapes","38":"product_cat-rechargeable-disposable-vapes","40":"first","41":"instock","42":"sale","43":"shipping-taxable","44":"purchasable","45":"product-type-variable"},"jetpack_sharing_enabled":true,"_links":{"self":[{"href":"https:\/\/casinovape.de\/fr\/wp-json\/wp\/v2\/product\/6767","targetHints":{"allow":["GET"]}}],"collection":[{"href":"https:\/\/casinovape.de\/fr\/wp-json\/wp\/v2\/product"}],"about":[{"href":"https:\/\/casinovape.de\/fr\/wp-json\/wp\/v2\/types\/product"}],"replies":[{"embeddable":true,"href":"https:\/\/casinovape.de\/fr\/wp-json\/wp\/v2\/comments?post=6767"}],"wp:featuredmedia":[{"embeddable":true,"href":"https:\/\/casinovape.de\/fr\/wp-json\/wp\/v2\/media\/6789"}],"wp:attachment":[{"href":"https:\/\/casinovape.de\/fr\/wp-json\/wp\/v2\/media?parent=6767"}],"wp:term":[{"taxonomy":"product_brand","embeddable":true,"href":"https:\/\/casinovape.de\/fr\/wp-json\/wp\/v2\/product_brand?post=6767"},{"taxonomy":"product_cat","embeddable":true,"href":"https:\/\/casinovape.de\/fr\/wp-json\/wp\/v2\/product_cat?post=6767"},{"taxonomy":"product_tag","embeddable":true,"href":"https:\/\/casinovape.de\/fr\/wp-json\/wp\/v2\/product_tag?post=6767"}],"curies":[{"name":"wp","href":"https:\/\/api.w.org\/{rel}","templated":true}]}}