{"id":6617,"date":"2025-04-08T07:34:09","date_gmt":"2025-04-08T07:34:09","guid":{"rendered":"https:\/\/casinovape.de\/?post_type=product&#038;p=6617"},"modified":"2025-05-13T13:26:12","modified_gmt":"2025-05-13T13:26:12","slug":"request-failed-with-status-code-630","status":"publish","type":"product","link":"https:\/\/casinovape.de\/fr\/produit\/request-failed-with-status-code-630\/","title":{"rendered":"Entrep\u00f4t europ\u00e9en Vozol star 12000 bouff\u00e9es Nicotine faible Acheter Vape Pen jetable rechargeable Authentique d'origine"},"content":{"rendered":"<p><img loading=\"lazy\" decoding=\"async\" class=\"aligncenter wp-image-6626 size-full\" src=\"https:\/\/casinovape.de\/wp-content\/uploads\/2025\/04\/Vozol-star-12000-2-scaled.webp\" alt=\"Entrep\u00f4t europ\u00e9en Vozol star 12000 bouff\u00e9es Nicotine faible Acheter Vape Pen jetable rechargeable Authentique d&#039;origine\" width=\"530\" height=\"2560\" srcset=\"https:\/\/casinovape.de\/wp-content\/uploads\/2025\/04\/Vozol-star-12000-2-scaled.webp 530w, https:\/\/casinovape.de\/wp-content\/uploads\/2025\/04\/Vozol-star-12000-2-62x300.webp 62w, https:\/\/casinovape.de\/wp-content\/uploads\/2025\/04\/Vozol-star-12000-2-212x1024.webp 212w, https:\/\/casinovape.de\/wp-content\/uploads\/2025\/04\/Vozol-star-12000-2-768x3711.webp 768w, https:\/\/casinovape.de\/wp-content\/uploads\/2025\/04\/Vozol-star-12000-2-318x1536.webp 318w, https:\/\/casinovape.de\/wp-content\/uploads\/2025\/04\/Vozol-star-12000-2-424x2048.webp 424w, https:\/\/casinovape.de\/wp-content\/uploads\/2025\/04\/Vozol-star-12000-2-600x2899.webp 600w\" sizes=\"auto, (max-width: 530px) 100vw, 530px\" \/><\/p>\n<h2 data-start=\"634\" data-end=\"754\"><strong data-start=\"638\" data-end=\"754\"><a href=\"https:\/\/casinovape.de\/fr\/categorie-de-produit\/vapes-jetables-vozol\/\">Vozol Star 12000<\/a> Dispositif de Vape Rechargeable \u2013 12000 Bouff\u00e9es, Technologie S.i.L.C., Charge Rapide, Conception \u00c9co-Amicale<\/strong><\/h2>\n<hr class=\"\" data-start=\"756\" data-end=\"759\" \/>\n<h4 class=\"\" data-start=\"761\" data-end=\"782\"><strong data-start=\"766\" data-end=\"782\">Description :<\/strong><\/h4>\n<p class=\"\" data-start=\"784\" data-end=\"1096\">Le <strong data-start=\"788\" data-end=\"808\">Vozol Star 12000<\/strong> est un r\u00e9volutionnaire dans le monde de la vape, offrant une exp\u00e9rience de pointe avec des fonctionnalit\u00e9s innovantes con\u00e7ues pour les nouveaux et les utilisateurs exp\u00e9riment\u00e9s. Pr\u00e9sentant <strong data-start=\"966\" data-end=\"1002\">S.i.L.C. (Secouez-le comme un nuage)<\/strong> Technologie Flavor, cette vape rechargeable offre un go\u00fbt am\u00e9lior\u00e9 et plus doux \u00e0 chaque bouff\u00e9e.<\/p>\n<p class=\"\" data-start=\"1098\" data-end=\"1331\">Restez ma\u00eetre avec les <strong data-start=\"1123\" data-end=\"1145\">\u00c9cran d'affichage \u00e0 LED<\/strong>permettant de v\u00e9rifier vos <strong data-start=\"1174\" data-end=\"1185\">batterie<\/strong> et <strong data-start=\"1190\" data-end=\"1209\">niveaux de e-liquide<\/strong> d'un coup d'\u0153il. Le <strong data-start=\"1227\" data-end=\"1247\">Vozol Star 12000<\/strong> est parfait pour <strong data-start=\"1263\" data-end=\"1286\">MTL (Mouth-To-Lung)<\/strong> Les vapoteurs, offrant une aspiration facile et satisfaisante.<\/p>\n<p class=\"\" data-start=\"1333\" data-end=\"1589\">Avec <strong data-start=\"1338\" data-end=\"1353\">12000 bouff\u00e9es<\/strong> et un <strong data-start=\"1360\" data-end=\"1391\">Batterie rechargeable 650mAh<\/strong>cette vape est con\u00e7ue pour durer plus longtemps et pour mieux fonctionner, ce qui en fait un compagnon fiable pour tous vos besoins de vapotage. De plus, il est con\u00e7u avec <strong data-start=\"1530\" data-end=\"1555\">protection de l'embouchure<\/strong> pour maintenir les choses hygi\u00e9niques et s\u00fbres.<\/p>\n<p class=\"\" data-start=\"1591\" data-end=\"1865\">La meilleure partie ? Il se recharge <strong data-start=\"1617\" data-end=\"1631\">30% plus rapide<\/strong>allant de z\u00e9ro \u00e0 compl\u00e8tement charg\u00e9 en seulement <strong data-start=\"1674\" data-end=\"1688\">30 minutes<\/strong>. Un design \u00e9l\u00e9gant <strong data-start=\"1698\" data-end=\"1717\">design de marbrure<\/strong> et <strong data-start=\"1722\" data-end=\"1770\">plastique recycl\u00e9 post-consommation, respectueux de l'environnement<\/strong> construction fait <strong data-start=\"1793\" data-end=\"1813\">Vozol Star 12000<\/strong> Un choix \u00e9l\u00e9gant et durable pour les vapoteurs modernes.<\/p>\n<hr class=\"\" data-start=\"1867\" data-end=\"1870\" \/>\n<h4 class=\"\" data-start=\"1872\" data-end=\"1894\"><strong data-start=\"1877\" data-end=\"1894\">Fonctionnalit\u00e9s cl\u00e9s :<\/strong><\/h4>\n<ul data-start=\"1896\" data-end=\"2656\">\n<li class=\"\" data-start=\"1896\" data-end=\"1979\">\n<p class=\"\" data-start=\"1898\" data-end=\"1979\"><strong data-start=\"1898\" data-end=\"1920\">\u00c9cran d'affichage \u00e0 LED<\/strong> pour une surveillance facile de <strong data-start=\"1944\" data-end=\"1955\">batterie<\/strong> et <strong data-start=\"1960\" data-end=\"1979\">niveaux de e-liquide<\/strong><\/p>\n<\/li>\n<li class=\"\" data-start=\"1980\" data-end=\"2037\">\n<p class=\"\" data-start=\"1982\" data-end=\"2037\"><strong data-start=\"1982\" data-end=\"1999\">Conforme \u00e0 la TPD<\/strong> Conforme \u00e0 la directive sur les produits du tabac<\/p>\n<\/li>\n<li class=\"\" data-start=\"2038\" data-end=\"2101\">\n<p class=\"\" data-start=\"2040\" data-end=\"2101\"><strong data-start=\"2040\" data-end=\"2055\">12000 bouff\u00e9es<\/strong>: Performance durable pour les vapoteurs fr\u00e9quents<\/p>\n<\/li>\n<li class=\"\" data-start=\"2102\" data-end=\"2184\">\n<p class=\"\" data-start=\"2104\" data-end=\"2184\"><strong data-start=\"2104\" data-end=\"2124\">Kit Rechargeable<\/strong>: Comprend un <strong data-start=\"2137\" data-end=\"2168\">Batterie rechargeable 650mAh<\/strong> pour la commodit\u00e9<\/p>\n<\/li>\n<li class=\"\" data-start=\"2185\" data-end=\"2244\">\n<p class=\"\" data-start=\"2187\" data-end=\"2244\"><strong data-start=\"2187\" data-end=\"2200\">Bobine maill\u00e9e<\/strong>: Offre des hits plus fluides et une saveur am\u00e9lior\u00e9e<\/p>\n<\/li>\n<li class=\"\" data-start=\"2245\" data-end=\"2316\">\n<p class=\"\" data-start=\"2247\" data-end=\"2316\"><strong data-start=\"2247\" data-end=\"2277\">Technologie de saveur S.i.L.C.<\/strong>Profitez d'une saveur sup\u00e9rieure \u00e0 chaque bouff\u00e9e<\/p>\n<\/li>\n<li class=\"\" data-start=\"2317\" data-end=\"2379\">\n<p class=\"\" data-start=\"2319\" data-end=\"2379\"><strong data-start=\"2319\" data-end=\"2344\">Protection de la bouche<\/strong>: Maintient votre vape hygi\u00e9nique et s\u00fbr<\/p>\n<\/li>\n<li class=\"\" data-start=\"2380\" data-end=\"2468\">\n<p class=\"\" data-start=\"2382\" data-end=\"2468\"><strong data-start=\"2382\" data-end=\"2399\">Charge rapide<\/strong>: Se recharge compl\u00e8tement en seulement <strong data-start=\"2425\" data-end=\"2439\">30 minutes<\/strong>30% fois plus rapide que les autres vapes<\/p>\n<\/li>\n<li class=\"\" data-start=\"2469\" data-end=\"2523\">\n<p class=\"\" data-start=\"2471\" data-end=\"2523\"><strong data-start=\"2471\" data-end=\"2483\">MTL Vape<\/strong>: Parfait pour le vapotage de style Mouth-to-Lung<\/p>\n<\/li>\n<li class=\"\" data-start=\"2524\" data-end=\"2584\">\n<p class=\"\" data-start=\"2526\" data-end=\"2584\"><strong data-start=\"2526\" data-end=\"2547\">Convivial pour les d\u00e9butants<\/strong>: Facile \u00e0 utiliser, id\u00e9al pour les nouveaux vapoteurs<\/p>\n<\/li>\n<li class=\"\" data-start=\"2585\" data-end=\"2656\">\n<p class=\"\" data-start=\"2587\" data-end=\"2656\"><strong data-start=\"2587\" data-end=\"2610\">Conception \u00e9cologique<\/strong>: Fabriqu\u00e9 avec <strong data-start=\"2622\" data-end=\"2656\">plastique recycl\u00e9 post-consommation<\/strong><\/p>\n<\/li>\n<\/ul>\n<hr class=\"\" data-start=\"2658\" data-end=\"2661\" \/>\n<h4 class=\"\" data-start=\"2663\" data-end=\"2691\"><strong data-start=\"2668\" data-end=\"2691\">Pourquoi vous devriez acheter :<\/strong><\/h4>\n<ul data-start=\"2693\" data-end=\"3218\">\n<li class=\"\" data-start=\"2693\" data-end=\"2786\">\n<p class=\"\" data-start=\"2695\" data-end=\"2786\"><strong data-start=\"2695\" data-end=\"2729\">Technologie S.i.L.C. innovante<\/strong> am\u00e9liore la saveur et procure une exp\u00e9rience de vapotage plus riche.<\/p>\n<\/li>\n<li class=\"\" data-start=\"2787\" data-end=\"2851\">\n<p class=\"\" data-start=\"2789\" data-end=\"2851\"><strong data-start=\"2789\" data-end=\"2808\">Charge plus rapide<\/strong> signifie plus de temps \u00e0 vapoter, moins de temps \u00e0 attendre.<\/p>\n<\/li>\n<li class=\"\" data-start=\"2852\" data-end=\"2932\">\n<p class=\"\" data-start=\"2854\" data-end=\"2932\">Le <strong data-start=\"2858\" data-end=\"2873\">Affichage \u00e0 LED<\/strong> permet de v\u00e9rifier facilement les performances de votre vape \u00e0 tout moment.<\/p>\n<\/li>\n<li class=\"\" data-start=\"2933\" data-end=\"3015\">\n<p class=\"\" data-start=\"2935\" data-end=\"3015\"><strong data-start=\"2935\" data-end=\"2953\">Conception durable<\/strong> avec <strong data-start=\"2959\" data-end=\"2984\">protection de l'embouchure<\/strong> assure l'hygi\u00e8ne et la long\u00e9vit\u00e9.<\/p>\n<\/li>\n<li class=\"\" data-start=\"3016\" data-end=\"3119\">\n<p class=\"\" data-start=\"3018\" data-end=\"3119\">Fabriqu\u00e9 \u00e0 partir de <strong data-start=\"3028\" data-end=\"3054\">mat\u00e9riaux \u00e9cologiques<\/strong>C'est le choix intelligent pour ceux qui se soucient de l'environnement.<\/p>\n<\/li>\n<li class=\"\" data-start=\"3120\" data-end=\"3218\">\n<p class=\"\" data-start=\"3122\" data-end=\"3218\">Stylish <strong data-start=\"3130\" data-end=\"3149\">design de marbrure<\/strong> rend cette vape unique et ajoute une touche suppl\u00e9mentaire de sophistication.<\/p>\n<\/li>\n<\/ul>\n<hr class=\"\" data-start=\"3220\" data-end=\"3223\" \/>\n<h4 class=\"\" data-start=\"3225\" data-end=\"3239\"><strong data-start=\"3230\" data-end=\"3239\">Foire aux questions :<\/strong><\/h4>\n<ul data-start=\"3241\" data-end=\"4055\">\n<li class=\"\" data-start=\"3241\" data-end=\"3384\">\n<p class=\"\" data-start=\"3243\" data-end=\"3384\"><strong data-start=\"3243\" data-end=\"3285\">Ce dispositif de vape est-il adapt\u00e9 aux d\u00e9butants ?<\/strong> Oui ! Le <strong data-start=\"3297\" data-end=\"3317\">Vozol Star 12000<\/strong> est con\u00e7u pour \u00eatre convivial, ce qui le rend parfait pour les nouveaux vapoteurs.<\/p>\n<\/li>\n<li class=\"\" data-start=\"3386\" data-end=\"3558\">\n<p class=\"\" data-start=\"3388\" data-end=\"3558\"><strong data-start=\"3388\" data-end=\"3432\">Combien de temps dure le Vozol Star 12000 ?<\/strong> Avec jusqu'\u00e0 <strong data-start=\"3446\" data-end=\"3461\">12000 bouff\u00e9es<\/strong>Ce dispositif de vape offre des performances durables, vous assurant de tirer le meilleur parti de chaque charge.<\/p>\n<\/li>\n<li class=\"\" data-start=\"3560\" data-end=\"3753\">\n<p class=\"\" data-start=\"3562\" data-end=\"3753\"><strong data-start=\"3562\" data-end=\"3593\">Comment charger l'appareil ?<\/strong> Utilisez simplement le c\u00e2ble de charge inclus pour charger le <strong data-start=\"3649\" data-end=\"3680\">Batterie rechargeable 650mAh<\/strong>Il se charge compl\u00e8tement en <strong data-start=\"3702\" data-end=\"3721\">juste 30 minutes<\/strong>30% plus rapide que les autres appareils.<\/p>\n<\/li>\n<li class=\"\" data-start=\"3755\" data-end=\"3903\">\n<p class=\"\" data-start=\"3757\" data-end=\"3903\"><strong data-start=\"3757\" data-end=\"3798\">Le Vozol Star 12000 est-il \u00e9cologique ?<\/strong> Oui, il est fait de <strong data-start=\"3822\" data-end=\"3856\">plastique recycl\u00e9 post-consommation<\/strong>, ce qui en fait une option respectueuse de l'environnement.<\/p>\n<\/li>\n<li class=\"\" data-start=\"3905\" data-end=\"4055\">\n<p class=\"\" data-start=\"3907\" data-end=\"4055\"><strong data-start=\"3907\" data-end=\"3949\">Quelle est la protection de l'embouchure pour ?<\/strong> Le <strong data-start=\"3956\" data-end=\"3981\">protection de l'embouchure<\/strong> aide \u00e0 maintenir l'embout buccal propre et hygi\u00e9nique, en particulier lorsqu'il n'est pas utilis\u00e9.<\/p>\n<\/li>\n<\/ul>","protected":false},"excerpt":{"rendered":"<p>Le <strong data-start=\"4\" data-end=\"24\">Vozol Star 12000<\/strong> est une vape rechargeable avec 12 000 bouff\u00e9es, charge rapide de 30 minutes, technologie de saveur S.i.L.C., et conception \u00e9cologique, offrant une exp\u00e9rience de vapotage am\u00e9lior\u00e9e et hygi\u00e9nique.<\/p>","protected":false},"featured_media":6627,"comment_status":"open","ping_status":"closed","template":"","meta":[],"product_brand":[],"product_cat":[22],"product_tag":[],"class_list":{"0":"post-6617","1":"product","2":"type-product","3":"status-publish","4":"has-post-thumbnail","6":"product_cat-vozol-disposable-vapes","8":"first","9":"outofstock","10":"shipping-taxable","11":"product-type-variable"},"jetpack_sharing_enabled":true,"_links":{"self":[{"href":"https:\/\/casinovape.de\/fr\/wp-json\/wp\/v2\/product\/6617","targetHints":{"allow":["GET"]}}],"collection":[{"href":"https:\/\/casinovape.de\/fr\/wp-json\/wp\/v2\/product"}],"about":[{"href":"https:\/\/casinovape.de\/fr\/wp-json\/wp\/v2\/types\/product"}],"replies":[{"embeddable":true,"href":"https:\/\/casinovape.de\/fr\/wp-json\/wp\/v2\/comments?post=6617"}],"wp:featuredmedia":[{"embeddable":true,"href":"https:\/\/casinovape.de\/fr\/wp-json\/wp\/v2\/media\/6627"}],"wp:attachment":[{"href":"https:\/\/casinovape.de\/fr\/wp-json\/wp\/v2\/media?parent=6617"}],"wp:term":[{"taxonomy":"product_brand","embeddable":true,"href":"https:\/\/casinovape.de\/fr\/wp-json\/wp\/v2\/product_brand?post=6617"},{"taxonomy":"product_cat","embeddable":true,"href":"https:\/\/casinovape.de\/fr\/wp-json\/wp\/v2\/product_cat?post=6617"},{"taxonomy":"product_tag","embeddable":true,"href":"https:\/\/casinovape.de\/fr\/wp-json\/wp\/v2\/product_tag?post=6617"}],"curies":[{"name":"wp","href":"https:\/\/api.w.org\/{rel}","templated":true}]}}