{"id":6420,"date":"2025-04-03T03:37:55","date_gmt":"2025-04-03T03:37:55","guid":{"rendered":"https:\/\/casinovape.de\/?post_type=product&#038;p=6420"},"modified":"2025-06-09T01:13:44","modified_gmt":"2025-06-09T01:13:44","slug":"european-warehouse-vozol-gear-power-20000-puffs-low-nicotine-buy-original-authentisch-rechargeable-disposable-vapes-pen","status":"publish","type":"product","link":"https:\/\/casinovape.de\/fr\/produit\/european-warehouse-vozol-gear-power-20000-puffs-low-nicotine-buy-original-authentisch-rechargeable-disposable-vapes-pen\/","title":{"rendered":"Entrep\u00f4t europ\u00e9en Vozol Gear Power 20000 bouff\u00e9es Faible nicotine Acheter Vape Pen jetable Rechargeable Authentique d'origine"},"content":{"rendered":"<div style=\"width: 888px;\" class=\"wp-video\"><!--[if lt IE 9]><script>document.createElement('video');<\/script><![endif]-->\n<video class=\"wp-video-shortcode\" id=\"video-6420-1\" width=\"888\" height=\"498\" preload=\"metadata\" controls=\"controls\"><source type=\"video\/mp4\" src=\"https:\/\/casinovape.de\/wp-content\/uploads\/2025\/04\/VOZOL-GEAR-POWER-20000.mp4?_=1\" \/><a href=\"https:\/\/casinovape.de\/wp-content\/uploads\/2025\/04\/VOZOL-GEAR-POWER-20000.mp4\">https:\/\/casinovape.de\/wp-content\/uploads\/2025\/04\/VOZOL-GEAR-POWER-20000.mp4<\/a><\/video><\/div>\n<h2 class=\"\" data-start=\"507\" data-end=\"548\"><a href=\"https:\/\/casinovape.de\/fr\/categorie-de-produit\/vapes-jetables-vozol\/\">VOZOL Gear Power 20000<\/a> Cigarette \u00e9lectronique jetable<\/h2>\n<h3 class=\"\" data-start=\"550\" data-end=\"565\">Description<\/h3>\n<p class=\"\" data-start=\"567\" data-end=\"724\"><span class=\"relative -mx-px my-[-0.2rem] rounded-sm px-px py-[0.2rem]\">Le VOZOL Gear Power 20000 Jetable Vape est un dispositif de pointe con\u00e7u pour les vapoteurs recherchant \u00e0 la fois la long\u00e9vit\u00e9 et des performances exceptionnelles.<\/span> <span class=\"relative -mx-px my-[-0.2rem] rounded-sm px-px py-[0.2rem]\">Avec un syst\u00e8me innovant \u00e0 double mode d'alimentation, les utilisateurs peuvent choisir entre le mode Eco, offrant jusqu'\u00e0 20 000 bouff\u00e9es, et le mode Power, fournissant environ 12 000 bouff\u00e9es.<\/span> <span class=\"relative -mx-px my-[-0.2rem] rounded-sm px-px py-[0.2rem]\">Cette flexibilit\u00e9 vous permet d'adapter votre exp\u00e9rience de vapotage \u00e0 vos pr\u00e9f\u00e9rences, que vous privil\u00e9giez une utilisation prolong\u00e9e ou une session plus intense.<\/span>\u200b<\/p>\n<p class=\"\" data-start=\"726\" data-end=\"883\"><span class=\"relative -mx-px my-[-0.2rem] rounded-sm px-px py-[0.2rem]\">\u00c9quip\u00e9 d'un r\u00e9servoir de e-liquide pr\u00e9-rempli substantiel de 20mL avec une concentration en nicotine de 5% (50mg), le VOZOL Gear Power garantit un voyage de vapotage satisfaisant et prolong\u00e9.<\/span> <span class=\"relative -mx-px my-[-0.2rem] rounded-sm px-px py-[0.2rem]\">L'appareil est \u00e9quip\u00e9 d'une batterie rechargeable de 650mAh, compl\u00e9t\u00e9e par un port de charge USB Type-C pour une recharge rapide et pratique.<\/span> <span class=\"relative -mx-px my-[-0.2rem] rounded-sm px-px py-[0.2rem]\">L'\u00e9cran LED plein \u00e9cran fournit des informations en temps r\u00e9el sur la dur\u00e9e de vie de la batterie, les niveaux de e-liquide et l'\u00e9tat de l'alimentation, vous maintenant inform\u00e9 et sous contr\u00f4le.<\/span>\u200b<\/p>\n<p class=\"\" data-start=\"885\" data-end=\"1010\"><span class=\"relative -mx-px my-[-0.2rem] rounded-sm px-px py-[0.2rem]\">En int\u00e9grant une technologie S.i.L.C. (Smooth, Identical, Long-lasting, Clean) avanc\u00e9e et un syst\u00e8me de bobine \u00e0 double maille, ce vape jetable offre des saveurs riches et constantes ainsi qu'une production de vapeur lisse d\u00e8s la premi\u00e8re bouff\u00e9e jusqu'\u00e0 la derni\u00e8re.<\/span> <span class=\"relative -mx-px my-[-0.2rem] rounded-sm px-px py-[0.2rem]\">L'inclusion d'un prot\u00e8ge-embout buccal assure l'hygi\u00e8ne et la propret\u00e9, am\u00e9liorant l'exp\u00e9rience utilisateur globale.<\/span>\u200b<\/p>\n<h3 class=\"\" data-start=\"1012\" data-end=\"1028\">Fonctionnalit\u00e9s cl\u00e9s<\/h3>\n<ul data-start=\"1030\" data-end=\"1916\">\n<li class=\"\" data-start=\"1030\" data-end=\"1217\">\n<p class=\"\" data-start=\"1032\" data-end=\"1055\"><strong data-start=\"1032\" data-end=\"1053\">Modes de puissance doubles :<\/strong><\/p>\n<ul data-start=\"1058\" data-end=\"1217\">\n<li class=\"\" data-start=\"1058\" data-end=\"1113\">\n<p class=\"\" data-start=\"1060\" data-end=\"1113\"><em data-start=\"1060\" data-end=\"1071\">Mode \u00c9co :<\/em> <span class=\"relative -mx-px my-[-0.2rem] rounded-sm px-px py-[0.2rem]\">Offre jusqu'\u00e0 20 000 bouff\u00e9es pour une utilisation prolong\u00e9e.<\/span><\/p>\n<\/li>\n<li class=\"\" data-start=\"1116\" data-end=\"1217\">\n<p class=\"\" data-start=\"1118\" data-end=\"1217\"><em data-start=\"1118\" data-end=\"1131\">Mode Power :<\/em> <span class=\"relative -mx-px my-[-0.2rem] rounded-sm px-px py-[0.2rem]\">Offre environ 12 000 bouff\u00e9es pour une exp\u00e9rience de vapotage plus intense.<\/span><\/p>\n<\/li>\n<\/ul>\n<\/li>\n<li class=\"\" data-start=\"1219\" data-end=\"1338\">\n<p class=\"\" data-start=\"1221\" data-end=\"1338\"><strong data-start=\"1221\" data-end=\"1252\">Capacit\u00e9 g\u00e9n\u00e9reuse de liquide \u00e9lectronique :<\/strong> <span class=\"relative -mx-px my-[-0.2rem] rounded-sm px-px py-[0.2rem]\">Pr\u00e9rempli avec 20mL de e-liquide \u00e0 une concentration en nicotine de 50mg (5%) pour une satisfaction prolong\u00e9e.<\/span>\u200b<\/p>\n<\/li>\n<li class=\"\" data-start=\"1340\" data-end=\"1453\">\n<p class=\"\" data-start=\"1342\" data-end=\"1453\"><strong data-start=\"1342\" data-end=\"1367\">Batterie Rechargeable<\/strong> <span class=\"relative -mx-px my-[-0.2rem] rounded-sm px-px py-[0.2rem]\">\u00c9quip\u00e9 d'une batterie de 650mAh et d'une recharge USB Type-C pour une recharge rapide et pratique.<\/span>\u200b<\/p>\n<\/li>\n<li class=\"\" data-start=\"1455\" data-end=\"1571\">\n<p class=\"\" data-start=\"1457\" data-end=\"1571\"><strong data-start=\"1457\" data-end=\"1485\">\u00c9cran LED Full-Screen :<\/strong> <span class=\"relative -mx-px my-[-0.2rem] rounded-sm px-px py-[0.2rem]\">Fournit des mises \u00e0 jour en temps r\u00e9el sur la dur\u00e9e de vie de la batterie, les niveaux d'e-liquide et l'\u00e9tat de l'alimentation.<\/span>\u200b<\/p>\n<\/li>\n<li class=\"\" data-start=\"1573\" data-end=\"1687\">\n<p class=\"\" data-start=\"1575\" data-end=\"1687\"><strong data-start=\"1575\" data-end=\"1601\">Syst\u00e8me de double bobine sur grille:<\/strong> <span class=\"relative -mx-px my-[-0.2rem] rounded-sm px-px py-[0.2rem]\">Am\u00e9liore l'intensit\u00e9 de la saveur et la production de vapeur pour une exp\u00e9rience de vapotage sup\u00e9rieure.<\/span>\u200b<\/p>\n<\/li>\n<li class=\"\" data-start=\"1689\" data-end=\"1801\">\n<p class=\"\" data-start=\"1691\" data-end=\"1801\"><strong data-start=\"1691\" data-end=\"1715\">Technologie S.i.L.C. :<\/strong> <span class=\"relative -mx-px my-[-0.2rem] rounded-sm px-px py-[0.2rem]\">Assure des tirages fluides, constants et propres tout au long de la dur\u00e9e de vie de l'appareil.<\/span>\u200b<\/p>\n<\/li>\n<li class=\"\" data-start=\"1803\" data-end=\"1916\">\n<p class=\"\" data-start=\"1805\" data-end=\"1916\"><strong data-start=\"1805\" data-end=\"1830\">Prot\u00e8ge-embout buccal :<\/strong> <span class=\"relative -mx-px my-[-0.2rem] rounded-sm px-px py-[0.2rem]\">Entretient l'hygi\u00e8ne et la propret\u00e9 de l'appareil.<\/span><\/p>\n<\/li>\n<\/ul>\n<h3 class=\"\" data-start=\"1918\" data-end=\"1956\">Pourquoi choisir <a href=\"https:\/\/casinovape.de\/fr\/categorie-de-produit\/vapes-jetables-vozol\/\">VOZOL Gear Power 20000<\/a>?<\/h3>\n<p class=\"\" data-start=\"1958\" data-end=\"2163\"><span class=\"relative -mx-px my-[-0.2rem] rounded-sm px-px py-[0.2rem]\">La VOZOL Gear Power 20000 se d\u00e9marque sur le march\u00e9 des vapes jetables en raison de sa combinaison de haute capacit\u00e9, de technologie avanc\u00e9e et de conception centr\u00e9e sur l'utilisateur.<\/span> <span class=\"relative -mx-px my-[-0.2rem] rounded-sm px-px py-[0.2rem]\">Les modes de double puissance offrent une polyvalence pour s'adapter \u00e0 diff\u00e9rentes pr\u00e9f\u00e9rences de vapotage, tandis que la capacit\u00e9 substantielle de e-liquide et la batterie rechargeable garantissent une utilisation durable sans remplacements fr\u00e9quents.<\/span> <span class=\"relative -mx-px my-[-0.2rem] rounded-sm px-px py-[0.2rem]\">L'int\u00e9gration de la technologie S.i.L.C. et d'un syst\u00e8me de bobine \u00e0 double maille garantit une exp\u00e9rience constamment lisse et savoureuse.<\/span> <span class=\"relative -mx-px my-[-0.2rem] rounded-sm px-px py-[0.2rem]\">De plus, l'\u00e9cran LED pleine \u00e9cran et le prot\u00e8ge-embout buccal ajoutent de la commodit\u00e9 et de l'hygi\u00e8ne, ce qui fait de cet appareil un choix de premier plan pour les vapoteurs exigeants.<\/span><\/p>\n<p class=\"\" data-start=\"1958\" data-end=\"2163\"><img loading=\"lazy\" decoding=\"async\" class=\"alignnone wp-image-6452 size-full\" src=\"https:\/\/casinovape.de\/wp-content\/uploads\/2025\/04\/Vozol-gear-power-20000-2-scaled.webp\" alt=\"Entrep\u00f4t europ\u00e9en Vozol puissance 20000 bouff\u00e9es faible nicotine Acheter Vape Pen jetable rechargeable authentique d&#039;origine\" width=\"2560\" height=\"1440\" srcset=\"https:\/\/casinovape.de\/wp-content\/uploads\/2025\/04\/Vozol-gear-power-20000-2-scaled.webp 2560w, https:\/\/casinovape.de\/wp-content\/uploads\/2025\/04\/Vozol-gear-power-20000-2-300x169.webp 300w, https:\/\/casinovape.de\/wp-content\/uploads\/2025\/04\/Vozol-gear-power-20000-2-1024x576.webp 1024w, https:\/\/casinovape.de\/wp-content\/uploads\/2025\/04\/Vozol-gear-power-20000-2-768x432.webp 768w, https:\/\/casinovape.de\/wp-content\/uploads\/2025\/04\/Vozol-gear-power-20000-2-1536x864.webp 1536w, https:\/\/casinovape.de\/wp-content\/uploads\/2025\/04\/Vozol-gear-power-20000-2-2048x1152.webp 2048w, https:\/\/casinovape.de\/wp-content\/uploads\/2025\/04\/Vozol-gear-power-20000-2-18x10.webp 18w, https:\/\/casinovape.de\/wp-content\/uploads\/2025\/04\/Vozol-gear-power-20000-2-600x337.webp 600w\" sizes=\"auto, (max-width: 2560px) 100vw, 2560px\" \/>\u200b<\/p>\n<h3 class=\"\" data-start=\"2165\" data-end=\"2186\">Saveurs disponibles<\/h3>\n<p class=\"\" data-start=\"2188\" data-end=\"2273\"><span class=\"relative -mx-px my-[-0.2rem] rounded-sm px-px py-[0.2rem]\">Le VOZOL Gear Power 20000 est disponible dans une vari\u00e9t\u00e9 de saveurs m\u00e9ticuleusement con\u00e7ues pour r\u00e9pondre \u00e0 des go\u00fbts divers :<\/span>\u200b<\/p>\n<ol data-start=\"2275\" data-end=\"3378\">\n<li class=\"\" data-start=\"2275\" data-end=\"2382\">\n<p class=\"\" data-start=\"2278\" data-end=\"2382\"><strong data-start=\"2278\" data-end=\"2296\">Blue Razz Ice :<\/strong> <span class=\"relative -mx-px my-[-0.2rem] rounded-sm px-px py-[0.2rem]\">Un m\u00e9lange piquant de framboise bleue avec une finition menthol\u00e9e rafra\u00eechissante, offrant un \u00e9quilibre parfait de sucr\u00e9 et de glacial.<\/span><\/p>\n<\/li>\n<li class=\"\" data-start=\"2384\" data-end=\"2493\">\n<p class=\"\" data-start=\"2387\" data-end=\"2493\"><strong data-start=\"2387\" data-end=\"2407\">Caribbean Juice :<\/strong> <span class=\"relative -mx-px my-[-0.2rem] rounded-sm px-px py-[0.2rem]\">Un m\u00e9lange exotique de fruits tropicaux qui vous transporte dans un paradis ensoleill\u00e9 \u00e0 chaque bouff\u00e9e.<\/span>\u200b<\/p>\n<\/li>\n<li class=\"\" data-start=\"2495\" data-end=\"2605\">\n<p class=\"\" data-start=\"2498\" data-end=\"2605\"><strong data-start=\"2498\" data-end=\"2519\">Glace Cherry Berry :<\/strong> <span class=\"relative -mx-px my-[-0.2rem] rounded-sm px-px py-[0.2rem]\">Une combinaison sucr\u00e9e et acidul\u00e9e de cerises et de baies m\u00e9lang\u00e9es, rehauss\u00e9e d'une touche rafra\u00eechissante de menthol.<\/span>\u200b<\/p>\n<\/li>\n<li class=\"\" data-start=\"2607\" data-end=\"2710\">\n<p class=\"\" data-start=\"2610\" data-end=\"2710\"><strong data-start=\"2610\" data-end=\"2624\">Fresh Mint<\/strong> <span class=\"relative -mx-px my-[-0.2rem] rounded-sm px-px py-[0.2rem]\">Une saveur de menthe croustillante et rafra\u00eechissante qui procure une exp\u00e9rience de vapotage propre et rafra\u00eechissante.<\/span>\u200b<\/p>\n<\/li>\n<li class=\"\" data-start=\"2712\" data-end=\"2822\">\n<p class=\"\" data-start=\"2715\" data-end=\"2822\"><strong data-start=\"2715\" data-end=\"2736\">Double Pomme Glace :<\/strong> <span class=\"relative -mx-px my-[-0.2rem] rounded-sm px-px py-[0.2rem]\">Un m\u00e9lange harmonieux de pommes rouges et vertes avec une note sous-jacente de menthol frais, \u00e9quilibrant le sucr\u00e9 et l'acidit\u00e9.<\/span>\u200b<\/p>\n<\/li>\n<li class=\"\" data-start=\"2824\" data-end=\"2927\">\n<p class=\"\" data-start=\"2827\" data-end=\"2927\"><strong data-start=\"2827\" data-end=\"2841\">Glace au raisin :<\/strong> <span class=\"relative -mx-px my-[-0.2rem] rounded-sm px-px py-[0.2rem]\">Des raisins juteux et m\u00fbris au soleil, compl\u00e9t\u00e9s par une brise de menthol rafra\u00eechissante, cr\u00e9ant une sensation fra\u00eeche et sucr\u00e9e.<\/span>\u200b<\/p>\n<\/li>\n<li class=\"\" data-start=\"2929\" data-end=\"3040\">\n<p class=\"\" data-start=\"2932\" data-end=\"3040\"><strong data-start=\"2932\" data-end=\"2954\">Glace de Mangue Mexicaine :<\/strong> <span class=\"relative -mx-px my-[-0.2rem] rounded-sm px-px py-[0.2rem]\">Des mangues luxueuses et m\u00fbres infus\u00e9es d'une pointe de menthol, offrant une \u00e9chappatoire tropicale \u00e0 chaque inspiration.<\/span>\u200b<\/p>\n<\/li>\n<li class=\"\" data-start=\"3042\" data-end=\"3156\">\n<p class=\"\" data-start=\"3045\" data-end=\"3156\"><strong data-start=\"3045\" data-end=\"3070\">Framboise Past\u00e8que:<\/strong> <span class=\"relative -mx-px my-[-0.2rem] rounded-sm px-px py-[0.2rem]\">Une fusion d\u00e9licieuse de framboises sucr\u00e9es et de past\u00e8que juteuse, offrant une vapeur rafra\u00eechissante et fruit\u00e9es.<\/span>\u200b<\/p>\n<\/li>\n<li class=\"\" data-start=\"3158\" data-end=\"3267\">\n<p class=\"\" data-start=\"3161\" data-end=\"3267\"><strong data-start=\"3161\" data-end=\"3181\">Fraise Kiwi:<\/strong> <span class=\"relative -mx-px my-[-0.2rem] rounded-sm px-px py-[0.2rem]\">Un mariage classique de fraises succulentes et de kiwi acidul\u00e9, offrant une exp\u00e9rience lisse et parfum\u00e9e.<\/span>\u200b<\/p>\n<\/li>\n<li class=\"\" data-start=\"3269\" data-end=\"3378\">\n<p class=\"\" data-start=\"3273\" data-end=\"3378\"><strong data-start=\"3273\" data-end=\"3292\">Glace de past\u00e8que<\/strong> <span class=\"relative -mx-px my-[-0.2rem] rounded-sm px-px py-[0.2rem]\">Saveur de past\u00e8que rafra\u00eechissante avec une finition menthol\u00e9e fra\u00eeche, parfaite pour les chaudes journ\u00e9es d'\u00e9t\u00e9.<\/span>\u200b<\/p>\n<\/li>\n<\/ol>\n<h3 class=\"\" data-start=\"3380\" data-end=\"3388\">Foire aux questions<\/h3>\n<p class=\"\" data-start=\"3390\" data-end=\"3525\"><strong data-start=\"3390\" data-end=\"3437\">Le VOZOL Gear Power 20000 est-il rechargeable ?<\/strong><br data-start=\"3437\" data-end=\"3440\" \/><span class=\"relative -mx-px my-[-0.2rem] rounded-sm px-px py-[0.2rem]\">Oui, il dispose d'une batterie rechargeable de 650mAh avec un port de charge USB Type-C pour une recharge rapide et pratique.<\/span><\/p>\n<p class=\"\" data-start=\"3527\" data-end=\"3652\"><strong data-start=\"3527\" data-end=\"3564\">Comment fonctionnent les modes de double puissance ?<\/strong><br data-start=\"3564\" data-end=\"3567\" \/><span class=\"relative -mx-px my-[-0.2rem] rounded-sm px-px py-[0.2rem]\">Le dispositif offre deux modes : le mode Eco pour jusqu'\u00e0 20 000 bouff\u00e9es, ax\u00e9 sur une utilisation prolong\u00e9e, et le mode Power pour environ 12 000 bouff\u00e9es, offrant une exp\u00e9rience de vapotage plus intense.<\/span>\u200b<\/p>\n<p class=\"\" data-start=\"3654\" data-end=\"3774\"><strong data-start=\"3654\" data-end=\"3686\">Qu'est-ce que la technologie S.i.L.C. ?<\/strong><br data-start=\"3686\" data-end=\"3689\" \/><span class=\"relative -mx-px my-[-0.2rem] rounded-sm px-px py-[0.2rem]\">S.i.L.C. est l'abr\u00e9viation de Smooth, Identical, Long-lasting, Clean technology, garantissant des saveurs constantes et de haute qualit\u00e9 ainsi qu'une production de vapeur lisse tout au long de la dur\u00e9e de vie de l'appareil.<\/span>\u200b<\/p>\n<p class=\"\" data-start=\"3776\" data-end=\"3918\"><strong data-start=\"3776\" data-end=\"3830\">Comment puis-je surveiller les niveaux de batterie et d'e-liquide ?<\/strong><br data-start=\"3830\" data-end=\"3833\" \/><span class=\"relative -mx-px my-[-0.2rem] rounded-sm px-px py-[0.2rem]\">L'\u00e9cran LED plein \u00e9cran fournit des informations en temps r\u00e9el sur la dur\u00e9e de vie de la batterie, les niveaux de e-liquide et l'\u00e9tat de l'alimentation, vous maintenant inform\u00e9 et sous contr\u00f4le.<\/span>\u200b<\/p>","protected":false},"excerpt":{"rendered":"<p>Le<strong> VOZOL Gear Power 20000<\/strong> Les Disposable Vape offrent jusqu'\u00e0 20 000 bouff\u00e9es, un \u00e9cran full screen, deux modes de puissance et une batterie rechargeable pour une exp\u00e9rience de vapotage haut de gamme.<\/p>","protected":false},"featured_media":6463,"comment_status":"open","ping_status":"closed","template":"","meta":[],"product_brand":[],"product_cat":[22],"product_tag":[],"class_list":{"0":"post-6420","1":"product","2":"type-product","3":"status-publish","4":"has-post-thumbnail","6":"product_cat-vozol-disposable-vapes","8":"first","9":"instock","10":"sale","11":"shipping-taxable","12":"purchasable","13":"product-type-variable"},"jetpack_sharing_enabled":true,"_links":{"self":[{"href":"https:\/\/casinovape.de\/fr\/wp-json\/wp\/v2\/product\/6420","targetHints":{"allow":["GET"]}}],"collection":[{"href":"https:\/\/casinovape.de\/fr\/wp-json\/wp\/v2\/product"}],"about":[{"href":"https:\/\/casinovape.de\/fr\/wp-json\/wp\/v2\/types\/product"}],"replies":[{"embeddable":true,"href":"https:\/\/casinovape.de\/fr\/wp-json\/wp\/v2\/comments?post=6420"}],"wp:featuredmedia":[{"embeddable":true,"href":"https:\/\/casinovape.de\/fr\/wp-json\/wp\/v2\/media\/6463"}],"wp:attachment":[{"href":"https:\/\/casinovape.de\/fr\/wp-json\/wp\/v2\/media?parent=6420"}],"wp:term":[{"taxonomy":"product_brand","embeddable":true,"href":"https:\/\/casinovape.de\/fr\/wp-json\/wp\/v2\/product_brand?post=6420"},{"taxonomy":"product_cat","embeddable":true,"href":"https:\/\/casinovape.de\/fr\/wp-json\/wp\/v2\/product_cat?post=6420"},{"taxonomy":"product_tag","embeddable":true,"href":"https:\/\/casinovape.de\/fr\/wp-json\/wp\/v2\/product_tag?post=6420"}],"curies":[{"name":"wp","href":"https:\/\/api.w.org\/{rel}","templated":true}]}}