{"id":5916,"date":"2025-01-03T07:55:52","date_gmt":"2025-01-03T07:55:52","guid":{"rendered":"https:\/\/casinovape.de\/?post_type=product&#038;p=5916"},"modified":"2025-04-23T06:33:34","modified_gmt":"2025-04-23T06:33:34","slug":"european-warehouse-solobar-solo-30000-puffs-low-nicotine-buy-original-authentisch-rechargeable-disposable-vapes-pen","status":"publish","type":"product","link":"https:\/\/casinovape.de\/fr\/produit\/european-warehouse-solobar-solo-30000-puffs-low-nicotine-buy-original-authentisch-rechargeable-disposable-vapes-pen\/","title":{"rendered":"Entrep\u00f4t europ\u00e9en Solobar Solo 30000 bouff\u00e9es Nicotine faible Acheter Vape jetable rechargeable Authentique Original Stylo Vape"},"content":{"rendered":"<div style=\"width: 1020px;\" class=\"wp-video\"><!--[if lt IE 9]><script>document.createElement('video');<\/script><![endif]-->\n<video class=\"wp-video-shortcode\" id=\"video-5916-1\" width=\"1020\" height=\"574\" preload=\"metadata\" controls=\"controls\"><source type=\"video\/mp4\" src=\"https:\/\/casinovape.de\/wp-content\/uploads\/2024\/12\/solobar-solo-30000.mp4?_=1\" \/><a href=\"https:\/\/casinovape.de\/wp-content\/uploads\/2024\/12\/solobar-solo-30000.mp4\">https:\/\/casinovape.de\/wp-content\/uploads\/2024\/12\/solobar-solo-30000.mp4<\/a><\/video><\/div>\n<div class=\"flex-1 overflow-hidden @container\/thread\">\n<div class=\"h-full\">\n<div class=\"react-scroll-to-bottom--css-mqmrw-79elbk h-full\">\n<div class=\"react-scroll-to-bottom--css-mqmrw-1n7m0yu\">\n<div class=\"flex flex-col text-sm md:pb-9\">\n<article class=\"w-full scroll-mb-[var(--thread-trailing-height,150px)] text-token-text-primary focus-visible:outline-2 focus-visible:outline-offset-[-4px]\" dir=\"auto\" data-testid=\"conversation-turn-3\" data-scroll-anchor=\"true\">\n<div class=\"m-auto text-base py-[18px] px-3 md:px-4 w-full md:px-5 lg:px-4 xl:px-5\">\n<div class=\"mx-auto flex flex-1 gap-4 text-base md:gap-5 lg:gap-6 md:max-w-3xl lg:max-w-[40rem] xl:max-w-[48rem]\">\n<div class=\"group\/conversation-turn relative flex w-full min-w-0 flex-col agent-turn\">\n<div class=\"flex-col gap-1 md:gap-3\">\n<div class=\"flex max-w-full flex-col flex-grow\">\n<div class=\"min-h-8 text-message flex w-full flex-col items-end gap-2 whitespace-normal break-words text-start [.text-message+&amp;]:mt-5\" dir=\"auto\" data-message-author-role=\"assistant\" data-message-id=\"63cb7b2f-9776-4b2e-9419-cd940c0b8b0c\" data-message-model-slug=\"gpt-4o\">\n<div class=\"flex w-full flex-col gap-1 empty:hidden first:pt-[3px]\">\n<div class=\"markdown prose w-full break-words dark:prose-invert light\">\n<h2>D\u00e9couvrez le Solobar Solo 30 000 bouff\u00e9es Vape jetable : L'innovation ultime en mati\u00e8re de vapotage<\/h2>\n<p>Si vous \u00eates un amateur de profils de saveur de haute qualit\u00e9, durables et exceptionnels, le <strong>Solobar Solo 30 000 bouff\u00e9es<\/strong> Les vapes jetables sont l\u00e0 pour r\u00e9volutionner votre exp\u00e9rience de vapotage. Que vous soyez un vapoteur exp\u00e9riment\u00e9 ou nouveau dans le monde des vapes jetables, cet appareil offre des performances in\u00e9gal\u00e9es, une long\u00e9vit\u00e9 impressionnante et des tirages fluides, ce qui en fait le choix id\u00e9al pour quiconque cherche une solution de vapotage de haute qualit\u00e9.<\/p>\n<p>Avec <strong>30 000 bouff\u00e9es<\/strong> dans un seul dispositif, le <strong>Solobar Solo<\/strong> se d\u00e9marque comme l'un des vapes jetables les plus durables disponibles aujourd'hui. Pas besoin de s'inqui\u00e9ter des remplacements fr\u00e9quents ; ce vape rechargeable et haute performance offre une dur\u00e9e de vie prolong\u00e9e qui r\u00e9pond \u00e0 vos exigences, en faisant un v\u00e9ritable chef de file sur le march\u00e9. De plus, avec la flexibilit\u00e9 de la charge et la facilit\u00e9 d'utilisation, il offre une exp\u00e9rience qui convient aussi bien aux d\u00e9butants qu'aux utilisateurs exp\u00e9riment\u00e9s.<\/p>\n<div style=\"width: 1020px;\" class=\"wp-video\"><video class=\"wp-video-shortcode\" id=\"video-5916-2\" width=\"1020\" height=\"574\" preload=\"metadata\" controls=\"controls\"><source type=\"video\/mp4\" src=\"https:\/\/casinovape.de\/wp-content\/uploads\/2024\/12\/solobar-solo-30000-2.mp4?_=2\" \/><a href=\"https:\/\/casinovape.de\/wp-content\/uploads\/2024\/12\/solobar-solo-30000-2.mp4\">https:\/\/casinovape.de\/wp-content\/uploads\/2024\/12\/solobar-solo-30000-2.mp4<\/a><\/video><\/div>\n<h3>Principales Caract\u00e9ristiques du Solobar Solo 30 000 Puffs Vape Jetable<\/h3>\n<p>Le <strong>Solobar Solo 30 000 bouff\u00e9es<\/strong> est con\u00e7u avec des fonctionnalit\u00e9s avanc\u00e9es qui am\u00e9liorent votre plaisir de vapotage, offrant plus qu'un simple vaporisateur. Voici une ventilation de ce qui rend cet appareil si sp\u00e9cial :<\/p>\n<h4>1. <strong>30 000 bouff\u00e9es pour un plaisir prolong\u00e9<\/strong><\/h4>\n<p>Adieu aux remplacements fr\u00e9quents avec une vape jetable qui offre une \u00e9norme <strong>30 000 bouff\u00e9es<\/strong>Que vous vapiez l\u00e9g\u00e8rement ou intens\u00e9ment, vous appr\u00e9cierez la dur\u00e9e de vie de cet appareil, ce qui en fait une option rentable et fiable pour une utilisation \u00e0 long terme.<\/p>\n<h4>2. <strong>\u00c9cran d'affichage \u00e0 LED<\/strong><\/h4>\n<p>Le <strong>Solobar Solo<\/strong> pr\u00e9sente un vibrant <strong>\u00c9cran d'affichage \u00e0 LED<\/strong> qui affiche des informations essentielles comme la dur\u00e9e de vie de la batterie et le nombre de bouff\u00e9es. Cela vous aide \u00e0 surveiller facilement votre utilisation et vous assure de toujours \u00eatre en contr\u00f4le.<\/p>\n<h4>3. <strong>Contr\u00f4le du d\u00e9bit d'air pour le vapotage personnalis\u00e9<\/strong><\/h4>\n<p>Personnalisez votre exp\u00e9rience de vapotage avec le <strong>contr\u00f4le de flux d'air<\/strong> fonction. Que vous pr\u00e9f\u00e9riez une aspiration serr\u00e9e ou une vapeur plus a\u00e9rienne, le r\u00e9glage du d\u00e9bit d'air vous permet de trouver votre style de vapotage id\u00e9al.<\/p>\n<h4>4. <strong>Puissance de sortie 10-30W<\/strong><\/h4>\n<p>Exp\u00e9riencez une puissance constante avec le <strong>Puissance de sortie 10-30W<\/strong> Que vous recherchiez un vapeur plus l\u00e9ger ou plus puissant, le Solobar Solo s'adapte \u00e0 vos pr\u00e9f\u00e9rences, offrant des bouff\u00e9es lisses et satisfaisantes \u00e0 chaque fois.<\/p>\n<h4>5. <strong>Batterie rechargeable 880 mAh<\/strong><\/h4>\n<p>\u00c9quip\u00e9 d'un puissant <strong>Batterie rechargeable 880 mAh<\/strong>Le Solobar Solo garantit une exp\u00e9rience de vapotage constante et prolong\u00e9e. La fonctionnalit\u00e9 rechargeable en fait un choix \u00e9cologique, tout en vous assurant d'obtenir une utilisation maximale de votre appareil avant de devoir le recharger.<\/p>\n<h4>6. <strong>Lumi\u00e8re ambiante Allum\u00e9\/\u00c9teint<\/strong><\/h4>\n<p>Pour une touche \u00e9l\u00e9gante et stylis\u00e9e, le <strong>lumi\u00e8re ambiante<\/strong> Cette fonctionnalit\u00e9 ajoute un effet visuel amusant \u00e0 votre exp\u00e9rience de vapotage. Vous pouvez l'activer ou la d\u00e9sactiver en fonction de vos pr\u00e9f\u00e9rences, permettant une exp\u00e9rience immersive et personnalisable.<\/p>\n<h4>7. <strong>Double Bobine Maille<\/strong><\/h4>\n<p>Le <strong>bobine double maille<\/strong> Dans le Solobar Solo, une exp\u00e9rience de vapotage plus fluide et plus constante est offerte en assurant un flux d'air optimal et un chauffage uniforme de votre jus de vape. Cette fonctionnalit\u00e9 am\u00e9liore le profil de saveur et assure des nuages riches et corpulents \u00e0 chaque fois.<\/p>\n<h4>8. <strong>Conception pour d\u00e9butants<\/strong><\/h4>\n<p>Que vous soyez un vapoteur d\u00e9butant ou un professionnel exp\u00e9riment\u00e9, le <strong>Solobar Solo 30 000 bouff\u00e9es<\/strong> est con\u00e7u pour \u00eatre convivial. Avec une interface simple et intuitive, cet appareil est parfait pour les d\u00e9butants qui veulent se lancer rapidement sans complications.<\/p>\n<p><img loading=\"lazy\" decoding=\"async\" class=\"alignnone wp-image-5015 size-full\" src=\"https:\/\/casinovape.de\/wp-content\/uploads\/2024\/12\/solobar-solo-30000-2.webp\" alt=\"Entrep\u00f4t europ\u00e9en Solobar Solo 30000 bouff\u00e9es Nicotine faible Acheter Vape jetable rechargeable Authentique Original Stylo Vape\" width=\"1024\" height=\"494\" srcset=\"https:\/\/casinovape.de\/wp-content\/uploads\/2024\/12\/solobar-solo-30000-2.webp 1024w, https:\/\/casinovape.de\/wp-content\/uploads\/2024\/12\/solobar-solo-30000-2-300x145.webp 300w, https:\/\/casinovape.de\/wp-content\/uploads\/2024\/12\/solobar-solo-30000-2-768x371.webp 768w, https:\/\/casinovape.de\/wp-content\/uploads\/2024\/12\/solobar-solo-30000-2-18x9.webp 18w, https:\/\/casinovape.de\/wp-content\/uploads\/2024\/12\/solobar-solo-30000-2-600x289.webp 600w\" sizes=\"auto, (max-width: 1024px) 100vw, 1024px\" \/><\/p>\n<h3>D\u00e9couvrez les saveurs exquises de Solobar Solo<\/h3>\n<p>Le <strong>Solobar Solo 30 000 bouff\u00e9es<\/strong> n'est pas seulement une question de performance ; c'est aussi une question de saveur. L'appareil est livr\u00e9 avec une large vari\u00e9t\u00e9 de saveurs app\u00e9tissantes, con\u00e7ues pour am\u00e9liorer votre exp\u00e9rience de vapotage. Ces saveurs haut de gamme sont formul\u00e9es pour offrir une saveur riche et satisfaisante qui vous fera revenir \u00e0 chaque fois. Voici un aper\u00e7u plus d\u00e9taill\u00e9 des options de saveur disponibles :<\/p>\n<h4>1. <strong>Blue Razz Ice<\/strong><\/h4>\n<p>Une combinaison rafra\u00eechissante de framboise bleue et une finition menthol\u00e9e fra\u00eeche, cette saveur est parfaite pour quiconque aime une vapeur sucr\u00e9e mais glac\u00e9e.<\/p>\n<h4>2. <strong>P\u00eache Juteuse<\/strong><\/h4>\n<p>Cette saveur offre le go\u00fbt authentique de p\u00eaches m\u00fbres et juteuses, procurant une exp\u00e9rience de vapotage lisse et sucr\u00e9e aussi d\u00e9licieuse que de mordre dans le fruit frais.<\/p>\n<h4>3. <strong>Glace \u00e0 la mangue<\/strong><\/h4>\n<p>Une friandise tropicale avec la richesse de la mangue sucr\u00e9e associ\u00e9e \u00e0 une touche de menthol pour une sensation de fra\u00eecheur qui rend cette saveur vraiment irr\u00e9sistible.<\/p>\n<h4>4. <strong>Ananas Pomme Poire<\/strong><\/h4>\n<p>Une d\u00e9licieuse fusion d'ananas tropical, de pomme croquante et de poire juteuse. Cette saveur riche en fruits est parfaite pour ceux qui veulent une vapeur sucr\u00e9e et fruit\u00e9es.<\/p>\n<h4>5. <strong>P\u00eache Berry Ice \nor  Glace p\u00eache et baies could be more accurate translation but as per instruction I provided  \"Peach Berry Ice\" with minimal change as  \"P\u00eache Berry Ice\"<\/strong><\/h4>\n<p>Un m\u00e9lange parfait de p\u00eache m\u00fbre et de baies acidul\u00e9es, termin\u00e9 par une brise de menthol rafra\u00eechissante. Cette saveur est un choix sucr\u00e9 et rafra\u00eechissant pour les amateurs de vape fruit\u00e9es.<\/p>\n<h4>6. <strong>Glace aux framboises et cerises<\/strong><\/h4>\n<p>Une combinaison piquante et acidul\u00e9e de framboises m\u00fbres et de cerises, avec une finition fra\u00eeche et glac\u00e9e. Cette saveur est \u00e0 la fois sucr\u00e9e et rafra\u00eechissante.<\/p>\n<h4>7. <strong>Pomme verte acide<\/strong><\/h4>\n<p>Pour ceux qui appr\u00e9cient une saveur acide et astringente, le <strong>Pomme verte acide<\/strong> offre un coup de pied intense et acide, compl\u00e9t\u00e9 par une douceur rafra\u00eechissante.<\/p>\n<h4>8. <strong>Past\u00e8que aux fraises<\/strong><\/h4>\n<p>Une combinaison de fruits classique, cette saveur associe des fraises juteuses \u00e0 la past\u00e8que rafra\u00eechissante pour une exp\u00e9rience de vape sucr\u00e9e et satisfaisante.<\/p>\n<h4>9. <strong>Glace aux fraises et kiwi<\/strong><\/h4>\n<p>Un m\u00e9lange harmonieux de fraises m\u00fbres et de kiwi acidul\u00e9, \u00e9quilibr\u00e9 par une finition glac\u00e9e rafra\u00eechissante. Cette saveur r\u00e9unit le meilleur des fruits tropicaux avec une sensation de menthol frais.<\/p>\n<h4>10. <strong>Glace de past\u00e8que<\/strong><\/h4>\n<p>Une saveur parfaite pour l'\u00e9t\u00e9, <strong>Glace de past\u00e8que<\/strong> m\u00e9lange la past\u00e8que sucr\u00e9e et juteuse avec une finition menthol\u00e9e fra\u00eeche pour une vapeur croquante et rafra\u00eechissante.<\/p>\n<h3>Pourquoi vous devriez acheter Solobar Solo 30 000 bouff\u00e9es de <a href=\"https:\/\/casinovape.de\/fr\/\">Casinovape<\/a><\/h3>\n<p>\u00c0 <strong>Casinovape<\/strong>Nous sommes fiers d'offrir les <strong>Solobar Solo 30 000 bouff\u00e9es<\/strong> disposable vape, ainsi que d'autres grandes marques telles que <strong>Al Fakher<\/strong>, <strong>Fizzy<\/strong>, <strong>OBEELAB HHC<\/strong>, <strong>Randm Fumot<\/strong>, et <strong>SMPO DL02<\/strong>Notre vaste s\u00e9lection garantit que vous ayez acc\u00e8s aux meilleurs vaporisateurs jetables les plus fiables du march\u00e9.<\/p>\n<p>Nous sommes la plus grande plateforme de vente en ligne de vapoteuses jetables <strong>Deutschland<\/strong>et nous exp\u00e9dions directement depuis nos <strong>Entrep\u00f4t de vape europ\u00e9en<\/strong>en garantissant une livraison rapide et fiable. Sans quantit\u00e9 minimale de commande, vous pouvez acheter autant que vous le souhaitez <strong>1 pi\u00e8ce<\/strong> et profitez d'une exp\u00e9rience d'achat sans tracas. Le meilleur de tout, nous garantissons des d\u00e9lais d'exp\u00e9dition rapides de <strong>3-7 jours<\/strong>donc vous pouvez commencer \u00e0 profiter de votre <strong>Solobar Solo 30 000 bouff\u00e9es<\/strong> tout de suite.<\/p>\n<p><strong>Pr\u00eat \u00e0 passer votre exp\u00e9rience de vapotage au niveau sup\u00e9rieur ?<\/strong> Acheter le <strong>Solobar Solo 30 000 bouff\u00e9es<\/strong> Aujourd'hui \u00e0 partir de <a href=\"https:\/\/casinovape.de\/fr\/\"><strong>Casinovape<\/strong><\/a> et d\u00e9couvrez pourquoi nous sommes la destination incontournable pour tous vos besoins en mati\u00e8re de vapotage.<\/p>\n<p><img loading=\"lazy\" decoding=\"async\" class=\"alignnone wp-image-4995 size-full\" src=\"https:\/\/casinovape.de\/wp-content\/uploads\/2024\/12\/solobar-solo-30000.webp\" alt=\"Entrep\u00f4t europ\u00e9en Solobar Solo 30000 bouff\u00e9es Nicotine faible Acheter Vape jetable rechargeable Authentique Original Stylo Vape\" width=\"1024\" height=\"654\" srcset=\"https:\/\/casinovape.de\/wp-content\/uploads\/2024\/12\/solobar-solo-30000.webp 1024w, https:\/\/casinovape.de\/wp-content\/uploads\/2024\/12\/solobar-solo-30000-300x192.webp 300w, https:\/\/casinovape.de\/wp-content\/uploads\/2024\/12\/solobar-solo-30000-768x491.webp 768w, https:\/\/casinovape.de\/wp-content\/uploads\/2024\/12\/solobar-solo-30000-18x12.webp 18w, https:\/\/casinovape.de\/wp-content\/uploads\/2024\/12\/solobar-solo-30000-600x383.webp 600w\" sizes=\"auto, (max-width: 1024px) 100vw, 1024px\" \/><\/p>\n<h3>Conclusion<\/h3>\n<p>Le <strong>Solobar Solo 30 000 bouff\u00e9es<\/strong> La vape jetable est un appareil de pointe qui combine des performances impressionnantes avec une incroyable vari\u00e9t\u00e9 de saveurs. Que vous cherchiez des sessions de vapotage prolong\u00e9es, un design \u00e9l\u00e9gant ou un go\u00fbt exceptionnel, cet appareil coche toutes les cases. Avec des fonctionnalit\u00e9s telles que <strong>contr\u00f4le de flux d'air<\/strong>, <strong>Affichage \u00e0 LED<\/strong>, et un <strong>batterie rechargeable<\/strong>, le <strong>Solobar Solo<\/strong> est id\u00e9al pour quiconque veut le meilleur de la meilleure technologie de vapotage jetable.<\/p>\n<p>Ne tardez pas - commandez le v\u00f4tre aujourd'hui sur <a href=\"https:\/\/casinovape.de\/fr\/\"><strong>Casinovape<\/strong><\/a>, votre source de confiance pour les vapes jetables haut de gamme !<\/p>\n<\/div>\n<\/div>\n<\/div>\n<\/div>\n<\/div>\n<\/div>\n<\/div>\n<\/div>\n<\/article>\n<\/div>\n<\/div>\n<\/div>\n<\/div>\n<\/div>","protected":false},"excerpt":{"rendered":"<div class=\"flex-shrink-0 flex flex-col relative items-end\">\n<div class=\"pt-0\">\n<div class=\"gizmo-shadow-stroke flex h-8 w-8 items-center justify-center overflow-hidden rounded-full\">\n<div class=\"h-full w-full\">\n<div class=\"gizmo-shadow-stroke overflow-hidden rounded-full\">Le<strong> Solobar Solo 30 000 bouff\u00e9es<\/strong> La vape jetable est un dispositif haute performance, rechargeable, offrant 30 000 bouff\u00e9es, un d\u00e9bit d'air ajustable, un \u00e9cran LED vibrant, une lumi\u00e8re ambiante et une bobine \u00e0 double maille pour un vapotage lisse, savoureux et durable, ce qui en fait le choix id\u00e9al pour les d\u00e9butants comme pour les utilisateurs exp\u00e9riment\u00e9s.<\/div>\n<\/div>\n<\/div>\n<\/div>\n<\/div>","protected":false},"featured_media":4993,"comment_status":"open","ping_status":"closed","template":"","meta":[],"product_brand":[],"product_cat":[41,78,79,80,82,86,87,90,94,95,96,98,99,65,66,67,68,69,70,71,72,73,74,75,76,77,57,64,45,48,50,51,52,54],"product_tag":[],"class_list":{"0":"post-5916","1":"product","2":"type-product","3":"status-publish","4":"has-post-thumbnail","6":"product_cat-solobar-disposable-vapes","7":"product_cat-buy-best-disposable-vape-flavors","8":"product_cat-apple-flavor-disposable-vapes","9":"product_cat-blue-razz-flavor-disposable-vapes","10":"product_cat-cherry-flavor-disposable-vapes","11":"product_cat-ice-flavor-disposable-vapes","12":"product_cat-kiwi-flavor-disposable-vapes","13":"product_cat-mango-flavor-disposable-vapes","14":"product_cat-peach-flavor-disposable-vapes","15":"product_cat-pineapple-flavor-disposable-vapes","16":"product_cat-raspberry-flavor-disposable-vapes","17":"product_cat-strawberry-flavor-disposable-vapes","18":"product_cat-watermelon-flavor-disposable-vapes","19":"product_cat-best-disposable-vape-in-europe","20":"product_cat-buy-disposable-vapes-in-austria","21":"product_cat-buy-disposable-vapes-in-belgium","22":"product_cat-buy-disposable-vapes-in-france","23":"product_cat-buy-disposable-vapes-in-germany","24":"product_cat-buy-disposable-vapes-in-italy","25":"product_cat-buy-disposable-vapes-in-netherlands","26":"product_cat-buy-disposable-vapes-in-norway","27":"product_cat-buy-disposable-vapes-in-poland","28":"product_cat-buy-disposable-vapes-in-portugal","29":"product_cat-buy-disposable-vapes-in-spain","30":"product_cat-buy-disposable-vapes-in-sweden","31":"product_cat-buy-disposable-vapes-in-switzerland","32":"product_cat-shop-disposable-vapes-by-puffs","33":"product_cat-30000-puff-disposable-vape","34":"product_cat-disposable-vape-types","35":"product_cat-big-puffs-disposable-vapes","36":"product_cat-digital-box-disposable-vapes","37":"product_cat-dual-mesh-disposable-vapes","38":"product_cat-lower-nicotine-disposable-vapes","39":"product_cat-rechargeable-disposable-vapes","41":"first","42":"outofstock","43":"shipping-taxable","44":"product-type-variable"},"jetpack_sharing_enabled":true,"_links":{"self":[{"href":"https:\/\/casinovape.de\/fr\/wp-json\/wp\/v2\/product\/5916","targetHints":{"allow":["GET"]}}],"collection":[{"href":"https:\/\/casinovape.de\/fr\/wp-json\/wp\/v2\/product"}],"about":[{"href":"https:\/\/casinovape.de\/fr\/wp-json\/wp\/v2\/types\/product"}],"replies":[{"embeddable":true,"href":"https:\/\/casinovape.de\/fr\/wp-json\/wp\/v2\/comments?post=5916"}],"wp:featuredmedia":[{"embeddable":true,"href":"https:\/\/casinovape.de\/fr\/wp-json\/wp\/v2\/media\/4993"}],"wp:attachment":[{"href":"https:\/\/casinovape.de\/fr\/wp-json\/wp\/v2\/media?parent=5916"}],"wp:term":[{"taxonomy":"product_brand","embeddable":true,"href":"https:\/\/casinovape.de\/fr\/wp-json\/wp\/v2\/product_brand?post=5916"},{"taxonomy":"product_cat","embeddable":true,"href":"https:\/\/casinovape.de\/fr\/wp-json\/wp\/v2\/product_cat?post=5916"},{"taxonomy":"product_tag","embeddable":true,"href":"https:\/\/casinovape.de\/fr\/wp-json\/wp\/v2\/product_tag?post=5916"}],"curies":[{"name":"wp","href":"https:\/\/api.w.org\/{rel}","templated":true}]}}