{"id":5886,"date":"2025-01-03T07:55:49","date_gmt":"2025-01-03T07:55:49","guid":{"rendered":"https:\/\/casinovape.de\/?post_type=product&#038;p=5886"},"modified":"2025-06-09T01:02:12","modified_gmt":"2025-06-09T01:02:12","slug":"request-failed-with-status-code-503","status":"publish","type":"product","link":"https:\/\/casinovape.de\/fr\/produit\/request-failed-with-status-code-503\/","title":{"rendered":"Entrep\u00f4t europ\u00e9en Arymi IFun 28000 bouff\u00e9es Faible nicotine Acheter Vape Pen jetable Rechargeable Authentique d'origine"},"content":{"rendered":"<div style=\"width: 848px;\" class=\"wp-video\"><!--[if lt IE 9]><script>document.createElement('video');<\/script><![endif]-->\n<video class=\"wp-video-shortcode\" id=\"video-5886-1\" width=\"848\" height=\"478\" preload=\"metadata\" controls=\"controls\"><source type=\"video\/mp4\" src=\"https:\/\/casinovape.de\/wp-content\/uploads\/2024\/12\/VID-20241031-WA0010.mp4?_=1\" \/><a href=\"https:\/\/casinovape.de\/wp-content\/uploads\/2024\/12\/VID-20241031-WA0010.mp4\">https:\/\/casinovape.de\/wp-content\/uploads\/2024\/12\/VID-20241031-WA0010.mp4<\/a><\/video><\/div>\n<h2><strong><a href=\"https:\/\/casinovape.de\/fr\/categorie-de-produit\/vapes-jetables-arymi-hookalit\/\">Arymi<\/a> IFun 28000 Puffs Vape Jetable \u2013 L'Exp\u00e9rience de Vape Ultime pour les Enthusiastes<\/strong><\/h2>\n<p>Si vous recherchez un vapote jetable performant, pratique et durable, le <strong>Arymi 28000 Puff Vape Jetable<\/strong> est un choix parfait. Con\u00e7u pour les vapoteurs qui appr\u00e9cient la qualit\u00e9, la vari\u00e9t\u00e9 et la facilit\u00e9 d'utilisation, cet appareil de pointe offre une combinaison unique de satisfaction durable, de saveur premium et de conception conviviale. Que vous soyez un vapoteur exp\u00e9riment\u00e9 ou un nouveau venu, l'Arymi 28000 Puff am\u00e9liorera votre exp\u00e9rience de vapotage.<\/p>\n<h3><strong>Principales Caract\u00e9ristiques de l'Arymi 28000 Puff Vape Jetable<\/strong><\/h3>\n<p>L'Arymi 28000 Puff se d\u00e9marque sur le march\u00e9 encombr\u00e9 des vapes jetables avec ses fonctionnalit\u00e9s impressionnantes, qui offrent des performances et une commodit\u00e9 in\u00e9gal\u00e9es. Voici pourquoi il devrait \u00eatre votre prochain choix :<\/p>\n<ul>\n<li><strong>Nombre de bouff\u00e9es massives<\/strong>Avec une incroyable 28 000 bouff\u00e9es, l'Arymi 28000 Puff fait partie des vapes jetables les plus durables disponibles. Pour les vapoteurs intensifs, cela signifie moins de remplacements et plus de temps pour profiter de votre vape.<\/li>\n<li><strong>Conception \u00e0 double chambre<\/strong>: Contrairement aux vapes jetables mono-ar\u00f4me typiques, cet appareil dispose d'une <strong>\u00e0 double chambre<\/strong> conception, vous permettant de profiter de deux saveurs diff\u00e9rentes dans un stylo vape pratique. Chaque chambre contient <strong>14mL d'e-liquide premium<\/strong>offrant une exp\u00e9rience de vapotage diversifi\u00e9e sans avoir besoin de changer de dispositif.<\/li>\n<li><strong>Longue Dur\u00e9e de Vie de la Batterie avec Charge Rapide<\/strong>: Aliment\u00e9 par un <strong>Batterie 600mAh<\/strong>cette vape jetable est con\u00e7ue pour assurer une utilisation durable. Il prend \u00e9galement en charge <strong>Charge rapide Type-C<\/strong>ce qui signifie que vous pouvez recharger l'appareil rapidement et reprendre la vapeur en un rien de temps.<\/li>\n<li><strong>Vapeur Lisse et Parfum\u00e9e<\/strong>: L'Arymi 28000 Puff utilise un <strong>Bobine double maille 1,0\u03a9<\/strong> pour fournir une vapeur lisse et une livraison de saveur exceptionnelle. Que vous soyez un fan de saveurs fruit\u00e9es, menthol\u00e9es ou inspir\u00e9es des desserts, cet appareil garantit une exp\u00e9rience de vapotage inoubliable \u00e0 chaque bouff\u00e9e.<\/li>\n<li><strong>Conception conviviale<\/strong>: Compact et portable, l'Arymi 28000 Puff est con\u00e7u pour un maximum de commodit\u00e9. Il suffit d'ouvrir l'appareil, et vous \u00eates pr\u00eat \u00e0 vapoter - pas de recharge, pas de boutons, pas de tracas. Il est parfait pour les d\u00e9butants et les vapoteurs exp\u00e9riment\u00e9s \u00e0 la recherche de simplicit\u00e9 et de performances.<\/li>\n<li><strong>Portabilit\u00e9 et commodit\u00e9<\/strong>La taille compacte le rend facile \u00e0 transporter et \u00e0 utiliser partout. Que vous soyez chez vous, au travail ou en d\u00e9placement, ce vape offre l'\u00e9quilibre parfait entre portabilit\u00e9 et satisfaction durable.<\/li>\n<li><strong>Construction de qualit\u00e9<\/strong>Con\u00e7u pour durer, l'Arymi 28000 Puff garantit que chaque bouff\u00e9e est lisse, constante et satisfaisante, du d\u00e9but \u00e0 la fin.<\/li>\n<\/ul>\n<p><img loading=\"lazy\" decoding=\"async\" class=\"alignnone wp-image-4751 size-full\" src=\"https:\/\/casinovape.de\/wp-content\/uploads\/2024\/12\/arymi-hookalit.webp\" alt=\"Entrep\u00f4t europ\u00e9en Arymi IFun 28000 bouff\u00e9es Faible nicotine Acheter Vape Pen jetable Rechargeable Authentique d&#039;origine \" width=\"904\" height=\"1280\" srcset=\"https:\/\/casinovape.de\/wp-content\/uploads\/2024\/12\/arymi-hookalit.webp 904w, https:\/\/casinovape.de\/wp-content\/uploads\/2024\/12\/arymi-hookalit-212x300.webp 212w, https:\/\/casinovape.de\/wp-content\/uploads\/2024\/12\/arymi-hookalit-723x1024.webp 723w, https:\/\/casinovape.de\/wp-content\/uploads\/2024\/12\/arymi-hookalit-768x1087.webp 768w, https:\/\/casinovape.de\/wp-content\/uploads\/2024\/12\/arymi-hookalit-8x12.webp 8w, https:\/\/casinovape.de\/wp-content\/uploads\/2024\/12\/arymi-hookalit-600x850.webp 600w\" sizes=\"auto, (max-width: 904px) 100vw, 904px\" \/><\/p>\n<div class=\"flex-1 overflow-hidden\">\n<div class=\"h-full\">\n<div class=\"react-scroll-to-bottom--css-tvqiq-79elbk h-full\">\n<div class=\"react-scroll-to-bottom--css-tvqiq-1n7m0yu\">\n<div class=\"flex flex-col text-sm md:pb-9\">\n<article class=\"w-full scroll-mb-[var(--thread-trailing-height,150px)] text-token-text-primary focus-visible:outline-2 focus-visible:outline-offset-[-4px]\" dir=\"auto\" data-testid=\"conversation-turn-3\" data-scroll-anchor=\"true\">\n<div class=\"m-auto text-base py-[18px] px-3 md:px-4 w-full md:px-5 lg:px-4 xl:px-5\">\n<div class=\"mx-auto flex flex-1 gap-4 text-base md:gap-5 lg:gap-6 md:max-w-3xl lg:max-w-[40rem] xl:max-w-[48rem]\">\n<div class=\"group\/conversation-turn relative flex w-full min-w-0 flex-col agent-turn\">\n<div class=\"flex-col gap-1 md:gap-3\">\n<div class=\"flex max-w-full flex-col flex-grow\">\n<div class=\"min-h-8 text-message flex w-full flex-col items-end gap-2 whitespace-normal break-words text-start [.text-message+&amp;]:mt-5\" dir=\"auto\" data-message-author-role=\"assistant\" data-message-id=\"cdf5512d-c0c6-4f44-96ce-7794adb624d6\" data-message-model-slug=\"gpt-4o\">\n<div class=\"flex w-full flex-col gap-1 empty:hidden first:pt-[3px]\">\n<div class=\"markdown prose w-full break-words dark:prose-invert light\">\n<h3><strong>Saveurs de <a href=\"https:\/\/casinovape.de\/fr\/categorie-de-produit\/vapes-jetables-arymi-hookalit\/\">Arymi 28000 Puff<\/a> Cigarette \u00e9lectronique jetable<\/strong><\/h3>\n<p>L'une des caract\u00e9ristiques remarquables de l'Arymi 28000 Puff est sa <strong>large choix de saveurs<\/strong>Chaque saveur a \u00e9t\u00e9 soigneusement \u00e9labor\u00e9e pour offrir une exp\u00e9rience distinctive et agr\u00e9able, garantissant qu'il y ait quelque chose pour tous les go\u00fbts. Que vous soyez amateur de m\u00e9langes de fruits tropicaux, de d\u00e9lices menthol\u00e9s ou de saveurs inspir\u00e9es des desserts, Arymi a tout ce qu'il vous faut.<\/p>\n<p>Voici les saveurs exceptionnelles disponibles pour le <strong>Arymi 28000 Puff Vape Jetable<\/strong>:<\/p>\n<ul>\n<li><strong>Kiwi Passionfruit Guava Ice \n becomes \n Glacier aux kiwis, fruits de la passion et goyave<\/strong>Ce go\u00fbt est un paradis tropical \u00e0 chaque bouff\u00e9e. Le <strong>kiwi juteux<\/strong>, <strong>passion fruit exotique<\/strong>, et <strong>Goyave sucr\u00e9e<\/strong> se fond parfaitement, et le kick glacial de menthol ajoute une touche rafra\u00eechissante. Id\u00e9al pour ceux qui aiment les saveurs fruit\u00e9es avec un extra frais.<\/li>\n<li><strong>P\u00eache Glac\u00e9e &amp; Past\u00e8que aux Fraises<\/strong>Une combinaison rafra\u00eechissante et sucr\u00e9e de fruits m\u00fbrs <strong>les p\u00eaches<\/strong>, <strong>fraises<\/strong>, et <strong>past\u00e8que<\/strong>, le tout couronn\u00e9 d'une fra\u00eeche rafale de menthol. Parfait pour les amateurs de vape fruit\u00e9es qui appr\u00e9cient un peu de fra\u00eecheur glac\u00e9e.<\/li>\n<li><strong>Bubble Fizz Cherry &amp; Blue Razz Lemonade \n devient \n\n Bulles Fizz Cerise &amp; Citronnade Bleu Razz<\/strong>Une combinaison amusante et p\u00e9tillante de <strong>cerises sucr\u00e9es<\/strong>, <strong>framboises bleues<\/strong>, et <strong>limonade piquante<\/strong>Le go\u00fbt l\u00e9g\u00e8rement acide avec une finition de chewing-gum fera que vous vous sentirez comme si vous sirotait une soda p\u00e9tillante un jour d'\u00e9t\u00e9 chaud.<\/li>\n<li><strong>M\u00e9lange de baies &amp; Rhum Pina Colada<\/strong>Pour ceux qui aiment une saveur tropicale, ce m\u00e9lange de <strong>baies m\u00e9lang\u00e9es<\/strong> et cr\u00e9meux <strong>pina colada<\/strong> Avec une pointe de rhum, c'est le choix id\u00e9al. C'est sucr\u00e9, cr\u00e9meux et indulgent - une v\u00e9ritable \u00e9chappatoire tropicale \u00e0 chaque bouff\u00e9e.<\/li>\n<li><strong>Gomme Citron Citron Vert &amp; Bleu Razz<\/strong>La combinaison piquante de <strong>citron<\/strong> et <strong>citron vert<\/strong> avec la douceur sucr\u00e9e et moelleuse de <strong>Bonbon g\u00e9lifi\u00e9 \u00e0 la framboise bleue<\/strong> offre une saveur sucr\u00e9e et acidul\u00e9e \u00e0 la fois satisfaisante et nostalgique pour les amateurs de bonbons.<\/li>\n<li><strong>Framboise Raisin &amp; Fraise Dragon Fruit<\/strong>Un m\u00e9lange juteux de <strong>framboises<\/strong>, <strong>raisins<\/strong>, et exotique <strong>pitaya<\/strong> offre une combinaison audacieuse et savoureuse \u00e0 la fois rafra\u00eechissante et complexe, id\u00e9ale pour tous ceux qui aiment un m\u00e9lange de fruits excitant.<\/li>\n<li><strong>Mojito aux bleuets et framboises<\/strong>Un m\u00e9lange rafra\u00eechissant de <strong>myrtilles<\/strong> et <strong>framboises<\/strong>parfaitement compl\u00e9t\u00e9 par la fra\u00eecheur rafra\u00eechissante de <strong>mojito \u00e0 la menthe<\/strong>Cette saveur procure une sensation fra\u00eeche, sucr\u00e9e et menthol\u00e9e, id\u00e9ale pour ceux qui aiment une vapeur croquante et rafra\u00eechissante.<\/li>\n<li><strong>Double Pomme &amp; Bleuets Cerise Canneberge<\/strong>Ce profil de saveur sophistiqu\u00e9 combine <strong>pommes sucr\u00e9es<\/strong>, <strong>cranberries aigres<\/strong>et une rafale de <strong>myrtilles<\/strong> et <strong>cerises<\/strong>L'\u00e9quilibre entre la douceur et l'acidit\u00e9 en fait un choix parfait pour les amateurs de fruits.<\/li>\n<li><strong>Pomme Rouge Glace &amp; Vimto Crush<\/strong>Un m\u00e9lange croustillant et fruit\u00e9 de <strong>pommes rouges<\/strong> et l'embl\u00e9matique <strong>Vimto m\u00e9lange de fruits<\/strong>, termin\u00e9 par une sensation glac\u00e9e. La combinaison de douceur fruit\u00e9e et de menthol le rend id\u00e9al pour ceux qui aiment les vapeurs fruit\u00e9es et rafra\u00eechissantes.<\/li>\n<li><strong>Coca \u00e0 la cerise et glace \u00e0 la fraise<\/strong>Une saveur nostalgique qui r\u00e9unit le go\u00fbt sucr\u00e9 et p\u00e9tillant de <strong>cola \u00e0 la cerise<\/strong> et l'essence cr\u00e9meuse et lisse de <strong>cr\u00e8me glac\u00e9e \u00e0 la fraise<\/strong>C'est le traitement parfait pour ceux qui aiment une exp\u00e9rience de vapotage sucr\u00e9e et rafra\u00eechissante.<\/li>\n<li><strong>Rainbow Candy &amp; Energy Drink \n devient \nCandy Arc-en-ciel &amp; Boisson \u00e9nergisante<\/strong>: Un m\u00e9lange de saveurs vibrant et sucr\u00e9 de <strong>bonbons arc-en-ciel<\/strong> avec un effet dynamisant <strong>boisson \u00e9nergisante<\/strong> kick. Cette vape rafra\u00eechissante et l\u00e9g\u00e8rement acidul\u00e9e est parfaite pour ceux qui cherchent une explosion de douceur et d'\u00e9nergie.<\/li>\n<li><strong>Shake \u00e0 la menthe glac\u00e9e et au lait de banane<\/strong>Un m\u00e9lange lisse et cr\u00e9meux de <strong>shak\u00e9 de banane au lait<\/strong> et <strong>menthe<\/strong>Le menthol frais ajoute une touche rafra\u00eechissante \u00e0 la riche saveur cr\u00e9meuse de banane, en faisant la vape id\u00e9ale pour dessert pour ceux qui appr\u00e9cient une exp\u00e9rience fra\u00eeche et cr\u00e9meuse.<\/li>\n<\/ul>\n<h3><strong>Pourquoi choisir le <a href=\"https:\/\/casinovape.de\/fr\/categorie-de-produit\/vapes-jetables-arymi-hookalit\/\">Arymi 28000 Puff<\/a> Vape jetable<\/strong><\/h3>\n<p>Le <strong>Arymi 28000 Puff Vape Jetable<\/strong> n'est pas juste un autre stylo vape. Il est con\u00e7u pour offrir une exp\u00e9rience de vapotage extraordinaire et durable avec une combinaison de fonctionnalit\u00e9s puissantes et une s\u00e9lection diversifi\u00e9e de saveurs. Voici quelques raisons pour lesquelles vous devriez envisager de le choisir :<\/p>\n<ul>\n<li><strong>28 000 bouff\u00e9es<\/strong>Adieu aux remplacements fr\u00e9quents. Avec <strong>28 000 bouff\u00e9es<\/strong>Ce dispositif vous assure une satisfaction durable, ce qui en fait une excellente valeur pour ceux qui vapotent r\u00e9guli\u00e8rement.<\/li>\n<li><strong>Convenance \u00e0 double chambre<\/strong>: Le <strong>conception \u00e0 double chambre<\/strong> vous permet de profiter de deux saveurs diff\u00e9rentes dans un seul appareil. Cette fonctionnalit\u00e9 unique vous offre plus de vari\u00e9t\u00e9 sans avoir besoin de transporter plusieurs vapes.<\/li>\n<li><strong>Exp\u00e9rience de saveur premium<\/strong>: Gr\u00e2ce \u00e0 <strong>bobine double maille<\/strong>le Arymi 28000 Puff fournit <strong>vapeur lisse<\/strong> et une livraison de saveur intense avec chaque bouff\u00e9e. Que vous soyez d'humeur \u00e0 des saveurs fruit\u00e9es, menthol\u00e9es ou inspir\u00e9es des desserts, vous exp\u00e9rimenterez la qualit\u00e9 \u00e0 chaque vape.<\/li>\n<li><strong>Convivial et Portable<\/strong>: Compact, pratique et facile \u00e0 utiliser, cette vape est parfaite autant pour les nouveaux venus que pour les vapoteurs exp\u00e9riment\u00e9s. Pas de recharge, pas de boutons, pas de tracas - juste un plaisir de vapoter simple et direct.<\/li>\n<li><strong>Charge rapide<\/strong>Avec <strong>Charge rapide Type-C<\/strong>Vous pouvez rapidement recharger l'appareil, vous assurant d'\u00eatre toujours pr\u00eat \u00e0 profiter de votre vape.<\/li>\n<li><strong>Construction de haute qualit\u00e9<\/strong>Con\u00e7u pour une durabilit\u00e9, l'Arymi 28000 Puff offre <strong>performances fiables<\/strong> De d\u00e9but \u00e0 fin, vous donnant confiance \u00e0 chaque bouff\u00e9e.<\/li>\n<\/ul>\n<h3><strong>Pourquoi acheter des vapes jetables Arymi 28000 Puffs chez <a href=\"https:\/\/casinovape.de\/fr\/\">Casinovape.de<\/a>?<\/strong><\/h3>\n<p>\u00c0 <strong>Casinovape.de<\/strong>, nous sommes les <strong>plus grand d\u00e9taillant en ligne de cigarettes \u00e9lectroniques jetables en Allemagne<\/strong>, offrant une large s\u00e9lection de vapes jetables de haute qualit\u00e9, y compris le <strong>Arymi 28000 Puff<\/strong>Nous offrons une exp\u00e9rience d'achat facile et s\u00e9curis\u00e9e, garantissant une livraison rapide et un excellent service client. Que vous achetiez une seule unit\u00e9 ou passiez une commande en gros, nous sommes l\u00e0 pour vous.<\/p>\n<p>Notre engagement envers la qualit\u00e9, des prix comp\u00e9titifs et la satisfaction du client nous a rendus la destination de r\u00e9f\u00e9rence pour <strong>Cigarette \u00e9lectronique jetable<\/strong> Les amateurs en Allemagne. Visitez <strong>Casinovape.de<\/strong> Aujourd'hui et vivre l'exp\u00e9rience ultime <strong>acheter un vaporisateur<\/strong> Parcours avec Arymi 28000 Puff et d'autres vapes jetables de haut niveau.<\/p>\n<h3><strong>Conclusion<\/strong><\/h3>\n<p>Le <strong>Arymi 28000 Puff Vape Jetable<\/strong> est un dispositif extraordinaire qui d\u00e9livre un <strong>durable \nde longue dur\u00e9e<\/strong>exp\u00e9rience de vapotage savoureuse. Avec ses <strong>conception \u00e0 double chambre<\/strong>, un nombre massif de bouff\u00e9es et des saveurs premium, c'est le choix id\u00e9al pour ceux qui recherchent la commodit\u00e9, la performance et la vari\u00e9t\u00e9 dans une vape jetable. Disponible exclusivement chez <a href=\"https:\/\/casinovape.de\/fr\/\"><strong>Casinovape.de<\/strong><\/a>Assurez-vous de d\u00e9couvrir la diff\u00e9rence et d'am\u00e9liorer votre exp\u00e9rience de vapotage d\u00e8s aujourd'hui<\/p>\n<\/div>\n<\/div>\n<\/div>\n<\/div>\n<\/div>\n<\/div>\n<\/div>\n<\/div>\n<\/article>\n<\/div>\n<\/div>\n<\/div>\n<\/div>\n<\/div>","protected":false},"excerpt":{"rendered":"<p>Le Arymi IFun 28000 Puffs Disposable Vape est une puissante vape jetable avec un incroyable nombre de 28 000 bouff\u00e9es, une conception \u00e0 double chambre pour deux saveurs, <strong>Type-C rapide<\/strong> chargement, et une exp\u00e9rience de vapotage savoureuse et durable qui ravira autant les d\u00e9butants que les vapoteurs exp\u00e9riment\u00e9s.<\/p>","protected":false},"featured_media":4738,"comment_status":"open","ping_status":"closed","template":"","meta":[],"product_brand":[],"product_cat":[38,78,79,80,81,82,83,84,85,86,87,88,89,91,92,93,94,96,98,99,65,66,67,68,69,70,71,72,73,74,75,76,77,57,101,45,48,46,51,52,54],"product_tag":[],"class_list":{"0":"post-5886","1":"product","2":"type-product","3":"status-publish","4":"has-post-thumbnail","6":"product_cat-arymi-hookalit-disposable-vapes","7":"product_cat-buy-best-disposable-vape-flavors","8":"product_cat-apple-flavor-disposable-vapes","9":"product_cat-blue-razz-flavor-disposable-vapes","10":"product_cat-blueberry-flavor-disposable-vapes","11":"product_cat-cherry-flavor-disposable-vapes","12":"product_cat-cola-flavor-disposable-vapes","13":"product_cat-grape-flavor-disposable-vapes","14":"product_cat-guava-flavor-disposable-vapes","15":"product_cat-ice-flavor-disposable-vapes","16":"product_cat-kiwi-flavor-disposable-vapes","17":"product_cat-lemon-flavor-disposable-vapes","18":"product_cat-lush-flavor-disposable-vapes","19":"product_cat-mint-flavor-disposable-vapes","20":"product_cat-mixed-berries-flavor-disposable-vapes","21":"product_cat-passion-fruit-flavor-disposable-vapes","22":"product_cat-peach-flavor-disposable-vapes","23":"product_cat-raspberry-flavor-disposable-vapes","24":"product_cat-strawberry-flavor-disposable-vapes","25":"product_cat-watermelon-flavor-disposable-vapes","26":"product_cat-best-disposable-vape-in-europe","27":"product_cat-buy-disposable-vapes-in-austria","28":"product_cat-buy-disposable-vapes-in-belgium","29":"product_cat-buy-disposable-vapes-in-france","30":"product_cat-buy-disposable-vapes-in-germany","31":"product_cat-buy-disposable-vapes-in-italy","32":"product_cat-buy-disposable-vapes-in-netherlands","33":"product_cat-buy-disposable-vapes-in-norway","34":"product_cat-buy-disposable-vapes-in-poland","35":"product_cat-buy-disposable-vapes-in-portugal","36":"product_cat-buy-disposable-vapes-in-spain","37":"product_cat-buy-disposable-vapes-in-sweden","38":"product_cat-buy-disposable-vapes-in-switzerland","39":"product_cat-shop-disposable-vapes-by-puffs","40":"product_cat-25000-puff-disposable-vape","41":"product_cat-disposable-vape-types","42":"product_cat-big-puffs-disposable-vapes","43":"product_cat-dual-flavor-disposable-vapes","44":"product_cat-dual-mesh-disposable-vapes","45":"product_cat-lower-nicotine-disposable-vapes","46":"product_cat-rechargeable-disposable-vapes","48":"first","49":"outofstock","50":"shipping-taxable","51":"product-type-variable"},"jetpack_sharing_enabled":true,"_links":{"self":[{"href":"https:\/\/casinovape.de\/fr\/wp-json\/wp\/v2\/product\/5886","targetHints":{"allow":["GET"]}}],"collection":[{"href":"https:\/\/casinovape.de\/fr\/wp-json\/wp\/v2\/product"}],"about":[{"href":"https:\/\/casinovape.de\/fr\/wp-json\/wp\/v2\/types\/product"}],"replies":[{"embeddable":true,"href":"https:\/\/casinovape.de\/fr\/wp-json\/wp\/v2\/comments?post=5886"}],"wp:featuredmedia":[{"embeddable":true,"href":"https:\/\/casinovape.de\/fr\/wp-json\/wp\/v2\/media\/4738"}],"wp:attachment":[{"href":"https:\/\/casinovape.de\/fr\/wp-json\/wp\/v2\/media?parent=5886"}],"wp:term":[{"taxonomy":"product_brand","embeddable":true,"href":"https:\/\/casinovape.de\/fr\/wp-json\/wp\/v2\/product_brand?post=5886"},{"taxonomy":"product_cat","embeddable":true,"href":"https:\/\/casinovape.de\/fr\/wp-json\/wp\/v2\/product_cat?post=5886"},{"taxonomy":"product_tag","embeddable":true,"href":"https:\/\/casinovape.de\/fr\/wp-json\/wp\/v2\/product_tag?post=5886"}],"curies":[{"name":"wp","href":"https:\/\/api.w.org\/{rel}","templated":true}]}}